{"id":4313,"date":"2025-12-25T13:51:10","date_gmt":"2025-12-25T13:51:10","guid":{"rendered":"https:\/\/www.christiegrey.com\/product\/supports-de-tourelle-en-caoutchouc\/"},"modified":"2025-12-25T13:51:10","modified_gmt":"2025-12-25T13:51:10","slug":"supports-de-tourelle-en-caoutchouc","status":"publish","type":"product","link":"https:\/\/www.christiegrey.com\/fr\/produit\/supports-de-tourelle-en-caoutchouc\/","title":{"rendered":"Supports de tourelle en caoutchouc"},"content":{"rendered":"<p>Les montages de tourelle en caoutchouc de type RM sont con\u00e7us pour offrir une att\u00e9nuation sup\u00e9rieure des vibrations et bruits de fr\u00e9quence moyenne \u00e0 \u00e9lev\u00e9e provenant d\u2019une large gamme de machines entra\u00een\u00e9es par moteurs, en particulier les ventilateurs axiaux et centrifuges.<\/p>\n<p>Caoutchouc \u00e0 haute r\u00e9silience avec un faible rapport de rigidit\u00e9 dynamique\/statique garantit une efficacit\u00e9 maximale, de bonnes performances de fluage et une longue dur\u00e9e de service.<\/p>\n","protected":false},"excerpt":{"rendered":"<p>Type RM<\/p>\n","protected":false},"featured_media":1038,"comment_status":"open","ping_status":"closed","template":"","meta":{"_acf_changed":false},"product_brand":[],"product_cat":[116,136,107,119],"product_tag":[],"class_list":{"0":"post-4313","1":"product","2":"type-product","3":"status-publish","4":"has-post-thumbnail","6":"product_cat-planchers-flottants","7":"product_cat-production-delectricite","8":"product_cat-solutions-de-construction","9":"product_cat-solutions-industrielles","11":"first","12":"instock","13":"shipping-taxable","14":"purchasable","15":"product-type-simple"},"acf":[],"yoast_head":"<!-- This site is optimized with the Yoast SEO plugin v27.0 - https:\/\/yoast.com\/product\/yoast-seo-wordpress\/ -->\n<title>Montures de tourelle en caoutchouc RM pour le contr\u00f4le des vibrations<\/title>\n<meta name=\"description\" content=\"Les supports de tourelle en caoutchouc RM r\u00e9duisent les vibrations et le bruit de fr\u00e9quence moyenne \u00e0 \u00e9lev\u00e9e des machines motoris\u00e9es, offrant durabilit\u00e9 et longue dur\u00e9e de service.\" \/>\n<meta name=\"robots\" content=\"index, follow, max-snippet:-1, max-image-preview:large, max-video-preview:-1\" \/>\n<link rel=\"canonical\" href=\"https:\/\/www.christiegrey.com\/fr\/produit\/supports-de-tourelle-en-caoutchouc\/\" \/>\n<meta property=\"og:locale\" content=\"fr_FR\" \/>\n<meta property=\"og:type\" content=\"article\" \/>\n<meta property=\"og:title\" content=\"Montures de tourelle en caoutchouc RM pour le contr\u00f4le des vibrations\" \/>\n<meta property=\"og:description\" content=\"Les supports de tourelle en caoutchouc RM r\u00e9duisent les vibrations et le bruit de fr\u00e9quence moyenne \u00e0 \u00e9lev\u00e9e des machines motoris\u00e9es, offrant durabilit\u00e9 et longue dur\u00e9e de service.\" \/>\n<meta property=\"og:url\" content=\"https:\/\/www.christiegrey.com\/fr\/produit\/supports-de-tourelle-en-caoutchouc\/\" \/>\n<meta property=\"article:publisher\" content=\"https:\/\/www.facebook.com\/christieandgreylimited\" \/>\n<meta property=\"og:image\" content=\"https:\/\/www.christiegrey.com\/wp-content\/uploads\/2025\/12\/turret_group.png\" \/>\n\t<meta property=\"og:image:width\" content=\"625\" \/>\n\t<meta property=\"og:image:height\" content=\"625\" \/>\n\t<meta property=\"og:image:type\" content=\"image\/png\" \/>\n<meta name=\"twitter:card\" content=\"summary_large_image\" \/>\n<meta name=\"twitter:site\" content=\"@christiegreyltd\" \/>\n<script type=\"application\/ld+json\" class=\"yoast-schema-graph\">{\"@context\":\"https:\/\/schema.org\",\"@graph\":[{\"@type\":\"WebPage\",\"@id\":\"https:\/\/www.christiegrey.com\/fr\/produit\/supports-de-tourelle-en-caoutchouc\/\",\"url\":\"https:\/\/www.christiegrey.com\/fr\/produit\/supports-de-tourelle-en-caoutchouc\/\",\"name\":\"Montures de tourelle en caoutchouc RM pour le contr\u00f4le des vibrations\",\"isPartOf\":{\"@id\":\"https:\/\/www.christiegrey.com\/#website\"},\"primaryImageOfPage\":{\"@id\":\"https:\/\/www.christiegrey.com\/fr\/produit\/supports-de-tourelle-en-caoutchouc\/#primaryimage\"},\"image\":{\"@id\":\"https:\/\/www.christiegrey.com\/fr\/produit\/supports-de-tourelle-en-caoutchouc\/#primaryimage\"},\"thumbnailUrl\":\"https:\/\/www.christiegrey.com\/wp-content\/uploads\/2025\/12\/turret_group.png\",\"datePublished\":\"2025-12-25T13:51:10+00:00\",\"description\":\"Les supports de tourelle en caoutchouc RM r\u00e9duisent les vibrations et le bruit de fr\u00e9quence moyenne \u00e0 \u00e9lev\u00e9e des machines motoris\u00e9es, offrant durabilit\u00e9 et longue dur\u00e9e de service.\",\"breadcrumb\":{\"@id\":\"https:\/\/www.christiegrey.com\/fr\/produit\/supports-de-tourelle-en-caoutchouc\/#breadcrumb\"},\"inLanguage\":\"fr-FR\",\"potentialAction\":[{\"@type\":\"ReadAction\",\"target\":[\"https:\/\/www.christiegrey.com\/fr\/produit\/supports-de-tourelle-en-caoutchouc\/\"]}]},{\"@type\":\"ImageObject\",\"inLanguage\":\"fr-FR\",\"@id\":\"https:\/\/www.christiegrey.com\/fr\/produit\/supports-de-tourelle-en-caoutchouc\/#primaryimage\",\"url\":\"https:\/\/www.christiegrey.com\/wp-content\/uploads\/2025\/12\/turret_group.png\",\"contentUrl\":\"https:\/\/www.christiegrey.com\/wp-content\/uploads\/2025\/12\/turret_group.png\",\"width\":625,\"height\":625,\"caption\":\"Rubber Turret Mountings\"},{\"@type\":\"BreadcrumbList\",\"@id\":\"https:\/\/www.christiegrey.com\/fr\/produit\/supports-de-tourelle-en-caoutchouc\/#breadcrumb\",\"itemListElement\":[{\"@type\":\"ListItem\",\"position\":1,\"name\":\"Accueil\",\"item\":\"https:\/\/www.christiegrey.com\/\"},{\"@type\":\"ListItem\",\"position\":2,\"name\":\"Nos produits\",\"item\":\"https:\/\/www.christiegrey.com\/fr\/boutique\/\"},{\"@type\":\"ListItem\",\"position\":3,\"name\":\"Supports de tourelle en caoutchouc\"}]},{\"@type\":\"WebSite\",\"@id\":\"https:\/\/www.christiegrey.com\/#website\",\"url\":\"https:\/\/www.christiegrey.com\/\",\"name\":\"Christie & Grey\",\"description\":\"\",\"publisher\":{\"@id\":\"https:\/\/www.christiegrey.com\/#organization\"},\"potentialAction\":[{\"@type\":\"SearchAction\",\"target\":{\"@type\":\"EntryPoint\",\"urlTemplate\":\"https:\/\/www.christiegrey.com\/?s={search_term_string}\"},\"query-input\":{\"@type\":\"PropertyValueSpecification\",\"valueRequired\":true,\"valueName\":\"search_term_string\"}}],\"inLanguage\":\"fr-FR\"},{\"@type\":\"Organization\",\"@id\":\"https:\/\/www.christiegrey.com\/#organization\",\"name\":\"Christie & Grey\",\"url\":\"https:\/\/www.christiegrey.com\/\",\"logo\":{\"@type\":\"ImageObject\",\"inLanguage\":\"fr-FR\",\"@id\":\"https:\/\/www.christiegrey.com\/#\/schema\/logo\/image\/\",\"url\":\"https:\/\/www.christiegrey.com\/wp-content\/uploads\/2026\/02\/cropped-logo-scaled-1.png\",\"contentUrl\":\"https:\/\/www.christiegrey.com\/wp-content\/uploads\/2026\/02\/cropped-logo-scaled-1.png\",\"width\":250,\"height\":90,\"caption\":\"Christie & Grey\"},\"image\":{\"@id\":\"https:\/\/www.christiegrey.com\/#\/schema\/logo\/image\/\"},\"sameAs\":[\"https:\/\/www.facebook.com\/christieandgreylimited\",\"https:\/\/x.com\/christiegreyltd\"]}]}<\/script>\n<!-- \/ Yoast SEO plugin. -->","yoast_head_json":{"title":"Montures de tourelle en caoutchouc RM pour le contr\u00f4le des vibrations","description":"Les supports de tourelle en caoutchouc RM r\u00e9duisent les vibrations et le bruit de fr\u00e9quence moyenne \u00e0 \u00e9lev\u00e9e des machines motoris\u00e9es, offrant durabilit\u00e9 et longue dur\u00e9e de service.","robots":{"index":"index","follow":"follow","max-snippet":"max-snippet:-1","max-image-preview":"max-image-preview:large","max-video-preview":"max-video-preview:-1"},"canonical":"https:\/\/www.christiegrey.com\/fr\/produit\/supports-de-tourelle-en-caoutchouc\/","og_locale":"fr_FR","og_type":"article","og_title":"Montures de tourelle en caoutchouc RM pour le contr\u00f4le des vibrations","og_description":"Les supports de tourelle en caoutchouc RM r\u00e9duisent les vibrations et le bruit de fr\u00e9quence moyenne \u00e0 \u00e9lev\u00e9e des machines motoris\u00e9es, offrant durabilit\u00e9 et longue dur\u00e9e de service.","og_url":"https:\/\/www.christiegrey.com\/fr\/produit\/supports-de-tourelle-en-caoutchouc\/","article_publisher":"https:\/\/www.facebook.com\/christieandgreylimited","og_image":[{"width":625,"height":625,"url":"https:\/\/www.christiegrey.com\/wp-content\/uploads\/2025\/12\/turret_group.png","type":"image\/png"}],"twitter_card":"summary_large_image","twitter_site":"@christiegreyltd","schema":{"@context":"https:\/\/schema.org","@graph":[{"@type":"WebPage","@id":"https:\/\/www.christiegrey.com\/fr\/produit\/supports-de-tourelle-en-caoutchouc\/","url":"https:\/\/www.christiegrey.com\/fr\/produit\/supports-de-tourelle-en-caoutchouc\/","name":"Montures de tourelle en caoutchouc RM pour le contr\u00f4le des vibrations","isPartOf":{"@id":"https:\/\/www.christiegrey.com\/#website"},"primaryImageOfPage":{"@id":"https:\/\/www.christiegrey.com\/fr\/produit\/supports-de-tourelle-en-caoutchouc\/#primaryimage"},"image":{"@id":"https:\/\/www.christiegrey.com\/fr\/produit\/supports-de-tourelle-en-caoutchouc\/#primaryimage"},"thumbnailUrl":"https:\/\/www.christiegrey.com\/wp-content\/uploads\/2025\/12\/turret_group.png","datePublished":"2025-12-25T13:51:10+00:00","description":"Les supports de tourelle en caoutchouc RM r\u00e9duisent les vibrations et le bruit de fr\u00e9quence moyenne \u00e0 \u00e9lev\u00e9e des machines motoris\u00e9es, offrant durabilit\u00e9 et longue dur\u00e9e de service.","breadcrumb":{"@id":"https:\/\/www.christiegrey.com\/fr\/produit\/supports-de-tourelle-en-caoutchouc\/#breadcrumb"},"inLanguage":"fr-FR","potentialAction":[{"@type":"ReadAction","target":["https:\/\/www.christiegrey.com\/fr\/produit\/supports-de-tourelle-en-caoutchouc\/"]}]},{"@type":"ImageObject","inLanguage":"fr-FR","@id":"https:\/\/www.christiegrey.com\/fr\/produit\/supports-de-tourelle-en-caoutchouc\/#primaryimage","url":"https:\/\/www.christiegrey.com\/wp-content\/uploads\/2025\/12\/turret_group.png","contentUrl":"https:\/\/www.christiegrey.com\/wp-content\/uploads\/2025\/12\/turret_group.png","width":625,"height":625,"caption":"Rubber Turret Mountings"},{"@type":"BreadcrumbList","@id":"https:\/\/www.christiegrey.com\/fr\/produit\/supports-de-tourelle-en-caoutchouc\/#breadcrumb","itemListElement":[{"@type":"ListItem","position":1,"name":"Accueil","item":"https:\/\/www.christiegrey.com\/"},{"@type":"ListItem","position":2,"name":"Nos produits","item":"https:\/\/www.christiegrey.com\/fr\/boutique\/"},{"@type":"ListItem","position":3,"name":"Supports de tourelle en caoutchouc"}]},{"@type":"WebSite","@id":"https:\/\/www.christiegrey.com\/#website","url":"https:\/\/www.christiegrey.com\/","name":"Christie & Grey","description":"","publisher":{"@id":"https:\/\/www.christiegrey.com\/#organization"},"potentialAction":[{"@type":"SearchAction","target":{"@type":"EntryPoint","urlTemplate":"https:\/\/www.christiegrey.com\/?s={search_term_string}"},"query-input":{"@type":"PropertyValueSpecification","valueRequired":true,"valueName":"search_term_string"}}],"inLanguage":"fr-FR"},{"@type":"Organization","@id":"https:\/\/www.christiegrey.com\/#organization","name":"Christie & Grey","url":"https:\/\/www.christiegrey.com\/","logo":{"@type":"ImageObject","inLanguage":"fr-FR","@id":"https:\/\/www.christiegrey.com\/#\/schema\/logo\/image\/","url":"https:\/\/www.christiegrey.com\/wp-content\/uploads\/2026\/02\/cropped-logo-scaled-1.png","contentUrl":"https:\/\/www.christiegrey.com\/wp-content\/uploads\/2026\/02\/cropped-logo-scaled-1.png","width":250,"height":90,"caption":"Christie & Grey"},"image":{"@id":"https:\/\/www.christiegrey.com\/#\/schema\/logo\/image\/"},"sameAs":["https:\/\/www.facebook.com\/christieandgreylimited","https:\/\/x.com\/christiegreyltd"]}]}},"_links":{"self":[{"href":"https:\/\/www.christiegrey.com\/fr\/wp-json\/wp\/v2\/product\/4313","targetHints":{"allow":["GET"]}}],"collection":[{"href":"https:\/\/www.christiegrey.com\/fr\/wp-json\/wp\/v2\/product"}],"about":[{"href":"https:\/\/www.christiegrey.com\/fr\/wp-json\/wp\/v2\/types\/product"}],"replies":[{"embeddable":true,"href":"https:\/\/www.christiegrey.com\/fr\/wp-json\/wp\/v2\/comments?post=4313"}],"wp:featuredmedia":[{"embeddable":true,"href":"https:\/\/www.christiegrey.com\/fr\/wp-json\/wp\/v2\/media\/1038"}],"wp:attachment":[{"href":"https:\/\/www.christiegrey.com\/fr\/wp-json\/wp\/v2\/media?parent=4313"}],"wp:term":[{"taxonomy":"product_brand","embeddable":true,"href":"https:\/\/www.christiegrey.com\/fr\/wp-json\/wp\/v2\/product_brand?post=4313"},{"taxonomy":"product_cat","embeddable":true,"href":"https:\/\/www.christiegrey.com\/fr\/wp-json\/wp\/v2\/product_cat?post=4313"},{"taxonomy":"product_tag","embeddable":true,"href":"https:\/\/www.christiegrey.com\/fr\/wp-json\/wp\/v2\/product_tag?post=4313"}],"curies":[{"name":"wp","href":"https:\/\/api.w.org\/{rel}","templated":true}]}}