{"id":4262,"date":"2025-12-25T14:01:24","date_gmt":"2025-12-25T14:01:24","guid":{"rendered":"https:\/\/www.christiegrey.com\/product\/amortisseurs-a-fluide-en-silione\/"},"modified":"2025-12-25T14:01:24","modified_gmt":"2025-12-25T14:01:24","slug":"amortisseurs-a-fluide-en-silione","status":"publish","type":"product","link":"https:\/\/www.christiegrey.com\/fr\/produit\/amortisseurs-a-fluide-en-silione\/","title":{"rendered":"Amortisseurs \u00e0 fluide en silione"},"content":{"rendered":"<p>Notre gamme standard d\u2019amortisseurs de fluides en silicium, Type MD3, est principalement con\u00e7ue pour \u00eatre utilis\u00e9e en conjonction avec nos montages \u00e0 ressort ouvert, Type OS.<\/p>\n<p>Parfois, ils peuvent \u00eatre utilis\u00e9s avec nos supports \u00e0 ressort ferm\u00e9s Type ES &amp; ECS.<\/p>\n<p>De nombreuses applications fonctionneront de mani\u00e8re satisfaisante avec un ressort en acier h\u00e9lico\u00efdal non amorti, mais lorsque les r\u00e9sonances du syst\u00e8me peuvent \u00eatre excit\u00e9es \u00e0 des amplitudes inacceptables en raison des vitesses variables de la machine ou de conditions transitoires, l\u2019amortissement doit \u00eatre int\u00e9gr\u00e9.<\/p>\n<p>Le type MD\/3 offre un bon contr\u00f4le du mouvement en r\u00e9sonance tandis que les forces g\u00e9n\u00e9r\u00e9es \u00e0 des fr\u00e9quences plus \u00e9lev\u00e9es sont faibles, ce qui entra\u00eene une faible augmentation de la transmission du bruit per\u00e7u.<\/p>\n","protected":false},"excerpt":{"rendered":"<p>Type MD\/3<\/p>\n","protected":false},"featured_media":1044,"comment_status":"open","ping_status":"closed","template":"","meta":{"_acf_changed":false},"product_brand":[],"product_cat":[119,120],"product_tag":[],"class_list":{"0":"post-4262","1":"product","2":"type-product","3":"status-publish","4":"has-post-thumbnail","6":"product_cat-solutions-industrielles","7":"product_cat-ventilateurs-et-unites-de-traitement-de-lair","9":"first","10":"instock","11":"shipping-taxable","12":"purchasable","13":"product-type-simple"},"acf":[],"yoast_head":"<!-- This site is optimized with the Yoast SEO plugin v27.0 - https:\/\/yoast.com\/product\/yoast-seo-wordpress\/ -->\n<title>Amortisseurs \u00e0 fluides en silicone Type MD\/3 - Christie &amp; Grey<\/title>\n<meta name=\"description\" content=\"Les amortisseurs Christie &amp; Grey Silicone Fluid (Type MD\/3) contr\u00f4lent le mouvement de r\u00e9sonance et les vibrations lorsqu\u2019ils sont utilis\u00e9s avec des montages \u00e0 ressort pour refroidisseurs, ventilateurs et AHU.\" \/>\n<meta name=\"robots\" content=\"index, follow, max-snippet:-1, max-image-preview:large, max-video-preview:-1\" \/>\n<link rel=\"canonical\" href=\"https:\/\/www.christiegrey.com\/fr\/produit\/amortisseurs-a-fluide-en-silione\/\" \/>\n<meta property=\"og:locale\" content=\"fr_FR\" \/>\n<meta property=\"og:type\" content=\"article\" \/>\n<meta property=\"og:title\" content=\"Amortisseurs \u00e0 fluides en silicone Type MD\/3 - Christie &amp; Grey\" \/>\n<meta property=\"og:description\" content=\"Les amortisseurs Christie &amp; Grey Silicone Fluid (Type MD\/3) contr\u00f4lent le mouvement de r\u00e9sonance et les vibrations lorsqu\u2019ils sont utilis\u00e9s avec des montages \u00e0 ressort pour refroidisseurs, ventilateurs et AHU.\" \/>\n<meta property=\"og:url\" content=\"https:\/\/www.christiegrey.com\/fr\/produit\/amortisseurs-a-fluide-en-silione\/\" \/>\n<meta property=\"article:publisher\" content=\"https:\/\/www.facebook.com\/christieandgreylimited\" \/>\n<meta property=\"og:image\" content=\"https:\/\/www.christiegrey.com\/wp-content\/uploads\/2025\/12\/md3-dampers_365_365.jpg\" \/>\n\t<meta property=\"og:image:width\" content=\"365\" \/>\n\t<meta property=\"og:image:height\" content=\"365\" \/>\n\t<meta property=\"og:image:type\" content=\"image\/jpeg\" \/>\n<meta name=\"twitter:card\" content=\"summary_large_image\" \/>\n<meta name=\"twitter:site\" content=\"@christiegreyltd\" \/>\n<meta name=\"twitter:label1\" content=\"Dur\u00e9e de lecture estim\u00e9e\" \/>\n\t<meta name=\"twitter:data1\" content=\"1 minute\" \/>\n<script type=\"application\/ld+json\" class=\"yoast-schema-graph\">{\"@context\":\"https:\/\/schema.org\",\"@graph\":[{\"@type\":\"WebPage\",\"@id\":\"https:\/\/www.christiegrey.com\/fr\/produit\/amortisseurs-a-fluide-en-silione\/\",\"url\":\"https:\/\/www.christiegrey.com\/fr\/produit\/amortisseurs-a-fluide-en-silione\/\",\"name\":\"Amortisseurs \u00e0 fluides en silicone Type MD\/3 - Christie & Grey\",\"isPartOf\":{\"@id\":\"https:\/\/www.christiegrey.com\/#website\"},\"primaryImageOfPage\":{\"@id\":\"https:\/\/www.christiegrey.com\/fr\/produit\/amortisseurs-a-fluide-en-silione\/#primaryimage\"},\"image\":{\"@id\":\"https:\/\/www.christiegrey.com\/fr\/produit\/amortisseurs-a-fluide-en-silione\/#primaryimage\"},\"thumbnailUrl\":\"https:\/\/www.christiegrey.com\/wp-content\/uploads\/2025\/12\/md3-dampers_365_365.jpg\",\"datePublished\":\"2025-12-25T14:01:24+00:00\",\"description\":\"Les amortisseurs Christie & Grey Silicone Fluid (Type MD\/3) contr\u00f4lent le mouvement de r\u00e9sonance et les vibrations lorsqu\u2019ils sont utilis\u00e9s avec des montages \u00e0 ressort pour refroidisseurs, ventilateurs et AHU.\",\"breadcrumb\":{\"@id\":\"https:\/\/www.christiegrey.com\/fr\/produit\/amortisseurs-a-fluide-en-silione\/#breadcrumb\"},\"inLanguage\":\"fr-FR\",\"potentialAction\":[{\"@type\":\"ReadAction\",\"target\":[\"https:\/\/www.christiegrey.com\/fr\/produit\/amortisseurs-a-fluide-en-silione\/\"]}]},{\"@type\":\"ImageObject\",\"inLanguage\":\"fr-FR\",\"@id\":\"https:\/\/www.christiegrey.com\/fr\/produit\/amortisseurs-a-fluide-en-silione\/#primaryimage\",\"url\":\"https:\/\/www.christiegrey.com\/wp-content\/uploads\/2025\/12\/md3-dampers_365_365.jpg\",\"contentUrl\":\"https:\/\/www.christiegrey.com\/wp-content\/uploads\/2025\/12\/md3-dampers_365_365.jpg\",\"width\":365,\"height\":365,\"caption\":\"MD\/3 vibration control fluid dampers\"},{\"@type\":\"BreadcrumbList\",\"@id\":\"https:\/\/www.christiegrey.com\/fr\/produit\/amortisseurs-a-fluide-en-silione\/#breadcrumb\",\"itemListElement\":[{\"@type\":\"ListItem\",\"position\":1,\"name\":\"Accueil\",\"item\":\"https:\/\/www.christiegrey.com\/\"},{\"@type\":\"ListItem\",\"position\":2,\"name\":\"Nos produits\",\"item\":\"https:\/\/www.christiegrey.com\/fr\/boutique\/\"},{\"@type\":\"ListItem\",\"position\":3,\"name\":\"Amortisseurs \u00e0 fluide en silione\"}]},{\"@type\":\"WebSite\",\"@id\":\"https:\/\/www.christiegrey.com\/#website\",\"url\":\"https:\/\/www.christiegrey.com\/\",\"name\":\"Christie & Grey\",\"description\":\"\",\"publisher\":{\"@id\":\"https:\/\/www.christiegrey.com\/#organization\"},\"potentialAction\":[{\"@type\":\"SearchAction\",\"target\":{\"@type\":\"EntryPoint\",\"urlTemplate\":\"https:\/\/www.christiegrey.com\/?s={search_term_string}\"},\"query-input\":{\"@type\":\"PropertyValueSpecification\",\"valueRequired\":true,\"valueName\":\"search_term_string\"}}],\"inLanguage\":\"fr-FR\"},{\"@type\":\"Organization\",\"@id\":\"https:\/\/www.christiegrey.com\/#organization\",\"name\":\"Christie & Grey\",\"url\":\"https:\/\/www.christiegrey.com\/\",\"logo\":{\"@type\":\"ImageObject\",\"inLanguage\":\"fr-FR\",\"@id\":\"https:\/\/www.christiegrey.com\/#\/schema\/logo\/image\/\",\"url\":\"https:\/\/www.christiegrey.com\/wp-content\/uploads\/2026\/02\/cropped-logo-scaled-1.png\",\"contentUrl\":\"https:\/\/www.christiegrey.com\/wp-content\/uploads\/2026\/02\/cropped-logo-scaled-1.png\",\"width\":250,\"height\":90,\"caption\":\"Christie & Grey\"},\"image\":{\"@id\":\"https:\/\/www.christiegrey.com\/#\/schema\/logo\/image\/\"},\"sameAs\":[\"https:\/\/www.facebook.com\/christieandgreylimited\",\"https:\/\/x.com\/christiegreyltd\"]}]}<\/script>\n<!-- \/ Yoast SEO plugin. -->","yoast_head_json":{"title":"Amortisseurs \u00e0 fluides en silicone Type MD\/3 - Christie & Grey","description":"Les amortisseurs Christie & Grey Silicone Fluid (Type MD\/3) contr\u00f4lent le mouvement de r\u00e9sonance et les vibrations lorsqu\u2019ils sont utilis\u00e9s avec des montages \u00e0 ressort pour refroidisseurs, ventilateurs et AHU.","robots":{"index":"index","follow":"follow","max-snippet":"max-snippet:-1","max-image-preview":"max-image-preview:large","max-video-preview":"max-video-preview:-1"},"canonical":"https:\/\/www.christiegrey.com\/fr\/produit\/amortisseurs-a-fluide-en-silione\/","og_locale":"fr_FR","og_type":"article","og_title":"Amortisseurs \u00e0 fluides en silicone Type MD\/3 - Christie & Grey","og_description":"Les amortisseurs Christie & Grey Silicone Fluid (Type MD\/3) contr\u00f4lent le mouvement de r\u00e9sonance et les vibrations lorsqu\u2019ils sont utilis\u00e9s avec des montages \u00e0 ressort pour refroidisseurs, ventilateurs et AHU.","og_url":"https:\/\/www.christiegrey.com\/fr\/produit\/amortisseurs-a-fluide-en-silione\/","article_publisher":"https:\/\/www.facebook.com\/christieandgreylimited","og_image":[{"width":365,"height":365,"url":"https:\/\/www.christiegrey.com\/wp-content\/uploads\/2025\/12\/md3-dampers_365_365.jpg","type":"image\/jpeg"}],"twitter_card":"summary_large_image","twitter_site":"@christiegreyltd","twitter_misc":{"Dur\u00e9e de lecture estim\u00e9e":"1 minute"},"schema":{"@context":"https:\/\/schema.org","@graph":[{"@type":"WebPage","@id":"https:\/\/www.christiegrey.com\/fr\/produit\/amortisseurs-a-fluide-en-silione\/","url":"https:\/\/www.christiegrey.com\/fr\/produit\/amortisseurs-a-fluide-en-silione\/","name":"Amortisseurs \u00e0 fluides en silicone Type MD\/3 - Christie & Grey","isPartOf":{"@id":"https:\/\/www.christiegrey.com\/#website"},"primaryImageOfPage":{"@id":"https:\/\/www.christiegrey.com\/fr\/produit\/amortisseurs-a-fluide-en-silione\/#primaryimage"},"image":{"@id":"https:\/\/www.christiegrey.com\/fr\/produit\/amortisseurs-a-fluide-en-silione\/#primaryimage"},"thumbnailUrl":"https:\/\/www.christiegrey.com\/wp-content\/uploads\/2025\/12\/md3-dampers_365_365.jpg","datePublished":"2025-12-25T14:01:24+00:00","description":"Les amortisseurs Christie & Grey Silicone Fluid (Type MD\/3) contr\u00f4lent le mouvement de r\u00e9sonance et les vibrations lorsqu\u2019ils sont utilis\u00e9s avec des montages \u00e0 ressort pour refroidisseurs, ventilateurs et AHU.","breadcrumb":{"@id":"https:\/\/www.christiegrey.com\/fr\/produit\/amortisseurs-a-fluide-en-silione\/#breadcrumb"},"inLanguage":"fr-FR","potentialAction":[{"@type":"ReadAction","target":["https:\/\/www.christiegrey.com\/fr\/produit\/amortisseurs-a-fluide-en-silione\/"]}]},{"@type":"ImageObject","inLanguage":"fr-FR","@id":"https:\/\/www.christiegrey.com\/fr\/produit\/amortisseurs-a-fluide-en-silione\/#primaryimage","url":"https:\/\/www.christiegrey.com\/wp-content\/uploads\/2025\/12\/md3-dampers_365_365.jpg","contentUrl":"https:\/\/www.christiegrey.com\/wp-content\/uploads\/2025\/12\/md3-dampers_365_365.jpg","width":365,"height":365,"caption":"MD\/3 vibration control fluid dampers"},{"@type":"BreadcrumbList","@id":"https:\/\/www.christiegrey.com\/fr\/produit\/amortisseurs-a-fluide-en-silione\/#breadcrumb","itemListElement":[{"@type":"ListItem","position":1,"name":"Accueil","item":"https:\/\/www.christiegrey.com\/"},{"@type":"ListItem","position":2,"name":"Nos produits","item":"https:\/\/www.christiegrey.com\/fr\/boutique\/"},{"@type":"ListItem","position":3,"name":"Amortisseurs \u00e0 fluide en silione"}]},{"@type":"WebSite","@id":"https:\/\/www.christiegrey.com\/#website","url":"https:\/\/www.christiegrey.com\/","name":"Christie & Grey","description":"","publisher":{"@id":"https:\/\/www.christiegrey.com\/#organization"},"potentialAction":[{"@type":"SearchAction","target":{"@type":"EntryPoint","urlTemplate":"https:\/\/www.christiegrey.com\/?s={search_term_string}"},"query-input":{"@type":"PropertyValueSpecification","valueRequired":true,"valueName":"search_term_string"}}],"inLanguage":"fr-FR"},{"@type":"Organization","@id":"https:\/\/www.christiegrey.com\/#organization","name":"Christie & Grey","url":"https:\/\/www.christiegrey.com\/","logo":{"@type":"ImageObject","inLanguage":"fr-FR","@id":"https:\/\/www.christiegrey.com\/#\/schema\/logo\/image\/","url":"https:\/\/www.christiegrey.com\/wp-content\/uploads\/2026\/02\/cropped-logo-scaled-1.png","contentUrl":"https:\/\/www.christiegrey.com\/wp-content\/uploads\/2026\/02\/cropped-logo-scaled-1.png","width":250,"height":90,"caption":"Christie & Grey"},"image":{"@id":"https:\/\/www.christiegrey.com\/#\/schema\/logo\/image\/"},"sameAs":["https:\/\/www.facebook.com\/christieandgreylimited","https:\/\/x.com\/christiegreyltd"]}]}},"_links":{"self":[{"href":"https:\/\/www.christiegrey.com\/fr\/wp-json\/wp\/v2\/product\/4262","targetHints":{"allow":["GET"]}}],"collection":[{"href":"https:\/\/www.christiegrey.com\/fr\/wp-json\/wp\/v2\/product"}],"about":[{"href":"https:\/\/www.christiegrey.com\/fr\/wp-json\/wp\/v2\/types\/product"}],"replies":[{"embeddable":true,"href":"https:\/\/www.christiegrey.com\/fr\/wp-json\/wp\/v2\/comments?post=4262"}],"wp:featuredmedia":[{"embeddable":true,"href":"https:\/\/www.christiegrey.com\/fr\/wp-json\/wp\/v2\/media\/1044"}],"wp:attachment":[{"href":"https:\/\/www.christiegrey.com\/fr\/wp-json\/wp\/v2\/media?parent=4262"}],"wp:term":[{"taxonomy":"product_brand","embeddable":true,"href":"https:\/\/www.christiegrey.com\/fr\/wp-json\/wp\/v2\/product_brand?post=4262"},{"taxonomy":"product_cat","embeddable":true,"href":"https:\/\/www.christiegrey.com\/fr\/wp-json\/wp\/v2\/product_cat?post=4262"},{"taxonomy":"product_tag","embeddable":true,"href":"https:\/\/www.christiegrey.com\/fr\/wp-json\/wp\/v2\/product_tag?post=4262"}],"curies":[{"name":"wp","href":"https:\/\/api.w.org\/{rel}","templated":true}]}}