{"id":4237,"date":"2025-12-25T14:11:34","date_gmt":"2025-12-25T14:11:34","guid":{"rendered":"https:\/\/www.christiegrey.com\/product\/systeme-de-rails-flottants-acoustiques-rail-de-montants\/"},"modified":"2025-12-25T14:11:34","modified_gmt":"2025-12-25T14:11:34","slug":"systeme-de-rails-flottants-acoustiques-rail-de-montants","status":"publish","type":"product","link":"https:\/\/www.christiegrey.com\/fr\/produit\/systeme-de-rails-flottants-acoustiques-rail-de-montants\/","title":{"rendered":"Syst\u00e8me de rails flottants acoustiques &#8211; Rail de montants"},"content":{"rendered":"<p>Le principe de supporter deux masses s\u00e9par\u00e9es pour am\u00e9liorer significativement la performance standard de la loi acoustique de masse est bien compris.<\/p>\n<p>Le terme \u00ab plancher flottant \u00bb est une expression relativement r\u00e9cente qui a gagn\u00e9 en popularit\u00e9 ces derni\u00e8res ann\u00e9es, mais la m\u00e9thode de soutien d\u2019une structure de plancher sur des roulements r\u00e9silients sur une dalle structurelle a \u00e9t\u00e9 appliqu\u00e9e et d\u00e9velopp\u00e9e par Christie et Grey au cours de ses 100 ann\u00e9es d\u2019existence. Des exemples de ce travail existent encore depuis le d\u00e9but des ann\u00e9es 1960. <\/p>\n<p>Le d\u00e9veloppement des mat\u00e9riaux structurels a permis aux architectes et ing\u00e9nieurs d\u2019utiliser de plus en plus de structures l\u00e9g\u00e8res dans les conceptions modernes de b\u00e2timents. Cela a mis en lumi\u00e8re la n\u00e9cessit\u00e9 de prendre soigneusement en compte les caract\u00e9ristiques de perte par rapport au bruit, aux chocs et aux pertes par vibration de ces structures. <\/p>\n<p>En particulier, pour les immeubles de grande hauteur, la proximit\u00e9 des zones \u00ab bruyantes ou hautes \u00bb et \u00ab calmes ou critiques \u00bb augmente consid\u00e9rablement le potentiel d\u2019utilisation de mat\u00e9riaux acoustiques et d\u2019isolation des vibrations, y compris les planchers flottants.<\/p>\n<p>Par exemple, il peut \u00eatre n\u00e9cessaire d\u2019isoler une salle des machines des bureaux en dessous, de r\u00e9duire le bruit ext\u00e9rieur comme les avions volant \u00e0 basse altitude dans le toit d\u2019un b\u00e2timent ou de r\u00e9duire la transmission du bruit d\u2019impact des pas d\u2019un appartement \u00e0 un autre en dessous.<\/p>\n<p>Les syst\u00e8mes de plancher flottant acoustique SRS ont \u00e9t\u00e9 utilis\u00e9s avec succ\u00e8s dans des applications telles que les salles des machines, les bureaux, les immeubles prestigieux, les studios de t\u00e9l\u00e9vision, de radio et d\u2019enregistrement, les cin\u00e9mas, les salles de concert et les salles d\u2019audiom\u00e9trie.<\/p>\n","protected":false},"excerpt":{"rendered":"<p>Type SRS<\/p>\n","protected":false},"featured_media":1053,"comment_status":"open","ping_status":"closed","template":"","meta":{"_acf_changed":false},"product_brand":[],"product_cat":[116,107],"product_tag":[],"class_list":{"0":"post-4237","1":"product","2":"type-product","3":"status-publish","4":"has-post-thumbnail","6":"product_cat-planchers-flottants","7":"product_cat-solutions-de-construction","9":"first","10":"instock","11":"shipping-taxable","12":"purchasable","13":"product-type-simple"},"acf":[],"yoast_head":"<!-- This site is optimized with the Yoast SEO plugin v27.0 - https:\/\/yoast.com\/product\/yoast-seo-wordpress\/ -->\n<title>Syst\u00e8me de rails de montants acoustiques \u00e0 plancher flottant | Christie Grey<\/title>\n<meta name=\"description\" content=\"Le syst\u00e8me acoustique flottant \u00e0 plancher \u2013 rail de montants (Type SRS) est con\u00e7u pour am\u00e9liorer significativement l\u2019isolation acoustique en supportant des masses structurelles s\u00e9par\u00e9es.\" \/>\n<meta name=\"robots\" content=\"index, follow, max-snippet:-1, max-image-preview:large, max-video-preview:-1\" \/>\n<link rel=\"canonical\" href=\"https:\/\/www.christiegrey.com\/fr\/produit\/systeme-de-rails-flottants-acoustiques-rail-de-montants\/\" \/>\n<meta property=\"og:locale\" content=\"fr_FR\" \/>\n<meta property=\"og:type\" content=\"article\" \/>\n<meta property=\"og:title\" content=\"Syst\u00e8me de rails de montants acoustiques \u00e0 plancher flottant | Christie Grey\" \/>\n<meta property=\"og:description\" content=\"Le syst\u00e8me acoustique flottant \u00e0 plancher \u2013 rail de montants (Type SRS) est con\u00e7u pour am\u00e9liorer significativement l\u2019isolation acoustique en supportant des masses structurelles s\u00e9par\u00e9es.\" \/>\n<meta property=\"og:url\" content=\"https:\/\/www.christiegrey.com\/fr\/produit\/systeme-de-rails-flottants-acoustiques-rail-de-montants\/\" \/>\n<meta property=\"article:publisher\" content=\"https:\/\/www.facebook.com\/christieandgreylimited\" \/>\n<meta property=\"og:image\" content=\"https:\/\/www.christiegrey.com\/wp-content\/uploads\/2025\/12\/srs-floor_365_365.jpg\" \/>\n\t<meta property=\"og:image:width\" content=\"365\" \/>\n\t<meta property=\"og:image:height\" content=\"365\" \/>\n\t<meta property=\"og:image:type\" content=\"image\/jpeg\" \/>\n<meta name=\"twitter:card\" content=\"summary_large_image\" \/>\n<meta name=\"twitter:site\" content=\"@christiegreyltd\" \/>\n<meta name=\"twitter:label1\" content=\"Dur\u00e9e de lecture estim\u00e9e\" \/>\n\t<meta name=\"twitter:data1\" content=\"2 minutes\" \/>\n<script type=\"application\/ld+json\" class=\"yoast-schema-graph\">{\"@context\":\"https:\/\/schema.org\",\"@graph\":[{\"@type\":\"WebPage\",\"@id\":\"https:\/\/www.christiegrey.com\/fr\/produit\/systeme-de-rails-flottants-acoustiques-rail-de-montants\/\",\"url\":\"https:\/\/www.christiegrey.com\/fr\/produit\/systeme-de-rails-flottants-acoustiques-rail-de-montants\/\",\"name\":\"Syst\u00e8me de rails de montants acoustiques \u00e0 plancher flottant | Christie Grey\",\"isPartOf\":{\"@id\":\"https:\/\/www.christiegrey.com\/#website\"},\"primaryImageOfPage\":{\"@id\":\"https:\/\/www.christiegrey.com\/fr\/produit\/systeme-de-rails-flottants-acoustiques-rail-de-montants\/#primaryimage\"},\"image\":{\"@id\":\"https:\/\/www.christiegrey.com\/fr\/produit\/systeme-de-rails-flottants-acoustiques-rail-de-montants\/#primaryimage\"},\"thumbnailUrl\":\"https:\/\/www.christiegrey.com\/wp-content\/uploads\/2025\/12\/srs-floor_365_365.jpg\",\"datePublished\":\"2025-12-25T14:11:34+00:00\",\"description\":\"Le syst\u00e8me acoustique flottant \u00e0 plancher \u2013 rail de montants (Type SRS) est con\u00e7u pour am\u00e9liorer significativement l\u2019isolation acoustique en supportant des masses structurelles s\u00e9par\u00e9es.\",\"breadcrumb\":{\"@id\":\"https:\/\/www.christiegrey.com\/fr\/produit\/systeme-de-rails-flottants-acoustiques-rail-de-montants\/#breadcrumb\"},\"inLanguage\":\"fr-FR\",\"potentialAction\":[{\"@type\":\"ReadAction\",\"target\":[\"https:\/\/www.christiegrey.com\/fr\/produit\/systeme-de-rails-flottants-acoustiques-rail-de-montants\/\"]}]},{\"@type\":\"ImageObject\",\"inLanguage\":\"fr-FR\",\"@id\":\"https:\/\/www.christiegrey.com\/fr\/produit\/systeme-de-rails-flottants-acoustiques-rail-de-montants\/#primaryimage\",\"url\":\"https:\/\/www.christiegrey.com\/wp-content\/uploads\/2025\/12\/srs-floor_365_365.jpg\",\"contentUrl\":\"https:\/\/www.christiegrey.com\/wp-content\/uploads\/2025\/12\/srs-floor_365_365.jpg\",\"width\":365,\"height\":365,\"caption\":\"Acoustic Floating Floor - Stud Rail System\"},{\"@type\":\"BreadcrumbList\",\"@id\":\"https:\/\/www.christiegrey.com\/fr\/produit\/systeme-de-rails-flottants-acoustiques-rail-de-montants\/#breadcrumb\",\"itemListElement\":[{\"@type\":\"ListItem\",\"position\":1,\"name\":\"Accueil\",\"item\":\"https:\/\/www.christiegrey.com\/\"},{\"@type\":\"ListItem\",\"position\":2,\"name\":\"Nos produits\",\"item\":\"https:\/\/www.christiegrey.com\/fr\/boutique\/\"},{\"@type\":\"ListItem\",\"position\":3,\"name\":\"Syst\u00e8me de rails flottants acoustiques &#8211; Rail de montants\"}]},{\"@type\":\"WebSite\",\"@id\":\"https:\/\/www.christiegrey.com\/#website\",\"url\":\"https:\/\/www.christiegrey.com\/\",\"name\":\"Christie & Grey\",\"description\":\"\",\"publisher\":{\"@id\":\"https:\/\/www.christiegrey.com\/#organization\"},\"potentialAction\":[{\"@type\":\"SearchAction\",\"target\":{\"@type\":\"EntryPoint\",\"urlTemplate\":\"https:\/\/www.christiegrey.com\/?s={search_term_string}\"},\"query-input\":{\"@type\":\"PropertyValueSpecification\",\"valueRequired\":true,\"valueName\":\"search_term_string\"}}],\"inLanguage\":\"fr-FR\"},{\"@type\":\"Organization\",\"@id\":\"https:\/\/www.christiegrey.com\/#organization\",\"name\":\"Christie & Grey\",\"url\":\"https:\/\/www.christiegrey.com\/\",\"logo\":{\"@type\":\"ImageObject\",\"inLanguage\":\"fr-FR\",\"@id\":\"https:\/\/www.christiegrey.com\/#\/schema\/logo\/image\/\",\"url\":\"https:\/\/www.christiegrey.com\/wp-content\/uploads\/2026\/02\/cropped-logo-scaled-1.png\",\"contentUrl\":\"https:\/\/www.christiegrey.com\/wp-content\/uploads\/2026\/02\/cropped-logo-scaled-1.png\",\"width\":250,\"height\":90,\"caption\":\"Christie & Grey\"},\"image\":{\"@id\":\"https:\/\/www.christiegrey.com\/#\/schema\/logo\/image\/\"},\"sameAs\":[\"https:\/\/www.facebook.com\/christieandgreylimited\",\"https:\/\/x.com\/christiegreyltd\"]}]}<\/script>\n<!-- \/ Yoast SEO plugin. -->","yoast_head_json":{"title":"Syst\u00e8me de rails de montants acoustiques \u00e0 plancher flottant | Christie Grey","description":"Le syst\u00e8me acoustique flottant \u00e0 plancher \u2013 rail de montants (Type SRS) est con\u00e7u pour am\u00e9liorer significativement l\u2019isolation acoustique en supportant des masses structurelles s\u00e9par\u00e9es.","robots":{"index":"index","follow":"follow","max-snippet":"max-snippet:-1","max-image-preview":"max-image-preview:large","max-video-preview":"max-video-preview:-1"},"canonical":"https:\/\/www.christiegrey.com\/fr\/produit\/systeme-de-rails-flottants-acoustiques-rail-de-montants\/","og_locale":"fr_FR","og_type":"article","og_title":"Syst\u00e8me de rails de montants acoustiques \u00e0 plancher flottant | Christie Grey","og_description":"Le syst\u00e8me acoustique flottant \u00e0 plancher \u2013 rail de montants (Type SRS) est con\u00e7u pour am\u00e9liorer significativement l\u2019isolation acoustique en supportant des masses structurelles s\u00e9par\u00e9es.","og_url":"https:\/\/www.christiegrey.com\/fr\/produit\/systeme-de-rails-flottants-acoustiques-rail-de-montants\/","article_publisher":"https:\/\/www.facebook.com\/christieandgreylimited","og_image":[{"width":365,"height":365,"url":"https:\/\/www.christiegrey.com\/wp-content\/uploads\/2025\/12\/srs-floor_365_365.jpg","type":"image\/jpeg"}],"twitter_card":"summary_large_image","twitter_site":"@christiegreyltd","twitter_misc":{"Dur\u00e9e de lecture estim\u00e9e":"2 minutes"},"schema":{"@context":"https:\/\/schema.org","@graph":[{"@type":"WebPage","@id":"https:\/\/www.christiegrey.com\/fr\/produit\/systeme-de-rails-flottants-acoustiques-rail-de-montants\/","url":"https:\/\/www.christiegrey.com\/fr\/produit\/systeme-de-rails-flottants-acoustiques-rail-de-montants\/","name":"Syst\u00e8me de rails de montants acoustiques \u00e0 plancher flottant | Christie Grey","isPartOf":{"@id":"https:\/\/www.christiegrey.com\/#website"},"primaryImageOfPage":{"@id":"https:\/\/www.christiegrey.com\/fr\/produit\/systeme-de-rails-flottants-acoustiques-rail-de-montants\/#primaryimage"},"image":{"@id":"https:\/\/www.christiegrey.com\/fr\/produit\/systeme-de-rails-flottants-acoustiques-rail-de-montants\/#primaryimage"},"thumbnailUrl":"https:\/\/www.christiegrey.com\/wp-content\/uploads\/2025\/12\/srs-floor_365_365.jpg","datePublished":"2025-12-25T14:11:34+00:00","description":"Le syst\u00e8me acoustique flottant \u00e0 plancher \u2013 rail de montants (Type SRS) est con\u00e7u pour am\u00e9liorer significativement l\u2019isolation acoustique en supportant des masses structurelles s\u00e9par\u00e9es.","breadcrumb":{"@id":"https:\/\/www.christiegrey.com\/fr\/produit\/systeme-de-rails-flottants-acoustiques-rail-de-montants\/#breadcrumb"},"inLanguage":"fr-FR","potentialAction":[{"@type":"ReadAction","target":["https:\/\/www.christiegrey.com\/fr\/produit\/systeme-de-rails-flottants-acoustiques-rail-de-montants\/"]}]},{"@type":"ImageObject","inLanguage":"fr-FR","@id":"https:\/\/www.christiegrey.com\/fr\/produit\/systeme-de-rails-flottants-acoustiques-rail-de-montants\/#primaryimage","url":"https:\/\/www.christiegrey.com\/wp-content\/uploads\/2025\/12\/srs-floor_365_365.jpg","contentUrl":"https:\/\/www.christiegrey.com\/wp-content\/uploads\/2025\/12\/srs-floor_365_365.jpg","width":365,"height":365,"caption":"Acoustic Floating Floor - Stud Rail System"},{"@type":"BreadcrumbList","@id":"https:\/\/www.christiegrey.com\/fr\/produit\/systeme-de-rails-flottants-acoustiques-rail-de-montants\/#breadcrumb","itemListElement":[{"@type":"ListItem","position":1,"name":"Accueil","item":"https:\/\/www.christiegrey.com\/"},{"@type":"ListItem","position":2,"name":"Nos produits","item":"https:\/\/www.christiegrey.com\/fr\/boutique\/"},{"@type":"ListItem","position":3,"name":"Syst\u00e8me de rails flottants acoustiques &#8211; Rail de montants"}]},{"@type":"WebSite","@id":"https:\/\/www.christiegrey.com\/#website","url":"https:\/\/www.christiegrey.com\/","name":"Christie & Grey","description":"","publisher":{"@id":"https:\/\/www.christiegrey.com\/#organization"},"potentialAction":[{"@type":"SearchAction","target":{"@type":"EntryPoint","urlTemplate":"https:\/\/www.christiegrey.com\/?s={search_term_string}"},"query-input":{"@type":"PropertyValueSpecification","valueRequired":true,"valueName":"search_term_string"}}],"inLanguage":"fr-FR"},{"@type":"Organization","@id":"https:\/\/www.christiegrey.com\/#organization","name":"Christie & Grey","url":"https:\/\/www.christiegrey.com\/","logo":{"@type":"ImageObject","inLanguage":"fr-FR","@id":"https:\/\/www.christiegrey.com\/#\/schema\/logo\/image\/","url":"https:\/\/www.christiegrey.com\/wp-content\/uploads\/2026\/02\/cropped-logo-scaled-1.png","contentUrl":"https:\/\/www.christiegrey.com\/wp-content\/uploads\/2026\/02\/cropped-logo-scaled-1.png","width":250,"height":90,"caption":"Christie & Grey"},"image":{"@id":"https:\/\/www.christiegrey.com\/#\/schema\/logo\/image\/"},"sameAs":["https:\/\/www.facebook.com\/christieandgreylimited","https:\/\/x.com\/christiegreyltd"]}]}},"_links":{"self":[{"href":"https:\/\/www.christiegrey.com\/fr\/wp-json\/wp\/v2\/product\/4237","targetHints":{"allow":["GET"]}}],"collection":[{"href":"https:\/\/www.christiegrey.com\/fr\/wp-json\/wp\/v2\/product"}],"about":[{"href":"https:\/\/www.christiegrey.com\/fr\/wp-json\/wp\/v2\/types\/product"}],"replies":[{"embeddable":true,"href":"https:\/\/www.christiegrey.com\/fr\/wp-json\/wp\/v2\/comments?post=4237"}],"wp:featuredmedia":[{"embeddable":true,"href":"https:\/\/www.christiegrey.com\/fr\/wp-json\/wp\/v2\/media\/1053"}],"wp:attachment":[{"href":"https:\/\/www.christiegrey.com\/fr\/wp-json\/wp\/v2\/media?parent=4237"}],"wp:term":[{"taxonomy":"product_brand","embeddable":true,"href":"https:\/\/www.christiegrey.com\/fr\/wp-json\/wp\/v2\/product_brand?post=4237"},{"taxonomy":"product_cat","embeddable":true,"href":"https:\/\/www.christiegrey.com\/fr\/wp-json\/wp\/v2\/product_cat?post=4237"},{"taxonomy":"product_tag","embeddable":true,"href":"https:\/\/www.christiegrey.com\/fr\/wp-json\/wp\/v2\/product_tag?post=4237"}],"curies":[{"name":"wp","href":"https:\/\/api.w.org\/{rel}","templated":true}]}}