{"id":4225,"date":"2025-12-25T14:15:49","date_gmt":"2025-12-25T14:15:49","guid":{"rendered":"https:\/\/www.christiegrey.com\/product\/tapis-et-coussinets-studflex\/"},"modified":"2025-12-25T14:15:49","modified_gmt":"2025-12-25T14:15:49","slug":"tapis-et-coussinets-studflex","status":"publish","type":"product","link":"https:\/\/www.christiegrey.com\/fr\/produit\/tapis-et-coussinets-studflex\/","title":{"rendered":"Tapis et coussinets Studflex"},"content":{"rendered":"<p>Ce design leader du march\u00e9 est le produit d\u2019isolation de zone le plus adaptable et efficace disponible.<\/p>\n<p>Il est capable de prot\u00e9ger des b\u00e2timents entiers des vibrations ferroviaires tandis que des plateformes de section plus petite peuvent \u00eatre utilis\u00e9es pour isoler les installations de climatisation des b\u00e2timents.<\/p>\n<p>Les tapis d\u2019isolation Studflex sont fabriqu\u00e9s \u00e0 partir d\u2019une gamme de compos\u00e9s de caoutchouc naturel de premi\u00e8re qualit\u00e9 selon le BS5176 et sont disponibles en conception \u00e0 montants pleins ou creux pour couvrir une large gamme de charges appliqu\u00e9es.<\/p>\n<p>Une caract\u00e9ristique unique du design Studflex est la pr\u00e9sence de segments moul\u00e9s qui permettent de d\u00e9couper le tapis \u00e0 la main en coussinets individuels, id\u00e9al pour \u00eatre positionn\u00e9 directement sous les pieds de la machine ou les cadres de base.<\/p>\n","protected":false},"excerpt":{"rendered":"<p>Ce design leader du march\u00e9 est le produit d\u2019isolation de zone le plus adaptable et efficace disponible. Il est capable de prot\u00e9ger des b\u00e2timents entiers des vibrations ferroviaires tandis que des plateformes de section plus petite peuvent \u00eatre utilis\u00e9es pour isoler les installations de climatisation des b\u00e2timents. Les tapis d\u2019isolation Studflex sont fabriqu\u00e9s \u00e0 partir&hellip;<\/p>\n","protected":false},"featured_media":1069,"comment_status":"open","ping_status":"closed","template":"","meta":{"_acf_changed":false},"product_brand":[],"product_cat":[116,107],"product_tag":[],"class_list":{"0":"post-4225","1":"product","2":"type-product","3":"status-publish","4":"has-post-thumbnail","6":"product_cat-planchers-flottants","7":"product_cat-solutions-de-construction","9":"first","10":"instock","11":"shipping-taxable","12":"purchasable","13":"product-type-simple"},"acf":[],"yoast_head":"<!-- This site is optimized with the Yoast SEO plugin v27.0 - https:\/\/yoast.com\/product\/yoast-seo-wordpress\/ -->\n<title>Tapis et coussinets Studflex | Solutions avanc\u00e9es d\u2019isolation des vibrations<\/title>\n<meta name=\"description\" content=\"Les tapis et plaques Studflex offrent une isolation des vibrations fiable pour les b\u00e2timents et machines, utilisant du caoutchouc naturel de haute qualit\u00e9 pour r\u00e9duire la tension ferroviaire\" \/>\n<meta name=\"robots\" content=\"index, follow, max-snippet:-1, max-image-preview:large, max-video-preview:-1\" \/>\n<link rel=\"canonical\" href=\"https:\/\/www.christiegrey.com\/fr\/produit\/tapis-et-coussinets-studflex\/\" \/>\n<meta property=\"og:locale\" content=\"fr_FR\" \/>\n<meta property=\"og:type\" content=\"article\" \/>\n<meta property=\"og:title\" content=\"Tapis et coussinets Studflex | Solutions avanc\u00e9es d\u2019isolation des vibrations\" \/>\n<meta property=\"og:description\" content=\"Les tapis et plaques Studflex offrent une isolation des vibrations fiable pour les b\u00e2timents et machines, utilisant du caoutchouc naturel de haute qualit\u00e9 pour r\u00e9duire la tension ferroviaire\" \/>\n<meta property=\"og:url\" content=\"https:\/\/www.christiegrey.com\/fr\/produit\/tapis-et-coussinets-studflex\/\" \/>\n<meta property=\"article:publisher\" content=\"https:\/\/www.facebook.com\/christieandgreylimited\" \/>\n<meta property=\"og:image\" content=\"https:\/\/www.christiegrey.com\/wp-content\/uploads\/2025\/12\/studflex_mat.png\" \/>\n\t<meta property=\"og:image:width\" content=\"300\" \/>\n\t<meta property=\"og:image:height\" content=\"300\" \/>\n\t<meta property=\"og:image:type\" content=\"image\/png\" \/>\n<meta name=\"twitter:card\" content=\"summary_large_image\" \/>\n<meta name=\"twitter:site\" content=\"@christiegreyltd\" \/>\n<meta name=\"twitter:label1\" content=\"Dur\u00e9e de lecture estim\u00e9e\" \/>\n\t<meta name=\"twitter:data1\" content=\"1 minute\" \/>\n<script type=\"application\/ld+json\" class=\"yoast-schema-graph\">{\"@context\":\"https:\/\/schema.org\",\"@graph\":[{\"@type\":\"WebPage\",\"@id\":\"https:\/\/www.christiegrey.com\/fr\/produit\/tapis-et-coussinets-studflex\/\",\"url\":\"https:\/\/www.christiegrey.com\/fr\/produit\/tapis-et-coussinets-studflex\/\",\"name\":\"Tapis et coussinets Studflex | Solutions avanc\u00e9es d\u2019isolation des vibrations\",\"isPartOf\":{\"@id\":\"https:\/\/www.christiegrey.com\/#website\"},\"primaryImageOfPage\":{\"@id\":\"https:\/\/www.christiegrey.com\/fr\/produit\/tapis-et-coussinets-studflex\/#primaryimage\"},\"image\":{\"@id\":\"https:\/\/www.christiegrey.com\/fr\/produit\/tapis-et-coussinets-studflex\/#primaryimage\"},\"thumbnailUrl\":\"https:\/\/www.christiegrey.com\/wp-content\/uploads\/2025\/12\/studflex_mat.png\",\"datePublished\":\"2025-12-25T14:15:49+00:00\",\"description\":\"Les tapis et plaques Studflex offrent une isolation des vibrations fiable pour les b\u00e2timents et machines, utilisant du caoutchouc naturel de haute qualit\u00e9 pour r\u00e9duire la tension ferroviaire\",\"breadcrumb\":{\"@id\":\"https:\/\/www.christiegrey.com\/fr\/produit\/tapis-et-coussinets-studflex\/#breadcrumb\"},\"inLanguage\":\"fr-FR\",\"potentialAction\":[{\"@type\":\"ReadAction\",\"target\":[\"https:\/\/www.christiegrey.com\/fr\/produit\/tapis-et-coussinets-studflex\/\"]}]},{\"@type\":\"ImageObject\",\"inLanguage\":\"fr-FR\",\"@id\":\"https:\/\/www.christiegrey.com\/fr\/produit\/tapis-et-coussinets-studflex\/#primaryimage\",\"url\":\"https:\/\/www.christiegrey.com\/wp-content\/uploads\/2025\/12\/studflex_mat.png\",\"contentUrl\":\"https:\/\/www.christiegrey.com\/wp-content\/uploads\/2025\/12\/studflex_mat.png\",\"width\":300,\"height\":300,\"caption\":\"Studflex anti-vibration pads\"},{\"@type\":\"BreadcrumbList\",\"@id\":\"https:\/\/www.christiegrey.com\/fr\/produit\/tapis-et-coussinets-studflex\/#breadcrumb\",\"itemListElement\":[{\"@type\":\"ListItem\",\"position\":1,\"name\":\"Accueil\",\"item\":\"https:\/\/www.christiegrey.com\/\"},{\"@type\":\"ListItem\",\"position\":2,\"name\":\"Nos produits\",\"item\":\"https:\/\/www.christiegrey.com\/fr\/boutique\/\"},{\"@type\":\"ListItem\",\"position\":3,\"name\":\"Tapis et coussinets Studflex\"}]},{\"@type\":\"WebSite\",\"@id\":\"https:\/\/www.christiegrey.com\/#website\",\"url\":\"https:\/\/www.christiegrey.com\/\",\"name\":\"Christie & Grey\",\"description\":\"\",\"publisher\":{\"@id\":\"https:\/\/www.christiegrey.com\/#organization\"},\"potentialAction\":[{\"@type\":\"SearchAction\",\"target\":{\"@type\":\"EntryPoint\",\"urlTemplate\":\"https:\/\/www.christiegrey.com\/?s={search_term_string}\"},\"query-input\":{\"@type\":\"PropertyValueSpecification\",\"valueRequired\":true,\"valueName\":\"search_term_string\"}}],\"inLanguage\":\"fr-FR\"},{\"@type\":\"Organization\",\"@id\":\"https:\/\/www.christiegrey.com\/#organization\",\"name\":\"Christie & Grey\",\"url\":\"https:\/\/www.christiegrey.com\/\",\"logo\":{\"@type\":\"ImageObject\",\"inLanguage\":\"fr-FR\",\"@id\":\"https:\/\/www.christiegrey.com\/#\/schema\/logo\/image\/\",\"url\":\"https:\/\/www.christiegrey.com\/wp-content\/uploads\/2026\/02\/cropped-logo-scaled-1.png\",\"contentUrl\":\"https:\/\/www.christiegrey.com\/wp-content\/uploads\/2026\/02\/cropped-logo-scaled-1.png\",\"width\":250,\"height\":90,\"caption\":\"Christie & Grey\"},\"image\":{\"@id\":\"https:\/\/www.christiegrey.com\/#\/schema\/logo\/image\/\"},\"sameAs\":[\"https:\/\/www.facebook.com\/christieandgreylimited\",\"https:\/\/x.com\/christiegreyltd\"]}]}<\/script>\n<!-- \/ Yoast SEO plugin. -->","yoast_head_json":{"title":"Tapis et coussinets Studflex | Solutions avanc\u00e9es d\u2019isolation des vibrations","description":"Les tapis et plaques Studflex offrent une isolation des vibrations fiable pour les b\u00e2timents et machines, utilisant du caoutchouc naturel de haute qualit\u00e9 pour r\u00e9duire la tension ferroviaire","robots":{"index":"index","follow":"follow","max-snippet":"max-snippet:-1","max-image-preview":"max-image-preview:large","max-video-preview":"max-video-preview:-1"},"canonical":"https:\/\/www.christiegrey.com\/fr\/produit\/tapis-et-coussinets-studflex\/","og_locale":"fr_FR","og_type":"article","og_title":"Tapis et coussinets Studflex | Solutions avanc\u00e9es d\u2019isolation des vibrations","og_description":"Les tapis et plaques Studflex offrent une isolation des vibrations fiable pour les b\u00e2timents et machines, utilisant du caoutchouc naturel de haute qualit\u00e9 pour r\u00e9duire la tension ferroviaire","og_url":"https:\/\/www.christiegrey.com\/fr\/produit\/tapis-et-coussinets-studflex\/","article_publisher":"https:\/\/www.facebook.com\/christieandgreylimited","og_image":[{"width":300,"height":300,"url":"https:\/\/www.christiegrey.com\/wp-content\/uploads\/2025\/12\/studflex_mat.png","type":"image\/png"}],"twitter_card":"summary_large_image","twitter_site":"@christiegreyltd","twitter_misc":{"Dur\u00e9e de lecture estim\u00e9e":"1 minute"},"schema":{"@context":"https:\/\/schema.org","@graph":[{"@type":"WebPage","@id":"https:\/\/www.christiegrey.com\/fr\/produit\/tapis-et-coussinets-studflex\/","url":"https:\/\/www.christiegrey.com\/fr\/produit\/tapis-et-coussinets-studflex\/","name":"Tapis et coussinets Studflex | Solutions avanc\u00e9es d\u2019isolation des vibrations","isPartOf":{"@id":"https:\/\/www.christiegrey.com\/#website"},"primaryImageOfPage":{"@id":"https:\/\/www.christiegrey.com\/fr\/produit\/tapis-et-coussinets-studflex\/#primaryimage"},"image":{"@id":"https:\/\/www.christiegrey.com\/fr\/produit\/tapis-et-coussinets-studflex\/#primaryimage"},"thumbnailUrl":"https:\/\/www.christiegrey.com\/wp-content\/uploads\/2025\/12\/studflex_mat.png","datePublished":"2025-12-25T14:15:49+00:00","description":"Les tapis et plaques Studflex offrent une isolation des vibrations fiable pour les b\u00e2timents et machines, utilisant du caoutchouc naturel de haute qualit\u00e9 pour r\u00e9duire la tension ferroviaire","breadcrumb":{"@id":"https:\/\/www.christiegrey.com\/fr\/produit\/tapis-et-coussinets-studflex\/#breadcrumb"},"inLanguage":"fr-FR","potentialAction":[{"@type":"ReadAction","target":["https:\/\/www.christiegrey.com\/fr\/produit\/tapis-et-coussinets-studflex\/"]}]},{"@type":"ImageObject","inLanguage":"fr-FR","@id":"https:\/\/www.christiegrey.com\/fr\/produit\/tapis-et-coussinets-studflex\/#primaryimage","url":"https:\/\/www.christiegrey.com\/wp-content\/uploads\/2025\/12\/studflex_mat.png","contentUrl":"https:\/\/www.christiegrey.com\/wp-content\/uploads\/2025\/12\/studflex_mat.png","width":300,"height":300,"caption":"Studflex anti-vibration pads"},{"@type":"BreadcrumbList","@id":"https:\/\/www.christiegrey.com\/fr\/produit\/tapis-et-coussinets-studflex\/#breadcrumb","itemListElement":[{"@type":"ListItem","position":1,"name":"Accueil","item":"https:\/\/www.christiegrey.com\/"},{"@type":"ListItem","position":2,"name":"Nos produits","item":"https:\/\/www.christiegrey.com\/fr\/boutique\/"},{"@type":"ListItem","position":3,"name":"Tapis et coussinets Studflex"}]},{"@type":"WebSite","@id":"https:\/\/www.christiegrey.com\/#website","url":"https:\/\/www.christiegrey.com\/","name":"Christie & Grey","description":"","publisher":{"@id":"https:\/\/www.christiegrey.com\/#organization"},"potentialAction":[{"@type":"SearchAction","target":{"@type":"EntryPoint","urlTemplate":"https:\/\/www.christiegrey.com\/?s={search_term_string}"},"query-input":{"@type":"PropertyValueSpecification","valueRequired":true,"valueName":"search_term_string"}}],"inLanguage":"fr-FR"},{"@type":"Organization","@id":"https:\/\/www.christiegrey.com\/#organization","name":"Christie & Grey","url":"https:\/\/www.christiegrey.com\/","logo":{"@type":"ImageObject","inLanguage":"fr-FR","@id":"https:\/\/www.christiegrey.com\/#\/schema\/logo\/image\/","url":"https:\/\/www.christiegrey.com\/wp-content\/uploads\/2026\/02\/cropped-logo-scaled-1.png","contentUrl":"https:\/\/www.christiegrey.com\/wp-content\/uploads\/2026\/02\/cropped-logo-scaled-1.png","width":250,"height":90,"caption":"Christie & Grey"},"image":{"@id":"https:\/\/www.christiegrey.com\/#\/schema\/logo\/image\/"},"sameAs":["https:\/\/www.facebook.com\/christieandgreylimited","https:\/\/x.com\/christiegreyltd"]}]}},"_links":{"self":[{"href":"https:\/\/www.christiegrey.com\/fr\/wp-json\/wp\/v2\/product\/4225","targetHints":{"allow":["GET"]}}],"collection":[{"href":"https:\/\/www.christiegrey.com\/fr\/wp-json\/wp\/v2\/product"}],"about":[{"href":"https:\/\/www.christiegrey.com\/fr\/wp-json\/wp\/v2\/types\/product"}],"replies":[{"embeddable":true,"href":"https:\/\/www.christiegrey.com\/fr\/wp-json\/wp\/v2\/comments?post=4225"}],"wp:featuredmedia":[{"embeddable":true,"href":"https:\/\/www.christiegrey.com\/fr\/wp-json\/wp\/v2\/media\/1069"}],"wp:attachment":[{"href":"https:\/\/www.christiegrey.com\/fr\/wp-json\/wp\/v2\/media?parent=4225"}],"wp:term":[{"taxonomy":"product_brand","embeddable":true,"href":"https:\/\/www.christiegrey.com\/fr\/wp-json\/wp\/v2\/product_brand?post=4225"},{"taxonomy":"product_cat","embeddable":true,"href":"https:\/\/www.christiegrey.com\/fr\/wp-json\/wp\/v2\/product_cat?post=4225"},{"taxonomy":"product_tag","embeddable":true,"href":"https:\/\/www.christiegrey.com\/fr\/wp-json\/wp\/v2\/product_tag?post=4225"}],"curies":[{"name":"wp","href":"https:\/\/api.w.org\/{rel}","templated":true}]}}