{"id":3892,"date":"2025-12-25T14:42:17","date_gmt":"2025-12-25T14:42:17","guid":{"rendered":"https:\/\/www.christiegrey.com\/product\/cintres-a-ressorts\/"},"modified":"2026-01-30T22:57:56","modified_gmt":"2026-01-30T22:57:56","slug":"cintres-a-ressorts","status":"publish","type":"product","link":"https:\/\/www.christiegrey.com\/fr\/produit\/cintres-a-ressorts\/","title":{"rendered":"Cintres \u00e0 ressorts"},"content":{"rendered":"<p>Une gamme compl\u00e8te de supports \u00e0 ressorts en acier offrant une isolation des vibrations \u00e0 basse fr\u00e9quence.<\/p>\n<p>De larges plages de charges et des besoins de fixation sont pris en compte. Des supports sp\u00e9cialis\u00e9s combinant ressorts en acier et \u00e9l\u00e9ments en caoutchouc sont disponibles, ainsi que des ressorts \u00e0 d\u00e9formation plus \u00e9lev\u00e9e si n\u00e9cessaire. <\/p>\n","protected":false},"excerpt":{"rendered":"<p>Type SH<\/p>\n","protected":false},"featured_media":3890,"comment_status":"open","ping_status":"closed","template":"","meta":{"_acf_changed":false},"product_brand":[],"product_cat":[108,107],"product_tag":[],"class_list":{"0":"post-3892","1":"product","2":"type-product","3":"status-publish","4":"has-post-thumbnail","6":"product_cat-produits-acoustiques-pour-plafond","7":"product_cat-solutions-de-construction","9":"first","10":"instock","11":"shipping-taxable","12":"purchasable","13":"product-type-simple"},"acf":[],"yoast_head":"<!-- This site is optimized with the Yoast SEO plugin v27.0 - https:\/\/yoast.com\/product\/yoast-seo-wordpress\/ -->\n<title>Supports \u00e0 ressort SH \u2013 Isolation des vibrations basse fr\u00e9quence<\/title>\n<meta name=\"description\" content=\"Les supports \u00e0 ressort SH offrent une isolation des vibrations basse fr\u00e9quence avec de larges plages de charge et des combinaisons ressort-caoutchouc en option pour un meilleur contr\u00f4le du bruit.\" \/>\n<meta name=\"robots\" content=\"index, follow, max-snippet:-1, max-image-preview:large, max-video-preview:-1\" \/>\n<link rel=\"canonical\" href=\"https:\/\/www.christiegrey.com\/fr\/produit\/cintres-a-ressorts\/\" \/>\n<meta property=\"og:locale\" content=\"fr_FR\" \/>\n<meta property=\"og:type\" content=\"article\" \/>\n<meta property=\"og:title\" content=\"Supports \u00e0 ressort SH \u2013 Isolation des vibrations basse fr\u00e9quence\" \/>\n<meta property=\"og:description\" content=\"Les supports \u00e0 ressort SH offrent une isolation des vibrations basse fr\u00e9quence avec de larges plages de charge et des combinaisons ressort-caoutchouc en option pour un meilleur contr\u00f4le du bruit.\" \/>\n<meta property=\"og:url\" content=\"https:\/\/www.christiegrey.com\/fr\/produit\/cintres-a-ressorts\/\" \/>\n<meta property=\"article:publisher\" content=\"https:\/\/www.facebook.com\/christieandgreylimited\" \/>\n<meta property=\"article:modified_time\" content=\"2026-01-30T22:57:56+00:00\" \/>\n<meta property=\"og:image\" content=\"https:\/\/www.christiegrey.com\/wp-content\/uploads\/2025\/12\/sh_365_x_365.jpg\" \/>\n\t<meta property=\"og:image:width\" content=\"365\" \/>\n\t<meta property=\"og:image:height\" content=\"365\" \/>\n\t<meta property=\"og:image:type\" content=\"image\/jpeg\" \/>\n<meta name=\"twitter:card\" content=\"summary_large_image\" \/>\n<meta name=\"twitter:site\" content=\"@christiegreyltd\" \/>\n<script type=\"application\/ld+json\" class=\"yoast-schema-graph\">{\"@context\":\"https:\/\/schema.org\",\"@graph\":[{\"@type\":\"WebPage\",\"@id\":\"https:\/\/www.christiegrey.com\/fr\/produit\/cintres-a-ressorts\/\",\"url\":\"https:\/\/www.christiegrey.com\/fr\/produit\/cintres-a-ressorts\/\",\"name\":\"Supports \u00e0 ressort SH \u2013 Isolation des vibrations basse fr\u00e9quence\",\"isPartOf\":{\"@id\":\"https:\/\/www.christiegrey.com\/#website\"},\"primaryImageOfPage\":{\"@id\":\"https:\/\/www.christiegrey.com\/fr\/produit\/cintres-a-ressorts\/#primaryimage\"},\"image\":{\"@id\":\"https:\/\/www.christiegrey.com\/fr\/produit\/cintres-a-ressorts\/#primaryimage\"},\"thumbnailUrl\":\"https:\/\/www.christiegrey.com\/wp-content\/uploads\/2025\/12\/sh_rh.jpg\",\"datePublished\":\"2025-12-25T14:42:17+00:00\",\"dateModified\":\"2026-01-30T22:57:56+00:00\",\"description\":\"Les supports \u00e0 ressort SH offrent une isolation des vibrations basse fr\u00e9quence avec de larges plages de charge et des combinaisons ressort-caoutchouc en option pour un meilleur contr\u00f4le du bruit.\",\"breadcrumb\":{\"@id\":\"https:\/\/www.christiegrey.com\/fr\/produit\/cintres-a-ressorts\/#breadcrumb\"},\"inLanguage\":\"fr-FR\",\"potentialAction\":[{\"@type\":\"ReadAction\",\"target\":[\"https:\/\/www.christiegrey.com\/fr\/produit\/cintres-a-ressorts\/\"]}]},{\"@type\":\"ImageObject\",\"inLanguage\":\"fr-FR\",\"@id\":\"https:\/\/www.christiegrey.com\/fr\/produit\/cintres-a-ressorts\/#primaryimage\",\"url\":\"https:\/\/www.christiegrey.com\/wp-content\/uploads\/2025\/12\/sh_rh.jpg\",\"contentUrl\":\"https:\/\/www.christiegrey.com\/wp-content\/uploads\/2025\/12\/sh_rh.jpg\",\"width\":1299,\"height\":1575,\"caption\":\"Spring Hangers\"},{\"@type\":\"BreadcrumbList\",\"@id\":\"https:\/\/www.christiegrey.com\/fr\/produit\/cintres-a-ressorts\/#breadcrumb\",\"itemListElement\":[{\"@type\":\"ListItem\",\"position\":1,\"name\":\"Accueil\",\"item\":\"https:\/\/www.christiegrey.com\/\"},{\"@type\":\"ListItem\",\"position\":2,\"name\":\"Nos produits\",\"item\":\"https:\/\/www.christiegrey.com\/fr\/boutique\/\"},{\"@type\":\"ListItem\",\"position\":3,\"name\":\"Cintres \u00e0 ressorts\"}]},{\"@type\":\"WebSite\",\"@id\":\"https:\/\/www.christiegrey.com\/#website\",\"url\":\"https:\/\/www.christiegrey.com\/\",\"name\":\"Christie & Grey\",\"description\":\"\",\"publisher\":{\"@id\":\"https:\/\/www.christiegrey.com\/#organization\"},\"potentialAction\":[{\"@type\":\"SearchAction\",\"target\":{\"@type\":\"EntryPoint\",\"urlTemplate\":\"https:\/\/www.christiegrey.com\/?s={search_term_string}\"},\"query-input\":{\"@type\":\"PropertyValueSpecification\",\"valueRequired\":true,\"valueName\":\"search_term_string\"}}],\"inLanguage\":\"fr-FR\"},{\"@type\":\"Organization\",\"@id\":\"https:\/\/www.christiegrey.com\/#organization\",\"name\":\"Christie & Grey\",\"url\":\"https:\/\/www.christiegrey.com\/\",\"logo\":{\"@type\":\"ImageObject\",\"inLanguage\":\"fr-FR\",\"@id\":\"https:\/\/www.christiegrey.com\/#\/schema\/logo\/image\/\",\"url\":\"https:\/\/www.christiegrey.com\/wp-content\/uploads\/2026\/02\/cropped-logo-scaled-1.png\",\"contentUrl\":\"https:\/\/www.christiegrey.com\/wp-content\/uploads\/2026\/02\/cropped-logo-scaled-1.png\",\"width\":250,\"height\":90,\"caption\":\"Christie & Grey\"},\"image\":{\"@id\":\"https:\/\/www.christiegrey.com\/#\/schema\/logo\/image\/\"},\"sameAs\":[\"https:\/\/www.facebook.com\/christieandgreylimited\",\"https:\/\/x.com\/christiegreyltd\"]}]}<\/script>\n<!-- \/ Yoast SEO plugin. -->","yoast_head_json":{"title":"Supports \u00e0 ressort SH \u2013 Isolation des vibrations basse fr\u00e9quence","description":"Les supports \u00e0 ressort SH offrent une isolation des vibrations basse fr\u00e9quence avec de larges plages de charge et des combinaisons ressort-caoutchouc en option pour un meilleur contr\u00f4le du bruit.","robots":{"index":"index","follow":"follow","max-snippet":"max-snippet:-1","max-image-preview":"max-image-preview:large","max-video-preview":"max-video-preview:-1"},"canonical":"https:\/\/www.christiegrey.com\/fr\/produit\/cintres-a-ressorts\/","og_locale":"fr_FR","og_type":"article","og_title":"Supports \u00e0 ressort SH \u2013 Isolation des vibrations basse fr\u00e9quence","og_description":"Les supports \u00e0 ressort SH offrent une isolation des vibrations basse fr\u00e9quence avec de larges plages de charge et des combinaisons ressort-caoutchouc en option pour un meilleur contr\u00f4le du bruit.","og_url":"https:\/\/www.christiegrey.com\/fr\/produit\/cintres-a-ressorts\/","article_publisher":"https:\/\/www.facebook.com\/christieandgreylimited","article_modified_time":"2026-01-30T22:57:56+00:00","og_image":[{"width":365,"height":365,"url":"https:\/\/www.christiegrey.com\/wp-content\/uploads\/2025\/12\/sh_365_x_365.jpg","type":"image\/jpeg"}],"twitter_card":"summary_large_image","twitter_site":"@christiegreyltd","schema":{"@context":"https:\/\/schema.org","@graph":[{"@type":"WebPage","@id":"https:\/\/www.christiegrey.com\/fr\/produit\/cintres-a-ressorts\/","url":"https:\/\/www.christiegrey.com\/fr\/produit\/cintres-a-ressorts\/","name":"Supports \u00e0 ressort SH \u2013 Isolation des vibrations basse fr\u00e9quence","isPartOf":{"@id":"https:\/\/www.christiegrey.com\/#website"},"primaryImageOfPage":{"@id":"https:\/\/www.christiegrey.com\/fr\/produit\/cintres-a-ressorts\/#primaryimage"},"image":{"@id":"https:\/\/www.christiegrey.com\/fr\/produit\/cintres-a-ressorts\/#primaryimage"},"thumbnailUrl":"https:\/\/www.christiegrey.com\/wp-content\/uploads\/2025\/12\/sh_rh.jpg","datePublished":"2025-12-25T14:42:17+00:00","dateModified":"2026-01-30T22:57:56+00:00","description":"Les supports \u00e0 ressort SH offrent une isolation des vibrations basse fr\u00e9quence avec de larges plages de charge et des combinaisons ressort-caoutchouc en option pour un meilleur contr\u00f4le du bruit.","breadcrumb":{"@id":"https:\/\/www.christiegrey.com\/fr\/produit\/cintres-a-ressorts\/#breadcrumb"},"inLanguage":"fr-FR","potentialAction":[{"@type":"ReadAction","target":["https:\/\/www.christiegrey.com\/fr\/produit\/cintres-a-ressorts\/"]}]},{"@type":"ImageObject","inLanguage":"fr-FR","@id":"https:\/\/www.christiegrey.com\/fr\/produit\/cintres-a-ressorts\/#primaryimage","url":"https:\/\/www.christiegrey.com\/wp-content\/uploads\/2025\/12\/sh_rh.jpg","contentUrl":"https:\/\/www.christiegrey.com\/wp-content\/uploads\/2025\/12\/sh_rh.jpg","width":1299,"height":1575,"caption":"Spring Hangers"},{"@type":"BreadcrumbList","@id":"https:\/\/www.christiegrey.com\/fr\/produit\/cintres-a-ressorts\/#breadcrumb","itemListElement":[{"@type":"ListItem","position":1,"name":"Accueil","item":"https:\/\/www.christiegrey.com\/"},{"@type":"ListItem","position":2,"name":"Nos produits","item":"https:\/\/www.christiegrey.com\/fr\/boutique\/"},{"@type":"ListItem","position":3,"name":"Cintres \u00e0 ressorts"}]},{"@type":"WebSite","@id":"https:\/\/www.christiegrey.com\/#website","url":"https:\/\/www.christiegrey.com\/","name":"Christie & Grey","description":"","publisher":{"@id":"https:\/\/www.christiegrey.com\/#organization"},"potentialAction":[{"@type":"SearchAction","target":{"@type":"EntryPoint","urlTemplate":"https:\/\/www.christiegrey.com\/?s={search_term_string}"},"query-input":{"@type":"PropertyValueSpecification","valueRequired":true,"valueName":"search_term_string"}}],"inLanguage":"fr-FR"},{"@type":"Organization","@id":"https:\/\/www.christiegrey.com\/#organization","name":"Christie & Grey","url":"https:\/\/www.christiegrey.com\/","logo":{"@type":"ImageObject","inLanguage":"fr-FR","@id":"https:\/\/www.christiegrey.com\/#\/schema\/logo\/image\/","url":"https:\/\/www.christiegrey.com\/wp-content\/uploads\/2026\/02\/cropped-logo-scaled-1.png","contentUrl":"https:\/\/www.christiegrey.com\/wp-content\/uploads\/2026\/02\/cropped-logo-scaled-1.png","width":250,"height":90,"caption":"Christie & Grey"},"image":{"@id":"https:\/\/www.christiegrey.com\/#\/schema\/logo\/image\/"},"sameAs":["https:\/\/www.facebook.com\/christieandgreylimited","https:\/\/x.com\/christiegreyltd"]}]}},"_links":{"self":[{"href":"https:\/\/www.christiegrey.com\/fr\/wp-json\/wp\/v2\/product\/3892","targetHints":{"allow":["GET"]}}],"collection":[{"href":"https:\/\/www.christiegrey.com\/fr\/wp-json\/wp\/v2\/product"}],"about":[{"href":"https:\/\/www.christiegrey.com\/fr\/wp-json\/wp\/v2\/types\/product"}],"replies":[{"embeddable":true,"href":"https:\/\/www.christiegrey.com\/fr\/wp-json\/wp\/v2\/comments?post=3892"}],"wp:featuredmedia":[{"embeddable":true,"href":"https:\/\/www.christiegrey.com\/fr\/wp-json\/wp\/v2\/media\/3890"}],"wp:attachment":[{"href":"https:\/\/www.christiegrey.com\/fr\/wp-json\/wp\/v2\/media?parent=3892"}],"wp:term":[{"taxonomy":"product_brand","embeddable":true,"href":"https:\/\/www.christiegrey.com\/fr\/wp-json\/wp\/v2\/product_brand?post=3892"},{"taxonomy":"product_cat","embeddable":true,"href":"https:\/\/www.christiegrey.com\/fr\/wp-json\/wp\/v2\/product_cat?post=3892"},{"taxonomy":"product_tag","embeddable":true,"href":"https:\/\/www.christiegrey.com\/fr\/wp-json\/wp\/v2\/product_tag?post=3892"}],"curies":[{"name":"wp","href":"https:\/\/api.w.org\/{rel}","templated":true}]}}