{"id":5775,"date":"2026-01-17T10:45:41","date_gmt":"2026-01-17T10:45:41","guid":{"rendered":"https:\/\/www.christiegrey.com\/politiques\/"},"modified":"2026-04-02T10:15:42","modified_gmt":"2026-04-02T10:15:42","slug":"politiques","status":"publish","type":"page","link":"https:\/\/www.christiegrey.com\/fr\/politiques\/","title":{"rendered":"Politiques"},"content":{"rendered":"\t\t<div data-elementor-type=\"wp-post\" data-elementor-id=\"5775\" class=\"elementor elementor-5775 elementor-2764\" data-elementor-post-type=\"page\">\n\t\t\t\t<div class=\"elementor-element elementor-element-78357653 e-flex e-con-boxed e-con e-parent\" data-id=\"78357653\" data-element_type=\"container\" data-e-type=\"container\" id=\"representatives\" data-settings=\"{&quot;background_background&quot;:&quot;classic&quot;}\">\n\t\t\t\t\t<div class=\"e-con-inner\">\n\t\t\t\t<div class=\"elementor-element elementor-element-a87fce1 elementor-widget elementor-widget-spacer\" data-id=\"a87fce1\" data-element_type=\"widget\" data-e-type=\"widget\" data-widget_type=\"spacer.default\">\n\t\t\t\t\t\t\t<div class=\"elementor-spacer\">\n\t\t\t<div class=\"elementor-spacer-inner\"><\/div>\n\t\t<\/div>\n\t\t\t\t\t\t<\/div>\n\t\t\t\t\t<\/div>\n\t\t\t\t<\/div>\n\t\t<div class=\"elementor-element elementor-element-47529ed e-con-full e-flex e-con e-parent\" data-id=\"47529ed\" data-element_type=\"container\" data-e-type=\"container\">\n\t\t\t\t<div class=\"elementor-element elementor-element-c8fe429 elementor-widget elementor-widget-heading\" data-id=\"c8fe429\" data-element_type=\"widget\" data-e-type=\"widget\" data-widget_type=\"heading.default\">\n\t\t\t\t\t<h1 class=\"elementor-heading-title elementor-size-default\">Politique de confidentialit\u00e9<\/h1>\t\t\t\t<\/div>\n\t\t\t\t<div class=\"elementor-element elementor-element-edc8c76 elementor-widget elementor-widget-text-editor\" data-id=\"edc8c76\" data-element_type=\"widget\" data-e-type=\"widget\" data-widget_type=\"text-editor.default\">\n\t\t\t\t\t\t\t\t\t<p>Cette politique explique quand et pourquoi Christie &amp; Grey Ltd doit recueillir et utiliser certaines informations sur les individus, comment nous les utilisons et comment nous les prot\u00e9geons. Cela peut inclure des clients, des fournisseurs, des contacts commerciaux, des employ\u00e9s et d\u2019autres personnes avec qui l\u2019organisation entretient une relation ou qui pourrait avoir besoin de contacter. <\/p><p>Cette police garantit \u00e0 Christie &amp; Grey Ltd :<br>Respecte la l\u00e9gislation sur la protection des donn\u00e9es et suit les bonnes pratiques.<br>Prot\u00e8ge les droits du personnel, des clients et des partenaires.<br>Est ouvert sur la mani\u00e8re dont il stocke et traite les donn\u00e9es individuelles.<br>Se prot\u00e8ge contre les risques d\u2019une violation de donn\u00e9es<\/p><p>Toute question concernant cette politique doit \u00eatre adress\u00e9e par \u00e9crit \u00e0 Christie &amp; Grey Ltd, Morley Road, Tonbridge, Kent TN9 1RA ou par e-mail \u00e0 <a href=\"mailto:media@christiegrey.com\">media@christiegrey.com<\/a><\/p>\t\t\t\t\t\t\t\t<\/div>\n\t\t\t\t<div class=\"elementor-element elementor-element-332d26e elementor-widget elementor-widget-text-editor\" data-id=\"332d26e\" data-element_type=\"widget\" data-e-type=\"widget\" data-widget_type=\"text-editor.default\">\n\t\t\t\t\t\t\t\t\t<p><strong>Comment collectons-nous vos donn\u00e9es ?<\/strong><\/p><p>Vous nous fournissez directement la plupart des donn\u00e9es que nous collectons. En g\u00e9n\u00e9ral, nous collectons et traitons des donn\u00e9es lorsque vous : <\/p><p>Faites une demande pour l\u2019un de nos produits ou services<br>Passez commande pour nos produits ou services<br>Remplissez volontairement une enqu\u00eate client ou donnez vos retours sur l\u2019un de nos forums ou e-mail<br>Utilisez notre site web<br>Inscrivez-vous en ligne<br>Faites des appels t\u00e9l\u00e9phoniques\/m\u00e9dias et\/ou envoyez d\u2019autres correspondances.<\/p>\t\t\t\t\t\t\t\t<\/div>\n\t\t\t\t<div class=\"elementor-element elementor-element-390e1a5 elementor-widget elementor-widget-text-editor\" data-id=\"390e1a5\" data-element_type=\"widget\" data-e-type=\"widget\" data-widget_type=\"text-editor.default\">\n\t\t\t\t\t\t\t\t\t<p><strong>Quelles informations collectons-nous ?<\/strong><\/p><p>Nous collectons les donn\u00e9es personnelles n\u00e9cessaires pour que nous puissions exercer nos services. Les informations typiques que nous pourrions recueillir de vous incluent : <\/p><p>Ton nom<br>Nom de l\u2019entreprise<br>Adresse postale<br>Adresse e-mail<br>Num\u00e9ro de t\u00e9l\u00e9phone<br>Pays o\u00f9 vous \u00eates situ\u00e9<br>Nom sur les r\u00e9seaux sociaux<br>Services\/march\u00e9s qui vous int\u00e9ressent<br>Vos commentaires\/questions<br>Les zones du site web que vous visitez.<\/p><p>Informations sur votre ordinateur, comme le navigateur que vous utilisez, votre localisation r\u00e9seau, le type de connexion que vous utilisez et votre adresse IP.<\/p><p>En utilisant des cookies, qui sont de petits fichiers qui nous aident \u00e0 suivre la fa\u00e7on dont nos visiteurs utilisent le site et \u00e0 comprendre o\u00f9 nous pouvons am\u00e9liorer votre exp\u00e9rience. Si vous souhaitez savoir quels cookies nous utilisons et les informations qu\u2019ils suivent, consultez notre politique sur les cookies. <\/p>\t\t\t\t\t\t\t\t<\/div>\n\t\t\t\t<div class=\"elementor-element elementor-element-d1e5b9c elementor-widget elementor-widget-text-editor\" data-id=\"d1e5b9c\" data-element_type=\"widget\" data-e-type=\"widget\" data-widget_type=\"text-editor.default\">\n\t\t\t\t\t\t\t\t\t<p><strong>Comment allons-nous utiliser vos donn\u00e9es ?<\/strong><\/p><p>Notre entreprise collecte vos donn\u00e9es aux fins suivantes :<\/p><p>Pour comprendre vos besoins en service.<br>Tenez des dossiers internes.<br>G\u00e9rer les questions.<br>Pour traiter les ordonnances que vous avez soumises.<br>Remplissez nos obligations d\u00e9coulant de tout contrat conclu entre vous et nous.<br>Nous vous informerons des changements apport\u00e9s \u00e0 nos services.<br>D\u00e9veloppement commercial.<br>D\u00e9veloppez notre site web.<br>Renseignez-vous aupr\u00e8s des agences de cr\u00e9dit et d\u2019autres fournisseurs d\u2019informations sur les entreprises.<br>\u00c9tudes de march\u00e9<\/p><p><b><br>Marketing<br><\/b><br>De temps en temps, nous pourrions vous fournir des informations sur les services Christie and Grey ainsi que d\u2019autres informations que nous pensons vous int\u00e9resser. Nous pouvons vous envoyer ces informations par courrier, t\u00e9l\u00e9phone ou \u00e9lectronique, sauf si vous nous avez demand\u00e9 de ne pas le faire. <\/p><p>Nous ne partagerons pas vos informations personnelles avec des tiers \u00e0 des fins marketing sans votre consentement explicite.<\/p><p>Si vous ne souhaitez pas recevoir de communications marketing de notre part concernant les services ou produits que nous proposons, veuillez nous contacter \u00e0 <a href=\"mailto:media@christiegrey.com\">media@christiegrey.com<\/a> ou suivre le lien de d\u00e9sabonnement dans l\u2019un de nos messages marketing.<\/p><p><strong><br>S\u00e9curit\u00e9<\/strong><br>Nous nous engageons \u00e0 garantir la s\u00e9curit\u00e9 de vos informations. Afin d\u2019\u00e9viter l\u2019acc\u00e8s ou la divulgation non autoris\u00e9s, nous avons mis en place des proc\u00e9dures physiques, \u00e9lectroniques et manag\u00e9riales appropri\u00e9es pour prot\u00e9ger et prot\u00e9ger les informations que nous collectons, y compris les armoires verrouill\u00e9es, la protection \u00e9lectronique par mot de passe et l\u2019acc\u00e8s par code cl\u00e9 aux b\u00e2timents. <\/p><p>Nous sommes l\u00e9galement tenus de d\u00e9tenir certains types d\u2019informations pour remplir nos obligations l\u00e9gales. Nous conserverons vos informations personnelles sur nos syst\u00e8mes aussi longtemps que n\u00e9cessaire pour l\u2019activit\u00e9 concern\u00e9e, ou pour la dur\u00e9e convenue dans tout contrat pertinent que vous d\u00e9tenez avec nous <\/p><p>Dans certaines circonstances, nous pouvons \u00eatre oblig\u00e9s de divulguer vos informations personnelles par la loi, car un tribunal, la police ou une autre agence de police nous l\u2019a demand\u00e9e.<\/p><p>Nous pouvons partager vos informations personnelles avec des entreprises agissant en notre nom et qui n\u2019utiliseront ces informations que pour fournir ce service. Cependant, nous conserverons le contr\u00f4le de vos donn\u00e9es et tout fournisseur tiers que nous utilisons doit agir conform\u00e9ment \u00e0 nos instructions. <\/p><p>Si n\u00e9cessaire, nous pouvons apporter des modifications \u00e0 cette Politique de confidentialit\u00e9, veuillez revenir r\u00e9guli\u00e8rement pour rester inform\u00e9 de toute mise \u00e0 jour ou modification de cette Politique de confidentialit\u00e9.<\/p><p><strong><br>Comment acc\u00e9der et mettre \u00e0 jour vos informations<\/strong><\/p><p>Notre entreprise souhaite s\u2019assurer que vous \u00eates pleinement conscient de vos droits \u00e0 la protection des donn\u00e9es.<\/p><p>Si vous pensez que certaines informations que nous avons \u00e0 votre sujet sont incorrectes ou incompl\u00e8tes, veuillez nous envoyer un e-mail d\u00e8s que possible. Nous corrigerons ou mettrons \u00e0 jour toute information d\u00e8s que possible. <\/p><p>Vous avez le droit de demander des copies des informations personnelles que nous d\u00e9tenons \u00e0 votre sujet. Si vous souhaitez obtenir une copie des informations d\u00e9tenues \u00e0 votre sujet, veuillez nous contacter \u00e0 l\u2019adresse indiqu\u00e9e ci-dessus. Veuillez noter que nous pouvons facturer une petite commission administrative de 50 \u00a3 pour les demandes d\u2019information.  <\/p>\t\t\t\t\t\t\t\t<\/div>\n\t\t\t\t<div class=\"elementor-element elementor-element-a2b6a7b elementor-widget elementor-widget-heading\" data-id=\"a2b6a7b\" data-element_type=\"widget\" data-e-type=\"widget\" data-widget_type=\"heading.default\">\n\t\t\t\t\t<h2 class=\"elementor-heading-title elementor-size-default\">Politique des cookies<\/h2>\t\t\t\t<\/div>\n\t\t\t\t<div class=\"elementor-element elementor-element-c18b8cf elementor-widget elementor-widget-text-editor\" data-id=\"c18b8cf\" data-element_type=\"widget\" data-e-type=\"widget\" data-widget_type=\"text-editor.default\">\n\t\t\t\t\t\t\t\t\t<p><strong>Cookies sur les sites de Christie &amp; Grey<\/strong><\/p><p>Ce site, comme beaucoup d\u2019autres, utilise de petits fichiers appel\u00e9s \u00ab cookies \u00bb pour permettre au site de fonctionner et de fonctionner selon les besoins.<\/p><p>Si vous ne consentez pas \u00e0 l\u2019utilisation de cookies par Christie &amp; Grey, il est possible d\u2019emp\u00eacher votre navigateur de les accepter, cependant, vous pourriez constater que certains aspects du site cesseront ou fonctionneront moins bien si vous faites cela.<\/p><p>Cette page contient des informations sur ce que sont les \u00ab cookies \u00bb, les cookies utilis\u00e9s par Christie &amp; Grey, comment d\u00e9sactiver les cookies dans votre navigateur si vous ne consentez pas \u00e0 ce que Christie &amp; Grey utilise des cookies, ainsi que quelques liens utiles pour plus d\u2019informations.<\/p><p><strong><br>Qu\u2019est-ce que les \u00ab cookies \u00bb ?<\/strong><br>Les \u00ab cookies \u00bb sont de petits fichiers texte stock\u00e9s par le navigateur (par exemple Internet Explorer, Chrome ou Safari) sur votre ordinateur ou t\u00e9l\u00e9phone mobile. Vos appareils peuvent lire et \u00e9crire ces fichiers, ce qui leur permet de stocker des \u00e9l\u00e9ments tels que les d\u00e9tails de personnalisation ou les pr\u00e9f\u00e9rences de l\u2019utilisateur. Chaque domaine web ne peut acc\u00e9der qu\u2019aux cookies stock\u00e9s par ce domaine sp\u00e9cifique, ce qui signifie que seuls les serveurs Christie &amp; Grey peuvent acc\u00e9der aux cookies. La plupart des pages web contiennent des \u00e9l\u00e9ments provenant de plusieurs domaines web. Ainsi, lorsque vous visitez Christie &amp; Grey, votre navigateur peut recevoir des cookies provenant de plusieurs sources.    <\/p><p><strong><br>Comment Christie &amp; Grey utilise-t-il les cookies ?<\/strong><br>Une visite d\u2019une page sur un site de Christie &amp; Grey peut g\u00e9n\u00e9rer les types de cookies suivants : cookies de performance du site, cookies d\u2019analyse anonyme, cookies de suivi d\u2019affiliation et cookies pour faciliter la g\u00e9n\u00e9ration d\u2019un devis.<\/p><p>Cookies de performance du site :<\/p><p>Christie &amp; Grey peut g\u00e9n\u00e9rer des cookies pour am\u00e9liorer les performances du site, par exemple pour choisir des vitesses de streaming vid\u00e9o compatibles avec votre navigateur.<\/p><p>Cookies d\u2019analyse anonymes :<\/p><p>Chaque fois qu\u2019un utilisateur visite nos sites web, un logiciel d\u2019analyse web fourni par un tiers g\u00e9n\u00e8re un cookie d\u2019analyse anonyme. Ces cookies peuvent nous indiquer si vous avez d\u00e9j\u00e0 visit\u00e9 le site auparavant. Votre navigateur nous indiquera si vous avez ces cookies, et si ce n\u2019est pas le cas, nous en g\u00e9n\u00e9rerons de nouveaux. Cela nous permet de suivre le nombre d\u2019utilisateurs uniques individuels que nous avons, et la fr\u00e9quence \u00e0 laquelle ils visitent le site. Ces cookies ne peuvent pas \u00eatre utilis\u00e9s pour identifier des individus ; ils sont utilis\u00e9s uniquement \u00e0 des fins statistiques. Cela nous permet, par exemple, de savoir quelles pages sont les plus visit\u00e9es \u00e0 un moment donn\u00e9.     <\/p><p>Cookies de suivi des affili\u00e9s :<\/p><p>Parfois, nous devons savoir si vous venez de l\u2019un de nos affili\u00e9s, et depuis combien de temps vous n\u2019avez pas visit\u00e9 le site depuis eux. Pour cela, nous d\u00e9posons un cookie sur votre machine lorsque vous visitez Christie &amp; Grey aupr\u00e8s d\u2019un partenaire affili\u00e9. <\/p><p><strong><br>Christie &amp; Grey ne peut pas utiliser les cookies sans votre consentement, alors comment d\u00e9sactiver les cookies ?<\/strong><br>Si vous ne consentez pas \u00e0 l\u2019utilisation de cookies par Christie &amp; Grey, il est possible d\u2019emp\u00eacher votre navigateur de les accepter. Cependant, vous pourriez constater que certains aspects du site cesseront de fonctionner ou fonctionneront moins bien si vous faites cela. <\/p><p>Si vous n\u2019emp\u00eachez pas votre navigateur d\u2019accepter les cookies Christie &amp; Grey, vous consentirez \u00e0 l\u2019utilisation des cookies dans le parcours web.<\/p><p>Tous les navigateurs modernes permettent de modifier vos param\u00e8tres de cookies. Ces param\u00e8tres se trouvent g\u00e9n\u00e9ralement dans le menu \u00ab options \u00bb ou \u00ab pr\u00e9f\u00e9rences \u00bb de votre navigateur et incluent un param\u00e8tre permettant d\u2019emp\u00eacher votre navigateur d\u2019accepter les cookies. Pour comprendre ces param\u00e8tres, veuillez consulter la documentation de votre navigateur ou les fichiers d\u2019aide en ligne.  <\/p><p>Il est possible de d\u00e9sactiver les cookies dans votre navigateur, cependant, vous pourriez constater que certains aspects du site ne fonctionneront plus ou moins bien si vous le faites.<\/p><p>Cette page contient des informations sur ce que sont les \u00ab cookies \u00bb, les cookies utilis\u00e9s par Christie &amp; Grey, comment d\u00e9sactiver les cookies dans votre navigateur si vous ne consentez pas \u00e0 ce que Christie &amp; Grey utilise des cookies, ainsi que quelques liens utiles pour plus d\u2019informations.<\/p>\t\t\t\t\t\t\t\t<\/div>\n\t\t\t\t<\/div>\n\t\t<div class=\"elementor-element elementor-element-b8df315 e-flex e-con-boxed e-con e-parent\" data-id=\"b8df315\" data-element_type=\"container\" data-e-type=\"container\" data-settings=\"{&quot;background_background&quot;:&quot;classic&quot;}\">\n\t\t\t\t\t<div class=\"e-con-inner\">\n\t\t<div class=\"elementor-element elementor-element-d9fe9a1 e-grid e-con-full e-con e-child\" data-id=\"d9fe9a1\" data-element_type=\"container\" data-e-type=\"container\">\n\t\t\t\t<div class=\"elementor-element elementor-element-501b9eb elementor-widget elementor-widget-heading\" data-id=\"501b9eb\" data-element_type=\"widget\" data-e-type=\"widget\" data-widget_type=\"heading.default\">\n\t\t\t\t\t<h2 class=\"elementor-heading-title elementor-size-default\">Pour plus d\u2019informations ou de demandes\n<\/h2>\t\t\t\t<\/div>\n\t\t\t\t<div class=\"elementor-element elementor-element-7b2fc81 elementor-widget elementor-widget-html\" data-id=\"7b2fc81\" data-element_type=\"widget\" data-e-type=\"widget\" data-widget_type=\"html.default\">\n\t\t\t\t\t<a class=\"about-contact-link\" href=\"https:\/\/www.christiegrey.com\/fr\/contact\/\">Contactez-nous <img decoding=\"async\" class=\"white-arrow\" src=\"https:\/\/christiegrey.com\/wp-content\/uploads\/2025\/12\/contact-icon.png\" alt=\"\">\n<\/a>\t\t\t\t<\/div>\n\t\t\t\t<\/div>\n\t\t\t\t\t<\/div>\n\t\t\t\t<\/div>\n\t\t\t\t<\/div>\n\t\t","protected":false},"excerpt":{"rendered":"<p>Politique de confidentialit\u00e9 Cette politique explique quand et pourquoi Christie &amp; Grey Ltd doit recueillir et utiliser certaines informations sur les individus, comment nous les utilisons et comment nous les prot\u00e9geons. Cela peut inclure des clients, des fournisseurs, des contacts commerciaux, des employ\u00e9s et d\u2019autres personnes avec qui l\u2019organisation entretient une relation ou qui pourrait&hellip;<\/p>\n","protected":false},"author":1,"featured_media":0,"parent":0,"menu_order":0,"comment_status":"closed","ping_status":"closed","template":"","meta":{"_acf_changed":false,"footnotes":""},"class_list":["post-5775","page","type-page","status-publish","hentry"],"acf":[],"yoast_head":"<!-- This site is optimized with the Yoast SEO plugin v27.0 - https:\/\/yoast.com\/product\/yoast-seo-wordpress\/ -->\n<title>Politiques | Christie &amp; Grey<\/title>\n<meta name=\"description\" content=\"Cette politique explique pourquoi Christie &amp; Grey collecte des informations personnelles, leur utilisation et les mesures que nous prenons pour prot\u00e9ger les donn\u00e9es de tous ceux avec qui nous travaillons.\" \/>\n<meta name=\"robots\" content=\"index, follow, max-snippet:-1, max-image-preview:large, max-video-preview:-1\" \/>\n<link rel=\"canonical\" href=\"https:\/\/www.christiegrey.com\/fr\/politiques\/\" \/>\n<meta property=\"og:locale\" content=\"fr_FR\" \/>\n<meta property=\"og:type\" content=\"article\" \/>\n<meta property=\"og:title\" content=\"Politiques | Christie &amp; Grey\" \/>\n<meta property=\"og:description\" content=\"Cette politique explique pourquoi Christie &amp; Grey collecte des informations personnelles, leur utilisation et les mesures que nous prenons pour prot\u00e9ger les donn\u00e9es de tous ceux avec qui nous travaillons.\" \/>\n<meta property=\"og:url\" content=\"https:\/\/www.christiegrey.com\/fr\/politiques\/\" \/>\n<meta property=\"article:publisher\" content=\"https:\/\/www.facebook.com\/christieandgreylimited\" \/>\n<meta property=\"article:modified_time\" content=\"2026-04-02T10:15:42+00:00\" \/>\n<meta property=\"og:image\" content=\"https:\/\/christiegrey.com\/wp-content\/uploads\/2025\/12\/contact-icon.png\" \/>\n<meta name=\"twitter:card\" content=\"summary_large_image\" \/>\n<meta name=\"twitter:site\" content=\"@christiegreyltd\" \/>\n<meta name=\"twitter:label1\" content=\"Dur\u00e9e de lecture estim\u00e9e\" \/>\n\t<meta name=\"twitter:data1\" content=\"8 minutes\" \/>\n<script type=\"application\/ld+json\" class=\"yoast-schema-graph\">{\"@context\":\"https:\/\/schema.org\",\"@graph\":[{\"@type\":\"WebPage\",\"@id\":\"https:\/\/www.christiegrey.com\/fr\/politiques\/\",\"url\":\"https:\/\/www.christiegrey.com\/fr\/politiques\/\",\"name\":\"Politiques | Christie & Grey\",\"isPartOf\":{\"@id\":\"https:\/\/www.christiegrey.com\/#website\"},\"primaryImageOfPage\":{\"@id\":\"https:\/\/www.christiegrey.com\/fr\/politiques\/#primaryimage\"},\"image\":{\"@id\":\"https:\/\/www.christiegrey.com\/fr\/politiques\/#primaryimage\"},\"thumbnailUrl\":\"https:\/\/christiegrey.com\/wp-content\/uploads\/2025\/12\/contact-icon.png\",\"datePublished\":\"2026-01-17T10:45:41+00:00\",\"dateModified\":\"2026-04-02T10:15:42+00:00\",\"description\":\"Cette politique explique pourquoi Christie & Grey collecte des informations personnelles, leur utilisation et les mesures que nous prenons pour prot\u00e9ger les donn\u00e9es de tous ceux avec qui nous travaillons.\",\"breadcrumb\":{\"@id\":\"https:\/\/www.christiegrey.com\/fr\/politiques\/#breadcrumb\"},\"inLanguage\":\"fr-FR\",\"potentialAction\":[{\"@type\":\"ReadAction\",\"target\":[\"https:\/\/www.christiegrey.com\/fr\/politiques\/\"]}]},{\"@type\":\"ImageObject\",\"inLanguage\":\"fr-FR\",\"@id\":\"https:\/\/www.christiegrey.com\/fr\/politiques\/#primaryimage\",\"url\":\"https:\/\/christiegrey.com\/wp-content\/uploads\/2025\/12\/contact-icon.png\",\"contentUrl\":\"https:\/\/christiegrey.com\/wp-content\/uploads\/2025\/12\/contact-icon.png\"},{\"@type\":\"BreadcrumbList\",\"@id\":\"https:\/\/www.christiegrey.com\/fr\/politiques\/#breadcrumb\",\"itemListElement\":[{\"@type\":\"ListItem\",\"position\":1,\"name\":\"Accueil\",\"item\":\"https:\/\/www.christiegrey.com\/\"},{\"@type\":\"ListItem\",\"position\":2,\"name\":\"Politiques\"}]},{\"@type\":\"WebSite\",\"@id\":\"https:\/\/www.christiegrey.com\/#website\",\"url\":\"https:\/\/www.christiegrey.com\/\",\"name\":\"Christie & Grey\",\"description\":\"\",\"publisher\":{\"@id\":\"https:\/\/www.christiegrey.com\/#organization\"},\"potentialAction\":[{\"@type\":\"SearchAction\",\"target\":{\"@type\":\"EntryPoint\",\"urlTemplate\":\"https:\/\/www.christiegrey.com\/?s={search_term_string}\"},\"query-input\":{\"@type\":\"PropertyValueSpecification\",\"valueRequired\":true,\"valueName\":\"search_term_string\"}}],\"inLanguage\":\"fr-FR\"},{\"@type\":\"Organization\",\"@id\":\"https:\/\/www.christiegrey.com\/#organization\",\"name\":\"Christie & Grey\",\"url\":\"https:\/\/www.christiegrey.com\/\",\"logo\":{\"@type\":\"ImageObject\",\"inLanguage\":\"fr-FR\",\"@id\":\"https:\/\/www.christiegrey.com\/#\/schema\/logo\/image\/\",\"url\":\"https:\/\/www.christiegrey.com\/wp-content\/uploads\/2026\/02\/cropped-logo-scaled-1.png\",\"contentUrl\":\"https:\/\/www.christiegrey.com\/wp-content\/uploads\/2026\/02\/cropped-logo-scaled-1.png\",\"width\":250,\"height\":90,\"caption\":\"Christie & Grey\"},\"image\":{\"@id\":\"https:\/\/www.christiegrey.com\/#\/schema\/logo\/image\/\"},\"sameAs\":[\"https:\/\/www.facebook.com\/christieandgreylimited\",\"https:\/\/x.com\/christiegreyltd\"]}]}<\/script>\n<!-- \/ Yoast SEO plugin. -->","yoast_head_json":{"title":"Politiques | Christie & Grey","description":"Cette politique explique pourquoi Christie & Grey collecte des informations personnelles, leur utilisation et les mesures que nous prenons pour prot\u00e9ger les donn\u00e9es de tous ceux avec qui nous travaillons.","robots":{"index":"index","follow":"follow","max-snippet":"max-snippet:-1","max-image-preview":"max-image-preview:large","max-video-preview":"max-video-preview:-1"},"canonical":"https:\/\/www.christiegrey.com\/fr\/politiques\/","og_locale":"fr_FR","og_type":"article","og_title":"Politiques | Christie & Grey","og_description":"Cette politique explique pourquoi Christie & Grey collecte des informations personnelles, leur utilisation et les mesures que nous prenons pour prot\u00e9ger les donn\u00e9es de tous ceux avec qui nous travaillons.","og_url":"https:\/\/www.christiegrey.com\/fr\/politiques\/","article_publisher":"https:\/\/www.facebook.com\/christieandgreylimited","article_modified_time":"2026-04-02T10:15:42+00:00","og_image":[{"url":"https:\/\/christiegrey.com\/wp-content\/uploads\/2025\/12\/contact-icon.png","type":"","width":"","height":""}],"twitter_card":"summary_large_image","twitter_site":"@christiegreyltd","twitter_misc":{"Dur\u00e9e de lecture estim\u00e9e":"8 minutes"},"schema":{"@context":"https:\/\/schema.org","@graph":[{"@type":"WebPage","@id":"https:\/\/www.christiegrey.com\/fr\/politiques\/","url":"https:\/\/www.christiegrey.com\/fr\/politiques\/","name":"Politiques | Christie & Grey","isPartOf":{"@id":"https:\/\/www.christiegrey.com\/#website"},"primaryImageOfPage":{"@id":"https:\/\/www.christiegrey.com\/fr\/politiques\/#primaryimage"},"image":{"@id":"https:\/\/www.christiegrey.com\/fr\/politiques\/#primaryimage"},"thumbnailUrl":"https:\/\/christiegrey.com\/wp-content\/uploads\/2025\/12\/contact-icon.png","datePublished":"2026-01-17T10:45:41+00:00","dateModified":"2026-04-02T10:15:42+00:00","description":"Cette politique explique pourquoi Christie & Grey collecte des informations personnelles, leur utilisation et les mesures que nous prenons pour prot\u00e9ger les donn\u00e9es de tous ceux avec qui nous travaillons.","breadcrumb":{"@id":"https:\/\/www.christiegrey.com\/fr\/politiques\/#breadcrumb"},"inLanguage":"fr-FR","potentialAction":[{"@type":"ReadAction","target":["https:\/\/www.christiegrey.com\/fr\/politiques\/"]}]},{"@type":"ImageObject","inLanguage":"fr-FR","@id":"https:\/\/www.christiegrey.com\/fr\/politiques\/#primaryimage","url":"https:\/\/christiegrey.com\/wp-content\/uploads\/2025\/12\/contact-icon.png","contentUrl":"https:\/\/christiegrey.com\/wp-content\/uploads\/2025\/12\/contact-icon.png"},{"@type":"BreadcrumbList","@id":"https:\/\/www.christiegrey.com\/fr\/politiques\/#breadcrumb","itemListElement":[{"@type":"ListItem","position":1,"name":"Accueil","item":"https:\/\/www.christiegrey.com\/"},{"@type":"ListItem","position":2,"name":"Politiques"}]},{"@type":"WebSite","@id":"https:\/\/www.christiegrey.com\/#website","url":"https:\/\/www.christiegrey.com\/","name":"Christie & Grey","description":"","publisher":{"@id":"https:\/\/www.christiegrey.com\/#organization"},"potentialAction":[{"@type":"SearchAction","target":{"@type":"EntryPoint","urlTemplate":"https:\/\/www.christiegrey.com\/?s={search_term_string}"},"query-input":{"@type":"PropertyValueSpecification","valueRequired":true,"valueName":"search_term_string"}}],"inLanguage":"fr-FR"},{"@type":"Organization","@id":"https:\/\/www.christiegrey.com\/#organization","name":"Christie & Grey","url":"https:\/\/www.christiegrey.com\/","logo":{"@type":"ImageObject","inLanguage":"fr-FR","@id":"https:\/\/www.christiegrey.com\/#\/schema\/logo\/image\/","url":"https:\/\/www.christiegrey.com\/wp-content\/uploads\/2026\/02\/cropped-logo-scaled-1.png","contentUrl":"https:\/\/www.christiegrey.com\/wp-content\/uploads\/2026\/02\/cropped-logo-scaled-1.png","width":250,"height":90,"caption":"Christie & Grey"},"image":{"@id":"https:\/\/www.christiegrey.com\/#\/schema\/logo\/image\/"},"sameAs":["https:\/\/www.facebook.com\/christieandgreylimited","https:\/\/x.com\/christiegreyltd"]}]}},"_links":{"self":[{"href":"https:\/\/www.christiegrey.com\/fr\/wp-json\/wp\/v2\/pages\/5775","targetHints":{"allow":["GET"]}}],"collection":[{"href":"https:\/\/www.christiegrey.com\/fr\/wp-json\/wp\/v2\/pages"}],"about":[{"href":"https:\/\/www.christiegrey.com\/fr\/wp-json\/wp\/v2\/types\/page"}],"author":[{"embeddable":true,"href":"https:\/\/www.christiegrey.com\/fr\/wp-json\/wp\/v2\/users\/1"}],"replies":[{"embeddable":true,"href":"https:\/\/www.christiegrey.com\/fr\/wp-json\/wp\/v2\/comments?post=5775"}],"version-history":[{"count":1,"href":"https:\/\/www.christiegrey.com\/fr\/wp-json\/wp\/v2\/pages\/5775\/revisions"}],"predecessor-version":[{"id":5776,"href":"https:\/\/www.christiegrey.com\/fr\/wp-json\/wp\/v2\/pages\/5775\/revisions\/5776"}],"wp:attachment":[{"href":"https:\/\/www.christiegrey.com\/fr\/wp-json\/wp\/v2\/media?parent=5775"}],"curies":[{"name":"wp","href":"https:\/\/api.w.org\/{rel}","templated":true}]}}