{"id":5769,"date":"2026-01-16T09:58:40","date_gmt":"2026-01-16T09:58:40","guid":{"rendered":"https:\/\/www.christiegrey.com\/qualite-environnement\/"},"modified":"2026-04-02T10:13:24","modified_gmt":"2026-04-02T10:13:24","slug":"qualite-environnement","status":"publish","type":"page","link":"https:\/\/www.christiegrey.com\/fr\/qualite-environnement\/","title":{"rendered":"Qualit\u00e9 &amp; Environnement"},"content":{"rendered":"\t\t<div data-elementor-type=\"wp-post\" data-elementor-id=\"5769\" class=\"elementor elementor-5769 elementor-2765\" data-elementor-post-type=\"page\">\n\t\t\t\t<div class=\"elementor-element elementor-element-6bfed19b e-flex e-con-boxed e-con e-parent\" data-id=\"6bfed19b\" data-element_type=\"container\" data-e-type=\"container\" data-settings=\"{&quot;background_background&quot;:&quot;classic&quot;}\">\n\t\t\t\t\t<div class=\"e-con-inner\">\n\t\t\t\t<div class=\"elementor-element elementor-element-2713b399 elementor-widget elementor-widget-heading\" data-id=\"2713b399\" data-element_type=\"widget\" data-e-type=\"widget\" data-widget_type=\"heading.default\">\n\t\t\t\t\t<h2 class=\"elementor-heading-title elementor-size-default\">Qualit\u00e9 &amp; Environnement<\/h2>\t\t\t\t<\/div>\n\t\t\t\t<div class=\"elementor-element elementor-element-2a7844d6 elementor-widget elementor-widget-text-editor\" data-id=\"2a7844d6\" data-element_type=\"widget\" data-e-type=\"widget\" data-widget_type=\"text-editor.default\">\n\t\t\t\t\t\t\t\t\t<p>Normes soutenant une ing\u00e9nierie fiable<\/p>\t\t\t\t\t\t\t\t<\/div>\n\t\t\t\t\t<\/div>\n\t\t\t\t<\/div>\n\t\t<div class=\"elementor-element elementor-element-f1cb943 e-flex e-con-boxed e-con e-parent\" data-id=\"f1cb943\" data-element_type=\"container\" data-e-type=\"container\" data-settings=\"{&quot;background_background&quot;:&quot;classic&quot;}\">\n\t\t\t\t\t<div class=\"e-con-inner\">\n\t\t<div class=\"elementor-element elementor-element-d55132b e-con-full e-flex e-con e-child\" data-id=\"d55132b\" data-element_type=\"container\" data-e-type=\"container\" data-settings=\"{&quot;background_background&quot;:&quot;classic&quot;}\">\n\t\t\t\t<div class=\"elementor-element elementor-element-0425c02 elementor-widget elementor-widget-text-editor\" data-id=\"0425c02\" data-element_type=\"widget\" data-e-type=\"widget\" data-widget_type=\"text-editor.default\">\n\t\t\t\t\t\t\t\t\t<p>La qualit\u00e9 et la responsabilit\u00e9 environnementale sont essentielles \u00e0 la mani\u00e8re dont Christie &amp; Grey con\u00e7oit, fabrique et soutient les solutions d\u2019isolation des vibrations. Nos syst\u00e8mes de gestion garantissent une performance coh\u00e9rente, une conformit\u00e9 et une exploitation responsable dans les applications maritimes, industrielles et de construction. <\/p>\t\t\t\t\t\t\t\t<\/div>\n\t\t\t\t<\/div>\n\t\t\t\t\t<\/div>\n\t\t\t\t<\/div>\n\t\t<div class=\"elementor-element elementor-element-62e1c0e e-flex e-con-boxed e-con e-parent\" data-id=\"62e1c0e\" data-element_type=\"container\" data-e-type=\"container\" id=\"faq_section\" data-settings=\"{&quot;background_background&quot;:&quot;classic&quot;}\">\n\t\t\t\t\t<div class=\"e-con-inner\">\n\t\t\t\t<div class=\"elementor-element elementor-element-e777e7c elementor-widget elementor-widget-heading\" data-id=\"e777e7c\" data-element_type=\"widget\" data-e-type=\"widget\" data-widget_type=\"heading.default\">\n\t\t\t\t\t<h2 class=\"elementor-heading-title elementor-size-default\">Qualit\u00e9<\/h2>\t\t\t\t<\/div>\n\t\t\t\t<div class=\"elementor-element elementor-element-0b40265 elementor-widget elementor-widget-text-editor\" data-id=\"0b40265\" data-element_type=\"widget\" data-e-type=\"widget\" data-widget_type=\"text-editor.default\">\n\t\t\t\t\t\t\t\t\t<p>Le syst\u00e8me de gestion de la qualit\u00e9 mis en \u0153uvre par Christie &amp; Grey a \u00e9t\u00e9 structur\u00e9 pour se conformer aux exigences et est exploit\u00e9 conform\u00e9ment aux exigences de BS EN ISO 9001:2015.<\/p><p>Le syst\u00e8me de gestion de la qualit\u00e9 a \u00e9t\u00e9 structur\u00e9 pour identifier l\u2019interaction entre les processus m\u00e9tier et de production exploit\u00e9s par l\u2019entreprise, afin d\u2019assurer et de v\u00e9rifier \u00e9conomiquement que nos clients re\u00e7oivent syst\u00e9matiquement des syst\u00e8mes et services de contr\u00f4le antivibration, adapt\u00e9s \u00e0 l\u2019usage d\u00e9sign\u00e9, offrant les performances et la fiabilit\u00e9 requises tout en respectant les facteurs de sant\u00e9 et de s\u00e9curit\u00e9.<\/p><p>Les processus sont continuellement surveill\u00e9s, mesur\u00e9s et analys\u00e9s, et des examens r\u00e9guliers du Syst\u00e8me de Gestion de la Qualit\u00e9 sont r\u00e9alis\u00e9s afin de garantir que les ressources et informations sont disponibles pour soutenir le syst\u00e8me et que les objectifs d\u2019am\u00e9lioration continus planifi\u00e9s ont \u00e9t\u00e9 atteints.<\/p><p>La qualit\u00e9 est fondamentale dans tous les aspects de notre service, ce qui est attest\u00e9 par notre enregistrement \u00e0 la certification BS EN ISO 9001:2015. L\u2019enregistrement s\u2019applique uniquement \u00e0 Christie &amp; Grey Limited. <\/p><p><strong>T\u00e9l\u00e9chargements :<\/strong><br><a href=\"https:\/\/christiegrey.com\/wp-content\/uploads\/2026\/01\/dnv-type-approval-certificate.pdf\">Certificat d\u2019approbation de type DNV<\/a><br><a href=\"https:\/\/christiegrey.com\/wp-content\/uploads\/2026\/01\/qms-iso9001-2015.pdf\">QMS-ISO9001-2015.PDF<\/a><br><a href=\"https:\/\/christiegrey.com\/wp-content\/uploads\/2026\/01\/quality-policy-2024.pdf\">Politique de qualit\u00e9 2024.pdf<\/a><\/p>\t\t\t\t\t\t\t\t<\/div>\n\t\t\t\t<div class=\"elementor-element elementor-element-0dc8bb1 elementor-widget elementor-widget-spacer\" data-id=\"0dc8bb1\" data-element_type=\"widget\" data-e-type=\"widget\" data-widget_type=\"spacer.default\">\n\t\t\t\t\t\t\t<div class=\"elementor-spacer\">\n\t\t\t<div class=\"elementor-spacer-inner\"><\/div>\n\t\t<\/div>\n\t\t\t\t\t\t<\/div>\n\t\t\t\t<div class=\"elementor-element elementor-element-c79b5be elementor-widget elementor-widget-heading\" data-id=\"c79b5be\" data-element_type=\"widget\" data-e-type=\"widget\" data-widget_type=\"heading.default\">\n\t\t\t\t\t<h2 class=\"elementor-heading-title elementor-size-default\">Environnement<\/h2>\t\t\t\t<\/div>\n\t\t\t\t<div class=\"elementor-element elementor-element-b2cfbf0 elementor-widget elementor-widget-text-editor\" data-id=\"b2cfbf0\" data-element_type=\"widget\" data-e-type=\"widget\" data-widget_type=\"text-editor.default\">\n\t\t\t\t\t\t\t\t\t<p>Le syst\u00e8me de gestion de l\u2019environnement mis en \u0153uvre par Christie &amp; Grey a \u00e9t\u00e9 structur\u00e9 pour se conformer aux principes de BS EN ISO 14001:2015 et est utilis\u00e9 conform\u00e9ment aux principes.<\/p><p>Le syst\u00e8me de gestion de l\u2019environnement a \u00e9t\u00e9 structur\u00e9 pour d\u00e9terminer l\u2019interaction entre les processus m\u00e9tier et de production exploit\u00e9s par l\u2019entreprise et pour r\u00e9duire continuellement l\u2019impact de ces processus sur l\u2019environnement.<\/p><p>Les processus m\u00e9tier et production, y compris ceux qui sont externalis\u00e9s, sont continuellement surveill\u00e9s, mesur\u00e9s et analys\u00e9s lorsque cela est pertinent afin de garantir que les ressources et informations sont disponibles pour soutenir le syst\u00e8me et que les objectifs d\u2019am\u00e9lioration continus pr\u00e9vus ont \u00e9t\u00e9 atteints.<\/p><p><strong>T\u00e9l\u00e9chargements :<\/strong><br><a href=\"https:\/\/christiegrey.com\/wp-content\/uploads\/2026\/01\/environment-policy.pdf\">Question de politique environnementale 7.pdf<\/a><\/p>\t\t\t\t\t\t\t\t<\/div>\n\t\t\t\t\t<\/div>\n\t\t\t\t<\/div>\n\t\t<div class=\"elementor-element elementor-element-b8df315 e-flex e-con-boxed e-con e-parent\" data-id=\"b8df315\" data-element_type=\"container\" data-e-type=\"container\" data-settings=\"{&quot;background_background&quot;:&quot;classic&quot;}\">\n\t\t\t\t\t<div class=\"e-con-inner\">\n\t\t<div class=\"elementor-element elementor-element-d9fe9a1 e-grid e-con-full e-con e-child\" data-id=\"d9fe9a1\" data-element_type=\"container\" data-e-type=\"container\">\n\t\t\t\t<div class=\"elementor-element elementor-element-501b9eb elementor-widget elementor-widget-heading\" data-id=\"501b9eb\" data-element_type=\"widget\" data-e-type=\"widget\" data-widget_type=\"heading.default\">\n\t\t\t\t\t<h2 class=\"elementor-heading-title elementor-size-default\">Pour plus d\u2019informations ou de demandes\n<\/h2>\t\t\t\t<\/div>\n\t\t\t\t<div class=\"elementor-element elementor-element-7b2fc81 elementor-widget-mobile__width-initial elementor-widget elementor-widget-html\" data-id=\"7b2fc81\" data-element_type=\"widget\" data-e-type=\"widget\" data-widget_type=\"html.default\">\n\t\t\t\t\t<a class=\"about-contact-link\" href=\"https:\/\/www.christiegrey.com\/fr\/contact\/\">Contactez-nous <img decoding=\"async\" class=\"white-arrow\" src=\"https:\/\/christiegrey.com\/wp-content\/uploads\/2025\/12\/contact-icon.png\" alt=\"\">\n<\/a>\t\t\t\t<\/div>\n\t\t\t\t<\/div>\n\t\t\t\t\t<\/div>\n\t\t\t\t<\/div>\n\t\t\t\t<\/div>\n\t\t","protected":false},"excerpt":{"rendered":"<p>Qualit\u00e9 &amp; Environnement Normes soutenant une ing\u00e9nierie fiable La qualit\u00e9 et la responsabilit\u00e9 environnementale sont essentielles \u00e0 la mani\u00e8re dont Christie &amp; Grey con\u00e7oit, fabrique et soutient les solutions d\u2019isolation des vibrations. Nos syst\u00e8mes de gestion garantissent une performance coh\u00e9rente, une conformit\u00e9 et une exploitation responsable dans les applications maritimes, industrielles et de construction. Qualit\u00e9&hellip;<\/p>\n","protected":false},"author":1,"featured_media":0,"parent":0,"menu_order":0,"comment_status":"closed","ping_status":"closed","template":"","meta":{"_acf_changed":false,"footnotes":""},"class_list":["post-5769","page","type-page","status-publish","hentry"],"acf":[],"yoast_head":"<!-- This site is optimized with the Yoast SEO plugin v27.0 - https:\/\/yoast.com\/product\/yoast-seo-wordpress\/ -->\n<title>Qualit\u00e9 &amp; Environnement | Christie &amp; Grey<\/title>\n<meta name=\"description\" content=\"D\u00e9couvrez les syst\u00e8mes de gestion qualit\u00e9 et environnementale de Christie &amp; Grey\u2019s, y compris les normes ISO 9001 et ISO 14001, ainsi que les politiques.\" \/>\n<meta name=\"robots\" content=\"index, follow, max-snippet:-1, max-image-preview:large, max-video-preview:-1\" \/>\n<link rel=\"canonical\" href=\"https:\/\/www.christiegrey.com\/fr\/qualite-environnement\/\" \/>\n<meta property=\"og:locale\" content=\"fr_FR\" \/>\n<meta property=\"og:type\" content=\"article\" \/>\n<meta property=\"og:title\" content=\"Qualit\u00e9 &amp; Environnement | Christie &amp; Grey\" \/>\n<meta property=\"og:description\" content=\"D\u00e9couvrez les syst\u00e8mes de gestion qualit\u00e9 et environnementale de Christie &amp; Grey\u2019s, y compris les normes ISO 9001 et ISO 14001, ainsi que les politiques.\" \/>\n<meta property=\"og:url\" content=\"https:\/\/www.christiegrey.com\/fr\/qualite-environnement\/\" \/>\n<meta property=\"article:publisher\" content=\"https:\/\/www.facebook.com\/christieandgreylimited\" \/>\n<meta property=\"article:modified_time\" content=\"2026-04-02T10:13:24+00:00\" \/>\n<meta property=\"og:image\" content=\"https:\/\/christiegrey.com\/wp-content\/uploads\/2025\/12\/contact-icon.png\" \/>\n<meta name=\"twitter:card\" content=\"summary_large_image\" \/>\n<meta name=\"twitter:site\" content=\"@christiegreyltd\" \/>\n<meta name=\"twitter:label1\" content=\"Dur\u00e9e de lecture estim\u00e9e\" \/>\n\t<meta name=\"twitter:data1\" content=\"2 minutes\" \/>\n<script type=\"application\/ld+json\" class=\"yoast-schema-graph\">{\"@context\":\"https:\/\/schema.org\",\"@graph\":[{\"@type\":\"WebPage\",\"@id\":\"https:\/\/www.christiegrey.com\/fr\/qualite-environnement\/\",\"url\":\"https:\/\/www.christiegrey.com\/fr\/qualite-environnement\/\",\"name\":\"Qualit\u00e9 & Environnement | Christie & Grey\",\"isPartOf\":{\"@id\":\"https:\/\/www.christiegrey.com\/#website\"},\"primaryImageOfPage\":{\"@id\":\"https:\/\/www.christiegrey.com\/fr\/qualite-environnement\/#primaryimage\"},\"image\":{\"@id\":\"https:\/\/www.christiegrey.com\/fr\/qualite-environnement\/#primaryimage\"},\"thumbnailUrl\":\"https:\/\/christiegrey.com\/wp-content\/uploads\/2025\/12\/contact-icon.png\",\"datePublished\":\"2026-01-16T09:58:40+00:00\",\"dateModified\":\"2026-04-02T10:13:24+00:00\",\"description\":\"D\u00e9couvrez les syst\u00e8mes de gestion qualit\u00e9 et environnementale de Christie & Grey\u2019s, y compris les normes ISO 9001 et ISO 14001, ainsi que les politiques.\",\"breadcrumb\":{\"@id\":\"https:\/\/www.christiegrey.com\/fr\/qualite-environnement\/#breadcrumb\"},\"inLanguage\":\"fr-FR\",\"potentialAction\":[{\"@type\":\"ReadAction\",\"target\":[\"https:\/\/www.christiegrey.com\/fr\/qualite-environnement\/\"]}]},{\"@type\":\"ImageObject\",\"inLanguage\":\"fr-FR\",\"@id\":\"https:\/\/www.christiegrey.com\/fr\/qualite-environnement\/#primaryimage\",\"url\":\"https:\/\/christiegrey.com\/wp-content\/uploads\/2025\/12\/contact-icon.png\",\"contentUrl\":\"https:\/\/christiegrey.com\/wp-content\/uploads\/2025\/12\/contact-icon.png\"},{\"@type\":\"BreadcrumbList\",\"@id\":\"https:\/\/www.christiegrey.com\/fr\/qualite-environnement\/#breadcrumb\",\"itemListElement\":[{\"@type\":\"ListItem\",\"position\":1,\"name\":\"Accueil\",\"item\":\"https:\/\/www.christiegrey.com\/\"},{\"@type\":\"ListItem\",\"position\":2,\"name\":\"Qualit\u00e9 &amp; Environnement\"}]},{\"@type\":\"WebSite\",\"@id\":\"https:\/\/www.christiegrey.com\/#website\",\"url\":\"https:\/\/www.christiegrey.com\/\",\"name\":\"Christie & Grey\",\"description\":\"\",\"publisher\":{\"@id\":\"https:\/\/www.christiegrey.com\/#organization\"},\"potentialAction\":[{\"@type\":\"SearchAction\",\"target\":{\"@type\":\"EntryPoint\",\"urlTemplate\":\"https:\/\/www.christiegrey.com\/?s={search_term_string}\"},\"query-input\":{\"@type\":\"PropertyValueSpecification\",\"valueRequired\":true,\"valueName\":\"search_term_string\"}}],\"inLanguage\":\"fr-FR\"},{\"@type\":\"Organization\",\"@id\":\"https:\/\/www.christiegrey.com\/#organization\",\"name\":\"Christie & Grey\",\"url\":\"https:\/\/www.christiegrey.com\/\",\"logo\":{\"@type\":\"ImageObject\",\"inLanguage\":\"fr-FR\",\"@id\":\"https:\/\/www.christiegrey.com\/#\/schema\/logo\/image\/\",\"url\":\"https:\/\/www.christiegrey.com\/wp-content\/uploads\/2026\/02\/cropped-logo-scaled-1.png\",\"contentUrl\":\"https:\/\/www.christiegrey.com\/wp-content\/uploads\/2026\/02\/cropped-logo-scaled-1.png\",\"width\":250,\"height\":90,\"caption\":\"Christie & Grey\"},\"image\":{\"@id\":\"https:\/\/www.christiegrey.com\/#\/schema\/logo\/image\/\"},\"sameAs\":[\"https:\/\/www.facebook.com\/christieandgreylimited\",\"https:\/\/x.com\/christiegreyltd\"]}]}<\/script>\n<!-- \/ Yoast SEO plugin. -->","yoast_head_json":{"title":"Qualit\u00e9 & Environnement | Christie & Grey","description":"D\u00e9couvrez les syst\u00e8mes de gestion qualit\u00e9 et environnementale de Christie & Grey\u2019s, y compris les normes ISO 9001 et ISO 14001, ainsi que les politiques.","robots":{"index":"index","follow":"follow","max-snippet":"max-snippet:-1","max-image-preview":"max-image-preview:large","max-video-preview":"max-video-preview:-1"},"canonical":"https:\/\/www.christiegrey.com\/fr\/qualite-environnement\/","og_locale":"fr_FR","og_type":"article","og_title":"Qualit\u00e9 & Environnement | Christie & Grey","og_description":"D\u00e9couvrez les syst\u00e8mes de gestion qualit\u00e9 et environnementale de Christie & Grey\u2019s, y compris les normes ISO 9001 et ISO 14001, ainsi que les politiques.","og_url":"https:\/\/www.christiegrey.com\/fr\/qualite-environnement\/","article_publisher":"https:\/\/www.facebook.com\/christieandgreylimited","article_modified_time":"2026-04-02T10:13:24+00:00","og_image":[{"url":"https:\/\/christiegrey.com\/wp-content\/uploads\/2025\/12\/contact-icon.png","type":"","width":"","height":""}],"twitter_card":"summary_large_image","twitter_site":"@christiegreyltd","twitter_misc":{"Dur\u00e9e de lecture estim\u00e9e":"2 minutes"},"schema":{"@context":"https:\/\/schema.org","@graph":[{"@type":"WebPage","@id":"https:\/\/www.christiegrey.com\/fr\/qualite-environnement\/","url":"https:\/\/www.christiegrey.com\/fr\/qualite-environnement\/","name":"Qualit\u00e9 & Environnement | Christie & Grey","isPartOf":{"@id":"https:\/\/www.christiegrey.com\/#website"},"primaryImageOfPage":{"@id":"https:\/\/www.christiegrey.com\/fr\/qualite-environnement\/#primaryimage"},"image":{"@id":"https:\/\/www.christiegrey.com\/fr\/qualite-environnement\/#primaryimage"},"thumbnailUrl":"https:\/\/christiegrey.com\/wp-content\/uploads\/2025\/12\/contact-icon.png","datePublished":"2026-01-16T09:58:40+00:00","dateModified":"2026-04-02T10:13:24+00:00","description":"D\u00e9couvrez les syst\u00e8mes de gestion qualit\u00e9 et environnementale de Christie & Grey\u2019s, y compris les normes ISO 9001 et ISO 14001, ainsi que les politiques.","breadcrumb":{"@id":"https:\/\/www.christiegrey.com\/fr\/qualite-environnement\/#breadcrumb"},"inLanguage":"fr-FR","potentialAction":[{"@type":"ReadAction","target":["https:\/\/www.christiegrey.com\/fr\/qualite-environnement\/"]}]},{"@type":"ImageObject","inLanguage":"fr-FR","@id":"https:\/\/www.christiegrey.com\/fr\/qualite-environnement\/#primaryimage","url":"https:\/\/christiegrey.com\/wp-content\/uploads\/2025\/12\/contact-icon.png","contentUrl":"https:\/\/christiegrey.com\/wp-content\/uploads\/2025\/12\/contact-icon.png"},{"@type":"BreadcrumbList","@id":"https:\/\/www.christiegrey.com\/fr\/qualite-environnement\/#breadcrumb","itemListElement":[{"@type":"ListItem","position":1,"name":"Accueil","item":"https:\/\/www.christiegrey.com\/"},{"@type":"ListItem","position":2,"name":"Qualit\u00e9 &amp; Environnement"}]},{"@type":"WebSite","@id":"https:\/\/www.christiegrey.com\/#website","url":"https:\/\/www.christiegrey.com\/","name":"Christie & Grey","description":"","publisher":{"@id":"https:\/\/www.christiegrey.com\/#organization"},"potentialAction":[{"@type":"SearchAction","target":{"@type":"EntryPoint","urlTemplate":"https:\/\/www.christiegrey.com\/?s={search_term_string}"},"query-input":{"@type":"PropertyValueSpecification","valueRequired":true,"valueName":"search_term_string"}}],"inLanguage":"fr-FR"},{"@type":"Organization","@id":"https:\/\/www.christiegrey.com\/#organization","name":"Christie & Grey","url":"https:\/\/www.christiegrey.com\/","logo":{"@type":"ImageObject","inLanguage":"fr-FR","@id":"https:\/\/www.christiegrey.com\/#\/schema\/logo\/image\/","url":"https:\/\/www.christiegrey.com\/wp-content\/uploads\/2026\/02\/cropped-logo-scaled-1.png","contentUrl":"https:\/\/www.christiegrey.com\/wp-content\/uploads\/2026\/02\/cropped-logo-scaled-1.png","width":250,"height":90,"caption":"Christie & Grey"},"image":{"@id":"https:\/\/www.christiegrey.com\/#\/schema\/logo\/image\/"},"sameAs":["https:\/\/www.facebook.com\/christieandgreylimited","https:\/\/x.com\/christiegreyltd"]}]}},"_links":{"self":[{"href":"https:\/\/www.christiegrey.com\/fr\/wp-json\/wp\/v2\/pages\/5769","targetHints":{"allow":["GET"]}}],"collection":[{"href":"https:\/\/www.christiegrey.com\/fr\/wp-json\/wp\/v2\/pages"}],"about":[{"href":"https:\/\/www.christiegrey.com\/fr\/wp-json\/wp\/v2\/types\/page"}],"author":[{"embeddable":true,"href":"https:\/\/www.christiegrey.com\/fr\/wp-json\/wp\/v2\/users\/1"}],"replies":[{"embeddable":true,"href":"https:\/\/www.christiegrey.com\/fr\/wp-json\/wp\/v2\/comments?post=5769"}],"version-history":[{"count":1,"href":"https:\/\/www.christiegrey.com\/fr\/wp-json\/wp\/v2\/pages\/5769\/revisions"}],"predecessor-version":[{"id":5770,"href":"https:\/\/www.christiegrey.com\/fr\/wp-json\/wp\/v2\/pages\/5769\/revisions\/5770"}],"wp:attachment":[{"href":"https:\/\/www.christiegrey.com\/fr\/wp-json\/wp\/v2\/media?parent=5769"}],"curies":[{"name":"wp","href":"https:\/\/api.w.org\/{rel}","templated":true}]}}