{"id":3607,"date":"2026-01-08T09:17:28","date_gmt":"2026-01-08T09:17:28","guid":{"rendered":"https:\/\/christiegrey.com\/faites-une-enquete\/"},"modified":"2026-01-26T06:42:37","modified_gmt":"2026-01-26T06:42:37","slug":"faites-une-enquete","status":"publish","type":"page","link":"https:\/\/www.christiegrey.com\/fr\/faites-une-enquete\/","title":{"rendered":"Faites une enqu\u00eate"},"content":{"rendered":"\t\t<div data-elementor-type=\"wp-page\" data-elementor-id=\"3607\" class=\"elementor elementor-3607 elementor-1865\" data-elementor-post-type=\"page\">\n\t\t\t\t<div class=\"elementor-element elementor-element-6ab538d e-flex e-con-boxed e-con e-parent\" data-id=\"6ab538d\" data-element_type=\"container\" data-e-type=\"container\" id=\"request-quote\" data-settings=\"{&quot;background_background&quot;:&quot;classic&quot;}\">\n\t\t\t\t\t<div class=\"e-con-inner\">\n\t\t\t\t<div class=\"elementor-element elementor-element-f7e6d19 elementor-widget elementor-widget-heading\" data-id=\"f7e6d19\" data-element_type=\"widget\" data-e-type=\"widget\" data-widget_type=\"heading.default\">\n\t\t\t\t\t<h1 class=\"elementor-heading-title elementor-size-default\">Finalisez votre demande<\/h1>\t\t\t\t<\/div>\n\t\t\t\t<div class=\"elementor-element elementor-element-8bcfb50 elementor-widget elementor-widget-text-editor\" data-id=\"8bcfb50\" data-element_type=\"widget\" data-e-type=\"widget\" data-widget_type=\"text-editor.default\">\n\t\t\t\t\t\t\t\t\tSoumettez votre demande pour examen par notre \u00e9quipe d\u2019ing\u00e9nierie.\t\t\t\t\t\t\t\t<\/div>\n\t\t\t\t\t<\/div>\n\t\t\t\t<\/div>\n\t\t<div class=\"elementor-element elementor-element-8e76820 e-flex e-con-boxed e-con e-parent\" data-id=\"8e76820\" data-element_type=\"container\" data-e-type=\"container\" data-settings=\"{&quot;background_background&quot;:&quot;classic&quot;}\">\n\t\t\t\t\t<div class=\"e-con-inner\">\n\t\t\t\t<div class=\"elementor-element elementor-element-02f0012 elementor-widget elementor-widget-heading\" data-id=\"02f0012\" data-element_type=\"widget\" data-e-type=\"widget\" data-widget_type=\"heading.default\">\n\t\t\t\t\t<h2 class=\"elementor-heading-title elementor-size-default\">Vous \u00eates presque pr\u00eat \u00e0 soumettre votre enqu\u00eate.<\/h2>\t\t\t\t<\/div>\n\t\t\t\t<div class=\"elementor-element elementor-element-b1b529f elementor-widget elementor-widget-text-editor\" data-id=\"b1b529f\" data-element_type=\"widget\" data-e-type=\"widget\" data-widget_type=\"text-editor.default\">\n\t\t\t\t\t\t\t\t\t<p>Les produits de votre \u00ab panier \u00bb seront examin\u00e9s par notre \u00e9quipe d\u2019ing\u00e9nierie afin d\u2019en assurer leur ad\u00e9quation \u00e0 votre application. Une fois que vous aurez rempli vos informations et soumis le formulaire, nous \u00e9valuerons vos exigences et vous fournirons des conseils techniques, des tarifs ou d\u2019autres informations si n\u00e9cessaire. Soumettre une demande ne passe pas de commande et n\u2019implique aucune obligation.<\/p>\t\t\t\t\t\t\t\t<\/div>\n\t\t\t\t\t<\/div>\n\t\t\t\t<\/div>\n\t\t<div class=\"elementor-element elementor-element-d76d163 e-flex e-con-boxed e-con e-parent\" data-id=\"d76d163\" data-element_type=\"container\" data-e-type=\"container\" id=\"request-quote-form\">\n\t\t\t\t\t<div class=\"e-con-inner\">\n\t\t\t\t<div class=\"elementor-element elementor-element-a8d8529 elementor-widget elementor-widget-shortcode\" data-id=\"a8d8529\" data-element_type=\"widget\" data-e-type=\"widget\" data-widget_type=\"shortcode.default\">\n\t\t\t\t\t\t\t<div class=\"elementor-shortcode\"><div class=\"woocommerce adf-request-quote-page template_two\">\n\t<div class=\"woocommerce-notices-wrapper\"><\/div>\n\t<style type=\"text\/css\">\n\t\t.adf-request-quote-page.template_one{\n\t\t\twidth: 100%!important;\n\t\t\tmax-width: 1000px!important;\n\t\t}\n\t\t.adf-request-quote-page.template_two{\n\t\t\twidth: 100%!important;\n\t\t\tmax-width:1160px!important\n\t\t}\n\t<\/style>\n\n\t<div class=\"addify\">\n\t\t<p class=\"cart-empty\">Ajouter \u00e0 la demande<\/p>\n\t\t\t\t<p class=\"return-to-shop\"><a href=\"https:\/\/www.christiegrey.com\/fr\/boutique\/\" class=\"button wc-backward\">Return To Products<\/a>\n\t\t<\/p>\n\t<\/div>\n\t\n\t<\/div>\n<\/div>\n\t\t\t\t\t\t<\/div>\n\t\t\t\t\t<\/div>\n\t\t\t\t<\/div>\n\t\t\t\t<\/div>\n\t\t","protected":false},"excerpt":{"rendered":"<p>Finalisez votre demande Soumettez votre demande pour examen par notre \u00e9quipe d\u2019ing\u00e9nierie. Vous \u00eates presque pr\u00eat \u00e0 soumettre votre enqu\u00eate. Les produits de votre \u00ab panier \u00bb seront examin\u00e9s par notre \u00e9quipe d\u2019ing\u00e9nierie afin d\u2019en assurer leur ad\u00e9quation \u00e0 votre application. Une fois que vous aurez rempli vos informations et soumis le formulaire, nous \u00e9valuerons&hellip;<\/p>\n","protected":false},"author":1,"featured_media":0,"parent":0,"menu_order":0,"comment_status":"closed","ping_status":"closed","template":"","meta":{"_acf_changed":false,"footnotes":""},"class_list":["post-3607","page","type-page","status-publish","hentry"],"acf":[],"yoast_head":"<!-- This site is optimized with the Yoast SEO plugin v27.0 - https:\/\/yoast.com\/product\/yoast-seo-wordpress\/ -->\n<title>Faites une enqu\u00eate -<\/title>\n<meta name=\"robots\" content=\"noindex, nofollow\" \/>\n<meta property=\"og:locale\" content=\"fr_FR\" \/>\n<meta property=\"og:type\" content=\"article\" \/>\n<meta property=\"og:title\" content=\"Faites une enqu\u00eate -\" \/>\n<meta property=\"og:description\" content=\"Finalisez votre demande Soumettez votre demande pour examen par notre \u00e9quipe d\u2019ing\u00e9nierie. Vous \u00eates presque pr\u00eat \u00e0 soumettre votre enqu\u00eate. Les produits de votre \u00ab panier \u00bb seront examin\u00e9s par notre \u00e9quipe d\u2019ing\u00e9nierie afin d\u2019en assurer leur ad\u00e9quation \u00e0 votre application. Une fois que vous aurez rempli vos informations et soumis le formulaire, nous \u00e9valuerons&hellip;\" \/>\n<meta property=\"og:url\" content=\"https:\/\/www.christiegrey.com\/fr\/faites-une-enquete\/\" \/>\n<meta property=\"article:publisher\" content=\"https:\/\/www.facebook.com\/christieandgreylimited\" \/>\n<meta property=\"article:modified_time\" content=\"2026-01-26T06:42:37+00:00\" \/>\n<meta name=\"twitter:card\" content=\"summary_large_image\" \/>\n<meta name=\"twitter:site\" content=\"@christiegreyltd\" \/>\n<script type=\"application\/ld+json\" class=\"yoast-schema-graph\">{\"@context\":\"https:\/\/schema.org\",\"@graph\":[{\"@type\":\"WebPage\",\"@id\":\"https:\/\/www.christiegrey.com\/fr\/faites-une-enquete\/\",\"url\":\"https:\/\/www.christiegrey.com\/fr\/faites-une-enquete\/\",\"name\":\"Faites une enqu\u00eate -\",\"isPartOf\":{\"@id\":\"https:\/\/www.christiegrey.com\/#website\"},\"datePublished\":\"2026-01-08T09:17:28+00:00\",\"dateModified\":\"2026-01-26T06:42:37+00:00\",\"breadcrumb\":{\"@id\":\"https:\/\/www.christiegrey.com\/fr\/faites-une-enquete\/#breadcrumb\"},\"inLanguage\":\"fr-FR\",\"potentialAction\":[{\"@type\":\"ReadAction\",\"target\":[\"https:\/\/www.christiegrey.com\/fr\/faites-une-enquete\/\"]}]},{\"@type\":\"BreadcrumbList\",\"@id\":\"https:\/\/www.christiegrey.com\/fr\/faites-une-enquete\/#breadcrumb\",\"itemListElement\":[{\"@type\":\"ListItem\",\"position\":1,\"name\":\"Accueil\",\"item\":\"https:\/\/www.christiegrey.com\/\"},{\"@type\":\"ListItem\",\"position\":2,\"name\":\"Faites une enqu\u00eate\"}]},{\"@type\":\"WebSite\",\"@id\":\"https:\/\/www.christiegrey.com\/#website\",\"url\":\"https:\/\/www.christiegrey.com\/\",\"name\":\"Christie & Grey\",\"description\":\"\",\"publisher\":{\"@id\":\"https:\/\/www.christiegrey.com\/#organization\"},\"potentialAction\":[{\"@type\":\"SearchAction\",\"target\":{\"@type\":\"EntryPoint\",\"urlTemplate\":\"https:\/\/www.christiegrey.com\/?s={search_term_string}\"},\"query-input\":{\"@type\":\"PropertyValueSpecification\",\"valueRequired\":true,\"valueName\":\"search_term_string\"}}],\"inLanguage\":\"fr-FR\"},{\"@type\":\"Organization\",\"@id\":\"https:\/\/www.christiegrey.com\/#organization\",\"name\":\"Christie & Grey\",\"url\":\"https:\/\/www.christiegrey.com\/\",\"logo\":{\"@type\":\"ImageObject\",\"inLanguage\":\"fr-FR\",\"@id\":\"https:\/\/www.christiegrey.com\/#\/schema\/logo\/image\/\",\"url\":\"https:\/\/www.christiegrey.com\/wp-content\/uploads\/2026\/02\/cropped-logo-scaled-1.png\",\"contentUrl\":\"https:\/\/www.christiegrey.com\/wp-content\/uploads\/2026\/02\/cropped-logo-scaled-1.png\",\"width\":250,\"height\":90,\"caption\":\"Christie & Grey\"},\"image\":{\"@id\":\"https:\/\/www.christiegrey.com\/#\/schema\/logo\/image\/\"},\"sameAs\":[\"https:\/\/www.facebook.com\/christieandgreylimited\",\"https:\/\/x.com\/christiegreyltd\"]}]}<\/script>\n<!-- \/ Yoast SEO plugin. -->","yoast_head_json":{"title":"Faites une enqu\u00eate -","robots":{"index":"noindex","follow":"nofollow"},"og_locale":"fr_FR","og_type":"article","og_title":"Faites une enqu\u00eate -","og_description":"Finalisez votre demande Soumettez votre demande pour examen par notre \u00e9quipe d\u2019ing\u00e9nierie. Vous \u00eates presque pr\u00eat \u00e0 soumettre votre enqu\u00eate. Les produits de votre \u00ab panier \u00bb seront examin\u00e9s par notre \u00e9quipe d\u2019ing\u00e9nierie afin d\u2019en assurer leur ad\u00e9quation \u00e0 votre application. Une fois que vous aurez rempli vos informations et soumis le formulaire, nous \u00e9valuerons&hellip;","og_url":"https:\/\/www.christiegrey.com\/fr\/faites-une-enquete\/","article_publisher":"https:\/\/www.facebook.com\/christieandgreylimited","article_modified_time":"2026-01-26T06:42:37+00:00","twitter_card":"summary_large_image","twitter_site":"@christiegreyltd","schema":{"@context":"https:\/\/schema.org","@graph":[{"@type":"WebPage","@id":"https:\/\/www.christiegrey.com\/fr\/faites-une-enquete\/","url":"https:\/\/www.christiegrey.com\/fr\/faites-une-enquete\/","name":"Faites une enqu\u00eate -","isPartOf":{"@id":"https:\/\/www.christiegrey.com\/#website"},"datePublished":"2026-01-08T09:17:28+00:00","dateModified":"2026-01-26T06:42:37+00:00","breadcrumb":{"@id":"https:\/\/www.christiegrey.com\/fr\/faites-une-enquete\/#breadcrumb"},"inLanguage":"fr-FR","potentialAction":[{"@type":"ReadAction","target":["https:\/\/www.christiegrey.com\/fr\/faites-une-enquete\/"]}]},{"@type":"BreadcrumbList","@id":"https:\/\/www.christiegrey.com\/fr\/faites-une-enquete\/#breadcrumb","itemListElement":[{"@type":"ListItem","position":1,"name":"Accueil","item":"https:\/\/www.christiegrey.com\/"},{"@type":"ListItem","position":2,"name":"Faites une enqu\u00eate"}]},{"@type":"WebSite","@id":"https:\/\/www.christiegrey.com\/#website","url":"https:\/\/www.christiegrey.com\/","name":"Christie & Grey","description":"","publisher":{"@id":"https:\/\/www.christiegrey.com\/#organization"},"potentialAction":[{"@type":"SearchAction","target":{"@type":"EntryPoint","urlTemplate":"https:\/\/www.christiegrey.com\/?s={search_term_string}"},"query-input":{"@type":"PropertyValueSpecification","valueRequired":true,"valueName":"search_term_string"}}],"inLanguage":"fr-FR"},{"@type":"Organization","@id":"https:\/\/www.christiegrey.com\/#organization","name":"Christie & Grey","url":"https:\/\/www.christiegrey.com\/","logo":{"@type":"ImageObject","inLanguage":"fr-FR","@id":"https:\/\/www.christiegrey.com\/#\/schema\/logo\/image\/","url":"https:\/\/www.christiegrey.com\/wp-content\/uploads\/2026\/02\/cropped-logo-scaled-1.png","contentUrl":"https:\/\/www.christiegrey.com\/wp-content\/uploads\/2026\/02\/cropped-logo-scaled-1.png","width":250,"height":90,"caption":"Christie & Grey"},"image":{"@id":"https:\/\/www.christiegrey.com\/#\/schema\/logo\/image\/"},"sameAs":["https:\/\/www.facebook.com\/christieandgreylimited","https:\/\/x.com\/christiegreyltd"]}]}},"_links":{"self":[{"href":"https:\/\/www.christiegrey.com\/fr\/wp-json\/wp\/v2\/pages\/3607","targetHints":{"allow":["GET"]}}],"collection":[{"href":"https:\/\/www.christiegrey.com\/fr\/wp-json\/wp\/v2\/pages"}],"about":[{"href":"https:\/\/www.christiegrey.com\/fr\/wp-json\/wp\/v2\/types\/page"}],"author":[{"embeddable":true,"href":"https:\/\/www.christiegrey.com\/fr\/wp-json\/wp\/v2\/users\/1"}],"replies":[{"embeddable":true,"href":"https:\/\/www.christiegrey.com\/fr\/wp-json\/wp\/v2\/comments?post=3607"}],"version-history":[{"count":1,"href":"https:\/\/www.christiegrey.com\/fr\/wp-json\/wp\/v2\/pages\/3607\/revisions"}],"predecessor-version":[{"id":3618,"href":"https:\/\/www.christiegrey.com\/fr\/wp-json\/wp\/v2\/pages\/3607\/revisions\/3618"}],"wp:attachment":[{"href":"https:\/\/www.christiegrey.com\/fr\/wp-json\/wp\/v2\/media?parent=3607"}],"curies":[{"name":"wp","href":"https:\/\/api.w.org\/{rel}","templated":true}]}}