{"id":4638,"date":"2025-12-22T12:24:05","date_gmt":"2025-12-22T12:24:05","guid":{"rendered":"https:\/\/www.christiegrey.com\/product\/tsc-aisladores-unitarios-combinados-de-muelle-de-acero-y-caucho\/"},"modified":"2025-12-22T12:24:05","modified_gmt":"2025-12-22T12:24:05","slug":"tsc-aisladores-unitarios-combinados-de-muelle-de-acero-y-caucho","status":"publish","type":"product","link":"https:\/\/www.christiegrey.com\/es\/producto\/tsc-aisladores-unitarios-combinados-de-muelle-de-acero-y-caucho\/","title":{"rendered":"TSC &#8211; Aisladores Unitarios Combinados de Muelle de Acero y Caucho"},"content":{"rendered":"<p>Un avance importante en el dise\u00f1o ha combinado con \u00e9xito las mejores caracter\u00edsticas de los muelles de acero y los muelles de goma para producir una gama eficiente, compacta y econ\u00f3mica de aisladores unitarios adecuados para muchos tipos de aplicaciones. Muchas variantes de estos aisladores, dise\u00f1adas y fabricadas por nosotros, llevan ya m\u00e1s de veinte a\u00f1os en servicio. Los aisladores de unidad TSC son muy eficaces para reducir la transmisi\u00f3n de vibraciones, ruido estructural, choques y choques de una amplia gama de maquinaria rotativa y de reciprocaci\u00f3n, y para proteger los aparatos sensibles de perturbaciones externas. Son especialmente adecuados para aplicaciones marinas y m\u00f3viles, ya que se incorporan snubbers internos para controlar el movimiento de la m\u00e1quina aislada. La aprobaci\u00f3n de tipo por el detective Norske Veritas y la aprobaci\u00f3n general de tipo han sido otorgadas por el Registro de Navegaci\u00f3n de Lloyd.    <\/p>\n","protected":false},"excerpt":{"rendered":"<p>Tipo TSC T1 y TSC T2<\/p>\n","protected":false},"featured_media":895,"comment_status":"open","ping_status":"closed","template":"","meta":{"_acf_changed":false},"product_brand":[],"product_cat":[158,161,146],"product_tag":[],"class_list":{"0":"post-4638","1":"product","2":"type-product","3":"status-publish","4":"has-post-thumbnail","6":"product_cat-generacion-marina","7":"product_cat-propulsion-marina","8":"product_cat-soluciones-maritimas-y-offshore","10":"first","11":"instock","12":"shipping-taxable","13":"purchasable","14":"product-type-simple"},"acf":[],"yoast_head":"<!-- This site is optimized with the Yoast SEO plugin v27.0 - https:\/\/yoast.com\/product\/yoast-seo-wordpress\/ -->\n<title>Aisladores de acero y resorte de caucho TSC T1 y T2<\/title>\n<meta name=\"description\" content=\"Los aisladores TSC T1 y T2 combinan muelles de acero y goma para reducir vibraciones, ruido y choques en maquinaria, ideales para uso mar\u00edtimo, m\u00f3vil e industrial.\" \/>\n<meta name=\"robots\" content=\"index, follow, max-snippet:-1, max-image-preview:large, max-video-preview:-1\" \/>\n<link rel=\"canonical\" href=\"https:\/\/www.christiegrey.com\/es\/producto\/tsc-aisladores-unitarios-combinados-de-muelle-de-acero-y-caucho\/\" \/>\n<meta property=\"og:locale\" content=\"es_ES\" \/>\n<meta property=\"og:type\" content=\"article\" \/>\n<meta property=\"og:title\" content=\"Aisladores de acero y resorte de caucho TSC T1 y T2\" \/>\n<meta property=\"og:description\" content=\"Los aisladores TSC T1 y T2 combinan muelles de acero y goma para reducir vibraciones, ruido y choques en maquinaria, ideales para uso mar\u00edtimo, m\u00f3vil e industrial.\" \/>\n<meta property=\"og:url\" content=\"https:\/\/www.christiegrey.com\/es\/producto\/tsc-aisladores-unitarios-combinados-de-muelle-de-acero-y-caucho\/\" \/>\n<meta property=\"article:publisher\" content=\"https:\/\/www.facebook.com\/christieandgreylimited\" \/>\n<meta property=\"og:image\" content=\"https:\/\/www.christiegrey.com\/wp-content\/uploads\/2025\/12\/t1.jpg\" \/>\n\t<meta property=\"og:image:width\" content=\"365\" \/>\n\t<meta property=\"og:image:height\" content=\"308\" \/>\n\t<meta property=\"og:image:type\" content=\"image\/jpeg\" \/>\n<meta name=\"twitter:card\" content=\"summary_large_image\" \/>\n<meta name=\"twitter:site\" content=\"@christiegreyltd\" \/>\n<meta name=\"twitter:label1\" content=\"Tiempo de lectura\" \/>\n\t<meta name=\"twitter:data1\" content=\"1 minuto\" \/>\n<script type=\"application\/ld+json\" class=\"yoast-schema-graph\">{\"@context\":\"https:\/\/schema.org\",\"@graph\":[{\"@type\":\"WebPage\",\"@id\":\"https:\/\/www.christiegrey.com\/es\/producto\/tsc-aisladores-unitarios-combinados-de-muelle-de-acero-y-caucho\/\",\"url\":\"https:\/\/www.christiegrey.com\/es\/producto\/tsc-aisladores-unitarios-combinados-de-muelle-de-acero-y-caucho\/\",\"name\":\"Aisladores de acero y resorte de caucho TSC T1 y T2\",\"isPartOf\":{\"@id\":\"https:\/\/www.christiegrey.com\/#website\"},\"primaryImageOfPage\":{\"@id\":\"https:\/\/www.christiegrey.com\/es\/producto\/tsc-aisladores-unitarios-combinados-de-muelle-de-acero-y-caucho\/#primaryimage\"},\"image\":{\"@id\":\"https:\/\/www.christiegrey.com\/es\/producto\/tsc-aisladores-unitarios-combinados-de-muelle-de-acero-y-caucho\/#primaryimage\"},\"thumbnailUrl\":\"https:\/\/www.christiegrey.com\/wp-content\/uploads\/2025\/12\/t1.jpg\",\"datePublished\":\"2025-12-22T12:24:05+00:00\",\"description\":\"Los aisladores TSC T1 y T2 combinan muelles de acero y goma para reducir vibraciones, ruido y choques en maquinaria, ideales para uso mar\u00edtimo, m\u00f3vil e industrial.\",\"breadcrumb\":{\"@id\":\"https:\/\/www.christiegrey.com\/es\/producto\/tsc-aisladores-unitarios-combinados-de-muelle-de-acero-y-caucho\/#breadcrumb\"},\"inLanguage\":\"es\",\"potentialAction\":[{\"@type\":\"ReadAction\",\"target\":[\"https:\/\/www.christiegrey.com\/es\/producto\/tsc-aisladores-unitarios-combinados-de-muelle-de-acero-y-caucho\/\"]}]},{\"@type\":\"ImageObject\",\"inLanguage\":\"es\",\"@id\":\"https:\/\/www.christiegrey.com\/es\/producto\/tsc-aisladores-unitarios-combinados-de-muelle-de-acero-y-caucho\/#primaryimage\",\"url\":\"https:\/\/www.christiegrey.com\/wp-content\/uploads\/2025\/12\/t1.jpg\",\"contentUrl\":\"https:\/\/www.christiegrey.com\/wp-content\/uploads\/2025\/12\/t1.jpg\",\"width\":365,\"height\":308,\"caption\":\"Combined Steel & Rubber Spring Unit Isolators\"},{\"@type\":\"BreadcrumbList\",\"@id\":\"https:\/\/www.christiegrey.com\/es\/producto\/tsc-aisladores-unitarios-combinados-de-muelle-de-acero-y-caucho\/#breadcrumb\",\"itemListElement\":[{\"@type\":\"ListItem\",\"position\":1,\"name\":\"Inicio\",\"item\":\"https:\/\/www.christiegrey.com\/es\/\"},{\"@type\":\"ListItem\",\"position\":2,\"name\":\"Nuestros productos\",\"item\":\"https:\/\/www.christiegrey.com\/es\/tienda\/\"},{\"@type\":\"ListItem\",\"position\":3,\"name\":\"TSC &#8211; Aisladores Unitarios Combinados de Muelle de Acero y Caucho\"}]},{\"@type\":\"WebSite\",\"@id\":\"https:\/\/www.christiegrey.com\/#website\",\"url\":\"https:\/\/www.christiegrey.com\/\",\"name\":\"Christie & Grey\",\"description\":\"\",\"publisher\":{\"@id\":\"https:\/\/www.christiegrey.com\/#organization\"},\"potentialAction\":[{\"@type\":\"SearchAction\",\"target\":{\"@type\":\"EntryPoint\",\"urlTemplate\":\"https:\/\/www.christiegrey.com\/?s={search_term_string}\"},\"query-input\":{\"@type\":\"PropertyValueSpecification\",\"valueRequired\":true,\"valueName\":\"search_term_string\"}}],\"inLanguage\":\"es\"},{\"@type\":\"Organization\",\"@id\":\"https:\/\/www.christiegrey.com\/#organization\",\"name\":\"Christie & Grey\",\"url\":\"https:\/\/www.christiegrey.com\/\",\"logo\":{\"@type\":\"ImageObject\",\"inLanguage\":\"es\",\"@id\":\"https:\/\/www.christiegrey.com\/#\/schema\/logo\/image\/\",\"url\":\"https:\/\/www.christiegrey.com\/wp-content\/uploads\/2026\/02\/cropped-logo-scaled-1.png\",\"contentUrl\":\"https:\/\/www.christiegrey.com\/wp-content\/uploads\/2026\/02\/cropped-logo-scaled-1.png\",\"width\":250,\"height\":90,\"caption\":\"Christie & Grey\"},\"image\":{\"@id\":\"https:\/\/www.christiegrey.com\/#\/schema\/logo\/image\/\"},\"sameAs\":[\"https:\/\/www.facebook.com\/christieandgreylimited\",\"https:\/\/x.com\/christiegreyltd\"]}]}<\/script>\n<!-- \/ Yoast SEO plugin. -->","yoast_head_json":{"title":"Aisladores de acero y resorte de caucho TSC T1 y T2","description":"Los aisladores TSC T1 y T2 combinan muelles de acero y goma para reducir vibraciones, ruido y choques en maquinaria, ideales para uso mar\u00edtimo, m\u00f3vil e industrial.","robots":{"index":"index","follow":"follow","max-snippet":"max-snippet:-1","max-image-preview":"max-image-preview:large","max-video-preview":"max-video-preview:-1"},"canonical":"https:\/\/www.christiegrey.com\/es\/producto\/tsc-aisladores-unitarios-combinados-de-muelle-de-acero-y-caucho\/","og_locale":"es_ES","og_type":"article","og_title":"Aisladores de acero y resorte de caucho TSC T1 y T2","og_description":"Los aisladores TSC T1 y T2 combinan muelles de acero y goma para reducir vibraciones, ruido y choques en maquinaria, ideales para uso mar\u00edtimo, m\u00f3vil e industrial.","og_url":"https:\/\/www.christiegrey.com\/es\/producto\/tsc-aisladores-unitarios-combinados-de-muelle-de-acero-y-caucho\/","article_publisher":"https:\/\/www.facebook.com\/christieandgreylimited","og_image":[{"width":365,"height":308,"url":"https:\/\/www.christiegrey.com\/wp-content\/uploads\/2025\/12\/t1.jpg","type":"image\/jpeg"}],"twitter_card":"summary_large_image","twitter_site":"@christiegreyltd","twitter_misc":{"Tiempo de lectura":"1 minuto"},"schema":{"@context":"https:\/\/schema.org","@graph":[{"@type":"WebPage","@id":"https:\/\/www.christiegrey.com\/es\/producto\/tsc-aisladores-unitarios-combinados-de-muelle-de-acero-y-caucho\/","url":"https:\/\/www.christiegrey.com\/es\/producto\/tsc-aisladores-unitarios-combinados-de-muelle-de-acero-y-caucho\/","name":"Aisladores de acero y resorte de caucho TSC T1 y T2","isPartOf":{"@id":"https:\/\/www.christiegrey.com\/#website"},"primaryImageOfPage":{"@id":"https:\/\/www.christiegrey.com\/es\/producto\/tsc-aisladores-unitarios-combinados-de-muelle-de-acero-y-caucho\/#primaryimage"},"image":{"@id":"https:\/\/www.christiegrey.com\/es\/producto\/tsc-aisladores-unitarios-combinados-de-muelle-de-acero-y-caucho\/#primaryimage"},"thumbnailUrl":"https:\/\/www.christiegrey.com\/wp-content\/uploads\/2025\/12\/t1.jpg","datePublished":"2025-12-22T12:24:05+00:00","description":"Los aisladores TSC T1 y T2 combinan muelles de acero y goma para reducir vibraciones, ruido y choques en maquinaria, ideales para uso mar\u00edtimo, m\u00f3vil e industrial.","breadcrumb":{"@id":"https:\/\/www.christiegrey.com\/es\/producto\/tsc-aisladores-unitarios-combinados-de-muelle-de-acero-y-caucho\/#breadcrumb"},"inLanguage":"es","potentialAction":[{"@type":"ReadAction","target":["https:\/\/www.christiegrey.com\/es\/producto\/tsc-aisladores-unitarios-combinados-de-muelle-de-acero-y-caucho\/"]}]},{"@type":"ImageObject","inLanguage":"es","@id":"https:\/\/www.christiegrey.com\/es\/producto\/tsc-aisladores-unitarios-combinados-de-muelle-de-acero-y-caucho\/#primaryimage","url":"https:\/\/www.christiegrey.com\/wp-content\/uploads\/2025\/12\/t1.jpg","contentUrl":"https:\/\/www.christiegrey.com\/wp-content\/uploads\/2025\/12\/t1.jpg","width":365,"height":308,"caption":"Combined Steel & Rubber Spring Unit Isolators"},{"@type":"BreadcrumbList","@id":"https:\/\/www.christiegrey.com\/es\/producto\/tsc-aisladores-unitarios-combinados-de-muelle-de-acero-y-caucho\/#breadcrumb","itemListElement":[{"@type":"ListItem","position":1,"name":"Inicio","item":"https:\/\/www.christiegrey.com\/es\/"},{"@type":"ListItem","position":2,"name":"Nuestros productos","item":"https:\/\/www.christiegrey.com\/es\/tienda\/"},{"@type":"ListItem","position":3,"name":"TSC &#8211; Aisladores Unitarios Combinados de Muelle de Acero y Caucho"}]},{"@type":"WebSite","@id":"https:\/\/www.christiegrey.com\/#website","url":"https:\/\/www.christiegrey.com\/","name":"Christie & Grey","description":"","publisher":{"@id":"https:\/\/www.christiegrey.com\/#organization"},"potentialAction":[{"@type":"SearchAction","target":{"@type":"EntryPoint","urlTemplate":"https:\/\/www.christiegrey.com\/?s={search_term_string}"},"query-input":{"@type":"PropertyValueSpecification","valueRequired":true,"valueName":"search_term_string"}}],"inLanguage":"es"},{"@type":"Organization","@id":"https:\/\/www.christiegrey.com\/#organization","name":"Christie & Grey","url":"https:\/\/www.christiegrey.com\/","logo":{"@type":"ImageObject","inLanguage":"es","@id":"https:\/\/www.christiegrey.com\/#\/schema\/logo\/image\/","url":"https:\/\/www.christiegrey.com\/wp-content\/uploads\/2026\/02\/cropped-logo-scaled-1.png","contentUrl":"https:\/\/www.christiegrey.com\/wp-content\/uploads\/2026\/02\/cropped-logo-scaled-1.png","width":250,"height":90,"caption":"Christie & Grey"},"image":{"@id":"https:\/\/www.christiegrey.com\/#\/schema\/logo\/image\/"},"sameAs":["https:\/\/www.facebook.com\/christieandgreylimited","https:\/\/x.com\/christiegreyltd"]}]}},"_links":{"self":[{"href":"https:\/\/www.christiegrey.com\/es\/wp-json\/wp\/v2\/product\/4638","targetHints":{"allow":["GET"]}}],"collection":[{"href":"https:\/\/www.christiegrey.com\/es\/wp-json\/wp\/v2\/product"}],"about":[{"href":"https:\/\/www.christiegrey.com\/es\/wp-json\/wp\/v2\/types\/product"}],"replies":[{"embeddable":true,"href":"https:\/\/www.christiegrey.com\/es\/wp-json\/wp\/v2\/comments?post=4638"}],"wp:featuredmedia":[{"embeddable":true,"href":"https:\/\/www.christiegrey.com\/es\/wp-json\/wp\/v2\/media\/895"}],"wp:attachment":[{"href":"https:\/\/www.christiegrey.com\/es\/wp-json\/wp\/v2\/media?parent=4638"}],"wp:term":[{"taxonomy":"product_brand","embeddable":true,"href":"https:\/\/www.christiegrey.com\/es\/wp-json\/wp\/v2\/product_brand?post=4638"},{"taxonomy":"product_cat","embeddable":true,"href":"https:\/\/www.christiegrey.com\/es\/wp-json\/wp\/v2\/product_cat?post=4638"},{"taxonomy":"product_tag","embeddable":true,"href":"https:\/\/www.christiegrey.com\/es\/wp-json\/wp\/v2\/product_tag?post=4638"}],"curies":[{"name":"wp","href":"https:\/\/api.w.org\/{rel}","templated":true}]}}