{"id":4628,"date":"2025-12-25T14:30:27","date_gmt":"2025-12-25T14:30:27","guid":{"rendered":"https:\/\/www.christiegrey.com\/product\/colgadores-acusticos-de-muelle-y-goma-para-techos-2\/"},"modified":"2025-12-25T14:30:27","modified_gmt":"2025-12-25T14:30:27","slug":"colgadores-acusticos-de-muelle-y-goma-para-techos-2","status":"publish","type":"product","link":"https:\/\/www.christiegrey.com\/es\/producto\/colgadores-acusticos-de-muelle-y-goma-para-techos-2\/","title":{"rendered":"Colgadores ac\u00fasticos de muelle y goma para techos"},"content":{"rendered":"<p>Una gama completa de colgadores ac\u00fasticos de acero y caucho para el techo, que ofrece al dise\u00f1ador la opci\u00f3n entre aislamiento de vibraciones de baja frecuencia o un rendimiento \u00f3ptimo a frecuencias audibles m\u00e1s altas, si el control del ruido es de suma importancia.<\/p>\n","protected":false},"excerpt":{"rendered":"<p>Tipo JSH y JRH<\/p>\n","protected":false},"featured_media":1079,"comment_status":"open","ping_status":"closed","template":"","meta":{"_acf_changed":false},"product_brand":[],"product_cat":[114,113],"product_tag":[],"class_list":{"0":"post-4628","1":"product","2":"type-product","3":"status-publish","4":"has-post-thumbnail","6":"product_cat-productos-acusticos-para-techos","7":"product_cat-soluciones-de-construccion","9":"first","10":"instock","11":"shipping-taxable","12":"purchasable","13":"product-type-simple"},"acf":[],"yoast_head":"<!-- This site is optimized with the Yoast SEO plugin v27.0 - https:\/\/yoast.com\/product\/yoast-seo-wordpress\/ -->\n<title>Colgadores ac\u00fasticos ac\u00fasticos JSH &amp; JRH<\/title>\n<meta name=\"description\" content=\"Los muelles de acero JSH &amp; JRH y los colgadores de goma en el techo proporcionan aislamiento de vibraciones de baja y alta frecuencia, asegurando un control superior del ruido en los techos.\" \/>\n<meta name=\"robots\" content=\"index, follow, max-snippet:-1, max-image-preview:large, max-video-preview:-1\" \/>\n<link rel=\"canonical\" href=\"https:\/\/www.christiegrey.com\/es\/producto\/colgadores-acusticos-de-muelle-y-goma-para-techos-2\/\" \/>\n<meta property=\"og:locale\" content=\"es_ES\" \/>\n<meta property=\"og:type\" content=\"article\" \/>\n<meta property=\"og:title\" content=\"Colgadores ac\u00fasticos ac\u00fasticos JSH &amp; JRH\" \/>\n<meta property=\"og:description\" content=\"Los muelles de acero JSH &amp; JRH y los colgadores de goma en el techo proporcionan aislamiento de vibraciones de baja y alta frecuencia, asegurando un control superior del ruido en los techos.\" \/>\n<meta property=\"og:url\" content=\"https:\/\/www.christiegrey.com\/es\/producto\/colgadores-acusticos-de-muelle-y-goma-para-techos-2\/\" \/>\n<meta property=\"article:publisher\" content=\"https:\/\/www.facebook.com\/christieandgreylimited\" \/>\n<meta property=\"og:image\" content=\"https:\/\/www.christiegrey.com\/wp-content\/uploads\/2025\/12\/jsh.png\" \/>\n\t<meta property=\"og:image:width\" content=\"365\" \/>\n\t<meta property=\"og:image:height\" content=\"365\" \/>\n\t<meta property=\"og:image:type\" content=\"image\/png\" \/>\n<meta name=\"twitter:card\" content=\"summary_large_image\" \/>\n<meta name=\"twitter:site\" content=\"@christiegreyltd\" \/>\n<script type=\"application\/ld+json\" class=\"yoast-schema-graph\">{\"@context\":\"https:\/\/schema.org\",\"@graph\":[{\"@type\":\"WebPage\",\"@id\":\"https:\/\/www.christiegrey.com\/es\/producto\/colgadores-acusticos-de-muelle-y-goma-para-techos-2\/\",\"url\":\"https:\/\/www.christiegrey.com\/es\/producto\/colgadores-acusticos-de-muelle-y-goma-para-techos-2\/\",\"name\":\"Colgadores ac\u00fasticos ac\u00fasticos JSH & JRH\",\"isPartOf\":{\"@id\":\"https:\/\/www.christiegrey.com\/#website\"},\"primaryImageOfPage\":{\"@id\":\"https:\/\/www.christiegrey.com\/es\/producto\/colgadores-acusticos-de-muelle-y-goma-para-techos-2\/#primaryimage\"},\"image\":{\"@id\":\"https:\/\/www.christiegrey.com\/es\/producto\/colgadores-acusticos-de-muelle-y-goma-para-techos-2\/#primaryimage\"},\"thumbnailUrl\":\"https:\/\/www.christiegrey.com\/wp-content\/uploads\/2025\/12\/jsh.png\",\"datePublished\":\"2025-12-25T14:30:27+00:00\",\"description\":\"Los muelles de acero JSH & JRH y los colgadores de goma en el techo proporcionan aislamiento de vibraciones de baja y alta frecuencia, asegurando un control superior del ruido en los techos.\",\"breadcrumb\":{\"@id\":\"https:\/\/www.christiegrey.com\/es\/producto\/colgadores-acusticos-de-muelle-y-goma-para-techos-2\/#breadcrumb\"},\"inLanguage\":\"es\",\"potentialAction\":[{\"@type\":\"ReadAction\",\"target\":[\"https:\/\/www.christiegrey.com\/es\/producto\/colgadores-acusticos-de-muelle-y-goma-para-techos-2\/\"]}]},{\"@type\":\"ImageObject\",\"inLanguage\":\"es\",\"@id\":\"https:\/\/www.christiegrey.com\/es\/producto\/colgadores-acusticos-de-muelle-y-goma-para-techos-2\/#primaryimage\",\"url\":\"https:\/\/www.christiegrey.com\/wp-content\/uploads\/2025\/12\/jsh.png\",\"contentUrl\":\"https:\/\/www.christiegrey.com\/wp-content\/uploads\/2025\/12\/jsh.png\",\"width\":365,\"height\":365,\"caption\":\"JSH\/JRH spring and rubber acoustic ceiling hangers\"},{\"@type\":\"BreadcrumbList\",\"@id\":\"https:\/\/www.christiegrey.com\/es\/producto\/colgadores-acusticos-de-muelle-y-goma-para-techos-2\/#breadcrumb\",\"itemListElement\":[{\"@type\":\"ListItem\",\"position\":1,\"name\":\"Inicio\",\"item\":\"https:\/\/www.christiegrey.com\/es\/\"},{\"@type\":\"ListItem\",\"position\":2,\"name\":\"Nuestros productos\",\"item\":\"https:\/\/www.christiegrey.com\/es\/tienda\/\"},{\"@type\":\"ListItem\",\"position\":3,\"name\":\"Colgadores ac\u00fasticos de muelle y goma para techos\"}]},{\"@type\":\"WebSite\",\"@id\":\"https:\/\/www.christiegrey.com\/#website\",\"url\":\"https:\/\/www.christiegrey.com\/\",\"name\":\"Christie & Grey\",\"description\":\"\",\"publisher\":{\"@id\":\"https:\/\/www.christiegrey.com\/#organization\"},\"potentialAction\":[{\"@type\":\"SearchAction\",\"target\":{\"@type\":\"EntryPoint\",\"urlTemplate\":\"https:\/\/www.christiegrey.com\/?s={search_term_string}\"},\"query-input\":{\"@type\":\"PropertyValueSpecification\",\"valueRequired\":true,\"valueName\":\"search_term_string\"}}],\"inLanguage\":\"es\"},{\"@type\":\"Organization\",\"@id\":\"https:\/\/www.christiegrey.com\/#organization\",\"name\":\"Christie & Grey\",\"url\":\"https:\/\/www.christiegrey.com\/\",\"logo\":{\"@type\":\"ImageObject\",\"inLanguage\":\"es\",\"@id\":\"https:\/\/www.christiegrey.com\/#\/schema\/logo\/image\/\",\"url\":\"https:\/\/www.christiegrey.com\/wp-content\/uploads\/2026\/02\/cropped-logo-scaled-1.png\",\"contentUrl\":\"https:\/\/www.christiegrey.com\/wp-content\/uploads\/2026\/02\/cropped-logo-scaled-1.png\",\"width\":250,\"height\":90,\"caption\":\"Christie & Grey\"},\"image\":{\"@id\":\"https:\/\/www.christiegrey.com\/#\/schema\/logo\/image\/\"},\"sameAs\":[\"https:\/\/www.facebook.com\/christieandgreylimited\",\"https:\/\/x.com\/christiegreyltd\"]}]}<\/script>\n<!-- \/ Yoast SEO plugin. -->","yoast_head_json":{"title":"Colgadores ac\u00fasticos ac\u00fasticos JSH & JRH","description":"Los muelles de acero JSH & JRH y los colgadores de goma en el techo proporcionan aislamiento de vibraciones de baja y alta frecuencia, asegurando un control superior del ruido en los techos.","robots":{"index":"index","follow":"follow","max-snippet":"max-snippet:-1","max-image-preview":"max-image-preview:large","max-video-preview":"max-video-preview:-1"},"canonical":"https:\/\/www.christiegrey.com\/es\/producto\/colgadores-acusticos-de-muelle-y-goma-para-techos-2\/","og_locale":"es_ES","og_type":"article","og_title":"Colgadores ac\u00fasticos ac\u00fasticos JSH & JRH","og_description":"Los muelles de acero JSH & JRH y los colgadores de goma en el techo proporcionan aislamiento de vibraciones de baja y alta frecuencia, asegurando un control superior del ruido en los techos.","og_url":"https:\/\/www.christiegrey.com\/es\/producto\/colgadores-acusticos-de-muelle-y-goma-para-techos-2\/","article_publisher":"https:\/\/www.facebook.com\/christieandgreylimited","og_image":[{"width":365,"height":365,"url":"https:\/\/www.christiegrey.com\/wp-content\/uploads\/2025\/12\/jsh.png","type":"image\/png"}],"twitter_card":"summary_large_image","twitter_site":"@christiegreyltd","schema":{"@context":"https:\/\/schema.org","@graph":[{"@type":"WebPage","@id":"https:\/\/www.christiegrey.com\/es\/producto\/colgadores-acusticos-de-muelle-y-goma-para-techos-2\/","url":"https:\/\/www.christiegrey.com\/es\/producto\/colgadores-acusticos-de-muelle-y-goma-para-techos-2\/","name":"Colgadores ac\u00fasticos ac\u00fasticos JSH & JRH","isPartOf":{"@id":"https:\/\/www.christiegrey.com\/#website"},"primaryImageOfPage":{"@id":"https:\/\/www.christiegrey.com\/es\/producto\/colgadores-acusticos-de-muelle-y-goma-para-techos-2\/#primaryimage"},"image":{"@id":"https:\/\/www.christiegrey.com\/es\/producto\/colgadores-acusticos-de-muelle-y-goma-para-techos-2\/#primaryimage"},"thumbnailUrl":"https:\/\/www.christiegrey.com\/wp-content\/uploads\/2025\/12\/jsh.png","datePublished":"2025-12-25T14:30:27+00:00","description":"Los muelles de acero JSH & JRH y los colgadores de goma en el techo proporcionan aislamiento de vibraciones de baja y alta frecuencia, asegurando un control superior del ruido en los techos.","breadcrumb":{"@id":"https:\/\/www.christiegrey.com\/es\/producto\/colgadores-acusticos-de-muelle-y-goma-para-techos-2\/#breadcrumb"},"inLanguage":"es","potentialAction":[{"@type":"ReadAction","target":["https:\/\/www.christiegrey.com\/es\/producto\/colgadores-acusticos-de-muelle-y-goma-para-techos-2\/"]}]},{"@type":"ImageObject","inLanguage":"es","@id":"https:\/\/www.christiegrey.com\/es\/producto\/colgadores-acusticos-de-muelle-y-goma-para-techos-2\/#primaryimage","url":"https:\/\/www.christiegrey.com\/wp-content\/uploads\/2025\/12\/jsh.png","contentUrl":"https:\/\/www.christiegrey.com\/wp-content\/uploads\/2025\/12\/jsh.png","width":365,"height":365,"caption":"JSH\/JRH spring and rubber acoustic ceiling hangers"},{"@type":"BreadcrumbList","@id":"https:\/\/www.christiegrey.com\/es\/producto\/colgadores-acusticos-de-muelle-y-goma-para-techos-2\/#breadcrumb","itemListElement":[{"@type":"ListItem","position":1,"name":"Inicio","item":"https:\/\/www.christiegrey.com\/es\/"},{"@type":"ListItem","position":2,"name":"Nuestros productos","item":"https:\/\/www.christiegrey.com\/es\/tienda\/"},{"@type":"ListItem","position":3,"name":"Colgadores ac\u00fasticos de muelle y goma para techos"}]},{"@type":"WebSite","@id":"https:\/\/www.christiegrey.com\/#website","url":"https:\/\/www.christiegrey.com\/","name":"Christie & Grey","description":"","publisher":{"@id":"https:\/\/www.christiegrey.com\/#organization"},"potentialAction":[{"@type":"SearchAction","target":{"@type":"EntryPoint","urlTemplate":"https:\/\/www.christiegrey.com\/?s={search_term_string}"},"query-input":{"@type":"PropertyValueSpecification","valueRequired":true,"valueName":"search_term_string"}}],"inLanguage":"es"},{"@type":"Organization","@id":"https:\/\/www.christiegrey.com\/#organization","name":"Christie & Grey","url":"https:\/\/www.christiegrey.com\/","logo":{"@type":"ImageObject","inLanguage":"es","@id":"https:\/\/www.christiegrey.com\/#\/schema\/logo\/image\/","url":"https:\/\/www.christiegrey.com\/wp-content\/uploads\/2026\/02\/cropped-logo-scaled-1.png","contentUrl":"https:\/\/www.christiegrey.com\/wp-content\/uploads\/2026\/02\/cropped-logo-scaled-1.png","width":250,"height":90,"caption":"Christie & Grey"},"image":{"@id":"https:\/\/www.christiegrey.com\/#\/schema\/logo\/image\/"},"sameAs":["https:\/\/www.facebook.com\/christieandgreylimited","https:\/\/x.com\/christiegreyltd"]}]}},"_links":{"self":[{"href":"https:\/\/www.christiegrey.com\/es\/wp-json\/wp\/v2\/product\/4628","targetHints":{"allow":["GET"]}}],"collection":[{"href":"https:\/\/www.christiegrey.com\/es\/wp-json\/wp\/v2\/product"}],"about":[{"href":"https:\/\/www.christiegrey.com\/es\/wp-json\/wp\/v2\/types\/product"}],"replies":[{"embeddable":true,"href":"https:\/\/www.christiegrey.com\/es\/wp-json\/wp\/v2\/comments?post=4628"}],"wp:featuredmedia":[{"embeddable":true,"href":"https:\/\/www.christiegrey.com\/es\/wp-json\/wp\/v2\/media\/1079"}],"wp:attachment":[{"href":"https:\/\/www.christiegrey.com\/es\/wp-json\/wp\/v2\/media?parent=4628"}],"wp:term":[{"taxonomy":"product_brand","embeddable":true,"href":"https:\/\/www.christiegrey.com\/es\/wp-json\/wp\/v2\/product_brand?post=4628"},{"taxonomy":"product_cat","embeddable":true,"href":"https:\/\/www.christiegrey.com\/es\/wp-json\/wp\/v2\/product_cat?post=4628"},{"taxonomy":"product_tag","embeddable":true,"href":"https:\/\/www.christiegrey.com\/es\/wp-json\/wp\/v2\/product_tag?post=4628"}],"curies":[{"name":"wp","href":"https:\/\/api.w.org\/{rel}","templated":true}]}}