{"id":4581,"date":"2025-12-25T10:58:43","date_gmt":"2025-12-25T10:58:43","guid":{"rendered":"https:\/\/www.christiegrey.com\/product\/montajes-de-amortiguador-5\/"},"modified":"2025-12-25T10:58:43","modified_gmt":"2025-12-25T10:58:43","slug":"montajes-de-amortiguador-5","status":"publish","type":"product","link":"https:\/\/www.christiegrey.com\/es\/producto\/montajes-de-amortiguador-5\/","title":{"rendered":"Montajes de amortiguador"},"content":{"rendered":"<p>Tipo PD &#8211; Una de la gama de soportes de goma para choques y vibraciones disponibles en el Manual de Choques BR.3021 del Departamento de Buques del Ministerio de Defensa. <\/p>\n<p>Se utilizan las opciones VSU &#8211; Unidad de Parada Vertical (mostrada a la izquierda con las arandelas de goma roja) y los montajes rectangulares en forma de s\u00e1ndwich de retenci\u00f3n de extremo resistente (mostrados a la derecha) para limitar los desplazamientos de los amortiguadores y la respuesta al movimiento del buque.<\/p>\n<p>Unidad de tope vertical VSU: Detalles t\u00edpicos de una aplicaci\u00f3n usando montajes de amortiguadores marinos Christie &amp; Grey Montajes rectangulares tipo s\u00e1ndwich.<\/p>\n","protected":false},"excerpt":{"rendered":"<p>Tama\u00f1os tipo PD P5D, P7D y P81\/4D<\/p>\n","protected":false},"featured_media":963,"comment_status":"open","ping_status":"closed","template":"","meta":{"_acf_changed":false},"product_brand":[],"product_cat":[147,158,146],"product_tag":[],"class_list":{"0":"post-4581","1":"product","2":"type-product","3":"status-publish","4":"has-post-thumbnail","6":"product_cat-auxiliares-maritimos","7":"product_cat-generacion-marina","8":"product_cat-soluciones-maritimas-y-offshore","10":"first","11":"instock","12":"shipping-taxable","13":"purchasable","14":"product-type-simple"},"acf":[],"yoast_head":"<!-- This site is optimized with the Yoast SEO plugin v27.0 - https:\/\/yoast.com\/product\/yoast-seo-wordpress\/ -->\n<title>Soportes de choque de goma PD \u2013 Control de vibraciones y choques marinos<\/title>\n<meta name=\"description\" content=\"Los soportes de amortiguador PD (P5D, P7D y P81\/4D) reducen las vibraciones y los golpes en aplicaciones marinas, con soportes opcionales VSU y s\u00e1ndwich rectangular para el control de desplazamiento.\" \/>\n<meta name=\"robots\" content=\"index, follow, max-snippet:-1, max-image-preview:large, max-video-preview:-1\" \/>\n<link rel=\"canonical\" href=\"https:\/\/www.christiegrey.com\/es\/producto\/montajes-de-amortiguador-5\/\" \/>\n<meta property=\"og:locale\" content=\"es_ES\" \/>\n<meta property=\"og:type\" content=\"article\" \/>\n<meta property=\"og:title\" content=\"Soportes de choque de goma PD \u2013 Control de vibraciones y choques marinos\" \/>\n<meta property=\"og:description\" content=\"Los soportes de amortiguador PD (P5D, P7D y P81\/4D) reducen las vibraciones y los golpes en aplicaciones marinas, con soportes opcionales VSU y s\u00e1ndwich rectangular para el control de desplazamiento.\" \/>\n<meta property=\"og:url\" content=\"https:\/\/www.christiegrey.com\/es\/producto\/montajes-de-amortiguador-5\/\" \/>\n<meta property=\"article:publisher\" content=\"https:\/\/www.facebook.com\/christieandgreylimited\" \/>\n<meta property=\"og:image\" content=\"https:\/\/www.christiegrey.com\/wp-content\/uploads\/2025\/12\/pd.png\" \/>\n\t<meta property=\"og:image:width\" content=\"300\" \/>\n\t<meta property=\"og:image:height\" content=\"300\" \/>\n\t<meta property=\"og:image:type\" content=\"image\/png\" \/>\n<meta name=\"twitter:card\" content=\"summary_large_image\" \/>\n<meta name=\"twitter:site\" content=\"@christiegreyltd\" \/>\n<meta name=\"twitter:label1\" content=\"Tiempo de lectura\" \/>\n\t<meta name=\"twitter:data1\" content=\"1 minuto\" \/>\n<script type=\"application\/ld+json\" class=\"yoast-schema-graph\">{\"@context\":\"https:\/\/schema.org\",\"@graph\":[{\"@type\":\"WebPage\",\"@id\":\"https:\/\/www.christiegrey.com\/es\/producto\/montajes-de-amortiguador-5\/\",\"url\":\"https:\/\/www.christiegrey.com\/es\/producto\/montajes-de-amortiguador-5\/\",\"name\":\"Soportes de choque de goma PD \u2013 Control de vibraciones y choques marinos\",\"isPartOf\":{\"@id\":\"https:\/\/www.christiegrey.com\/#website\"},\"primaryImageOfPage\":{\"@id\":\"https:\/\/www.christiegrey.com\/es\/producto\/montajes-de-amortiguador-5\/#primaryimage\"},\"image\":{\"@id\":\"https:\/\/www.christiegrey.com\/es\/producto\/montajes-de-amortiguador-5\/#primaryimage\"},\"thumbnailUrl\":\"https:\/\/www.christiegrey.com\/wp-content\/uploads\/2025\/12\/pd.png\",\"datePublished\":\"2025-12-25T10:58:43+00:00\",\"description\":\"Los soportes de amortiguador PD (P5D, P7D y P81\/4D) reducen las vibraciones y los golpes en aplicaciones marinas, con soportes opcionales VSU y s\u00e1ndwich rectangular para el control de desplazamiento.\",\"breadcrumb\":{\"@id\":\"https:\/\/www.christiegrey.com\/es\/producto\/montajes-de-amortiguador-5\/#breadcrumb\"},\"inLanguage\":\"es\",\"potentialAction\":[{\"@type\":\"ReadAction\",\"target\":[\"https:\/\/www.christiegrey.com\/es\/producto\/montajes-de-amortiguador-5\/\"]}]},{\"@type\":\"ImageObject\",\"inLanguage\":\"es\",\"@id\":\"https:\/\/www.christiegrey.com\/es\/producto\/montajes-de-amortiguador-5\/#primaryimage\",\"url\":\"https:\/\/www.christiegrey.com\/wp-content\/uploads\/2025\/12\/pd.png\",\"contentUrl\":\"https:\/\/www.christiegrey.com\/wp-content\/uploads\/2025\/12\/pd.png\",\"width\":300,\"height\":300,\"caption\":\"Type PD marine rubber shock and vibration mount\"},{\"@type\":\"BreadcrumbList\",\"@id\":\"https:\/\/www.christiegrey.com\/es\/producto\/montajes-de-amortiguador-5\/#breadcrumb\",\"itemListElement\":[{\"@type\":\"ListItem\",\"position\":1,\"name\":\"Inicio\",\"item\":\"https:\/\/www.christiegrey.com\/es\/\"},{\"@type\":\"ListItem\",\"position\":2,\"name\":\"Nuestros productos\",\"item\":\"https:\/\/www.christiegrey.com\/es\/tienda\/\"},{\"@type\":\"ListItem\",\"position\":3,\"name\":\"Montajes de amortiguador\"}]},{\"@type\":\"WebSite\",\"@id\":\"https:\/\/www.christiegrey.com\/#website\",\"url\":\"https:\/\/www.christiegrey.com\/\",\"name\":\"Christie & Grey\",\"description\":\"\",\"publisher\":{\"@id\":\"https:\/\/www.christiegrey.com\/#organization\"},\"potentialAction\":[{\"@type\":\"SearchAction\",\"target\":{\"@type\":\"EntryPoint\",\"urlTemplate\":\"https:\/\/www.christiegrey.com\/?s={search_term_string}\"},\"query-input\":{\"@type\":\"PropertyValueSpecification\",\"valueRequired\":true,\"valueName\":\"search_term_string\"}}],\"inLanguage\":\"es\"},{\"@type\":\"Organization\",\"@id\":\"https:\/\/www.christiegrey.com\/#organization\",\"name\":\"Christie & Grey\",\"url\":\"https:\/\/www.christiegrey.com\/\",\"logo\":{\"@type\":\"ImageObject\",\"inLanguage\":\"es\",\"@id\":\"https:\/\/www.christiegrey.com\/#\/schema\/logo\/image\/\",\"url\":\"https:\/\/www.christiegrey.com\/wp-content\/uploads\/2026\/02\/cropped-logo-scaled-1.png\",\"contentUrl\":\"https:\/\/www.christiegrey.com\/wp-content\/uploads\/2026\/02\/cropped-logo-scaled-1.png\",\"width\":250,\"height\":90,\"caption\":\"Christie & Grey\"},\"image\":{\"@id\":\"https:\/\/www.christiegrey.com\/#\/schema\/logo\/image\/\"},\"sameAs\":[\"https:\/\/www.facebook.com\/christieandgreylimited\",\"https:\/\/x.com\/christiegreyltd\"]}]}<\/script>\n<!-- \/ Yoast SEO plugin. -->","yoast_head_json":{"title":"Soportes de choque de goma PD \u2013 Control de vibraciones y choques marinos","description":"Los soportes de amortiguador PD (P5D, P7D y P81\/4D) reducen las vibraciones y los golpes en aplicaciones marinas, con soportes opcionales VSU y s\u00e1ndwich rectangular para el control de desplazamiento.","robots":{"index":"index","follow":"follow","max-snippet":"max-snippet:-1","max-image-preview":"max-image-preview:large","max-video-preview":"max-video-preview:-1"},"canonical":"https:\/\/www.christiegrey.com\/es\/producto\/montajes-de-amortiguador-5\/","og_locale":"es_ES","og_type":"article","og_title":"Soportes de choque de goma PD \u2013 Control de vibraciones y choques marinos","og_description":"Los soportes de amortiguador PD (P5D, P7D y P81\/4D) reducen las vibraciones y los golpes en aplicaciones marinas, con soportes opcionales VSU y s\u00e1ndwich rectangular para el control de desplazamiento.","og_url":"https:\/\/www.christiegrey.com\/es\/producto\/montajes-de-amortiguador-5\/","article_publisher":"https:\/\/www.facebook.com\/christieandgreylimited","og_image":[{"width":300,"height":300,"url":"https:\/\/www.christiegrey.com\/wp-content\/uploads\/2025\/12\/pd.png","type":"image\/png"}],"twitter_card":"summary_large_image","twitter_site":"@christiegreyltd","twitter_misc":{"Tiempo de lectura":"1 minuto"},"schema":{"@context":"https:\/\/schema.org","@graph":[{"@type":"WebPage","@id":"https:\/\/www.christiegrey.com\/es\/producto\/montajes-de-amortiguador-5\/","url":"https:\/\/www.christiegrey.com\/es\/producto\/montajes-de-amortiguador-5\/","name":"Soportes de choque de goma PD \u2013 Control de vibraciones y choques marinos","isPartOf":{"@id":"https:\/\/www.christiegrey.com\/#website"},"primaryImageOfPage":{"@id":"https:\/\/www.christiegrey.com\/es\/producto\/montajes-de-amortiguador-5\/#primaryimage"},"image":{"@id":"https:\/\/www.christiegrey.com\/es\/producto\/montajes-de-amortiguador-5\/#primaryimage"},"thumbnailUrl":"https:\/\/www.christiegrey.com\/wp-content\/uploads\/2025\/12\/pd.png","datePublished":"2025-12-25T10:58:43+00:00","description":"Los soportes de amortiguador PD (P5D, P7D y P81\/4D) reducen las vibraciones y los golpes en aplicaciones marinas, con soportes opcionales VSU y s\u00e1ndwich rectangular para el control de desplazamiento.","breadcrumb":{"@id":"https:\/\/www.christiegrey.com\/es\/producto\/montajes-de-amortiguador-5\/#breadcrumb"},"inLanguage":"es","potentialAction":[{"@type":"ReadAction","target":["https:\/\/www.christiegrey.com\/es\/producto\/montajes-de-amortiguador-5\/"]}]},{"@type":"ImageObject","inLanguage":"es","@id":"https:\/\/www.christiegrey.com\/es\/producto\/montajes-de-amortiguador-5\/#primaryimage","url":"https:\/\/www.christiegrey.com\/wp-content\/uploads\/2025\/12\/pd.png","contentUrl":"https:\/\/www.christiegrey.com\/wp-content\/uploads\/2025\/12\/pd.png","width":300,"height":300,"caption":"Type PD marine rubber shock and vibration mount"},{"@type":"BreadcrumbList","@id":"https:\/\/www.christiegrey.com\/es\/producto\/montajes-de-amortiguador-5\/#breadcrumb","itemListElement":[{"@type":"ListItem","position":1,"name":"Inicio","item":"https:\/\/www.christiegrey.com\/es\/"},{"@type":"ListItem","position":2,"name":"Nuestros productos","item":"https:\/\/www.christiegrey.com\/es\/tienda\/"},{"@type":"ListItem","position":3,"name":"Montajes de amortiguador"}]},{"@type":"WebSite","@id":"https:\/\/www.christiegrey.com\/#website","url":"https:\/\/www.christiegrey.com\/","name":"Christie & Grey","description":"","publisher":{"@id":"https:\/\/www.christiegrey.com\/#organization"},"potentialAction":[{"@type":"SearchAction","target":{"@type":"EntryPoint","urlTemplate":"https:\/\/www.christiegrey.com\/?s={search_term_string}"},"query-input":{"@type":"PropertyValueSpecification","valueRequired":true,"valueName":"search_term_string"}}],"inLanguage":"es"},{"@type":"Organization","@id":"https:\/\/www.christiegrey.com\/#organization","name":"Christie & Grey","url":"https:\/\/www.christiegrey.com\/","logo":{"@type":"ImageObject","inLanguage":"es","@id":"https:\/\/www.christiegrey.com\/#\/schema\/logo\/image\/","url":"https:\/\/www.christiegrey.com\/wp-content\/uploads\/2026\/02\/cropped-logo-scaled-1.png","contentUrl":"https:\/\/www.christiegrey.com\/wp-content\/uploads\/2026\/02\/cropped-logo-scaled-1.png","width":250,"height":90,"caption":"Christie & Grey"},"image":{"@id":"https:\/\/www.christiegrey.com\/#\/schema\/logo\/image\/"},"sameAs":["https:\/\/www.facebook.com\/christieandgreylimited","https:\/\/x.com\/christiegreyltd"]}]}},"_links":{"self":[{"href":"https:\/\/www.christiegrey.com\/es\/wp-json\/wp\/v2\/product\/4581","targetHints":{"allow":["GET"]}}],"collection":[{"href":"https:\/\/www.christiegrey.com\/es\/wp-json\/wp\/v2\/product"}],"about":[{"href":"https:\/\/www.christiegrey.com\/es\/wp-json\/wp\/v2\/types\/product"}],"replies":[{"embeddable":true,"href":"https:\/\/www.christiegrey.com\/es\/wp-json\/wp\/v2\/comments?post=4581"}],"wp:featuredmedia":[{"embeddable":true,"href":"https:\/\/www.christiegrey.com\/es\/wp-json\/wp\/v2\/media\/963"}],"wp:attachment":[{"href":"https:\/\/www.christiegrey.com\/es\/wp-json\/wp\/v2\/media?parent=4581"}],"wp:term":[{"taxonomy":"product_brand","embeddable":true,"href":"https:\/\/www.christiegrey.com\/es\/wp-json\/wp\/v2\/product_brand?post=4581"},{"taxonomy":"product_cat","embeddable":true,"href":"https:\/\/www.christiegrey.com\/es\/wp-json\/wp\/v2\/product_cat?post=4581"},{"taxonomy":"product_tag","embeddable":true,"href":"https:\/\/www.christiegrey.com\/es\/wp-json\/wp\/v2\/product_tag?post=4581"}],"curies":[{"name":"wp","href":"https:\/\/api.w.org\/{rel}","templated":true}]}}