{"id":4547,"date":"2025-12-25T11:26:44","date_gmt":"2025-12-25T11:26:44","guid":{"rendered":"https:\/\/www.christiegrey.com\/product\/montajes-rectangulares-en-forma-de-sandwich\/"},"modified":"2025-12-25T11:26:44","modified_gmt":"2025-12-25T11:26:44","slug":"montajes-rectangulares-en-forma-de-sandwich","status":"publish","type":"product","link":"https:\/\/www.christiegrey.com\/es\/producto\/montajes-rectangulares-en-forma-de-sandwich\/","title":{"rendered":"Montajes rectangulares en forma de s\u00e1ndwich"},"content":{"rendered":"<p>Los montajes rectangulares, tambi\u00e9n conocidos como montajes s\u00e1ndwich, se utilizan ampliamente para montar motores en veh\u00edculos de carretera y en f\u00e1bricas m\u00f3viles. En los tama\u00f1os m\u00e1s grandes se utilizan como muelles de suspensi\u00f3n para veh\u00edculos y como montajes para c\u00e1maras ac\u00fasticas, tolvas y varios tipos de instalaciones pesadas de plantas. <\/p>\n<p>El caucho de los soportes se une entre dos placas met\u00e1licas con orificios en cada extremo para su ajuste. Algunos dise\u00f1os incorporan entrelazados de acero para aumentar la capacidad de carga. Los montajes se usan mejor en cizalladura y compresi\u00f3n, pero pueden cargarse directamente en cizalladura o compresi\u00f3n.  <\/p>\n","protected":false},"excerpt":{"rendered":"<p>Para aplicaciones industriales, marinas y m\u00f3viles<\/p>\n","protected":false},"featured_media":992,"comment_status":"open","ping_status":"closed","template":"","meta":{"_acf_changed":false},"product_brand":[],"product_cat":[147,155,129,146],"product_tag":[],"class_list":{"0":"post-4547","1":"product","2":"type-product","3":"status-publish","4":"has-post-thumbnail","6":"product_cat-auxiliares-maritimos","7":"product_cat-otros-equipos-industriales","8":"product_cat-soluciones-industriales","9":"product_cat-soluciones-maritimas-y-offshore","11":"first","12":"instock","13":"shipping-taxable","14":"purchasable","15":"product-type-simple"},"acf":[],"yoast_head":"<!-- This site is optimized with the Yoast SEO plugin v27.0 - https:\/\/yoast.com\/product\/yoast-seo-wordpress\/ -->\n<title>Montajes rectangulares tipo s\u00e1ndwich \u2013 Aislamiento m\u00f3vil de vibraciones<\/title>\n<meta name=\"description\" content=\"Los soportes s\u00e1ndwich rectangulares a\u00edslan la vibraci\u00f3n en motores, plantas pesadas y c\u00e1maras ac\u00fasticas, con placas de goma y metal unidas para uso industrial y mar\u00edtimo.\" \/>\n<meta name=\"robots\" content=\"index, follow, max-snippet:-1, max-image-preview:large, max-video-preview:-1\" \/>\n<link rel=\"canonical\" href=\"https:\/\/www.christiegrey.com\/es\/producto\/montajes-rectangulares-en-forma-de-sandwich\/\" \/>\n<meta property=\"og:locale\" content=\"es_ES\" \/>\n<meta property=\"og:type\" content=\"article\" \/>\n<meta property=\"og:title\" content=\"Montajes rectangulares tipo s\u00e1ndwich \u2013 Aislamiento m\u00f3vil de vibraciones\" \/>\n<meta property=\"og:description\" content=\"Los soportes s\u00e1ndwich rectangulares a\u00edslan la vibraci\u00f3n en motores, plantas pesadas y c\u00e1maras ac\u00fasticas, con placas de goma y metal unidas para uso industrial y mar\u00edtimo.\" \/>\n<meta property=\"og:url\" content=\"https:\/\/www.christiegrey.com\/es\/producto\/montajes-rectangulares-en-forma-de-sandwich\/\" \/>\n<meta property=\"article:publisher\" content=\"https:\/\/www.facebook.com\/christieandgreylimited\" \/>\n<meta property=\"og:image\" content=\"https:\/\/www.christiegrey.com\/wp-content\/uploads\/2025\/12\/rectangular_sandwich.png\" \/>\n\t<meta property=\"og:image:width\" content=\"300\" \/>\n\t<meta property=\"og:image:height\" content=\"300\" \/>\n\t<meta property=\"og:image:type\" content=\"image\/png\" \/>\n<meta name=\"twitter:card\" content=\"summary_large_image\" \/>\n<meta name=\"twitter:site\" content=\"@christiegreyltd\" \/>\n<meta name=\"twitter:label1\" content=\"Tiempo de lectura\" \/>\n\t<meta name=\"twitter:data1\" content=\"1 minuto\" \/>\n<script type=\"application\/ld+json\" class=\"yoast-schema-graph\">{\"@context\":\"https:\/\/schema.org\",\"@graph\":[{\"@type\":\"WebPage\",\"@id\":\"https:\/\/www.christiegrey.com\/es\/producto\/montajes-rectangulares-en-forma-de-sandwich\/\",\"url\":\"https:\/\/www.christiegrey.com\/es\/producto\/montajes-rectangulares-en-forma-de-sandwich\/\",\"name\":\"Montajes rectangulares tipo s\u00e1ndwich \u2013 Aislamiento m\u00f3vil de vibraciones\",\"isPartOf\":{\"@id\":\"https:\/\/www.christiegrey.com\/#website\"},\"primaryImageOfPage\":{\"@id\":\"https:\/\/www.christiegrey.com\/es\/producto\/montajes-rectangulares-en-forma-de-sandwich\/#primaryimage\"},\"image\":{\"@id\":\"https:\/\/www.christiegrey.com\/es\/producto\/montajes-rectangulares-en-forma-de-sandwich\/#primaryimage\"},\"thumbnailUrl\":\"https:\/\/www.christiegrey.com\/wp-content\/uploads\/2025\/12\/rectangular_sandwich.png\",\"datePublished\":\"2025-12-25T11:26:44+00:00\",\"description\":\"Los soportes s\u00e1ndwich rectangulares a\u00edslan la vibraci\u00f3n en motores, plantas pesadas y c\u00e1maras ac\u00fasticas, con placas de goma y metal unidas para uso industrial y mar\u00edtimo.\",\"breadcrumb\":{\"@id\":\"https:\/\/www.christiegrey.com\/es\/producto\/montajes-rectangulares-en-forma-de-sandwich\/#breadcrumb\"},\"inLanguage\":\"es\",\"potentialAction\":[{\"@type\":\"ReadAction\",\"target\":[\"https:\/\/www.christiegrey.com\/es\/producto\/montajes-rectangulares-en-forma-de-sandwich\/\"]}]},{\"@type\":\"ImageObject\",\"inLanguage\":\"es\",\"@id\":\"https:\/\/www.christiegrey.com\/es\/producto\/montajes-rectangulares-en-forma-de-sandwich\/#primaryimage\",\"url\":\"https:\/\/www.christiegrey.com\/wp-content\/uploads\/2025\/12\/rectangular_sandwich.png\",\"contentUrl\":\"https:\/\/www.christiegrey.com\/wp-content\/uploads\/2025\/12\/rectangular_sandwich.png\",\"width\":300,\"height\":300,\"caption\":\"rectangular-sandwich-mounts\"},{\"@type\":\"BreadcrumbList\",\"@id\":\"https:\/\/www.christiegrey.com\/es\/producto\/montajes-rectangulares-en-forma-de-sandwich\/#breadcrumb\",\"itemListElement\":[{\"@type\":\"ListItem\",\"position\":1,\"name\":\"Inicio\",\"item\":\"https:\/\/www.christiegrey.com\/es\/\"},{\"@type\":\"ListItem\",\"position\":2,\"name\":\"Nuestros productos\",\"item\":\"https:\/\/www.christiegrey.com\/es\/tienda\/\"},{\"@type\":\"ListItem\",\"position\":3,\"name\":\"Montajes rectangulares en forma de s\u00e1ndwich\"}]},{\"@type\":\"WebSite\",\"@id\":\"https:\/\/www.christiegrey.com\/#website\",\"url\":\"https:\/\/www.christiegrey.com\/\",\"name\":\"Christie & Grey\",\"description\":\"\",\"publisher\":{\"@id\":\"https:\/\/www.christiegrey.com\/#organization\"},\"potentialAction\":[{\"@type\":\"SearchAction\",\"target\":{\"@type\":\"EntryPoint\",\"urlTemplate\":\"https:\/\/www.christiegrey.com\/?s={search_term_string}\"},\"query-input\":{\"@type\":\"PropertyValueSpecification\",\"valueRequired\":true,\"valueName\":\"search_term_string\"}}],\"inLanguage\":\"es\"},{\"@type\":\"Organization\",\"@id\":\"https:\/\/www.christiegrey.com\/#organization\",\"name\":\"Christie & Grey\",\"url\":\"https:\/\/www.christiegrey.com\/\",\"logo\":{\"@type\":\"ImageObject\",\"inLanguage\":\"es\",\"@id\":\"https:\/\/www.christiegrey.com\/#\/schema\/logo\/image\/\",\"url\":\"https:\/\/www.christiegrey.com\/wp-content\/uploads\/2026\/02\/cropped-logo-scaled-1.png\",\"contentUrl\":\"https:\/\/www.christiegrey.com\/wp-content\/uploads\/2026\/02\/cropped-logo-scaled-1.png\",\"width\":250,\"height\":90,\"caption\":\"Christie & Grey\"},\"image\":{\"@id\":\"https:\/\/www.christiegrey.com\/#\/schema\/logo\/image\/\"},\"sameAs\":[\"https:\/\/www.facebook.com\/christieandgreylimited\",\"https:\/\/x.com\/christiegreyltd\"]}]}<\/script>\n<!-- \/ Yoast SEO plugin. -->","yoast_head_json":{"title":"Montajes rectangulares tipo s\u00e1ndwich \u2013 Aislamiento m\u00f3vil de vibraciones","description":"Los soportes s\u00e1ndwich rectangulares a\u00edslan la vibraci\u00f3n en motores, plantas pesadas y c\u00e1maras ac\u00fasticas, con placas de goma y metal unidas para uso industrial y mar\u00edtimo.","robots":{"index":"index","follow":"follow","max-snippet":"max-snippet:-1","max-image-preview":"max-image-preview:large","max-video-preview":"max-video-preview:-1"},"canonical":"https:\/\/www.christiegrey.com\/es\/producto\/montajes-rectangulares-en-forma-de-sandwich\/","og_locale":"es_ES","og_type":"article","og_title":"Montajes rectangulares tipo s\u00e1ndwich \u2013 Aislamiento m\u00f3vil de vibraciones","og_description":"Los soportes s\u00e1ndwich rectangulares a\u00edslan la vibraci\u00f3n en motores, plantas pesadas y c\u00e1maras ac\u00fasticas, con placas de goma y metal unidas para uso industrial y mar\u00edtimo.","og_url":"https:\/\/www.christiegrey.com\/es\/producto\/montajes-rectangulares-en-forma-de-sandwich\/","article_publisher":"https:\/\/www.facebook.com\/christieandgreylimited","og_image":[{"width":300,"height":300,"url":"https:\/\/www.christiegrey.com\/wp-content\/uploads\/2025\/12\/rectangular_sandwich.png","type":"image\/png"}],"twitter_card":"summary_large_image","twitter_site":"@christiegreyltd","twitter_misc":{"Tiempo de lectura":"1 minuto"},"schema":{"@context":"https:\/\/schema.org","@graph":[{"@type":"WebPage","@id":"https:\/\/www.christiegrey.com\/es\/producto\/montajes-rectangulares-en-forma-de-sandwich\/","url":"https:\/\/www.christiegrey.com\/es\/producto\/montajes-rectangulares-en-forma-de-sandwich\/","name":"Montajes rectangulares tipo s\u00e1ndwich \u2013 Aislamiento m\u00f3vil de vibraciones","isPartOf":{"@id":"https:\/\/www.christiegrey.com\/#website"},"primaryImageOfPage":{"@id":"https:\/\/www.christiegrey.com\/es\/producto\/montajes-rectangulares-en-forma-de-sandwich\/#primaryimage"},"image":{"@id":"https:\/\/www.christiegrey.com\/es\/producto\/montajes-rectangulares-en-forma-de-sandwich\/#primaryimage"},"thumbnailUrl":"https:\/\/www.christiegrey.com\/wp-content\/uploads\/2025\/12\/rectangular_sandwich.png","datePublished":"2025-12-25T11:26:44+00:00","description":"Los soportes s\u00e1ndwich rectangulares a\u00edslan la vibraci\u00f3n en motores, plantas pesadas y c\u00e1maras ac\u00fasticas, con placas de goma y metal unidas para uso industrial y mar\u00edtimo.","breadcrumb":{"@id":"https:\/\/www.christiegrey.com\/es\/producto\/montajes-rectangulares-en-forma-de-sandwich\/#breadcrumb"},"inLanguage":"es","potentialAction":[{"@type":"ReadAction","target":["https:\/\/www.christiegrey.com\/es\/producto\/montajes-rectangulares-en-forma-de-sandwich\/"]}]},{"@type":"ImageObject","inLanguage":"es","@id":"https:\/\/www.christiegrey.com\/es\/producto\/montajes-rectangulares-en-forma-de-sandwich\/#primaryimage","url":"https:\/\/www.christiegrey.com\/wp-content\/uploads\/2025\/12\/rectangular_sandwich.png","contentUrl":"https:\/\/www.christiegrey.com\/wp-content\/uploads\/2025\/12\/rectangular_sandwich.png","width":300,"height":300,"caption":"rectangular-sandwich-mounts"},{"@type":"BreadcrumbList","@id":"https:\/\/www.christiegrey.com\/es\/producto\/montajes-rectangulares-en-forma-de-sandwich\/#breadcrumb","itemListElement":[{"@type":"ListItem","position":1,"name":"Inicio","item":"https:\/\/www.christiegrey.com\/es\/"},{"@type":"ListItem","position":2,"name":"Nuestros productos","item":"https:\/\/www.christiegrey.com\/es\/tienda\/"},{"@type":"ListItem","position":3,"name":"Montajes rectangulares en forma de s\u00e1ndwich"}]},{"@type":"WebSite","@id":"https:\/\/www.christiegrey.com\/#website","url":"https:\/\/www.christiegrey.com\/","name":"Christie & Grey","description":"","publisher":{"@id":"https:\/\/www.christiegrey.com\/#organization"},"potentialAction":[{"@type":"SearchAction","target":{"@type":"EntryPoint","urlTemplate":"https:\/\/www.christiegrey.com\/?s={search_term_string}"},"query-input":{"@type":"PropertyValueSpecification","valueRequired":true,"valueName":"search_term_string"}}],"inLanguage":"es"},{"@type":"Organization","@id":"https:\/\/www.christiegrey.com\/#organization","name":"Christie & Grey","url":"https:\/\/www.christiegrey.com\/","logo":{"@type":"ImageObject","inLanguage":"es","@id":"https:\/\/www.christiegrey.com\/#\/schema\/logo\/image\/","url":"https:\/\/www.christiegrey.com\/wp-content\/uploads\/2026\/02\/cropped-logo-scaled-1.png","contentUrl":"https:\/\/www.christiegrey.com\/wp-content\/uploads\/2026\/02\/cropped-logo-scaled-1.png","width":250,"height":90,"caption":"Christie & Grey"},"image":{"@id":"https:\/\/www.christiegrey.com\/#\/schema\/logo\/image\/"},"sameAs":["https:\/\/www.facebook.com\/christieandgreylimited","https:\/\/x.com\/christiegreyltd"]}]}},"_links":{"self":[{"href":"https:\/\/www.christiegrey.com\/es\/wp-json\/wp\/v2\/product\/4547","targetHints":{"allow":["GET"]}}],"collection":[{"href":"https:\/\/www.christiegrey.com\/es\/wp-json\/wp\/v2\/product"}],"about":[{"href":"https:\/\/www.christiegrey.com\/es\/wp-json\/wp\/v2\/types\/product"}],"replies":[{"embeddable":true,"href":"https:\/\/www.christiegrey.com\/es\/wp-json\/wp\/v2\/comments?post=4547"}],"wp:featuredmedia":[{"embeddable":true,"href":"https:\/\/www.christiegrey.com\/es\/wp-json\/wp\/v2\/media\/992"}],"wp:attachment":[{"href":"https:\/\/www.christiegrey.com\/es\/wp-json\/wp\/v2\/media?parent=4547"}],"wp:term":[{"taxonomy":"product_brand","embeddable":true,"href":"https:\/\/www.christiegrey.com\/es\/wp-json\/wp\/v2\/product_brand?post=4547"},{"taxonomy":"product_cat","embeddable":true,"href":"https:\/\/www.christiegrey.com\/es\/wp-json\/wp\/v2\/product_cat?post=4547"},{"taxonomy":"product_tag","embeddable":true,"href":"https:\/\/www.christiegrey.com\/es\/wp-json\/wp\/v2\/product_tag?post=4547"}],"curies":[{"name":"wp","href":"https:\/\/api.w.org\/{rel}","templated":true}]}}