{"id":4512,"date":"2025-12-25T11:29:49","date_gmt":"2025-12-25T11:29:49","guid":{"rendered":"https:\/\/www.christiegrey.com\/product\/aislador-de-unidad-de-muelle-de-acero\/"},"modified":"2026-01-30T21:54:26","modified_gmt":"2026-01-30T21:54:26","slug":"aislador-de-unidad-de-muelle-de-acero","status":"publish","type":"product","link":"https:\/\/www.christiegrey.com\/es\/producto\/aislador-de-unidad-de-muelle-de-acero\/","title":{"rendered":"Aislador de unidad de muelle de acero"},"content":{"rendered":"<p>Trabajando en condiciones extremadamente exigentes en todo el mundo, estos aisladores de muelles de acero ajustables han demostrado un \u00e9xito extraordinario en el control de vibraciones, ruido transmitido por estructuras y choques.<\/p>\n<p>Se fabrican en un gran n\u00famero de tama\u00f1os para que se puedan cumplir con los requisitos precisos de carga y frecuencia, y son adecuados para aislar una gama muy amplia de maquinaria.<\/p>\n<p>Los tipos de aisladores ODL y ODS son similares en dise\u00f1o y construcci\u00f3n, pero sus capacidades de carga y caracter\u00edsticas de aislamiento var\u00edan.<\/p>\n<p>Los muelles de acero helicoidales est\u00e1n contenidos en las piezas fundidas superiores e inferiores de hierro SG de los aisladores.<\/p>\n","protected":false},"excerpt":{"rendered":"<p>Tipo ODL, ODS<\/p>\n","protected":false},"featured_media":1001,"comment_status":"open","ping_status":"closed","template":"","meta":{"_acf_changed":false},"product_brand":[],"product_cat":[147,131,129,146],"product_tag":[],"class_list":{"0":"post-4512","1":"product","2":"type-product","3":"status-publish","4":"has-post-thumbnail","6":"product_cat-auxiliares-maritimos","7":"product_cat-bombas-compresores-y-enfriadores","8":"product_cat-soluciones-industriales","9":"product_cat-soluciones-maritimas-y-offshore","11":"first","12":"instock","13":"shipping-taxable","14":"purchasable","15":"product-type-simple"},"acf":[],"yoast_head":"<!-- This site is optimized with the Yoast SEO plugin v27.0 - https:\/\/yoast.com\/product\/yoast-seo-wordpress\/ -->\n<title>Aisladores de muelles de acero ODL &amp; ODS \u2013 Control de vibraciones y ruido<\/title>\n<meta name=\"description\" content=\"Los aisladores de unidad de muelles de acero ODL y ODS controlan la vibraci\u00f3n, el ruido de la estructura y el impacto para la maquinaria, con cargas ajustables y una sintonizaci\u00f3n precisa de frecuencia.\" \/>\n<meta name=\"robots\" content=\"index, follow, max-snippet:-1, max-image-preview:large, max-video-preview:-1\" \/>\n<link rel=\"canonical\" href=\"https:\/\/www.christiegrey.com\/es\/producto\/aislador-de-unidad-de-muelle-de-acero\/\" \/>\n<meta property=\"og:locale\" content=\"es_ES\" \/>\n<meta property=\"og:type\" content=\"article\" \/>\n<meta property=\"og:title\" content=\"Aisladores de muelles de acero ODL &amp; ODS \u2013 Control de vibraciones y ruido\" \/>\n<meta property=\"og:description\" content=\"Los aisladores de unidad de muelles de acero ODL y ODS controlan la vibraci\u00f3n, el ruido de la estructura y el impacto para la maquinaria, con cargas ajustables y una sintonizaci\u00f3n precisa de frecuencia.\" \/>\n<meta property=\"og:url\" content=\"https:\/\/www.christiegrey.com\/es\/producto\/aislador-de-unidad-de-muelle-de-acero\/\" \/>\n<meta property=\"article:publisher\" content=\"https:\/\/www.facebook.com\/christieandgreylimited\" \/>\n<meta property=\"article:modified_time\" content=\"2026-01-30T21:54:26+00:00\" \/>\n<meta property=\"og:image\" content=\"https:\/\/www.christiegrey.com\/wp-content\/uploads\/2025\/12\/odl_ods.png\" \/>\n\t<meta property=\"og:image:width\" content=\"300\" \/>\n\t<meta property=\"og:image:height\" content=\"300\" \/>\n\t<meta property=\"og:image:type\" content=\"image\/png\" \/>\n<meta name=\"twitter:card\" content=\"summary_large_image\" \/>\n<meta name=\"twitter:site\" content=\"@christiegreyltd\" \/>\n<meta name=\"twitter:label1\" content=\"Tiempo de lectura\" \/>\n\t<meta name=\"twitter:data1\" content=\"1 minuto\" \/>\n<script type=\"application\/ld+json\" class=\"yoast-schema-graph\">{\"@context\":\"https:\/\/schema.org\",\"@graph\":[{\"@type\":\"WebPage\",\"@id\":\"https:\/\/www.christiegrey.com\/es\/producto\/aislador-de-unidad-de-muelle-de-acero\/\",\"url\":\"https:\/\/www.christiegrey.com\/es\/producto\/aislador-de-unidad-de-muelle-de-acero\/\",\"name\":\"Aisladores de muelles de acero ODL & ODS \u2013 Control de vibraciones y ruido\",\"isPartOf\":{\"@id\":\"https:\/\/www.christiegrey.com\/#website\"},\"primaryImageOfPage\":{\"@id\":\"https:\/\/www.christiegrey.com\/es\/producto\/aislador-de-unidad-de-muelle-de-acero\/#primaryimage\"},\"image\":{\"@id\":\"https:\/\/www.christiegrey.com\/es\/producto\/aislador-de-unidad-de-muelle-de-acero\/#primaryimage\"},\"thumbnailUrl\":\"https:\/\/www.christiegrey.com\/wp-content\/uploads\/2025\/12\/odl_ods.png\",\"datePublished\":\"2025-12-25T11:29:49+00:00\",\"dateModified\":\"2026-01-30T21:54:26+00:00\",\"description\":\"Los aisladores de unidad de muelles de acero ODL y ODS controlan la vibraci\u00f3n, el ruido de la estructura y el impacto para la maquinaria, con cargas ajustables y una sintonizaci\u00f3n precisa de frecuencia.\",\"breadcrumb\":{\"@id\":\"https:\/\/www.christiegrey.com\/es\/producto\/aislador-de-unidad-de-muelle-de-acero\/#breadcrumb\"},\"inLanguage\":\"es\",\"potentialAction\":[{\"@type\":\"ReadAction\",\"target\":[\"https:\/\/www.christiegrey.com\/es\/producto\/aislador-de-unidad-de-muelle-de-acero\/\"]}]},{\"@type\":\"ImageObject\",\"inLanguage\":\"es\",\"@id\":\"https:\/\/www.christiegrey.com\/es\/producto\/aislador-de-unidad-de-muelle-de-acero\/#primaryimage\",\"url\":\"https:\/\/www.christiegrey.com\/wp-content\/uploads\/2025\/12\/odl_ods.png\",\"contentUrl\":\"https:\/\/www.christiegrey.com\/wp-content\/uploads\/2025\/12\/odl_ods.png\",\"width\":300,\"height\":300,\"caption\":\"Steel Spring Unit Isolator\"},{\"@type\":\"BreadcrumbList\",\"@id\":\"https:\/\/www.christiegrey.com\/es\/producto\/aislador-de-unidad-de-muelle-de-acero\/#breadcrumb\",\"itemListElement\":[{\"@type\":\"ListItem\",\"position\":1,\"name\":\"Inicio\",\"item\":\"https:\/\/www.christiegrey.com\/es\/\"},{\"@type\":\"ListItem\",\"position\":2,\"name\":\"Nuestros productos\",\"item\":\"https:\/\/www.christiegrey.com\/es\/tienda\/\"},{\"@type\":\"ListItem\",\"position\":3,\"name\":\"Aislador de unidad de muelle de acero\"}]},{\"@type\":\"WebSite\",\"@id\":\"https:\/\/www.christiegrey.com\/#website\",\"url\":\"https:\/\/www.christiegrey.com\/\",\"name\":\"Christie & Grey\",\"description\":\"\",\"publisher\":{\"@id\":\"https:\/\/www.christiegrey.com\/#organization\"},\"potentialAction\":[{\"@type\":\"SearchAction\",\"target\":{\"@type\":\"EntryPoint\",\"urlTemplate\":\"https:\/\/www.christiegrey.com\/?s={search_term_string}\"},\"query-input\":{\"@type\":\"PropertyValueSpecification\",\"valueRequired\":true,\"valueName\":\"search_term_string\"}}],\"inLanguage\":\"es\"},{\"@type\":\"Organization\",\"@id\":\"https:\/\/www.christiegrey.com\/#organization\",\"name\":\"Christie & Grey\",\"url\":\"https:\/\/www.christiegrey.com\/\",\"logo\":{\"@type\":\"ImageObject\",\"inLanguage\":\"es\",\"@id\":\"https:\/\/www.christiegrey.com\/#\/schema\/logo\/image\/\",\"url\":\"https:\/\/www.christiegrey.com\/wp-content\/uploads\/2026\/02\/cropped-logo-scaled-1.png\",\"contentUrl\":\"https:\/\/www.christiegrey.com\/wp-content\/uploads\/2026\/02\/cropped-logo-scaled-1.png\",\"width\":250,\"height\":90,\"caption\":\"Christie & Grey\"},\"image\":{\"@id\":\"https:\/\/www.christiegrey.com\/#\/schema\/logo\/image\/\"},\"sameAs\":[\"https:\/\/www.facebook.com\/christieandgreylimited\",\"https:\/\/x.com\/christiegreyltd\"]}]}<\/script>\n<!-- \/ Yoast SEO plugin. -->","yoast_head_json":{"title":"Aisladores de muelles de acero ODL & ODS \u2013 Control de vibraciones y ruido","description":"Los aisladores de unidad de muelles de acero ODL y ODS controlan la vibraci\u00f3n, el ruido de la estructura y el impacto para la maquinaria, con cargas ajustables y una sintonizaci\u00f3n precisa de frecuencia.","robots":{"index":"index","follow":"follow","max-snippet":"max-snippet:-1","max-image-preview":"max-image-preview:large","max-video-preview":"max-video-preview:-1"},"canonical":"https:\/\/www.christiegrey.com\/es\/producto\/aislador-de-unidad-de-muelle-de-acero\/","og_locale":"es_ES","og_type":"article","og_title":"Aisladores de muelles de acero ODL & ODS \u2013 Control de vibraciones y ruido","og_description":"Los aisladores de unidad de muelles de acero ODL y ODS controlan la vibraci\u00f3n, el ruido de la estructura y el impacto para la maquinaria, con cargas ajustables y una sintonizaci\u00f3n precisa de frecuencia.","og_url":"https:\/\/www.christiegrey.com\/es\/producto\/aislador-de-unidad-de-muelle-de-acero\/","article_publisher":"https:\/\/www.facebook.com\/christieandgreylimited","article_modified_time":"2026-01-30T21:54:26+00:00","og_image":[{"width":300,"height":300,"url":"https:\/\/www.christiegrey.com\/wp-content\/uploads\/2025\/12\/odl_ods.png","type":"image\/png"}],"twitter_card":"summary_large_image","twitter_site":"@christiegreyltd","twitter_misc":{"Tiempo de lectura":"1 minuto"},"schema":{"@context":"https:\/\/schema.org","@graph":[{"@type":"WebPage","@id":"https:\/\/www.christiegrey.com\/es\/producto\/aislador-de-unidad-de-muelle-de-acero\/","url":"https:\/\/www.christiegrey.com\/es\/producto\/aislador-de-unidad-de-muelle-de-acero\/","name":"Aisladores de muelles de acero ODL & ODS \u2013 Control de vibraciones y ruido","isPartOf":{"@id":"https:\/\/www.christiegrey.com\/#website"},"primaryImageOfPage":{"@id":"https:\/\/www.christiegrey.com\/es\/producto\/aislador-de-unidad-de-muelle-de-acero\/#primaryimage"},"image":{"@id":"https:\/\/www.christiegrey.com\/es\/producto\/aislador-de-unidad-de-muelle-de-acero\/#primaryimage"},"thumbnailUrl":"https:\/\/www.christiegrey.com\/wp-content\/uploads\/2025\/12\/odl_ods.png","datePublished":"2025-12-25T11:29:49+00:00","dateModified":"2026-01-30T21:54:26+00:00","description":"Los aisladores de unidad de muelles de acero ODL y ODS controlan la vibraci\u00f3n, el ruido de la estructura y el impacto para la maquinaria, con cargas ajustables y una sintonizaci\u00f3n precisa de frecuencia.","breadcrumb":{"@id":"https:\/\/www.christiegrey.com\/es\/producto\/aislador-de-unidad-de-muelle-de-acero\/#breadcrumb"},"inLanguage":"es","potentialAction":[{"@type":"ReadAction","target":["https:\/\/www.christiegrey.com\/es\/producto\/aislador-de-unidad-de-muelle-de-acero\/"]}]},{"@type":"ImageObject","inLanguage":"es","@id":"https:\/\/www.christiegrey.com\/es\/producto\/aislador-de-unidad-de-muelle-de-acero\/#primaryimage","url":"https:\/\/www.christiegrey.com\/wp-content\/uploads\/2025\/12\/odl_ods.png","contentUrl":"https:\/\/www.christiegrey.com\/wp-content\/uploads\/2025\/12\/odl_ods.png","width":300,"height":300,"caption":"Steel Spring Unit Isolator"},{"@type":"BreadcrumbList","@id":"https:\/\/www.christiegrey.com\/es\/producto\/aislador-de-unidad-de-muelle-de-acero\/#breadcrumb","itemListElement":[{"@type":"ListItem","position":1,"name":"Inicio","item":"https:\/\/www.christiegrey.com\/es\/"},{"@type":"ListItem","position":2,"name":"Nuestros productos","item":"https:\/\/www.christiegrey.com\/es\/tienda\/"},{"@type":"ListItem","position":3,"name":"Aislador de unidad de muelle de acero"}]},{"@type":"WebSite","@id":"https:\/\/www.christiegrey.com\/#website","url":"https:\/\/www.christiegrey.com\/","name":"Christie & Grey","description":"","publisher":{"@id":"https:\/\/www.christiegrey.com\/#organization"},"potentialAction":[{"@type":"SearchAction","target":{"@type":"EntryPoint","urlTemplate":"https:\/\/www.christiegrey.com\/?s={search_term_string}"},"query-input":{"@type":"PropertyValueSpecification","valueRequired":true,"valueName":"search_term_string"}}],"inLanguage":"es"},{"@type":"Organization","@id":"https:\/\/www.christiegrey.com\/#organization","name":"Christie & Grey","url":"https:\/\/www.christiegrey.com\/","logo":{"@type":"ImageObject","inLanguage":"es","@id":"https:\/\/www.christiegrey.com\/#\/schema\/logo\/image\/","url":"https:\/\/www.christiegrey.com\/wp-content\/uploads\/2026\/02\/cropped-logo-scaled-1.png","contentUrl":"https:\/\/www.christiegrey.com\/wp-content\/uploads\/2026\/02\/cropped-logo-scaled-1.png","width":250,"height":90,"caption":"Christie & Grey"},"image":{"@id":"https:\/\/www.christiegrey.com\/#\/schema\/logo\/image\/"},"sameAs":["https:\/\/www.facebook.com\/christieandgreylimited","https:\/\/x.com\/christiegreyltd"]}]}},"_links":{"self":[{"href":"https:\/\/www.christiegrey.com\/es\/wp-json\/wp\/v2\/product\/4512","targetHints":{"allow":["GET"]}}],"collection":[{"href":"https:\/\/www.christiegrey.com\/es\/wp-json\/wp\/v2\/product"}],"about":[{"href":"https:\/\/www.christiegrey.com\/es\/wp-json\/wp\/v2\/types\/product"}],"replies":[{"embeddable":true,"href":"https:\/\/www.christiegrey.com\/es\/wp-json\/wp\/v2\/comments?post=4512"}],"wp:featuredmedia":[{"embeddable":true,"href":"https:\/\/www.christiegrey.com\/es\/wp-json\/wp\/v2\/media\/1001"}],"wp:attachment":[{"href":"https:\/\/www.christiegrey.com\/es\/wp-json\/wp\/v2\/media?parent=4512"}],"wp:term":[{"taxonomy":"product_brand","embeddable":true,"href":"https:\/\/www.christiegrey.com\/es\/wp-json\/wp\/v2\/product_brand?post=4512"},{"taxonomy":"product_cat","embeddable":true,"href":"https:\/\/www.christiegrey.com\/es\/wp-json\/wp\/v2\/product_cat?post=4512"},{"taxonomy":"product_tag","embeddable":true,"href":"https:\/\/www.christiegrey.com\/es\/wp-json\/wp\/v2\/product_tag?post=4512"}],"curies":[{"name":"wp","href":"https:\/\/api.w.org\/{rel}","templated":true}]}}