{"id":4467,"date":"2025-12-25T13:41:18","date_gmt":"2025-12-25T13:41:18","guid":{"rendered":"https:\/\/www.christiegrey.com\/product\/montajes-de-muelle-cerrados\/"},"modified":"2025-12-25T13:41:18","modified_gmt":"2025-12-25T13:41:18","slug":"montajes-de-muelle-cerrados","status":"publish","type":"product","link":"https:\/\/www.christiegrey.com\/es\/producto\/montajes-de-muelle-cerrados\/","title":{"rendered":"Montajes de muelle cerrados"},"content":{"rendered":"<p>Una gama \u00fanica de montajes dise\u00f1ados principalmente para aplicaciones de servicios de construcci\u00f3n, donde el control de vibraciones y ruido de baja frecuencia emanados de la planta mec\u00e1nica es de suma importancia.<\/p>\n<p>Los beneficios de una carcasa combinada de caucho y acero para el muelle han ayudado a establecer los soportes ES y ECS como est\u00e1ndares de la industria aceptados tanto por especificadores, fabricantes de equipos como por instaladores de servicios mec\u00e1nicos.<\/p>\n","protected":false},"excerpt":{"rendered":"<p>Tipo ESB, ES, ES25, ECS25 y ECS50<\/p>\n","protected":false},"featured_media":1034,"comment_status":"open","ping_status":"closed","template":"","meta":{"_acf_changed":false},"product_brand":[],"product_cat":[131,133,129,130],"product_tag":[],"class_list":{"0":"post-4467","1":"product","2":"type-product","3":"status-publish","4":"has-post-thumbnail","6":"product_cat-bombas-compresores-y-enfriadores","7":"product_cat-generacion-de-energia","8":"product_cat-soluciones-industriales","9":"product_cat-ventiladores-y-unidades-de-manipulacion-de-aire","11":"first","12":"instock","13":"shipping-taxable","14":"purchasable","15":"product-type-simple"},"acf":[],"yoast_head":"<!-- This site is optimized with the Yoast SEO plugin v27.0 - https:\/\/yoast.com\/product\/yoast-seo-wordpress\/ -->\n<title>Montajes de muelle cerrados para control de vibraciones<\/title>\n<meta name=\"description\" content=\"Montajes de muelles cerrados est\u00e1ndar de la industria dise\u00f1ados para reducir vibraciones y ruido de baja frecuencia en servicios de edificios y sistemas mec\u00e1nicos.\" \/>\n<meta name=\"robots\" content=\"index, follow, max-snippet:-1, max-image-preview:large, max-video-preview:-1\" \/>\n<link rel=\"canonical\" href=\"https:\/\/www.christiegrey.com\/es\/producto\/montajes-de-muelle-cerrados\/\" \/>\n<meta property=\"og:locale\" content=\"es_ES\" \/>\n<meta property=\"og:type\" content=\"article\" \/>\n<meta property=\"og:title\" content=\"Montajes de muelle cerrados para control de vibraciones\" \/>\n<meta property=\"og:description\" content=\"Montajes de muelles cerrados est\u00e1ndar de la industria dise\u00f1ados para reducir vibraciones y ruido de baja frecuencia en servicios de edificios y sistemas mec\u00e1nicos.\" \/>\n<meta property=\"og:url\" content=\"https:\/\/www.christiegrey.com\/es\/producto\/montajes-de-muelle-cerrados\/\" \/>\n<meta property=\"article:publisher\" content=\"https:\/\/www.facebook.com\/christieandgreylimited\" \/>\n<meta property=\"og:image\" content=\"https:\/\/www.christiegrey.com\/wp-content\/uploads\/2025\/12\/ecs-range_365_365.jpg\" \/>\n\t<meta property=\"og:image:width\" content=\"365\" \/>\n\t<meta property=\"og:image:height\" content=\"365\" \/>\n\t<meta property=\"og:image:type\" content=\"image\/jpeg\" \/>\n<meta name=\"twitter:card\" content=\"summary_large_image\" \/>\n<meta name=\"twitter:site\" content=\"@christiegreyltd\" \/>\n<script type=\"application\/ld+json\" class=\"yoast-schema-graph\">{\"@context\":\"https:\/\/schema.org\",\"@graph\":[{\"@type\":\"WebPage\",\"@id\":\"https:\/\/www.christiegrey.com\/es\/producto\/montajes-de-muelle-cerrados\/\",\"url\":\"https:\/\/www.christiegrey.com\/es\/producto\/montajes-de-muelle-cerrados\/\",\"name\":\"Montajes de muelle cerrados para control de vibraciones\",\"isPartOf\":{\"@id\":\"https:\/\/www.christiegrey.com\/#website\"},\"primaryImageOfPage\":{\"@id\":\"https:\/\/www.christiegrey.com\/es\/producto\/montajes-de-muelle-cerrados\/#primaryimage\"},\"image\":{\"@id\":\"https:\/\/www.christiegrey.com\/es\/producto\/montajes-de-muelle-cerrados\/#primaryimage\"},\"thumbnailUrl\":\"https:\/\/www.christiegrey.com\/wp-content\/uploads\/2025\/12\/ecs-range_365_365.jpg\",\"datePublished\":\"2025-12-25T13:41:18+00:00\",\"description\":\"Montajes de muelles cerrados est\u00e1ndar de la industria dise\u00f1ados para reducir vibraciones y ruido de baja frecuencia en servicios de edificios y sistemas mec\u00e1nicos.\",\"breadcrumb\":{\"@id\":\"https:\/\/www.christiegrey.com\/es\/producto\/montajes-de-muelle-cerrados\/#breadcrumb\"},\"inLanguage\":\"es\",\"potentialAction\":[{\"@type\":\"ReadAction\",\"target\":[\"https:\/\/www.christiegrey.com\/es\/producto\/montajes-de-muelle-cerrados\/\"]}]},{\"@type\":\"ImageObject\",\"inLanguage\":\"es\",\"@id\":\"https:\/\/www.christiegrey.com\/es\/producto\/montajes-de-muelle-cerrados\/#primaryimage\",\"url\":\"https:\/\/www.christiegrey.com\/wp-content\/uploads\/2025\/12\/ecs-range_365_365.jpg\",\"contentUrl\":\"https:\/\/www.christiegrey.com\/wp-content\/uploads\/2025\/12\/ecs-range_365_365.jpg\",\"width\":365,\"height\":365,\"caption\":\"Enclosed spring mountings for vibration control\"},{\"@type\":\"BreadcrumbList\",\"@id\":\"https:\/\/www.christiegrey.com\/es\/producto\/montajes-de-muelle-cerrados\/#breadcrumb\",\"itemListElement\":[{\"@type\":\"ListItem\",\"position\":1,\"name\":\"Inicio\",\"item\":\"https:\/\/www.christiegrey.com\/es\/\"},{\"@type\":\"ListItem\",\"position\":2,\"name\":\"Nuestros productos\",\"item\":\"https:\/\/www.christiegrey.com\/es\/tienda\/\"},{\"@type\":\"ListItem\",\"position\":3,\"name\":\"Montajes de muelle cerrados\"}]},{\"@type\":\"WebSite\",\"@id\":\"https:\/\/www.christiegrey.com\/#website\",\"url\":\"https:\/\/www.christiegrey.com\/\",\"name\":\"Christie & Grey\",\"description\":\"\",\"publisher\":{\"@id\":\"https:\/\/www.christiegrey.com\/#organization\"},\"potentialAction\":[{\"@type\":\"SearchAction\",\"target\":{\"@type\":\"EntryPoint\",\"urlTemplate\":\"https:\/\/www.christiegrey.com\/?s={search_term_string}\"},\"query-input\":{\"@type\":\"PropertyValueSpecification\",\"valueRequired\":true,\"valueName\":\"search_term_string\"}}],\"inLanguage\":\"es\"},{\"@type\":\"Organization\",\"@id\":\"https:\/\/www.christiegrey.com\/#organization\",\"name\":\"Christie & Grey\",\"url\":\"https:\/\/www.christiegrey.com\/\",\"logo\":{\"@type\":\"ImageObject\",\"inLanguage\":\"es\",\"@id\":\"https:\/\/www.christiegrey.com\/#\/schema\/logo\/image\/\",\"url\":\"https:\/\/www.christiegrey.com\/wp-content\/uploads\/2026\/02\/cropped-logo-scaled-1.png\",\"contentUrl\":\"https:\/\/www.christiegrey.com\/wp-content\/uploads\/2026\/02\/cropped-logo-scaled-1.png\",\"width\":250,\"height\":90,\"caption\":\"Christie & Grey\"},\"image\":{\"@id\":\"https:\/\/www.christiegrey.com\/#\/schema\/logo\/image\/\"},\"sameAs\":[\"https:\/\/www.facebook.com\/christieandgreylimited\",\"https:\/\/x.com\/christiegreyltd\"]}]}<\/script>\n<!-- \/ Yoast SEO plugin. -->","yoast_head_json":{"title":"Montajes de muelle cerrados para control de vibraciones","description":"Montajes de muelles cerrados est\u00e1ndar de la industria dise\u00f1ados para reducir vibraciones y ruido de baja frecuencia en servicios de edificios y sistemas mec\u00e1nicos.","robots":{"index":"index","follow":"follow","max-snippet":"max-snippet:-1","max-image-preview":"max-image-preview:large","max-video-preview":"max-video-preview:-1"},"canonical":"https:\/\/www.christiegrey.com\/es\/producto\/montajes-de-muelle-cerrados\/","og_locale":"es_ES","og_type":"article","og_title":"Montajes de muelle cerrados para control de vibraciones","og_description":"Montajes de muelles cerrados est\u00e1ndar de la industria dise\u00f1ados para reducir vibraciones y ruido de baja frecuencia en servicios de edificios y sistemas mec\u00e1nicos.","og_url":"https:\/\/www.christiegrey.com\/es\/producto\/montajes-de-muelle-cerrados\/","article_publisher":"https:\/\/www.facebook.com\/christieandgreylimited","og_image":[{"width":365,"height":365,"url":"https:\/\/www.christiegrey.com\/wp-content\/uploads\/2025\/12\/ecs-range_365_365.jpg","type":"image\/jpeg"}],"twitter_card":"summary_large_image","twitter_site":"@christiegreyltd","schema":{"@context":"https:\/\/schema.org","@graph":[{"@type":"WebPage","@id":"https:\/\/www.christiegrey.com\/es\/producto\/montajes-de-muelle-cerrados\/","url":"https:\/\/www.christiegrey.com\/es\/producto\/montajes-de-muelle-cerrados\/","name":"Montajes de muelle cerrados para control de vibraciones","isPartOf":{"@id":"https:\/\/www.christiegrey.com\/#website"},"primaryImageOfPage":{"@id":"https:\/\/www.christiegrey.com\/es\/producto\/montajes-de-muelle-cerrados\/#primaryimage"},"image":{"@id":"https:\/\/www.christiegrey.com\/es\/producto\/montajes-de-muelle-cerrados\/#primaryimage"},"thumbnailUrl":"https:\/\/www.christiegrey.com\/wp-content\/uploads\/2025\/12\/ecs-range_365_365.jpg","datePublished":"2025-12-25T13:41:18+00:00","description":"Montajes de muelles cerrados est\u00e1ndar de la industria dise\u00f1ados para reducir vibraciones y ruido de baja frecuencia en servicios de edificios y sistemas mec\u00e1nicos.","breadcrumb":{"@id":"https:\/\/www.christiegrey.com\/es\/producto\/montajes-de-muelle-cerrados\/#breadcrumb"},"inLanguage":"es","potentialAction":[{"@type":"ReadAction","target":["https:\/\/www.christiegrey.com\/es\/producto\/montajes-de-muelle-cerrados\/"]}]},{"@type":"ImageObject","inLanguage":"es","@id":"https:\/\/www.christiegrey.com\/es\/producto\/montajes-de-muelle-cerrados\/#primaryimage","url":"https:\/\/www.christiegrey.com\/wp-content\/uploads\/2025\/12\/ecs-range_365_365.jpg","contentUrl":"https:\/\/www.christiegrey.com\/wp-content\/uploads\/2025\/12\/ecs-range_365_365.jpg","width":365,"height":365,"caption":"Enclosed spring mountings for vibration control"},{"@type":"BreadcrumbList","@id":"https:\/\/www.christiegrey.com\/es\/producto\/montajes-de-muelle-cerrados\/#breadcrumb","itemListElement":[{"@type":"ListItem","position":1,"name":"Inicio","item":"https:\/\/www.christiegrey.com\/es\/"},{"@type":"ListItem","position":2,"name":"Nuestros productos","item":"https:\/\/www.christiegrey.com\/es\/tienda\/"},{"@type":"ListItem","position":3,"name":"Montajes de muelle cerrados"}]},{"@type":"WebSite","@id":"https:\/\/www.christiegrey.com\/#website","url":"https:\/\/www.christiegrey.com\/","name":"Christie & Grey","description":"","publisher":{"@id":"https:\/\/www.christiegrey.com\/#organization"},"potentialAction":[{"@type":"SearchAction","target":{"@type":"EntryPoint","urlTemplate":"https:\/\/www.christiegrey.com\/?s={search_term_string}"},"query-input":{"@type":"PropertyValueSpecification","valueRequired":true,"valueName":"search_term_string"}}],"inLanguage":"es"},{"@type":"Organization","@id":"https:\/\/www.christiegrey.com\/#organization","name":"Christie & Grey","url":"https:\/\/www.christiegrey.com\/","logo":{"@type":"ImageObject","inLanguage":"es","@id":"https:\/\/www.christiegrey.com\/#\/schema\/logo\/image\/","url":"https:\/\/www.christiegrey.com\/wp-content\/uploads\/2026\/02\/cropped-logo-scaled-1.png","contentUrl":"https:\/\/www.christiegrey.com\/wp-content\/uploads\/2026\/02\/cropped-logo-scaled-1.png","width":250,"height":90,"caption":"Christie & Grey"},"image":{"@id":"https:\/\/www.christiegrey.com\/#\/schema\/logo\/image\/"},"sameAs":["https:\/\/www.facebook.com\/christieandgreylimited","https:\/\/x.com\/christiegreyltd"]}]}},"_links":{"self":[{"href":"https:\/\/www.christiegrey.com\/es\/wp-json\/wp\/v2\/product\/4467","targetHints":{"allow":["GET"]}}],"collection":[{"href":"https:\/\/www.christiegrey.com\/es\/wp-json\/wp\/v2\/product"}],"about":[{"href":"https:\/\/www.christiegrey.com\/es\/wp-json\/wp\/v2\/types\/product"}],"replies":[{"embeddable":true,"href":"https:\/\/www.christiegrey.com\/es\/wp-json\/wp\/v2\/comments?post=4467"}],"wp:featuredmedia":[{"embeddable":true,"href":"https:\/\/www.christiegrey.com\/es\/wp-json\/wp\/v2\/media\/1034"}],"wp:attachment":[{"href":"https:\/\/www.christiegrey.com\/es\/wp-json\/wp\/v2\/media?parent=4467"}],"wp:term":[{"taxonomy":"product_brand","embeddable":true,"href":"https:\/\/www.christiegrey.com\/es\/wp-json\/wp\/v2\/product_brand?post=4467"},{"taxonomy":"product_cat","embeddable":true,"href":"https:\/\/www.christiegrey.com\/es\/wp-json\/wp\/v2\/product_cat?post=4467"},{"taxonomy":"product_tag","embeddable":true,"href":"https:\/\/www.christiegrey.com\/es\/wp-json\/wp\/v2\/product_tag?post=4467"}],"curies":[{"name":"wp","href":"https:\/\/api.w.org\/{rel}","templated":true}]}}