{"id":4420,"date":"2025-12-25T13:58:49","date_gmt":"2025-12-25T13:58:49","guid":{"rendered":"https:\/\/www.christiegrey.com\/product\/muelles-abiertos-restringidos\/"},"modified":"2025-12-25T13:58:49","modified_gmt":"2025-12-25T13:58:49","slug":"muelles-abiertos-restringidos","status":"publish","type":"product","link":"https:\/\/www.christiegrey.com\/es\/producto\/muelles-abiertos-restringidos\/","title":{"rendered":"Muelles abiertos restringidos"},"content":{"rendered":"<p>El montaje ORS ha sido dise\u00f1ado espec\u00edficamente para aplicaciones donde la transmisi\u00f3n de vibraciones de maquinaria de baja frecuencia hacia una estructura de edificio debe reducirse para evitar da\u00f1os f\u00edsicos o molestias a los ocupantes.<\/p>\n<p>Es un montaje de baja frecuencia dise\u00f1ado espec\u00edficamente para limitar el movimiento vertical en equipos como torres de refrigeraci\u00f3n y enfriadores. Esto podr\u00eda ser excesivo debido a la baja rigidez de los muelles necesarios para aislar vibraciones de baja frecuencia. <\/p>\n<p>Las aplicaciones situadas a nivel de tejado pueden montarse con \u00e9xito en unidades ORS, ya que cualquier movimiento causado por fuertes cargas de viento estar\u00e1 limitado. Los equipos que contienen grandes vol\u00famenes de l\u00edquido se beneficiar\u00e1n de la instalaci\u00f3n en montajes ORS porque, durante el \u00abdrenaje\u00bb el movimiento ascendente se restringe, evitando as\u00ed da\u00f1os en tuber\u00edas y conexiones el\u00e9ctricas. <\/p>\n","protected":false},"excerpt":{"rendered":"<p>Tipo ORS25 y ORS50<\/p>\n","protected":false},"featured_media":1042,"comment_status":"open","ping_status":"closed","template":"","meta":{"_acf_changed":false},"product_brand":[],"product_cat":[129,130],"product_tag":[],"class_list":{"0":"post-4420","1":"product","2":"type-product","3":"status-publish","4":"has-post-thumbnail","6":"product_cat-soluciones-industriales","7":"product_cat-ventiladores-y-unidades-de-manipulacion-de-aire","9":"first","10":"instock","11":"shipping-taxable","12":"purchasable","13":"product-type-simple"},"acf":[],"yoast_head":"<!-- This site is optimized with the Yoast SEO plugin v27.0 - https:\/\/yoast.com\/product\/yoast-seo-wordpress\/ -->\n<title>Montajes abiertos de muelles restringidos para vibraciones de baja frecuencia<\/title>\n<meta name=\"description\" content=\"Los muelles abiertos restringidos reducen las vibraciones de baja frecuencia y limitan el movimiento vertical, ideales para enfriadores, torres de refrigeraci\u00f3n e instalaciones de equipos en tejados.\" \/>\n<meta name=\"robots\" content=\"index, follow, max-snippet:-1, max-image-preview:large, max-video-preview:-1\" \/>\n<link rel=\"canonical\" href=\"https:\/\/www.christiegrey.com\/es\/producto\/muelles-abiertos-restringidos\/\" \/>\n<meta property=\"og:locale\" content=\"es_ES\" \/>\n<meta property=\"og:type\" content=\"article\" \/>\n<meta property=\"og:title\" content=\"Montajes abiertos de muelles restringidos para vibraciones de baja frecuencia\" \/>\n<meta property=\"og:description\" content=\"Los muelles abiertos restringidos reducen las vibraciones de baja frecuencia y limitan el movimiento vertical, ideales para enfriadores, torres de refrigeraci\u00f3n e instalaciones de equipos en tejados.\" \/>\n<meta property=\"og:url\" content=\"https:\/\/www.christiegrey.com\/es\/producto\/muelles-abiertos-restringidos\/\" \/>\n<meta property=\"article:publisher\" content=\"https:\/\/www.facebook.com\/christieandgreylimited\" \/>\n<meta property=\"og:image\" content=\"https:\/\/www.christiegrey.com\/wp-content\/uploads\/2025\/12\/new_ors3_blue_365_365.jpg\" \/>\n\t<meta property=\"og:image:width\" content=\"365\" \/>\n\t<meta property=\"og:image:height\" content=\"365\" \/>\n\t<meta property=\"og:image:type\" content=\"image\/jpeg\" \/>\n<meta name=\"twitter:card\" content=\"summary_large_image\" \/>\n<meta name=\"twitter:site\" content=\"@christiegreyltd\" \/>\n<meta name=\"twitter:label1\" content=\"Tiempo de lectura\" \/>\n\t<meta name=\"twitter:data1\" content=\"1 minuto\" \/>\n<script type=\"application\/ld+json\" class=\"yoast-schema-graph\">{\"@context\":\"https:\/\/schema.org\",\"@graph\":[{\"@type\":\"WebPage\",\"@id\":\"https:\/\/www.christiegrey.com\/es\/producto\/muelles-abiertos-restringidos\/\",\"url\":\"https:\/\/www.christiegrey.com\/es\/producto\/muelles-abiertos-restringidos\/\",\"name\":\"Montajes abiertos de muelles restringidos para vibraciones de baja frecuencia\",\"isPartOf\":{\"@id\":\"https:\/\/www.christiegrey.com\/#website\"},\"primaryImageOfPage\":{\"@id\":\"https:\/\/www.christiegrey.com\/es\/producto\/muelles-abiertos-restringidos\/#primaryimage\"},\"image\":{\"@id\":\"https:\/\/www.christiegrey.com\/es\/producto\/muelles-abiertos-restringidos\/#primaryimage\"},\"thumbnailUrl\":\"https:\/\/www.christiegrey.com\/wp-content\/uploads\/2025\/12\/new_ors3_blue_365_365.jpg\",\"datePublished\":\"2025-12-25T13:58:49+00:00\",\"description\":\"Los muelles abiertos restringidos reducen las vibraciones de baja frecuencia y limitan el movimiento vertical, ideales para enfriadores, torres de refrigeraci\u00f3n e instalaciones de equipos en tejados.\",\"breadcrumb\":{\"@id\":\"https:\/\/www.christiegrey.com\/es\/producto\/muelles-abiertos-restringidos\/#breadcrumb\"},\"inLanguage\":\"es\",\"potentialAction\":[{\"@type\":\"ReadAction\",\"target\":[\"https:\/\/www.christiegrey.com\/es\/producto\/muelles-abiertos-restringidos\/\"]}]},{\"@type\":\"ImageObject\",\"inLanguage\":\"es\",\"@id\":\"https:\/\/www.christiegrey.com\/es\/producto\/muelles-abiertos-restringidos\/#primaryimage\",\"url\":\"https:\/\/www.christiegrey.com\/wp-content\/uploads\/2025\/12\/new_ors3_blue_365_365.jpg\",\"contentUrl\":\"https:\/\/www.christiegrey.com\/wp-content\/uploads\/2025\/12\/new_ors3_blue_365_365.jpg\",\"width\":365,\"height\":365,\"caption\":\"ORS25\/ORS50 open restrained spring mountings\"},{\"@type\":\"BreadcrumbList\",\"@id\":\"https:\/\/www.christiegrey.com\/es\/producto\/muelles-abiertos-restringidos\/#breadcrumb\",\"itemListElement\":[{\"@type\":\"ListItem\",\"position\":1,\"name\":\"Inicio\",\"item\":\"https:\/\/www.christiegrey.com\/es\/\"},{\"@type\":\"ListItem\",\"position\":2,\"name\":\"Nuestros productos\",\"item\":\"https:\/\/www.christiegrey.com\/es\/tienda\/\"},{\"@type\":\"ListItem\",\"position\":3,\"name\":\"Muelles abiertos restringidos\"}]},{\"@type\":\"WebSite\",\"@id\":\"https:\/\/www.christiegrey.com\/#website\",\"url\":\"https:\/\/www.christiegrey.com\/\",\"name\":\"Christie & Grey\",\"description\":\"\",\"publisher\":{\"@id\":\"https:\/\/www.christiegrey.com\/#organization\"},\"potentialAction\":[{\"@type\":\"SearchAction\",\"target\":{\"@type\":\"EntryPoint\",\"urlTemplate\":\"https:\/\/www.christiegrey.com\/?s={search_term_string}\"},\"query-input\":{\"@type\":\"PropertyValueSpecification\",\"valueRequired\":true,\"valueName\":\"search_term_string\"}}],\"inLanguage\":\"es\"},{\"@type\":\"Organization\",\"@id\":\"https:\/\/www.christiegrey.com\/#organization\",\"name\":\"Christie & Grey\",\"url\":\"https:\/\/www.christiegrey.com\/\",\"logo\":{\"@type\":\"ImageObject\",\"inLanguage\":\"es\",\"@id\":\"https:\/\/www.christiegrey.com\/#\/schema\/logo\/image\/\",\"url\":\"https:\/\/www.christiegrey.com\/wp-content\/uploads\/2026\/02\/cropped-logo-scaled-1.png\",\"contentUrl\":\"https:\/\/www.christiegrey.com\/wp-content\/uploads\/2026\/02\/cropped-logo-scaled-1.png\",\"width\":250,\"height\":90,\"caption\":\"Christie & Grey\"},\"image\":{\"@id\":\"https:\/\/www.christiegrey.com\/#\/schema\/logo\/image\/\"},\"sameAs\":[\"https:\/\/www.facebook.com\/christieandgreylimited\",\"https:\/\/x.com\/christiegreyltd\"]}]}<\/script>\n<!-- \/ Yoast SEO plugin. -->","yoast_head_json":{"title":"Montajes abiertos de muelles restringidos para vibraciones de baja frecuencia","description":"Los muelles abiertos restringidos reducen las vibraciones de baja frecuencia y limitan el movimiento vertical, ideales para enfriadores, torres de refrigeraci\u00f3n e instalaciones de equipos en tejados.","robots":{"index":"index","follow":"follow","max-snippet":"max-snippet:-1","max-image-preview":"max-image-preview:large","max-video-preview":"max-video-preview:-1"},"canonical":"https:\/\/www.christiegrey.com\/es\/producto\/muelles-abiertos-restringidos\/","og_locale":"es_ES","og_type":"article","og_title":"Montajes abiertos de muelles restringidos para vibraciones de baja frecuencia","og_description":"Los muelles abiertos restringidos reducen las vibraciones de baja frecuencia y limitan el movimiento vertical, ideales para enfriadores, torres de refrigeraci\u00f3n e instalaciones de equipos en tejados.","og_url":"https:\/\/www.christiegrey.com\/es\/producto\/muelles-abiertos-restringidos\/","article_publisher":"https:\/\/www.facebook.com\/christieandgreylimited","og_image":[{"width":365,"height":365,"url":"https:\/\/www.christiegrey.com\/wp-content\/uploads\/2025\/12\/new_ors3_blue_365_365.jpg","type":"image\/jpeg"}],"twitter_card":"summary_large_image","twitter_site":"@christiegreyltd","twitter_misc":{"Tiempo de lectura":"1 minuto"},"schema":{"@context":"https:\/\/schema.org","@graph":[{"@type":"WebPage","@id":"https:\/\/www.christiegrey.com\/es\/producto\/muelles-abiertos-restringidos\/","url":"https:\/\/www.christiegrey.com\/es\/producto\/muelles-abiertos-restringidos\/","name":"Montajes abiertos de muelles restringidos para vibraciones de baja frecuencia","isPartOf":{"@id":"https:\/\/www.christiegrey.com\/#website"},"primaryImageOfPage":{"@id":"https:\/\/www.christiegrey.com\/es\/producto\/muelles-abiertos-restringidos\/#primaryimage"},"image":{"@id":"https:\/\/www.christiegrey.com\/es\/producto\/muelles-abiertos-restringidos\/#primaryimage"},"thumbnailUrl":"https:\/\/www.christiegrey.com\/wp-content\/uploads\/2025\/12\/new_ors3_blue_365_365.jpg","datePublished":"2025-12-25T13:58:49+00:00","description":"Los muelles abiertos restringidos reducen las vibraciones de baja frecuencia y limitan el movimiento vertical, ideales para enfriadores, torres de refrigeraci\u00f3n e instalaciones de equipos en tejados.","breadcrumb":{"@id":"https:\/\/www.christiegrey.com\/es\/producto\/muelles-abiertos-restringidos\/#breadcrumb"},"inLanguage":"es","potentialAction":[{"@type":"ReadAction","target":["https:\/\/www.christiegrey.com\/es\/producto\/muelles-abiertos-restringidos\/"]}]},{"@type":"ImageObject","inLanguage":"es","@id":"https:\/\/www.christiegrey.com\/es\/producto\/muelles-abiertos-restringidos\/#primaryimage","url":"https:\/\/www.christiegrey.com\/wp-content\/uploads\/2025\/12\/new_ors3_blue_365_365.jpg","contentUrl":"https:\/\/www.christiegrey.com\/wp-content\/uploads\/2025\/12\/new_ors3_blue_365_365.jpg","width":365,"height":365,"caption":"ORS25\/ORS50 open restrained spring mountings"},{"@type":"BreadcrumbList","@id":"https:\/\/www.christiegrey.com\/es\/producto\/muelles-abiertos-restringidos\/#breadcrumb","itemListElement":[{"@type":"ListItem","position":1,"name":"Inicio","item":"https:\/\/www.christiegrey.com\/es\/"},{"@type":"ListItem","position":2,"name":"Nuestros productos","item":"https:\/\/www.christiegrey.com\/es\/tienda\/"},{"@type":"ListItem","position":3,"name":"Muelles abiertos restringidos"}]},{"@type":"WebSite","@id":"https:\/\/www.christiegrey.com\/#website","url":"https:\/\/www.christiegrey.com\/","name":"Christie & Grey","description":"","publisher":{"@id":"https:\/\/www.christiegrey.com\/#organization"},"potentialAction":[{"@type":"SearchAction","target":{"@type":"EntryPoint","urlTemplate":"https:\/\/www.christiegrey.com\/?s={search_term_string}"},"query-input":{"@type":"PropertyValueSpecification","valueRequired":true,"valueName":"search_term_string"}}],"inLanguage":"es"},{"@type":"Organization","@id":"https:\/\/www.christiegrey.com\/#organization","name":"Christie & Grey","url":"https:\/\/www.christiegrey.com\/","logo":{"@type":"ImageObject","inLanguage":"es","@id":"https:\/\/www.christiegrey.com\/#\/schema\/logo\/image\/","url":"https:\/\/www.christiegrey.com\/wp-content\/uploads\/2026\/02\/cropped-logo-scaled-1.png","contentUrl":"https:\/\/www.christiegrey.com\/wp-content\/uploads\/2026\/02\/cropped-logo-scaled-1.png","width":250,"height":90,"caption":"Christie & Grey"},"image":{"@id":"https:\/\/www.christiegrey.com\/#\/schema\/logo\/image\/"},"sameAs":["https:\/\/www.facebook.com\/christieandgreylimited","https:\/\/x.com\/christiegreyltd"]}]}},"_links":{"self":[{"href":"https:\/\/www.christiegrey.com\/es\/wp-json\/wp\/v2\/product\/4420","targetHints":{"allow":["GET"]}}],"collection":[{"href":"https:\/\/www.christiegrey.com\/es\/wp-json\/wp\/v2\/product"}],"about":[{"href":"https:\/\/www.christiegrey.com\/es\/wp-json\/wp\/v2\/types\/product"}],"replies":[{"embeddable":true,"href":"https:\/\/www.christiegrey.com\/es\/wp-json\/wp\/v2\/comments?post=4420"}],"wp:featuredmedia":[{"embeddable":true,"href":"https:\/\/www.christiegrey.com\/es\/wp-json\/wp\/v2\/media\/1042"}],"wp:attachment":[{"href":"https:\/\/www.christiegrey.com\/es\/wp-json\/wp\/v2\/media?parent=4420"}],"wp:term":[{"taxonomy":"product_brand","embeddable":true,"href":"https:\/\/www.christiegrey.com\/es\/wp-json\/wp\/v2\/product_brand?post=4420"},{"taxonomy":"product_cat","embeddable":true,"href":"https:\/\/www.christiegrey.com\/es\/wp-json\/wp\/v2\/product_cat?post=4420"},{"taxonomy":"product_tag","embeddable":true,"href":"https:\/\/www.christiegrey.com\/es\/wp-json\/wp\/v2\/product_tag?post=4420"}],"curies":[{"name":"wp","href":"https:\/\/api.w.org\/{rel}","templated":true}]}}