{"id":4402,"date":"2025-12-25T14:04:33","date_gmt":"2025-12-25T14:04:33","guid":{"rendered":"https:\/\/www.christiegrey.com\/product\/montaje-de-caucho-pequeno\/"},"modified":"2026-01-30T21:52:54","modified_gmt":"2026-01-30T21:52:54","slug":"montaje-de-caucho-pequeno","status":"publish","type":"product","link":"https:\/\/www.christiegrey.com\/es\/producto\/montaje-de-caucho-pequeno\/","title":{"rendered":"Montaje de caucho peque\u00f1o"},"content":{"rendered":"<p>Los montajes SRM est\u00e1n dise\u00f1ados para aplicaciones ligeras que a\u00fan requieren un alto grado de atenuaci\u00f3n de vibraciones y ruido en frecuencias medias a bajas.<\/p>\n<p>Caucho de alta resistencia con baja relaci\u00f3n de rigidez din\u00e1mica\/est\u00e1tica garantiza m\u00e1xima eficiencia, buen rendimiento de fluencia y larga vida \u00fatil.<\/p>\n<p>Estos soportes tienen un perfil muy bajo, adecuado para aplicaciones de altura restringida.<\/p>\n<p>Tambi\u00e9n es adecuado para aislamiento de descargas. Por ejemplo, para proteger instrumentos, aparatos de medici\u00f3n, b\u00e1sculas y otros equipos sensibles. <\/p>\n","protected":false},"excerpt":{"rendered":"<p>Tipo SRM<\/p>\n","protected":false},"featured_media":1046,"comment_status":"open","ping_status":"closed","template":"","meta":{"_acf_changed":false},"product_brand":[],"product_cat":[131,129,130],"product_tag":[],"class_list":{"0":"post-4402","1":"product","2":"type-product","3":"status-publish","4":"has-post-thumbnail","6":"product_cat-bombas-compresores-y-enfriadores","7":"product_cat-soluciones-industriales","8":"product_cat-ventiladores-y-unidades-de-manipulacion-de-aire","10":"first","11":"instock","12":"shipping-taxable","13":"purchasable","14":"product-type-simple"},"acf":[],"yoast_head":"<!-- This site is optimized with the Yoast SEO plugin v27.0 - https:\/\/yoast.com\/product\/yoast-seo-wordpress\/ -->\n<title>Peque\u00f1os soportes de goma (SRM) para control de vibraciones<\/title>\n<meta name=\"description\" content=\"Los montajes peque\u00f1os de caucho SRM de Christie &amp; Grey proporcionan un aislamiento eficaz de vibraciones, ruido y impactos de frecuencia media a baja para uso ligero.\" \/>\n<meta name=\"robots\" content=\"index, follow, max-snippet:-1, max-image-preview:large, max-video-preview:-1\" \/>\n<link rel=\"canonical\" href=\"https:\/\/www.christiegrey.com\/es\/producto\/montaje-de-caucho-pequeno\/\" \/>\n<meta property=\"og:locale\" content=\"es_ES\" \/>\n<meta property=\"og:type\" content=\"article\" \/>\n<meta property=\"og:title\" content=\"Peque\u00f1os soportes de goma (SRM) para control de vibraciones\" \/>\n<meta property=\"og:description\" content=\"Los montajes peque\u00f1os de caucho SRM de Christie &amp; Grey proporcionan un aislamiento eficaz de vibraciones, ruido y impactos de frecuencia media a baja para uso ligero.\" \/>\n<meta property=\"og:url\" content=\"https:\/\/www.christiegrey.com\/es\/producto\/montaje-de-caucho-pequeno\/\" \/>\n<meta property=\"article:publisher\" content=\"https:\/\/www.facebook.com\/christieandgreylimited\" \/>\n<meta property=\"article:modified_time\" content=\"2026-01-30T21:52:54+00:00\" \/>\n<meta property=\"og:image\" content=\"https:\/\/www.christiegrey.com\/wp-content\/uploads\/2025\/12\/swerub_365_365.jpg\" \/>\n\t<meta property=\"og:image:width\" content=\"365\" \/>\n\t<meta property=\"og:image:height\" content=\"365\" \/>\n\t<meta property=\"og:image:type\" content=\"image\/jpeg\" \/>\n<meta name=\"twitter:card\" content=\"summary_large_image\" \/>\n<meta name=\"twitter:site\" content=\"@christiegreyltd\" \/>\n<script type=\"application\/ld+json\" class=\"yoast-schema-graph\">{\"@context\":\"https:\/\/schema.org\",\"@graph\":[{\"@type\":\"WebPage\",\"@id\":\"https:\/\/www.christiegrey.com\/es\/producto\/montaje-de-caucho-pequeno\/\",\"url\":\"https:\/\/www.christiegrey.com\/es\/producto\/montaje-de-caucho-pequeno\/\",\"name\":\"Peque\u00f1os soportes de goma (SRM) para control de vibraciones\",\"isPartOf\":{\"@id\":\"https:\/\/www.christiegrey.com\/#website\"},\"primaryImageOfPage\":{\"@id\":\"https:\/\/www.christiegrey.com\/es\/producto\/montaje-de-caucho-pequeno\/#primaryimage\"},\"image\":{\"@id\":\"https:\/\/www.christiegrey.com\/es\/producto\/montaje-de-caucho-pequeno\/#primaryimage\"},\"thumbnailUrl\":\"https:\/\/www.christiegrey.com\/wp-content\/uploads\/2025\/12\/swerub_365_365.jpg\",\"datePublished\":\"2025-12-25T14:04:33+00:00\",\"dateModified\":\"2026-01-30T21:52:54+00:00\",\"description\":\"Los montajes peque\u00f1os de caucho SRM de Christie & Grey proporcionan un aislamiento eficaz de vibraciones, ruido y impactos de frecuencia media a baja para uso ligero.\",\"breadcrumb\":{\"@id\":\"https:\/\/www.christiegrey.com\/es\/producto\/montaje-de-caucho-pequeno\/#breadcrumb\"},\"inLanguage\":\"es\",\"potentialAction\":[{\"@type\":\"ReadAction\",\"target\":[\"https:\/\/www.christiegrey.com\/es\/producto\/montaje-de-caucho-pequeno\/\"]}]},{\"@type\":\"ImageObject\",\"inLanguage\":\"es\",\"@id\":\"https:\/\/www.christiegrey.com\/es\/producto\/montaje-de-caucho-pequeno\/#primaryimage\",\"url\":\"https:\/\/www.christiegrey.com\/wp-content\/uploads\/2025\/12\/swerub_365_365.jpg\",\"contentUrl\":\"https:\/\/www.christiegrey.com\/wp-content\/uploads\/2025\/12\/swerub_365_365.jpg\",\"width\":365,\"height\":365,\"caption\":\"SRM small rubber mounting\"},{\"@type\":\"BreadcrumbList\",\"@id\":\"https:\/\/www.christiegrey.com\/es\/producto\/montaje-de-caucho-pequeno\/#breadcrumb\",\"itemListElement\":[{\"@type\":\"ListItem\",\"position\":1,\"name\":\"Inicio\",\"item\":\"https:\/\/www.christiegrey.com\/es\/\"},{\"@type\":\"ListItem\",\"position\":2,\"name\":\"Nuestros productos\",\"item\":\"https:\/\/www.christiegrey.com\/es\/tienda\/\"},{\"@type\":\"ListItem\",\"position\":3,\"name\":\"Montaje de caucho peque\u00f1o\"}]},{\"@type\":\"WebSite\",\"@id\":\"https:\/\/www.christiegrey.com\/#website\",\"url\":\"https:\/\/www.christiegrey.com\/\",\"name\":\"Christie & Grey\",\"description\":\"\",\"publisher\":{\"@id\":\"https:\/\/www.christiegrey.com\/#organization\"},\"potentialAction\":[{\"@type\":\"SearchAction\",\"target\":{\"@type\":\"EntryPoint\",\"urlTemplate\":\"https:\/\/www.christiegrey.com\/?s={search_term_string}\"},\"query-input\":{\"@type\":\"PropertyValueSpecification\",\"valueRequired\":true,\"valueName\":\"search_term_string\"}}],\"inLanguage\":\"es\"},{\"@type\":\"Organization\",\"@id\":\"https:\/\/www.christiegrey.com\/#organization\",\"name\":\"Christie & Grey\",\"url\":\"https:\/\/www.christiegrey.com\/\",\"logo\":{\"@type\":\"ImageObject\",\"inLanguage\":\"es\",\"@id\":\"https:\/\/www.christiegrey.com\/#\/schema\/logo\/image\/\",\"url\":\"https:\/\/www.christiegrey.com\/wp-content\/uploads\/2026\/02\/cropped-logo-scaled-1.png\",\"contentUrl\":\"https:\/\/www.christiegrey.com\/wp-content\/uploads\/2026\/02\/cropped-logo-scaled-1.png\",\"width\":250,\"height\":90,\"caption\":\"Christie & Grey\"},\"image\":{\"@id\":\"https:\/\/www.christiegrey.com\/#\/schema\/logo\/image\/\"},\"sameAs\":[\"https:\/\/www.facebook.com\/christieandgreylimited\",\"https:\/\/x.com\/christiegreyltd\"]}]}<\/script>\n<!-- \/ Yoast SEO plugin. -->","yoast_head_json":{"title":"Peque\u00f1os soportes de goma (SRM) para control de vibraciones","description":"Los montajes peque\u00f1os de caucho SRM de Christie & Grey proporcionan un aislamiento eficaz de vibraciones, ruido y impactos de frecuencia media a baja para uso ligero.","robots":{"index":"index","follow":"follow","max-snippet":"max-snippet:-1","max-image-preview":"max-image-preview:large","max-video-preview":"max-video-preview:-1"},"canonical":"https:\/\/www.christiegrey.com\/es\/producto\/montaje-de-caucho-pequeno\/","og_locale":"es_ES","og_type":"article","og_title":"Peque\u00f1os soportes de goma (SRM) para control de vibraciones","og_description":"Los montajes peque\u00f1os de caucho SRM de Christie & Grey proporcionan un aislamiento eficaz de vibraciones, ruido y impactos de frecuencia media a baja para uso ligero.","og_url":"https:\/\/www.christiegrey.com\/es\/producto\/montaje-de-caucho-pequeno\/","article_publisher":"https:\/\/www.facebook.com\/christieandgreylimited","article_modified_time":"2026-01-30T21:52:54+00:00","og_image":[{"width":365,"height":365,"url":"https:\/\/www.christiegrey.com\/wp-content\/uploads\/2025\/12\/swerub_365_365.jpg","type":"image\/jpeg"}],"twitter_card":"summary_large_image","twitter_site":"@christiegreyltd","schema":{"@context":"https:\/\/schema.org","@graph":[{"@type":"WebPage","@id":"https:\/\/www.christiegrey.com\/es\/producto\/montaje-de-caucho-pequeno\/","url":"https:\/\/www.christiegrey.com\/es\/producto\/montaje-de-caucho-pequeno\/","name":"Peque\u00f1os soportes de goma (SRM) para control de vibraciones","isPartOf":{"@id":"https:\/\/www.christiegrey.com\/#website"},"primaryImageOfPage":{"@id":"https:\/\/www.christiegrey.com\/es\/producto\/montaje-de-caucho-pequeno\/#primaryimage"},"image":{"@id":"https:\/\/www.christiegrey.com\/es\/producto\/montaje-de-caucho-pequeno\/#primaryimage"},"thumbnailUrl":"https:\/\/www.christiegrey.com\/wp-content\/uploads\/2025\/12\/swerub_365_365.jpg","datePublished":"2025-12-25T14:04:33+00:00","dateModified":"2026-01-30T21:52:54+00:00","description":"Los montajes peque\u00f1os de caucho SRM de Christie & Grey proporcionan un aislamiento eficaz de vibraciones, ruido y impactos de frecuencia media a baja para uso ligero.","breadcrumb":{"@id":"https:\/\/www.christiegrey.com\/es\/producto\/montaje-de-caucho-pequeno\/#breadcrumb"},"inLanguage":"es","potentialAction":[{"@type":"ReadAction","target":["https:\/\/www.christiegrey.com\/es\/producto\/montaje-de-caucho-pequeno\/"]}]},{"@type":"ImageObject","inLanguage":"es","@id":"https:\/\/www.christiegrey.com\/es\/producto\/montaje-de-caucho-pequeno\/#primaryimage","url":"https:\/\/www.christiegrey.com\/wp-content\/uploads\/2025\/12\/swerub_365_365.jpg","contentUrl":"https:\/\/www.christiegrey.com\/wp-content\/uploads\/2025\/12\/swerub_365_365.jpg","width":365,"height":365,"caption":"SRM small rubber mounting"},{"@type":"BreadcrumbList","@id":"https:\/\/www.christiegrey.com\/es\/producto\/montaje-de-caucho-pequeno\/#breadcrumb","itemListElement":[{"@type":"ListItem","position":1,"name":"Inicio","item":"https:\/\/www.christiegrey.com\/es\/"},{"@type":"ListItem","position":2,"name":"Nuestros productos","item":"https:\/\/www.christiegrey.com\/es\/tienda\/"},{"@type":"ListItem","position":3,"name":"Montaje de caucho peque\u00f1o"}]},{"@type":"WebSite","@id":"https:\/\/www.christiegrey.com\/#website","url":"https:\/\/www.christiegrey.com\/","name":"Christie & Grey","description":"","publisher":{"@id":"https:\/\/www.christiegrey.com\/#organization"},"potentialAction":[{"@type":"SearchAction","target":{"@type":"EntryPoint","urlTemplate":"https:\/\/www.christiegrey.com\/?s={search_term_string}"},"query-input":{"@type":"PropertyValueSpecification","valueRequired":true,"valueName":"search_term_string"}}],"inLanguage":"es"},{"@type":"Organization","@id":"https:\/\/www.christiegrey.com\/#organization","name":"Christie & Grey","url":"https:\/\/www.christiegrey.com\/","logo":{"@type":"ImageObject","inLanguage":"es","@id":"https:\/\/www.christiegrey.com\/#\/schema\/logo\/image\/","url":"https:\/\/www.christiegrey.com\/wp-content\/uploads\/2026\/02\/cropped-logo-scaled-1.png","contentUrl":"https:\/\/www.christiegrey.com\/wp-content\/uploads\/2026\/02\/cropped-logo-scaled-1.png","width":250,"height":90,"caption":"Christie & Grey"},"image":{"@id":"https:\/\/www.christiegrey.com\/#\/schema\/logo\/image\/"},"sameAs":["https:\/\/www.facebook.com\/christieandgreylimited","https:\/\/x.com\/christiegreyltd"]}]}},"_links":{"self":[{"href":"https:\/\/www.christiegrey.com\/es\/wp-json\/wp\/v2\/product\/4402","targetHints":{"allow":["GET"]}}],"collection":[{"href":"https:\/\/www.christiegrey.com\/es\/wp-json\/wp\/v2\/product"}],"about":[{"href":"https:\/\/www.christiegrey.com\/es\/wp-json\/wp\/v2\/types\/product"}],"replies":[{"embeddable":true,"href":"https:\/\/www.christiegrey.com\/es\/wp-json\/wp\/v2\/comments?post=4402"}],"wp:featuredmedia":[{"embeddable":true,"href":"https:\/\/www.christiegrey.com\/es\/wp-json\/wp\/v2\/media\/1046"}],"wp:attachment":[{"href":"https:\/\/www.christiegrey.com\/es\/wp-json\/wp\/v2\/media?parent=4402"}],"wp:term":[{"taxonomy":"product_brand","embeddable":true,"href":"https:\/\/www.christiegrey.com\/es\/wp-json\/wp\/v2\/product_brand?post=4402"},{"taxonomy":"product_cat","embeddable":true,"href":"https:\/\/www.christiegrey.com\/es\/wp-json\/wp\/v2\/product_cat?post=4402"},{"taxonomy":"product_tag","embeddable":true,"href":"https:\/\/www.christiegrey.com\/es\/wp-json\/wp\/v2\/product_tag?post=4402"}],"curies":[{"name":"wp","href":"https:\/\/api.w.org\/{rel}","templated":true}]}}