{"id":4381,"date":"2025-12-25T11:18:54","date_gmt":"2025-12-25T11:18:54","guid":{"rendered":"https:\/\/www.christiegrey.com\/product\/montajes-de-amortiguador\/"},"modified":"2025-12-25T11:18:54","modified_gmt":"2025-12-25T11:18:54","slug":"montajes-de-amortiguador","status":"publish","type":"product","link":"https:\/\/www.christiegrey.com\/es\/producto\/montajes-de-amortiguador\/","title":{"rendered":"Montajes de amortiguador"},"content":{"rendered":"<p>La montura J es una correa met\u00e1lica curva especialmente dise\u00f1ada para ser un soporte autocontenido que cede a una carga predeterminada.<\/p>\n","protected":false},"excerpt":{"rendered":"<p>Montaje Tipo J Monte A y J<\/p>\n","protected":false},"featured_media":981,"comment_status":"open","ping_status":"closed","template":"","meta":{"_acf_changed":false},"product_brand":[],"product_cat":[147,146],"product_tag":[],"class_list":{"0":"post-4381","1":"product","2":"type-product","3":"status-publish","4":"has-post-thumbnail","6":"product_cat-auxiliares-maritimos","7":"product_cat-soluciones-maritimas-y-offshore","9":"first","10":"instock","11":"shipping-taxable","12":"purchasable","13":"product-type-simple"},"acf":[],"yoast_head":"<!-- This site is optimized with the Yoast SEO plugin v27.0 - https:\/\/yoast.com\/product\/yoast-seo-wordpress\/ -->\n<title>Montura J y montajes de amortiguador de cubierta J \u2013 Vibraci\u00f3n controlada<\/title>\n<meta name=\"description\" content=\"Los soportes de amortiguador J Mount y J Deck utilizan correas met\u00e1licas curvas para proporcionar aislamiento aut\u00f3nomo de vibraciones y choques a niveles de carga predeterminados.\" \/>\n<meta name=\"robots\" content=\"index, follow, max-snippet:-1, max-image-preview:large, max-video-preview:-1\" \/>\n<link rel=\"canonical\" href=\"https:\/\/www.christiegrey.com\/es\/producto\/montajes-de-amortiguador\/\" \/>\n<meta property=\"og:locale\" content=\"es_ES\" \/>\n<meta property=\"og:type\" content=\"article\" \/>\n<meta property=\"og:title\" content=\"Montura J y montajes de amortiguador de cubierta J \u2013 Vibraci\u00f3n controlada\" \/>\n<meta property=\"og:description\" content=\"Los soportes de amortiguador J Mount y J Deck utilizan correas met\u00e1licas curvas para proporcionar aislamiento aut\u00f3nomo de vibraciones y choques a niveles de carga predeterminados.\" \/>\n<meta property=\"og:url\" content=\"https:\/\/www.christiegrey.com\/es\/producto\/montajes-de-amortiguador\/\" \/>\n<meta property=\"article:publisher\" content=\"https:\/\/www.facebook.com\/christieandgreylimited\" \/>\n<meta property=\"og:image\" content=\"https:\/\/www.christiegrey.com\/wp-content\/uploads\/2025\/12\/jmount.jpg\" \/>\n\t<meta property=\"og:image:width\" content=\"1173\" \/>\n\t<meta property=\"og:image:height\" content=\"977\" \/>\n\t<meta property=\"og:image:type\" content=\"image\/jpeg\" \/>\n<meta name=\"twitter:card\" content=\"summary_large_image\" \/>\n<meta name=\"twitter:site\" content=\"@christiegreyltd\" \/>\n<script type=\"application\/ld+json\" class=\"yoast-schema-graph\">{\"@context\":\"https:\/\/schema.org\",\"@graph\":[{\"@type\":\"WebPage\",\"@id\":\"https:\/\/www.christiegrey.com\/es\/producto\/montajes-de-amortiguador\/\",\"url\":\"https:\/\/www.christiegrey.com\/es\/producto\/montajes-de-amortiguador\/\",\"name\":\"Montura J y montajes de amortiguador de cubierta J \u2013 Vibraci\u00f3n controlada\",\"isPartOf\":{\"@id\":\"https:\/\/www.christiegrey.com\/#website\"},\"primaryImageOfPage\":{\"@id\":\"https:\/\/www.christiegrey.com\/es\/producto\/montajes-de-amortiguador\/#primaryimage\"},\"image\":{\"@id\":\"https:\/\/www.christiegrey.com\/es\/producto\/montajes-de-amortiguador\/#primaryimage\"},\"thumbnailUrl\":\"https:\/\/www.christiegrey.com\/wp-content\/uploads\/2025\/12\/jmount.jpg\",\"datePublished\":\"2025-12-25T11:18:54+00:00\",\"description\":\"Los soportes de amortiguador J Mount y J Deck utilizan correas met\u00e1licas curvas para proporcionar aislamiento aut\u00f3nomo de vibraciones y choques a niveles de carga predeterminados.\",\"breadcrumb\":{\"@id\":\"https:\/\/www.christiegrey.com\/es\/producto\/montajes-de-amortiguador\/#breadcrumb\"},\"inLanguage\":\"es\",\"potentialAction\":[{\"@type\":\"ReadAction\",\"target\":[\"https:\/\/www.christiegrey.com\/es\/producto\/montajes-de-amortiguador\/\"]}]},{\"@type\":\"ImageObject\",\"inLanguage\":\"es\",\"@id\":\"https:\/\/www.christiegrey.com\/es\/producto\/montajes-de-amortiguador\/#primaryimage\",\"url\":\"https:\/\/www.christiegrey.com\/wp-content\/uploads\/2025\/12\/jmount.jpg\",\"contentUrl\":\"https:\/\/www.christiegrey.com\/wp-content\/uploads\/2025\/12\/jmount.jpg\",\"width\":1173,\"height\":977,\"caption\":\"jmount\"},{\"@type\":\"BreadcrumbList\",\"@id\":\"https:\/\/www.christiegrey.com\/es\/producto\/montajes-de-amortiguador\/#breadcrumb\",\"itemListElement\":[{\"@type\":\"ListItem\",\"position\":1,\"name\":\"Inicio\",\"item\":\"https:\/\/www.christiegrey.com\/es\/\"},{\"@type\":\"ListItem\",\"position\":2,\"name\":\"Nuestros productos\",\"item\":\"https:\/\/www.christiegrey.com\/es\/tienda\/\"},{\"@type\":\"ListItem\",\"position\":3,\"name\":\"Montajes de amortiguador\"}]},{\"@type\":\"WebSite\",\"@id\":\"https:\/\/www.christiegrey.com\/#website\",\"url\":\"https:\/\/www.christiegrey.com\/\",\"name\":\"Christie & Grey\",\"description\":\"\",\"publisher\":{\"@id\":\"https:\/\/www.christiegrey.com\/#organization\"},\"potentialAction\":[{\"@type\":\"SearchAction\",\"target\":{\"@type\":\"EntryPoint\",\"urlTemplate\":\"https:\/\/www.christiegrey.com\/?s={search_term_string}\"},\"query-input\":{\"@type\":\"PropertyValueSpecification\",\"valueRequired\":true,\"valueName\":\"search_term_string\"}}],\"inLanguage\":\"es\"},{\"@type\":\"Organization\",\"@id\":\"https:\/\/www.christiegrey.com\/#organization\",\"name\":\"Christie & Grey\",\"url\":\"https:\/\/www.christiegrey.com\/\",\"logo\":{\"@type\":\"ImageObject\",\"inLanguage\":\"es\",\"@id\":\"https:\/\/www.christiegrey.com\/#\/schema\/logo\/image\/\",\"url\":\"https:\/\/www.christiegrey.com\/wp-content\/uploads\/2026\/02\/cropped-logo-scaled-1.png\",\"contentUrl\":\"https:\/\/www.christiegrey.com\/wp-content\/uploads\/2026\/02\/cropped-logo-scaled-1.png\",\"width\":250,\"height\":90,\"caption\":\"Christie & Grey\"},\"image\":{\"@id\":\"https:\/\/www.christiegrey.com\/#\/schema\/logo\/image\/\"},\"sameAs\":[\"https:\/\/www.facebook.com\/christieandgreylimited\",\"https:\/\/x.com\/christiegreyltd\"]}]}<\/script>\n<!-- \/ Yoast SEO plugin. -->","yoast_head_json":{"title":"Montura J y montajes de amortiguador de cubierta J \u2013 Vibraci\u00f3n controlada","description":"Los soportes de amortiguador J Mount y J Deck utilizan correas met\u00e1licas curvas para proporcionar aislamiento aut\u00f3nomo de vibraciones y choques a niveles de carga predeterminados.","robots":{"index":"index","follow":"follow","max-snippet":"max-snippet:-1","max-image-preview":"max-image-preview:large","max-video-preview":"max-video-preview:-1"},"canonical":"https:\/\/www.christiegrey.com\/es\/producto\/montajes-de-amortiguador\/","og_locale":"es_ES","og_type":"article","og_title":"Montura J y montajes de amortiguador de cubierta J \u2013 Vibraci\u00f3n controlada","og_description":"Los soportes de amortiguador J Mount y J Deck utilizan correas met\u00e1licas curvas para proporcionar aislamiento aut\u00f3nomo de vibraciones y choques a niveles de carga predeterminados.","og_url":"https:\/\/www.christiegrey.com\/es\/producto\/montajes-de-amortiguador\/","article_publisher":"https:\/\/www.facebook.com\/christieandgreylimited","og_image":[{"width":1173,"height":977,"url":"https:\/\/www.christiegrey.com\/wp-content\/uploads\/2025\/12\/jmount.jpg","type":"image\/jpeg"}],"twitter_card":"summary_large_image","twitter_site":"@christiegreyltd","schema":{"@context":"https:\/\/schema.org","@graph":[{"@type":"WebPage","@id":"https:\/\/www.christiegrey.com\/es\/producto\/montajes-de-amortiguador\/","url":"https:\/\/www.christiegrey.com\/es\/producto\/montajes-de-amortiguador\/","name":"Montura J y montajes de amortiguador de cubierta J \u2013 Vibraci\u00f3n controlada","isPartOf":{"@id":"https:\/\/www.christiegrey.com\/#website"},"primaryImageOfPage":{"@id":"https:\/\/www.christiegrey.com\/es\/producto\/montajes-de-amortiguador\/#primaryimage"},"image":{"@id":"https:\/\/www.christiegrey.com\/es\/producto\/montajes-de-amortiguador\/#primaryimage"},"thumbnailUrl":"https:\/\/www.christiegrey.com\/wp-content\/uploads\/2025\/12\/jmount.jpg","datePublished":"2025-12-25T11:18:54+00:00","description":"Los soportes de amortiguador J Mount y J Deck utilizan correas met\u00e1licas curvas para proporcionar aislamiento aut\u00f3nomo de vibraciones y choques a niveles de carga predeterminados.","breadcrumb":{"@id":"https:\/\/www.christiegrey.com\/es\/producto\/montajes-de-amortiguador\/#breadcrumb"},"inLanguage":"es","potentialAction":[{"@type":"ReadAction","target":["https:\/\/www.christiegrey.com\/es\/producto\/montajes-de-amortiguador\/"]}]},{"@type":"ImageObject","inLanguage":"es","@id":"https:\/\/www.christiegrey.com\/es\/producto\/montajes-de-amortiguador\/#primaryimage","url":"https:\/\/www.christiegrey.com\/wp-content\/uploads\/2025\/12\/jmount.jpg","contentUrl":"https:\/\/www.christiegrey.com\/wp-content\/uploads\/2025\/12\/jmount.jpg","width":1173,"height":977,"caption":"jmount"},{"@type":"BreadcrumbList","@id":"https:\/\/www.christiegrey.com\/es\/producto\/montajes-de-amortiguador\/#breadcrumb","itemListElement":[{"@type":"ListItem","position":1,"name":"Inicio","item":"https:\/\/www.christiegrey.com\/es\/"},{"@type":"ListItem","position":2,"name":"Nuestros productos","item":"https:\/\/www.christiegrey.com\/es\/tienda\/"},{"@type":"ListItem","position":3,"name":"Montajes de amortiguador"}]},{"@type":"WebSite","@id":"https:\/\/www.christiegrey.com\/#website","url":"https:\/\/www.christiegrey.com\/","name":"Christie & Grey","description":"","publisher":{"@id":"https:\/\/www.christiegrey.com\/#organization"},"potentialAction":[{"@type":"SearchAction","target":{"@type":"EntryPoint","urlTemplate":"https:\/\/www.christiegrey.com\/?s={search_term_string}"},"query-input":{"@type":"PropertyValueSpecification","valueRequired":true,"valueName":"search_term_string"}}],"inLanguage":"es"},{"@type":"Organization","@id":"https:\/\/www.christiegrey.com\/#organization","name":"Christie & Grey","url":"https:\/\/www.christiegrey.com\/","logo":{"@type":"ImageObject","inLanguage":"es","@id":"https:\/\/www.christiegrey.com\/#\/schema\/logo\/image\/","url":"https:\/\/www.christiegrey.com\/wp-content\/uploads\/2026\/02\/cropped-logo-scaled-1.png","contentUrl":"https:\/\/www.christiegrey.com\/wp-content\/uploads\/2026\/02\/cropped-logo-scaled-1.png","width":250,"height":90,"caption":"Christie & Grey"},"image":{"@id":"https:\/\/www.christiegrey.com\/#\/schema\/logo\/image\/"},"sameAs":["https:\/\/www.facebook.com\/christieandgreylimited","https:\/\/x.com\/christiegreyltd"]}]}},"_links":{"self":[{"href":"https:\/\/www.christiegrey.com\/es\/wp-json\/wp\/v2\/product\/4381","targetHints":{"allow":["GET"]}}],"collection":[{"href":"https:\/\/www.christiegrey.com\/es\/wp-json\/wp\/v2\/product"}],"about":[{"href":"https:\/\/www.christiegrey.com\/es\/wp-json\/wp\/v2\/types\/product"}],"replies":[{"embeddable":true,"href":"https:\/\/www.christiegrey.com\/es\/wp-json\/wp\/v2\/comments?post=4381"}],"wp:featuredmedia":[{"embeddable":true,"href":"https:\/\/www.christiegrey.com\/es\/wp-json\/wp\/v2\/media\/981"}],"wp:attachment":[{"href":"https:\/\/www.christiegrey.com\/es\/wp-json\/wp\/v2\/media?parent=4381"}],"wp:term":[{"taxonomy":"product_brand","embeddable":true,"href":"https:\/\/www.christiegrey.com\/es\/wp-json\/wp\/v2\/product_brand?post=4381"},{"taxonomy":"product_cat","embeddable":true,"href":"https:\/\/www.christiegrey.com\/es\/wp-json\/wp\/v2\/product_cat?post=4381"},{"taxonomy":"product_tag","embeddable":true,"href":"https:\/\/www.christiegrey.com\/es\/wp-json\/wp\/v2\/product_tag?post=4381"}],"curies":[{"name":"wp","href":"https:\/\/api.w.org\/{rel}","templated":true}]}}