{"id":4351,"date":"2025-12-25T14:19:35","date_gmt":"2025-12-25T14:19:35","guid":{"rendered":"https:\/\/www.christiegrey.com\/product\/traviesas-acusticas-para-la-pared\/"},"modified":"2025-12-25T14:19:35","modified_gmt":"2025-12-25T14:19:35","slug":"traviesas-acusticas-para-la-pared","status":"publish","type":"product","link":"https:\/\/www.christiegrey.com\/es\/producto\/traviesas-acusticas-para-la-pared\/","title":{"rendered":"Traviesas ac\u00fasticas para la pared"},"content":{"rendered":"<p>El ladrillo ac\u00fastico y las traviesas de muro divisor interno est\u00e1n dise\u00f1ados para proporcionar estabilidad estructural mientras aten\u00faan el ruido y las vibraciones entre muros de c\u00e1mara.<\/p>\n","protected":false},"excerpt":{"rendered":"<p>Tipo AWT<\/p>\n","protected":false},"featured_media":1422,"comment_status":"open","ping_status":"closed","template":"","meta":{"_acf_changed":false},"product_brand":[],"product_cat":[132,113],"product_tag":[],"class_list":{"0":"post-4351","1":"product","2":"type-product","3":"status-publish","4":"has-post-thumbnail","6":"product_cat-productos-de-pared-acustica","7":"product_cat-soluciones-de-construccion","9":"first","10":"instock","11":"shipping-taxable","12":"purchasable","13":"product-type-simple"},"acf":[],"yoast_head":"<!-- This site is optimized with the Yoast SEO plugin v27.0 - https:\/\/yoast.com\/product\/yoast-seo-wordpress\/ -->\n<title>Traviesas ac\u00fasticas de pared AWT | Vibraci\u00f3n y aislamiento ac\u00fastico<\/title>\n<meta name=\"description\" content=\"Los anclajes ac\u00fasticos AWT utilizan elementos naturales de caucho a metal para evitar la transferencia de sonido y vibraciones. Probado en carga, conforme a BS EN 845.\" \/>\n<meta name=\"robots\" content=\"index, follow, max-snippet:-1, max-image-preview:large, max-video-preview:-1\" \/>\n<link rel=\"canonical\" href=\"https:\/\/www.christiegrey.com\/es\/producto\/traviesas-acusticas-para-la-pared\/\" \/>\n<meta property=\"og:locale\" content=\"es_ES\" \/>\n<meta property=\"og:type\" content=\"article\" \/>\n<meta property=\"og:title\" content=\"Traviesas ac\u00fasticas de pared AWT | Vibraci\u00f3n y aislamiento ac\u00fastico\" \/>\n<meta property=\"og:description\" content=\"Los anclajes ac\u00fasticos AWT utilizan elementos naturales de caucho a metal para evitar la transferencia de sonido y vibraciones. Probado en carga, conforme a BS EN 845.\" \/>\n<meta property=\"og:url\" content=\"https:\/\/www.christiegrey.com\/es\/producto\/traviesas-acusticas-para-la-pared\/\" \/>\n<meta property=\"article:publisher\" content=\"https:\/\/www.facebook.com\/christieandgreylimited\" \/>\n<meta property=\"og:image\" content=\"https:\/\/www.christiegrey.com\/wp-content\/uploads\/2025\/12\/christie-grey.1copy-scaled.jpg\" \/>\n\t<meta property=\"og:image:width\" content=\"2560\" \/>\n\t<meta property=\"og:image:height\" content=\"1829\" \/>\n\t<meta property=\"og:image:type\" content=\"image\/jpeg\" \/>\n<meta name=\"twitter:card\" content=\"summary_large_image\" \/>\n<meta name=\"twitter:site\" content=\"@christiegreyltd\" \/>\n<script type=\"application\/ld+json\" class=\"yoast-schema-graph\">{\"@context\":\"https:\/\/schema.org\",\"@graph\":[{\"@type\":\"WebPage\",\"@id\":\"https:\/\/www.christiegrey.com\/es\/producto\/traviesas-acusticas-para-la-pared\/\",\"url\":\"https:\/\/www.christiegrey.com\/es\/producto\/traviesas-acusticas-para-la-pared\/\",\"name\":\"Traviesas ac\u00fasticas de pared AWT | Vibraci\u00f3n y aislamiento ac\u00fastico\",\"isPartOf\":{\"@id\":\"https:\/\/www.christiegrey.com\/#website\"},\"primaryImageOfPage\":{\"@id\":\"https:\/\/www.christiegrey.com\/es\/producto\/traviesas-acusticas-para-la-pared\/#primaryimage\"},\"image\":{\"@id\":\"https:\/\/www.christiegrey.com\/es\/producto\/traviesas-acusticas-para-la-pared\/#primaryimage\"},\"thumbnailUrl\":\"https:\/\/www.christiegrey.com\/wp-content\/uploads\/2025\/12\/christie-grey.1copy-scaled.jpg\",\"datePublished\":\"2025-12-25T14:19:35+00:00\",\"description\":\"Los anclajes ac\u00fasticos AWT utilizan elementos naturales de caucho a metal para evitar la transferencia de sonido y vibraciones. Probado en carga, conforme a BS EN 845.\",\"breadcrumb\":{\"@id\":\"https:\/\/www.christiegrey.com\/es\/producto\/traviesas-acusticas-para-la-pared\/#breadcrumb\"},\"inLanguage\":\"es\",\"potentialAction\":[{\"@type\":\"ReadAction\",\"target\":[\"https:\/\/www.christiegrey.com\/es\/producto\/traviesas-acusticas-para-la-pared\/\"]}]},{\"@type\":\"ImageObject\",\"inLanguage\":\"es\",\"@id\":\"https:\/\/www.christiegrey.com\/es\/producto\/traviesas-acusticas-para-la-pared\/#primaryimage\",\"url\":\"https:\/\/www.christiegrey.com\/wp-content\/uploads\/2025\/12\/christie-grey.1copy-scaled.jpg\",\"contentUrl\":\"https:\/\/www.christiegrey.com\/wp-content\/uploads\/2025\/12\/christie-grey.1copy-scaled.jpg\",\"width\":2560,\"height\":1829,\"caption\":\"Apilado con 8 im\u00e1genes. M\u00e9todo=B (R=7,S=1)\"},{\"@type\":\"BreadcrumbList\",\"@id\":\"https:\/\/www.christiegrey.com\/es\/producto\/traviesas-acusticas-para-la-pared\/#breadcrumb\",\"itemListElement\":[{\"@type\":\"ListItem\",\"position\":1,\"name\":\"Inicio\",\"item\":\"https:\/\/www.christiegrey.com\/es\/\"},{\"@type\":\"ListItem\",\"position\":2,\"name\":\"Nuestros productos\",\"item\":\"https:\/\/www.christiegrey.com\/es\/tienda\/\"},{\"@type\":\"ListItem\",\"position\":3,\"name\":\"Traviesas ac\u00fasticas para la pared\"}]},{\"@type\":\"WebSite\",\"@id\":\"https:\/\/www.christiegrey.com\/#website\",\"url\":\"https:\/\/www.christiegrey.com\/\",\"name\":\"Christie & Grey\",\"description\":\"\",\"publisher\":{\"@id\":\"https:\/\/www.christiegrey.com\/#organization\"},\"potentialAction\":[{\"@type\":\"SearchAction\",\"target\":{\"@type\":\"EntryPoint\",\"urlTemplate\":\"https:\/\/www.christiegrey.com\/?s={search_term_string}\"},\"query-input\":{\"@type\":\"PropertyValueSpecification\",\"valueRequired\":true,\"valueName\":\"search_term_string\"}}],\"inLanguage\":\"es\"},{\"@type\":\"Organization\",\"@id\":\"https:\/\/www.christiegrey.com\/#organization\",\"name\":\"Christie & Grey\",\"url\":\"https:\/\/www.christiegrey.com\/\",\"logo\":{\"@type\":\"ImageObject\",\"inLanguage\":\"es\",\"@id\":\"https:\/\/www.christiegrey.com\/#\/schema\/logo\/image\/\",\"url\":\"https:\/\/www.christiegrey.com\/wp-content\/uploads\/2026\/02\/cropped-logo-scaled-1.png\",\"contentUrl\":\"https:\/\/www.christiegrey.com\/wp-content\/uploads\/2026\/02\/cropped-logo-scaled-1.png\",\"width\":250,\"height\":90,\"caption\":\"Christie & Grey\"},\"image\":{\"@id\":\"https:\/\/www.christiegrey.com\/#\/schema\/logo\/image\/\"},\"sameAs\":[\"https:\/\/www.facebook.com\/christieandgreylimited\",\"https:\/\/x.com\/christiegreyltd\"]}]}<\/script>\n<!-- \/ Yoast SEO plugin. -->","yoast_head_json":{"title":"Traviesas ac\u00fasticas de pared AWT | Vibraci\u00f3n y aislamiento ac\u00fastico","description":"Los anclajes ac\u00fasticos AWT utilizan elementos naturales de caucho a metal para evitar la transferencia de sonido y vibraciones. Probado en carga, conforme a BS EN 845.","robots":{"index":"index","follow":"follow","max-snippet":"max-snippet:-1","max-image-preview":"max-image-preview:large","max-video-preview":"max-video-preview:-1"},"canonical":"https:\/\/www.christiegrey.com\/es\/producto\/traviesas-acusticas-para-la-pared\/","og_locale":"es_ES","og_type":"article","og_title":"Traviesas ac\u00fasticas de pared AWT | Vibraci\u00f3n y aislamiento ac\u00fastico","og_description":"Los anclajes ac\u00fasticos AWT utilizan elementos naturales de caucho a metal para evitar la transferencia de sonido y vibraciones. Probado en carga, conforme a BS EN 845.","og_url":"https:\/\/www.christiegrey.com\/es\/producto\/traviesas-acusticas-para-la-pared\/","article_publisher":"https:\/\/www.facebook.com\/christieandgreylimited","og_image":[{"width":2560,"height":1829,"url":"https:\/\/www.christiegrey.com\/wp-content\/uploads\/2025\/12\/christie-grey.1copy-scaled.jpg","type":"image\/jpeg"}],"twitter_card":"summary_large_image","twitter_site":"@christiegreyltd","schema":{"@context":"https:\/\/schema.org","@graph":[{"@type":"WebPage","@id":"https:\/\/www.christiegrey.com\/es\/producto\/traviesas-acusticas-para-la-pared\/","url":"https:\/\/www.christiegrey.com\/es\/producto\/traviesas-acusticas-para-la-pared\/","name":"Traviesas ac\u00fasticas de pared AWT | Vibraci\u00f3n y aislamiento ac\u00fastico","isPartOf":{"@id":"https:\/\/www.christiegrey.com\/#website"},"primaryImageOfPage":{"@id":"https:\/\/www.christiegrey.com\/es\/producto\/traviesas-acusticas-para-la-pared\/#primaryimage"},"image":{"@id":"https:\/\/www.christiegrey.com\/es\/producto\/traviesas-acusticas-para-la-pared\/#primaryimage"},"thumbnailUrl":"https:\/\/www.christiegrey.com\/wp-content\/uploads\/2025\/12\/christie-grey.1copy-scaled.jpg","datePublished":"2025-12-25T14:19:35+00:00","description":"Los anclajes ac\u00fasticos AWT utilizan elementos naturales de caucho a metal para evitar la transferencia de sonido y vibraciones. Probado en carga, conforme a BS EN 845.","breadcrumb":{"@id":"https:\/\/www.christiegrey.com\/es\/producto\/traviesas-acusticas-para-la-pared\/#breadcrumb"},"inLanguage":"es","potentialAction":[{"@type":"ReadAction","target":["https:\/\/www.christiegrey.com\/es\/producto\/traviesas-acusticas-para-la-pared\/"]}]},{"@type":"ImageObject","inLanguage":"es","@id":"https:\/\/www.christiegrey.com\/es\/producto\/traviesas-acusticas-para-la-pared\/#primaryimage","url":"https:\/\/www.christiegrey.com\/wp-content\/uploads\/2025\/12\/christie-grey.1copy-scaled.jpg","contentUrl":"https:\/\/www.christiegrey.com\/wp-content\/uploads\/2025\/12\/christie-grey.1copy-scaled.jpg","width":2560,"height":1829,"caption":"Apilado con 8 im\u00e1genes. M\u00e9todo=B (R=7,S=1)"},{"@type":"BreadcrumbList","@id":"https:\/\/www.christiegrey.com\/es\/producto\/traviesas-acusticas-para-la-pared\/#breadcrumb","itemListElement":[{"@type":"ListItem","position":1,"name":"Inicio","item":"https:\/\/www.christiegrey.com\/es\/"},{"@type":"ListItem","position":2,"name":"Nuestros productos","item":"https:\/\/www.christiegrey.com\/es\/tienda\/"},{"@type":"ListItem","position":3,"name":"Traviesas ac\u00fasticas para la pared"}]},{"@type":"WebSite","@id":"https:\/\/www.christiegrey.com\/#website","url":"https:\/\/www.christiegrey.com\/","name":"Christie & Grey","description":"","publisher":{"@id":"https:\/\/www.christiegrey.com\/#organization"},"potentialAction":[{"@type":"SearchAction","target":{"@type":"EntryPoint","urlTemplate":"https:\/\/www.christiegrey.com\/?s={search_term_string}"},"query-input":{"@type":"PropertyValueSpecification","valueRequired":true,"valueName":"search_term_string"}}],"inLanguage":"es"},{"@type":"Organization","@id":"https:\/\/www.christiegrey.com\/#organization","name":"Christie & Grey","url":"https:\/\/www.christiegrey.com\/","logo":{"@type":"ImageObject","inLanguage":"es","@id":"https:\/\/www.christiegrey.com\/#\/schema\/logo\/image\/","url":"https:\/\/www.christiegrey.com\/wp-content\/uploads\/2026\/02\/cropped-logo-scaled-1.png","contentUrl":"https:\/\/www.christiegrey.com\/wp-content\/uploads\/2026\/02\/cropped-logo-scaled-1.png","width":250,"height":90,"caption":"Christie & Grey"},"image":{"@id":"https:\/\/www.christiegrey.com\/#\/schema\/logo\/image\/"},"sameAs":["https:\/\/www.facebook.com\/christieandgreylimited","https:\/\/x.com\/christiegreyltd"]}]}},"_links":{"self":[{"href":"https:\/\/www.christiegrey.com\/es\/wp-json\/wp\/v2\/product\/4351","targetHints":{"allow":["GET"]}}],"collection":[{"href":"https:\/\/www.christiegrey.com\/es\/wp-json\/wp\/v2\/product"}],"about":[{"href":"https:\/\/www.christiegrey.com\/es\/wp-json\/wp\/v2\/types\/product"}],"replies":[{"embeddable":true,"href":"https:\/\/www.christiegrey.com\/es\/wp-json\/wp\/v2\/comments?post=4351"}],"wp:featuredmedia":[{"embeddable":true,"href":"https:\/\/www.christiegrey.com\/es\/wp-json\/wp\/v2\/media\/1422"}],"wp:attachment":[{"href":"https:\/\/www.christiegrey.com\/es\/wp-json\/wp\/v2\/media?parent=4351"}],"wp:term":[{"taxonomy":"product_brand","embeddable":true,"href":"https:\/\/www.christiegrey.com\/es\/wp-json\/wp\/v2\/product_brand?post=4351"},{"taxonomy":"product_cat","embeddable":true,"href":"https:\/\/www.christiegrey.com\/es\/wp-json\/wp\/v2\/product_cat?post=4351"},{"taxonomy":"product_tag","embeddable":true,"href":"https:\/\/www.christiegrey.com\/es\/wp-json\/wp\/v2\/product_tag?post=4351"}],"curies":[{"name":"wp","href":"https:\/\/api.w.org\/{rel}","templated":true}]}}