{"id":4273,"date":"2025-12-25T13:51:10","date_gmt":"2025-12-25T13:51:10","guid":{"rendered":"https:\/\/www.christiegrey.com\/product\/montajes-de-torreta-de-caucho\/"},"modified":"2026-01-30T21:51:33","modified_gmt":"2026-01-30T21:51:33","slug":"montajes-de-torreta-de-caucho","status":"publish","type":"product","link":"https:\/\/www.christiegrey.com\/es\/producto\/montajes-de-torreta-de-caucho\/","title":{"rendered":"Montajes de torreta de caucho"},"content":{"rendered":"<p>Los montajes de torreta de caucho tipo RM est\u00e1n dise\u00f1ados para proporcionar una atenuaci\u00f3n superior de vibraciones y ruidos de frecuencia media a alta que emanan de una amplia gama de m\u00e1quinas accionadas por motores, especialmente ventiladores axiales y centr\u00edfugos.<\/p>\n<p>Caucho de alta resistencia con baja relaci\u00f3n de rigidez din\u00e1mica\/est\u00e1tica garantiza m\u00e1xima eficiencia, buen rendimiento de fluencia y larga vida \u00fatil.<\/p>\n","protected":false},"excerpt":{"rendered":"<p>Tipo RM<\/p>\n","protected":false},"featured_media":1038,"comment_status":"open","ping_status":"closed","template":"","meta":{"_acf_changed":false},"product_brand":[],"product_cat":[133,113,129,118],"product_tag":[],"class_list":{"0":"post-4273","1":"product","2":"type-product","3":"status-publish","4":"has-post-thumbnail","6":"product_cat-generacion-de-energia","7":"product_cat-soluciones-de-construccion","8":"product_cat-soluciones-industriales","9":"product_cat-suelos-flotantes","11":"first","12":"instock","13":"shipping-taxable","14":"purchasable","15":"product-type-simple"},"acf":[],"yoast_head":"<!-- This site is optimized with the Yoast SEO plugin v27.0 - https:\/\/yoast.com\/product\/yoast-seo-wordpress\/ -->\n<title>Montajes de torreta de goma RM para control de vibraciones<\/title>\n<meta name=\"description\" content=\"Los montajes de torreta de caucho RM reducen las vibraciones y el ruido de frecuencia media a alta de las m\u00e1quinas accionadas por motor, ofreciendo durabilidad y larga vida \u00fatil.\" \/>\n<meta name=\"robots\" content=\"index, follow, max-snippet:-1, max-image-preview:large, max-video-preview:-1\" \/>\n<link rel=\"canonical\" href=\"https:\/\/www.christiegrey.com\/es\/producto\/montajes-de-torreta-de-caucho\/\" \/>\n<meta property=\"og:locale\" content=\"es_ES\" \/>\n<meta property=\"og:type\" content=\"article\" \/>\n<meta property=\"og:title\" content=\"Montajes de torreta de goma RM para control de vibraciones\" \/>\n<meta property=\"og:description\" content=\"Los montajes de torreta de caucho RM reducen las vibraciones y el ruido de frecuencia media a alta de las m\u00e1quinas accionadas por motor, ofreciendo durabilidad y larga vida \u00fatil.\" \/>\n<meta property=\"og:url\" content=\"https:\/\/www.christiegrey.com\/es\/producto\/montajes-de-torreta-de-caucho\/\" \/>\n<meta property=\"article:publisher\" content=\"https:\/\/www.facebook.com\/christieandgreylimited\" \/>\n<meta property=\"article:modified_time\" content=\"2026-01-30T21:51:33+00:00\" \/>\n<meta property=\"og:image\" content=\"https:\/\/www.christiegrey.com\/wp-content\/uploads\/2025\/12\/turret_group.png\" \/>\n\t<meta property=\"og:image:width\" content=\"625\" \/>\n\t<meta property=\"og:image:height\" content=\"625\" \/>\n\t<meta property=\"og:image:type\" content=\"image\/png\" \/>\n<meta name=\"twitter:card\" content=\"summary_large_image\" \/>\n<meta name=\"twitter:site\" content=\"@christiegreyltd\" \/>\n<script type=\"application\/ld+json\" class=\"yoast-schema-graph\">{\"@context\":\"https:\/\/schema.org\",\"@graph\":[{\"@type\":\"WebPage\",\"@id\":\"https:\/\/www.christiegrey.com\/es\/producto\/montajes-de-torreta-de-caucho\/\",\"url\":\"https:\/\/www.christiegrey.com\/es\/producto\/montajes-de-torreta-de-caucho\/\",\"name\":\"Montajes de torreta de goma RM para control de vibraciones\",\"isPartOf\":{\"@id\":\"https:\/\/www.christiegrey.com\/#website\"},\"primaryImageOfPage\":{\"@id\":\"https:\/\/www.christiegrey.com\/es\/producto\/montajes-de-torreta-de-caucho\/#primaryimage\"},\"image\":{\"@id\":\"https:\/\/www.christiegrey.com\/es\/producto\/montajes-de-torreta-de-caucho\/#primaryimage\"},\"thumbnailUrl\":\"https:\/\/www.christiegrey.com\/wp-content\/uploads\/2025\/12\/turret_group.png\",\"datePublished\":\"2025-12-25T13:51:10+00:00\",\"dateModified\":\"2026-01-30T21:51:33+00:00\",\"description\":\"Los montajes de torreta de caucho RM reducen las vibraciones y el ruido de frecuencia media a alta de las m\u00e1quinas accionadas por motor, ofreciendo durabilidad y larga vida \u00fatil.\",\"breadcrumb\":{\"@id\":\"https:\/\/www.christiegrey.com\/es\/producto\/montajes-de-torreta-de-caucho\/#breadcrumb\"},\"inLanguage\":\"es\",\"potentialAction\":[{\"@type\":\"ReadAction\",\"target\":[\"https:\/\/www.christiegrey.com\/es\/producto\/montajes-de-torreta-de-caucho\/\"]}]},{\"@type\":\"ImageObject\",\"inLanguage\":\"es\",\"@id\":\"https:\/\/www.christiegrey.com\/es\/producto\/montajes-de-torreta-de-caucho\/#primaryimage\",\"url\":\"https:\/\/www.christiegrey.com\/wp-content\/uploads\/2025\/12\/turret_group.png\",\"contentUrl\":\"https:\/\/www.christiegrey.com\/wp-content\/uploads\/2025\/12\/turret_group.png\",\"width\":625,\"height\":625,\"caption\":\"Rubber Turret Mountings\"},{\"@type\":\"BreadcrumbList\",\"@id\":\"https:\/\/www.christiegrey.com\/es\/producto\/montajes-de-torreta-de-caucho\/#breadcrumb\",\"itemListElement\":[{\"@type\":\"ListItem\",\"position\":1,\"name\":\"Inicio\",\"item\":\"https:\/\/www.christiegrey.com\/es\/\"},{\"@type\":\"ListItem\",\"position\":2,\"name\":\"Nuestros productos\",\"item\":\"https:\/\/www.christiegrey.com\/es\/tienda\/\"},{\"@type\":\"ListItem\",\"position\":3,\"name\":\"Montajes de torreta de caucho\"}]},{\"@type\":\"WebSite\",\"@id\":\"https:\/\/www.christiegrey.com\/#website\",\"url\":\"https:\/\/www.christiegrey.com\/\",\"name\":\"Christie & Grey\",\"description\":\"\",\"publisher\":{\"@id\":\"https:\/\/www.christiegrey.com\/#organization\"},\"potentialAction\":[{\"@type\":\"SearchAction\",\"target\":{\"@type\":\"EntryPoint\",\"urlTemplate\":\"https:\/\/www.christiegrey.com\/?s={search_term_string}\"},\"query-input\":{\"@type\":\"PropertyValueSpecification\",\"valueRequired\":true,\"valueName\":\"search_term_string\"}}],\"inLanguage\":\"es\"},{\"@type\":\"Organization\",\"@id\":\"https:\/\/www.christiegrey.com\/#organization\",\"name\":\"Christie & Grey\",\"url\":\"https:\/\/www.christiegrey.com\/\",\"logo\":{\"@type\":\"ImageObject\",\"inLanguage\":\"es\",\"@id\":\"https:\/\/www.christiegrey.com\/#\/schema\/logo\/image\/\",\"url\":\"https:\/\/www.christiegrey.com\/wp-content\/uploads\/2026\/02\/cropped-logo-scaled-1.png\",\"contentUrl\":\"https:\/\/www.christiegrey.com\/wp-content\/uploads\/2026\/02\/cropped-logo-scaled-1.png\",\"width\":250,\"height\":90,\"caption\":\"Christie & Grey\"},\"image\":{\"@id\":\"https:\/\/www.christiegrey.com\/#\/schema\/logo\/image\/\"},\"sameAs\":[\"https:\/\/www.facebook.com\/christieandgreylimited\",\"https:\/\/x.com\/christiegreyltd\"]}]}<\/script>\n<!-- \/ Yoast SEO plugin. -->","yoast_head_json":{"title":"Montajes de torreta de goma RM para control de vibraciones","description":"Los montajes de torreta de caucho RM reducen las vibraciones y el ruido de frecuencia media a alta de las m\u00e1quinas accionadas por motor, ofreciendo durabilidad y larga vida \u00fatil.","robots":{"index":"index","follow":"follow","max-snippet":"max-snippet:-1","max-image-preview":"max-image-preview:large","max-video-preview":"max-video-preview:-1"},"canonical":"https:\/\/www.christiegrey.com\/es\/producto\/montajes-de-torreta-de-caucho\/","og_locale":"es_ES","og_type":"article","og_title":"Montajes de torreta de goma RM para control de vibraciones","og_description":"Los montajes de torreta de caucho RM reducen las vibraciones y el ruido de frecuencia media a alta de las m\u00e1quinas accionadas por motor, ofreciendo durabilidad y larga vida \u00fatil.","og_url":"https:\/\/www.christiegrey.com\/es\/producto\/montajes-de-torreta-de-caucho\/","article_publisher":"https:\/\/www.facebook.com\/christieandgreylimited","article_modified_time":"2026-01-30T21:51:33+00:00","og_image":[{"width":625,"height":625,"url":"https:\/\/www.christiegrey.com\/wp-content\/uploads\/2025\/12\/turret_group.png","type":"image\/png"}],"twitter_card":"summary_large_image","twitter_site":"@christiegreyltd","schema":{"@context":"https:\/\/schema.org","@graph":[{"@type":"WebPage","@id":"https:\/\/www.christiegrey.com\/es\/producto\/montajes-de-torreta-de-caucho\/","url":"https:\/\/www.christiegrey.com\/es\/producto\/montajes-de-torreta-de-caucho\/","name":"Montajes de torreta de goma RM para control de vibraciones","isPartOf":{"@id":"https:\/\/www.christiegrey.com\/#website"},"primaryImageOfPage":{"@id":"https:\/\/www.christiegrey.com\/es\/producto\/montajes-de-torreta-de-caucho\/#primaryimage"},"image":{"@id":"https:\/\/www.christiegrey.com\/es\/producto\/montajes-de-torreta-de-caucho\/#primaryimage"},"thumbnailUrl":"https:\/\/www.christiegrey.com\/wp-content\/uploads\/2025\/12\/turret_group.png","datePublished":"2025-12-25T13:51:10+00:00","dateModified":"2026-01-30T21:51:33+00:00","description":"Los montajes de torreta de caucho RM reducen las vibraciones y el ruido de frecuencia media a alta de las m\u00e1quinas accionadas por motor, ofreciendo durabilidad y larga vida \u00fatil.","breadcrumb":{"@id":"https:\/\/www.christiegrey.com\/es\/producto\/montajes-de-torreta-de-caucho\/#breadcrumb"},"inLanguage":"es","potentialAction":[{"@type":"ReadAction","target":["https:\/\/www.christiegrey.com\/es\/producto\/montajes-de-torreta-de-caucho\/"]}]},{"@type":"ImageObject","inLanguage":"es","@id":"https:\/\/www.christiegrey.com\/es\/producto\/montajes-de-torreta-de-caucho\/#primaryimage","url":"https:\/\/www.christiegrey.com\/wp-content\/uploads\/2025\/12\/turret_group.png","contentUrl":"https:\/\/www.christiegrey.com\/wp-content\/uploads\/2025\/12\/turret_group.png","width":625,"height":625,"caption":"Rubber Turret Mountings"},{"@type":"BreadcrumbList","@id":"https:\/\/www.christiegrey.com\/es\/producto\/montajes-de-torreta-de-caucho\/#breadcrumb","itemListElement":[{"@type":"ListItem","position":1,"name":"Inicio","item":"https:\/\/www.christiegrey.com\/es\/"},{"@type":"ListItem","position":2,"name":"Nuestros productos","item":"https:\/\/www.christiegrey.com\/es\/tienda\/"},{"@type":"ListItem","position":3,"name":"Montajes de torreta de caucho"}]},{"@type":"WebSite","@id":"https:\/\/www.christiegrey.com\/#website","url":"https:\/\/www.christiegrey.com\/","name":"Christie & Grey","description":"","publisher":{"@id":"https:\/\/www.christiegrey.com\/#organization"},"potentialAction":[{"@type":"SearchAction","target":{"@type":"EntryPoint","urlTemplate":"https:\/\/www.christiegrey.com\/?s={search_term_string}"},"query-input":{"@type":"PropertyValueSpecification","valueRequired":true,"valueName":"search_term_string"}}],"inLanguage":"es"},{"@type":"Organization","@id":"https:\/\/www.christiegrey.com\/#organization","name":"Christie & Grey","url":"https:\/\/www.christiegrey.com\/","logo":{"@type":"ImageObject","inLanguage":"es","@id":"https:\/\/www.christiegrey.com\/#\/schema\/logo\/image\/","url":"https:\/\/www.christiegrey.com\/wp-content\/uploads\/2026\/02\/cropped-logo-scaled-1.png","contentUrl":"https:\/\/www.christiegrey.com\/wp-content\/uploads\/2026\/02\/cropped-logo-scaled-1.png","width":250,"height":90,"caption":"Christie & Grey"},"image":{"@id":"https:\/\/www.christiegrey.com\/#\/schema\/logo\/image\/"},"sameAs":["https:\/\/www.facebook.com\/christieandgreylimited","https:\/\/x.com\/christiegreyltd"]}]}},"_links":{"self":[{"href":"https:\/\/www.christiegrey.com\/es\/wp-json\/wp\/v2\/product\/4273","targetHints":{"allow":["GET"]}}],"collection":[{"href":"https:\/\/www.christiegrey.com\/es\/wp-json\/wp\/v2\/product"}],"about":[{"href":"https:\/\/www.christiegrey.com\/es\/wp-json\/wp\/v2\/types\/product"}],"replies":[{"embeddable":true,"href":"https:\/\/www.christiegrey.com\/es\/wp-json\/wp\/v2\/comments?post=4273"}],"wp:featuredmedia":[{"embeddable":true,"href":"https:\/\/www.christiegrey.com\/es\/wp-json\/wp\/v2\/media\/1038"}],"wp:attachment":[{"href":"https:\/\/www.christiegrey.com\/es\/wp-json\/wp\/v2\/media?parent=4273"}],"wp:term":[{"taxonomy":"product_brand","embeddable":true,"href":"https:\/\/www.christiegrey.com\/es\/wp-json\/wp\/v2\/product_brand?post=4273"},{"taxonomy":"product_cat","embeddable":true,"href":"https:\/\/www.christiegrey.com\/es\/wp-json\/wp\/v2\/product_cat?post=4273"},{"taxonomy":"product_tag","embeddable":true,"href":"https:\/\/www.christiegrey.com\/es\/wp-json\/wp\/v2\/product_tag?post=4273"}],"curies":[{"name":"wp","href":"https:\/\/api.w.org\/{rel}","templated":true}]}}