{"id":4270,"date":"2025-12-25T13:54:59","date_gmt":"2025-12-25T13:54:59","guid":{"rendered":"https:\/\/www.christiegrey.com\/product\/marcos-de-vertido-de-inercia\/"},"modified":"2025-12-25T13:54:59","modified_gmt":"2025-12-25T13:54:59","slug":"marcos-de-vertido-de-inercia","status":"publish","type":"product","link":"https:\/\/www.christiegrey.com\/es\/producto\/marcos-de-vertido-de-inercia\/","title":{"rendered":"Marcos de vertido de inercia"},"content":{"rendered":"<p>Los Marcos de Vertido de Inercia se han desarrollado para su uso con m\u00e1quinas que producen altos niveles de vibraci\u00f3n, que est\u00e1n sometidas a fuerzas externas o simplemente son inestables cuando se montan directamente sobre muelles o montajes de goma.<\/p>\n<p>El uso de estructuras de acero rellenas de hormig\u00f3n tipo IPF permite el uso de sistemas de montaje de alta deflexi\u00f3n y baja rigidez, proporcionando un aislamiento de vibraciones extremadamente alto sin movimiento excesivo.<\/p>\n","protected":false},"excerpt":{"rendered":"<p>Tipo IPF<\/p>\n","protected":false},"featured_media":1040,"comment_status":"open","ping_status":"closed","template":"","meta":{"_acf_changed":false},"product_brand":[],"product_cat":[131,114,132,113,129,130],"product_tag":[],"class_list":{"0":"post-4270","1":"product","2":"type-product","3":"status-publish","4":"has-post-thumbnail","6":"product_cat-bombas-compresores-y-enfriadores","7":"product_cat-productos-acusticos-para-techos","8":"product_cat-productos-de-pared-acustica","9":"product_cat-soluciones-de-construccion","10":"product_cat-soluciones-industriales","11":"product_cat-ventiladores-y-unidades-de-manipulacion-de-aire","13":"first","14":"instock","15":"shipping-taxable","16":"purchasable","17":"product-type-simple"},"acf":[],"yoast_head":"<!-- This site is optimized with the Yoast SEO plugin v27.0 - https:\/\/yoast.com\/product\/yoast-seo-wordpress\/ -->\n<title>Chasis de vertido de inercia (tipo IPF) para un alto aislamiento de vibraciones<\/title>\n<meta name=\"description\" content=\"Los bastidores de vertido por inercia utilizan acero relleno de hormig\u00f3n para proporcionar un alto aislamiento de vibraciones en m\u00e1quinas con altas vibraciones o condiciones de montaje inestables.\" \/>\n<meta name=\"robots\" content=\"index, follow, max-snippet:-1, max-image-preview:large, max-video-preview:-1\" \/>\n<link rel=\"canonical\" href=\"https:\/\/www.christiegrey.com\/es\/producto\/marcos-de-vertido-de-inercia\/\" \/>\n<meta property=\"og:locale\" content=\"es_ES\" \/>\n<meta property=\"og:type\" content=\"article\" \/>\n<meta property=\"og:title\" content=\"Chasis de vertido de inercia (tipo IPF) para un alto aislamiento de vibraciones\" \/>\n<meta property=\"og:description\" content=\"Los bastidores de vertido por inercia utilizan acero relleno de hormig\u00f3n para proporcionar un alto aislamiento de vibraciones en m\u00e1quinas con altas vibraciones o condiciones de montaje inestables.\" \/>\n<meta property=\"og:url\" content=\"https:\/\/www.christiegrey.com\/es\/producto\/marcos-de-vertido-de-inercia\/\" \/>\n<meta property=\"article:publisher\" content=\"https:\/\/www.facebook.com\/christieandgreylimited\" \/>\n<meta property=\"og:image\" content=\"https:\/\/www.christiegrey.com\/wp-content\/uploads\/2025\/12\/ipf_365_365.jpg\" \/>\n\t<meta property=\"og:image:width\" content=\"365\" \/>\n\t<meta property=\"og:image:height\" content=\"365\" \/>\n\t<meta property=\"og:image:type\" content=\"image\/jpeg\" \/>\n<meta name=\"twitter:card\" content=\"summary_large_image\" \/>\n<meta name=\"twitter:site\" content=\"@christiegreyltd\" \/>\n<script type=\"application\/ld+json\" class=\"yoast-schema-graph\">{\"@context\":\"https:\/\/schema.org\",\"@graph\":[{\"@type\":\"WebPage\",\"@id\":\"https:\/\/www.christiegrey.com\/es\/producto\/marcos-de-vertido-de-inercia\/\",\"url\":\"https:\/\/www.christiegrey.com\/es\/producto\/marcos-de-vertido-de-inercia\/\",\"name\":\"Chasis de vertido de inercia (tipo IPF) para un alto aislamiento de vibraciones\",\"isPartOf\":{\"@id\":\"https:\/\/www.christiegrey.com\/#website\"},\"primaryImageOfPage\":{\"@id\":\"https:\/\/www.christiegrey.com\/es\/producto\/marcos-de-vertido-de-inercia\/#primaryimage\"},\"image\":{\"@id\":\"https:\/\/www.christiegrey.com\/es\/producto\/marcos-de-vertido-de-inercia\/#primaryimage\"},\"thumbnailUrl\":\"https:\/\/www.christiegrey.com\/wp-content\/uploads\/2025\/12\/ipf_365_365.jpg\",\"datePublished\":\"2025-12-25T13:54:59+00:00\",\"description\":\"Los bastidores de vertido por inercia utilizan acero relleno de hormig\u00f3n para proporcionar un alto aislamiento de vibraciones en m\u00e1quinas con altas vibraciones o condiciones de montaje inestables.\",\"breadcrumb\":{\"@id\":\"https:\/\/www.christiegrey.com\/es\/producto\/marcos-de-vertido-de-inercia\/#breadcrumb\"},\"inLanguage\":\"es\",\"potentialAction\":[{\"@type\":\"ReadAction\",\"target\":[\"https:\/\/www.christiegrey.com\/es\/producto\/marcos-de-vertido-de-inercia\/\"]}]},{\"@type\":\"ImageObject\",\"inLanguage\":\"es\",\"@id\":\"https:\/\/www.christiegrey.com\/es\/producto\/marcos-de-vertido-de-inercia\/#primaryimage\",\"url\":\"https:\/\/www.christiegrey.com\/wp-content\/uploads\/2025\/12\/ipf_365_365.jpg\",\"contentUrl\":\"https:\/\/www.christiegrey.com\/wp-content\/uploads\/2025\/12\/ipf_365_365.jpg\",\"width\":365,\"height\":365,\"caption\":\"Type IPF concrete pouring frames\"},{\"@type\":\"BreadcrumbList\",\"@id\":\"https:\/\/www.christiegrey.com\/es\/producto\/marcos-de-vertido-de-inercia\/#breadcrumb\",\"itemListElement\":[{\"@type\":\"ListItem\",\"position\":1,\"name\":\"Inicio\",\"item\":\"https:\/\/www.christiegrey.com\/es\/\"},{\"@type\":\"ListItem\",\"position\":2,\"name\":\"Nuestros productos\",\"item\":\"https:\/\/www.christiegrey.com\/es\/tienda\/\"},{\"@type\":\"ListItem\",\"position\":3,\"name\":\"Marcos de vertido de inercia\"}]},{\"@type\":\"WebSite\",\"@id\":\"https:\/\/www.christiegrey.com\/#website\",\"url\":\"https:\/\/www.christiegrey.com\/\",\"name\":\"Christie & Grey\",\"description\":\"\",\"publisher\":{\"@id\":\"https:\/\/www.christiegrey.com\/#organization\"},\"potentialAction\":[{\"@type\":\"SearchAction\",\"target\":{\"@type\":\"EntryPoint\",\"urlTemplate\":\"https:\/\/www.christiegrey.com\/?s={search_term_string}\"},\"query-input\":{\"@type\":\"PropertyValueSpecification\",\"valueRequired\":true,\"valueName\":\"search_term_string\"}}],\"inLanguage\":\"es\"},{\"@type\":\"Organization\",\"@id\":\"https:\/\/www.christiegrey.com\/#organization\",\"name\":\"Christie & Grey\",\"url\":\"https:\/\/www.christiegrey.com\/\",\"logo\":{\"@type\":\"ImageObject\",\"inLanguage\":\"es\",\"@id\":\"https:\/\/www.christiegrey.com\/#\/schema\/logo\/image\/\",\"url\":\"https:\/\/www.christiegrey.com\/wp-content\/uploads\/2026\/02\/cropped-logo-scaled-1.png\",\"contentUrl\":\"https:\/\/www.christiegrey.com\/wp-content\/uploads\/2026\/02\/cropped-logo-scaled-1.png\",\"width\":250,\"height\":90,\"caption\":\"Christie & Grey\"},\"image\":{\"@id\":\"https:\/\/www.christiegrey.com\/#\/schema\/logo\/image\/\"},\"sameAs\":[\"https:\/\/www.facebook.com\/christieandgreylimited\",\"https:\/\/x.com\/christiegreyltd\"]}]}<\/script>\n<!-- \/ Yoast SEO plugin. -->","yoast_head_json":{"title":"Chasis de vertido de inercia (tipo IPF) para un alto aislamiento de vibraciones","description":"Los bastidores de vertido por inercia utilizan acero relleno de hormig\u00f3n para proporcionar un alto aislamiento de vibraciones en m\u00e1quinas con altas vibraciones o condiciones de montaje inestables.","robots":{"index":"index","follow":"follow","max-snippet":"max-snippet:-1","max-image-preview":"max-image-preview:large","max-video-preview":"max-video-preview:-1"},"canonical":"https:\/\/www.christiegrey.com\/es\/producto\/marcos-de-vertido-de-inercia\/","og_locale":"es_ES","og_type":"article","og_title":"Chasis de vertido de inercia (tipo IPF) para un alto aislamiento de vibraciones","og_description":"Los bastidores de vertido por inercia utilizan acero relleno de hormig\u00f3n para proporcionar un alto aislamiento de vibraciones en m\u00e1quinas con altas vibraciones o condiciones de montaje inestables.","og_url":"https:\/\/www.christiegrey.com\/es\/producto\/marcos-de-vertido-de-inercia\/","article_publisher":"https:\/\/www.facebook.com\/christieandgreylimited","og_image":[{"width":365,"height":365,"url":"https:\/\/www.christiegrey.com\/wp-content\/uploads\/2025\/12\/ipf_365_365.jpg","type":"image\/jpeg"}],"twitter_card":"summary_large_image","twitter_site":"@christiegreyltd","schema":{"@context":"https:\/\/schema.org","@graph":[{"@type":"WebPage","@id":"https:\/\/www.christiegrey.com\/es\/producto\/marcos-de-vertido-de-inercia\/","url":"https:\/\/www.christiegrey.com\/es\/producto\/marcos-de-vertido-de-inercia\/","name":"Chasis de vertido de inercia (tipo IPF) para un alto aislamiento de vibraciones","isPartOf":{"@id":"https:\/\/www.christiegrey.com\/#website"},"primaryImageOfPage":{"@id":"https:\/\/www.christiegrey.com\/es\/producto\/marcos-de-vertido-de-inercia\/#primaryimage"},"image":{"@id":"https:\/\/www.christiegrey.com\/es\/producto\/marcos-de-vertido-de-inercia\/#primaryimage"},"thumbnailUrl":"https:\/\/www.christiegrey.com\/wp-content\/uploads\/2025\/12\/ipf_365_365.jpg","datePublished":"2025-12-25T13:54:59+00:00","description":"Los bastidores de vertido por inercia utilizan acero relleno de hormig\u00f3n para proporcionar un alto aislamiento de vibraciones en m\u00e1quinas con altas vibraciones o condiciones de montaje inestables.","breadcrumb":{"@id":"https:\/\/www.christiegrey.com\/es\/producto\/marcos-de-vertido-de-inercia\/#breadcrumb"},"inLanguage":"es","potentialAction":[{"@type":"ReadAction","target":["https:\/\/www.christiegrey.com\/es\/producto\/marcos-de-vertido-de-inercia\/"]}]},{"@type":"ImageObject","inLanguage":"es","@id":"https:\/\/www.christiegrey.com\/es\/producto\/marcos-de-vertido-de-inercia\/#primaryimage","url":"https:\/\/www.christiegrey.com\/wp-content\/uploads\/2025\/12\/ipf_365_365.jpg","contentUrl":"https:\/\/www.christiegrey.com\/wp-content\/uploads\/2025\/12\/ipf_365_365.jpg","width":365,"height":365,"caption":"Type IPF concrete pouring frames"},{"@type":"BreadcrumbList","@id":"https:\/\/www.christiegrey.com\/es\/producto\/marcos-de-vertido-de-inercia\/#breadcrumb","itemListElement":[{"@type":"ListItem","position":1,"name":"Inicio","item":"https:\/\/www.christiegrey.com\/es\/"},{"@type":"ListItem","position":2,"name":"Nuestros productos","item":"https:\/\/www.christiegrey.com\/es\/tienda\/"},{"@type":"ListItem","position":3,"name":"Marcos de vertido de inercia"}]},{"@type":"WebSite","@id":"https:\/\/www.christiegrey.com\/#website","url":"https:\/\/www.christiegrey.com\/","name":"Christie & Grey","description":"","publisher":{"@id":"https:\/\/www.christiegrey.com\/#organization"},"potentialAction":[{"@type":"SearchAction","target":{"@type":"EntryPoint","urlTemplate":"https:\/\/www.christiegrey.com\/?s={search_term_string}"},"query-input":{"@type":"PropertyValueSpecification","valueRequired":true,"valueName":"search_term_string"}}],"inLanguage":"es"},{"@type":"Organization","@id":"https:\/\/www.christiegrey.com\/#organization","name":"Christie & Grey","url":"https:\/\/www.christiegrey.com\/","logo":{"@type":"ImageObject","inLanguage":"es","@id":"https:\/\/www.christiegrey.com\/#\/schema\/logo\/image\/","url":"https:\/\/www.christiegrey.com\/wp-content\/uploads\/2026\/02\/cropped-logo-scaled-1.png","contentUrl":"https:\/\/www.christiegrey.com\/wp-content\/uploads\/2026\/02\/cropped-logo-scaled-1.png","width":250,"height":90,"caption":"Christie & Grey"},"image":{"@id":"https:\/\/www.christiegrey.com\/#\/schema\/logo\/image\/"},"sameAs":["https:\/\/www.facebook.com\/christieandgreylimited","https:\/\/x.com\/christiegreyltd"]}]}},"_links":{"self":[{"href":"https:\/\/www.christiegrey.com\/es\/wp-json\/wp\/v2\/product\/4270","targetHints":{"allow":["GET"]}}],"collection":[{"href":"https:\/\/www.christiegrey.com\/es\/wp-json\/wp\/v2\/product"}],"about":[{"href":"https:\/\/www.christiegrey.com\/es\/wp-json\/wp\/v2\/types\/product"}],"replies":[{"embeddable":true,"href":"https:\/\/www.christiegrey.com\/es\/wp-json\/wp\/v2\/comments?post=4270"}],"wp:featuredmedia":[{"embeddable":true,"href":"https:\/\/www.christiegrey.com\/es\/wp-json\/wp\/v2\/media\/1040"}],"wp:attachment":[{"href":"https:\/\/www.christiegrey.com\/es\/wp-json\/wp\/v2\/media?parent=4270"}],"wp:term":[{"taxonomy":"product_brand","embeddable":true,"href":"https:\/\/www.christiegrey.com\/es\/wp-json\/wp\/v2\/product_brand?post=4270"},{"taxonomy":"product_cat","embeddable":true,"href":"https:\/\/www.christiegrey.com\/es\/wp-json\/wp\/v2\/product_cat?post=4270"},{"taxonomy":"product_tag","embeddable":true,"href":"https:\/\/www.christiegrey.com\/es\/wp-json\/wp\/v2\/product_tag?post=4270"}],"curies":[{"name":"wp","href":"https:\/\/api.w.org\/{rel}","templated":true}]}}