{"id":4267,"date":"2025-12-25T14:11:34","date_gmt":"2025-12-25T14:11:34","guid":{"rendered":"https:\/\/www.christiegrey.com\/product\/sistema-de-riel-de-piso-flotante-acustico-vigas\/"},"modified":"2025-12-25T14:11:34","modified_gmt":"2025-12-25T14:11:34","slug":"sistema-de-riel-de-piso-flotante-acustico-vigas","status":"publish","type":"product","link":"https:\/\/www.christiegrey.com\/es\/producto\/sistema-de-riel-de-piso-flotante-acustico-vigas\/","title":{"rendered":"Sistema de riel de piso flotante ac\u00fastico &#8211; Vigas"},"content":{"rendered":"<p>El principio de soportar dos masas separadas para mejorar significativamente el rendimiento est\u00e1ndar de la ley ac\u00fastica de masas est\u00e1 bien comprendido.<\/p>\n<p>El t\u00e9rmino \u00abPiso Flotante\u00bb es una expresi\u00f3n relativamente nueva que ha ganado popularidad en a\u00f1os m\u00e1s recientes, pero el m\u00e9todo de sostener una estructura de suelo sobre rodamientos resistentes de una losa estructural ha sido aplicado y desarrollado por Christie y Grey a lo largo de gran parte de sus 100 a\u00f1os de historia. Ejemplos de este trabajo que a\u00fan existen datan de principios de los a\u00f1os 60. <\/p>\n<p>El desarrollo de materiales estructurales ha permitido a arquitectos e ingenieros aprovechar cada vez m\u00e1s estructuras ligeras en los dise\u00f1os modernos de edificios. Esto ha puesto de manifiesto la necesidad de considerar cuidadosamente las caracter\u00edsticas de p\u00e9rdida por ruido, choque y vibraci\u00f3n de estas estructuras. <\/p>\n<p>En particular, en edificios altos, la proximidad de zonas \u00abruidosas o altas\u00bb y \u00absilenciosas o cr\u00edticas\u00bb aumenta significativamente el potencial de uso de materiales ac\u00fasticos y de aislamiento de vibraciones, incluidos suelos flotantes.<\/p>\n<p>Por ejemplo, podr\u00eda ser necesario aislar una sala de plantas de las oficinas inferiores, reducir el ruido externo como la penetraci\u00f3n de aviones a baja altura en el tejado de un edificio o disminuir la transmisi\u00f3n del ruido de impacto de pisadas de un apartamento a otro abajo.<\/p>\n<p>Los Sistemas de Suelo Flotante Ac\u00fastico SRS se han utilizado con \u00e9xito en aplicaciones como salas de plantas, oficinas, bloques de apartamentos prestigiosos, estudios de televisi\u00f3n, radio y grabaci\u00f3n, cines, salas de conciertos y salas de audiometr\u00eda.<\/p>\n","protected":false},"excerpt":{"rendered":"<p>Tipo SRS<\/p>\n","protected":false},"featured_media":1053,"comment_status":"open","ping_status":"closed","template":"","meta":{"_acf_changed":false},"product_brand":[],"product_cat":[113,118],"product_tag":[],"class_list":{"0":"post-4267","1":"product","2":"type-product","3":"status-publish","4":"has-post-thumbnail","6":"product_cat-soluciones-de-construccion","7":"product_cat-suelos-flotantes","9":"first","10":"instock","11":"shipping-taxable","12":"purchasable","13":"product-type-simple"},"acf":[],"yoast_head":"<!-- This site is optimized with the Yoast SEO plugin v27.0 - https:\/\/yoast.com\/product\/yoast-seo-wordpress\/ -->\n<title>Sistema ac\u00fastico de suelo flotante \u2013 ra\u00edles de montantes | Christie Grey<\/title>\n<meta name=\"description\" content=\"El Sistema de Suelo Ac\u00fastico Flotante \u2013 Ra\u00edles de Vigas (Tipo SRS) est\u00e1 dise\u00f1ado para mejorar significativamente el aislamiento ac\u00fastico soportando masas estructurales separadas.\" \/>\n<meta name=\"robots\" content=\"index, follow, max-snippet:-1, max-image-preview:large, max-video-preview:-1\" \/>\n<link rel=\"canonical\" href=\"https:\/\/www.christiegrey.com\/es\/producto\/sistema-de-riel-de-piso-flotante-acustico-vigas\/\" \/>\n<meta property=\"og:locale\" content=\"es_ES\" \/>\n<meta property=\"og:type\" content=\"article\" \/>\n<meta property=\"og:title\" content=\"Sistema ac\u00fastico de suelo flotante \u2013 ra\u00edles de montantes | Christie Grey\" \/>\n<meta property=\"og:description\" content=\"El Sistema de Suelo Ac\u00fastico Flotante \u2013 Ra\u00edles de Vigas (Tipo SRS) est\u00e1 dise\u00f1ado para mejorar significativamente el aislamiento ac\u00fastico soportando masas estructurales separadas.\" \/>\n<meta property=\"og:url\" content=\"https:\/\/www.christiegrey.com\/es\/producto\/sistema-de-riel-de-piso-flotante-acustico-vigas\/\" \/>\n<meta property=\"article:publisher\" content=\"https:\/\/www.facebook.com\/christieandgreylimited\" \/>\n<meta property=\"og:image\" content=\"https:\/\/www.christiegrey.com\/wp-content\/uploads\/2025\/12\/srs-floor_365_365.jpg\" \/>\n\t<meta property=\"og:image:width\" content=\"365\" \/>\n\t<meta property=\"og:image:height\" content=\"365\" \/>\n\t<meta property=\"og:image:type\" content=\"image\/jpeg\" \/>\n<meta name=\"twitter:card\" content=\"summary_large_image\" \/>\n<meta name=\"twitter:site\" content=\"@christiegreyltd\" \/>\n<meta name=\"twitter:label1\" content=\"Tiempo de lectura\" \/>\n\t<meta name=\"twitter:data1\" content=\"1 minuto\" \/>\n<script type=\"application\/ld+json\" class=\"yoast-schema-graph\">{\"@context\":\"https:\/\/schema.org\",\"@graph\":[{\"@type\":\"WebPage\",\"@id\":\"https:\/\/www.christiegrey.com\/es\/producto\/sistema-de-riel-de-piso-flotante-acustico-vigas\/\",\"url\":\"https:\/\/www.christiegrey.com\/es\/producto\/sistema-de-riel-de-piso-flotante-acustico-vigas\/\",\"name\":\"Sistema ac\u00fastico de suelo flotante \u2013 ra\u00edles de montantes | Christie Grey\",\"isPartOf\":{\"@id\":\"https:\/\/www.christiegrey.com\/#website\"},\"primaryImageOfPage\":{\"@id\":\"https:\/\/www.christiegrey.com\/es\/producto\/sistema-de-riel-de-piso-flotante-acustico-vigas\/#primaryimage\"},\"image\":{\"@id\":\"https:\/\/www.christiegrey.com\/es\/producto\/sistema-de-riel-de-piso-flotante-acustico-vigas\/#primaryimage\"},\"thumbnailUrl\":\"https:\/\/www.christiegrey.com\/wp-content\/uploads\/2025\/12\/srs-floor_365_365.jpg\",\"datePublished\":\"2025-12-25T14:11:34+00:00\",\"description\":\"El Sistema de Suelo Ac\u00fastico Flotante \u2013 Ra\u00edles de Vigas (Tipo SRS) est\u00e1 dise\u00f1ado para mejorar significativamente el aislamiento ac\u00fastico soportando masas estructurales separadas.\",\"breadcrumb\":{\"@id\":\"https:\/\/www.christiegrey.com\/es\/producto\/sistema-de-riel-de-piso-flotante-acustico-vigas\/#breadcrumb\"},\"inLanguage\":\"es\",\"potentialAction\":[{\"@type\":\"ReadAction\",\"target\":[\"https:\/\/www.christiegrey.com\/es\/producto\/sistema-de-riel-de-piso-flotante-acustico-vigas\/\"]}]},{\"@type\":\"ImageObject\",\"inLanguage\":\"es\",\"@id\":\"https:\/\/www.christiegrey.com\/es\/producto\/sistema-de-riel-de-piso-flotante-acustico-vigas\/#primaryimage\",\"url\":\"https:\/\/www.christiegrey.com\/wp-content\/uploads\/2025\/12\/srs-floor_365_365.jpg\",\"contentUrl\":\"https:\/\/www.christiegrey.com\/wp-content\/uploads\/2025\/12\/srs-floor_365_365.jpg\",\"width\":365,\"height\":365,\"caption\":\"Acoustic Floating Floor - Stud Rail System\"},{\"@type\":\"BreadcrumbList\",\"@id\":\"https:\/\/www.christiegrey.com\/es\/producto\/sistema-de-riel-de-piso-flotante-acustico-vigas\/#breadcrumb\",\"itemListElement\":[{\"@type\":\"ListItem\",\"position\":1,\"name\":\"Inicio\",\"item\":\"https:\/\/www.christiegrey.com\/es\/\"},{\"@type\":\"ListItem\",\"position\":2,\"name\":\"Nuestros productos\",\"item\":\"https:\/\/www.christiegrey.com\/es\/tienda\/\"},{\"@type\":\"ListItem\",\"position\":3,\"name\":\"Sistema de riel de piso flotante ac\u00fastico &#8211; Vigas\"}]},{\"@type\":\"WebSite\",\"@id\":\"https:\/\/www.christiegrey.com\/#website\",\"url\":\"https:\/\/www.christiegrey.com\/\",\"name\":\"Christie & Grey\",\"description\":\"\",\"publisher\":{\"@id\":\"https:\/\/www.christiegrey.com\/#organization\"},\"potentialAction\":[{\"@type\":\"SearchAction\",\"target\":{\"@type\":\"EntryPoint\",\"urlTemplate\":\"https:\/\/www.christiegrey.com\/?s={search_term_string}\"},\"query-input\":{\"@type\":\"PropertyValueSpecification\",\"valueRequired\":true,\"valueName\":\"search_term_string\"}}],\"inLanguage\":\"es\"},{\"@type\":\"Organization\",\"@id\":\"https:\/\/www.christiegrey.com\/#organization\",\"name\":\"Christie & Grey\",\"url\":\"https:\/\/www.christiegrey.com\/\",\"logo\":{\"@type\":\"ImageObject\",\"inLanguage\":\"es\",\"@id\":\"https:\/\/www.christiegrey.com\/#\/schema\/logo\/image\/\",\"url\":\"https:\/\/www.christiegrey.com\/wp-content\/uploads\/2026\/02\/cropped-logo-scaled-1.png\",\"contentUrl\":\"https:\/\/www.christiegrey.com\/wp-content\/uploads\/2026\/02\/cropped-logo-scaled-1.png\",\"width\":250,\"height\":90,\"caption\":\"Christie & Grey\"},\"image\":{\"@id\":\"https:\/\/www.christiegrey.com\/#\/schema\/logo\/image\/\"},\"sameAs\":[\"https:\/\/www.facebook.com\/christieandgreylimited\",\"https:\/\/x.com\/christiegreyltd\"]}]}<\/script>\n<!-- \/ Yoast SEO plugin. -->","yoast_head_json":{"title":"Sistema ac\u00fastico de suelo flotante \u2013 ra\u00edles de montantes | Christie Grey","description":"El Sistema de Suelo Ac\u00fastico Flotante \u2013 Ra\u00edles de Vigas (Tipo SRS) est\u00e1 dise\u00f1ado para mejorar significativamente el aislamiento ac\u00fastico soportando masas estructurales separadas.","robots":{"index":"index","follow":"follow","max-snippet":"max-snippet:-1","max-image-preview":"max-image-preview:large","max-video-preview":"max-video-preview:-1"},"canonical":"https:\/\/www.christiegrey.com\/es\/producto\/sistema-de-riel-de-piso-flotante-acustico-vigas\/","og_locale":"es_ES","og_type":"article","og_title":"Sistema ac\u00fastico de suelo flotante \u2013 ra\u00edles de montantes | Christie Grey","og_description":"El Sistema de Suelo Ac\u00fastico Flotante \u2013 Ra\u00edles de Vigas (Tipo SRS) est\u00e1 dise\u00f1ado para mejorar significativamente el aislamiento ac\u00fastico soportando masas estructurales separadas.","og_url":"https:\/\/www.christiegrey.com\/es\/producto\/sistema-de-riel-de-piso-flotante-acustico-vigas\/","article_publisher":"https:\/\/www.facebook.com\/christieandgreylimited","og_image":[{"width":365,"height":365,"url":"https:\/\/www.christiegrey.com\/wp-content\/uploads\/2025\/12\/srs-floor_365_365.jpg","type":"image\/jpeg"}],"twitter_card":"summary_large_image","twitter_site":"@christiegreyltd","twitter_misc":{"Tiempo de lectura":"1 minuto"},"schema":{"@context":"https:\/\/schema.org","@graph":[{"@type":"WebPage","@id":"https:\/\/www.christiegrey.com\/es\/producto\/sistema-de-riel-de-piso-flotante-acustico-vigas\/","url":"https:\/\/www.christiegrey.com\/es\/producto\/sistema-de-riel-de-piso-flotante-acustico-vigas\/","name":"Sistema ac\u00fastico de suelo flotante \u2013 ra\u00edles de montantes | Christie Grey","isPartOf":{"@id":"https:\/\/www.christiegrey.com\/#website"},"primaryImageOfPage":{"@id":"https:\/\/www.christiegrey.com\/es\/producto\/sistema-de-riel-de-piso-flotante-acustico-vigas\/#primaryimage"},"image":{"@id":"https:\/\/www.christiegrey.com\/es\/producto\/sistema-de-riel-de-piso-flotante-acustico-vigas\/#primaryimage"},"thumbnailUrl":"https:\/\/www.christiegrey.com\/wp-content\/uploads\/2025\/12\/srs-floor_365_365.jpg","datePublished":"2025-12-25T14:11:34+00:00","description":"El Sistema de Suelo Ac\u00fastico Flotante \u2013 Ra\u00edles de Vigas (Tipo SRS) est\u00e1 dise\u00f1ado para mejorar significativamente el aislamiento ac\u00fastico soportando masas estructurales separadas.","breadcrumb":{"@id":"https:\/\/www.christiegrey.com\/es\/producto\/sistema-de-riel-de-piso-flotante-acustico-vigas\/#breadcrumb"},"inLanguage":"es","potentialAction":[{"@type":"ReadAction","target":["https:\/\/www.christiegrey.com\/es\/producto\/sistema-de-riel-de-piso-flotante-acustico-vigas\/"]}]},{"@type":"ImageObject","inLanguage":"es","@id":"https:\/\/www.christiegrey.com\/es\/producto\/sistema-de-riel-de-piso-flotante-acustico-vigas\/#primaryimage","url":"https:\/\/www.christiegrey.com\/wp-content\/uploads\/2025\/12\/srs-floor_365_365.jpg","contentUrl":"https:\/\/www.christiegrey.com\/wp-content\/uploads\/2025\/12\/srs-floor_365_365.jpg","width":365,"height":365,"caption":"Acoustic Floating Floor - Stud Rail System"},{"@type":"BreadcrumbList","@id":"https:\/\/www.christiegrey.com\/es\/producto\/sistema-de-riel-de-piso-flotante-acustico-vigas\/#breadcrumb","itemListElement":[{"@type":"ListItem","position":1,"name":"Inicio","item":"https:\/\/www.christiegrey.com\/es\/"},{"@type":"ListItem","position":2,"name":"Nuestros productos","item":"https:\/\/www.christiegrey.com\/es\/tienda\/"},{"@type":"ListItem","position":3,"name":"Sistema de riel de piso flotante ac\u00fastico &#8211; Vigas"}]},{"@type":"WebSite","@id":"https:\/\/www.christiegrey.com\/#website","url":"https:\/\/www.christiegrey.com\/","name":"Christie & Grey","description":"","publisher":{"@id":"https:\/\/www.christiegrey.com\/#organization"},"potentialAction":[{"@type":"SearchAction","target":{"@type":"EntryPoint","urlTemplate":"https:\/\/www.christiegrey.com\/?s={search_term_string}"},"query-input":{"@type":"PropertyValueSpecification","valueRequired":true,"valueName":"search_term_string"}}],"inLanguage":"es"},{"@type":"Organization","@id":"https:\/\/www.christiegrey.com\/#organization","name":"Christie & Grey","url":"https:\/\/www.christiegrey.com\/","logo":{"@type":"ImageObject","inLanguage":"es","@id":"https:\/\/www.christiegrey.com\/#\/schema\/logo\/image\/","url":"https:\/\/www.christiegrey.com\/wp-content\/uploads\/2026\/02\/cropped-logo-scaled-1.png","contentUrl":"https:\/\/www.christiegrey.com\/wp-content\/uploads\/2026\/02\/cropped-logo-scaled-1.png","width":250,"height":90,"caption":"Christie & Grey"},"image":{"@id":"https:\/\/www.christiegrey.com\/#\/schema\/logo\/image\/"},"sameAs":["https:\/\/www.facebook.com\/christieandgreylimited","https:\/\/x.com\/christiegreyltd"]}]}},"_links":{"self":[{"href":"https:\/\/www.christiegrey.com\/es\/wp-json\/wp\/v2\/product\/4267","targetHints":{"allow":["GET"]}}],"collection":[{"href":"https:\/\/www.christiegrey.com\/es\/wp-json\/wp\/v2\/product"}],"about":[{"href":"https:\/\/www.christiegrey.com\/es\/wp-json\/wp\/v2\/types\/product"}],"replies":[{"embeddable":true,"href":"https:\/\/www.christiegrey.com\/es\/wp-json\/wp\/v2\/comments?post=4267"}],"wp:featuredmedia":[{"embeddable":true,"href":"https:\/\/www.christiegrey.com\/es\/wp-json\/wp\/v2\/media\/1053"}],"wp:attachment":[{"href":"https:\/\/www.christiegrey.com\/es\/wp-json\/wp\/v2\/media?parent=4267"}],"wp:term":[{"taxonomy":"product_brand","embeddable":true,"href":"https:\/\/www.christiegrey.com\/es\/wp-json\/wp\/v2\/product_brand?post=4267"},{"taxonomy":"product_cat","embeddable":true,"href":"https:\/\/www.christiegrey.com\/es\/wp-json\/wp\/v2\/product_cat?post=4267"},{"taxonomy":"product_tag","embeddable":true,"href":"https:\/\/www.christiegrey.com\/es\/wp-json\/wp\/v2\/product_tag?post=4267"}],"curies":[{"name":"wp","href":"https:\/\/api.w.org\/{rel}","templated":true}]}}