{"id":4252,"date":"2025-12-25T14:15:49","date_gmt":"2025-12-25T14:15:49","guid":{"rendered":"https:\/\/www.christiegrey.com\/product\/tapetes-y-almohadillas-studflex\/"},"modified":"2025-12-25T14:15:49","modified_gmt":"2025-12-25T14:15:49","slug":"tapetes-y-almohadillas-studflex","status":"publish","type":"product","link":"https:\/\/www.christiegrey.com\/es\/producto\/tapetes-y-almohadillas-studflex\/","title":{"rendered":"Tapetes y almohadillas Studflex"},"content":{"rendered":"<p>Este dise\u00f1o l\u00edder en el mercado es el producto de aislamiento de \u00e1reas m\u00e1s adaptable y eficaz disponible.<\/p>\n<p>Es capaz de proteger edificios enteros de las vibraciones ferroviarias, mientras que las plataformas de secciones m\u00e1s peque\u00f1as pueden usarse para aislar las plantas de aire acondicionado de edificios.<\/p>\n<p>Las alfombrillas de aislamiento Studflex se fabrican utilizando una gama de compuestos de caucho natural de primera calidad hasta la norma BS5176 y est\u00e1n disponibles en dise\u00f1o de pernos s\u00f3lidos o huecos para cubrir una amplia gama de cargas aplicadas.<\/p>\n<p>Una caracter\u00edstica \u00fanica del dise\u00f1o Studflex son los segmentos moldeados que permiten cortar la alfombra a mano en almohadillas individuales, ideales para colocarse directamente bajo los pies de la m\u00e1quina o los marcos de la base.<\/p>\n","protected":false},"excerpt":{"rendered":"<p>Este dise\u00f1o l\u00edder en el mercado es el producto de aislamiento de \u00e1reas m\u00e1s adaptable y eficaz disponible. Es capaz de proteger edificios enteros de las vibraciones ferroviarias, mientras que las plataformas de secciones m\u00e1s peque\u00f1as pueden usarse para aislar las plantas de aire acondicionado de edificios. Las alfombrillas de aislamiento Studflex se fabrican utilizando&hellip;<\/p>\n","protected":false},"featured_media":1069,"comment_status":"open","ping_status":"closed","template":"","meta":{"_acf_changed":false},"product_brand":[],"product_cat":[113,118],"product_tag":[],"class_list":{"0":"post-4252","1":"product","2":"type-product","3":"status-publish","4":"has-post-thumbnail","6":"product_cat-soluciones-de-construccion","7":"product_cat-suelos-flotantes","9":"first","10":"instock","11":"shipping-taxable","12":"purchasable","13":"product-type-simple"},"acf":[],"yoast_head":"<!-- This site is optimized with the Yoast SEO plugin v27.0 - https:\/\/yoast.com\/product\/yoast-seo-wordpress\/ -->\n<title>Tapetes y almohadillas Studflex | Soluciones Avanzadas de Aislamiento de Vibraciones<\/title>\n<meta name=\"description\" content=\"Las alfombrillas y pastillas Studflex ofrecen un aislamiento fiable de vibraciones para edificios y maquinaria, utilizando caucho natural de alta calidad para reducir el desgaste ferroviario\" \/>\n<meta name=\"robots\" content=\"index, follow, max-snippet:-1, max-image-preview:large, max-video-preview:-1\" \/>\n<link rel=\"canonical\" href=\"https:\/\/www.christiegrey.com\/es\/producto\/tapetes-y-almohadillas-studflex\/\" \/>\n<meta property=\"og:locale\" content=\"es_ES\" \/>\n<meta property=\"og:type\" content=\"article\" \/>\n<meta property=\"og:title\" content=\"Tapetes y almohadillas Studflex | Soluciones Avanzadas de Aislamiento de Vibraciones\" \/>\n<meta property=\"og:description\" content=\"Las alfombrillas y pastillas Studflex ofrecen un aislamiento fiable de vibraciones para edificios y maquinaria, utilizando caucho natural de alta calidad para reducir el desgaste ferroviario\" \/>\n<meta property=\"og:url\" content=\"https:\/\/www.christiegrey.com\/es\/producto\/tapetes-y-almohadillas-studflex\/\" \/>\n<meta property=\"article:publisher\" content=\"https:\/\/www.facebook.com\/christieandgreylimited\" \/>\n<meta property=\"og:image\" content=\"https:\/\/www.christiegrey.com\/wp-content\/uploads\/2025\/12\/studflex_mat.png\" \/>\n\t<meta property=\"og:image:width\" content=\"300\" \/>\n\t<meta property=\"og:image:height\" content=\"300\" \/>\n\t<meta property=\"og:image:type\" content=\"image\/png\" \/>\n<meta name=\"twitter:card\" content=\"summary_large_image\" \/>\n<meta name=\"twitter:site\" content=\"@christiegreyltd\" \/>\n<meta name=\"twitter:label1\" content=\"Tiempo de lectura\" \/>\n\t<meta name=\"twitter:data1\" content=\"1 minuto\" \/>\n<script type=\"application\/ld+json\" class=\"yoast-schema-graph\">{\"@context\":\"https:\/\/schema.org\",\"@graph\":[{\"@type\":\"WebPage\",\"@id\":\"https:\/\/www.christiegrey.com\/es\/producto\/tapetes-y-almohadillas-studflex\/\",\"url\":\"https:\/\/www.christiegrey.com\/es\/producto\/tapetes-y-almohadillas-studflex\/\",\"name\":\"Tapetes y almohadillas Studflex | Soluciones Avanzadas de Aislamiento de Vibraciones\",\"isPartOf\":{\"@id\":\"https:\/\/www.christiegrey.com\/#website\"},\"primaryImageOfPage\":{\"@id\":\"https:\/\/www.christiegrey.com\/es\/producto\/tapetes-y-almohadillas-studflex\/#primaryimage\"},\"image\":{\"@id\":\"https:\/\/www.christiegrey.com\/es\/producto\/tapetes-y-almohadillas-studflex\/#primaryimage\"},\"thumbnailUrl\":\"https:\/\/www.christiegrey.com\/wp-content\/uploads\/2025\/12\/studflex_mat.png\",\"datePublished\":\"2025-12-25T14:15:49+00:00\",\"description\":\"Las alfombrillas y pastillas Studflex ofrecen un aislamiento fiable de vibraciones para edificios y maquinaria, utilizando caucho natural de alta calidad para reducir el desgaste ferroviario\",\"breadcrumb\":{\"@id\":\"https:\/\/www.christiegrey.com\/es\/producto\/tapetes-y-almohadillas-studflex\/#breadcrumb\"},\"inLanguage\":\"es\",\"potentialAction\":[{\"@type\":\"ReadAction\",\"target\":[\"https:\/\/www.christiegrey.com\/es\/producto\/tapetes-y-almohadillas-studflex\/\"]}]},{\"@type\":\"ImageObject\",\"inLanguage\":\"es\",\"@id\":\"https:\/\/www.christiegrey.com\/es\/producto\/tapetes-y-almohadillas-studflex\/#primaryimage\",\"url\":\"https:\/\/www.christiegrey.com\/wp-content\/uploads\/2025\/12\/studflex_mat.png\",\"contentUrl\":\"https:\/\/www.christiegrey.com\/wp-content\/uploads\/2025\/12\/studflex_mat.png\",\"width\":300,\"height\":300,\"caption\":\"Studflex anti-vibration pads\"},{\"@type\":\"BreadcrumbList\",\"@id\":\"https:\/\/www.christiegrey.com\/es\/producto\/tapetes-y-almohadillas-studflex\/#breadcrumb\",\"itemListElement\":[{\"@type\":\"ListItem\",\"position\":1,\"name\":\"Inicio\",\"item\":\"https:\/\/www.christiegrey.com\/es\/\"},{\"@type\":\"ListItem\",\"position\":2,\"name\":\"Nuestros productos\",\"item\":\"https:\/\/www.christiegrey.com\/es\/tienda\/\"},{\"@type\":\"ListItem\",\"position\":3,\"name\":\"Tapetes y almohadillas Studflex\"}]},{\"@type\":\"WebSite\",\"@id\":\"https:\/\/www.christiegrey.com\/#website\",\"url\":\"https:\/\/www.christiegrey.com\/\",\"name\":\"Christie & Grey\",\"description\":\"\",\"publisher\":{\"@id\":\"https:\/\/www.christiegrey.com\/#organization\"},\"potentialAction\":[{\"@type\":\"SearchAction\",\"target\":{\"@type\":\"EntryPoint\",\"urlTemplate\":\"https:\/\/www.christiegrey.com\/?s={search_term_string}\"},\"query-input\":{\"@type\":\"PropertyValueSpecification\",\"valueRequired\":true,\"valueName\":\"search_term_string\"}}],\"inLanguage\":\"es\"},{\"@type\":\"Organization\",\"@id\":\"https:\/\/www.christiegrey.com\/#organization\",\"name\":\"Christie & Grey\",\"url\":\"https:\/\/www.christiegrey.com\/\",\"logo\":{\"@type\":\"ImageObject\",\"inLanguage\":\"es\",\"@id\":\"https:\/\/www.christiegrey.com\/#\/schema\/logo\/image\/\",\"url\":\"https:\/\/www.christiegrey.com\/wp-content\/uploads\/2026\/02\/cropped-logo-scaled-1.png\",\"contentUrl\":\"https:\/\/www.christiegrey.com\/wp-content\/uploads\/2026\/02\/cropped-logo-scaled-1.png\",\"width\":250,\"height\":90,\"caption\":\"Christie & Grey\"},\"image\":{\"@id\":\"https:\/\/www.christiegrey.com\/#\/schema\/logo\/image\/\"},\"sameAs\":[\"https:\/\/www.facebook.com\/christieandgreylimited\",\"https:\/\/x.com\/christiegreyltd\"]}]}<\/script>\n<!-- \/ Yoast SEO plugin. -->","yoast_head_json":{"title":"Tapetes y almohadillas Studflex | Soluciones Avanzadas de Aislamiento de Vibraciones","description":"Las alfombrillas y pastillas Studflex ofrecen un aislamiento fiable de vibraciones para edificios y maquinaria, utilizando caucho natural de alta calidad para reducir el desgaste ferroviario","robots":{"index":"index","follow":"follow","max-snippet":"max-snippet:-1","max-image-preview":"max-image-preview:large","max-video-preview":"max-video-preview:-1"},"canonical":"https:\/\/www.christiegrey.com\/es\/producto\/tapetes-y-almohadillas-studflex\/","og_locale":"es_ES","og_type":"article","og_title":"Tapetes y almohadillas Studflex | Soluciones Avanzadas de Aislamiento de Vibraciones","og_description":"Las alfombrillas y pastillas Studflex ofrecen un aislamiento fiable de vibraciones para edificios y maquinaria, utilizando caucho natural de alta calidad para reducir el desgaste ferroviario","og_url":"https:\/\/www.christiegrey.com\/es\/producto\/tapetes-y-almohadillas-studflex\/","article_publisher":"https:\/\/www.facebook.com\/christieandgreylimited","og_image":[{"width":300,"height":300,"url":"https:\/\/www.christiegrey.com\/wp-content\/uploads\/2025\/12\/studflex_mat.png","type":"image\/png"}],"twitter_card":"summary_large_image","twitter_site":"@christiegreyltd","twitter_misc":{"Tiempo de lectura":"1 minuto"},"schema":{"@context":"https:\/\/schema.org","@graph":[{"@type":"WebPage","@id":"https:\/\/www.christiegrey.com\/es\/producto\/tapetes-y-almohadillas-studflex\/","url":"https:\/\/www.christiegrey.com\/es\/producto\/tapetes-y-almohadillas-studflex\/","name":"Tapetes y almohadillas Studflex | Soluciones Avanzadas de Aislamiento de Vibraciones","isPartOf":{"@id":"https:\/\/www.christiegrey.com\/#website"},"primaryImageOfPage":{"@id":"https:\/\/www.christiegrey.com\/es\/producto\/tapetes-y-almohadillas-studflex\/#primaryimage"},"image":{"@id":"https:\/\/www.christiegrey.com\/es\/producto\/tapetes-y-almohadillas-studflex\/#primaryimage"},"thumbnailUrl":"https:\/\/www.christiegrey.com\/wp-content\/uploads\/2025\/12\/studflex_mat.png","datePublished":"2025-12-25T14:15:49+00:00","description":"Las alfombrillas y pastillas Studflex ofrecen un aislamiento fiable de vibraciones para edificios y maquinaria, utilizando caucho natural de alta calidad para reducir el desgaste ferroviario","breadcrumb":{"@id":"https:\/\/www.christiegrey.com\/es\/producto\/tapetes-y-almohadillas-studflex\/#breadcrumb"},"inLanguage":"es","potentialAction":[{"@type":"ReadAction","target":["https:\/\/www.christiegrey.com\/es\/producto\/tapetes-y-almohadillas-studflex\/"]}]},{"@type":"ImageObject","inLanguage":"es","@id":"https:\/\/www.christiegrey.com\/es\/producto\/tapetes-y-almohadillas-studflex\/#primaryimage","url":"https:\/\/www.christiegrey.com\/wp-content\/uploads\/2025\/12\/studflex_mat.png","contentUrl":"https:\/\/www.christiegrey.com\/wp-content\/uploads\/2025\/12\/studflex_mat.png","width":300,"height":300,"caption":"Studflex anti-vibration pads"},{"@type":"BreadcrumbList","@id":"https:\/\/www.christiegrey.com\/es\/producto\/tapetes-y-almohadillas-studflex\/#breadcrumb","itemListElement":[{"@type":"ListItem","position":1,"name":"Inicio","item":"https:\/\/www.christiegrey.com\/es\/"},{"@type":"ListItem","position":2,"name":"Nuestros productos","item":"https:\/\/www.christiegrey.com\/es\/tienda\/"},{"@type":"ListItem","position":3,"name":"Tapetes y almohadillas Studflex"}]},{"@type":"WebSite","@id":"https:\/\/www.christiegrey.com\/#website","url":"https:\/\/www.christiegrey.com\/","name":"Christie & Grey","description":"","publisher":{"@id":"https:\/\/www.christiegrey.com\/#organization"},"potentialAction":[{"@type":"SearchAction","target":{"@type":"EntryPoint","urlTemplate":"https:\/\/www.christiegrey.com\/?s={search_term_string}"},"query-input":{"@type":"PropertyValueSpecification","valueRequired":true,"valueName":"search_term_string"}}],"inLanguage":"es"},{"@type":"Organization","@id":"https:\/\/www.christiegrey.com\/#organization","name":"Christie & Grey","url":"https:\/\/www.christiegrey.com\/","logo":{"@type":"ImageObject","inLanguage":"es","@id":"https:\/\/www.christiegrey.com\/#\/schema\/logo\/image\/","url":"https:\/\/www.christiegrey.com\/wp-content\/uploads\/2026\/02\/cropped-logo-scaled-1.png","contentUrl":"https:\/\/www.christiegrey.com\/wp-content\/uploads\/2026\/02\/cropped-logo-scaled-1.png","width":250,"height":90,"caption":"Christie & Grey"},"image":{"@id":"https:\/\/www.christiegrey.com\/#\/schema\/logo\/image\/"},"sameAs":["https:\/\/www.facebook.com\/christieandgreylimited","https:\/\/x.com\/christiegreyltd"]}]}},"_links":{"self":[{"href":"https:\/\/www.christiegrey.com\/es\/wp-json\/wp\/v2\/product\/4252","targetHints":{"allow":["GET"]}}],"collection":[{"href":"https:\/\/www.christiegrey.com\/es\/wp-json\/wp\/v2\/product"}],"about":[{"href":"https:\/\/www.christiegrey.com\/es\/wp-json\/wp\/v2\/types\/product"}],"replies":[{"embeddable":true,"href":"https:\/\/www.christiegrey.com\/es\/wp-json\/wp\/v2\/comments?post=4252"}],"wp:featuredmedia":[{"embeddable":true,"href":"https:\/\/www.christiegrey.com\/es\/wp-json\/wp\/v2\/media\/1069"}],"wp:attachment":[{"href":"https:\/\/www.christiegrey.com\/es\/wp-json\/wp\/v2\/media?parent=4252"}],"wp:term":[{"taxonomy":"product_brand","embeddable":true,"href":"https:\/\/www.christiegrey.com\/es\/wp-json\/wp\/v2\/product_brand?post=4252"},{"taxonomy":"product_cat","embeddable":true,"href":"https:\/\/www.christiegrey.com\/es\/wp-json\/wp\/v2\/product_cat?post=4252"},{"taxonomy":"product_tag","embeddable":true,"href":"https:\/\/www.christiegrey.com\/es\/wp-json\/wp\/v2\/product_tag?post=4252"}],"curies":[{"name":"wp","href":"https:\/\/api.w.org\/{rel}","templated":true}]}}