{"id":5781,"date":"2026-01-17T10:45:41","date_gmt":"2026-01-17T10:45:41","guid":{"rendered":"https:\/\/www.christiegrey.com\/politicas\/"},"modified":"2026-04-02T10:17:08","modified_gmt":"2026-04-02T10:17:08","slug":"politicas","status":"publish","type":"page","link":"https:\/\/www.christiegrey.com\/es\/politicas\/","title":{"rendered":"Pol\u00edticas"},"content":{"rendered":"\t\t<div data-elementor-type=\"wp-post\" data-elementor-id=\"5781\" class=\"elementor elementor-5781 elementor-2764\" data-elementor-post-type=\"page\">\n\t\t\t\t<div class=\"elementor-element elementor-element-78357653 e-flex e-con-boxed e-con e-parent\" data-id=\"78357653\" data-element_type=\"container\" data-e-type=\"container\" id=\"representatives\" data-settings=\"{&quot;background_background&quot;:&quot;classic&quot;}\">\n\t\t\t\t\t<div class=\"e-con-inner\">\n\t\t\t\t<div class=\"elementor-element elementor-element-a87fce1 elementor-widget elementor-widget-spacer\" data-id=\"a87fce1\" data-element_type=\"widget\" data-e-type=\"widget\" data-widget_type=\"spacer.default\">\n\t\t\t\t\t\t\t<div class=\"elementor-spacer\">\n\t\t\t<div class=\"elementor-spacer-inner\"><\/div>\n\t\t<\/div>\n\t\t\t\t\t\t<\/div>\n\t\t\t\t\t<\/div>\n\t\t\t\t<\/div>\n\t\t<div class=\"elementor-element elementor-element-47529ed e-con-full e-flex e-con e-parent\" data-id=\"47529ed\" data-element_type=\"container\" data-e-type=\"container\">\n\t\t\t\t<div class=\"elementor-element elementor-element-c8fe429 elementor-widget elementor-widget-heading\" data-id=\"c8fe429\" data-element_type=\"widget\" data-e-type=\"widget\" data-widget_type=\"heading.default\">\n\t\t\t\t\t<h1 class=\"elementor-heading-title elementor-size-default\">Pol\u00edtica de privacidad<\/h1>\t\t\t\t<\/div>\n\t\t\t\t<div class=\"elementor-element elementor-element-edc8c76 elementor-widget elementor-widget-text-editor\" data-id=\"edc8c76\" data-element_type=\"widget\" data-e-type=\"widget\" data-widget_type=\"text-editor.default\">\n\t\t\t\t\t\t\t\t\t<p>Esta pol\u00edtica explica cu\u00e1ndo y por qu\u00e9 Christie &amp; Grey Ltd necesita recopilar y utilizar cierta informaci\u00f3n sobre individuos, c\u00f3mo la utilizamos y c\u00f3mo la mantenemos segura. Estos pueden incluir clientes, proveedores, contactos comerciales, empleados y otras personas con las que la organizaci\u00f3n tiene relaci\u00f3n o que puede necesitar contactar. <\/p><p>Esta p\u00f3liza garantiza a Christie &amp; Grey Ltd:<br>Cumple con la ley de protecci\u00f3n de datos y sigue buenas pr\u00e1cticas.<br>Protege los derechos del personal, clientes y socios.<br>Es abierto sobre c\u00f3mo almacena y procesa los datos individuales.<br>Se protege de los riesgos de una brecha de datos<\/p><p>Cualquier pregunta sobre esta Pol\u00edtica debe dirigirse por escrito a Christie &amp; Grey Ltd, Morley Road, Tonbridge, Kent TN9 1RA o por correo electr\u00f3nico <a href=\"mailto:media@christiegrey.com\">a media@christiegrey.com<\/a><\/p>\t\t\t\t\t\t\t\t<\/div>\n\t\t\t\t<div class=\"elementor-element elementor-element-332d26e elementor-widget elementor-widget-text-editor\" data-id=\"332d26e\" data-element_type=\"widget\" data-e-type=\"widget\" data-widget_type=\"text-editor.default\">\n\t\t\t\t\t\t\t\t\t<p><strong>\u00bfC\u00f3mo recopilamos tus datos?<\/strong><\/p><p>Nos proporcionas directamente la mayor\u00eda de los datos que recopilamos. Normalmente, recopilamos y procesamos datos cuando t\u00fa: <\/p><p>Haz una consulta sobre cualquiera de nuestros productos o servicios<br>Haz un pedido de nuestros productos o servicios<br>Completar voluntariamente una encuesta a clientes o dar su opini\u00f3n en cualquiera de nuestros foros o correo electr\u00f3nico<br>Utiliza nuestra p\u00e1gina web<br>Reg\u00edstrate online<br>Haz llamadas telef\u00f3nicas\/medios y\/o env\u00eda otra correspondencia.<\/p>\t\t\t\t\t\t\t\t<\/div>\n\t\t\t\t<div class=\"elementor-element elementor-element-390e1a5 elementor-widget elementor-widget-text-editor\" data-id=\"390e1a5\" data-element_type=\"widget\" data-e-type=\"widget\" data-widget_type=\"text-editor.default\">\n\t\t\t\t\t\t\t\t\t<p><strong>\u00bfQu\u00e9 informaci\u00f3n recopilamos?<\/strong><\/p><p>Recopilamos los datos personales necesarios para que podamos realizar nuestros servicios. La informaci\u00f3n t\u00edpica que podr\u00edamos recopilar de ti podr\u00eda incluir: <\/p><p>Tu nombre<br>Nombre de la empresa<br>Direcci\u00f3n postal<br>Direcci\u00f3n de correo electr\u00f3nico<br>N\u00famero de tel\u00e9fono<br>pa\u00eds donde te encuentras<br>Nombre en redes sociales<br>Servicios\/mercados que te interesen<br>Tus comentarios\/preguntas<br>Las \u00e1reas del sitio web que visitas.<\/p><p>Informaci\u00f3n sobre tu ordenador, como qu\u00e9 navegador est\u00e1s utilizando, tu ubicaci\u00f3n en la red, el tipo de conexi\u00f3n que usas y tu direcci\u00f3n IP.<\/p><p>Utilizando cookies, que son peque\u00f1os archivos que nos ayudan a rastrear c\u00f3mo nuestros visitantes utilizan la web y nos permiten entender d\u00f3nde podemos mejorar tu experiencia. Si quieres saber qu\u00e9 cookies utilizamos y la informaci\u00f3n que rastrean, consulta nuestra Pol\u00edtica de Galletes. <\/p>\t\t\t\t\t\t\t\t<\/div>\n\t\t\t\t<div class=\"elementor-element elementor-element-d1e5b9c elementor-widget elementor-widget-text-editor\" data-id=\"d1e5b9c\" data-element_type=\"widget\" data-e-type=\"widget\" data-widget_type=\"text-editor.default\">\n\t\t\t\t\t\t\t\t\t<p><strong>\u00bfC\u00f3mo usaremos tus datos?<\/strong><\/p><p>Nuestra empresa recopila tus datos para los siguientes fines:<\/p><p>Para entender tus necesidades de servicio.<br>Lleva registros internos.<br>Atender las consultas.<br>Para tramitar las \u00f3rdenes que has presentado.<br>Cumple con nuestras obligaciones derivadas de cualquier contrato firmado por ti y por nosotros.<br>Te notificaremos de los cambios en nuestros servicios.<br>Desarrollo de negocio.<br>Desarrolla nuestra p\u00e1gina web.<br>Consulta con agencias de cr\u00e9dito y otros proveedores de informaci\u00f3n de la empresa.<br>Investigaci\u00f3n de mercado<\/p><p><b><br>Marketing<br><\/b><br>De vez en cuando nos gustar\u00eda ofrecerte informaci\u00f3n sobre los servicios de Christie and Grey y otros datos que creemos que te resulten interesantes. Podemos enviarte dicha informaci\u00f3n por correo, tel\u00e9fono o electr\u00f3nicamente, salvo que nos hayas pedido que no lo hagamos. <\/p><p>No compartiremos tu informaci\u00f3n personal con terceros con fines de marketing sin tu consentimiento expl\u00edcito.<\/p><p>Si no desea recibir comunicaciones de marketing de nuestra parte sobre los servicios o productos que ofrecemos, por favor cont\u00e1ctenos en <a href=\"mailto:media@christiegrey.com\">media@christiegrey.com<\/a> o siga el enlace de baja en uno de nuestros mensajes de marketing.<\/p><p><strong><br>Seguridad<\/strong><br>Estamos comprometidos a garantizar que tu informaci\u00f3n est\u00e9 segura. Para evitar accesos o divulgaciones no autorizadas, hemos implementado procedimientos f\u00edsicos, electr\u00f3nicos y de gesti\u00f3n adecuados para salvaguardar y proteger la informaci\u00f3n que recopilamos, incluyendo armarios cerrados, protecci\u00f3n electr\u00f3nica con contrase\u00f1a y acceso por c\u00f3digo clave a los edificios. <\/p><p>Legalmente estamos obligados a conservar ciertos tipos de informaci\u00f3n para cumplir con nuestras obligaciones legales. Conservaremos tu informaci\u00f3n personal en nuestros sistemas durante el tiempo que sea necesario para la actividad correspondiente, o durante la duraci\u00f3n acordada en cualquier contrato relevante que tengas con nosotros <\/p><p>En algunas circunstancias, puede que tengamos que revelar tu informaci\u00f3n personal por ley, porque un tribunal, la polic\u00eda u otra agencia policial nos la han solicitado.<\/p><p>Podemos compartir tu informaci\u00f3n personal con empresas que act\u00faan en nuestro nombre y que solo usar\u00e1n la informaci\u00f3n para ofrecer ese servicio. Sin embargo, mantendremos el control de tus datos y cualquier proveedor de servicios externo que utilicemos debe actuar conforme a nuestras instrucciones. <\/p><p>Si corresponde, podemos realizar cambios en esta Pol\u00edtica de Privacidad; por favor, consulte con frecuencia para estar informado de cualquier actualizaci\u00f3n o cambio en esta Pol\u00edtica de Privacidad.<\/p><p><strong><br>C\u00f3mo puedes acceder y actualizar tu informaci\u00f3n<\/strong><\/p><p>Nuestra empresa quiere asegurarnos de que conozca plenamente sus derechos de protecci\u00f3n de datos.<\/p><p>Si crees que alguna informaci\u00f3n que tengamos sobre ti es incorrecta o incompleta, por favor env\u00edanos un correo electr\u00f3nico lo antes posible. Corregiremos o actualizaremos cualquier informaci\u00f3n tan pronto como podamos. <\/p><p>Tiene derecho a solicitar copias de la informaci\u00f3n personal que poseamos sobre usted. Si desea una copia de la informaci\u00f3n que se conserva sobre usted, por favor cont\u00e1ctenos en la direcci\u00f3n indicada arriba. Tenga en cuenta que podemos cobrar una peque\u00f1a tasa administrativa de \u00a350 por solicitudes de informaci\u00f3n.  <\/p>\t\t\t\t\t\t\t\t<\/div>\n\t\t\t\t<div class=\"elementor-element elementor-element-a2b6a7b elementor-widget elementor-widget-heading\" data-id=\"a2b6a7b\" data-element_type=\"widget\" data-e-type=\"widget\" data-widget_type=\"heading.default\">\n\t\t\t\t\t<h2 class=\"elementor-heading-title elementor-size-default\">Pol\u00edtica de Cookies<\/h2>\t\t\t\t<\/div>\n\t\t\t\t<div class=\"elementor-element elementor-element-c18b8cf elementor-widget elementor-widget-text-editor\" data-id=\"c18b8cf\" data-element_type=\"widget\" data-e-type=\"widget\" data-widget_type=\"text-editor.default\">\n\t\t\t\t\t\t\t\t\t<p><strong>Cookies en las webs de Christie &amp; Grey<\/strong><\/p><p>Este sitio, como muchos otros, utiliza peque\u00f1os archivos llamados \u00abcookies\u00bb para permitir que el sitio funcione y funcione seg\u00fan lo requiera.<\/p><p>Si no consientes que Christie &amp; Grey use cookies, es posible evitar que tu navegador las acepte; sin embargo, puede que algunos aspectos de la web dejen de funcionar o funcionen peor si lo haces.<\/p><p>Esta p\u00e1gina contiene informaci\u00f3n sobre qu\u00e9 son las &#8216;cookies&#8217;, las cookies que utilizan Christie &amp; Grey, c\u00f3mo desactivar las cookies en tu navegador si no consientes que Christie &amp; Grey use cookies y algunos enlaces \u00fatiles para m\u00e1s informaci\u00f3n.<\/p><p><strong><br>\u00bfQu\u00e9 son las &#8216;galletas&#8217;?<\/strong><br>Las &#8216;cookies&#8217; son peque\u00f1os archivos de texto que almacena el navegador (por ejemplo, Internet Explorer, Chrome o Safari) en tu ordenador o tel\u00e9fono m\u00f3vil. Tus dispositivos pueden leer y escribir estos archivos, lo que les permite almacenar cosas como detalles de personalizaci\u00f3n o preferencias de usuario. Cada dominio web solo puede acceder a las cookies almacenadas por ese dominio web espec\u00edfico, lo que significa que solo los servidores de Christie &amp; Grey pueden acceder a las cookies. La mayor\u00eda de las p\u00e1ginas web contienen elementos de m\u00faltiples dominios web. Por lo tanto, cuando visitas Christie &amp; Grey, tu navegador puede recibir cookies de varias fuentes.    <\/p><p><strong><br>\u00bfC\u00f3mo utiliza Christie &amp; Grey las cookies?<\/strong><br>Una visita a una p\u00e1gina en un sitio web de Christie &amp; Grey puede generar los siguientes tipos de cookies: cookies de rendimiento del sitio, cookies de an\u00e1lisis an\u00f3nimas, cookies de seguimiento de afiliados y cookies para ayudar a generar una cotizaci\u00f3n.<\/p><p>Cookies de rendimiento del sitio:<\/p><p>Christie &amp; Grey puede generar cookies para ayudar al rendimiento del sitio, por ejemplo, para elegir velocidades de streaming de v\u00eddeo compatibles con tu navegador.<\/p><p>Cookies an\u00f3nimas de an\u00e1lisis:<\/p><p>Cada vez que un usuario visita nuestros sitios web, el software de an\u00e1lisis web proporcionado por un tercero genera una cookie an\u00f3nima de an\u00e1lisis. Estas cookies pueden indicarnos si has visitado el sitio antes o no. Tu navegador nos dir\u00e1 si tienes estas cookies, y si no, generamos nuevas. Esto nos permite rastrear cu\u00e1ntos usuarios \u00fanicos individuales tenemos y con qu\u00e9 frecuencia visitan el sitio. Estas cookies no pueden usarse para identificar a individuos; se utilizan \u00fanicamente con fines estad\u00edsticos. Esto nos permite, por ejemplo, saber qu\u00e9 p\u00e1ginas son las m\u00e1s visitadas en un momento dado.     <\/p><p>Cookies de seguimiento de afiliados:<\/p><p>A veces necesitamos saber si vienes de uno de nuestros afiliados y cu\u00e1nto tiempo ha pasado desde que visitas el sitio desde ellos. Para ello, colocamos una galleta en tu m\u00e1quina cuando visitas Christie &amp; Grey de un socio afiliado. <\/p><p><strong><br>Christie &amp; Grey no puede usar cookies sin tu consentimiento, as\u00ed que \u00bfc\u00f3mo se desactivan las cookies?<\/strong><br>Si no das tu consentimiento para que Christie &amp; Grey use cookies, es posible evitar que tu navegador las acepte. Sin embargo, puede que algunos aspectos de la web dejen de funcionar o funcionen peor si haces esto. <\/p><p>Si no impides que tu navegador acepte cookies de Christie &amp; Grey, estar\u00e1s consintiendo el uso de cookies en el viaje web.<\/p><p>Todos los navegadores modernos permiten cambiar la configuraci\u00f3n de cookies. Estas configuraciones suelen encontrarse en el men\u00fa de &#8216;opciones&#8217; o &#8216;preferencias&#8217; de tu navegador e incluyen una opci\u00f3n que te permite impedir que tu navegador acepte cookies. Para entender estos ajustes, consulta la documentaci\u00f3n de tu navegador o los archivos de ayuda en l\u00ednea.  <\/p><p>Es posible desactivar las cookies en tu navegador, sin embargo, puede que algunos aspectos del sitio web dejen de funcionar o funcionen peor si lo haces.<\/p><p>Esta p\u00e1gina contiene informaci\u00f3n sobre qu\u00e9 son las &#8216;cookies&#8217;, las cookies que utilizan Christie &amp; Grey, c\u00f3mo desactivar las cookies en tu navegador si no consientes que Christie &amp; Grey use cookies y algunos enlaces \u00fatiles para m\u00e1s informaci\u00f3n.<\/p>\t\t\t\t\t\t\t\t<\/div>\n\t\t\t\t<\/div>\n\t\t<div class=\"elementor-element elementor-element-b8df315 e-flex e-con-boxed e-con e-parent\" data-id=\"b8df315\" data-element_type=\"container\" data-e-type=\"container\" data-settings=\"{&quot;background_background&quot;:&quot;classic&quot;}\">\n\t\t\t\t\t<div class=\"e-con-inner\">\n\t\t<div class=\"elementor-element elementor-element-d9fe9a1 e-grid e-con-full e-con e-child\" data-id=\"d9fe9a1\" data-element_type=\"container\" data-e-type=\"container\">\n\t\t\t\t<div class=\"elementor-element elementor-element-501b9eb elementor-widget elementor-widget-heading\" data-id=\"501b9eb\" data-element_type=\"widget\" data-e-type=\"widget\" data-widget_type=\"heading.default\">\n\t\t\t\t\t<h2 class=\"elementor-heading-title elementor-size-default\">Para m\u00e1s informaci\u00f3n o consultas\n<\/h2>\t\t\t\t<\/div>\n\t\t\t\t<div class=\"elementor-element elementor-element-7b2fc81 elementor-widget elementor-widget-html\" data-id=\"7b2fc81\" data-element_type=\"widget\" data-e-type=\"widget\" data-widget_type=\"html.default\">\n\t\t\t\t\t<a class=\"about-contact-link\" href=\"https:\/\/www.christiegrey.com\/es\/contacto\/\">Cont\u00e1ctanos <img decoding=\"async\" class=\"white-arrow\" src=\"https:\/\/christiegrey.com\/wp-content\/uploads\/2025\/12\/contact-icon.png\" alt=\"\">\n<\/a>\t\t\t\t<\/div>\n\t\t\t\t<\/div>\n\t\t\t\t\t<\/div>\n\t\t\t\t<\/div>\n\t\t\t\t<\/div>\n\t\t","protected":false},"excerpt":{"rendered":"<p>Pol\u00edtica de privacidad Esta pol\u00edtica explica cu\u00e1ndo y por qu\u00e9 Christie &amp; Grey Ltd necesita recopilar y utilizar cierta informaci\u00f3n sobre individuos, c\u00f3mo la utilizamos y c\u00f3mo la mantenemos segura. Estos pueden incluir clientes, proveedores, contactos comerciales, empleados y otras personas con las que la organizaci\u00f3n tiene relaci\u00f3n o que puede necesitar contactar. Esta p\u00f3liza&hellip;<\/p>\n","protected":false},"author":1,"featured_media":0,"parent":0,"menu_order":0,"comment_status":"closed","ping_status":"closed","template":"","meta":{"_acf_changed":false,"footnotes":""},"class_list":["post-5781","page","type-page","status-publish","hentry"],"acf":[],"yoast_head":"<!-- This site is optimized with the Yoast SEO plugin v27.0 - https:\/\/yoast.com\/product\/yoast-seo-wordpress\/ -->\n<title>Pol\u00edticas | Christie &amp; Grey<\/title>\n<meta name=\"description\" content=\"Esta pol\u00edtica explica por qu\u00e9 Christie &amp; Grey recopila informaci\u00f3n personal, c\u00f3mo se utiliza y las medidas que tomamos para mantener los datos seguros para todos con los que trabajamos.\" \/>\n<meta name=\"robots\" content=\"index, follow, max-snippet:-1, max-image-preview:large, max-video-preview:-1\" \/>\n<link rel=\"canonical\" href=\"https:\/\/www.christiegrey.com\/es\/politicas\/\" \/>\n<meta property=\"og:locale\" content=\"es_ES\" \/>\n<meta property=\"og:type\" content=\"article\" \/>\n<meta property=\"og:title\" content=\"Pol\u00edticas | Christie &amp; Grey\" \/>\n<meta property=\"og:description\" content=\"Esta pol\u00edtica explica por qu\u00e9 Christie &amp; Grey recopila informaci\u00f3n personal, c\u00f3mo se utiliza y las medidas que tomamos para mantener los datos seguros para todos con los que trabajamos.\" \/>\n<meta property=\"og:url\" content=\"https:\/\/www.christiegrey.com\/es\/politicas\/\" \/>\n<meta property=\"article:publisher\" content=\"https:\/\/www.facebook.com\/christieandgreylimited\" \/>\n<meta property=\"article:modified_time\" content=\"2026-04-02T10:17:08+00:00\" \/>\n<meta property=\"og:image\" content=\"https:\/\/christiegrey.com\/wp-content\/uploads\/2025\/12\/contact-icon.png\" \/>\n<meta name=\"twitter:card\" content=\"summary_large_image\" \/>\n<meta name=\"twitter:site\" content=\"@christiegreyltd\" \/>\n<meta name=\"twitter:label1\" content=\"Tiempo de lectura\" \/>\n\t<meta name=\"twitter:data1\" content=\"8 minuto\" \/>\n<script type=\"application\/ld+json\" class=\"yoast-schema-graph\">{\"@context\":\"https:\/\/schema.org\",\"@graph\":[{\"@type\":\"WebPage\",\"@id\":\"https:\/\/www.christiegrey.com\/es\/politicas\/\",\"url\":\"https:\/\/www.christiegrey.com\/es\/politicas\/\",\"name\":\"Pol\u00edticas | Christie & Grey\",\"isPartOf\":{\"@id\":\"https:\/\/www.christiegrey.com\/#website\"},\"primaryImageOfPage\":{\"@id\":\"https:\/\/www.christiegrey.com\/es\/politicas\/#primaryimage\"},\"image\":{\"@id\":\"https:\/\/www.christiegrey.com\/es\/politicas\/#primaryimage\"},\"thumbnailUrl\":\"https:\/\/christiegrey.com\/wp-content\/uploads\/2025\/12\/contact-icon.png\",\"datePublished\":\"2026-01-17T10:45:41+00:00\",\"dateModified\":\"2026-04-02T10:17:08+00:00\",\"description\":\"Esta pol\u00edtica explica por qu\u00e9 Christie & Grey recopila informaci\u00f3n personal, c\u00f3mo se utiliza y las medidas que tomamos para mantener los datos seguros para todos con los que trabajamos.\",\"breadcrumb\":{\"@id\":\"https:\/\/www.christiegrey.com\/es\/politicas\/#breadcrumb\"},\"inLanguage\":\"es\",\"potentialAction\":[{\"@type\":\"ReadAction\",\"target\":[\"https:\/\/www.christiegrey.com\/es\/politicas\/\"]}]},{\"@type\":\"ImageObject\",\"inLanguage\":\"es\",\"@id\":\"https:\/\/www.christiegrey.com\/es\/politicas\/#primaryimage\",\"url\":\"https:\/\/christiegrey.com\/wp-content\/uploads\/2025\/12\/contact-icon.png\",\"contentUrl\":\"https:\/\/christiegrey.com\/wp-content\/uploads\/2025\/12\/contact-icon.png\"},{\"@type\":\"BreadcrumbList\",\"@id\":\"https:\/\/www.christiegrey.com\/es\/politicas\/#breadcrumb\",\"itemListElement\":[{\"@type\":\"ListItem\",\"position\":1,\"name\":\"Inicio\",\"item\":\"https:\/\/www.christiegrey.com\/es\/\"},{\"@type\":\"ListItem\",\"position\":2,\"name\":\"Pol\u00edticas\"}]},{\"@type\":\"WebSite\",\"@id\":\"https:\/\/www.christiegrey.com\/#website\",\"url\":\"https:\/\/www.christiegrey.com\/\",\"name\":\"Christie & Grey\",\"description\":\"\",\"publisher\":{\"@id\":\"https:\/\/www.christiegrey.com\/#organization\"},\"potentialAction\":[{\"@type\":\"SearchAction\",\"target\":{\"@type\":\"EntryPoint\",\"urlTemplate\":\"https:\/\/www.christiegrey.com\/?s={search_term_string}\"},\"query-input\":{\"@type\":\"PropertyValueSpecification\",\"valueRequired\":true,\"valueName\":\"search_term_string\"}}],\"inLanguage\":\"es\"},{\"@type\":\"Organization\",\"@id\":\"https:\/\/www.christiegrey.com\/#organization\",\"name\":\"Christie & Grey\",\"url\":\"https:\/\/www.christiegrey.com\/\",\"logo\":{\"@type\":\"ImageObject\",\"inLanguage\":\"es\",\"@id\":\"https:\/\/www.christiegrey.com\/#\/schema\/logo\/image\/\",\"url\":\"https:\/\/www.christiegrey.com\/wp-content\/uploads\/2026\/02\/cropped-logo-scaled-1.png\",\"contentUrl\":\"https:\/\/www.christiegrey.com\/wp-content\/uploads\/2026\/02\/cropped-logo-scaled-1.png\",\"width\":250,\"height\":90,\"caption\":\"Christie & Grey\"},\"image\":{\"@id\":\"https:\/\/www.christiegrey.com\/#\/schema\/logo\/image\/\"},\"sameAs\":[\"https:\/\/www.facebook.com\/christieandgreylimited\",\"https:\/\/x.com\/christiegreyltd\"]}]}<\/script>\n<!-- \/ Yoast SEO plugin. -->","yoast_head_json":{"title":"Pol\u00edticas | Christie & Grey","description":"Esta pol\u00edtica explica por qu\u00e9 Christie & Grey recopila informaci\u00f3n personal, c\u00f3mo se utiliza y las medidas que tomamos para mantener los datos seguros para todos con los que trabajamos.","robots":{"index":"index","follow":"follow","max-snippet":"max-snippet:-1","max-image-preview":"max-image-preview:large","max-video-preview":"max-video-preview:-1"},"canonical":"https:\/\/www.christiegrey.com\/es\/politicas\/","og_locale":"es_ES","og_type":"article","og_title":"Pol\u00edticas | Christie & Grey","og_description":"Esta pol\u00edtica explica por qu\u00e9 Christie & Grey recopila informaci\u00f3n personal, c\u00f3mo se utiliza y las medidas que tomamos para mantener los datos seguros para todos con los que trabajamos.","og_url":"https:\/\/www.christiegrey.com\/es\/politicas\/","article_publisher":"https:\/\/www.facebook.com\/christieandgreylimited","article_modified_time":"2026-04-02T10:17:08+00:00","og_image":[{"url":"https:\/\/christiegrey.com\/wp-content\/uploads\/2025\/12\/contact-icon.png","type":"","width":"","height":""}],"twitter_card":"summary_large_image","twitter_site":"@christiegreyltd","twitter_misc":{"Tiempo de lectura":"8 minuto"},"schema":{"@context":"https:\/\/schema.org","@graph":[{"@type":"WebPage","@id":"https:\/\/www.christiegrey.com\/es\/politicas\/","url":"https:\/\/www.christiegrey.com\/es\/politicas\/","name":"Pol\u00edticas | Christie & Grey","isPartOf":{"@id":"https:\/\/www.christiegrey.com\/#website"},"primaryImageOfPage":{"@id":"https:\/\/www.christiegrey.com\/es\/politicas\/#primaryimage"},"image":{"@id":"https:\/\/www.christiegrey.com\/es\/politicas\/#primaryimage"},"thumbnailUrl":"https:\/\/christiegrey.com\/wp-content\/uploads\/2025\/12\/contact-icon.png","datePublished":"2026-01-17T10:45:41+00:00","dateModified":"2026-04-02T10:17:08+00:00","description":"Esta pol\u00edtica explica por qu\u00e9 Christie & Grey recopila informaci\u00f3n personal, c\u00f3mo se utiliza y las medidas que tomamos para mantener los datos seguros para todos con los que trabajamos.","breadcrumb":{"@id":"https:\/\/www.christiegrey.com\/es\/politicas\/#breadcrumb"},"inLanguage":"es","potentialAction":[{"@type":"ReadAction","target":["https:\/\/www.christiegrey.com\/es\/politicas\/"]}]},{"@type":"ImageObject","inLanguage":"es","@id":"https:\/\/www.christiegrey.com\/es\/politicas\/#primaryimage","url":"https:\/\/christiegrey.com\/wp-content\/uploads\/2025\/12\/contact-icon.png","contentUrl":"https:\/\/christiegrey.com\/wp-content\/uploads\/2025\/12\/contact-icon.png"},{"@type":"BreadcrumbList","@id":"https:\/\/www.christiegrey.com\/es\/politicas\/#breadcrumb","itemListElement":[{"@type":"ListItem","position":1,"name":"Inicio","item":"https:\/\/www.christiegrey.com\/es\/"},{"@type":"ListItem","position":2,"name":"Pol\u00edticas"}]},{"@type":"WebSite","@id":"https:\/\/www.christiegrey.com\/#website","url":"https:\/\/www.christiegrey.com\/","name":"Christie & Grey","description":"","publisher":{"@id":"https:\/\/www.christiegrey.com\/#organization"},"potentialAction":[{"@type":"SearchAction","target":{"@type":"EntryPoint","urlTemplate":"https:\/\/www.christiegrey.com\/?s={search_term_string}"},"query-input":{"@type":"PropertyValueSpecification","valueRequired":true,"valueName":"search_term_string"}}],"inLanguage":"es"},{"@type":"Organization","@id":"https:\/\/www.christiegrey.com\/#organization","name":"Christie & Grey","url":"https:\/\/www.christiegrey.com\/","logo":{"@type":"ImageObject","inLanguage":"es","@id":"https:\/\/www.christiegrey.com\/#\/schema\/logo\/image\/","url":"https:\/\/www.christiegrey.com\/wp-content\/uploads\/2026\/02\/cropped-logo-scaled-1.png","contentUrl":"https:\/\/www.christiegrey.com\/wp-content\/uploads\/2026\/02\/cropped-logo-scaled-1.png","width":250,"height":90,"caption":"Christie & Grey"},"image":{"@id":"https:\/\/www.christiegrey.com\/#\/schema\/logo\/image\/"},"sameAs":["https:\/\/www.facebook.com\/christieandgreylimited","https:\/\/x.com\/christiegreyltd"]}]}},"_links":{"self":[{"href":"https:\/\/www.christiegrey.com\/es\/wp-json\/wp\/v2\/pages\/5781","targetHints":{"allow":["GET"]}}],"collection":[{"href":"https:\/\/www.christiegrey.com\/es\/wp-json\/wp\/v2\/pages"}],"about":[{"href":"https:\/\/www.christiegrey.com\/es\/wp-json\/wp\/v2\/types\/page"}],"author":[{"embeddable":true,"href":"https:\/\/www.christiegrey.com\/es\/wp-json\/wp\/v2\/users\/1"}],"replies":[{"embeddable":true,"href":"https:\/\/www.christiegrey.com\/es\/wp-json\/wp\/v2\/comments?post=5781"}],"version-history":[{"count":1,"href":"https:\/\/www.christiegrey.com\/es\/wp-json\/wp\/v2\/pages\/5781\/revisions"}],"predecessor-version":[{"id":5782,"href":"https:\/\/www.christiegrey.com\/es\/wp-json\/wp\/v2\/pages\/5781\/revisions\/5782"}],"wp:attachment":[{"href":"https:\/\/www.christiegrey.com\/es\/wp-json\/wp\/v2\/media?parent=5781"}],"curies":[{"name":"wp","href":"https:\/\/api.w.org\/{rel}","templated":true}]}}