{"id":5773,"date":"2026-01-16T09:58:40","date_gmt":"2026-01-16T09:58:40","guid":{"rendered":"https:\/\/www.christiegrey.com\/calidad-y-medio-ambiente\/"},"modified":"2026-04-02T10:13:55","modified_gmt":"2026-04-02T10:13:55","slug":"calidad-y-medio-ambiente","status":"publish","type":"page","link":"https:\/\/www.christiegrey.com\/es\/calidad-y-medio-ambiente\/","title":{"rendered":"Calidad y medio ambiente"},"content":{"rendered":"\t\t<div data-elementor-type=\"wp-post\" data-elementor-id=\"5773\" class=\"elementor elementor-5773 elementor-2765\" data-elementor-post-type=\"page\">\n\t\t\t\t<div class=\"elementor-element elementor-element-6bfed19b e-flex e-con-boxed e-con e-parent\" data-id=\"6bfed19b\" data-element_type=\"container\" data-e-type=\"container\" data-settings=\"{&quot;background_background&quot;:&quot;classic&quot;}\">\n\t\t\t\t\t<div class=\"e-con-inner\">\n\t\t\t\t<div class=\"elementor-element elementor-element-2713b399 elementor-widget elementor-widget-heading\" data-id=\"2713b399\" data-element_type=\"widget\" data-e-type=\"widget\" data-widget_type=\"heading.default\">\n\t\t\t\t\t<h2 class=\"elementor-heading-title elementor-size-default\">Calidad y medio ambiente<\/h2>\t\t\t\t<\/div>\n\t\t\t\t<div class=\"elementor-element elementor-element-2a7844d6 elementor-widget elementor-widget-text-editor\" data-id=\"2a7844d6\" data-element_type=\"widget\" data-e-type=\"widget\" data-widget_type=\"text-editor.default\">\n\t\t\t\t\t\t\t\t\t<p>Normas que respaldan una ingenier\u00eda fiable<\/p>\t\t\t\t\t\t\t\t<\/div>\n\t\t\t\t\t<\/div>\n\t\t\t\t<\/div>\n\t\t<div class=\"elementor-element elementor-element-f1cb943 e-flex e-con-boxed e-con e-parent\" data-id=\"f1cb943\" data-element_type=\"container\" data-e-type=\"container\" data-settings=\"{&quot;background_background&quot;:&quot;classic&quot;}\">\n\t\t\t\t\t<div class=\"e-con-inner\">\n\t\t<div class=\"elementor-element elementor-element-d55132b e-con-full e-flex e-con e-child\" data-id=\"d55132b\" data-element_type=\"container\" data-e-type=\"container\" data-settings=\"{&quot;background_background&quot;:&quot;classic&quot;}\">\n\t\t\t\t<div class=\"elementor-element elementor-element-0425c02 elementor-widget elementor-widget-text-editor\" data-id=\"0425c02\" data-element_type=\"widget\" data-e-type=\"widget\" data-widget_type=\"text-editor.default\">\n\t\t\t\t\t\t\t\t\t<p>La calidad y la responsabilidad medioambiental son fundamentales en c\u00f3mo Christie &amp; Grey dise\u00f1a, fabrica y apoya soluciones de aislamiento por vibraciones. Nuestros sistemas de gesti\u00f3n garantizan un rendimiento consistente, cumplimiento y una operaci\u00f3n responsable en aplicaciones marinas, industriales y de construcci\u00f3n. <\/p>\t\t\t\t\t\t\t\t<\/div>\n\t\t\t\t<\/div>\n\t\t\t\t\t<\/div>\n\t\t\t\t<\/div>\n\t\t<div class=\"elementor-element elementor-element-62e1c0e e-flex e-con-boxed e-con e-parent\" data-id=\"62e1c0e\" data-element_type=\"container\" data-e-type=\"container\" id=\"faq_section\" data-settings=\"{&quot;background_background&quot;:&quot;classic&quot;}\">\n\t\t\t\t\t<div class=\"e-con-inner\">\n\t\t\t\t<div class=\"elementor-element elementor-element-e777e7c elementor-widget elementor-widget-heading\" data-id=\"e777e7c\" data-element_type=\"widget\" data-e-type=\"widget\" data-widget_type=\"heading.default\">\n\t\t\t\t\t<h2 class=\"elementor-heading-title elementor-size-default\">Calidad<\/h2>\t\t\t\t<\/div>\n\t\t\t\t<div class=\"elementor-element elementor-element-0b40265 elementor-widget elementor-widget-text-editor\" data-id=\"0b40265\" data-element_type=\"widget\" data-e-type=\"widget\" data-widget_type=\"text-editor.default\">\n\t\t\t\t\t\t\t\t\t<p>El Sistema de Gesti\u00f3n de Calidad implementado por Christie &amp; Grey ha sido estructurado para cumplir y funciona conforme a los requisitos de BS EN ISO 9001:2015.<\/p><p>El sistema de Gesti\u00f3n de Calidad ha sido estructurado para identificar la interacci\u00f3n entre los procesos de negocio y producci\u00f3n operados por la empresa, lo que garantiza y verifica econ\u00f3micamente que nuestros clientes reciban de forma constante sistemas y servicios de control antivibraci\u00f3n adecuados para el prop\u00f3sito designado, proporcionando el rendimiento y la fiabilidad requeridos, cumpliendo con los factores de salud y seguridad.<\/p><p>Los procesos se monitorizan, miden y analizan continuamente, y se realizan revisiones peri\u00f3dicas del Sistema de Gesti\u00f3n de la Calidad para garantizar que los recursos e informaci\u00f3n est\u00e9n disponibles para apoyar el sistema y que se hayan cumplido los objetivos de mejora continua planificados.<\/p><p>La calidad es fundamental en todos los aspectos de nuestro servicio, lo cual respalda nuestra inscripci\u00f3n a BS EN ISO 9001:2015. El registro es aplicable \u00fanicamente a Christie &amp; Grey Limited. <\/p><p><strong>Descargas:<\/strong><br><a href=\"https:\/\/christiegrey.com\/wp-content\/uploads\/2026\/01\/dnv-type-approval-certificate.pdf\">Certificado de Aprobaci\u00f3n de Tipo DNV<\/a><br><a href=\"https:\/\/christiegrey.com\/wp-content\/uploads\/2026\/01\/qms-iso9001-2015.pdf\">QMS-ISO9001-2015.PDF<\/a><br><a href=\"https:\/\/christiegrey.com\/wp-content\/uploads\/2026\/01\/quality-policy-2024.pdf\">Pol\u00edtica de calidad 2024.pdf<\/a><\/p>\t\t\t\t\t\t\t\t<\/div>\n\t\t\t\t<div class=\"elementor-element elementor-element-0dc8bb1 elementor-widget elementor-widget-spacer\" data-id=\"0dc8bb1\" data-element_type=\"widget\" data-e-type=\"widget\" data-widget_type=\"spacer.default\">\n\t\t\t\t\t\t\t<div class=\"elementor-spacer\">\n\t\t\t<div class=\"elementor-spacer-inner\"><\/div>\n\t\t<\/div>\n\t\t\t\t\t\t<\/div>\n\t\t\t\t<div class=\"elementor-element elementor-element-c79b5be elementor-widget elementor-widget-heading\" data-id=\"c79b5be\" data-element_type=\"widget\" data-e-type=\"widget\" data-widget_type=\"heading.default\">\n\t\t\t\t\t<h2 class=\"elementor-heading-title elementor-size-default\">Medio ambiente<\/h2>\t\t\t\t<\/div>\n\t\t\t\t<div class=\"elementor-element elementor-element-b2cfbf0 elementor-widget elementor-widget-text-editor\" data-id=\"b2cfbf0\" data-element_type=\"widget\" data-e-type=\"widget\" data-widget_type=\"text-editor.default\">\n\t\t\t\t\t\t\t\t\t<p>El sistema de Gesti\u00f3n Ambiental implementado por Christie &amp; Grey ha sido estructurado para ajustarse y operar conforme a los principios de BS EN ISO 14001:2015.<\/p><p>El sistema de Gesti\u00f3n Ambiental ha sido estructurado para determinar la interacci\u00f3n entre los procesos empresariales y de producci\u00f3n operados por la empresa y para reducir continuamente el impacto de estos procesos en el medio ambiente.<\/p><p>Los procesos de Negocio y Producci\u00f3n, incluidos los que se externalizan, monitorizan, miden y analizan continuamente cuando es aplicable para garantizar que los recursos e informaci\u00f3n est\u00e9n disponibles para apoyar el sistema y que se hayan cumplido los objetivos de mejora continua planificados.<\/p><p><strong>Descargas:<\/strong><br><a href=\"https:\/\/christiegrey.com\/wp-content\/uploads\/2026\/01\/environment-policy.pdf\">Cuesti\u00f3n de pol\u00edtica medioambiental 7.pdf<\/a><\/p>\t\t\t\t\t\t\t\t<\/div>\n\t\t\t\t\t<\/div>\n\t\t\t\t<\/div>\n\t\t<div class=\"elementor-element elementor-element-b8df315 e-flex e-con-boxed e-con e-parent\" data-id=\"b8df315\" data-element_type=\"container\" data-e-type=\"container\" data-settings=\"{&quot;background_background&quot;:&quot;classic&quot;}\">\n\t\t\t\t\t<div class=\"e-con-inner\">\n\t\t<div class=\"elementor-element elementor-element-d9fe9a1 e-grid e-con-full e-con e-child\" data-id=\"d9fe9a1\" data-element_type=\"container\" data-e-type=\"container\">\n\t\t\t\t<div class=\"elementor-element elementor-element-501b9eb elementor-widget elementor-widget-heading\" data-id=\"501b9eb\" data-element_type=\"widget\" data-e-type=\"widget\" data-widget_type=\"heading.default\">\n\t\t\t\t\t<h2 class=\"elementor-heading-title elementor-size-default\">Para m\u00e1s informaci\u00f3n o consultas\n<\/h2>\t\t\t\t<\/div>\n\t\t\t\t<div class=\"elementor-element elementor-element-7b2fc81 elementor-widget-mobile__width-initial elementor-widget elementor-widget-html\" data-id=\"7b2fc81\" data-element_type=\"widget\" data-e-type=\"widget\" data-widget_type=\"html.default\">\n\t\t\t\t\t<a class=\"about-contact-link\" href=\"https:\/\/www.christiegrey.com\/es\/contacto\/\">Cont\u00e1ctanos  <img decoding=\"async\" class=\"white-arrow\" src=\"https:\/\/christiegrey.com\/wp-content\/uploads\/2025\/12\/contact-icon.png\" alt=\"\">\n<\/a>\t\t\t\t<\/div>\n\t\t\t\t<\/div>\n\t\t\t\t\t<\/div>\n\t\t\t\t<\/div>\n\t\t\t\t<\/div>\n\t\t","protected":false},"excerpt":{"rendered":"<p>Calidad y medio ambiente Normas que respaldan una ingenier\u00eda fiable La calidad y la responsabilidad medioambiental son fundamentales en c\u00f3mo Christie &amp; Grey dise\u00f1a, fabrica y apoya soluciones de aislamiento por vibraciones. Nuestros sistemas de gesti\u00f3n garantizan un rendimiento consistente, cumplimiento y una operaci\u00f3n responsable en aplicaciones marinas, industriales y de construcci\u00f3n. Calidad El Sistema&hellip;<\/p>\n","protected":false},"author":1,"featured_media":0,"parent":0,"menu_order":0,"comment_status":"closed","ping_status":"closed","template":"","meta":{"_acf_changed":false,"footnotes":""},"class_list":["post-5773","page","type-page","status-publish","hentry"],"acf":[],"yoast_head":"<!-- This site is optimized with the Yoast SEO plugin v27.0 - https:\/\/yoast.com\/product\/yoast-seo-wordpress\/ -->\n<title>Calidad y Medio Ambiente | Christie &amp; Grey<\/title>\n<meta name=\"description\" content=\"Inf\u00f3rmate sobre los sistemas de gesti\u00f3n de calidad y medio ambiente de Christie &amp; Grey&#039;s, incluyendo las normas ISO 9001 e ISO 14001, y sus pol\u00edticas.\" \/>\n<meta name=\"robots\" content=\"index, follow, max-snippet:-1, max-image-preview:large, max-video-preview:-1\" \/>\n<link rel=\"canonical\" href=\"https:\/\/www.christiegrey.com\/es\/calidad-y-medio-ambiente\/\" \/>\n<meta property=\"og:locale\" content=\"es_ES\" \/>\n<meta property=\"og:type\" content=\"article\" \/>\n<meta property=\"og:title\" content=\"Calidad y Medio Ambiente | Christie &amp; Grey\" \/>\n<meta property=\"og:description\" content=\"Inf\u00f3rmate sobre los sistemas de gesti\u00f3n de calidad y medio ambiente de Christie &amp; Grey&#039;s, incluyendo las normas ISO 9001 e ISO 14001, y sus pol\u00edticas.\" \/>\n<meta property=\"og:url\" content=\"https:\/\/www.christiegrey.com\/es\/calidad-y-medio-ambiente\/\" \/>\n<meta property=\"article:publisher\" content=\"https:\/\/www.facebook.com\/christieandgreylimited\" \/>\n<meta property=\"article:modified_time\" content=\"2026-04-02T10:13:55+00:00\" \/>\n<meta property=\"og:image\" content=\"https:\/\/christiegrey.com\/wp-content\/uploads\/2025\/12\/contact-icon.png\" \/>\n<meta name=\"twitter:card\" content=\"summary_large_image\" \/>\n<meta name=\"twitter:site\" content=\"@christiegreyltd\" \/>\n<meta name=\"twitter:label1\" content=\"Tiempo de lectura\" \/>\n\t<meta name=\"twitter:data1\" content=\"2 minuto\" \/>\n<script type=\"application\/ld+json\" class=\"yoast-schema-graph\">{\"@context\":\"https:\/\/schema.org\",\"@graph\":[{\"@type\":\"WebPage\",\"@id\":\"https:\/\/www.christiegrey.com\/es\/calidad-y-medio-ambiente\/\",\"url\":\"https:\/\/www.christiegrey.com\/es\/calidad-y-medio-ambiente\/\",\"name\":\"Calidad y Medio Ambiente | Christie & Grey\",\"isPartOf\":{\"@id\":\"https:\/\/www.christiegrey.com\/#website\"},\"primaryImageOfPage\":{\"@id\":\"https:\/\/www.christiegrey.com\/es\/calidad-y-medio-ambiente\/#primaryimage\"},\"image\":{\"@id\":\"https:\/\/www.christiegrey.com\/es\/calidad-y-medio-ambiente\/#primaryimage\"},\"thumbnailUrl\":\"https:\/\/christiegrey.com\/wp-content\/uploads\/2025\/12\/contact-icon.png\",\"datePublished\":\"2026-01-16T09:58:40+00:00\",\"dateModified\":\"2026-04-02T10:13:55+00:00\",\"description\":\"Inf\u00f3rmate sobre los sistemas de gesti\u00f3n de calidad y medio ambiente de Christie & Grey's, incluyendo las normas ISO 9001 e ISO 14001, y sus pol\u00edticas.\",\"breadcrumb\":{\"@id\":\"https:\/\/www.christiegrey.com\/es\/calidad-y-medio-ambiente\/#breadcrumb\"},\"inLanguage\":\"es\",\"potentialAction\":[{\"@type\":\"ReadAction\",\"target\":[\"https:\/\/www.christiegrey.com\/es\/calidad-y-medio-ambiente\/\"]}]},{\"@type\":\"ImageObject\",\"inLanguage\":\"es\",\"@id\":\"https:\/\/www.christiegrey.com\/es\/calidad-y-medio-ambiente\/#primaryimage\",\"url\":\"https:\/\/christiegrey.com\/wp-content\/uploads\/2025\/12\/contact-icon.png\",\"contentUrl\":\"https:\/\/christiegrey.com\/wp-content\/uploads\/2025\/12\/contact-icon.png\"},{\"@type\":\"BreadcrumbList\",\"@id\":\"https:\/\/www.christiegrey.com\/es\/calidad-y-medio-ambiente\/#breadcrumb\",\"itemListElement\":[{\"@type\":\"ListItem\",\"position\":1,\"name\":\"Inicio\",\"item\":\"https:\/\/www.christiegrey.com\/es\/\"},{\"@type\":\"ListItem\",\"position\":2,\"name\":\"Calidad y medio ambiente\"}]},{\"@type\":\"WebSite\",\"@id\":\"https:\/\/www.christiegrey.com\/#website\",\"url\":\"https:\/\/www.christiegrey.com\/\",\"name\":\"Christie & Grey\",\"description\":\"\",\"publisher\":{\"@id\":\"https:\/\/www.christiegrey.com\/#organization\"},\"potentialAction\":[{\"@type\":\"SearchAction\",\"target\":{\"@type\":\"EntryPoint\",\"urlTemplate\":\"https:\/\/www.christiegrey.com\/?s={search_term_string}\"},\"query-input\":{\"@type\":\"PropertyValueSpecification\",\"valueRequired\":true,\"valueName\":\"search_term_string\"}}],\"inLanguage\":\"es\"},{\"@type\":\"Organization\",\"@id\":\"https:\/\/www.christiegrey.com\/#organization\",\"name\":\"Christie & Grey\",\"url\":\"https:\/\/www.christiegrey.com\/\",\"logo\":{\"@type\":\"ImageObject\",\"inLanguage\":\"es\",\"@id\":\"https:\/\/www.christiegrey.com\/#\/schema\/logo\/image\/\",\"url\":\"https:\/\/www.christiegrey.com\/wp-content\/uploads\/2026\/02\/cropped-logo-scaled-1.png\",\"contentUrl\":\"https:\/\/www.christiegrey.com\/wp-content\/uploads\/2026\/02\/cropped-logo-scaled-1.png\",\"width\":250,\"height\":90,\"caption\":\"Christie & Grey\"},\"image\":{\"@id\":\"https:\/\/www.christiegrey.com\/#\/schema\/logo\/image\/\"},\"sameAs\":[\"https:\/\/www.facebook.com\/christieandgreylimited\",\"https:\/\/x.com\/christiegreyltd\"]}]}<\/script>\n<!-- \/ Yoast SEO plugin. -->","yoast_head_json":{"title":"Calidad y Medio Ambiente | Christie & Grey","description":"Inf\u00f3rmate sobre los sistemas de gesti\u00f3n de calidad y medio ambiente de Christie & Grey's, incluyendo las normas ISO 9001 e ISO 14001, y sus pol\u00edticas.","robots":{"index":"index","follow":"follow","max-snippet":"max-snippet:-1","max-image-preview":"max-image-preview:large","max-video-preview":"max-video-preview:-1"},"canonical":"https:\/\/www.christiegrey.com\/es\/calidad-y-medio-ambiente\/","og_locale":"es_ES","og_type":"article","og_title":"Calidad y Medio Ambiente | Christie & Grey","og_description":"Inf\u00f3rmate sobre los sistemas de gesti\u00f3n de calidad y medio ambiente de Christie & Grey's, incluyendo las normas ISO 9001 e ISO 14001, y sus pol\u00edticas.","og_url":"https:\/\/www.christiegrey.com\/es\/calidad-y-medio-ambiente\/","article_publisher":"https:\/\/www.facebook.com\/christieandgreylimited","article_modified_time":"2026-04-02T10:13:55+00:00","og_image":[{"url":"https:\/\/christiegrey.com\/wp-content\/uploads\/2025\/12\/contact-icon.png","type":"","width":"","height":""}],"twitter_card":"summary_large_image","twitter_site":"@christiegreyltd","twitter_misc":{"Tiempo de lectura":"2 minuto"},"schema":{"@context":"https:\/\/schema.org","@graph":[{"@type":"WebPage","@id":"https:\/\/www.christiegrey.com\/es\/calidad-y-medio-ambiente\/","url":"https:\/\/www.christiegrey.com\/es\/calidad-y-medio-ambiente\/","name":"Calidad y Medio Ambiente | Christie & Grey","isPartOf":{"@id":"https:\/\/www.christiegrey.com\/#website"},"primaryImageOfPage":{"@id":"https:\/\/www.christiegrey.com\/es\/calidad-y-medio-ambiente\/#primaryimage"},"image":{"@id":"https:\/\/www.christiegrey.com\/es\/calidad-y-medio-ambiente\/#primaryimage"},"thumbnailUrl":"https:\/\/christiegrey.com\/wp-content\/uploads\/2025\/12\/contact-icon.png","datePublished":"2026-01-16T09:58:40+00:00","dateModified":"2026-04-02T10:13:55+00:00","description":"Inf\u00f3rmate sobre los sistemas de gesti\u00f3n de calidad y medio ambiente de Christie & Grey's, incluyendo las normas ISO 9001 e ISO 14001, y sus pol\u00edticas.","breadcrumb":{"@id":"https:\/\/www.christiegrey.com\/es\/calidad-y-medio-ambiente\/#breadcrumb"},"inLanguage":"es","potentialAction":[{"@type":"ReadAction","target":["https:\/\/www.christiegrey.com\/es\/calidad-y-medio-ambiente\/"]}]},{"@type":"ImageObject","inLanguage":"es","@id":"https:\/\/www.christiegrey.com\/es\/calidad-y-medio-ambiente\/#primaryimage","url":"https:\/\/christiegrey.com\/wp-content\/uploads\/2025\/12\/contact-icon.png","contentUrl":"https:\/\/christiegrey.com\/wp-content\/uploads\/2025\/12\/contact-icon.png"},{"@type":"BreadcrumbList","@id":"https:\/\/www.christiegrey.com\/es\/calidad-y-medio-ambiente\/#breadcrumb","itemListElement":[{"@type":"ListItem","position":1,"name":"Inicio","item":"https:\/\/www.christiegrey.com\/es\/"},{"@type":"ListItem","position":2,"name":"Calidad y medio ambiente"}]},{"@type":"WebSite","@id":"https:\/\/www.christiegrey.com\/#website","url":"https:\/\/www.christiegrey.com\/","name":"Christie & Grey","description":"","publisher":{"@id":"https:\/\/www.christiegrey.com\/#organization"},"potentialAction":[{"@type":"SearchAction","target":{"@type":"EntryPoint","urlTemplate":"https:\/\/www.christiegrey.com\/?s={search_term_string}"},"query-input":{"@type":"PropertyValueSpecification","valueRequired":true,"valueName":"search_term_string"}}],"inLanguage":"es"},{"@type":"Organization","@id":"https:\/\/www.christiegrey.com\/#organization","name":"Christie & Grey","url":"https:\/\/www.christiegrey.com\/","logo":{"@type":"ImageObject","inLanguage":"es","@id":"https:\/\/www.christiegrey.com\/#\/schema\/logo\/image\/","url":"https:\/\/www.christiegrey.com\/wp-content\/uploads\/2026\/02\/cropped-logo-scaled-1.png","contentUrl":"https:\/\/www.christiegrey.com\/wp-content\/uploads\/2026\/02\/cropped-logo-scaled-1.png","width":250,"height":90,"caption":"Christie & Grey"},"image":{"@id":"https:\/\/www.christiegrey.com\/#\/schema\/logo\/image\/"},"sameAs":["https:\/\/www.facebook.com\/christieandgreylimited","https:\/\/x.com\/christiegreyltd"]}]}},"_links":{"self":[{"href":"https:\/\/www.christiegrey.com\/es\/wp-json\/wp\/v2\/pages\/5773","targetHints":{"allow":["GET"]}}],"collection":[{"href":"https:\/\/www.christiegrey.com\/es\/wp-json\/wp\/v2\/pages"}],"about":[{"href":"https:\/\/www.christiegrey.com\/es\/wp-json\/wp\/v2\/types\/page"}],"author":[{"embeddable":true,"href":"https:\/\/www.christiegrey.com\/es\/wp-json\/wp\/v2\/users\/1"}],"replies":[{"embeddable":true,"href":"https:\/\/www.christiegrey.com\/es\/wp-json\/wp\/v2\/comments?post=5773"}],"version-history":[{"count":1,"href":"https:\/\/www.christiegrey.com\/es\/wp-json\/wp\/v2\/pages\/5773\/revisions"}],"predecessor-version":[{"id":5774,"href":"https:\/\/www.christiegrey.com\/es\/wp-json\/wp\/v2\/pages\/5773\/revisions\/5774"}],"wp:attachment":[{"href":"https:\/\/www.christiegrey.com\/es\/wp-json\/wp\/v2\/media?parent=5773"}],"curies":[{"name":"wp","href":"https:\/\/api.w.org\/{rel}","templated":true}]}}