{"id":5553,"date":"2026-02-18T21:36:28","date_gmt":"2026-02-18T21:36:28","guid":{"rendered":"https:\/\/www.christiegrey.com\/product\/natuerlicher-cork-gebietsisolator\/"},"modified":"2026-02-18T21:36:28","modified_gmt":"2026-02-18T21:36:28","slug":"natuerlicher-cork-gebietsisolator","status":"publish","type":"product","link":"https:\/\/www.christiegrey.com\/de\/produkt\/natuerlicher-cork-gebietsisolator\/","title":{"rendered":"Nat\u00fcrlicher Cork-Gebietsisolator"},"content":{"rendered":"<p>Effektives und weit verbreitetes Antivibrationsmaterial, das f\u00fcr gro\u00dfe, hochlastige Anwendungen entwickelt wurde, bei denen die Isolierung von mittel- bis hochfrequentem Rauschen und Vibrationen erforderlich ist. Festgelegtes Material f\u00fcr die Druckerisolierung. <\/p>\n","protected":false},"excerpt":{"rendered":"<p>Typ Coresil\u00ae<\/p>\n","protected":false},"featured_media":5535,"comment_status":"closed","ping_status":"closed","template":"","meta":{"_acf_changed":false},"product_brand":[],"product_cat":[121,141],"product_tag":[],"class_list":{"0":"post-5553","1":"product","2":"type-product","3":"status-publish","4":"has-post-thumbnail","6":"product_cat-industrielle-losungen","7":"product_cat-weitere-industrieausrustung","9":"first","10":"instock","11":"shipping-taxable","12":"purchasable","13":"product-type-simple"},"acf":[],"yoast_head":"<!-- This site is optimized with the Yoast SEO plugin v27.3 - https:\/\/yoast.com\/product\/yoast-seo-wordpress\/ -->\n<title>Nat\u00fcrlicher Cork-Gebietsisolator - Type Coresil<\/title>\n<meta name=\"description\" content=\"Coresil bietet Hochlast-Vibrationsisolation f\u00fcr mittel- bis hochfrequente St\u00f6rungen, ideal f\u00fcr Druckpressen, Kompressoren und mehr.\" \/>\n<meta name=\"robots\" content=\"index, follow, max-snippet:-1, max-image-preview:large, max-video-preview:-1\" \/>\n<link rel=\"canonical\" href=\"https:\/\/www.christiegrey.com\/de\/produkt\/natuerlicher-cork-gebietsisolator\/\" \/>\n<meta property=\"og:locale\" content=\"de_DE\" \/>\n<meta property=\"og:type\" content=\"article\" \/>\n<meta property=\"og:title\" content=\"Nat\u00fcrlicher Cork-Gebietsisolator - Type Coresil\" \/>\n<meta property=\"og:description\" content=\"Coresil bietet Hochlast-Vibrationsisolation f\u00fcr mittel- bis hochfrequente St\u00f6rungen, ideal f\u00fcr Druckpressen, Kompressoren und mehr.\" \/>\n<meta property=\"og:url\" content=\"https:\/\/www.christiegrey.com\/de\/produkt\/natuerlicher-cork-gebietsisolator\/\" \/>\n<meta property=\"article:publisher\" content=\"https:\/\/www.facebook.com\/christieandgreylimited\" \/>\n<meta property=\"og:image\" content=\"https:\/\/www.christiegrey.com\/wp-content\/uploads\/2026\/02\/cork-coresil.jpg\" \/>\n\t<meta property=\"og:image:width\" content=\"1080\" \/>\n\t<meta property=\"og:image:height\" content=\"1080\" \/>\n\t<meta property=\"og:image:type\" content=\"image\/jpeg\" \/>\n<meta name=\"twitter:card\" content=\"summary_large_image\" \/>\n<meta name=\"twitter:site\" content=\"@christiegreyltd\" \/>\n<script type=\"application\/ld+json\" class=\"yoast-schema-graph\">{\"@context\":\"https:\\\/\\\/schema.org\",\"@graph\":[{\"@type\":\"WebPage\",\"@id\":\"https:\\\/\\\/www.christiegrey.com\\\/de\\\/produkt\\\/natuerlicher-cork-gebietsisolator\\\/\",\"url\":\"https:\\\/\\\/www.christiegrey.com\\\/de\\\/produkt\\\/natuerlicher-cork-gebietsisolator\\\/\",\"name\":\"Nat\u00fcrlicher Cork-Gebietsisolator - Type Coresil\",\"isPartOf\":{\"@id\":\"https:\\\/\\\/www.christiegrey.com\\\/#website\"},\"primaryImageOfPage\":{\"@id\":\"https:\\\/\\\/www.christiegrey.com\\\/de\\\/produkt\\\/natuerlicher-cork-gebietsisolator\\\/#primaryimage\"},\"image\":{\"@id\":\"https:\\\/\\\/www.christiegrey.com\\\/de\\\/produkt\\\/natuerlicher-cork-gebietsisolator\\\/#primaryimage\"},\"thumbnailUrl\":\"https:\\\/\\\/www.christiegrey.com\\\/wp-content\\\/uploads\\\/2026\\\/02\\\/cork-coresil.jpg\",\"datePublished\":\"2026-02-18T21:36:28+00:00\",\"description\":\"Coresil bietet Hochlast-Vibrationsisolation f\u00fcr mittel- bis hochfrequente St\u00f6rungen, ideal f\u00fcr Druckpressen, Kompressoren und mehr.\",\"breadcrumb\":{\"@id\":\"https:\\\/\\\/www.christiegrey.com\\\/de\\\/produkt\\\/natuerlicher-cork-gebietsisolator\\\/#breadcrumb\"},\"inLanguage\":\"de\",\"potentialAction\":[{\"@type\":\"ReadAction\",\"target\":[\"https:\\\/\\\/www.christiegrey.com\\\/de\\\/produkt\\\/natuerlicher-cork-gebietsisolator\\\/\"]}]},{\"@type\":\"ImageObject\",\"inLanguage\":\"de\",\"@id\":\"https:\\\/\\\/www.christiegrey.com\\\/de\\\/produkt\\\/natuerlicher-cork-gebietsisolator\\\/#primaryimage\",\"url\":\"https:\\\/\\\/www.christiegrey.com\\\/wp-content\\\/uploads\\\/2026\\\/02\\\/cork-coresil.jpg\",\"contentUrl\":\"https:\\\/\\\/www.christiegrey.com\\\/wp-content\\\/uploads\\\/2026\\\/02\\\/cork-coresil.jpg\",\"width\":1080,\"height\":1080,\"caption\":\"Natural Cork Area Isolator\"},{\"@type\":\"BreadcrumbList\",\"@id\":\"https:\\\/\\\/www.christiegrey.com\\\/de\\\/produkt\\\/natuerlicher-cork-gebietsisolator\\\/#breadcrumb\",\"itemListElement\":[{\"@type\":\"ListItem\",\"position\":1,\"name\":\"Zuhause\",\"item\":\"https:\\\/\\\/www.christiegrey.com\\\/\"},{\"@type\":\"ListItem\",\"position\":2,\"name\":\"Unsere Produkte\",\"item\":\"https:\\\/\\\/www.christiegrey.com\\\/products\\\/\"},{\"@type\":\"ListItem\",\"position\":3,\"name\":\"Nat\u00fcrlicher Cork-Gebietsisolator\"}]},{\"@type\":\"WebSite\",\"@id\":\"https:\\\/\\\/www.christiegrey.com\\\/#website\",\"url\":\"https:\\\/\\\/www.christiegrey.com\\\/\",\"name\":\"Christie & Grey\",\"description\":\"\",\"publisher\":{\"@id\":\"https:\\\/\\\/www.christiegrey.com\\\/#organization\"},\"potentialAction\":[{\"@type\":\"SearchAction\",\"target\":{\"@type\":\"EntryPoint\",\"urlTemplate\":\"https:\\\/\\\/www.christiegrey.com\\\/?s={search_term_string}\"},\"query-input\":{\"@type\":\"PropertyValueSpecification\",\"valueRequired\":true,\"valueName\":\"search_term_string\"}}],\"inLanguage\":\"de\"},{\"@type\":\"Organization\",\"@id\":\"https:\\\/\\\/www.christiegrey.com\\\/#organization\",\"name\":\"Christie & Grey\",\"url\":\"https:\\\/\\\/www.christiegrey.com\\\/\",\"logo\":{\"@type\":\"ImageObject\",\"inLanguage\":\"de\",\"@id\":\"https:\\\/\\\/www.christiegrey.com\\\/#\\\/schema\\\/logo\\\/image\\\/\",\"url\":\"https:\\\/\\\/www.christiegrey.com\\\/wp-content\\\/uploads\\\/2026\\\/02\\\/cropped-logo-scaled-1.png\",\"contentUrl\":\"https:\\\/\\\/www.christiegrey.com\\\/wp-content\\\/uploads\\\/2026\\\/02\\\/cropped-logo-scaled-1.png\",\"width\":250,\"height\":90,\"caption\":\"Christie & Grey\"},\"image\":{\"@id\":\"https:\\\/\\\/www.christiegrey.com\\\/#\\\/schema\\\/logo\\\/image\\\/\"},\"sameAs\":[\"https:\\\/\\\/www.facebook.com\\\/christieandgreylimited\",\"https:\\\/\\\/x.com\\\/christiegreyltd\"]}]}<\/script>\n<!-- \/ Yoast SEO plugin. -->","yoast_head_json":{"title":"Nat\u00fcrlicher Cork-Gebietsisolator - Type Coresil","description":"Coresil bietet Hochlast-Vibrationsisolation f\u00fcr mittel- bis hochfrequente St\u00f6rungen, ideal f\u00fcr Druckpressen, Kompressoren und mehr.","robots":{"index":"index","follow":"follow","max-snippet":"max-snippet:-1","max-image-preview":"max-image-preview:large","max-video-preview":"max-video-preview:-1"},"canonical":"https:\/\/www.christiegrey.com\/de\/produkt\/natuerlicher-cork-gebietsisolator\/","og_locale":"de_DE","og_type":"article","og_title":"Nat\u00fcrlicher Cork-Gebietsisolator - Type Coresil","og_description":"Coresil bietet Hochlast-Vibrationsisolation f\u00fcr mittel- bis hochfrequente St\u00f6rungen, ideal f\u00fcr Druckpressen, Kompressoren und mehr.","og_url":"https:\/\/www.christiegrey.com\/de\/produkt\/natuerlicher-cork-gebietsisolator\/","article_publisher":"https:\/\/www.facebook.com\/christieandgreylimited","og_image":[{"width":1080,"height":1080,"url":"https:\/\/www.christiegrey.com\/wp-content\/uploads\/2026\/02\/cork-coresil.jpg","type":"image\/jpeg"}],"twitter_card":"summary_large_image","twitter_site":"@christiegreyltd","schema":{"@context":"https:\/\/schema.org","@graph":[{"@type":"WebPage","@id":"https:\/\/www.christiegrey.com\/de\/produkt\/natuerlicher-cork-gebietsisolator\/","url":"https:\/\/www.christiegrey.com\/de\/produkt\/natuerlicher-cork-gebietsisolator\/","name":"Nat\u00fcrlicher Cork-Gebietsisolator - Type Coresil","isPartOf":{"@id":"https:\/\/www.christiegrey.com\/#website"},"primaryImageOfPage":{"@id":"https:\/\/www.christiegrey.com\/de\/produkt\/natuerlicher-cork-gebietsisolator\/#primaryimage"},"image":{"@id":"https:\/\/www.christiegrey.com\/de\/produkt\/natuerlicher-cork-gebietsisolator\/#primaryimage"},"thumbnailUrl":"https:\/\/www.christiegrey.com\/wp-content\/uploads\/2026\/02\/cork-coresil.jpg","datePublished":"2026-02-18T21:36:28+00:00","description":"Coresil bietet Hochlast-Vibrationsisolation f\u00fcr mittel- bis hochfrequente St\u00f6rungen, ideal f\u00fcr Druckpressen, Kompressoren und mehr.","breadcrumb":{"@id":"https:\/\/www.christiegrey.com\/de\/produkt\/natuerlicher-cork-gebietsisolator\/#breadcrumb"},"inLanguage":"de","potentialAction":[{"@type":"ReadAction","target":["https:\/\/www.christiegrey.com\/de\/produkt\/natuerlicher-cork-gebietsisolator\/"]}]},{"@type":"ImageObject","inLanguage":"de","@id":"https:\/\/www.christiegrey.com\/de\/produkt\/natuerlicher-cork-gebietsisolator\/#primaryimage","url":"https:\/\/www.christiegrey.com\/wp-content\/uploads\/2026\/02\/cork-coresil.jpg","contentUrl":"https:\/\/www.christiegrey.com\/wp-content\/uploads\/2026\/02\/cork-coresil.jpg","width":1080,"height":1080,"caption":"Natural Cork Area Isolator"},{"@type":"BreadcrumbList","@id":"https:\/\/www.christiegrey.com\/de\/produkt\/natuerlicher-cork-gebietsisolator\/#breadcrumb","itemListElement":[{"@type":"ListItem","position":1,"name":"Zuhause","item":"https:\/\/www.christiegrey.com\/"},{"@type":"ListItem","position":2,"name":"Unsere Produkte","item":"https:\/\/www.christiegrey.com\/products\/"},{"@type":"ListItem","position":3,"name":"Nat\u00fcrlicher Cork-Gebietsisolator"}]},{"@type":"WebSite","@id":"https:\/\/www.christiegrey.com\/#website","url":"https:\/\/www.christiegrey.com\/","name":"Christie & Grey","description":"","publisher":{"@id":"https:\/\/www.christiegrey.com\/#organization"},"potentialAction":[{"@type":"SearchAction","target":{"@type":"EntryPoint","urlTemplate":"https:\/\/www.christiegrey.com\/?s={search_term_string}"},"query-input":{"@type":"PropertyValueSpecification","valueRequired":true,"valueName":"search_term_string"}}],"inLanguage":"de"},{"@type":"Organization","@id":"https:\/\/www.christiegrey.com\/#organization","name":"Christie & Grey","url":"https:\/\/www.christiegrey.com\/","logo":{"@type":"ImageObject","inLanguage":"de","@id":"https:\/\/www.christiegrey.com\/#\/schema\/logo\/image\/","url":"https:\/\/www.christiegrey.com\/wp-content\/uploads\/2026\/02\/cropped-logo-scaled-1.png","contentUrl":"https:\/\/www.christiegrey.com\/wp-content\/uploads\/2026\/02\/cropped-logo-scaled-1.png","width":250,"height":90,"caption":"Christie & Grey"},"image":{"@id":"https:\/\/www.christiegrey.com\/#\/schema\/logo\/image\/"},"sameAs":["https:\/\/www.facebook.com\/christieandgreylimited","https:\/\/x.com\/christiegreyltd"]}]}},"_links":{"self":[{"href":"https:\/\/www.christiegrey.com\/de\/wp-json\/wp\/v2\/product\/5553","targetHints":{"allow":["GET"]}}],"collection":[{"href":"https:\/\/www.christiegrey.com\/de\/wp-json\/wp\/v2\/product"}],"about":[{"href":"https:\/\/www.christiegrey.com\/de\/wp-json\/wp\/v2\/types\/product"}],"replies":[{"embeddable":true,"href":"https:\/\/www.christiegrey.com\/de\/wp-json\/wp\/v2\/comments?post=5553"}],"wp:featuredmedia":[{"embeddable":true,"href":"https:\/\/www.christiegrey.com\/de\/wp-json\/wp\/v2\/media\/5535"}],"wp:attachment":[{"href":"https:\/\/www.christiegrey.com\/de\/wp-json\/wp\/v2\/media?parent=5553"}],"wp:term":[{"taxonomy":"product_brand","embeddable":true,"href":"https:\/\/www.christiegrey.com\/de\/wp-json\/wp\/v2\/product_brand?post=5553"},{"taxonomy":"product_cat","embeddable":true,"href":"https:\/\/www.christiegrey.com\/de\/wp-json\/wp\/v2\/product_cat?post=5553"},{"taxonomy":"product_tag","embeddable":true,"href":"https:\/\/www.christiegrey.com\/de\/wp-json\/wp\/v2\/product_tag?post=5553"}],"curies":[{"name":"wp","href":"https:\/\/api.w.org\/{rel}","templated":true}]}}