{"id":5547,"date":"2026-02-18T21:43:05","date_gmt":"2026-02-18T21:43:05","guid":{"rendered":"https:\/\/www.christiegrey.com\/product\/neoprengebundenes-kork-nbc\/"},"modified":"2026-02-18T21:43:05","modified_gmt":"2026-02-18T21:43:05","slug":"neoprengebundenes-kork-nbc","status":"publish","type":"product","link":"https:\/\/www.christiegrey.com\/de\/produkt\/neoprengebundenes-kork-nbc\/","title":{"rendered":"Neoprengebundenes Kork (NBC)"},"content":{"rendered":"<p>Eine einfache L\u00f6sung f\u00fcr viele Industriemaschinen und Akustikb\u00f6den\/Stahlkonstruktionen, die eine Schwingungsisolierung bietet.<\/p>\n","protected":false},"excerpt":{"rendered":"<p>Eine einfache L\u00f6sung f\u00fcr viele Industriemaschinen und Akustikb\u00f6den\/Stahlkonstruktionen, die eine Schwingungsisolierung bietet.<\/p>\n","protected":false},"featured_media":5537,"comment_status":"closed","ping_status":"closed","template":"","meta":{"_acf_changed":false},"product_brand":[],"product_cat":[121,141],"product_tag":[],"class_list":{"0":"post-5547","1":"product","2":"type-product","3":"status-publish","4":"has-post-thumbnail","6":"product_cat-industrielle-losungen","7":"product_cat-weitere-industrieausrustung","9":"first","10":"instock","11":"shipping-taxable","12":"purchasable","13":"product-type-simple"},"acf":[],"yoast_head":"<!-- This site is optimized with the Yoast SEO plugin v27.3 - https:\/\/yoast.com\/product\/yoast-seo-wordpress\/ -->\n<title>- Christie &amp; Grey<\/title>\n<meta name=\"description\" content=\"Neopren-Bonded Cork (NBC) kombiniert Kork und langlebiges Neopren, um eine effektive Vibrations- und Schalld\u00e4mmung f\u00fcr industrielle und Fundamentanwendungen zu gew\u00e4hrleisten.\" \/>\n<meta name=\"robots\" content=\"index, follow, max-snippet:-1, max-image-preview:large, max-video-preview:-1\" \/>\n<link rel=\"canonical\" href=\"https:\/\/www.christiegrey.com\/de\/produkt\/neoprengebundenes-kork-nbc\/\" \/>\n<meta property=\"og:locale\" content=\"de_DE\" \/>\n<meta property=\"og:type\" content=\"article\" \/>\n<meta property=\"og:title\" content=\"- Christie &amp; Grey\" \/>\n<meta property=\"og:description\" content=\"Neopren-Bonded Cork (NBC) kombiniert Kork und langlebiges Neopren, um eine effektive Vibrations- und Schalld\u00e4mmung f\u00fcr industrielle und Fundamentanwendungen zu gew\u00e4hrleisten.\" \/>\n<meta property=\"og:url\" content=\"https:\/\/www.christiegrey.com\/de\/produkt\/neoprengebundenes-kork-nbc\/\" \/>\n<meta property=\"article:publisher\" content=\"https:\/\/www.facebook.com\/christieandgreylimited\" \/>\n<meta property=\"og:image\" content=\"https:\/\/www.christiegrey.com\/wp-content\/uploads\/2026\/02\/nbc.jpg\" \/>\n\t<meta property=\"og:image:width\" content=\"1080\" \/>\n\t<meta property=\"og:image:height\" content=\"1080\" \/>\n\t<meta property=\"og:image:type\" content=\"image\/jpeg\" \/>\n<meta name=\"twitter:card\" content=\"summary_large_image\" \/>\n<meta name=\"twitter:site\" content=\"@christiegreyltd\" \/>\n<script type=\"application\/ld+json\" class=\"yoast-schema-graph\">{\"@context\":\"https:\\\/\\\/schema.org\",\"@graph\":[{\"@type\":\"WebPage\",\"@id\":\"https:\\\/\\\/www.christiegrey.com\\\/de\\\/produkt\\\/neoprengebundenes-kork-nbc\\\/\",\"url\":\"https:\\\/\\\/www.christiegrey.com\\\/de\\\/produkt\\\/neoprengebundenes-kork-nbc\\\/\",\"name\":\"- Christie & Grey\",\"isPartOf\":{\"@id\":\"https:\\\/\\\/www.christiegrey.com\\\/#website\"},\"primaryImageOfPage\":{\"@id\":\"https:\\\/\\\/www.christiegrey.com\\\/de\\\/produkt\\\/neoprengebundenes-kork-nbc\\\/#primaryimage\"},\"image\":{\"@id\":\"https:\\\/\\\/www.christiegrey.com\\\/de\\\/produkt\\\/neoprengebundenes-kork-nbc\\\/#primaryimage\"},\"thumbnailUrl\":\"https:\\\/\\\/www.christiegrey.com\\\/wp-content\\\/uploads\\\/2026\\\/02\\\/nbc.jpg\",\"datePublished\":\"2026-02-18T21:43:05+00:00\",\"description\":\"Neopren-Bonded Cork (NBC) kombiniert Kork und langlebiges Neopren, um eine effektive Vibrations- und Schalld\u00e4mmung f\u00fcr industrielle und Fundamentanwendungen zu gew\u00e4hrleisten.\",\"breadcrumb\":{\"@id\":\"https:\\\/\\\/www.christiegrey.com\\\/de\\\/produkt\\\/neoprengebundenes-kork-nbc\\\/#breadcrumb\"},\"inLanguage\":\"de\",\"potentialAction\":[{\"@type\":\"ReadAction\",\"target\":[\"https:\\\/\\\/www.christiegrey.com\\\/de\\\/produkt\\\/neoprengebundenes-kork-nbc\\\/\"]}]},{\"@type\":\"ImageObject\",\"inLanguage\":\"de\",\"@id\":\"https:\\\/\\\/www.christiegrey.com\\\/de\\\/produkt\\\/neoprengebundenes-kork-nbc\\\/#primaryimage\",\"url\":\"https:\\\/\\\/www.christiegrey.com\\\/wp-content\\\/uploads\\\/2026\\\/02\\\/nbc.jpg\",\"contentUrl\":\"https:\\\/\\\/www.christiegrey.com\\\/wp-content\\\/uploads\\\/2026\\\/02\\\/nbc.jpg\",\"width\":1080,\"height\":1080,\"caption\":\"Neoprene Bonded Cork\"},{\"@type\":\"BreadcrumbList\",\"@id\":\"https:\\\/\\\/www.christiegrey.com\\\/de\\\/produkt\\\/neoprengebundenes-kork-nbc\\\/#breadcrumb\",\"itemListElement\":[{\"@type\":\"ListItem\",\"position\":1,\"name\":\"Zuhause\",\"item\":\"https:\\\/\\\/www.christiegrey.com\\\/\"},{\"@type\":\"ListItem\",\"position\":2,\"name\":\"Unsere Produkte\",\"item\":\"https:\\\/\\\/www.christiegrey.com\\\/products\\\/\"},{\"@type\":\"ListItem\",\"position\":3,\"name\":\"Neoprengebundenes Kork (NBC)\"}]},{\"@type\":\"WebSite\",\"@id\":\"https:\\\/\\\/www.christiegrey.com\\\/#website\",\"url\":\"https:\\\/\\\/www.christiegrey.com\\\/\",\"name\":\"Christie & Grey\",\"description\":\"\",\"publisher\":{\"@id\":\"https:\\\/\\\/www.christiegrey.com\\\/#organization\"},\"potentialAction\":[{\"@type\":\"SearchAction\",\"target\":{\"@type\":\"EntryPoint\",\"urlTemplate\":\"https:\\\/\\\/www.christiegrey.com\\\/?s={search_term_string}\"},\"query-input\":{\"@type\":\"PropertyValueSpecification\",\"valueRequired\":true,\"valueName\":\"search_term_string\"}}],\"inLanguage\":\"de\"},{\"@type\":\"Organization\",\"@id\":\"https:\\\/\\\/www.christiegrey.com\\\/#organization\",\"name\":\"Christie & Grey\",\"url\":\"https:\\\/\\\/www.christiegrey.com\\\/\",\"logo\":{\"@type\":\"ImageObject\",\"inLanguage\":\"de\",\"@id\":\"https:\\\/\\\/www.christiegrey.com\\\/#\\\/schema\\\/logo\\\/image\\\/\",\"url\":\"https:\\\/\\\/www.christiegrey.com\\\/wp-content\\\/uploads\\\/2026\\\/02\\\/cropped-logo-scaled-1.png\",\"contentUrl\":\"https:\\\/\\\/www.christiegrey.com\\\/wp-content\\\/uploads\\\/2026\\\/02\\\/cropped-logo-scaled-1.png\",\"width\":250,\"height\":90,\"caption\":\"Christie & Grey\"},\"image\":{\"@id\":\"https:\\\/\\\/www.christiegrey.com\\\/#\\\/schema\\\/logo\\\/image\\\/\"},\"sameAs\":[\"https:\\\/\\\/www.facebook.com\\\/christieandgreylimited\",\"https:\\\/\\\/x.com\\\/christiegreyltd\"]}]}<\/script>\n<!-- \/ Yoast SEO plugin. -->","yoast_head_json":{"title":"- Christie & Grey","description":"Neopren-Bonded Cork (NBC) kombiniert Kork und langlebiges Neopren, um eine effektive Vibrations- und Schalld\u00e4mmung f\u00fcr industrielle und Fundamentanwendungen zu gew\u00e4hrleisten.","robots":{"index":"index","follow":"follow","max-snippet":"max-snippet:-1","max-image-preview":"max-image-preview:large","max-video-preview":"max-video-preview:-1"},"canonical":"https:\/\/www.christiegrey.com\/de\/produkt\/neoprengebundenes-kork-nbc\/","og_locale":"de_DE","og_type":"article","og_title":"- Christie & Grey","og_description":"Neopren-Bonded Cork (NBC) kombiniert Kork und langlebiges Neopren, um eine effektive Vibrations- und Schalld\u00e4mmung f\u00fcr industrielle und Fundamentanwendungen zu gew\u00e4hrleisten.","og_url":"https:\/\/www.christiegrey.com\/de\/produkt\/neoprengebundenes-kork-nbc\/","article_publisher":"https:\/\/www.facebook.com\/christieandgreylimited","og_image":[{"width":1080,"height":1080,"url":"https:\/\/www.christiegrey.com\/wp-content\/uploads\/2026\/02\/nbc.jpg","type":"image\/jpeg"}],"twitter_card":"summary_large_image","twitter_site":"@christiegreyltd","schema":{"@context":"https:\/\/schema.org","@graph":[{"@type":"WebPage","@id":"https:\/\/www.christiegrey.com\/de\/produkt\/neoprengebundenes-kork-nbc\/","url":"https:\/\/www.christiegrey.com\/de\/produkt\/neoprengebundenes-kork-nbc\/","name":"- Christie & Grey","isPartOf":{"@id":"https:\/\/www.christiegrey.com\/#website"},"primaryImageOfPage":{"@id":"https:\/\/www.christiegrey.com\/de\/produkt\/neoprengebundenes-kork-nbc\/#primaryimage"},"image":{"@id":"https:\/\/www.christiegrey.com\/de\/produkt\/neoprengebundenes-kork-nbc\/#primaryimage"},"thumbnailUrl":"https:\/\/www.christiegrey.com\/wp-content\/uploads\/2026\/02\/nbc.jpg","datePublished":"2026-02-18T21:43:05+00:00","description":"Neopren-Bonded Cork (NBC) kombiniert Kork und langlebiges Neopren, um eine effektive Vibrations- und Schalld\u00e4mmung f\u00fcr industrielle und Fundamentanwendungen zu gew\u00e4hrleisten.","breadcrumb":{"@id":"https:\/\/www.christiegrey.com\/de\/produkt\/neoprengebundenes-kork-nbc\/#breadcrumb"},"inLanguage":"de","potentialAction":[{"@type":"ReadAction","target":["https:\/\/www.christiegrey.com\/de\/produkt\/neoprengebundenes-kork-nbc\/"]}]},{"@type":"ImageObject","inLanguage":"de","@id":"https:\/\/www.christiegrey.com\/de\/produkt\/neoprengebundenes-kork-nbc\/#primaryimage","url":"https:\/\/www.christiegrey.com\/wp-content\/uploads\/2026\/02\/nbc.jpg","contentUrl":"https:\/\/www.christiegrey.com\/wp-content\/uploads\/2026\/02\/nbc.jpg","width":1080,"height":1080,"caption":"Neoprene Bonded Cork"},{"@type":"BreadcrumbList","@id":"https:\/\/www.christiegrey.com\/de\/produkt\/neoprengebundenes-kork-nbc\/#breadcrumb","itemListElement":[{"@type":"ListItem","position":1,"name":"Zuhause","item":"https:\/\/www.christiegrey.com\/"},{"@type":"ListItem","position":2,"name":"Unsere Produkte","item":"https:\/\/www.christiegrey.com\/products\/"},{"@type":"ListItem","position":3,"name":"Neoprengebundenes Kork (NBC)"}]},{"@type":"WebSite","@id":"https:\/\/www.christiegrey.com\/#website","url":"https:\/\/www.christiegrey.com\/","name":"Christie & Grey","description":"","publisher":{"@id":"https:\/\/www.christiegrey.com\/#organization"},"potentialAction":[{"@type":"SearchAction","target":{"@type":"EntryPoint","urlTemplate":"https:\/\/www.christiegrey.com\/?s={search_term_string}"},"query-input":{"@type":"PropertyValueSpecification","valueRequired":true,"valueName":"search_term_string"}}],"inLanguage":"de"},{"@type":"Organization","@id":"https:\/\/www.christiegrey.com\/#organization","name":"Christie & Grey","url":"https:\/\/www.christiegrey.com\/","logo":{"@type":"ImageObject","inLanguage":"de","@id":"https:\/\/www.christiegrey.com\/#\/schema\/logo\/image\/","url":"https:\/\/www.christiegrey.com\/wp-content\/uploads\/2026\/02\/cropped-logo-scaled-1.png","contentUrl":"https:\/\/www.christiegrey.com\/wp-content\/uploads\/2026\/02\/cropped-logo-scaled-1.png","width":250,"height":90,"caption":"Christie & Grey"},"image":{"@id":"https:\/\/www.christiegrey.com\/#\/schema\/logo\/image\/"},"sameAs":["https:\/\/www.facebook.com\/christieandgreylimited","https:\/\/x.com\/christiegreyltd"]}]}},"_links":{"self":[{"href":"https:\/\/www.christiegrey.com\/de\/wp-json\/wp\/v2\/product\/5547","targetHints":{"allow":["GET"]}}],"collection":[{"href":"https:\/\/www.christiegrey.com\/de\/wp-json\/wp\/v2\/product"}],"about":[{"href":"https:\/\/www.christiegrey.com\/de\/wp-json\/wp\/v2\/types\/product"}],"replies":[{"embeddable":true,"href":"https:\/\/www.christiegrey.com\/de\/wp-json\/wp\/v2\/comments?post=5547"}],"wp:featuredmedia":[{"embeddable":true,"href":"https:\/\/www.christiegrey.com\/de\/wp-json\/wp\/v2\/media\/5537"}],"wp:attachment":[{"href":"https:\/\/www.christiegrey.com\/de\/wp-json\/wp\/v2\/media?parent=5547"}],"wp:term":[{"taxonomy":"product_brand","embeddable":true,"href":"https:\/\/www.christiegrey.com\/de\/wp-json\/wp\/v2\/product_brand?post=5547"},{"taxonomy":"product_cat","embeddable":true,"href":"https:\/\/www.christiegrey.com\/de\/wp-json\/wp\/v2\/product_cat?post=5547"},{"taxonomy":"product_tag","embeddable":true,"href":"https:\/\/www.christiegrey.com\/de\/wp-json\/wp\/v2\/product_tag?post=5547"}],"curies":[{"name":"wp","href":"https:\/\/api.w.org\/{rel}","templated":true}]}}