{"id":4726,"date":"2025-12-25T09:58:50","date_gmt":"2025-12-25T09:58:50","guid":{"rendered":"https:\/\/www.christiegrey.com\/product\/tsc-kombinierte-stahl-und-gummifeder-einheitenisolatoren-5\/"},"modified":"2025-12-25T09:58:50","modified_gmt":"2025-12-25T09:58:50","slug":"tsc-kombinierte-stahl-und-gummifeder-einheitenisolatoren-5","status":"publish","type":"product","link":"https:\/\/www.christiegrey.com\/de\/produkt\/tsc-kombinierte-stahl-und-gummifeder-einheitenisolatoren-5\/","title":{"rendered":"TSC \u2013 Kombinierte Stahl- und Gummifeder-Einheitenisolatoren"},"content":{"rendered":"<p>Ein bedeutender Fortschritt im Design hat erfolgreich die besten Eigenschaften von Stahlfedern und Gummifedern kombiniert, um eine effiziente, kompakte und wirtschaftliche Auswahl an Einheitenisolatoren zu schaffen, die f\u00fcr viele Anwendungsarten geeignet sind. Viele Varianten dieser Isolatoren, die von uns entworfen und hergestellt wurden, sind inzwischen seit mehr als zwanzig Jahren im Einsatz. TSC-Einheitenisolatoren sind \u00e4u\u00dferst effektiv darin, die \u00dcbertragung von Vibrationen, strukturgetragenem L\u00e4rm und Sto\u00df aus einer Vielzahl rotierender und kolbender Maschinen zu reduzieren und empfindliche Ger\u00e4te vor \u00e4u\u00dferen St\u00f6rungen zu sch\u00fctzen. Sie eignen sich besonders f\u00fcr marine und mobile Anwendungen, da interne Snubber integriert sind, um die Bewegung der isolierten Maschine zu steuern. Die Typzulassung durch Det Norske Veritas und die allgemeine Typzulassung wurde vom Lloyd&#8217;s Register of Shipping erteilt.    <\/p>\n","protected":false},"excerpt":{"rendered":"<p>Typ TSC T20<\/p>\n","protected":false},"featured_media":907,"comment_status":"open","ping_status":"closed","template":"","meta":{"_acf_changed":false},"product_brand":[],"product_cat":[159,139,160],"product_tag":[],"class_list":{"0":"post-4726","1":"product","2":"type-product","3":"status-publish","4":"has-post-thumbnail","6":"product_cat-marine-erzeugung","7":"product_cat-marine-und-offshore-losungen","8":"product_cat-marineantrieb","10":"first","11":"instock","12":"shipping-taxable","13":"purchasable","14":"product-type-simple"},"acf":[],"yoast_head":"<!-- This site is optimized with the Yoast SEO plugin v27.0 - https:\/\/yoast.com\/product\/yoast-seo-wordpress\/ -->\n<title>TSC T20 Stahl- und Gummifeder-Einheitenisolatoren \u2013 Christie Grey<\/title>\n<meta name=\"description\" content=\"TSC T20-Isolatoren kombinieren Stahl- und Gummifedern, um Vibrationen, L\u00e4rm und Schocks zu reduzieren \u2013 ideal f\u00fcr Marine-, Mobil- und Industriemaschinenanwendungen.\" \/>\n<meta name=\"robots\" content=\"index, follow, max-snippet:-1, max-image-preview:large, max-video-preview:-1\" \/>\n<link rel=\"canonical\" href=\"https:\/\/www.christiegrey.com\/de\/produkt\/tsc-kombinierte-stahl-und-gummifeder-einheitenisolatoren-5\/\" \/>\n<meta property=\"og:locale\" content=\"de_DE\" \/>\n<meta property=\"og:type\" content=\"article\" \/>\n<meta property=\"og:title\" content=\"TSC T20 Stahl- und Gummifeder-Einheitenisolatoren \u2013 Christie Grey\" \/>\n<meta property=\"og:description\" content=\"TSC T20-Isolatoren kombinieren Stahl- und Gummifedern, um Vibrationen, L\u00e4rm und Schocks zu reduzieren \u2013 ideal f\u00fcr Marine-, Mobil- und Industriemaschinenanwendungen.\" \/>\n<meta property=\"og:url\" content=\"https:\/\/www.christiegrey.com\/de\/produkt\/tsc-kombinierte-stahl-und-gummifeder-einheitenisolatoren-5\/\" \/>\n<meta property=\"article:publisher\" content=\"https:\/\/www.facebook.com\/christieandgreylimited\" \/>\n<meta property=\"og:image\" content=\"https:\/\/www.christiegrey.com\/wp-content\/uploads\/2025\/12\/t20_365_365.jpg\" \/>\n\t<meta property=\"og:image:width\" content=\"365\" \/>\n\t<meta property=\"og:image:height\" content=\"365\" \/>\n\t<meta property=\"og:image:type\" content=\"image\/jpeg\" \/>\n<meta name=\"twitter:card\" content=\"summary_large_image\" \/>\n<meta name=\"twitter:site\" content=\"@christiegreyltd\" \/>\n<meta name=\"twitter:label1\" content=\"Gesch\u00e4tzte Lesezeit\" \/>\n\t<meta name=\"twitter:data1\" content=\"1\u00a0Minute\" \/>\n<script type=\"application\/ld+json\" class=\"yoast-schema-graph\">{\"@context\":\"https:\/\/schema.org\",\"@graph\":[{\"@type\":\"WebPage\",\"@id\":\"https:\/\/www.christiegrey.com\/de\/produkt\/tsc-kombinierte-stahl-und-gummifeder-einheitenisolatoren-5\/\",\"url\":\"https:\/\/www.christiegrey.com\/de\/produkt\/tsc-kombinierte-stahl-und-gummifeder-einheitenisolatoren-5\/\",\"name\":\"TSC T20 Stahl- und Gummifeder-Einheitenisolatoren \u2013 Christie Grey\",\"isPartOf\":{\"@id\":\"https:\/\/www.christiegrey.com\/#website\"},\"primaryImageOfPage\":{\"@id\":\"https:\/\/www.christiegrey.com\/de\/produkt\/tsc-kombinierte-stahl-und-gummifeder-einheitenisolatoren-5\/#primaryimage\"},\"image\":{\"@id\":\"https:\/\/www.christiegrey.com\/de\/produkt\/tsc-kombinierte-stahl-und-gummifeder-einheitenisolatoren-5\/#primaryimage\"},\"thumbnailUrl\":\"https:\/\/www.christiegrey.com\/wp-content\/uploads\/2025\/12\/t20_365_365.jpg\",\"datePublished\":\"2025-12-25T09:58:50+00:00\",\"description\":\"TSC T20-Isolatoren kombinieren Stahl- und Gummifedern, um Vibrationen, L\u00e4rm und Schocks zu reduzieren \u2013 ideal f\u00fcr Marine-, Mobil- und Industriemaschinenanwendungen.\",\"breadcrumb\":{\"@id\":\"https:\/\/www.christiegrey.com\/de\/produkt\/tsc-kombinierte-stahl-und-gummifeder-einheitenisolatoren-5\/#breadcrumb\"},\"inLanguage\":\"de\",\"potentialAction\":[{\"@type\":\"ReadAction\",\"target\":[\"https:\/\/www.christiegrey.com\/de\/produkt\/tsc-kombinierte-stahl-und-gummifeder-einheitenisolatoren-5\/\"]}]},{\"@type\":\"ImageObject\",\"inLanguage\":\"de\",\"@id\":\"https:\/\/www.christiegrey.com\/de\/produkt\/tsc-kombinierte-stahl-und-gummifeder-einheitenisolatoren-5\/#primaryimage\",\"url\":\"https:\/\/www.christiegrey.com\/wp-content\/uploads\/2025\/12\/t20_365_365.jpg\",\"contentUrl\":\"https:\/\/www.christiegrey.com\/wp-content\/uploads\/2025\/12\/t20_365_365.jpg\",\"width\":365,\"height\":365,\"caption\":\"TSC - Combined Steel & Rubber Spring Unit Isolators\"},{\"@type\":\"BreadcrumbList\",\"@id\":\"https:\/\/www.christiegrey.com\/de\/produkt\/tsc-kombinierte-stahl-und-gummifeder-einheitenisolatoren-5\/#breadcrumb\",\"itemListElement\":[{\"@type\":\"ListItem\",\"position\":1,\"name\":\"Zuhause\",\"item\":\"https:\/\/www.christiegrey.com\/\"},{\"@type\":\"ListItem\",\"position\":2,\"name\":\"Unsere Produkte\",\"item\":\"https:\/\/www.christiegrey.com\/products\/\"},{\"@type\":\"ListItem\",\"position\":3,\"name\":\"TSC \u2013 Kombinierte Stahl- und Gummifeder-Einheitenisolatoren\"}]},{\"@type\":\"WebSite\",\"@id\":\"https:\/\/www.christiegrey.com\/#website\",\"url\":\"https:\/\/www.christiegrey.com\/\",\"name\":\"Christie & Grey\",\"description\":\"\",\"publisher\":{\"@id\":\"https:\/\/www.christiegrey.com\/#organization\"},\"potentialAction\":[{\"@type\":\"SearchAction\",\"target\":{\"@type\":\"EntryPoint\",\"urlTemplate\":\"https:\/\/www.christiegrey.com\/?s={search_term_string}\"},\"query-input\":{\"@type\":\"PropertyValueSpecification\",\"valueRequired\":true,\"valueName\":\"search_term_string\"}}],\"inLanguage\":\"de\"},{\"@type\":\"Organization\",\"@id\":\"https:\/\/www.christiegrey.com\/#organization\",\"name\":\"Christie & Grey\",\"url\":\"https:\/\/www.christiegrey.com\/\",\"logo\":{\"@type\":\"ImageObject\",\"inLanguage\":\"de\",\"@id\":\"https:\/\/www.christiegrey.com\/#\/schema\/logo\/image\/\",\"url\":\"https:\/\/www.christiegrey.com\/wp-content\/uploads\/2026\/02\/cropped-logo-scaled-1.png\",\"contentUrl\":\"https:\/\/www.christiegrey.com\/wp-content\/uploads\/2026\/02\/cropped-logo-scaled-1.png\",\"width\":250,\"height\":90,\"caption\":\"Christie & Grey\"},\"image\":{\"@id\":\"https:\/\/www.christiegrey.com\/#\/schema\/logo\/image\/\"},\"sameAs\":[\"https:\/\/www.facebook.com\/christieandgreylimited\",\"https:\/\/x.com\/christiegreyltd\"]}]}<\/script>\n<!-- \/ Yoast SEO plugin. -->","yoast_head_json":{"title":"TSC T20 Stahl- und Gummifeder-Einheitenisolatoren \u2013 Christie Grey","description":"TSC T20-Isolatoren kombinieren Stahl- und Gummifedern, um Vibrationen, L\u00e4rm und Schocks zu reduzieren \u2013 ideal f\u00fcr Marine-, Mobil- und Industriemaschinenanwendungen.","robots":{"index":"index","follow":"follow","max-snippet":"max-snippet:-1","max-image-preview":"max-image-preview:large","max-video-preview":"max-video-preview:-1"},"canonical":"https:\/\/www.christiegrey.com\/de\/produkt\/tsc-kombinierte-stahl-und-gummifeder-einheitenisolatoren-5\/","og_locale":"de_DE","og_type":"article","og_title":"TSC T20 Stahl- und Gummifeder-Einheitenisolatoren \u2013 Christie Grey","og_description":"TSC T20-Isolatoren kombinieren Stahl- und Gummifedern, um Vibrationen, L\u00e4rm und Schocks zu reduzieren \u2013 ideal f\u00fcr Marine-, Mobil- und Industriemaschinenanwendungen.","og_url":"https:\/\/www.christiegrey.com\/de\/produkt\/tsc-kombinierte-stahl-und-gummifeder-einheitenisolatoren-5\/","article_publisher":"https:\/\/www.facebook.com\/christieandgreylimited","og_image":[{"width":365,"height":365,"url":"https:\/\/www.christiegrey.com\/wp-content\/uploads\/2025\/12\/t20_365_365.jpg","type":"image\/jpeg"}],"twitter_card":"summary_large_image","twitter_site":"@christiegreyltd","twitter_misc":{"Gesch\u00e4tzte Lesezeit":"1\u00a0Minute"},"schema":{"@context":"https:\/\/schema.org","@graph":[{"@type":"WebPage","@id":"https:\/\/www.christiegrey.com\/de\/produkt\/tsc-kombinierte-stahl-und-gummifeder-einheitenisolatoren-5\/","url":"https:\/\/www.christiegrey.com\/de\/produkt\/tsc-kombinierte-stahl-und-gummifeder-einheitenisolatoren-5\/","name":"TSC T20 Stahl- und Gummifeder-Einheitenisolatoren \u2013 Christie Grey","isPartOf":{"@id":"https:\/\/www.christiegrey.com\/#website"},"primaryImageOfPage":{"@id":"https:\/\/www.christiegrey.com\/de\/produkt\/tsc-kombinierte-stahl-und-gummifeder-einheitenisolatoren-5\/#primaryimage"},"image":{"@id":"https:\/\/www.christiegrey.com\/de\/produkt\/tsc-kombinierte-stahl-und-gummifeder-einheitenisolatoren-5\/#primaryimage"},"thumbnailUrl":"https:\/\/www.christiegrey.com\/wp-content\/uploads\/2025\/12\/t20_365_365.jpg","datePublished":"2025-12-25T09:58:50+00:00","description":"TSC T20-Isolatoren kombinieren Stahl- und Gummifedern, um Vibrationen, L\u00e4rm und Schocks zu reduzieren \u2013 ideal f\u00fcr Marine-, Mobil- und Industriemaschinenanwendungen.","breadcrumb":{"@id":"https:\/\/www.christiegrey.com\/de\/produkt\/tsc-kombinierte-stahl-und-gummifeder-einheitenisolatoren-5\/#breadcrumb"},"inLanguage":"de","potentialAction":[{"@type":"ReadAction","target":["https:\/\/www.christiegrey.com\/de\/produkt\/tsc-kombinierte-stahl-und-gummifeder-einheitenisolatoren-5\/"]}]},{"@type":"ImageObject","inLanguage":"de","@id":"https:\/\/www.christiegrey.com\/de\/produkt\/tsc-kombinierte-stahl-und-gummifeder-einheitenisolatoren-5\/#primaryimage","url":"https:\/\/www.christiegrey.com\/wp-content\/uploads\/2025\/12\/t20_365_365.jpg","contentUrl":"https:\/\/www.christiegrey.com\/wp-content\/uploads\/2025\/12\/t20_365_365.jpg","width":365,"height":365,"caption":"TSC - Combined Steel & Rubber Spring Unit Isolators"},{"@type":"BreadcrumbList","@id":"https:\/\/www.christiegrey.com\/de\/produkt\/tsc-kombinierte-stahl-und-gummifeder-einheitenisolatoren-5\/#breadcrumb","itemListElement":[{"@type":"ListItem","position":1,"name":"Zuhause","item":"https:\/\/www.christiegrey.com\/"},{"@type":"ListItem","position":2,"name":"Unsere Produkte","item":"https:\/\/www.christiegrey.com\/products\/"},{"@type":"ListItem","position":3,"name":"TSC \u2013 Kombinierte Stahl- und Gummifeder-Einheitenisolatoren"}]},{"@type":"WebSite","@id":"https:\/\/www.christiegrey.com\/#website","url":"https:\/\/www.christiegrey.com\/","name":"Christie & Grey","description":"","publisher":{"@id":"https:\/\/www.christiegrey.com\/#organization"},"potentialAction":[{"@type":"SearchAction","target":{"@type":"EntryPoint","urlTemplate":"https:\/\/www.christiegrey.com\/?s={search_term_string}"},"query-input":{"@type":"PropertyValueSpecification","valueRequired":true,"valueName":"search_term_string"}}],"inLanguage":"de"},{"@type":"Organization","@id":"https:\/\/www.christiegrey.com\/#organization","name":"Christie & Grey","url":"https:\/\/www.christiegrey.com\/","logo":{"@type":"ImageObject","inLanguage":"de","@id":"https:\/\/www.christiegrey.com\/#\/schema\/logo\/image\/","url":"https:\/\/www.christiegrey.com\/wp-content\/uploads\/2026\/02\/cropped-logo-scaled-1.png","contentUrl":"https:\/\/www.christiegrey.com\/wp-content\/uploads\/2026\/02\/cropped-logo-scaled-1.png","width":250,"height":90,"caption":"Christie & Grey"},"image":{"@id":"https:\/\/www.christiegrey.com\/#\/schema\/logo\/image\/"},"sameAs":["https:\/\/www.facebook.com\/christieandgreylimited","https:\/\/x.com\/christiegreyltd"]}]}},"_links":{"self":[{"href":"https:\/\/www.christiegrey.com\/de\/wp-json\/wp\/v2\/product\/4726","targetHints":{"allow":["GET"]}}],"collection":[{"href":"https:\/\/www.christiegrey.com\/de\/wp-json\/wp\/v2\/product"}],"about":[{"href":"https:\/\/www.christiegrey.com\/de\/wp-json\/wp\/v2\/types\/product"}],"replies":[{"embeddable":true,"href":"https:\/\/www.christiegrey.com\/de\/wp-json\/wp\/v2\/comments?post=4726"}],"wp:featuredmedia":[{"embeddable":true,"href":"https:\/\/www.christiegrey.com\/de\/wp-json\/wp\/v2\/media\/907"}],"wp:attachment":[{"href":"https:\/\/www.christiegrey.com\/de\/wp-json\/wp\/v2\/media?parent=4726"}],"wp:term":[{"taxonomy":"product_brand","embeddable":true,"href":"https:\/\/www.christiegrey.com\/de\/wp-json\/wp\/v2\/product_brand?post=4726"},{"taxonomy":"product_cat","embeddable":true,"href":"https:\/\/www.christiegrey.com\/de\/wp-json\/wp\/v2\/product_cat?post=4726"},{"taxonomy":"product_tag","embeddable":true,"href":"https:\/\/www.christiegrey.com\/de\/wp-json\/wp\/v2\/product_tag?post=4726"}],"curies":[{"name":"wp","href":"https:\/\/api.w.org\/{rel}","templated":true}]}}