{"id":4690,"date":"2025-12-25T09:45:57","date_gmt":"2025-12-25T09:45:57","guid":{"rendered":"https:\/\/www.christiegrey.com\/product\/tsc-kombinierte-stahl-und-gummifeder-einheitenisolatoren-3\/"},"modified":"2025-12-25T09:45:57","modified_gmt":"2025-12-25T09:45:57","slug":"tsc-kombinierte-stahl-und-gummifeder-einheitenisolatoren-3","status":"publish","type":"product","link":"https:\/\/www.christiegrey.com\/de\/produkt\/tsc-kombinierte-stahl-und-gummifeder-einheitenisolatoren-3\/","title":{"rendered":"TSC \u2013 Kombinierte Stahl- und Gummifeder-Einheitenisolatoren"},"content":{"rendered":"<p>Ein bedeutender Fortschritt im Design hat erfolgreich die besten Eigenschaften von Stahlfedern und Gummifedern kombiniert, um eine effiziente, kompakte und wirtschaftliche Auswahl an Einheitenisolatoren zu schaffen, die f\u00fcr viele Anwendungsarten geeignet sind. TSC-Einheitenisolatoren sind \u00e4u\u00dferst effektiv darin, die \u00dcbertragung von Vibrationen, strukturgetragenem L\u00e4rm und Sto\u00df aus einer Vielzahl rotierender und kolbender Maschinen zu reduzieren und empfindliche Ger\u00e4te vor \u00e4u\u00dferen St\u00f6rungen zu sch\u00fctzen. Sie eignen sich besonders f\u00fcr marine und mobile Anwendungen, da interne Snubber integriert sind, um die Bewegung der isolierten Maschine zu steuern. Tests von TSC T15-Isolatoren haben vertikale Isolationseffizienzen von \u00fcber f\u00fcnfundneunzig Prozent bei Prim\u00e4rbetriebsgeschwindigkeiten von f\u00fcnfzehnhundert U\/min und mehr gezeigt.   <\/p>\n","protected":false},"excerpt":{"rendered":"<p>Typ TSC T15<\/p>\n","protected":false},"featured_media":903,"comment_status":"open","ping_status":"closed","template":"","meta":{"_acf_changed":false},"product_brand":[],"product_cat":[159,139,153,160],"product_tag":[],"class_list":{"0":"post-4690","1":"product","2":"type-product","3":"status-publish","4":"has-post-thumbnail","6":"product_cat-marine-erzeugung","7":"product_cat-marine-und-offshore-losungen","8":"product_cat-marine-abgase","9":"product_cat-marineantrieb","11":"first","12":"instock","13":"shipping-taxable","14":"purchasable","15":"product-type-simple"},"acf":[],"yoast_head":"<!-- This site is optimized with the Yoast SEO plugin v27.0 - https:\/\/yoast.com\/product\/yoast-seo-wordpress\/ -->\n<title>TSC T15 Stahl- und Gummifeder-Isolatoren \u2013 Hochvibrationskontrolle<\/title>\n<meta name=\"description\" content=\"TSC T15-Isolatoren kombinieren Stahl- und Gummifedern, um Vibrationen, L\u00e4rm und Sto\u00df zu reduzieren, und bieten \u00fcber 95 % vertikale Isolierung f\u00fcr Maschinen im Schifffahrtsbereich.\" \/>\n<meta name=\"robots\" content=\"index, follow, max-snippet:-1, max-image-preview:large, max-video-preview:-1\" \/>\n<link rel=\"canonical\" href=\"https:\/\/www.christiegrey.com\/de\/produkt\/tsc-kombinierte-stahl-und-gummifeder-einheitenisolatoren-3\/\" \/>\n<meta property=\"og:locale\" content=\"de_DE\" \/>\n<meta property=\"og:type\" content=\"article\" \/>\n<meta property=\"og:title\" content=\"TSC T15 Stahl- und Gummifeder-Isolatoren \u2013 Hochvibrationskontrolle\" \/>\n<meta property=\"og:description\" content=\"TSC T15-Isolatoren kombinieren Stahl- und Gummifedern, um Vibrationen, L\u00e4rm und Sto\u00df zu reduzieren, und bieten \u00fcber 95 % vertikale Isolierung f\u00fcr Maschinen im Schifffahrtsbereich.\" \/>\n<meta property=\"og:url\" content=\"https:\/\/www.christiegrey.com\/de\/produkt\/tsc-kombinierte-stahl-und-gummifeder-einheitenisolatoren-3\/\" \/>\n<meta property=\"article:publisher\" content=\"https:\/\/www.facebook.com\/christieandgreylimited\" \/>\n<meta property=\"og:image\" content=\"https:\/\/www.christiegrey.com\/wp-content\/uploads\/2025\/12\/t15_365_365.jpg\" \/>\n\t<meta property=\"og:image:width\" content=\"365\" \/>\n\t<meta property=\"og:image:height\" content=\"365\" \/>\n\t<meta property=\"og:image:type\" content=\"image\/jpeg\" \/>\n<meta name=\"twitter:card\" content=\"summary_large_image\" \/>\n<meta name=\"twitter:site\" content=\"@christiegreyltd\" \/>\n<meta name=\"twitter:label1\" content=\"Gesch\u00e4tzte Lesezeit\" \/>\n\t<meta name=\"twitter:data1\" content=\"1\u00a0Minute\" \/>\n<script type=\"application\/ld+json\" class=\"yoast-schema-graph\">{\"@context\":\"https:\/\/schema.org\",\"@graph\":[{\"@type\":\"WebPage\",\"@id\":\"https:\/\/www.christiegrey.com\/de\/produkt\/tsc-kombinierte-stahl-und-gummifeder-einheitenisolatoren-3\/\",\"url\":\"https:\/\/www.christiegrey.com\/de\/produkt\/tsc-kombinierte-stahl-und-gummifeder-einheitenisolatoren-3\/\",\"name\":\"TSC T15 Stahl- und Gummifeder-Isolatoren \u2013 Hochvibrationskontrolle\",\"isPartOf\":{\"@id\":\"https:\/\/www.christiegrey.com\/#website\"},\"primaryImageOfPage\":{\"@id\":\"https:\/\/www.christiegrey.com\/de\/produkt\/tsc-kombinierte-stahl-und-gummifeder-einheitenisolatoren-3\/#primaryimage\"},\"image\":{\"@id\":\"https:\/\/www.christiegrey.com\/de\/produkt\/tsc-kombinierte-stahl-und-gummifeder-einheitenisolatoren-3\/#primaryimage\"},\"thumbnailUrl\":\"https:\/\/www.christiegrey.com\/wp-content\/uploads\/2025\/12\/t15_365_365.jpg\",\"datePublished\":\"2025-12-25T09:45:57+00:00\",\"description\":\"TSC T15-Isolatoren kombinieren Stahl- und Gummifedern, um Vibrationen, L\u00e4rm und Sto\u00df zu reduzieren, und bieten \u00fcber 95 % vertikale Isolierung f\u00fcr Maschinen im Schifffahrtsbereich.\",\"breadcrumb\":{\"@id\":\"https:\/\/www.christiegrey.com\/de\/produkt\/tsc-kombinierte-stahl-und-gummifeder-einheitenisolatoren-3\/#breadcrumb\"},\"inLanguage\":\"de\",\"potentialAction\":[{\"@type\":\"ReadAction\",\"target\":[\"https:\/\/www.christiegrey.com\/de\/produkt\/tsc-kombinierte-stahl-und-gummifeder-einheitenisolatoren-3\/\"]}]},{\"@type\":\"ImageObject\",\"inLanguage\":\"de\",\"@id\":\"https:\/\/www.christiegrey.com\/de\/produkt\/tsc-kombinierte-stahl-und-gummifeder-einheitenisolatoren-3\/#primaryimage\",\"url\":\"https:\/\/www.christiegrey.com\/wp-content\/uploads\/2025\/12\/t15_365_365.jpg\",\"contentUrl\":\"https:\/\/www.christiegrey.com\/wp-content\/uploads\/2025\/12\/t15_365_365.jpg\",\"width\":365,\"height\":365,\"caption\":\"Combined Steel & Rubber Spring Unit Isolators\"},{\"@type\":\"BreadcrumbList\",\"@id\":\"https:\/\/www.christiegrey.com\/de\/produkt\/tsc-kombinierte-stahl-und-gummifeder-einheitenisolatoren-3\/#breadcrumb\",\"itemListElement\":[{\"@type\":\"ListItem\",\"position\":1,\"name\":\"Zuhause\",\"item\":\"https:\/\/www.christiegrey.com\/\"},{\"@type\":\"ListItem\",\"position\":2,\"name\":\"Unsere Produkte\",\"item\":\"https:\/\/www.christiegrey.com\/products\/\"},{\"@type\":\"ListItem\",\"position\":3,\"name\":\"TSC \u2013 Kombinierte Stahl- und Gummifeder-Einheitenisolatoren\"}]},{\"@type\":\"WebSite\",\"@id\":\"https:\/\/www.christiegrey.com\/#website\",\"url\":\"https:\/\/www.christiegrey.com\/\",\"name\":\"Christie & Grey\",\"description\":\"\",\"publisher\":{\"@id\":\"https:\/\/www.christiegrey.com\/#organization\"},\"potentialAction\":[{\"@type\":\"SearchAction\",\"target\":{\"@type\":\"EntryPoint\",\"urlTemplate\":\"https:\/\/www.christiegrey.com\/?s={search_term_string}\"},\"query-input\":{\"@type\":\"PropertyValueSpecification\",\"valueRequired\":true,\"valueName\":\"search_term_string\"}}],\"inLanguage\":\"de\"},{\"@type\":\"Organization\",\"@id\":\"https:\/\/www.christiegrey.com\/#organization\",\"name\":\"Christie & Grey\",\"url\":\"https:\/\/www.christiegrey.com\/\",\"logo\":{\"@type\":\"ImageObject\",\"inLanguage\":\"de\",\"@id\":\"https:\/\/www.christiegrey.com\/#\/schema\/logo\/image\/\",\"url\":\"https:\/\/www.christiegrey.com\/wp-content\/uploads\/2026\/02\/cropped-logo-scaled-1.png\",\"contentUrl\":\"https:\/\/www.christiegrey.com\/wp-content\/uploads\/2026\/02\/cropped-logo-scaled-1.png\",\"width\":250,\"height\":90,\"caption\":\"Christie & Grey\"},\"image\":{\"@id\":\"https:\/\/www.christiegrey.com\/#\/schema\/logo\/image\/\"},\"sameAs\":[\"https:\/\/www.facebook.com\/christieandgreylimited\",\"https:\/\/x.com\/christiegreyltd\"]}]}<\/script>\n<!-- \/ Yoast SEO plugin. -->","yoast_head_json":{"title":"TSC T15 Stahl- und Gummifeder-Isolatoren \u2013 Hochvibrationskontrolle","description":"TSC T15-Isolatoren kombinieren Stahl- und Gummifedern, um Vibrationen, L\u00e4rm und Sto\u00df zu reduzieren, und bieten \u00fcber 95 % vertikale Isolierung f\u00fcr Maschinen im Schifffahrtsbereich.","robots":{"index":"index","follow":"follow","max-snippet":"max-snippet:-1","max-image-preview":"max-image-preview:large","max-video-preview":"max-video-preview:-1"},"canonical":"https:\/\/www.christiegrey.com\/de\/produkt\/tsc-kombinierte-stahl-und-gummifeder-einheitenisolatoren-3\/","og_locale":"de_DE","og_type":"article","og_title":"TSC T15 Stahl- und Gummifeder-Isolatoren \u2013 Hochvibrationskontrolle","og_description":"TSC T15-Isolatoren kombinieren Stahl- und Gummifedern, um Vibrationen, L\u00e4rm und Sto\u00df zu reduzieren, und bieten \u00fcber 95 % vertikale Isolierung f\u00fcr Maschinen im Schifffahrtsbereich.","og_url":"https:\/\/www.christiegrey.com\/de\/produkt\/tsc-kombinierte-stahl-und-gummifeder-einheitenisolatoren-3\/","article_publisher":"https:\/\/www.facebook.com\/christieandgreylimited","og_image":[{"width":365,"height":365,"url":"https:\/\/www.christiegrey.com\/wp-content\/uploads\/2025\/12\/t15_365_365.jpg","type":"image\/jpeg"}],"twitter_card":"summary_large_image","twitter_site":"@christiegreyltd","twitter_misc":{"Gesch\u00e4tzte Lesezeit":"1\u00a0Minute"},"schema":{"@context":"https:\/\/schema.org","@graph":[{"@type":"WebPage","@id":"https:\/\/www.christiegrey.com\/de\/produkt\/tsc-kombinierte-stahl-und-gummifeder-einheitenisolatoren-3\/","url":"https:\/\/www.christiegrey.com\/de\/produkt\/tsc-kombinierte-stahl-und-gummifeder-einheitenisolatoren-3\/","name":"TSC T15 Stahl- und Gummifeder-Isolatoren \u2013 Hochvibrationskontrolle","isPartOf":{"@id":"https:\/\/www.christiegrey.com\/#website"},"primaryImageOfPage":{"@id":"https:\/\/www.christiegrey.com\/de\/produkt\/tsc-kombinierte-stahl-und-gummifeder-einheitenisolatoren-3\/#primaryimage"},"image":{"@id":"https:\/\/www.christiegrey.com\/de\/produkt\/tsc-kombinierte-stahl-und-gummifeder-einheitenisolatoren-3\/#primaryimage"},"thumbnailUrl":"https:\/\/www.christiegrey.com\/wp-content\/uploads\/2025\/12\/t15_365_365.jpg","datePublished":"2025-12-25T09:45:57+00:00","description":"TSC T15-Isolatoren kombinieren Stahl- und Gummifedern, um Vibrationen, L\u00e4rm und Sto\u00df zu reduzieren, und bieten \u00fcber 95 % vertikale Isolierung f\u00fcr Maschinen im Schifffahrtsbereich.","breadcrumb":{"@id":"https:\/\/www.christiegrey.com\/de\/produkt\/tsc-kombinierte-stahl-und-gummifeder-einheitenisolatoren-3\/#breadcrumb"},"inLanguage":"de","potentialAction":[{"@type":"ReadAction","target":["https:\/\/www.christiegrey.com\/de\/produkt\/tsc-kombinierte-stahl-und-gummifeder-einheitenisolatoren-3\/"]}]},{"@type":"ImageObject","inLanguage":"de","@id":"https:\/\/www.christiegrey.com\/de\/produkt\/tsc-kombinierte-stahl-und-gummifeder-einheitenisolatoren-3\/#primaryimage","url":"https:\/\/www.christiegrey.com\/wp-content\/uploads\/2025\/12\/t15_365_365.jpg","contentUrl":"https:\/\/www.christiegrey.com\/wp-content\/uploads\/2025\/12\/t15_365_365.jpg","width":365,"height":365,"caption":"Combined Steel & Rubber Spring Unit Isolators"},{"@type":"BreadcrumbList","@id":"https:\/\/www.christiegrey.com\/de\/produkt\/tsc-kombinierte-stahl-und-gummifeder-einheitenisolatoren-3\/#breadcrumb","itemListElement":[{"@type":"ListItem","position":1,"name":"Zuhause","item":"https:\/\/www.christiegrey.com\/"},{"@type":"ListItem","position":2,"name":"Unsere Produkte","item":"https:\/\/www.christiegrey.com\/products\/"},{"@type":"ListItem","position":3,"name":"TSC \u2013 Kombinierte Stahl- und Gummifeder-Einheitenisolatoren"}]},{"@type":"WebSite","@id":"https:\/\/www.christiegrey.com\/#website","url":"https:\/\/www.christiegrey.com\/","name":"Christie & Grey","description":"","publisher":{"@id":"https:\/\/www.christiegrey.com\/#organization"},"potentialAction":[{"@type":"SearchAction","target":{"@type":"EntryPoint","urlTemplate":"https:\/\/www.christiegrey.com\/?s={search_term_string}"},"query-input":{"@type":"PropertyValueSpecification","valueRequired":true,"valueName":"search_term_string"}}],"inLanguage":"de"},{"@type":"Organization","@id":"https:\/\/www.christiegrey.com\/#organization","name":"Christie & Grey","url":"https:\/\/www.christiegrey.com\/","logo":{"@type":"ImageObject","inLanguage":"de","@id":"https:\/\/www.christiegrey.com\/#\/schema\/logo\/image\/","url":"https:\/\/www.christiegrey.com\/wp-content\/uploads\/2026\/02\/cropped-logo-scaled-1.png","contentUrl":"https:\/\/www.christiegrey.com\/wp-content\/uploads\/2026\/02\/cropped-logo-scaled-1.png","width":250,"height":90,"caption":"Christie & Grey"},"image":{"@id":"https:\/\/www.christiegrey.com\/#\/schema\/logo\/image\/"},"sameAs":["https:\/\/www.facebook.com\/christieandgreylimited","https:\/\/x.com\/christiegreyltd"]}]}},"_links":{"self":[{"href":"https:\/\/www.christiegrey.com\/de\/wp-json\/wp\/v2\/product\/4690","targetHints":{"allow":["GET"]}}],"collection":[{"href":"https:\/\/www.christiegrey.com\/de\/wp-json\/wp\/v2\/product"}],"about":[{"href":"https:\/\/www.christiegrey.com\/de\/wp-json\/wp\/v2\/types\/product"}],"replies":[{"embeddable":true,"href":"https:\/\/www.christiegrey.com\/de\/wp-json\/wp\/v2\/comments?post=4690"}],"wp:featuredmedia":[{"embeddable":true,"href":"https:\/\/www.christiegrey.com\/de\/wp-json\/wp\/v2\/media\/903"}],"wp:attachment":[{"href":"https:\/\/www.christiegrey.com\/de\/wp-json\/wp\/v2\/media?parent=4690"}],"wp:term":[{"taxonomy":"product_brand","embeddable":true,"href":"https:\/\/www.christiegrey.com\/de\/wp-json\/wp\/v2\/product_brand?post=4690"},{"taxonomy":"product_cat","embeddable":true,"href":"https:\/\/www.christiegrey.com\/de\/wp-json\/wp\/v2\/product_cat?post=4690"},{"taxonomy":"product_tag","embeddable":true,"href":"https:\/\/www.christiegrey.com\/de\/wp-json\/wp\/v2\/product_tag?post=4690"}],"curies":[{"name":"wp","href":"https:\/\/api.w.org\/{rel}","templated":true}]}}