{"id":4612,"date":"2025-12-25T11:02:32","date_gmt":"2025-12-25T11:02:32","guid":{"rendered":"https:\/\/www.christiegrey.com\/product\/genflex\/"},"modified":"2026-01-30T21:55:38","modified_gmt":"2026-01-30T21:55:38","slug":"genflex","status":"publish","type":"product","link":"https:\/\/www.christiegrey.com\/de\/produkt\/genflex\/","title":{"rendered":"Genflex"},"content":{"rendered":"<p>Genflex-Montagen verwenden das bew\u00e4hrte Design mit geneigten Gummielementen, um deutlich h\u00f6here Durchbiegungen im Vergleich zu einfachem Gummi in Kompressionsvorrichtungen zu erreichen und somit eine bessere Isolierung bei niederfrequenten Vibrationen zu gew\u00e4hrleisten.<\/p>\n<p>Das reine Gummidesign bietet eine hervorragende Leistung im h\u00f6rbaren Frequenzbereich.<\/p>\n<p>Naturkautschuk bietet zudem eine inh\u00e4rente D\u00e4mpfung, um transiente Bewegungen zu steuern, die durch Maschinenstart, Herunterfahren und St\u00f6rungen entstehen.<\/p>\n<p>F\u00fcr marine und mobile Anwendungen ist ein kombinierter \u00dcberlast- und R\u00fccksto\u00dfpuffer sowohl in mittleren als auch mit hoher Durchbiegung erh\u00e4ltlich.<\/p>\n","protected":false},"excerpt":{"rendered":"<p>F\u00fcr industrielle, maritime und mobile Anwendungen<\/p>\n","protected":false},"featured_media":965,"comment_status":"open","ping_status":"closed","template":"","meta":{"_acf_changed":false},"product_brand":[],"product_cat":[121,159,140,139,124,134,122],"product_tag":[],"class_list":{"0":"post-4612","1":"product","2":"type-product","3":"status-publish","4":"has-post-thumbnail","6":"product_cat-industrielle-losungen","7":"product_cat-marine-erzeugung","8":"product_cat-marine-nebenfunktionen","9":"product_cat-marine-und-offshore-losungen","10":"product_cat-pumpen-kompressoren-und-kuhler","11":"product_cat-stromerzeugung","12":"product_cat-ventilatoren-und-luftbehandlungseinheiten","14":"first","15":"instock","16":"shipping-taxable","17":"purchasable","18":"product-type-simple"},"acf":[],"yoast_head":"<!-- This site is optimized with the Yoast SEO plugin v27.0 - https:\/\/yoast.com\/product\/yoast-seo-wordpress\/ -->\n<title>Genflex-Gummihalterungen \u2013 Marine und mobile Schwingungskontrolle<\/title>\n<meta name=\"description\" content=\"Genflex-Halterungen verwenden geneigte Gummielemente f\u00fcr \u00fcberlegene Niederfrequenz-Vibrationsisolation, D\u00e4mpfung und Schutz in industriellen, mobilen Anwendungen.\" \/>\n<meta name=\"robots\" content=\"index, follow, max-snippet:-1, max-image-preview:large, max-video-preview:-1\" \/>\n<link rel=\"canonical\" href=\"https:\/\/www.christiegrey.com\/de\/produkt\/genflex\/\" \/>\n<meta property=\"og:locale\" content=\"de_DE\" \/>\n<meta property=\"og:type\" content=\"article\" \/>\n<meta property=\"og:title\" content=\"Genflex-Gummihalterungen \u2013 Marine und mobile Schwingungskontrolle\" \/>\n<meta property=\"og:description\" content=\"Genflex-Halterungen verwenden geneigte Gummielemente f\u00fcr \u00fcberlegene Niederfrequenz-Vibrationsisolation, D\u00e4mpfung und Schutz in industriellen, mobilen Anwendungen.\" \/>\n<meta property=\"og:url\" content=\"https:\/\/www.christiegrey.com\/de\/produkt\/genflex\/\" \/>\n<meta property=\"article:publisher\" content=\"https:\/\/www.facebook.com\/christieandgreylimited\" \/>\n<meta property=\"article:modified_time\" content=\"2026-01-30T21:55:38+00:00\" \/>\n<meta property=\"og:image\" content=\"https:\/\/www.christiegrey.com\/wp-content\/uploads\/2025\/12\/genflex_365_365.jpg\" \/>\n\t<meta property=\"og:image:width\" content=\"365\" \/>\n\t<meta property=\"og:image:height\" content=\"365\" \/>\n\t<meta property=\"og:image:type\" content=\"image\/jpeg\" \/>\n<meta name=\"twitter:card\" content=\"summary_large_image\" \/>\n<meta name=\"twitter:site\" content=\"@christiegreyltd\" \/>\n<script type=\"application\/ld+json\" class=\"yoast-schema-graph\">{\"@context\":\"https:\/\/schema.org\",\"@graph\":[{\"@type\":\"WebPage\",\"@id\":\"https:\/\/www.christiegrey.com\/de\/produkt\/genflex\/\",\"url\":\"https:\/\/www.christiegrey.com\/de\/produkt\/genflex\/\",\"name\":\"Genflex-Gummihalterungen \u2013 Marine und mobile Schwingungskontrolle\",\"isPartOf\":{\"@id\":\"https:\/\/www.christiegrey.com\/#website\"},\"primaryImageOfPage\":{\"@id\":\"https:\/\/www.christiegrey.com\/de\/produkt\/genflex\/#primaryimage\"},\"image\":{\"@id\":\"https:\/\/www.christiegrey.com\/de\/produkt\/genflex\/#primaryimage\"},\"thumbnailUrl\":\"https:\/\/www.christiegrey.com\/wp-content\/uploads\/2025\/12\/genflex_365_365.jpg\",\"datePublished\":\"2025-12-25T11:02:32+00:00\",\"dateModified\":\"2026-01-30T21:55:38+00:00\",\"description\":\"Genflex-Halterungen verwenden geneigte Gummielemente f\u00fcr \u00fcberlegene Niederfrequenz-Vibrationsisolation, D\u00e4mpfung und Schutz in industriellen, mobilen Anwendungen.\",\"breadcrumb\":{\"@id\":\"https:\/\/www.christiegrey.com\/de\/produkt\/genflex\/#breadcrumb\"},\"inLanguage\":\"de\",\"potentialAction\":[{\"@type\":\"ReadAction\",\"target\":[\"https:\/\/www.christiegrey.com\/de\/produkt\/genflex\/\"]}]},{\"@type\":\"ImageObject\",\"inLanguage\":\"de\",\"@id\":\"https:\/\/www.christiegrey.com\/de\/produkt\/genflex\/#primaryimage\",\"url\":\"https:\/\/www.christiegrey.com\/wp-content\/uploads\/2025\/12\/genflex_365_365.jpg\",\"contentUrl\":\"https:\/\/www.christiegrey.com\/wp-content\/uploads\/2025\/12\/genflex_365_365.jpg\",\"width\":365,\"height\":365,\"caption\":\"Genflex vibration control rubber mountings\"},{\"@type\":\"BreadcrumbList\",\"@id\":\"https:\/\/www.christiegrey.com\/de\/produkt\/genflex\/#breadcrumb\",\"itemListElement\":[{\"@type\":\"ListItem\",\"position\":1,\"name\":\"Zuhause\",\"item\":\"https:\/\/www.christiegrey.com\/\"},{\"@type\":\"ListItem\",\"position\":2,\"name\":\"Unsere Produkte\",\"item\":\"https:\/\/www.christiegrey.com\/products\/\"},{\"@type\":\"ListItem\",\"position\":3,\"name\":\"Genflex\"}]},{\"@type\":\"WebSite\",\"@id\":\"https:\/\/www.christiegrey.com\/#website\",\"url\":\"https:\/\/www.christiegrey.com\/\",\"name\":\"Christie & Grey\",\"description\":\"\",\"publisher\":{\"@id\":\"https:\/\/www.christiegrey.com\/#organization\"},\"potentialAction\":[{\"@type\":\"SearchAction\",\"target\":{\"@type\":\"EntryPoint\",\"urlTemplate\":\"https:\/\/www.christiegrey.com\/?s={search_term_string}\"},\"query-input\":{\"@type\":\"PropertyValueSpecification\",\"valueRequired\":true,\"valueName\":\"search_term_string\"}}],\"inLanguage\":\"de\"},{\"@type\":\"Organization\",\"@id\":\"https:\/\/www.christiegrey.com\/#organization\",\"name\":\"Christie & Grey\",\"url\":\"https:\/\/www.christiegrey.com\/\",\"logo\":{\"@type\":\"ImageObject\",\"inLanguage\":\"de\",\"@id\":\"https:\/\/www.christiegrey.com\/#\/schema\/logo\/image\/\",\"url\":\"https:\/\/www.christiegrey.com\/wp-content\/uploads\/2026\/02\/cropped-logo-scaled-1.png\",\"contentUrl\":\"https:\/\/www.christiegrey.com\/wp-content\/uploads\/2026\/02\/cropped-logo-scaled-1.png\",\"width\":250,\"height\":90,\"caption\":\"Christie & Grey\"},\"image\":{\"@id\":\"https:\/\/www.christiegrey.com\/#\/schema\/logo\/image\/\"},\"sameAs\":[\"https:\/\/www.facebook.com\/christieandgreylimited\",\"https:\/\/x.com\/christiegreyltd\"]}]}<\/script>\n<!-- \/ Yoast SEO plugin. -->","yoast_head_json":{"title":"Genflex-Gummihalterungen \u2013 Marine und mobile Schwingungskontrolle","description":"Genflex-Halterungen verwenden geneigte Gummielemente f\u00fcr \u00fcberlegene Niederfrequenz-Vibrationsisolation, D\u00e4mpfung und Schutz in industriellen, mobilen Anwendungen.","robots":{"index":"index","follow":"follow","max-snippet":"max-snippet:-1","max-image-preview":"max-image-preview:large","max-video-preview":"max-video-preview:-1"},"canonical":"https:\/\/www.christiegrey.com\/de\/produkt\/genflex\/","og_locale":"de_DE","og_type":"article","og_title":"Genflex-Gummihalterungen \u2013 Marine und mobile Schwingungskontrolle","og_description":"Genflex-Halterungen verwenden geneigte Gummielemente f\u00fcr \u00fcberlegene Niederfrequenz-Vibrationsisolation, D\u00e4mpfung und Schutz in industriellen, mobilen Anwendungen.","og_url":"https:\/\/www.christiegrey.com\/de\/produkt\/genflex\/","article_publisher":"https:\/\/www.facebook.com\/christieandgreylimited","article_modified_time":"2026-01-30T21:55:38+00:00","og_image":[{"width":365,"height":365,"url":"https:\/\/www.christiegrey.com\/wp-content\/uploads\/2025\/12\/genflex_365_365.jpg","type":"image\/jpeg"}],"twitter_card":"summary_large_image","twitter_site":"@christiegreyltd","schema":{"@context":"https:\/\/schema.org","@graph":[{"@type":"WebPage","@id":"https:\/\/www.christiegrey.com\/de\/produkt\/genflex\/","url":"https:\/\/www.christiegrey.com\/de\/produkt\/genflex\/","name":"Genflex-Gummihalterungen \u2013 Marine und mobile Schwingungskontrolle","isPartOf":{"@id":"https:\/\/www.christiegrey.com\/#website"},"primaryImageOfPage":{"@id":"https:\/\/www.christiegrey.com\/de\/produkt\/genflex\/#primaryimage"},"image":{"@id":"https:\/\/www.christiegrey.com\/de\/produkt\/genflex\/#primaryimage"},"thumbnailUrl":"https:\/\/www.christiegrey.com\/wp-content\/uploads\/2025\/12\/genflex_365_365.jpg","datePublished":"2025-12-25T11:02:32+00:00","dateModified":"2026-01-30T21:55:38+00:00","description":"Genflex-Halterungen verwenden geneigte Gummielemente f\u00fcr \u00fcberlegene Niederfrequenz-Vibrationsisolation, D\u00e4mpfung und Schutz in industriellen, mobilen Anwendungen.","breadcrumb":{"@id":"https:\/\/www.christiegrey.com\/de\/produkt\/genflex\/#breadcrumb"},"inLanguage":"de","potentialAction":[{"@type":"ReadAction","target":["https:\/\/www.christiegrey.com\/de\/produkt\/genflex\/"]}]},{"@type":"ImageObject","inLanguage":"de","@id":"https:\/\/www.christiegrey.com\/de\/produkt\/genflex\/#primaryimage","url":"https:\/\/www.christiegrey.com\/wp-content\/uploads\/2025\/12\/genflex_365_365.jpg","contentUrl":"https:\/\/www.christiegrey.com\/wp-content\/uploads\/2025\/12\/genflex_365_365.jpg","width":365,"height":365,"caption":"Genflex vibration control rubber mountings"},{"@type":"BreadcrumbList","@id":"https:\/\/www.christiegrey.com\/de\/produkt\/genflex\/#breadcrumb","itemListElement":[{"@type":"ListItem","position":1,"name":"Zuhause","item":"https:\/\/www.christiegrey.com\/"},{"@type":"ListItem","position":2,"name":"Unsere Produkte","item":"https:\/\/www.christiegrey.com\/products\/"},{"@type":"ListItem","position":3,"name":"Genflex"}]},{"@type":"WebSite","@id":"https:\/\/www.christiegrey.com\/#website","url":"https:\/\/www.christiegrey.com\/","name":"Christie & Grey","description":"","publisher":{"@id":"https:\/\/www.christiegrey.com\/#organization"},"potentialAction":[{"@type":"SearchAction","target":{"@type":"EntryPoint","urlTemplate":"https:\/\/www.christiegrey.com\/?s={search_term_string}"},"query-input":{"@type":"PropertyValueSpecification","valueRequired":true,"valueName":"search_term_string"}}],"inLanguage":"de"},{"@type":"Organization","@id":"https:\/\/www.christiegrey.com\/#organization","name":"Christie & Grey","url":"https:\/\/www.christiegrey.com\/","logo":{"@type":"ImageObject","inLanguage":"de","@id":"https:\/\/www.christiegrey.com\/#\/schema\/logo\/image\/","url":"https:\/\/www.christiegrey.com\/wp-content\/uploads\/2026\/02\/cropped-logo-scaled-1.png","contentUrl":"https:\/\/www.christiegrey.com\/wp-content\/uploads\/2026\/02\/cropped-logo-scaled-1.png","width":250,"height":90,"caption":"Christie & Grey"},"image":{"@id":"https:\/\/www.christiegrey.com\/#\/schema\/logo\/image\/"},"sameAs":["https:\/\/www.facebook.com\/christieandgreylimited","https:\/\/x.com\/christiegreyltd"]}]}},"_links":{"self":[{"href":"https:\/\/www.christiegrey.com\/de\/wp-json\/wp\/v2\/product\/4612","targetHints":{"allow":["GET"]}}],"collection":[{"href":"https:\/\/www.christiegrey.com\/de\/wp-json\/wp\/v2\/product"}],"about":[{"href":"https:\/\/www.christiegrey.com\/de\/wp-json\/wp\/v2\/types\/product"}],"replies":[{"embeddable":true,"href":"https:\/\/www.christiegrey.com\/de\/wp-json\/wp\/v2\/comments?post=4612"}],"wp:featuredmedia":[{"embeddable":true,"href":"https:\/\/www.christiegrey.com\/de\/wp-json\/wp\/v2\/media\/965"}],"wp:attachment":[{"href":"https:\/\/www.christiegrey.com\/de\/wp-json\/wp\/v2\/media?parent=4612"}],"wp:term":[{"taxonomy":"product_brand","embeddable":true,"href":"https:\/\/www.christiegrey.com\/de\/wp-json\/wp\/v2\/product_brand?post=4612"},{"taxonomy":"product_cat","embeddable":true,"href":"https:\/\/www.christiegrey.com\/de\/wp-json\/wp\/v2\/product_cat?post=4612"},{"taxonomy":"product_tag","embeddable":true,"href":"https:\/\/www.christiegrey.com\/de\/wp-json\/wp\/v2\/product_tag?post=4612"}],"curies":[{"name":"wp","href":"https:\/\/api.w.org\/{rel}","templated":true}]}}