{"id":4591,"date":"2025-12-25T10:23:04","date_gmt":"2025-12-25T10:23:04","guid":{"rendered":"https:\/\/www.christiegrey.com\/product\/marinflex\/"},"modified":"2025-12-25T10:23:04","modified_gmt":"2025-12-25T10:23:04","slug":"marinflex","status":"publish","type":"product","link":"https:\/\/www.christiegrey.com\/de\/produkt\/marinflex\/","title":{"rendered":"Marinflex"},"content":{"rendered":"<p>Seit vielen Jahren bieten diese Isolatoren eine \u00e4u\u00dferst effektive Kontrolle von Vibrationen, strukturbedingtem L\u00e4rm und Schock unter den strengsten und strengsten Bedingungen, wie sie auf maritimen und anderen mobilen Anlagen auftreten.<\/p>\n<p>Sie wurden auch sehr erfolgreich auf eine Vielzahl von Maschinen eingesetzt, die in Industrie- und B\u00fcrogeb\u00e4uden eingesetzt werden. Beide von uns entwickelten und hergestellten MPM-Isolatorgr\u00f6\u00dfen sind f\u00fcr konventionelle oder seitliche Montage als Sockel oder Halterung erh\u00e4ltlich. <\/p>\n<p>F\u00fcr jeden Isolatortyp und jede Gr\u00f6\u00dfe sind unterschiedliche Gummisteifigkeiten verf\u00fcgbar, was die Auswahl der Isolatoren mit den besten Eigenschaften f\u00fcr eine bestimmte Anwendung erleichtert.<\/p>\n","protected":false},"excerpt":{"rendered":"<p>Typ MPM und MPBM<\/p>\n","protected":false},"featured_media":943,"comment_status":"open","ping_status":"closed","template":"","meta":{"_acf_changed":false},"product_brand":[],"product_cat":[159,139,153,160],"product_tag":[],"class_list":{"0":"post-4591","1":"product","2":"type-product","3":"status-publish","4":"has-post-thumbnail","6":"product_cat-marine-erzeugung","7":"product_cat-marine-und-offshore-losungen","8":"product_cat-marine-abgase","9":"product_cat-marineantrieb","11":"first","12":"instock","13":"shipping-taxable","14":"purchasable","15":"product-type-simple"},"acf":[],"yoast_head":"<!-- This site is optimized with the Yoast SEO plugin v27.0 - https:\/\/yoast.com\/product\/yoast-seo-wordpress\/ -->\n<title>Marinflex MPM- und MPBM-Gummiisolatoren \u2013 Christie Grey<\/title>\n<meta name=\"description\" content=\"Marinflex MPM- und MPBM-Isolatoren reduzieren Vibrationen, L\u00e4rm und St\u00f6\u00dfe bei Marine-, Mobil-, Industrie- und B\u00fcromaschinen und bieten eine anpassbare Gummisteifigkeit.\" \/>\n<meta name=\"robots\" content=\"index, follow, max-snippet:-1, max-image-preview:large, max-video-preview:-1\" \/>\n<link rel=\"canonical\" href=\"https:\/\/www.christiegrey.com\/de\/produkt\/marinflex\/\" \/>\n<meta property=\"og:locale\" content=\"de_DE\" \/>\n<meta property=\"og:type\" content=\"article\" \/>\n<meta property=\"og:title\" content=\"Marinflex MPM- und MPBM-Gummiisolatoren \u2013 Christie Grey\" \/>\n<meta property=\"og:description\" content=\"Marinflex MPM- und MPBM-Isolatoren reduzieren Vibrationen, L\u00e4rm und St\u00f6\u00dfe bei Marine-, Mobil-, Industrie- und B\u00fcromaschinen und bieten eine anpassbare Gummisteifigkeit.\" \/>\n<meta property=\"og:url\" content=\"https:\/\/www.christiegrey.com\/de\/produkt\/marinflex\/\" \/>\n<meta property=\"article:publisher\" content=\"https:\/\/www.facebook.com\/christieandgreylimited\" \/>\n<meta property=\"og:image\" content=\"https:\/\/www.christiegrey.com\/wp-content\/uploads\/2025\/12\/mp_group.png\" \/>\n\t<meta property=\"og:image:width\" content=\"300\" \/>\n\t<meta property=\"og:image:height\" content=\"300\" \/>\n\t<meta property=\"og:image:type\" content=\"image\/png\" \/>\n<meta name=\"twitter:card\" content=\"summary_large_image\" \/>\n<meta name=\"twitter:site\" content=\"@christiegreyltd\" \/>\n<meta name=\"twitter:label1\" content=\"Gesch\u00e4tzte Lesezeit\" \/>\n\t<meta name=\"twitter:data1\" content=\"1\u00a0Minute\" \/>\n<script type=\"application\/ld+json\" class=\"yoast-schema-graph\">{\"@context\":\"https:\/\/schema.org\",\"@graph\":[{\"@type\":\"WebPage\",\"@id\":\"https:\/\/www.christiegrey.com\/de\/produkt\/marinflex\/\",\"url\":\"https:\/\/www.christiegrey.com\/de\/produkt\/marinflex\/\",\"name\":\"Marinflex MPM- und MPBM-Gummiisolatoren \u2013 Christie Grey\",\"isPartOf\":{\"@id\":\"https:\/\/www.christiegrey.com\/#website\"},\"primaryImageOfPage\":{\"@id\":\"https:\/\/www.christiegrey.com\/de\/produkt\/marinflex\/#primaryimage\"},\"image\":{\"@id\":\"https:\/\/www.christiegrey.com\/de\/produkt\/marinflex\/#primaryimage\"},\"thumbnailUrl\":\"https:\/\/www.christiegrey.com\/wp-content\/uploads\/2025\/12\/mp_group.png\",\"datePublished\":\"2025-12-25T10:23:04+00:00\",\"description\":\"Marinflex MPM- und MPBM-Isolatoren reduzieren Vibrationen, L\u00e4rm und St\u00f6\u00dfe bei Marine-, Mobil-, Industrie- und B\u00fcromaschinen und bieten eine anpassbare Gummisteifigkeit.\",\"breadcrumb\":{\"@id\":\"https:\/\/www.christiegrey.com\/de\/produkt\/marinflex\/#breadcrumb\"},\"inLanguage\":\"de\",\"potentialAction\":[{\"@type\":\"ReadAction\",\"target\":[\"https:\/\/www.christiegrey.com\/de\/produkt\/marinflex\/\"]}]},{\"@type\":\"ImageObject\",\"inLanguage\":\"de\",\"@id\":\"https:\/\/www.christiegrey.com\/de\/produkt\/marinflex\/#primaryimage\",\"url\":\"https:\/\/www.christiegrey.com\/wp-content\/uploads\/2025\/12\/mp_group.png\",\"contentUrl\":\"https:\/\/www.christiegrey.com\/wp-content\/uploads\/2025\/12\/mp_group.png\",\"width\":300,\"height\":300,\"caption\":\"Marinflex MPM\/MPBM vibration isolators\"},{\"@type\":\"BreadcrumbList\",\"@id\":\"https:\/\/www.christiegrey.com\/de\/produkt\/marinflex\/#breadcrumb\",\"itemListElement\":[{\"@type\":\"ListItem\",\"position\":1,\"name\":\"Zuhause\",\"item\":\"https:\/\/www.christiegrey.com\/\"},{\"@type\":\"ListItem\",\"position\":2,\"name\":\"Unsere Produkte\",\"item\":\"https:\/\/www.christiegrey.com\/products\/\"},{\"@type\":\"ListItem\",\"position\":3,\"name\":\"Marinflex\"}]},{\"@type\":\"WebSite\",\"@id\":\"https:\/\/www.christiegrey.com\/#website\",\"url\":\"https:\/\/www.christiegrey.com\/\",\"name\":\"Christie & Grey\",\"description\":\"\",\"publisher\":{\"@id\":\"https:\/\/www.christiegrey.com\/#organization\"},\"potentialAction\":[{\"@type\":\"SearchAction\",\"target\":{\"@type\":\"EntryPoint\",\"urlTemplate\":\"https:\/\/www.christiegrey.com\/?s={search_term_string}\"},\"query-input\":{\"@type\":\"PropertyValueSpecification\",\"valueRequired\":true,\"valueName\":\"search_term_string\"}}],\"inLanguage\":\"de\"},{\"@type\":\"Organization\",\"@id\":\"https:\/\/www.christiegrey.com\/#organization\",\"name\":\"Christie & Grey\",\"url\":\"https:\/\/www.christiegrey.com\/\",\"logo\":{\"@type\":\"ImageObject\",\"inLanguage\":\"de\",\"@id\":\"https:\/\/www.christiegrey.com\/#\/schema\/logo\/image\/\",\"url\":\"https:\/\/www.christiegrey.com\/wp-content\/uploads\/2026\/02\/cropped-logo-scaled-1.png\",\"contentUrl\":\"https:\/\/www.christiegrey.com\/wp-content\/uploads\/2026\/02\/cropped-logo-scaled-1.png\",\"width\":250,\"height\":90,\"caption\":\"Christie & Grey\"},\"image\":{\"@id\":\"https:\/\/www.christiegrey.com\/#\/schema\/logo\/image\/\"},\"sameAs\":[\"https:\/\/www.facebook.com\/christieandgreylimited\",\"https:\/\/x.com\/christiegreyltd\"]}]}<\/script>\n<!-- \/ Yoast SEO plugin. -->","yoast_head_json":{"title":"Marinflex MPM- und MPBM-Gummiisolatoren \u2013 Christie Grey","description":"Marinflex MPM- und MPBM-Isolatoren reduzieren Vibrationen, L\u00e4rm und St\u00f6\u00dfe bei Marine-, Mobil-, Industrie- und B\u00fcromaschinen und bieten eine anpassbare Gummisteifigkeit.","robots":{"index":"index","follow":"follow","max-snippet":"max-snippet:-1","max-image-preview":"max-image-preview:large","max-video-preview":"max-video-preview:-1"},"canonical":"https:\/\/www.christiegrey.com\/de\/produkt\/marinflex\/","og_locale":"de_DE","og_type":"article","og_title":"Marinflex MPM- und MPBM-Gummiisolatoren \u2013 Christie Grey","og_description":"Marinflex MPM- und MPBM-Isolatoren reduzieren Vibrationen, L\u00e4rm und St\u00f6\u00dfe bei Marine-, Mobil-, Industrie- und B\u00fcromaschinen und bieten eine anpassbare Gummisteifigkeit.","og_url":"https:\/\/www.christiegrey.com\/de\/produkt\/marinflex\/","article_publisher":"https:\/\/www.facebook.com\/christieandgreylimited","og_image":[{"width":300,"height":300,"url":"https:\/\/www.christiegrey.com\/wp-content\/uploads\/2025\/12\/mp_group.png","type":"image\/png"}],"twitter_card":"summary_large_image","twitter_site":"@christiegreyltd","twitter_misc":{"Gesch\u00e4tzte Lesezeit":"1\u00a0Minute"},"schema":{"@context":"https:\/\/schema.org","@graph":[{"@type":"WebPage","@id":"https:\/\/www.christiegrey.com\/de\/produkt\/marinflex\/","url":"https:\/\/www.christiegrey.com\/de\/produkt\/marinflex\/","name":"Marinflex MPM- und MPBM-Gummiisolatoren \u2013 Christie Grey","isPartOf":{"@id":"https:\/\/www.christiegrey.com\/#website"},"primaryImageOfPage":{"@id":"https:\/\/www.christiegrey.com\/de\/produkt\/marinflex\/#primaryimage"},"image":{"@id":"https:\/\/www.christiegrey.com\/de\/produkt\/marinflex\/#primaryimage"},"thumbnailUrl":"https:\/\/www.christiegrey.com\/wp-content\/uploads\/2025\/12\/mp_group.png","datePublished":"2025-12-25T10:23:04+00:00","description":"Marinflex MPM- und MPBM-Isolatoren reduzieren Vibrationen, L\u00e4rm und St\u00f6\u00dfe bei Marine-, Mobil-, Industrie- und B\u00fcromaschinen und bieten eine anpassbare Gummisteifigkeit.","breadcrumb":{"@id":"https:\/\/www.christiegrey.com\/de\/produkt\/marinflex\/#breadcrumb"},"inLanguage":"de","potentialAction":[{"@type":"ReadAction","target":["https:\/\/www.christiegrey.com\/de\/produkt\/marinflex\/"]}]},{"@type":"ImageObject","inLanguage":"de","@id":"https:\/\/www.christiegrey.com\/de\/produkt\/marinflex\/#primaryimage","url":"https:\/\/www.christiegrey.com\/wp-content\/uploads\/2025\/12\/mp_group.png","contentUrl":"https:\/\/www.christiegrey.com\/wp-content\/uploads\/2025\/12\/mp_group.png","width":300,"height":300,"caption":"Marinflex MPM\/MPBM vibration isolators"},{"@type":"BreadcrumbList","@id":"https:\/\/www.christiegrey.com\/de\/produkt\/marinflex\/#breadcrumb","itemListElement":[{"@type":"ListItem","position":1,"name":"Zuhause","item":"https:\/\/www.christiegrey.com\/"},{"@type":"ListItem","position":2,"name":"Unsere Produkte","item":"https:\/\/www.christiegrey.com\/products\/"},{"@type":"ListItem","position":3,"name":"Marinflex"}]},{"@type":"WebSite","@id":"https:\/\/www.christiegrey.com\/#website","url":"https:\/\/www.christiegrey.com\/","name":"Christie & Grey","description":"","publisher":{"@id":"https:\/\/www.christiegrey.com\/#organization"},"potentialAction":[{"@type":"SearchAction","target":{"@type":"EntryPoint","urlTemplate":"https:\/\/www.christiegrey.com\/?s={search_term_string}"},"query-input":{"@type":"PropertyValueSpecification","valueRequired":true,"valueName":"search_term_string"}}],"inLanguage":"de"},{"@type":"Organization","@id":"https:\/\/www.christiegrey.com\/#organization","name":"Christie & Grey","url":"https:\/\/www.christiegrey.com\/","logo":{"@type":"ImageObject","inLanguage":"de","@id":"https:\/\/www.christiegrey.com\/#\/schema\/logo\/image\/","url":"https:\/\/www.christiegrey.com\/wp-content\/uploads\/2026\/02\/cropped-logo-scaled-1.png","contentUrl":"https:\/\/www.christiegrey.com\/wp-content\/uploads\/2026\/02\/cropped-logo-scaled-1.png","width":250,"height":90,"caption":"Christie & Grey"},"image":{"@id":"https:\/\/www.christiegrey.com\/#\/schema\/logo\/image\/"},"sameAs":["https:\/\/www.facebook.com\/christieandgreylimited","https:\/\/x.com\/christiegreyltd"]}]}},"_links":{"self":[{"href":"https:\/\/www.christiegrey.com\/de\/wp-json\/wp\/v2\/product\/4591","targetHints":{"allow":["GET"]}}],"collection":[{"href":"https:\/\/www.christiegrey.com\/de\/wp-json\/wp\/v2\/product"}],"about":[{"href":"https:\/\/www.christiegrey.com\/de\/wp-json\/wp\/v2\/types\/product"}],"replies":[{"embeddable":true,"href":"https:\/\/www.christiegrey.com\/de\/wp-json\/wp\/v2\/comments?post=4591"}],"wp:featuredmedia":[{"embeddable":true,"href":"https:\/\/www.christiegrey.com\/de\/wp-json\/wp\/v2\/media\/943"}],"wp:attachment":[{"href":"https:\/\/www.christiegrey.com\/de\/wp-json\/wp\/v2\/media?parent=4591"}],"wp:term":[{"taxonomy":"product_brand","embeddable":true,"href":"https:\/\/www.christiegrey.com\/de\/wp-json\/wp\/v2\/product_brand?post=4591"},{"taxonomy":"product_cat","embeddable":true,"href":"https:\/\/www.christiegrey.com\/de\/wp-json\/wp\/v2\/product_cat?post=4591"},{"taxonomy":"product_tag","embeddable":true,"href":"https:\/\/www.christiegrey.com\/de\/wp-json\/wp\/v2\/product_tag?post=4591"}],"curies":[{"name":"wp","href":"https:\/\/api.w.org\/{rel}","templated":true}]}}