{"id":4585,"date":"2025-12-25T10:54:56","date_gmt":"2025-12-25T10:54:56","guid":{"rendered":"https:\/\/www.christiegrey.com\/product\/stossbefestigungen-6\/"},"modified":"2025-12-25T10:54:56","modified_gmt":"2025-12-25T10:54:56","slug":"stossbefestigungen-6","status":"publish","type":"product","link":"https:\/\/www.christiegrey.com\/de\/produkt\/stossbefestigungen-6\/","title":{"rendered":"Sto\u00dfbefestigungen"},"content":{"rendered":"<p>Typ FCR-Sto\u00dfd\u00e4mpfer sind \u00e4u\u00dferst effektiv darin, die \u00dcbertragung von Vibrationen, strukturellem L\u00e4rm und Sto\u00df aus einer Vielzahl rotierender und hin- und hergehender Maschinen zu reduzieren und empfindliche Ger\u00e4te vor \u00e4u\u00dferen St\u00f6rungen zu sch\u00fctzen.<\/p>\n","protected":false},"excerpt":{"rendered":"<p>Typ FCR<\/p>\n","protected":false},"featured_media":961,"comment_status":"open","ping_status":"closed","template":"","meta":{"_acf_changed":false},"product_brand":[],"product_cat":[121,159,140,139,134],"product_tag":[],"class_list":{"0":"post-4585","1":"product","2":"type-product","3":"status-publish","4":"has-post-thumbnail","6":"product_cat-industrielle-losungen","7":"product_cat-marine-erzeugung","8":"product_cat-marine-nebenfunktionen","9":"product_cat-marine-und-offshore-losungen","10":"product_cat-stromerzeugung","12":"first","13":"instock","14":"shipping-taxable","15":"purchasable","16":"product-type-simple"},"acf":[],"yoast_head":"<!-- This site is optimized with the Yoast SEO plugin v27.0 - https:\/\/yoast.com\/product\/yoast-seo-wordpress\/ -->\n<title>FCR-Sto\u00dfd\u00e4mpfer \u2013 Vibrations- und L\u00e4rmschutz<\/title>\n<meta name=\"description\" content=\"FCR-Sto\u00dfmontagen reduzieren Vibrationen, strukturelle Ger\u00e4usche und St\u00f6\u00dfe von Maschinen und sch\u00fctzen empfindliche Ger\u00e4te vor \u00e4u\u00dferen St\u00f6rungen.\" \/>\n<meta name=\"robots\" content=\"index, follow, max-snippet:-1, max-image-preview:large, max-video-preview:-1\" \/>\n<link rel=\"canonical\" href=\"https:\/\/www.christiegrey.com\/de\/produkt\/stossbefestigungen-6\/\" \/>\n<meta property=\"og:locale\" content=\"de_DE\" \/>\n<meta property=\"og:type\" content=\"article\" \/>\n<meta property=\"og:title\" content=\"FCR-Sto\u00dfd\u00e4mpfer \u2013 Vibrations- und L\u00e4rmschutz\" \/>\n<meta property=\"og:description\" content=\"FCR-Sto\u00dfmontagen reduzieren Vibrationen, strukturelle Ger\u00e4usche und St\u00f6\u00dfe von Maschinen und sch\u00fctzen empfindliche Ger\u00e4te vor \u00e4u\u00dferen St\u00f6rungen.\" \/>\n<meta property=\"og:url\" content=\"https:\/\/www.christiegrey.com\/de\/produkt\/stossbefestigungen-6\/\" \/>\n<meta property=\"article:publisher\" content=\"https:\/\/www.facebook.com\/christieandgreylimited\" \/>\n<meta property=\"og:image\" content=\"https:\/\/www.christiegrey.com\/wp-content\/uploads\/2025\/12\/fcr.png\" \/>\n\t<meta property=\"og:image:width\" content=\"300\" \/>\n\t<meta property=\"og:image:height\" content=\"300\" \/>\n\t<meta property=\"og:image:type\" content=\"image\/png\" \/>\n<meta name=\"twitter:card\" content=\"summary_large_image\" \/>\n<meta name=\"twitter:site\" content=\"@christiegreyltd\" \/>\n<script type=\"application\/ld+json\" class=\"yoast-schema-graph\">{\"@context\":\"https:\/\/schema.org\",\"@graph\":[{\"@type\":\"WebPage\",\"@id\":\"https:\/\/www.christiegrey.com\/de\/produkt\/stossbefestigungen-6\/\",\"url\":\"https:\/\/www.christiegrey.com\/de\/produkt\/stossbefestigungen-6\/\",\"name\":\"FCR-Sto\u00dfd\u00e4mpfer \u2013 Vibrations- und L\u00e4rmschutz\",\"isPartOf\":{\"@id\":\"https:\/\/www.christiegrey.com\/#website\"},\"primaryImageOfPage\":{\"@id\":\"https:\/\/www.christiegrey.com\/de\/produkt\/stossbefestigungen-6\/#primaryimage\"},\"image\":{\"@id\":\"https:\/\/www.christiegrey.com\/de\/produkt\/stossbefestigungen-6\/#primaryimage\"},\"thumbnailUrl\":\"https:\/\/www.christiegrey.com\/wp-content\/uploads\/2025\/12\/fcr.png\",\"datePublished\":\"2025-12-25T10:54:56+00:00\",\"description\":\"FCR-Sto\u00dfmontagen reduzieren Vibrationen, strukturelle Ger\u00e4usche und St\u00f6\u00dfe von Maschinen und sch\u00fctzen empfindliche Ger\u00e4te vor \u00e4u\u00dferen St\u00f6rungen.\",\"breadcrumb\":{\"@id\":\"https:\/\/www.christiegrey.com\/de\/produkt\/stossbefestigungen-6\/#breadcrumb\"},\"inLanguage\":\"de\",\"potentialAction\":[{\"@type\":\"ReadAction\",\"target\":[\"https:\/\/www.christiegrey.com\/de\/produkt\/stossbefestigungen-6\/\"]}]},{\"@type\":\"ImageObject\",\"inLanguage\":\"de\",\"@id\":\"https:\/\/www.christiegrey.com\/de\/produkt\/stossbefestigungen-6\/#primaryimage\",\"url\":\"https:\/\/www.christiegrey.com\/wp-content\/uploads\/2025\/12\/fcr.png\",\"contentUrl\":\"https:\/\/www.christiegrey.com\/wp-content\/uploads\/2025\/12\/fcr.png\",\"width\":300,\"height\":300,\"caption\":\"Type FCR shock mounts for vibration and noise reduction\"},{\"@type\":\"BreadcrumbList\",\"@id\":\"https:\/\/www.christiegrey.com\/de\/produkt\/stossbefestigungen-6\/#breadcrumb\",\"itemListElement\":[{\"@type\":\"ListItem\",\"position\":1,\"name\":\"Zuhause\",\"item\":\"https:\/\/www.christiegrey.com\/\"},{\"@type\":\"ListItem\",\"position\":2,\"name\":\"Unsere Produkte\",\"item\":\"https:\/\/www.christiegrey.com\/products\/\"},{\"@type\":\"ListItem\",\"position\":3,\"name\":\"Sto\u00dfbefestigungen\"}]},{\"@type\":\"WebSite\",\"@id\":\"https:\/\/www.christiegrey.com\/#website\",\"url\":\"https:\/\/www.christiegrey.com\/\",\"name\":\"Christie & Grey\",\"description\":\"\",\"publisher\":{\"@id\":\"https:\/\/www.christiegrey.com\/#organization\"},\"potentialAction\":[{\"@type\":\"SearchAction\",\"target\":{\"@type\":\"EntryPoint\",\"urlTemplate\":\"https:\/\/www.christiegrey.com\/?s={search_term_string}\"},\"query-input\":{\"@type\":\"PropertyValueSpecification\",\"valueRequired\":true,\"valueName\":\"search_term_string\"}}],\"inLanguage\":\"de\"},{\"@type\":\"Organization\",\"@id\":\"https:\/\/www.christiegrey.com\/#organization\",\"name\":\"Christie & Grey\",\"url\":\"https:\/\/www.christiegrey.com\/\",\"logo\":{\"@type\":\"ImageObject\",\"inLanguage\":\"de\",\"@id\":\"https:\/\/www.christiegrey.com\/#\/schema\/logo\/image\/\",\"url\":\"https:\/\/www.christiegrey.com\/wp-content\/uploads\/2026\/02\/cropped-logo-scaled-1.png\",\"contentUrl\":\"https:\/\/www.christiegrey.com\/wp-content\/uploads\/2026\/02\/cropped-logo-scaled-1.png\",\"width\":250,\"height\":90,\"caption\":\"Christie & Grey\"},\"image\":{\"@id\":\"https:\/\/www.christiegrey.com\/#\/schema\/logo\/image\/\"},\"sameAs\":[\"https:\/\/www.facebook.com\/christieandgreylimited\",\"https:\/\/x.com\/christiegreyltd\"]}]}<\/script>\n<!-- \/ Yoast SEO plugin. -->","yoast_head_json":{"title":"FCR-Sto\u00dfd\u00e4mpfer \u2013 Vibrations- und L\u00e4rmschutz","description":"FCR-Sto\u00dfmontagen reduzieren Vibrationen, strukturelle Ger\u00e4usche und St\u00f6\u00dfe von Maschinen und sch\u00fctzen empfindliche Ger\u00e4te vor \u00e4u\u00dferen St\u00f6rungen.","robots":{"index":"index","follow":"follow","max-snippet":"max-snippet:-1","max-image-preview":"max-image-preview:large","max-video-preview":"max-video-preview:-1"},"canonical":"https:\/\/www.christiegrey.com\/de\/produkt\/stossbefestigungen-6\/","og_locale":"de_DE","og_type":"article","og_title":"FCR-Sto\u00dfd\u00e4mpfer \u2013 Vibrations- und L\u00e4rmschutz","og_description":"FCR-Sto\u00dfmontagen reduzieren Vibrationen, strukturelle Ger\u00e4usche und St\u00f6\u00dfe von Maschinen und sch\u00fctzen empfindliche Ger\u00e4te vor \u00e4u\u00dferen St\u00f6rungen.","og_url":"https:\/\/www.christiegrey.com\/de\/produkt\/stossbefestigungen-6\/","article_publisher":"https:\/\/www.facebook.com\/christieandgreylimited","og_image":[{"width":300,"height":300,"url":"https:\/\/www.christiegrey.com\/wp-content\/uploads\/2025\/12\/fcr.png","type":"image\/png"}],"twitter_card":"summary_large_image","twitter_site":"@christiegreyltd","schema":{"@context":"https:\/\/schema.org","@graph":[{"@type":"WebPage","@id":"https:\/\/www.christiegrey.com\/de\/produkt\/stossbefestigungen-6\/","url":"https:\/\/www.christiegrey.com\/de\/produkt\/stossbefestigungen-6\/","name":"FCR-Sto\u00dfd\u00e4mpfer \u2013 Vibrations- und L\u00e4rmschutz","isPartOf":{"@id":"https:\/\/www.christiegrey.com\/#website"},"primaryImageOfPage":{"@id":"https:\/\/www.christiegrey.com\/de\/produkt\/stossbefestigungen-6\/#primaryimage"},"image":{"@id":"https:\/\/www.christiegrey.com\/de\/produkt\/stossbefestigungen-6\/#primaryimage"},"thumbnailUrl":"https:\/\/www.christiegrey.com\/wp-content\/uploads\/2025\/12\/fcr.png","datePublished":"2025-12-25T10:54:56+00:00","description":"FCR-Sto\u00dfmontagen reduzieren Vibrationen, strukturelle Ger\u00e4usche und St\u00f6\u00dfe von Maschinen und sch\u00fctzen empfindliche Ger\u00e4te vor \u00e4u\u00dferen St\u00f6rungen.","breadcrumb":{"@id":"https:\/\/www.christiegrey.com\/de\/produkt\/stossbefestigungen-6\/#breadcrumb"},"inLanguage":"de","potentialAction":[{"@type":"ReadAction","target":["https:\/\/www.christiegrey.com\/de\/produkt\/stossbefestigungen-6\/"]}]},{"@type":"ImageObject","inLanguage":"de","@id":"https:\/\/www.christiegrey.com\/de\/produkt\/stossbefestigungen-6\/#primaryimage","url":"https:\/\/www.christiegrey.com\/wp-content\/uploads\/2025\/12\/fcr.png","contentUrl":"https:\/\/www.christiegrey.com\/wp-content\/uploads\/2025\/12\/fcr.png","width":300,"height":300,"caption":"Type FCR shock mounts for vibration and noise reduction"},{"@type":"BreadcrumbList","@id":"https:\/\/www.christiegrey.com\/de\/produkt\/stossbefestigungen-6\/#breadcrumb","itemListElement":[{"@type":"ListItem","position":1,"name":"Zuhause","item":"https:\/\/www.christiegrey.com\/"},{"@type":"ListItem","position":2,"name":"Unsere Produkte","item":"https:\/\/www.christiegrey.com\/products\/"},{"@type":"ListItem","position":3,"name":"Sto\u00dfbefestigungen"}]},{"@type":"WebSite","@id":"https:\/\/www.christiegrey.com\/#website","url":"https:\/\/www.christiegrey.com\/","name":"Christie & Grey","description":"","publisher":{"@id":"https:\/\/www.christiegrey.com\/#organization"},"potentialAction":[{"@type":"SearchAction","target":{"@type":"EntryPoint","urlTemplate":"https:\/\/www.christiegrey.com\/?s={search_term_string}"},"query-input":{"@type":"PropertyValueSpecification","valueRequired":true,"valueName":"search_term_string"}}],"inLanguage":"de"},{"@type":"Organization","@id":"https:\/\/www.christiegrey.com\/#organization","name":"Christie & Grey","url":"https:\/\/www.christiegrey.com\/","logo":{"@type":"ImageObject","inLanguage":"de","@id":"https:\/\/www.christiegrey.com\/#\/schema\/logo\/image\/","url":"https:\/\/www.christiegrey.com\/wp-content\/uploads\/2026\/02\/cropped-logo-scaled-1.png","contentUrl":"https:\/\/www.christiegrey.com\/wp-content\/uploads\/2026\/02\/cropped-logo-scaled-1.png","width":250,"height":90,"caption":"Christie & Grey"},"image":{"@id":"https:\/\/www.christiegrey.com\/#\/schema\/logo\/image\/"},"sameAs":["https:\/\/www.facebook.com\/christieandgreylimited","https:\/\/x.com\/christiegreyltd"]}]}},"_links":{"self":[{"href":"https:\/\/www.christiegrey.com\/de\/wp-json\/wp\/v2\/product\/4585","targetHints":{"allow":["GET"]}}],"collection":[{"href":"https:\/\/www.christiegrey.com\/de\/wp-json\/wp\/v2\/product"}],"about":[{"href":"https:\/\/www.christiegrey.com\/de\/wp-json\/wp\/v2\/types\/product"}],"replies":[{"embeddable":true,"href":"https:\/\/www.christiegrey.com\/de\/wp-json\/wp\/v2\/comments?post=4585"}],"wp:featuredmedia":[{"embeddable":true,"href":"https:\/\/www.christiegrey.com\/de\/wp-json\/wp\/v2\/media\/961"}],"wp:attachment":[{"href":"https:\/\/www.christiegrey.com\/de\/wp-json\/wp\/v2\/media?parent=4585"}],"wp:term":[{"taxonomy":"product_brand","embeddable":true,"href":"https:\/\/www.christiegrey.com\/de\/wp-json\/wp\/v2\/product_brand?post=4585"},{"taxonomy":"product_cat","embeddable":true,"href":"https:\/\/www.christiegrey.com\/de\/wp-json\/wp\/v2\/product_cat?post=4585"},{"taxonomy":"product_tag","embeddable":true,"href":"https:\/\/www.christiegrey.com\/de\/wp-json\/wp\/v2\/product_tag?post=4585"}],"curies":[{"name":"wp","href":"https:\/\/api.w.org\/{rel}","templated":true}]}}