{"id":4583,"date":"2025-12-25T10:58:43","date_gmt":"2025-12-25T10:58:43","guid":{"rendered":"https:\/\/www.christiegrey.com\/product\/stossbefestigungen-5\/"},"modified":"2025-12-25T10:58:43","modified_gmt":"2025-12-25T10:58:43","slug":"stossbefestigungen-5","status":"publish","type":"product","link":"https:\/\/www.christiegrey.com\/de\/produkt\/stossbefestigungen-5\/","title":{"rendered":"Sto\u00dfbefestigungen"},"content":{"rendered":"<p>Typ PD \u2013 Eine von mehreren Gummisto\u00df- und Vibrationshalterungen, die vom Schiffsministerium des Verteidigungsministeriums BR.3021 Sto\u00dfhandbuch erh\u00e4ltlich sind. <\/p>\n<p>Die optionale VSU \u2013 Vertical Stop Unit (links mit den roten Gummid\u00e4mpferscheiben abgebildet) und die stabilen Endsicherungs-Rechtecks-Sandwich-Montagen (rechts abgebildet) werden verwendet, um die Sto\u00dfverschiebungen und die Reaktion auf Schiffsbewegungen zu begrenzen.<\/p>\n<p>VSU Vertical Stop UnitTypische Details einer Anwendung mit Christie &amp; Grey Marine Shock Mountings Rechteckigen Sandwich-Montagen.<\/p>\n","protected":false},"excerpt":{"rendered":"<p>Typ-PD-Gr\u00f6\u00dfen P5D, P7D &amp; P81\/4D<\/p>\n","protected":false},"featured_media":963,"comment_status":"open","ping_status":"closed","template":"","meta":{"_acf_changed":false},"product_brand":[],"product_cat":[159,140,139],"product_tag":[],"class_list":{"0":"post-4583","1":"product","2":"type-product","3":"status-publish","4":"has-post-thumbnail","6":"product_cat-marine-erzeugung","7":"product_cat-marine-nebenfunktionen","8":"product_cat-marine-und-offshore-losungen","10":"first","11":"instock","12":"shipping-taxable","13":"purchasable","14":"product-type-simple"},"acf":[],"yoast_head":"<!-- This site is optimized with the Yoast SEO plugin v27.0 - https:\/\/yoast.com\/product\/yoast-seo-wordpress\/ -->\n<title>PD Gummisto\u00dfd\u00e4mpfer \u2013 Marine Vibrations- und Sto\u00dfkontrolle<\/title>\n<meta name=\"description\" content=\"PD-Sto\u00dfd\u00fcrfmontagen (P5D, P7D &amp; P81\/4D) reduzieren Vibrationen und St\u00f6\u00dfe in maritimen Anwendungen, mit optionalen VSU- und rechteckigen Sandwich-Halterungen zur Verdr\u00e4ngungskontrolle.\" \/>\n<meta name=\"robots\" content=\"index, follow, max-snippet:-1, max-image-preview:large, max-video-preview:-1\" \/>\n<link rel=\"canonical\" href=\"https:\/\/www.christiegrey.com\/de\/produkt\/stossbefestigungen-5\/\" \/>\n<meta property=\"og:locale\" content=\"de_DE\" \/>\n<meta property=\"og:type\" content=\"article\" \/>\n<meta property=\"og:title\" content=\"PD Gummisto\u00dfd\u00e4mpfer \u2013 Marine Vibrations- und Sto\u00dfkontrolle\" \/>\n<meta property=\"og:description\" content=\"PD-Sto\u00dfd\u00fcrfmontagen (P5D, P7D &amp; P81\/4D) reduzieren Vibrationen und St\u00f6\u00dfe in maritimen Anwendungen, mit optionalen VSU- und rechteckigen Sandwich-Halterungen zur Verdr\u00e4ngungskontrolle.\" \/>\n<meta property=\"og:url\" content=\"https:\/\/www.christiegrey.com\/de\/produkt\/stossbefestigungen-5\/\" \/>\n<meta property=\"article:publisher\" content=\"https:\/\/www.facebook.com\/christieandgreylimited\" \/>\n<meta property=\"og:image\" content=\"https:\/\/www.christiegrey.com\/wp-content\/uploads\/2025\/12\/pd.png\" \/>\n\t<meta property=\"og:image:width\" content=\"300\" \/>\n\t<meta property=\"og:image:height\" content=\"300\" \/>\n\t<meta property=\"og:image:type\" content=\"image\/png\" \/>\n<meta name=\"twitter:card\" content=\"summary_large_image\" \/>\n<meta name=\"twitter:site\" content=\"@christiegreyltd\" \/>\n<script type=\"application\/ld+json\" class=\"yoast-schema-graph\">{\"@context\":\"https:\/\/schema.org\",\"@graph\":[{\"@type\":\"WebPage\",\"@id\":\"https:\/\/www.christiegrey.com\/de\/produkt\/stossbefestigungen-5\/\",\"url\":\"https:\/\/www.christiegrey.com\/de\/produkt\/stossbefestigungen-5\/\",\"name\":\"PD Gummisto\u00dfd\u00e4mpfer \u2013 Marine Vibrations- und Sto\u00dfkontrolle\",\"isPartOf\":{\"@id\":\"https:\/\/www.christiegrey.com\/#website\"},\"primaryImageOfPage\":{\"@id\":\"https:\/\/www.christiegrey.com\/de\/produkt\/stossbefestigungen-5\/#primaryimage\"},\"image\":{\"@id\":\"https:\/\/www.christiegrey.com\/de\/produkt\/stossbefestigungen-5\/#primaryimage\"},\"thumbnailUrl\":\"https:\/\/www.christiegrey.com\/wp-content\/uploads\/2025\/12\/pd.png\",\"datePublished\":\"2025-12-25T10:58:43+00:00\",\"description\":\"PD-Sto\u00dfd\u00fcrfmontagen (P5D, P7D & P81\/4D) reduzieren Vibrationen und St\u00f6\u00dfe in maritimen Anwendungen, mit optionalen VSU- und rechteckigen Sandwich-Halterungen zur Verdr\u00e4ngungskontrolle.\",\"breadcrumb\":{\"@id\":\"https:\/\/www.christiegrey.com\/de\/produkt\/stossbefestigungen-5\/#breadcrumb\"},\"inLanguage\":\"de\",\"potentialAction\":[{\"@type\":\"ReadAction\",\"target\":[\"https:\/\/www.christiegrey.com\/de\/produkt\/stossbefestigungen-5\/\"]}]},{\"@type\":\"ImageObject\",\"inLanguage\":\"de\",\"@id\":\"https:\/\/www.christiegrey.com\/de\/produkt\/stossbefestigungen-5\/#primaryimage\",\"url\":\"https:\/\/www.christiegrey.com\/wp-content\/uploads\/2025\/12\/pd.png\",\"contentUrl\":\"https:\/\/www.christiegrey.com\/wp-content\/uploads\/2025\/12\/pd.png\",\"width\":300,\"height\":300,\"caption\":\"Type PD marine rubber shock and vibration mount\"},{\"@type\":\"BreadcrumbList\",\"@id\":\"https:\/\/www.christiegrey.com\/de\/produkt\/stossbefestigungen-5\/#breadcrumb\",\"itemListElement\":[{\"@type\":\"ListItem\",\"position\":1,\"name\":\"Zuhause\",\"item\":\"https:\/\/www.christiegrey.com\/\"},{\"@type\":\"ListItem\",\"position\":2,\"name\":\"Unsere Produkte\",\"item\":\"https:\/\/www.christiegrey.com\/products\/\"},{\"@type\":\"ListItem\",\"position\":3,\"name\":\"Sto\u00dfbefestigungen\"}]},{\"@type\":\"WebSite\",\"@id\":\"https:\/\/www.christiegrey.com\/#website\",\"url\":\"https:\/\/www.christiegrey.com\/\",\"name\":\"Christie & Grey\",\"description\":\"\",\"publisher\":{\"@id\":\"https:\/\/www.christiegrey.com\/#organization\"},\"potentialAction\":[{\"@type\":\"SearchAction\",\"target\":{\"@type\":\"EntryPoint\",\"urlTemplate\":\"https:\/\/www.christiegrey.com\/?s={search_term_string}\"},\"query-input\":{\"@type\":\"PropertyValueSpecification\",\"valueRequired\":true,\"valueName\":\"search_term_string\"}}],\"inLanguage\":\"de\"},{\"@type\":\"Organization\",\"@id\":\"https:\/\/www.christiegrey.com\/#organization\",\"name\":\"Christie & Grey\",\"url\":\"https:\/\/www.christiegrey.com\/\",\"logo\":{\"@type\":\"ImageObject\",\"inLanguage\":\"de\",\"@id\":\"https:\/\/www.christiegrey.com\/#\/schema\/logo\/image\/\",\"url\":\"https:\/\/www.christiegrey.com\/wp-content\/uploads\/2026\/02\/cropped-logo-scaled-1.png\",\"contentUrl\":\"https:\/\/www.christiegrey.com\/wp-content\/uploads\/2026\/02\/cropped-logo-scaled-1.png\",\"width\":250,\"height\":90,\"caption\":\"Christie & Grey\"},\"image\":{\"@id\":\"https:\/\/www.christiegrey.com\/#\/schema\/logo\/image\/\"},\"sameAs\":[\"https:\/\/www.facebook.com\/christieandgreylimited\",\"https:\/\/x.com\/christiegreyltd\"]}]}<\/script>\n<!-- \/ Yoast SEO plugin. -->","yoast_head_json":{"title":"PD Gummisto\u00dfd\u00e4mpfer \u2013 Marine Vibrations- und Sto\u00dfkontrolle","description":"PD-Sto\u00dfd\u00fcrfmontagen (P5D, P7D & P81\/4D) reduzieren Vibrationen und St\u00f6\u00dfe in maritimen Anwendungen, mit optionalen VSU- und rechteckigen Sandwich-Halterungen zur Verdr\u00e4ngungskontrolle.","robots":{"index":"index","follow":"follow","max-snippet":"max-snippet:-1","max-image-preview":"max-image-preview:large","max-video-preview":"max-video-preview:-1"},"canonical":"https:\/\/www.christiegrey.com\/de\/produkt\/stossbefestigungen-5\/","og_locale":"de_DE","og_type":"article","og_title":"PD Gummisto\u00dfd\u00e4mpfer \u2013 Marine Vibrations- und Sto\u00dfkontrolle","og_description":"PD-Sto\u00dfd\u00fcrfmontagen (P5D, P7D & P81\/4D) reduzieren Vibrationen und St\u00f6\u00dfe in maritimen Anwendungen, mit optionalen VSU- und rechteckigen Sandwich-Halterungen zur Verdr\u00e4ngungskontrolle.","og_url":"https:\/\/www.christiegrey.com\/de\/produkt\/stossbefestigungen-5\/","article_publisher":"https:\/\/www.facebook.com\/christieandgreylimited","og_image":[{"width":300,"height":300,"url":"https:\/\/www.christiegrey.com\/wp-content\/uploads\/2025\/12\/pd.png","type":"image\/png"}],"twitter_card":"summary_large_image","twitter_site":"@christiegreyltd","schema":{"@context":"https:\/\/schema.org","@graph":[{"@type":"WebPage","@id":"https:\/\/www.christiegrey.com\/de\/produkt\/stossbefestigungen-5\/","url":"https:\/\/www.christiegrey.com\/de\/produkt\/stossbefestigungen-5\/","name":"PD Gummisto\u00dfd\u00e4mpfer \u2013 Marine Vibrations- und Sto\u00dfkontrolle","isPartOf":{"@id":"https:\/\/www.christiegrey.com\/#website"},"primaryImageOfPage":{"@id":"https:\/\/www.christiegrey.com\/de\/produkt\/stossbefestigungen-5\/#primaryimage"},"image":{"@id":"https:\/\/www.christiegrey.com\/de\/produkt\/stossbefestigungen-5\/#primaryimage"},"thumbnailUrl":"https:\/\/www.christiegrey.com\/wp-content\/uploads\/2025\/12\/pd.png","datePublished":"2025-12-25T10:58:43+00:00","description":"PD-Sto\u00dfd\u00fcrfmontagen (P5D, P7D & P81\/4D) reduzieren Vibrationen und St\u00f6\u00dfe in maritimen Anwendungen, mit optionalen VSU- und rechteckigen Sandwich-Halterungen zur Verdr\u00e4ngungskontrolle.","breadcrumb":{"@id":"https:\/\/www.christiegrey.com\/de\/produkt\/stossbefestigungen-5\/#breadcrumb"},"inLanguage":"de","potentialAction":[{"@type":"ReadAction","target":["https:\/\/www.christiegrey.com\/de\/produkt\/stossbefestigungen-5\/"]}]},{"@type":"ImageObject","inLanguage":"de","@id":"https:\/\/www.christiegrey.com\/de\/produkt\/stossbefestigungen-5\/#primaryimage","url":"https:\/\/www.christiegrey.com\/wp-content\/uploads\/2025\/12\/pd.png","contentUrl":"https:\/\/www.christiegrey.com\/wp-content\/uploads\/2025\/12\/pd.png","width":300,"height":300,"caption":"Type PD marine rubber shock and vibration mount"},{"@type":"BreadcrumbList","@id":"https:\/\/www.christiegrey.com\/de\/produkt\/stossbefestigungen-5\/#breadcrumb","itemListElement":[{"@type":"ListItem","position":1,"name":"Zuhause","item":"https:\/\/www.christiegrey.com\/"},{"@type":"ListItem","position":2,"name":"Unsere Produkte","item":"https:\/\/www.christiegrey.com\/products\/"},{"@type":"ListItem","position":3,"name":"Sto\u00dfbefestigungen"}]},{"@type":"WebSite","@id":"https:\/\/www.christiegrey.com\/#website","url":"https:\/\/www.christiegrey.com\/","name":"Christie & Grey","description":"","publisher":{"@id":"https:\/\/www.christiegrey.com\/#organization"},"potentialAction":[{"@type":"SearchAction","target":{"@type":"EntryPoint","urlTemplate":"https:\/\/www.christiegrey.com\/?s={search_term_string}"},"query-input":{"@type":"PropertyValueSpecification","valueRequired":true,"valueName":"search_term_string"}}],"inLanguage":"de"},{"@type":"Organization","@id":"https:\/\/www.christiegrey.com\/#organization","name":"Christie & Grey","url":"https:\/\/www.christiegrey.com\/","logo":{"@type":"ImageObject","inLanguage":"de","@id":"https:\/\/www.christiegrey.com\/#\/schema\/logo\/image\/","url":"https:\/\/www.christiegrey.com\/wp-content\/uploads\/2026\/02\/cropped-logo-scaled-1.png","contentUrl":"https:\/\/www.christiegrey.com\/wp-content\/uploads\/2026\/02\/cropped-logo-scaled-1.png","width":250,"height":90,"caption":"Christie & Grey"},"image":{"@id":"https:\/\/www.christiegrey.com\/#\/schema\/logo\/image\/"},"sameAs":["https:\/\/www.facebook.com\/christieandgreylimited","https:\/\/x.com\/christiegreyltd"]}]}},"_links":{"self":[{"href":"https:\/\/www.christiegrey.com\/de\/wp-json\/wp\/v2\/product\/4583","targetHints":{"allow":["GET"]}}],"collection":[{"href":"https:\/\/www.christiegrey.com\/de\/wp-json\/wp\/v2\/product"}],"about":[{"href":"https:\/\/www.christiegrey.com\/de\/wp-json\/wp\/v2\/types\/product"}],"replies":[{"embeddable":true,"href":"https:\/\/www.christiegrey.com\/de\/wp-json\/wp\/v2\/comments?post=4583"}],"wp:featuredmedia":[{"embeddable":true,"href":"https:\/\/www.christiegrey.com\/de\/wp-json\/wp\/v2\/media\/963"}],"wp:attachment":[{"href":"https:\/\/www.christiegrey.com\/de\/wp-json\/wp\/v2\/media?parent=4583"}],"wp:term":[{"taxonomy":"product_brand","embeddable":true,"href":"https:\/\/www.christiegrey.com\/de\/wp-json\/wp\/v2\/product_brand?post=4583"},{"taxonomy":"product_cat","embeddable":true,"href":"https:\/\/www.christiegrey.com\/de\/wp-json\/wp\/v2\/product_cat?post=4583"},{"taxonomy":"product_tag","embeddable":true,"href":"https:\/\/www.christiegrey.com\/de\/wp-json\/wp\/v2\/product_tag?post=4583"}],"curies":[{"name":"wp","href":"https:\/\/api.w.org\/{rel}","templated":true}]}}