{"id":4552,"date":"2025-12-25T11:09:10","date_gmt":"2025-12-25T11:09:10","guid":{"rendered":"https:\/\/www.christiegrey.com\/product\/feste-gummihalterungen-und-aufhaenger\/"},"modified":"2025-12-25T11:09:10","modified_gmt":"2025-12-25T11:09:10","slug":"feste-gummihalterungen-und-aufhaenger","status":"publish","type":"product","link":"https:\/\/www.christiegrey.com\/de\/produkt\/feste-gummihalterungen-und-aufhaenger\/","title":{"rendered":"Feste Gummihalterungen und Aufh\u00e4nger"},"content":{"rendered":"<p>Eine universelle Gummimontage zum Tragen, Aufh\u00e4ngen, Verankern und F\u00fchren von Rohrleitungen und Kan\u00e4len, insbesondere Abgassystemen an Bord.<\/p>\n<p>Speziell f\u00fcr den Einsatz bei hohen Umgebungstemperaturen entwickelt, um die Vibrationen im gesamten h\u00f6rbaren Frequenzbereich zu steuern.<\/p>\n","protected":false},"excerpt":{"rendered":"<p>Typ CRM2 und CRM3<\/p>\n","protected":false},"featured_media":975,"comment_status":"open","ping_status":"closed","template":"","meta":{"_acf_changed":false},"product_brand":[],"product_cat":[121,140,139,153],"product_tag":[],"class_list":{"0":"post-4552","1":"product","2":"type-product","3":"status-publish","4":"has-post-thumbnail","6":"product_cat-industrielle-losungen","7":"product_cat-marine-nebenfunktionen","8":"product_cat-marine-und-offshore-losungen","9":"product_cat-marine-abgase","11":"first","12":"instock","13":"shipping-taxable","14":"purchasable","15":"product-type-simple"},"acf":[],"yoast_head":"<!-- This site is optimized with the Yoast SEO plugin v27.0 - https:\/\/yoast.com\/product\/yoast-seo-wordpress\/ -->\n<title>CRM2 &amp; CRM3 Captive Gummihalterungen \u2013 Christie Grey<\/title>\n<meta name=\"description\" content=\"CRM2- und CRM3-Captive-Gummimontagen unterst\u00fctzen und isolieren Rohrleitungen und L\u00fcftungskan\u00e4le und reduzieren Vibrationen bei hohen Temperaturen \u2013 ideal f\u00fcr maritime Anwendungen.\" \/>\n<meta name=\"robots\" content=\"index, follow, max-snippet:-1, max-image-preview:large, max-video-preview:-1\" \/>\n<link rel=\"canonical\" href=\"https:\/\/www.christiegrey.com\/de\/produkt\/feste-gummihalterungen-und-aufhaenger\/\" \/>\n<meta property=\"og:locale\" content=\"de_DE\" \/>\n<meta property=\"og:type\" content=\"article\" \/>\n<meta property=\"og:title\" content=\"CRM2 &amp; CRM3 Captive Gummihalterungen \u2013 Christie Grey\" \/>\n<meta property=\"og:description\" content=\"CRM2- und CRM3-Captive-Gummimontagen unterst\u00fctzen und isolieren Rohrleitungen und L\u00fcftungskan\u00e4le und reduzieren Vibrationen bei hohen Temperaturen \u2013 ideal f\u00fcr maritime Anwendungen.\" \/>\n<meta property=\"og:url\" content=\"https:\/\/www.christiegrey.com\/de\/produkt\/feste-gummihalterungen-und-aufhaenger\/\" \/>\n<meta property=\"article:publisher\" content=\"https:\/\/www.facebook.com\/christieandgreylimited\" \/>\n<meta property=\"og:image\" content=\"https:\/\/www.christiegrey.com\/wp-content\/uploads\/2025\/12\/crm_group_inc_monolux.png\" \/>\n\t<meta property=\"og:image:width\" content=\"300\" \/>\n\t<meta property=\"og:image:height\" content=\"300\" \/>\n\t<meta property=\"og:image:type\" content=\"image\/png\" \/>\n<meta name=\"twitter:card\" content=\"summary_large_image\" \/>\n<meta name=\"twitter:site\" content=\"@christiegreyltd\" \/>\n<script type=\"application\/ld+json\" class=\"yoast-schema-graph\">{\"@context\":\"https:\/\/schema.org\",\"@graph\":[{\"@type\":\"WebPage\",\"@id\":\"https:\/\/www.christiegrey.com\/de\/produkt\/feste-gummihalterungen-und-aufhaenger\/\",\"url\":\"https:\/\/www.christiegrey.com\/de\/produkt\/feste-gummihalterungen-und-aufhaenger\/\",\"name\":\"CRM2 & CRM3 Captive Gummihalterungen \u2013 Christie Grey\",\"isPartOf\":{\"@id\":\"https:\/\/www.christiegrey.com\/#website\"},\"primaryImageOfPage\":{\"@id\":\"https:\/\/www.christiegrey.com\/de\/produkt\/feste-gummihalterungen-und-aufhaenger\/#primaryimage\"},\"image\":{\"@id\":\"https:\/\/www.christiegrey.com\/de\/produkt\/feste-gummihalterungen-und-aufhaenger\/#primaryimage\"},\"thumbnailUrl\":\"https:\/\/www.christiegrey.com\/wp-content\/uploads\/2025\/12\/crm_group_inc_monolux.png\",\"datePublished\":\"2025-12-25T11:09:10+00:00\",\"description\":\"CRM2- und CRM3-Captive-Gummimontagen unterst\u00fctzen und isolieren Rohrleitungen und L\u00fcftungskan\u00e4le und reduzieren Vibrationen bei hohen Temperaturen \u2013 ideal f\u00fcr maritime Anwendungen.\",\"breadcrumb\":{\"@id\":\"https:\/\/www.christiegrey.com\/de\/produkt\/feste-gummihalterungen-und-aufhaenger\/#breadcrumb\"},\"inLanguage\":\"de\",\"potentialAction\":[{\"@type\":\"ReadAction\",\"target\":[\"https:\/\/www.christiegrey.com\/de\/produkt\/feste-gummihalterungen-und-aufhaenger\/\"]}]},{\"@type\":\"ImageObject\",\"inLanguage\":\"de\",\"@id\":\"https:\/\/www.christiegrey.com\/de\/produkt\/feste-gummihalterungen-und-aufhaenger\/#primaryimage\",\"url\":\"https:\/\/www.christiegrey.com\/wp-content\/uploads\/2025\/12\/crm_group_inc_monolux.png\",\"contentUrl\":\"https:\/\/www.christiegrey.com\/wp-content\/uploads\/2025\/12\/crm_group_inc_monolux.png\",\"width\":300,\"height\":300,\"caption\":\"Captive rubber mountings and hangers CRM2\/CRM3\"},{\"@type\":\"BreadcrumbList\",\"@id\":\"https:\/\/www.christiegrey.com\/de\/produkt\/feste-gummihalterungen-und-aufhaenger\/#breadcrumb\",\"itemListElement\":[{\"@type\":\"ListItem\",\"position\":1,\"name\":\"Zuhause\",\"item\":\"https:\/\/www.christiegrey.com\/\"},{\"@type\":\"ListItem\",\"position\":2,\"name\":\"Unsere Produkte\",\"item\":\"https:\/\/www.christiegrey.com\/products\/\"},{\"@type\":\"ListItem\",\"position\":3,\"name\":\"Feste Gummihalterungen und Aufh\u00e4nger\"}]},{\"@type\":\"WebSite\",\"@id\":\"https:\/\/www.christiegrey.com\/#website\",\"url\":\"https:\/\/www.christiegrey.com\/\",\"name\":\"Christie & Grey\",\"description\":\"\",\"publisher\":{\"@id\":\"https:\/\/www.christiegrey.com\/#organization\"},\"potentialAction\":[{\"@type\":\"SearchAction\",\"target\":{\"@type\":\"EntryPoint\",\"urlTemplate\":\"https:\/\/www.christiegrey.com\/?s={search_term_string}\"},\"query-input\":{\"@type\":\"PropertyValueSpecification\",\"valueRequired\":true,\"valueName\":\"search_term_string\"}}],\"inLanguage\":\"de\"},{\"@type\":\"Organization\",\"@id\":\"https:\/\/www.christiegrey.com\/#organization\",\"name\":\"Christie & Grey\",\"url\":\"https:\/\/www.christiegrey.com\/\",\"logo\":{\"@type\":\"ImageObject\",\"inLanguage\":\"de\",\"@id\":\"https:\/\/www.christiegrey.com\/#\/schema\/logo\/image\/\",\"url\":\"https:\/\/www.christiegrey.com\/wp-content\/uploads\/2026\/02\/cropped-logo-scaled-1.png\",\"contentUrl\":\"https:\/\/www.christiegrey.com\/wp-content\/uploads\/2026\/02\/cropped-logo-scaled-1.png\",\"width\":250,\"height\":90,\"caption\":\"Christie & Grey\"},\"image\":{\"@id\":\"https:\/\/www.christiegrey.com\/#\/schema\/logo\/image\/\"},\"sameAs\":[\"https:\/\/www.facebook.com\/christieandgreylimited\",\"https:\/\/x.com\/christiegreyltd\"]}]}<\/script>\n<!-- \/ Yoast SEO plugin. -->","yoast_head_json":{"title":"CRM2 & CRM3 Captive Gummihalterungen \u2013 Christie Grey","description":"CRM2- und CRM3-Captive-Gummimontagen unterst\u00fctzen und isolieren Rohrleitungen und L\u00fcftungskan\u00e4le und reduzieren Vibrationen bei hohen Temperaturen \u2013 ideal f\u00fcr maritime Anwendungen.","robots":{"index":"index","follow":"follow","max-snippet":"max-snippet:-1","max-image-preview":"max-image-preview:large","max-video-preview":"max-video-preview:-1"},"canonical":"https:\/\/www.christiegrey.com\/de\/produkt\/feste-gummihalterungen-und-aufhaenger\/","og_locale":"de_DE","og_type":"article","og_title":"CRM2 & CRM3 Captive Gummihalterungen \u2013 Christie Grey","og_description":"CRM2- und CRM3-Captive-Gummimontagen unterst\u00fctzen und isolieren Rohrleitungen und L\u00fcftungskan\u00e4le und reduzieren Vibrationen bei hohen Temperaturen \u2013 ideal f\u00fcr maritime Anwendungen.","og_url":"https:\/\/www.christiegrey.com\/de\/produkt\/feste-gummihalterungen-und-aufhaenger\/","article_publisher":"https:\/\/www.facebook.com\/christieandgreylimited","og_image":[{"width":300,"height":300,"url":"https:\/\/www.christiegrey.com\/wp-content\/uploads\/2025\/12\/crm_group_inc_monolux.png","type":"image\/png"}],"twitter_card":"summary_large_image","twitter_site":"@christiegreyltd","schema":{"@context":"https:\/\/schema.org","@graph":[{"@type":"WebPage","@id":"https:\/\/www.christiegrey.com\/de\/produkt\/feste-gummihalterungen-und-aufhaenger\/","url":"https:\/\/www.christiegrey.com\/de\/produkt\/feste-gummihalterungen-und-aufhaenger\/","name":"CRM2 & CRM3 Captive Gummihalterungen \u2013 Christie Grey","isPartOf":{"@id":"https:\/\/www.christiegrey.com\/#website"},"primaryImageOfPage":{"@id":"https:\/\/www.christiegrey.com\/de\/produkt\/feste-gummihalterungen-und-aufhaenger\/#primaryimage"},"image":{"@id":"https:\/\/www.christiegrey.com\/de\/produkt\/feste-gummihalterungen-und-aufhaenger\/#primaryimage"},"thumbnailUrl":"https:\/\/www.christiegrey.com\/wp-content\/uploads\/2025\/12\/crm_group_inc_monolux.png","datePublished":"2025-12-25T11:09:10+00:00","description":"CRM2- und CRM3-Captive-Gummimontagen unterst\u00fctzen und isolieren Rohrleitungen und L\u00fcftungskan\u00e4le und reduzieren Vibrationen bei hohen Temperaturen \u2013 ideal f\u00fcr maritime Anwendungen.","breadcrumb":{"@id":"https:\/\/www.christiegrey.com\/de\/produkt\/feste-gummihalterungen-und-aufhaenger\/#breadcrumb"},"inLanguage":"de","potentialAction":[{"@type":"ReadAction","target":["https:\/\/www.christiegrey.com\/de\/produkt\/feste-gummihalterungen-und-aufhaenger\/"]}]},{"@type":"ImageObject","inLanguage":"de","@id":"https:\/\/www.christiegrey.com\/de\/produkt\/feste-gummihalterungen-und-aufhaenger\/#primaryimage","url":"https:\/\/www.christiegrey.com\/wp-content\/uploads\/2025\/12\/crm_group_inc_monolux.png","contentUrl":"https:\/\/www.christiegrey.com\/wp-content\/uploads\/2025\/12\/crm_group_inc_monolux.png","width":300,"height":300,"caption":"Captive rubber mountings and hangers CRM2\/CRM3"},{"@type":"BreadcrumbList","@id":"https:\/\/www.christiegrey.com\/de\/produkt\/feste-gummihalterungen-und-aufhaenger\/#breadcrumb","itemListElement":[{"@type":"ListItem","position":1,"name":"Zuhause","item":"https:\/\/www.christiegrey.com\/"},{"@type":"ListItem","position":2,"name":"Unsere Produkte","item":"https:\/\/www.christiegrey.com\/products\/"},{"@type":"ListItem","position":3,"name":"Feste Gummihalterungen und Aufh\u00e4nger"}]},{"@type":"WebSite","@id":"https:\/\/www.christiegrey.com\/#website","url":"https:\/\/www.christiegrey.com\/","name":"Christie & Grey","description":"","publisher":{"@id":"https:\/\/www.christiegrey.com\/#organization"},"potentialAction":[{"@type":"SearchAction","target":{"@type":"EntryPoint","urlTemplate":"https:\/\/www.christiegrey.com\/?s={search_term_string}"},"query-input":{"@type":"PropertyValueSpecification","valueRequired":true,"valueName":"search_term_string"}}],"inLanguage":"de"},{"@type":"Organization","@id":"https:\/\/www.christiegrey.com\/#organization","name":"Christie & Grey","url":"https:\/\/www.christiegrey.com\/","logo":{"@type":"ImageObject","inLanguage":"de","@id":"https:\/\/www.christiegrey.com\/#\/schema\/logo\/image\/","url":"https:\/\/www.christiegrey.com\/wp-content\/uploads\/2026\/02\/cropped-logo-scaled-1.png","contentUrl":"https:\/\/www.christiegrey.com\/wp-content\/uploads\/2026\/02\/cropped-logo-scaled-1.png","width":250,"height":90,"caption":"Christie & Grey"},"image":{"@id":"https:\/\/www.christiegrey.com\/#\/schema\/logo\/image\/"},"sameAs":["https:\/\/www.facebook.com\/christieandgreylimited","https:\/\/x.com\/christiegreyltd"]}]}},"_links":{"self":[{"href":"https:\/\/www.christiegrey.com\/de\/wp-json\/wp\/v2\/product\/4552","targetHints":{"allow":["GET"]}}],"collection":[{"href":"https:\/\/www.christiegrey.com\/de\/wp-json\/wp\/v2\/product"}],"about":[{"href":"https:\/\/www.christiegrey.com\/de\/wp-json\/wp\/v2\/types\/product"}],"replies":[{"embeddable":true,"href":"https:\/\/www.christiegrey.com\/de\/wp-json\/wp\/v2\/comments?post=4552"}],"wp:featuredmedia":[{"embeddable":true,"href":"https:\/\/www.christiegrey.com\/de\/wp-json\/wp\/v2\/media\/975"}],"wp:attachment":[{"href":"https:\/\/www.christiegrey.com\/de\/wp-json\/wp\/v2\/media?parent=4552"}],"wp:term":[{"taxonomy":"product_brand","embeddable":true,"href":"https:\/\/www.christiegrey.com\/de\/wp-json\/wp\/v2\/product_brand?post=4552"},{"taxonomy":"product_cat","embeddable":true,"href":"https:\/\/www.christiegrey.com\/de\/wp-json\/wp\/v2\/product_cat?post=4552"},{"taxonomy":"product_tag","embeddable":true,"href":"https:\/\/www.christiegrey.com\/de\/wp-json\/wp\/v2\/product_tag?post=4552"}],"curies":[{"name":"wp","href":"https:\/\/api.w.org\/{rel}","templated":true}]}}