{"id":4526,"date":"2025-12-25T11:12:39","date_gmt":"2025-12-25T11:12:39","guid":{"rendered":"https:\/\/www.christiegrey.com\/product\/marine-gummihangar\/"},"modified":"2025-12-25T11:12:39","modified_gmt":"2025-12-25T11:12:39","slug":"marine-gummihangar","status":"publish","type":"product","link":"https:\/\/www.christiegrey.com\/de\/produkt\/marine-gummihangar\/","title":{"rendered":"Marine-Gummihangar"},"content":{"rendered":"<p>Ein umfassendes Sortiment an Gummiaufh\u00e4ngern bietet optimale Leistung bei h\u00f6heren h\u00f6rbaren Frequenzen, wenn L\u00e4rmkontrolle von gr\u00f6\u00dfter Bedeutung ist.<\/p>\n<p>Gro\u00dfe Lastbereiche und Befestigungsanforderungen werden ber\u00fccksichtigt.<\/p>\n","protected":false},"excerpt":{"rendered":"<p>Typ MRH<\/p>\n","protected":false},"featured_media":979,"comment_status":"open","ping_status":"closed","template":"","meta":{"_acf_changed":false},"product_brand":[],"product_cat":[140,139,153],"product_tag":[],"class_list":{"0":"post-4526","1":"product","2":"type-product","3":"status-publish","4":"has-post-thumbnail","6":"product_cat-marine-nebenfunktionen","7":"product_cat-marine-und-offshore-losungen","8":"product_cat-marine-abgase","10":"first","11":"instock","12":"shipping-taxable","13":"purchasable","14":"product-type-simple"},"acf":[],"yoast_head":"<!-- This site is optimized with the Yoast SEO plugin v27.0 - https:\/\/yoast.com\/product\/yoast-seo-wordpress\/ -->\n<title>MRH Marine Rubber Hangers \u2013 Hochfrequenz-L\u00e4rmkontrolle<\/title>\n<meta name=\"description\" content=\"MRH Marine Rubber Hangers reduzieren hochfrequente Ger\u00e4usche und Vibrationen und unterst\u00fctzen gro\u00dfe Lastbereiche mit flexiblen Befestigungsoptionen f\u00fcr maritime Anwendungen.\" \/>\n<meta name=\"robots\" content=\"index, follow, max-snippet:-1, max-image-preview:large, max-video-preview:-1\" \/>\n<link rel=\"canonical\" href=\"https:\/\/www.christiegrey.com\/de\/produkt\/marine-gummihangar\/\" \/>\n<meta property=\"og:locale\" content=\"de_DE\" \/>\n<meta property=\"og:type\" content=\"article\" \/>\n<meta property=\"og:title\" content=\"MRH Marine Rubber Hangers \u2013 Hochfrequenz-L\u00e4rmkontrolle\" \/>\n<meta property=\"og:description\" content=\"MRH Marine Rubber Hangers reduzieren hochfrequente Ger\u00e4usche und Vibrationen und unterst\u00fctzen gro\u00dfe Lastbereiche mit flexiblen Befestigungsoptionen f\u00fcr maritime Anwendungen.\" \/>\n<meta property=\"og:url\" content=\"https:\/\/www.christiegrey.com\/de\/produkt\/marine-gummihangar\/\" \/>\n<meta property=\"article:publisher\" content=\"https:\/\/www.facebook.com\/christieandgreylimited\" \/>\n<meta property=\"og:image\" content=\"https:\/\/www.christiegrey.com\/wp-content\/uploads\/2025\/12\/marine_rh_365_365.jpg\" \/>\n\t<meta property=\"og:image:width\" content=\"365\" \/>\n\t<meta property=\"og:image:height\" content=\"365\" \/>\n\t<meta property=\"og:image:type\" content=\"image\/jpeg\" \/>\n<meta name=\"twitter:card\" content=\"summary_large_image\" \/>\n<meta name=\"twitter:site\" content=\"@christiegreyltd\" \/>\n<script type=\"application\/ld+json\" class=\"yoast-schema-graph\">{\"@context\":\"https:\/\/schema.org\",\"@graph\":[{\"@type\":\"WebPage\",\"@id\":\"https:\/\/www.christiegrey.com\/de\/produkt\/marine-gummihangar\/\",\"url\":\"https:\/\/www.christiegrey.com\/de\/produkt\/marine-gummihangar\/\",\"name\":\"MRH Marine Rubber Hangers \u2013 Hochfrequenz-L\u00e4rmkontrolle\",\"isPartOf\":{\"@id\":\"https:\/\/www.christiegrey.com\/#website\"},\"primaryImageOfPage\":{\"@id\":\"https:\/\/www.christiegrey.com\/de\/produkt\/marine-gummihangar\/#primaryimage\"},\"image\":{\"@id\":\"https:\/\/www.christiegrey.com\/de\/produkt\/marine-gummihangar\/#primaryimage\"},\"thumbnailUrl\":\"https:\/\/www.christiegrey.com\/wp-content\/uploads\/2025\/12\/marine_rh_365_365.jpg\",\"datePublished\":\"2025-12-25T11:12:39+00:00\",\"description\":\"MRH Marine Rubber Hangers reduzieren hochfrequente Ger\u00e4usche und Vibrationen und unterst\u00fctzen gro\u00dfe Lastbereiche mit flexiblen Befestigungsoptionen f\u00fcr maritime Anwendungen.\",\"breadcrumb\":{\"@id\":\"https:\/\/www.christiegrey.com\/de\/produkt\/marine-gummihangar\/#breadcrumb\"},\"inLanguage\":\"de\",\"potentialAction\":[{\"@type\":\"ReadAction\",\"target\":[\"https:\/\/www.christiegrey.com\/de\/produkt\/marine-gummihangar\/\"]}]},{\"@type\":\"ImageObject\",\"inLanguage\":\"de\",\"@id\":\"https:\/\/www.christiegrey.com\/de\/produkt\/marine-gummihangar\/#primaryimage\",\"url\":\"https:\/\/www.christiegrey.com\/wp-content\/uploads\/2025\/12\/marine_rh_365_365.jpg\",\"contentUrl\":\"https:\/\/www.christiegrey.com\/wp-content\/uploads\/2025\/12\/marine_rh_365_365.jpg\",\"width\":365,\"height\":365,\"caption\":\"Marine Rubber Hanger\"},{\"@type\":\"BreadcrumbList\",\"@id\":\"https:\/\/www.christiegrey.com\/de\/produkt\/marine-gummihangar\/#breadcrumb\",\"itemListElement\":[{\"@type\":\"ListItem\",\"position\":1,\"name\":\"Zuhause\",\"item\":\"https:\/\/www.christiegrey.com\/\"},{\"@type\":\"ListItem\",\"position\":2,\"name\":\"Unsere Produkte\",\"item\":\"https:\/\/www.christiegrey.com\/products\/\"},{\"@type\":\"ListItem\",\"position\":3,\"name\":\"Marine-Gummihangar\"}]},{\"@type\":\"WebSite\",\"@id\":\"https:\/\/www.christiegrey.com\/#website\",\"url\":\"https:\/\/www.christiegrey.com\/\",\"name\":\"Christie & Grey\",\"description\":\"\",\"publisher\":{\"@id\":\"https:\/\/www.christiegrey.com\/#organization\"},\"potentialAction\":[{\"@type\":\"SearchAction\",\"target\":{\"@type\":\"EntryPoint\",\"urlTemplate\":\"https:\/\/www.christiegrey.com\/?s={search_term_string}\"},\"query-input\":{\"@type\":\"PropertyValueSpecification\",\"valueRequired\":true,\"valueName\":\"search_term_string\"}}],\"inLanguage\":\"de\"},{\"@type\":\"Organization\",\"@id\":\"https:\/\/www.christiegrey.com\/#organization\",\"name\":\"Christie & Grey\",\"url\":\"https:\/\/www.christiegrey.com\/\",\"logo\":{\"@type\":\"ImageObject\",\"inLanguage\":\"de\",\"@id\":\"https:\/\/www.christiegrey.com\/#\/schema\/logo\/image\/\",\"url\":\"https:\/\/www.christiegrey.com\/wp-content\/uploads\/2026\/02\/cropped-logo-scaled-1.png\",\"contentUrl\":\"https:\/\/www.christiegrey.com\/wp-content\/uploads\/2026\/02\/cropped-logo-scaled-1.png\",\"width\":250,\"height\":90,\"caption\":\"Christie & Grey\"},\"image\":{\"@id\":\"https:\/\/www.christiegrey.com\/#\/schema\/logo\/image\/\"},\"sameAs\":[\"https:\/\/www.facebook.com\/christieandgreylimited\",\"https:\/\/x.com\/christiegreyltd\"]}]}<\/script>\n<!-- \/ Yoast SEO plugin. -->","yoast_head_json":{"title":"MRH Marine Rubber Hangers \u2013 Hochfrequenz-L\u00e4rmkontrolle","description":"MRH Marine Rubber Hangers reduzieren hochfrequente Ger\u00e4usche und Vibrationen und unterst\u00fctzen gro\u00dfe Lastbereiche mit flexiblen Befestigungsoptionen f\u00fcr maritime Anwendungen.","robots":{"index":"index","follow":"follow","max-snippet":"max-snippet:-1","max-image-preview":"max-image-preview:large","max-video-preview":"max-video-preview:-1"},"canonical":"https:\/\/www.christiegrey.com\/de\/produkt\/marine-gummihangar\/","og_locale":"de_DE","og_type":"article","og_title":"MRH Marine Rubber Hangers \u2013 Hochfrequenz-L\u00e4rmkontrolle","og_description":"MRH Marine Rubber Hangers reduzieren hochfrequente Ger\u00e4usche und Vibrationen und unterst\u00fctzen gro\u00dfe Lastbereiche mit flexiblen Befestigungsoptionen f\u00fcr maritime Anwendungen.","og_url":"https:\/\/www.christiegrey.com\/de\/produkt\/marine-gummihangar\/","article_publisher":"https:\/\/www.facebook.com\/christieandgreylimited","og_image":[{"width":365,"height":365,"url":"https:\/\/www.christiegrey.com\/wp-content\/uploads\/2025\/12\/marine_rh_365_365.jpg","type":"image\/jpeg"}],"twitter_card":"summary_large_image","twitter_site":"@christiegreyltd","schema":{"@context":"https:\/\/schema.org","@graph":[{"@type":"WebPage","@id":"https:\/\/www.christiegrey.com\/de\/produkt\/marine-gummihangar\/","url":"https:\/\/www.christiegrey.com\/de\/produkt\/marine-gummihangar\/","name":"MRH Marine Rubber Hangers \u2013 Hochfrequenz-L\u00e4rmkontrolle","isPartOf":{"@id":"https:\/\/www.christiegrey.com\/#website"},"primaryImageOfPage":{"@id":"https:\/\/www.christiegrey.com\/de\/produkt\/marine-gummihangar\/#primaryimage"},"image":{"@id":"https:\/\/www.christiegrey.com\/de\/produkt\/marine-gummihangar\/#primaryimage"},"thumbnailUrl":"https:\/\/www.christiegrey.com\/wp-content\/uploads\/2025\/12\/marine_rh_365_365.jpg","datePublished":"2025-12-25T11:12:39+00:00","description":"MRH Marine Rubber Hangers reduzieren hochfrequente Ger\u00e4usche und Vibrationen und unterst\u00fctzen gro\u00dfe Lastbereiche mit flexiblen Befestigungsoptionen f\u00fcr maritime Anwendungen.","breadcrumb":{"@id":"https:\/\/www.christiegrey.com\/de\/produkt\/marine-gummihangar\/#breadcrumb"},"inLanguage":"de","potentialAction":[{"@type":"ReadAction","target":["https:\/\/www.christiegrey.com\/de\/produkt\/marine-gummihangar\/"]}]},{"@type":"ImageObject","inLanguage":"de","@id":"https:\/\/www.christiegrey.com\/de\/produkt\/marine-gummihangar\/#primaryimage","url":"https:\/\/www.christiegrey.com\/wp-content\/uploads\/2025\/12\/marine_rh_365_365.jpg","contentUrl":"https:\/\/www.christiegrey.com\/wp-content\/uploads\/2025\/12\/marine_rh_365_365.jpg","width":365,"height":365,"caption":"Marine Rubber Hanger"},{"@type":"BreadcrumbList","@id":"https:\/\/www.christiegrey.com\/de\/produkt\/marine-gummihangar\/#breadcrumb","itemListElement":[{"@type":"ListItem","position":1,"name":"Zuhause","item":"https:\/\/www.christiegrey.com\/"},{"@type":"ListItem","position":2,"name":"Unsere Produkte","item":"https:\/\/www.christiegrey.com\/products\/"},{"@type":"ListItem","position":3,"name":"Marine-Gummihangar"}]},{"@type":"WebSite","@id":"https:\/\/www.christiegrey.com\/#website","url":"https:\/\/www.christiegrey.com\/","name":"Christie & Grey","description":"","publisher":{"@id":"https:\/\/www.christiegrey.com\/#organization"},"potentialAction":[{"@type":"SearchAction","target":{"@type":"EntryPoint","urlTemplate":"https:\/\/www.christiegrey.com\/?s={search_term_string}"},"query-input":{"@type":"PropertyValueSpecification","valueRequired":true,"valueName":"search_term_string"}}],"inLanguage":"de"},{"@type":"Organization","@id":"https:\/\/www.christiegrey.com\/#organization","name":"Christie & Grey","url":"https:\/\/www.christiegrey.com\/","logo":{"@type":"ImageObject","inLanguage":"de","@id":"https:\/\/www.christiegrey.com\/#\/schema\/logo\/image\/","url":"https:\/\/www.christiegrey.com\/wp-content\/uploads\/2026\/02\/cropped-logo-scaled-1.png","contentUrl":"https:\/\/www.christiegrey.com\/wp-content\/uploads\/2026\/02\/cropped-logo-scaled-1.png","width":250,"height":90,"caption":"Christie & Grey"},"image":{"@id":"https:\/\/www.christiegrey.com\/#\/schema\/logo\/image\/"},"sameAs":["https:\/\/www.facebook.com\/christieandgreylimited","https:\/\/x.com\/christiegreyltd"]}]}},"_links":{"self":[{"href":"https:\/\/www.christiegrey.com\/de\/wp-json\/wp\/v2\/product\/4526","targetHints":{"allow":["GET"]}}],"collection":[{"href":"https:\/\/www.christiegrey.com\/de\/wp-json\/wp\/v2\/product"}],"about":[{"href":"https:\/\/www.christiegrey.com\/de\/wp-json\/wp\/v2\/types\/product"}],"replies":[{"embeddable":true,"href":"https:\/\/www.christiegrey.com\/de\/wp-json\/wp\/v2\/comments?post=4526"}],"wp:featuredmedia":[{"embeddable":true,"href":"https:\/\/www.christiegrey.com\/de\/wp-json\/wp\/v2\/media\/979"}],"wp:attachment":[{"href":"https:\/\/www.christiegrey.com\/de\/wp-json\/wp\/v2\/media?parent=4526"}],"wp:term":[{"taxonomy":"product_brand","embeddable":true,"href":"https:\/\/www.christiegrey.com\/de\/wp-json\/wp\/v2\/product_brand?post=4526"},{"taxonomy":"product_cat","embeddable":true,"href":"https:\/\/www.christiegrey.com\/de\/wp-json\/wp\/v2\/product_cat?post=4526"},{"taxonomy":"product_tag","embeddable":true,"href":"https:\/\/www.christiegrey.com\/de\/wp-json\/wp\/v2\/product_tag?post=4526"}],"curies":[{"name":"wp","href":"https:\/\/api.w.org\/{rel}","templated":true}]}}