{"id":4506,"date":"2025-12-25T11:29:49","date_gmt":"2025-12-25T11:29:49","guid":{"rendered":"https:\/\/www.christiegrey.com\/product\/stahlfeder-einheiten-isolator\/"},"modified":"2025-12-25T11:29:49","modified_gmt":"2025-12-25T11:29:49","slug":"stahlfeder-einheiten-isolator","status":"publish","type":"product","link":"https:\/\/www.christiegrey.com\/de\/produkt\/stahlfeder-einheiten-isolator\/","title":{"rendered":"Stahlfeder-Einheiten-Isolator"},"content":{"rendered":"<p>Diese verstellbaren Stahlfeder-Einheitsisolatoren arbeiten weltweit unter \u00e4u\u00dferst anspruchsvollen Bedingungen und haben sich als au\u00dfergew\u00f6hnlich erfolgreich bei der Kontrolle von Vibrationen, strukturellem L\u00e4rm und Sto\u00df erwiesen.<\/p>\n<p>Sie werden in einer gro\u00dfen Anzahl von Gr\u00f6\u00dfen gefertigt, sodass pr\u00e4zise Last- und Frequenzanforderungen erf\u00fcllt werden k\u00f6nnen, und sind f\u00fcr die Isolierung einer sehr breiten Maschinenpalette geeignet.<\/p>\n<p>Die Typen ODL- und ODS-Isolatoren sind in Design und Bauweise \u00e4hnlich, jedoch variieren ihre Lastkapazit\u00e4ten und Isoliereigenschaften.<\/p>\n<p>Die spiralf\u00f6rmigen Stahlfedern befinden sich in den SG Iron oberen und unteren Gussteilen der Isolatoren.<\/p>\n","protected":false},"excerpt":{"rendered":"<p>Typ ODL, ODS<\/p>\n","protected":false},"featured_media":1001,"comment_status":"open","ping_status":"closed","template":"","meta":{"_acf_changed":false},"product_brand":[],"product_cat":[121,140,139,124],"product_tag":[],"class_list":{"0":"post-4506","1":"product","2":"type-product","3":"status-publish","4":"has-post-thumbnail","6":"product_cat-industrielle-losungen","7":"product_cat-marine-nebenfunktionen","8":"product_cat-marine-und-offshore-losungen","9":"product_cat-pumpen-kompressoren-und-kuhler","11":"first","12":"instock","13":"shipping-taxable","14":"purchasable","15":"product-type-simple"},"acf":[],"yoast_head":"<!-- This site is optimized with the Yoast SEO plugin v27.0 - https:\/\/yoast.com\/product\/yoast-seo-wordpress\/ -->\n<title>ODL- und ODS-Stahlfedereinheiten-Isolatoren \u2013 Schwingungs- und L\u00e4rmschutz<\/title>\n<meta name=\"description\" content=\"ODL- und ODS-Stahlfedereinheitsisolatoren steuern Vibrationen, strukturgetriebene Ger\u00e4usche und Sto\u00df f\u00fcr Maschinen mit einstellbaren Lasten und pr\u00e4ziser Frequenzabstimmung.\" \/>\n<meta name=\"robots\" content=\"index, follow, max-snippet:-1, max-image-preview:large, max-video-preview:-1\" \/>\n<link rel=\"canonical\" href=\"https:\/\/www.christiegrey.com\/de\/produkt\/stahlfeder-einheiten-isolator\/\" \/>\n<meta property=\"og:locale\" content=\"de_DE\" \/>\n<meta property=\"og:type\" content=\"article\" \/>\n<meta property=\"og:title\" content=\"ODL- und ODS-Stahlfedereinheiten-Isolatoren \u2013 Schwingungs- und L\u00e4rmschutz\" \/>\n<meta property=\"og:description\" content=\"ODL- und ODS-Stahlfedereinheitsisolatoren steuern Vibrationen, strukturgetriebene Ger\u00e4usche und Sto\u00df f\u00fcr Maschinen mit einstellbaren Lasten und pr\u00e4ziser Frequenzabstimmung.\" \/>\n<meta property=\"og:url\" content=\"https:\/\/www.christiegrey.com\/de\/produkt\/stahlfeder-einheiten-isolator\/\" \/>\n<meta property=\"article:publisher\" content=\"https:\/\/www.facebook.com\/christieandgreylimited\" \/>\n<meta property=\"og:image\" content=\"https:\/\/www.christiegrey.com\/wp-content\/uploads\/2025\/12\/odl_ods.png\" \/>\n\t<meta property=\"og:image:width\" content=\"300\" \/>\n\t<meta property=\"og:image:height\" content=\"300\" \/>\n\t<meta property=\"og:image:type\" content=\"image\/png\" \/>\n<meta name=\"twitter:card\" content=\"summary_large_image\" \/>\n<meta name=\"twitter:site\" content=\"@christiegreyltd\" \/>\n<script type=\"application\/ld+json\" class=\"yoast-schema-graph\">{\"@context\":\"https:\/\/schema.org\",\"@graph\":[{\"@type\":\"WebPage\",\"@id\":\"https:\/\/www.christiegrey.com\/de\/produkt\/stahlfeder-einheiten-isolator\/\",\"url\":\"https:\/\/www.christiegrey.com\/de\/produkt\/stahlfeder-einheiten-isolator\/\",\"name\":\"ODL- und ODS-Stahlfedereinheiten-Isolatoren \u2013 Schwingungs- und L\u00e4rmschutz\",\"isPartOf\":{\"@id\":\"https:\/\/www.christiegrey.com\/#website\"},\"primaryImageOfPage\":{\"@id\":\"https:\/\/www.christiegrey.com\/de\/produkt\/stahlfeder-einheiten-isolator\/#primaryimage\"},\"image\":{\"@id\":\"https:\/\/www.christiegrey.com\/de\/produkt\/stahlfeder-einheiten-isolator\/#primaryimage\"},\"thumbnailUrl\":\"https:\/\/www.christiegrey.com\/wp-content\/uploads\/2025\/12\/odl_ods.png\",\"datePublished\":\"2025-12-25T11:29:49+00:00\",\"description\":\"ODL- und ODS-Stahlfedereinheitsisolatoren steuern Vibrationen, strukturgetriebene Ger\u00e4usche und Sto\u00df f\u00fcr Maschinen mit einstellbaren Lasten und pr\u00e4ziser Frequenzabstimmung.\",\"breadcrumb\":{\"@id\":\"https:\/\/www.christiegrey.com\/de\/produkt\/stahlfeder-einheiten-isolator\/#breadcrumb\"},\"inLanguage\":\"de\",\"potentialAction\":[{\"@type\":\"ReadAction\",\"target\":[\"https:\/\/www.christiegrey.com\/de\/produkt\/stahlfeder-einheiten-isolator\/\"]}]},{\"@type\":\"ImageObject\",\"inLanguage\":\"de\",\"@id\":\"https:\/\/www.christiegrey.com\/de\/produkt\/stahlfeder-einheiten-isolator\/#primaryimage\",\"url\":\"https:\/\/www.christiegrey.com\/wp-content\/uploads\/2025\/12\/odl_ods.png\",\"contentUrl\":\"https:\/\/www.christiegrey.com\/wp-content\/uploads\/2025\/12\/odl_ods.png\",\"width\":300,\"height\":300,\"caption\":\"Steel Spring Unit Isolator\"},{\"@type\":\"BreadcrumbList\",\"@id\":\"https:\/\/www.christiegrey.com\/de\/produkt\/stahlfeder-einheiten-isolator\/#breadcrumb\",\"itemListElement\":[{\"@type\":\"ListItem\",\"position\":1,\"name\":\"Zuhause\",\"item\":\"https:\/\/www.christiegrey.com\/\"},{\"@type\":\"ListItem\",\"position\":2,\"name\":\"Unsere Produkte\",\"item\":\"https:\/\/www.christiegrey.com\/products\/\"},{\"@type\":\"ListItem\",\"position\":3,\"name\":\"Stahlfeder-Einheiten-Isolator\"}]},{\"@type\":\"WebSite\",\"@id\":\"https:\/\/www.christiegrey.com\/#website\",\"url\":\"https:\/\/www.christiegrey.com\/\",\"name\":\"Christie & Grey\",\"description\":\"\",\"publisher\":{\"@id\":\"https:\/\/www.christiegrey.com\/#organization\"},\"potentialAction\":[{\"@type\":\"SearchAction\",\"target\":{\"@type\":\"EntryPoint\",\"urlTemplate\":\"https:\/\/www.christiegrey.com\/?s={search_term_string}\"},\"query-input\":{\"@type\":\"PropertyValueSpecification\",\"valueRequired\":true,\"valueName\":\"search_term_string\"}}],\"inLanguage\":\"de\"},{\"@type\":\"Organization\",\"@id\":\"https:\/\/www.christiegrey.com\/#organization\",\"name\":\"Christie & Grey\",\"url\":\"https:\/\/www.christiegrey.com\/\",\"logo\":{\"@type\":\"ImageObject\",\"inLanguage\":\"de\",\"@id\":\"https:\/\/www.christiegrey.com\/#\/schema\/logo\/image\/\",\"url\":\"https:\/\/www.christiegrey.com\/wp-content\/uploads\/2026\/02\/cropped-logo-scaled-1.png\",\"contentUrl\":\"https:\/\/www.christiegrey.com\/wp-content\/uploads\/2026\/02\/cropped-logo-scaled-1.png\",\"width\":250,\"height\":90,\"caption\":\"Christie & Grey\"},\"image\":{\"@id\":\"https:\/\/www.christiegrey.com\/#\/schema\/logo\/image\/\"},\"sameAs\":[\"https:\/\/www.facebook.com\/christieandgreylimited\",\"https:\/\/x.com\/christiegreyltd\"]}]}<\/script>\n<!-- \/ Yoast SEO plugin. -->","yoast_head_json":{"title":"ODL- und ODS-Stahlfedereinheiten-Isolatoren \u2013 Schwingungs- und L\u00e4rmschutz","description":"ODL- und ODS-Stahlfedereinheitsisolatoren steuern Vibrationen, strukturgetriebene Ger\u00e4usche und Sto\u00df f\u00fcr Maschinen mit einstellbaren Lasten und pr\u00e4ziser Frequenzabstimmung.","robots":{"index":"index","follow":"follow","max-snippet":"max-snippet:-1","max-image-preview":"max-image-preview:large","max-video-preview":"max-video-preview:-1"},"canonical":"https:\/\/www.christiegrey.com\/de\/produkt\/stahlfeder-einheiten-isolator\/","og_locale":"de_DE","og_type":"article","og_title":"ODL- und ODS-Stahlfedereinheiten-Isolatoren \u2013 Schwingungs- und L\u00e4rmschutz","og_description":"ODL- und ODS-Stahlfedereinheitsisolatoren steuern Vibrationen, strukturgetriebene Ger\u00e4usche und Sto\u00df f\u00fcr Maschinen mit einstellbaren Lasten und pr\u00e4ziser Frequenzabstimmung.","og_url":"https:\/\/www.christiegrey.com\/de\/produkt\/stahlfeder-einheiten-isolator\/","article_publisher":"https:\/\/www.facebook.com\/christieandgreylimited","og_image":[{"width":300,"height":300,"url":"https:\/\/www.christiegrey.com\/wp-content\/uploads\/2025\/12\/odl_ods.png","type":"image\/png"}],"twitter_card":"summary_large_image","twitter_site":"@christiegreyltd","schema":{"@context":"https:\/\/schema.org","@graph":[{"@type":"WebPage","@id":"https:\/\/www.christiegrey.com\/de\/produkt\/stahlfeder-einheiten-isolator\/","url":"https:\/\/www.christiegrey.com\/de\/produkt\/stahlfeder-einheiten-isolator\/","name":"ODL- und ODS-Stahlfedereinheiten-Isolatoren \u2013 Schwingungs- und L\u00e4rmschutz","isPartOf":{"@id":"https:\/\/www.christiegrey.com\/#website"},"primaryImageOfPage":{"@id":"https:\/\/www.christiegrey.com\/de\/produkt\/stahlfeder-einheiten-isolator\/#primaryimage"},"image":{"@id":"https:\/\/www.christiegrey.com\/de\/produkt\/stahlfeder-einheiten-isolator\/#primaryimage"},"thumbnailUrl":"https:\/\/www.christiegrey.com\/wp-content\/uploads\/2025\/12\/odl_ods.png","datePublished":"2025-12-25T11:29:49+00:00","description":"ODL- und ODS-Stahlfedereinheitsisolatoren steuern Vibrationen, strukturgetriebene Ger\u00e4usche und Sto\u00df f\u00fcr Maschinen mit einstellbaren Lasten und pr\u00e4ziser Frequenzabstimmung.","breadcrumb":{"@id":"https:\/\/www.christiegrey.com\/de\/produkt\/stahlfeder-einheiten-isolator\/#breadcrumb"},"inLanguage":"de","potentialAction":[{"@type":"ReadAction","target":["https:\/\/www.christiegrey.com\/de\/produkt\/stahlfeder-einheiten-isolator\/"]}]},{"@type":"ImageObject","inLanguage":"de","@id":"https:\/\/www.christiegrey.com\/de\/produkt\/stahlfeder-einheiten-isolator\/#primaryimage","url":"https:\/\/www.christiegrey.com\/wp-content\/uploads\/2025\/12\/odl_ods.png","contentUrl":"https:\/\/www.christiegrey.com\/wp-content\/uploads\/2025\/12\/odl_ods.png","width":300,"height":300,"caption":"Steel Spring Unit Isolator"},{"@type":"BreadcrumbList","@id":"https:\/\/www.christiegrey.com\/de\/produkt\/stahlfeder-einheiten-isolator\/#breadcrumb","itemListElement":[{"@type":"ListItem","position":1,"name":"Zuhause","item":"https:\/\/www.christiegrey.com\/"},{"@type":"ListItem","position":2,"name":"Unsere Produkte","item":"https:\/\/www.christiegrey.com\/products\/"},{"@type":"ListItem","position":3,"name":"Stahlfeder-Einheiten-Isolator"}]},{"@type":"WebSite","@id":"https:\/\/www.christiegrey.com\/#website","url":"https:\/\/www.christiegrey.com\/","name":"Christie & Grey","description":"","publisher":{"@id":"https:\/\/www.christiegrey.com\/#organization"},"potentialAction":[{"@type":"SearchAction","target":{"@type":"EntryPoint","urlTemplate":"https:\/\/www.christiegrey.com\/?s={search_term_string}"},"query-input":{"@type":"PropertyValueSpecification","valueRequired":true,"valueName":"search_term_string"}}],"inLanguage":"de"},{"@type":"Organization","@id":"https:\/\/www.christiegrey.com\/#organization","name":"Christie & Grey","url":"https:\/\/www.christiegrey.com\/","logo":{"@type":"ImageObject","inLanguage":"de","@id":"https:\/\/www.christiegrey.com\/#\/schema\/logo\/image\/","url":"https:\/\/www.christiegrey.com\/wp-content\/uploads\/2026\/02\/cropped-logo-scaled-1.png","contentUrl":"https:\/\/www.christiegrey.com\/wp-content\/uploads\/2026\/02\/cropped-logo-scaled-1.png","width":250,"height":90,"caption":"Christie & Grey"},"image":{"@id":"https:\/\/www.christiegrey.com\/#\/schema\/logo\/image\/"},"sameAs":["https:\/\/www.facebook.com\/christieandgreylimited","https:\/\/x.com\/christiegreyltd"]}]}},"_links":{"self":[{"href":"https:\/\/www.christiegrey.com\/de\/wp-json\/wp\/v2\/product\/4506","targetHints":{"allow":["GET"]}}],"collection":[{"href":"https:\/\/www.christiegrey.com\/de\/wp-json\/wp\/v2\/product"}],"about":[{"href":"https:\/\/www.christiegrey.com\/de\/wp-json\/wp\/v2\/types\/product"}],"replies":[{"embeddable":true,"href":"https:\/\/www.christiegrey.com\/de\/wp-json\/wp\/v2\/comments?post=4506"}],"wp:featuredmedia":[{"embeddable":true,"href":"https:\/\/www.christiegrey.com\/de\/wp-json\/wp\/v2\/media\/1001"}],"wp:attachment":[{"href":"https:\/\/www.christiegrey.com\/de\/wp-json\/wp\/v2\/media?parent=4506"}],"wp:term":[{"taxonomy":"product_brand","embeddable":true,"href":"https:\/\/www.christiegrey.com\/de\/wp-json\/wp\/v2\/product_brand?post=4506"},{"taxonomy":"product_cat","embeddable":true,"href":"https:\/\/www.christiegrey.com\/de\/wp-json\/wp\/v2\/product_cat?post=4506"},{"taxonomy":"product_tag","embeddable":true,"href":"https:\/\/www.christiegrey.com\/de\/wp-json\/wp\/v2\/product_tag?post=4506"}],"curies":[{"name":"wp","href":"https:\/\/api.w.org\/{rel}","templated":true}]}}