{"id":4475,"date":"2025-12-25T13:41:18","date_gmt":"2025-12-25T13:41:18","guid":{"rendered":"https:\/\/www.christiegrey.com\/product\/geschlossene-federmontagen\/"},"modified":"2026-01-30T21:53:43","modified_gmt":"2026-01-30T21:53:43","slug":"geschlossene-federmontagen","status":"publish","type":"product","link":"https:\/\/www.christiegrey.com\/de\/produkt\/geschlossene-federmontagen\/","title":{"rendered":"Geschlossene Federmontagen"},"content":{"rendered":"<p>Eine einzigartige Palette von Halterungen, die haupts\u00e4chlich f\u00fcr Geb\u00e4udebauanwendungen entwickelt wurden, bei denen die Kontrolle von niederfrequenten Schwingungen und L\u00e4rm, die von mechanischen Anlagen ausgehen, von gr\u00f6\u00dfter Bedeutung ist.<\/p>\n<p>Die Vorteile eines kombinierten Gummi- und Stahlgeh\u00e4uses f\u00fcr die Feder haben dazu beigetragen, die ES- und ECS-Befestigungen als von Spezifikatoren, Ger\u00e4teherstellern und Mechanikherstellern gleicherma\u00dfen anerkannte Branchenstandards zu etablieren.<\/p>\n","protected":false},"excerpt":{"rendered":"<p>Typ ESB, ES, ES25, ECS25 und ECS50<\/p>\n","protected":false},"featured_media":1034,"comment_status":"open","ping_status":"closed","template":"","meta":{"_acf_changed":false},"product_brand":[],"product_cat":[121,124,134,122],"product_tag":[],"class_list":{"0":"post-4475","1":"product","2":"type-product","3":"status-publish","4":"has-post-thumbnail","6":"product_cat-industrielle-losungen","7":"product_cat-pumpen-kompressoren-und-kuhler","8":"product_cat-stromerzeugung","9":"product_cat-ventilatoren-und-luftbehandlungseinheiten","11":"first","12":"instock","13":"shipping-taxable","14":"purchasable","15":"product-type-simple"},"acf":[],"yoast_head":"<!-- This site is optimized with the Yoast SEO plugin v27.3 - https:\/\/yoast.com\/product\/yoast-seo-wordpress\/ -->\n<title>Geschlossene Federhalterungen zur Schwingungskontrolle<\/title>\n<meta name=\"description\" content=\"Industriestandard-geschlossene Federhalterungen, die darauf ausgelegt sind, niederfrequente Vibrationen und L\u00e4rm in Geb\u00e4ude- und Maschinenanlagen zu reduzieren.\" \/>\n<meta name=\"robots\" content=\"index, follow, max-snippet:-1, max-image-preview:large, max-video-preview:-1\" \/>\n<link rel=\"canonical\" href=\"https:\/\/www.christiegrey.com\/de\/produkt\/geschlossene-federmontagen\/\" \/>\n<meta property=\"og:locale\" content=\"de_DE\" \/>\n<meta property=\"og:type\" content=\"article\" \/>\n<meta property=\"og:title\" content=\"Geschlossene Federhalterungen zur Schwingungskontrolle\" \/>\n<meta property=\"og:description\" content=\"Industriestandard-geschlossene Federhalterungen, die darauf ausgelegt sind, niederfrequente Vibrationen und L\u00e4rm in Geb\u00e4ude- und Maschinenanlagen zu reduzieren.\" \/>\n<meta property=\"og:url\" content=\"https:\/\/www.christiegrey.com\/de\/produkt\/geschlossene-federmontagen\/\" \/>\n<meta property=\"article:publisher\" content=\"https:\/\/www.facebook.com\/christieandgreylimited\" \/>\n<meta property=\"article:modified_time\" content=\"2026-01-30T21:53:43+00:00\" \/>\n<meta property=\"og:image\" content=\"https:\/\/www.christiegrey.com\/wp-content\/uploads\/2025\/12\/ecs-range_365_365.jpg\" \/>\n\t<meta property=\"og:image:width\" content=\"365\" \/>\n\t<meta property=\"og:image:height\" content=\"365\" \/>\n\t<meta property=\"og:image:type\" content=\"image\/jpeg\" \/>\n<meta name=\"twitter:card\" content=\"summary_large_image\" \/>\n<meta name=\"twitter:site\" content=\"@christiegreyltd\" \/>\n<script type=\"application\/ld+json\" class=\"yoast-schema-graph\">{\"@context\":\"https:\\\/\\\/schema.org\",\"@graph\":[{\"@type\":\"WebPage\",\"@id\":\"https:\\\/\\\/www.christiegrey.com\\\/de\\\/produkt\\\/geschlossene-federmontagen\\\/\",\"url\":\"https:\\\/\\\/www.christiegrey.com\\\/de\\\/produkt\\\/geschlossene-federmontagen\\\/\",\"name\":\"Geschlossene Federhalterungen zur Schwingungskontrolle\",\"isPartOf\":{\"@id\":\"https:\\\/\\\/www.christiegrey.com\\\/#website\"},\"primaryImageOfPage\":{\"@id\":\"https:\\\/\\\/www.christiegrey.com\\\/de\\\/produkt\\\/geschlossene-federmontagen\\\/#primaryimage\"},\"image\":{\"@id\":\"https:\\\/\\\/www.christiegrey.com\\\/de\\\/produkt\\\/geschlossene-federmontagen\\\/#primaryimage\"},\"thumbnailUrl\":\"https:\\\/\\\/www.christiegrey.com\\\/wp-content\\\/uploads\\\/2025\\\/12\\\/ecs-range_365_365.jpg\",\"datePublished\":\"2025-12-25T13:41:18+00:00\",\"dateModified\":\"2026-01-30T21:53:43+00:00\",\"description\":\"Industriestandard-geschlossene Federhalterungen, die darauf ausgelegt sind, niederfrequente Vibrationen und L\u00e4rm in Geb\u00e4ude- und Maschinenanlagen zu reduzieren.\",\"breadcrumb\":{\"@id\":\"https:\\\/\\\/www.christiegrey.com\\\/de\\\/produkt\\\/geschlossene-federmontagen\\\/#breadcrumb\"},\"inLanguage\":\"de\",\"potentialAction\":[{\"@type\":\"ReadAction\",\"target\":[\"https:\\\/\\\/www.christiegrey.com\\\/de\\\/produkt\\\/geschlossene-federmontagen\\\/\"]}]},{\"@type\":\"ImageObject\",\"inLanguage\":\"de\",\"@id\":\"https:\\\/\\\/www.christiegrey.com\\\/de\\\/produkt\\\/geschlossene-federmontagen\\\/#primaryimage\",\"url\":\"https:\\\/\\\/www.christiegrey.com\\\/wp-content\\\/uploads\\\/2025\\\/12\\\/ecs-range_365_365.jpg\",\"contentUrl\":\"https:\\\/\\\/www.christiegrey.com\\\/wp-content\\\/uploads\\\/2025\\\/12\\\/ecs-range_365_365.jpg\",\"width\":365,\"height\":365,\"caption\":\"Enclosed spring mountings for vibration control\"},{\"@type\":\"BreadcrumbList\",\"@id\":\"https:\\\/\\\/www.christiegrey.com\\\/de\\\/produkt\\\/geschlossene-federmontagen\\\/#breadcrumb\",\"itemListElement\":[{\"@type\":\"ListItem\",\"position\":1,\"name\":\"Zuhause\",\"item\":\"https:\\\/\\\/www.christiegrey.com\\\/\"},{\"@type\":\"ListItem\",\"position\":2,\"name\":\"Unsere Produkte\",\"item\":\"https:\\\/\\\/www.christiegrey.com\\\/products\\\/\"},{\"@type\":\"ListItem\",\"position\":3,\"name\":\"Geschlossene Federmontagen\"}]},{\"@type\":\"WebSite\",\"@id\":\"https:\\\/\\\/www.christiegrey.com\\\/#website\",\"url\":\"https:\\\/\\\/www.christiegrey.com\\\/\",\"name\":\"Christie & Grey\",\"description\":\"\",\"publisher\":{\"@id\":\"https:\\\/\\\/www.christiegrey.com\\\/#organization\"},\"potentialAction\":[{\"@type\":\"SearchAction\",\"target\":{\"@type\":\"EntryPoint\",\"urlTemplate\":\"https:\\\/\\\/www.christiegrey.com\\\/?s={search_term_string}\"},\"query-input\":{\"@type\":\"PropertyValueSpecification\",\"valueRequired\":true,\"valueName\":\"search_term_string\"}}],\"inLanguage\":\"de\"},{\"@type\":\"Organization\",\"@id\":\"https:\\\/\\\/www.christiegrey.com\\\/#organization\",\"name\":\"Christie & Grey\",\"url\":\"https:\\\/\\\/www.christiegrey.com\\\/\",\"logo\":{\"@type\":\"ImageObject\",\"inLanguage\":\"de\",\"@id\":\"https:\\\/\\\/www.christiegrey.com\\\/#\\\/schema\\\/logo\\\/image\\\/\",\"url\":\"https:\\\/\\\/www.christiegrey.com\\\/wp-content\\\/uploads\\\/2026\\\/02\\\/cropped-logo-scaled-1.png\",\"contentUrl\":\"https:\\\/\\\/www.christiegrey.com\\\/wp-content\\\/uploads\\\/2026\\\/02\\\/cropped-logo-scaled-1.png\",\"width\":250,\"height\":90,\"caption\":\"Christie & Grey\"},\"image\":{\"@id\":\"https:\\\/\\\/www.christiegrey.com\\\/#\\\/schema\\\/logo\\\/image\\\/\"},\"sameAs\":[\"https:\\\/\\\/www.facebook.com\\\/christieandgreylimited\",\"https:\\\/\\\/x.com\\\/christiegreyltd\"]}]}<\/script>\n<!-- \/ Yoast SEO plugin. -->","yoast_head_json":{"title":"Geschlossene Federhalterungen zur Schwingungskontrolle","description":"Industriestandard-geschlossene Federhalterungen, die darauf ausgelegt sind, niederfrequente Vibrationen und L\u00e4rm in Geb\u00e4ude- und Maschinenanlagen zu reduzieren.","robots":{"index":"index","follow":"follow","max-snippet":"max-snippet:-1","max-image-preview":"max-image-preview:large","max-video-preview":"max-video-preview:-1"},"canonical":"https:\/\/www.christiegrey.com\/de\/produkt\/geschlossene-federmontagen\/","og_locale":"de_DE","og_type":"article","og_title":"Geschlossene Federhalterungen zur Schwingungskontrolle","og_description":"Industriestandard-geschlossene Federhalterungen, die darauf ausgelegt sind, niederfrequente Vibrationen und L\u00e4rm in Geb\u00e4ude- und Maschinenanlagen zu reduzieren.","og_url":"https:\/\/www.christiegrey.com\/de\/produkt\/geschlossene-federmontagen\/","article_publisher":"https:\/\/www.facebook.com\/christieandgreylimited","article_modified_time":"2026-01-30T21:53:43+00:00","og_image":[{"width":365,"height":365,"url":"https:\/\/www.christiegrey.com\/wp-content\/uploads\/2025\/12\/ecs-range_365_365.jpg","type":"image\/jpeg"}],"twitter_card":"summary_large_image","twitter_site":"@christiegreyltd","schema":{"@context":"https:\/\/schema.org","@graph":[{"@type":"WebPage","@id":"https:\/\/www.christiegrey.com\/de\/produkt\/geschlossene-federmontagen\/","url":"https:\/\/www.christiegrey.com\/de\/produkt\/geschlossene-federmontagen\/","name":"Geschlossene Federhalterungen zur Schwingungskontrolle","isPartOf":{"@id":"https:\/\/www.christiegrey.com\/#website"},"primaryImageOfPage":{"@id":"https:\/\/www.christiegrey.com\/de\/produkt\/geschlossene-federmontagen\/#primaryimage"},"image":{"@id":"https:\/\/www.christiegrey.com\/de\/produkt\/geschlossene-federmontagen\/#primaryimage"},"thumbnailUrl":"https:\/\/www.christiegrey.com\/wp-content\/uploads\/2025\/12\/ecs-range_365_365.jpg","datePublished":"2025-12-25T13:41:18+00:00","dateModified":"2026-01-30T21:53:43+00:00","description":"Industriestandard-geschlossene Federhalterungen, die darauf ausgelegt sind, niederfrequente Vibrationen und L\u00e4rm in Geb\u00e4ude- und Maschinenanlagen zu reduzieren.","breadcrumb":{"@id":"https:\/\/www.christiegrey.com\/de\/produkt\/geschlossene-federmontagen\/#breadcrumb"},"inLanguage":"de","potentialAction":[{"@type":"ReadAction","target":["https:\/\/www.christiegrey.com\/de\/produkt\/geschlossene-federmontagen\/"]}]},{"@type":"ImageObject","inLanguage":"de","@id":"https:\/\/www.christiegrey.com\/de\/produkt\/geschlossene-federmontagen\/#primaryimage","url":"https:\/\/www.christiegrey.com\/wp-content\/uploads\/2025\/12\/ecs-range_365_365.jpg","contentUrl":"https:\/\/www.christiegrey.com\/wp-content\/uploads\/2025\/12\/ecs-range_365_365.jpg","width":365,"height":365,"caption":"Enclosed spring mountings for vibration control"},{"@type":"BreadcrumbList","@id":"https:\/\/www.christiegrey.com\/de\/produkt\/geschlossene-federmontagen\/#breadcrumb","itemListElement":[{"@type":"ListItem","position":1,"name":"Zuhause","item":"https:\/\/www.christiegrey.com\/"},{"@type":"ListItem","position":2,"name":"Unsere Produkte","item":"https:\/\/www.christiegrey.com\/products\/"},{"@type":"ListItem","position":3,"name":"Geschlossene Federmontagen"}]},{"@type":"WebSite","@id":"https:\/\/www.christiegrey.com\/#website","url":"https:\/\/www.christiegrey.com\/","name":"Christie & Grey","description":"","publisher":{"@id":"https:\/\/www.christiegrey.com\/#organization"},"potentialAction":[{"@type":"SearchAction","target":{"@type":"EntryPoint","urlTemplate":"https:\/\/www.christiegrey.com\/?s={search_term_string}"},"query-input":{"@type":"PropertyValueSpecification","valueRequired":true,"valueName":"search_term_string"}}],"inLanguage":"de"},{"@type":"Organization","@id":"https:\/\/www.christiegrey.com\/#organization","name":"Christie & Grey","url":"https:\/\/www.christiegrey.com\/","logo":{"@type":"ImageObject","inLanguage":"de","@id":"https:\/\/www.christiegrey.com\/#\/schema\/logo\/image\/","url":"https:\/\/www.christiegrey.com\/wp-content\/uploads\/2026\/02\/cropped-logo-scaled-1.png","contentUrl":"https:\/\/www.christiegrey.com\/wp-content\/uploads\/2026\/02\/cropped-logo-scaled-1.png","width":250,"height":90,"caption":"Christie & Grey"},"image":{"@id":"https:\/\/www.christiegrey.com\/#\/schema\/logo\/image\/"},"sameAs":["https:\/\/www.facebook.com\/christieandgreylimited","https:\/\/x.com\/christiegreyltd"]}]}},"_links":{"self":[{"href":"https:\/\/www.christiegrey.com\/de\/wp-json\/wp\/v2\/product\/4475","targetHints":{"allow":["GET"]}}],"collection":[{"href":"https:\/\/www.christiegrey.com\/de\/wp-json\/wp\/v2\/product"}],"about":[{"href":"https:\/\/www.christiegrey.com\/de\/wp-json\/wp\/v2\/types\/product"}],"replies":[{"embeddable":true,"href":"https:\/\/www.christiegrey.com\/de\/wp-json\/wp\/v2\/comments?post=4475"}],"wp:featuredmedia":[{"embeddable":true,"href":"https:\/\/www.christiegrey.com\/de\/wp-json\/wp\/v2\/media\/1034"}],"wp:attachment":[{"href":"https:\/\/www.christiegrey.com\/de\/wp-json\/wp\/v2\/media?parent=4475"}],"wp:term":[{"taxonomy":"product_brand","embeddable":true,"href":"https:\/\/www.christiegrey.com\/de\/wp-json\/wp\/v2\/product_brand?post=4475"},{"taxonomy":"product_cat","embeddable":true,"href":"https:\/\/www.christiegrey.com\/de\/wp-json\/wp\/v2\/product_cat?post=4475"},{"taxonomy":"product_tag","embeddable":true,"href":"https:\/\/www.christiegrey.com\/de\/wp-json\/wp\/v2\/product_tag?post=4475"}],"curies":[{"name":"wp","href":"https:\/\/api.w.org\/{rel}","templated":true}]}}