{"id":4473,"date":"2025-12-25T11:39:06","date_gmt":"2025-12-25T11:39:06","guid":{"rendered":"https:\/\/www.christiegrey.com\/product\/stossbefestigungen-3\/"},"modified":"2025-12-25T11:39:06","modified_gmt":"2025-12-25T11:39:06","slug":"stossbefestigungen-3","status":"publish","type":"product","link":"https:\/\/www.christiegrey.com\/de\/produkt\/stossbefestigungen-3\/","title":{"rendered":"Sto\u00dfbefestigungen"},"content":{"rendered":"<p>Typ-XM-Sto\u00dfd\u00e4mpfer sind \u00e4u\u00dferst effektiv bei der Reduzierung der \u00dcbertragung von Vibrationen, strukturbedingtem L\u00e4rm und Sto\u00df aus einer Vielzahl rotierender und hergehender Maschinen. Auch beim Schutz empfindlicher Ger\u00e4te vor \u00e4u\u00dferen St\u00f6rungen. Sie sind speziell daf\u00fcr entwickelt, die X-Montage bei h\u00f6heren Umgebungstemperaturen zu ersetzen.  <\/p>\n","protected":false},"excerpt":{"rendered":"<p>Typ XM<\/p>\n","protected":false},"featured_media":1018,"comment_status":"open","ping_status":"closed","template":"","meta":{"_acf_changed":false},"product_brand":[],"product_cat":[140,139],"product_tag":[],"class_list":{"0":"post-4473","1":"product","2":"type-product","3":"status-publish","4":"has-post-thumbnail","6":"product_cat-marine-nebenfunktionen","7":"product_cat-marine-und-offshore-losungen","9":"first","10":"instock","11":"shipping-taxable","12":"purchasable","13":"product-type-simple"},"acf":[],"yoast_head":"<!-- This site is optimized with the Yoast SEO plugin v27.0 - https:\/\/yoast.com\/product\/yoast-seo-wordpress\/ -->\n<title>Typ XM Sto\u00dfsto\u00dflafetten \u2013 Hochtemperatur-Schwingungskontrolle<\/title>\n<meta name=\"description\" content=\"Typ XM Sto\u00dfd\u00fcrfmontagen reduzieren Vibrationen, L\u00e4rm und Schocks von Maschinen, sch\u00fctzen empfindliche Ger\u00e4te und ersetzen Typ X in Hochtemperaturumgebungen.\" \/>\n<meta name=\"robots\" content=\"index, follow, max-snippet:-1, max-image-preview:large, max-video-preview:-1\" \/>\n<link rel=\"canonical\" href=\"https:\/\/www.christiegrey.com\/de\/produkt\/stossbefestigungen-3\/\" \/>\n<meta property=\"og:locale\" content=\"de_DE\" \/>\n<meta property=\"og:type\" content=\"article\" \/>\n<meta property=\"og:title\" content=\"Typ XM Sto\u00dfsto\u00dflafetten \u2013 Hochtemperatur-Schwingungskontrolle\" \/>\n<meta property=\"og:description\" content=\"Typ XM Sto\u00dfd\u00fcrfmontagen reduzieren Vibrationen, L\u00e4rm und Schocks von Maschinen, sch\u00fctzen empfindliche Ger\u00e4te und ersetzen Typ X in Hochtemperaturumgebungen.\" \/>\n<meta property=\"og:url\" content=\"https:\/\/www.christiegrey.com\/de\/produkt\/stossbefestigungen-3\/\" \/>\n<meta property=\"article:publisher\" content=\"https:\/\/www.facebook.com\/christieandgreylimited\" \/>\n<meta property=\"og:image\" content=\"https:\/\/www.christiegrey.com\/wp-content\/uploads\/2025\/12\/xmmount.jpg\" \/>\n\t<meta property=\"og:image:width\" content=\"1206\" \/>\n\t<meta property=\"og:image:height\" content=\"641\" \/>\n\t<meta property=\"og:image:type\" content=\"image\/jpeg\" \/>\n<meta name=\"twitter:card\" content=\"summary_large_image\" \/>\n<meta name=\"twitter:site\" content=\"@christiegreyltd\" \/>\n<script type=\"application\/ld+json\" class=\"yoast-schema-graph\">{\"@context\":\"https:\/\/schema.org\",\"@graph\":[{\"@type\":\"WebPage\",\"@id\":\"https:\/\/www.christiegrey.com\/de\/produkt\/stossbefestigungen-3\/\",\"url\":\"https:\/\/www.christiegrey.com\/de\/produkt\/stossbefestigungen-3\/\",\"name\":\"Typ XM Sto\u00dfsto\u00dflafetten \u2013 Hochtemperatur-Schwingungskontrolle\",\"isPartOf\":{\"@id\":\"https:\/\/www.christiegrey.com\/#website\"},\"primaryImageOfPage\":{\"@id\":\"https:\/\/www.christiegrey.com\/de\/produkt\/stossbefestigungen-3\/#primaryimage\"},\"image\":{\"@id\":\"https:\/\/www.christiegrey.com\/de\/produkt\/stossbefestigungen-3\/#primaryimage\"},\"thumbnailUrl\":\"https:\/\/www.christiegrey.com\/wp-content\/uploads\/2025\/12\/xmmount.jpg\",\"datePublished\":\"2025-12-25T11:39:06+00:00\",\"description\":\"Typ XM Sto\u00dfd\u00fcrfmontagen reduzieren Vibrationen, L\u00e4rm und Schocks von Maschinen, sch\u00fctzen empfindliche Ger\u00e4te und ersetzen Typ X in Hochtemperaturumgebungen.\",\"breadcrumb\":{\"@id\":\"https:\/\/www.christiegrey.com\/de\/produkt\/stossbefestigungen-3\/#breadcrumb\"},\"inLanguage\":\"de\",\"potentialAction\":[{\"@type\":\"ReadAction\",\"target\":[\"https:\/\/www.christiegrey.com\/de\/produkt\/stossbefestigungen-3\/\"]}]},{\"@type\":\"ImageObject\",\"inLanguage\":\"de\",\"@id\":\"https:\/\/www.christiegrey.com\/de\/produkt\/stossbefestigungen-3\/#primaryimage\",\"url\":\"https:\/\/www.christiegrey.com\/wp-content\/uploads\/2025\/12\/xmmount.jpg\",\"contentUrl\":\"https:\/\/www.christiegrey.com\/wp-content\/uploads\/2025\/12\/xmmount.jpg\",\"width\":1206,\"height\":641,\"caption\":\"XM shock mounts for high-temp vibration isolation\"},{\"@type\":\"BreadcrumbList\",\"@id\":\"https:\/\/www.christiegrey.com\/de\/produkt\/stossbefestigungen-3\/#breadcrumb\",\"itemListElement\":[{\"@type\":\"ListItem\",\"position\":1,\"name\":\"Zuhause\",\"item\":\"https:\/\/www.christiegrey.com\/\"},{\"@type\":\"ListItem\",\"position\":2,\"name\":\"Unsere Produkte\",\"item\":\"https:\/\/www.christiegrey.com\/products\/\"},{\"@type\":\"ListItem\",\"position\":3,\"name\":\"Sto\u00dfbefestigungen\"}]},{\"@type\":\"WebSite\",\"@id\":\"https:\/\/www.christiegrey.com\/#website\",\"url\":\"https:\/\/www.christiegrey.com\/\",\"name\":\"Christie & Grey\",\"description\":\"\",\"publisher\":{\"@id\":\"https:\/\/www.christiegrey.com\/#organization\"},\"potentialAction\":[{\"@type\":\"SearchAction\",\"target\":{\"@type\":\"EntryPoint\",\"urlTemplate\":\"https:\/\/www.christiegrey.com\/?s={search_term_string}\"},\"query-input\":{\"@type\":\"PropertyValueSpecification\",\"valueRequired\":true,\"valueName\":\"search_term_string\"}}],\"inLanguage\":\"de\"},{\"@type\":\"Organization\",\"@id\":\"https:\/\/www.christiegrey.com\/#organization\",\"name\":\"Christie & Grey\",\"url\":\"https:\/\/www.christiegrey.com\/\",\"logo\":{\"@type\":\"ImageObject\",\"inLanguage\":\"de\",\"@id\":\"https:\/\/www.christiegrey.com\/#\/schema\/logo\/image\/\",\"url\":\"https:\/\/www.christiegrey.com\/wp-content\/uploads\/2026\/02\/cropped-logo-scaled-1.png\",\"contentUrl\":\"https:\/\/www.christiegrey.com\/wp-content\/uploads\/2026\/02\/cropped-logo-scaled-1.png\",\"width\":250,\"height\":90,\"caption\":\"Christie & Grey\"},\"image\":{\"@id\":\"https:\/\/www.christiegrey.com\/#\/schema\/logo\/image\/\"},\"sameAs\":[\"https:\/\/www.facebook.com\/christieandgreylimited\",\"https:\/\/x.com\/christiegreyltd\"]}]}<\/script>\n<!-- \/ Yoast SEO plugin. -->","yoast_head_json":{"title":"Typ XM Sto\u00dfsto\u00dflafetten \u2013 Hochtemperatur-Schwingungskontrolle","description":"Typ XM Sto\u00dfd\u00fcrfmontagen reduzieren Vibrationen, L\u00e4rm und Schocks von Maschinen, sch\u00fctzen empfindliche Ger\u00e4te und ersetzen Typ X in Hochtemperaturumgebungen.","robots":{"index":"index","follow":"follow","max-snippet":"max-snippet:-1","max-image-preview":"max-image-preview:large","max-video-preview":"max-video-preview:-1"},"canonical":"https:\/\/www.christiegrey.com\/de\/produkt\/stossbefestigungen-3\/","og_locale":"de_DE","og_type":"article","og_title":"Typ XM Sto\u00dfsto\u00dflafetten \u2013 Hochtemperatur-Schwingungskontrolle","og_description":"Typ XM Sto\u00dfd\u00fcrfmontagen reduzieren Vibrationen, L\u00e4rm und Schocks von Maschinen, sch\u00fctzen empfindliche Ger\u00e4te und ersetzen Typ X in Hochtemperaturumgebungen.","og_url":"https:\/\/www.christiegrey.com\/de\/produkt\/stossbefestigungen-3\/","article_publisher":"https:\/\/www.facebook.com\/christieandgreylimited","og_image":[{"width":1206,"height":641,"url":"https:\/\/www.christiegrey.com\/wp-content\/uploads\/2025\/12\/xmmount.jpg","type":"image\/jpeg"}],"twitter_card":"summary_large_image","twitter_site":"@christiegreyltd","schema":{"@context":"https:\/\/schema.org","@graph":[{"@type":"WebPage","@id":"https:\/\/www.christiegrey.com\/de\/produkt\/stossbefestigungen-3\/","url":"https:\/\/www.christiegrey.com\/de\/produkt\/stossbefestigungen-3\/","name":"Typ XM Sto\u00dfsto\u00dflafetten \u2013 Hochtemperatur-Schwingungskontrolle","isPartOf":{"@id":"https:\/\/www.christiegrey.com\/#website"},"primaryImageOfPage":{"@id":"https:\/\/www.christiegrey.com\/de\/produkt\/stossbefestigungen-3\/#primaryimage"},"image":{"@id":"https:\/\/www.christiegrey.com\/de\/produkt\/stossbefestigungen-3\/#primaryimage"},"thumbnailUrl":"https:\/\/www.christiegrey.com\/wp-content\/uploads\/2025\/12\/xmmount.jpg","datePublished":"2025-12-25T11:39:06+00:00","description":"Typ XM Sto\u00dfd\u00fcrfmontagen reduzieren Vibrationen, L\u00e4rm und Schocks von Maschinen, sch\u00fctzen empfindliche Ger\u00e4te und ersetzen Typ X in Hochtemperaturumgebungen.","breadcrumb":{"@id":"https:\/\/www.christiegrey.com\/de\/produkt\/stossbefestigungen-3\/#breadcrumb"},"inLanguage":"de","potentialAction":[{"@type":"ReadAction","target":["https:\/\/www.christiegrey.com\/de\/produkt\/stossbefestigungen-3\/"]}]},{"@type":"ImageObject","inLanguage":"de","@id":"https:\/\/www.christiegrey.com\/de\/produkt\/stossbefestigungen-3\/#primaryimage","url":"https:\/\/www.christiegrey.com\/wp-content\/uploads\/2025\/12\/xmmount.jpg","contentUrl":"https:\/\/www.christiegrey.com\/wp-content\/uploads\/2025\/12\/xmmount.jpg","width":1206,"height":641,"caption":"XM shock mounts for high-temp vibration isolation"},{"@type":"BreadcrumbList","@id":"https:\/\/www.christiegrey.com\/de\/produkt\/stossbefestigungen-3\/#breadcrumb","itemListElement":[{"@type":"ListItem","position":1,"name":"Zuhause","item":"https:\/\/www.christiegrey.com\/"},{"@type":"ListItem","position":2,"name":"Unsere Produkte","item":"https:\/\/www.christiegrey.com\/products\/"},{"@type":"ListItem","position":3,"name":"Sto\u00dfbefestigungen"}]},{"@type":"WebSite","@id":"https:\/\/www.christiegrey.com\/#website","url":"https:\/\/www.christiegrey.com\/","name":"Christie & Grey","description":"","publisher":{"@id":"https:\/\/www.christiegrey.com\/#organization"},"potentialAction":[{"@type":"SearchAction","target":{"@type":"EntryPoint","urlTemplate":"https:\/\/www.christiegrey.com\/?s={search_term_string}"},"query-input":{"@type":"PropertyValueSpecification","valueRequired":true,"valueName":"search_term_string"}}],"inLanguage":"de"},{"@type":"Organization","@id":"https:\/\/www.christiegrey.com\/#organization","name":"Christie & Grey","url":"https:\/\/www.christiegrey.com\/","logo":{"@type":"ImageObject","inLanguage":"de","@id":"https:\/\/www.christiegrey.com\/#\/schema\/logo\/image\/","url":"https:\/\/www.christiegrey.com\/wp-content\/uploads\/2026\/02\/cropped-logo-scaled-1.png","contentUrl":"https:\/\/www.christiegrey.com\/wp-content\/uploads\/2026\/02\/cropped-logo-scaled-1.png","width":250,"height":90,"caption":"Christie & Grey"},"image":{"@id":"https:\/\/www.christiegrey.com\/#\/schema\/logo\/image\/"},"sameAs":["https:\/\/www.facebook.com\/christieandgreylimited","https:\/\/x.com\/christiegreyltd"]}]}},"_links":{"self":[{"href":"https:\/\/www.christiegrey.com\/de\/wp-json\/wp\/v2\/product\/4473","targetHints":{"allow":["GET"]}}],"collection":[{"href":"https:\/\/www.christiegrey.com\/de\/wp-json\/wp\/v2\/product"}],"about":[{"href":"https:\/\/www.christiegrey.com\/de\/wp-json\/wp\/v2\/types\/product"}],"replies":[{"embeddable":true,"href":"https:\/\/www.christiegrey.com\/de\/wp-json\/wp\/v2\/comments?post=4473"}],"wp:featuredmedia":[{"embeddable":true,"href":"https:\/\/www.christiegrey.com\/de\/wp-json\/wp\/v2\/media\/1018"}],"wp:attachment":[{"href":"https:\/\/www.christiegrey.com\/de\/wp-json\/wp\/v2\/media?parent=4473"}],"wp:term":[{"taxonomy":"product_brand","embeddable":true,"href":"https:\/\/www.christiegrey.com\/de\/wp-json\/wp\/v2\/product_brand?post=4473"},{"taxonomy":"product_cat","embeddable":true,"href":"https:\/\/www.christiegrey.com\/de\/wp-json\/wp\/v2\/product_cat?post=4473"},{"taxonomy":"product_tag","embeddable":true,"href":"https:\/\/www.christiegrey.com\/de\/wp-json\/wp\/v2\/product_tag?post=4473"}],"curies":[{"name":"wp","href":"https:\/\/api.w.org\/{rel}","templated":true}]}}