{"id":4449,"date":"2025-12-25T11:45:18","date_gmt":"2025-12-25T11:45:18","guid":{"rendered":"https:\/\/www.christiegrey.com\/product\/stossbefestigungen-2\/"},"modified":"2026-01-30T21:53:28","modified_gmt":"2026-01-30T21:53:28","slug":"stossbefestigungen-2","status":"publish","type":"product","link":"https:\/\/www.christiegrey.com\/de\/produkt\/stossbefestigungen-2\/","title":{"rendered":"Sto\u00dfbefestigungen"},"content":{"rendered":"<p>Die Typ-&#8218;Y&#8216;-Lafette ist eine bedeutende Verbesserung gegen\u00fcber dem urspr\u00fcnglichen Typ-&#8218;X&#8216;-Bajonett und bietet eine verbesserte Hochfrequenzabschw\u00e4chung.<\/p>\n<p>Das &#8218;Y&#8216; f\u00fcgt eine Gummileiste auf der Befestigung hinzu, die sowohl Beschleuniger- als auch Verz\u00f6gerungseinheiten bildet. Dieser wirkt auch als Hochfrequenzisolator und sorgt f\u00fcr eine Verbesserung der &#8218;Rausch&#8216;-D\u00e4mpfung gegen\u00fcber der Typ-&#8218;X&#8216;-Montage. <\/p>\n","protected":false},"excerpt":{"rendered":"<p>Typ Y<\/p>\n","protected":false},"featured_media":1020,"comment_status":"open","ping_status":"closed","template":"","meta":{"_acf_changed":false},"product_brand":[],"product_cat":[140,139],"product_tag":[],"class_list":{"0":"post-4449","1":"product","2":"type-product","3":"status-publish","4":"has-post-thumbnail","6":"product_cat-marine-nebenfunktionen","7":"product_cat-marine-und-offshore-losungen","9":"first","10":"instock","11":"shipping-taxable","12":"purchasable","13":"product-type-simple"},"acf":[],"yoast_head":"<!-- This site is optimized with the Yoast SEO plugin v27.0 - https:\/\/yoast.com\/product\/yoast-seo-wordpress\/ -->\n<title>Typ-Y-Sto\u00dflafetten \u2013 Hochfrequente Ger\u00e4usch- und Schwingungskontrolle<\/title>\n<meta name=\"description\" content=\"Typ-Y-Sto\u00dfhalterungen verbessern die hochfrequente Rauschd\u00e4mpfung gegen\u00fcber dem Typ X, indem sie Gummiformen verwenden, um Vibrationen zu reduzieren und empfindliche Ger\u00e4te zu sch\u00fctzen.\" \/>\n<meta name=\"robots\" content=\"index, follow, max-snippet:-1, max-image-preview:large, max-video-preview:-1\" \/>\n<link rel=\"canonical\" href=\"https:\/\/www.christiegrey.com\/de\/produkt\/stossbefestigungen-2\/\" \/>\n<meta property=\"og:locale\" content=\"de_DE\" \/>\n<meta property=\"og:type\" content=\"article\" \/>\n<meta property=\"og:title\" content=\"Typ-Y-Sto\u00dflafetten \u2013 Hochfrequente Ger\u00e4usch- und Schwingungskontrolle\" \/>\n<meta property=\"og:description\" content=\"Typ-Y-Sto\u00dfhalterungen verbessern die hochfrequente Rauschd\u00e4mpfung gegen\u00fcber dem Typ X, indem sie Gummiformen verwenden, um Vibrationen zu reduzieren und empfindliche Ger\u00e4te zu sch\u00fctzen.\" \/>\n<meta property=\"og:url\" content=\"https:\/\/www.christiegrey.com\/de\/produkt\/stossbefestigungen-2\/\" \/>\n<meta property=\"article:publisher\" content=\"https:\/\/www.facebook.com\/christieandgreylimited\" \/>\n<meta property=\"article:modified_time\" content=\"2026-01-30T21:53:28+00:00\" \/>\n<meta property=\"og:image\" content=\"https:\/\/www.christiegrey.com\/wp-content\/uploads\/2025\/12\/ymount.jpg\" \/>\n\t<meta property=\"og:image:width\" content=\"1166\" \/>\n\t<meta property=\"og:image:height\" content=\"1009\" \/>\n\t<meta property=\"og:image:type\" content=\"image\/jpeg\" \/>\n<meta name=\"twitter:card\" content=\"summary_large_image\" \/>\n<meta name=\"twitter:site\" content=\"@christiegreyltd\" \/>\n<script type=\"application\/ld+json\" class=\"yoast-schema-graph\">{\"@context\":\"https:\/\/schema.org\",\"@graph\":[{\"@type\":\"WebPage\",\"@id\":\"https:\/\/www.christiegrey.com\/de\/produkt\/stossbefestigungen-2\/\",\"url\":\"https:\/\/www.christiegrey.com\/de\/produkt\/stossbefestigungen-2\/\",\"name\":\"Typ-Y-Sto\u00dflafetten \u2013 Hochfrequente Ger\u00e4usch- und Schwingungskontrolle\",\"isPartOf\":{\"@id\":\"https:\/\/www.christiegrey.com\/#website\"},\"primaryImageOfPage\":{\"@id\":\"https:\/\/www.christiegrey.com\/de\/produkt\/stossbefestigungen-2\/#primaryimage\"},\"image\":{\"@id\":\"https:\/\/www.christiegrey.com\/de\/produkt\/stossbefestigungen-2\/#primaryimage\"},\"thumbnailUrl\":\"https:\/\/www.christiegrey.com\/wp-content\/uploads\/2025\/12\/ymount.jpg\",\"datePublished\":\"2025-12-25T11:45:18+00:00\",\"dateModified\":\"2026-01-30T21:53:28+00:00\",\"description\":\"Typ-Y-Sto\u00dfhalterungen verbessern die hochfrequente Rauschd\u00e4mpfung gegen\u00fcber dem Typ X, indem sie Gummiformen verwenden, um Vibrationen zu reduzieren und empfindliche Ger\u00e4te zu sch\u00fctzen.\",\"breadcrumb\":{\"@id\":\"https:\/\/www.christiegrey.com\/de\/produkt\/stossbefestigungen-2\/#breadcrumb\"},\"inLanguage\":\"de\",\"potentialAction\":[{\"@type\":\"ReadAction\",\"target\":[\"https:\/\/www.christiegrey.com\/de\/produkt\/stossbefestigungen-2\/\"]}]},{\"@type\":\"ImageObject\",\"inLanguage\":\"de\",\"@id\":\"https:\/\/www.christiegrey.com\/de\/produkt\/stossbefestigungen-2\/#primaryimage\",\"url\":\"https:\/\/www.christiegrey.com\/wp-content\/uploads\/2025\/12\/ymount.jpg\",\"contentUrl\":\"https:\/\/www.christiegrey.com\/wp-content\/uploads\/2025\/12\/ymount.jpg\",\"width\":1166,\"height\":1009,\"caption\":\"Type Y shock mounts for high-frequency vibration control\"},{\"@type\":\"BreadcrumbList\",\"@id\":\"https:\/\/www.christiegrey.com\/de\/produkt\/stossbefestigungen-2\/#breadcrumb\",\"itemListElement\":[{\"@type\":\"ListItem\",\"position\":1,\"name\":\"Zuhause\",\"item\":\"https:\/\/www.christiegrey.com\/\"},{\"@type\":\"ListItem\",\"position\":2,\"name\":\"Unsere Produkte\",\"item\":\"https:\/\/www.christiegrey.com\/products\/\"},{\"@type\":\"ListItem\",\"position\":3,\"name\":\"Sto\u00dfbefestigungen\"}]},{\"@type\":\"WebSite\",\"@id\":\"https:\/\/www.christiegrey.com\/#website\",\"url\":\"https:\/\/www.christiegrey.com\/\",\"name\":\"Christie & Grey\",\"description\":\"\",\"publisher\":{\"@id\":\"https:\/\/www.christiegrey.com\/#organization\"},\"potentialAction\":[{\"@type\":\"SearchAction\",\"target\":{\"@type\":\"EntryPoint\",\"urlTemplate\":\"https:\/\/www.christiegrey.com\/?s={search_term_string}\"},\"query-input\":{\"@type\":\"PropertyValueSpecification\",\"valueRequired\":true,\"valueName\":\"search_term_string\"}}],\"inLanguage\":\"de\"},{\"@type\":\"Organization\",\"@id\":\"https:\/\/www.christiegrey.com\/#organization\",\"name\":\"Christie & Grey\",\"url\":\"https:\/\/www.christiegrey.com\/\",\"logo\":{\"@type\":\"ImageObject\",\"inLanguage\":\"de\",\"@id\":\"https:\/\/www.christiegrey.com\/#\/schema\/logo\/image\/\",\"url\":\"https:\/\/www.christiegrey.com\/wp-content\/uploads\/2026\/02\/cropped-logo-scaled-1.png\",\"contentUrl\":\"https:\/\/www.christiegrey.com\/wp-content\/uploads\/2026\/02\/cropped-logo-scaled-1.png\",\"width\":250,\"height\":90,\"caption\":\"Christie & Grey\"},\"image\":{\"@id\":\"https:\/\/www.christiegrey.com\/#\/schema\/logo\/image\/\"},\"sameAs\":[\"https:\/\/www.facebook.com\/christieandgreylimited\",\"https:\/\/x.com\/christiegreyltd\"]}]}<\/script>\n<!-- \/ Yoast SEO plugin. -->","yoast_head_json":{"title":"Typ-Y-Sto\u00dflafetten \u2013 Hochfrequente Ger\u00e4usch- und Schwingungskontrolle","description":"Typ-Y-Sto\u00dfhalterungen verbessern die hochfrequente Rauschd\u00e4mpfung gegen\u00fcber dem Typ X, indem sie Gummiformen verwenden, um Vibrationen zu reduzieren und empfindliche Ger\u00e4te zu sch\u00fctzen.","robots":{"index":"index","follow":"follow","max-snippet":"max-snippet:-1","max-image-preview":"max-image-preview:large","max-video-preview":"max-video-preview:-1"},"canonical":"https:\/\/www.christiegrey.com\/de\/produkt\/stossbefestigungen-2\/","og_locale":"de_DE","og_type":"article","og_title":"Typ-Y-Sto\u00dflafetten \u2013 Hochfrequente Ger\u00e4usch- und Schwingungskontrolle","og_description":"Typ-Y-Sto\u00dfhalterungen verbessern die hochfrequente Rauschd\u00e4mpfung gegen\u00fcber dem Typ X, indem sie Gummiformen verwenden, um Vibrationen zu reduzieren und empfindliche Ger\u00e4te zu sch\u00fctzen.","og_url":"https:\/\/www.christiegrey.com\/de\/produkt\/stossbefestigungen-2\/","article_publisher":"https:\/\/www.facebook.com\/christieandgreylimited","article_modified_time":"2026-01-30T21:53:28+00:00","og_image":[{"width":1166,"height":1009,"url":"https:\/\/www.christiegrey.com\/wp-content\/uploads\/2025\/12\/ymount.jpg","type":"image\/jpeg"}],"twitter_card":"summary_large_image","twitter_site":"@christiegreyltd","schema":{"@context":"https:\/\/schema.org","@graph":[{"@type":"WebPage","@id":"https:\/\/www.christiegrey.com\/de\/produkt\/stossbefestigungen-2\/","url":"https:\/\/www.christiegrey.com\/de\/produkt\/stossbefestigungen-2\/","name":"Typ-Y-Sto\u00dflafetten \u2013 Hochfrequente Ger\u00e4usch- und Schwingungskontrolle","isPartOf":{"@id":"https:\/\/www.christiegrey.com\/#website"},"primaryImageOfPage":{"@id":"https:\/\/www.christiegrey.com\/de\/produkt\/stossbefestigungen-2\/#primaryimage"},"image":{"@id":"https:\/\/www.christiegrey.com\/de\/produkt\/stossbefestigungen-2\/#primaryimage"},"thumbnailUrl":"https:\/\/www.christiegrey.com\/wp-content\/uploads\/2025\/12\/ymount.jpg","datePublished":"2025-12-25T11:45:18+00:00","dateModified":"2026-01-30T21:53:28+00:00","description":"Typ-Y-Sto\u00dfhalterungen verbessern die hochfrequente Rauschd\u00e4mpfung gegen\u00fcber dem Typ X, indem sie Gummiformen verwenden, um Vibrationen zu reduzieren und empfindliche Ger\u00e4te zu sch\u00fctzen.","breadcrumb":{"@id":"https:\/\/www.christiegrey.com\/de\/produkt\/stossbefestigungen-2\/#breadcrumb"},"inLanguage":"de","potentialAction":[{"@type":"ReadAction","target":["https:\/\/www.christiegrey.com\/de\/produkt\/stossbefestigungen-2\/"]}]},{"@type":"ImageObject","inLanguage":"de","@id":"https:\/\/www.christiegrey.com\/de\/produkt\/stossbefestigungen-2\/#primaryimage","url":"https:\/\/www.christiegrey.com\/wp-content\/uploads\/2025\/12\/ymount.jpg","contentUrl":"https:\/\/www.christiegrey.com\/wp-content\/uploads\/2025\/12\/ymount.jpg","width":1166,"height":1009,"caption":"Type Y shock mounts for high-frequency vibration control"},{"@type":"BreadcrumbList","@id":"https:\/\/www.christiegrey.com\/de\/produkt\/stossbefestigungen-2\/#breadcrumb","itemListElement":[{"@type":"ListItem","position":1,"name":"Zuhause","item":"https:\/\/www.christiegrey.com\/"},{"@type":"ListItem","position":2,"name":"Unsere Produkte","item":"https:\/\/www.christiegrey.com\/products\/"},{"@type":"ListItem","position":3,"name":"Sto\u00dfbefestigungen"}]},{"@type":"WebSite","@id":"https:\/\/www.christiegrey.com\/#website","url":"https:\/\/www.christiegrey.com\/","name":"Christie & Grey","description":"","publisher":{"@id":"https:\/\/www.christiegrey.com\/#organization"},"potentialAction":[{"@type":"SearchAction","target":{"@type":"EntryPoint","urlTemplate":"https:\/\/www.christiegrey.com\/?s={search_term_string}"},"query-input":{"@type":"PropertyValueSpecification","valueRequired":true,"valueName":"search_term_string"}}],"inLanguage":"de"},{"@type":"Organization","@id":"https:\/\/www.christiegrey.com\/#organization","name":"Christie & Grey","url":"https:\/\/www.christiegrey.com\/","logo":{"@type":"ImageObject","inLanguage":"de","@id":"https:\/\/www.christiegrey.com\/#\/schema\/logo\/image\/","url":"https:\/\/www.christiegrey.com\/wp-content\/uploads\/2026\/02\/cropped-logo-scaled-1.png","contentUrl":"https:\/\/www.christiegrey.com\/wp-content\/uploads\/2026\/02\/cropped-logo-scaled-1.png","width":250,"height":90,"caption":"Christie & Grey"},"image":{"@id":"https:\/\/www.christiegrey.com\/#\/schema\/logo\/image\/"},"sameAs":["https:\/\/www.facebook.com\/christieandgreylimited","https:\/\/x.com\/christiegreyltd"]}]}},"_links":{"self":[{"href":"https:\/\/www.christiegrey.com\/de\/wp-json\/wp\/v2\/product\/4449","targetHints":{"allow":["GET"]}}],"collection":[{"href":"https:\/\/www.christiegrey.com\/de\/wp-json\/wp\/v2\/product"}],"about":[{"href":"https:\/\/www.christiegrey.com\/de\/wp-json\/wp\/v2\/types\/product"}],"replies":[{"embeddable":true,"href":"https:\/\/www.christiegrey.com\/de\/wp-json\/wp\/v2\/comments?post=4449"}],"wp:featuredmedia":[{"embeddable":true,"href":"https:\/\/www.christiegrey.com\/de\/wp-json\/wp\/v2\/media\/1020"}],"wp:attachment":[{"href":"https:\/\/www.christiegrey.com\/de\/wp-json\/wp\/v2\/media?parent=4449"}],"wp:term":[{"taxonomy":"product_brand","embeddable":true,"href":"https:\/\/www.christiegrey.com\/de\/wp-json\/wp\/v2\/product_brand?post=4449"},{"taxonomy":"product_cat","embeddable":true,"href":"https:\/\/www.christiegrey.com\/de\/wp-json\/wp\/v2\/product_cat?post=4449"},{"taxonomy":"product_tag","embeddable":true,"href":"https:\/\/www.christiegrey.com\/de\/wp-json\/wp\/v2\/product_tag?post=4449"}],"curies":[{"name":"wp","href":"https:\/\/api.w.org\/{rel}","templated":true}]}}