{"id":4430,"date":"2025-12-25T13:54:59","date_gmt":"2025-12-25T13:54:59","guid":{"rendered":"https:\/\/www.christiegrey.com\/product\/traegheitsgussrahmen\/"},"modified":"2026-01-30T21:53:20","modified_gmt":"2026-01-30T21:53:20","slug":"traegheitsgussrahmen","status":"publish","type":"product","link":"https:\/\/www.christiegrey.com\/de\/produkt\/traegheitsgussrahmen\/","title":{"rendered":"Tr\u00e4gheitsgussrahmen"},"content":{"rendered":"<p>Tr\u00e4gheitsgie\u00dfrahmen wurden f\u00fcr den Einsatz bei Maschinen entwickelt, die hohe Schwingungen erzeugen oder externen Kr\u00e4ften ausgesetzt sind oder einfach instabil sind, wenn sie direkt auf Feder- oder Gummimontagen montiert werden.<\/p>\n<p>Die Verwendung von Typ IPF betongef\u00fcllten Stahlrahmen erm\u00f6glicht den Einsatz von Befestigungssystemen mit hoher Durchbiegung und geringer Steifigkeit, was eine extrem hohe Vibrationsisolierung ohne \u00fcberm\u00e4\u00dfige Bewegung erm\u00f6glicht.<\/p>\n","protected":false},"excerpt":{"rendered":"<p>Typ IPF<\/p>\n","protected":false},"featured_media":1040,"comment_status":"open","ping_status":"closed","template":"","meta":{"_acf_changed":false},"product_brand":[],"product_cat":[110,137,109,121,124,122],"product_tag":[],"class_list":{"0":"post-4430","1":"product","2":"type-product","3":"status-publish","4":"has-post-thumbnail","6":"product_cat-akustikdeckenprodukte","7":"product_cat-akustikwandprodukte","8":"product_cat-baulosungen","9":"product_cat-industrielle-losungen","10":"product_cat-pumpen-kompressoren-und-kuhler","11":"product_cat-ventilatoren-und-luftbehandlungseinheiten","13":"first","14":"instock","15":"shipping-taxable","16":"purchasable","17":"product-type-simple"},"acf":[],"yoast_head":"<!-- This site is optimized with the Yoast SEO plugin v27.0 - https:\/\/yoast.com\/product\/yoast-seo-wordpress\/ -->\n<title>Tr\u00e4gheitsgussrahmen (Typ IPF) zur Hochvibrationsisolation<\/title>\n<meta name=\"description\" content=\"Tr\u00e4gheitsgussrahmen verwenden betongef\u00fcllten Stahl, um eine hohe Schwingungsisolierung f\u00fcr Maschinen mit hoher Vibration oder instabilen Montagebedingungen zu gew\u00e4hrleisten.\" \/>\n<meta name=\"robots\" content=\"index, follow, max-snippet:-1, max-image-preview:large, max-video-preview:-1\" \/>\n<link rel=\"canonical\" href=\"https:\/\/www.christiegrey.com\/de\/produkt\/traegheitsgussrahmen\/\" \/>\n<meta property=\"og:locale\" content=\"de_DE\" \/>\n<meta property=\"og:type\" content=\"article\" \/>\n<meta property=\"og:title\" content=\"Tr\u00e4gheitsgussrahmen (Typ IPF) zur Hochvibrationsisolation\" \/>\n<meta property=\"og:description\" content=\"Tr\u00e4gheitsgussrahmen verwenden betongef\u00fcllten Stahl, um eine hohe Schwingungsisolierung f\u00fcr Maschinen mit hoher Vibration oder instabilen Montagebedingungen zu gew\u00e4hrleisten.\" \/>\n<meta property=\"og:url\" content=\"https:\/\/www.christiegrey.com\/de\/produkt\/traegheitsgussrahmen\/\" \/>\n<meta property=\"article:publisher\" content=\"https:\/\/www.facebook.com\/christieandgreylimited\" \/>\n<meta property=\"article:modified_time\" content=\"2026-01-30T21:53:20+00:00\" \/>\n<meta property=\"og:image\" content=\"https:\/\/www.christiegrey.com\/wp-content\/uploads\/2025\/12\/ipf_365_365.jpg\" \/>\n\t<meta property=\"og:image:width\" content=\"365\" \/>\n\t<meta property=\"og:image:height\" content=\"365\" \/>\n\t<meta property=\"og:image:type\" content=\"image\/jpeg\" \/>\n<meta name=\"twitter:card\" content=\"summary_large_image\" \/>\n<meta name=\"twitter:site\" content=\"@christiegreyltd\" \/>\n<script type=\"application\/ld+json\" class=\"yoast-schema-graph\">{\"@context\":\"https:\/\/schema.org\",\"@graph\":[{\"@type\":\"WebPage\",\"@id\":\"https:\/\/www.christiegrey.com\/de\/produkt\/traegheitsgussrahmen\/\",\"url\":\"https:\/\/www.christiegrey.com\/de\/produkt\/traegheitsgussrahmen\/\",\"name\":\"Tr\u00e4gheitsgussrahmen (Typ IPF) zur Hochvibrationsisolation\",\"isPartOf\":{\"@id\":\"https:\/\/www.christiegrey.com\/#website\"},\"primaryImageOfPage\":{\"@id\":\"https:\/\/www.christiegrey.com\/de\/produkt\/traegheitsgussrahmen\/#primaryimage\"},\"image\":{\"@id\":\"https:\/\/www.christiegrey.com\/de\/produkt\/traegheitsgussrahmen\/#primaryimage\"},\"thumbnailUrl\":\"https:\/\/www.christiegrey.com\/wp-content\/uploads\/2025\/12\/ipf_365_365.jpg\",\"datePublished\":\"2025-12-25T13:54:59+00:00\",\"dateModified\":\"2026-01-30T21:53:20+00:00\",\"description\":\"Tr\u00e4gheitsgussrahmen verwenden betongef\u00fcllten Stahl, um eine hohe Schwingungsisolierung f\u00fcr Maschinen mit hoher Vibration oder instabilen Montagebedingungen zu gew\u00e4hrleisten.\",\"breadcrumb\":{\"@id\":\"https:\/\/www.christiegrey.com\/de\/produkt\/traegheitsgussrahmen\/#breadcrumb\"},\"inLanguage\":\"de\",\"potentialAction\":[{\"@type\":\"ReadAction\",\"target\":[\"https:\/\/www.christiegrey.com\/de\/produkt\/traegheitsgussrahmen\/\"]}]},{\"@type\":\"ImageObject\",\"inLanguage\":\"de\",\"@id\":\"https:\/\/www.christiegrey.com\/de\/produkt\/traegheitsgussrahmen\/#primaryimage\",\"url\":\"https:\/\/www.christiegrey.com\/wp-content\/uploads\/2025\/12\/ipf_365_365.jpg\",\"contentUrl\":\"https:\/\/www.christiegrey.com\/wp-content\/uploads\/2025\/12\/ipf_365_365.jpg\",\"width\":365,\"height\":365,\"caption\":\"Type IPF concrete pouring frames\"},{\"@type\":\"BreadcrumbList\",\"@id\":\"https:\/\/www.christiegrey.com\/de\/produkt\/traegheitsgussrahmen\/#breadcrumb\",\"itemListElement\":[{\"@type\":\"ListItem\",\"position\":1,\"name\":\"Zuhause\",\"item\":\"https:\/\/www.christiegrey.com\/\"},{\"@type\":\"ListItem\",\"position\":2,\"name\":\"Unsere Produkte\",\"item\":\"https:\/\/www.christiegrey.com\/products\/\"},{\"@type\":\"ListItem\",\"position\":3,\"name\":\"Tr\u00e4gheitsgussrahmen\"}]},{\"@type\":\"WebSite\",\"@id\":\"https:\/\/www.christiegrey.com\/#website\",\"url\":\"https:\/\/www.christiegrey.com\/\",\"name\":\"Christie & Grey\",\"description\":\"\",\"publisher\":{\"@id\":\"https:\/\/www.christiegrey.com\/#organization\"},\"potentialAction\":[{\"@type\":\"SearchAction\",\"target\":{\"@type\":\"EntryPoint\",\"urlTemplate\":\"https:\/\/www.christiegrey.com\/?s={search_term_string}\"},\"query-input\":{\"@type\":\"PropertyValueSpecification\",\"valueRequired\":true,\"valueName\":\"search_term_string\"}}],\"inLanguage\":\"de\"},{\"@type\":\"Organization\",\"@id\":\"https:\/\/www.christiegrey.com\/#organization\",\"name\":\"Christie & Grey\",\"url\":\"https:\/\/www.christiegrey.com\/\",\"logo\":{\"@type\":\"ImageObject\",\"inLanguage\":\"de\",\"@id\":\"https:\/\/www.christiegrey.com\/#\/schema\/logo\/image\/\",\"url\":\"https:\/\/www.christiegrey.com\/wp-content\/uploads\/2026\/02\/cropped-logo-scaled-1.png\",\"contentUrl\":\"https:\/\/www.christiegrey.com\/wp-content\/uploads\/2026\/02\/cropped-logo-scaled-1.png\",\"width\":250,\"height\":90,\"caption\":\"Christie & Grey\"},\"image\":{\"@id\":\"https:\/\/www.christiegrey.com\/#\/schema\/logo\/image\/\"},\"sameAs\":[\"https:\/\/www.facebook.com\/christieandgreylimited\",\"https:\/\/x.com\/christiegreyltd\"]}]}<\/script>\n<!-- \/ Yoast SEO plugin. -->","yoast_head_json":{"title":"Tr\u00e4gheitsgussrahmen (Typ IPF) zur Hochvibrationsisolation","description":"Tr\u00e4gheitsgussrahmen verwenden betongef\u00fcllten Stahl, um eine hohe Schwingungsisolierung f\u00fcr Maschinen mit hoher Vibration oder instabilen Montagebedingungen zu gew\u00e4hrleisten.","robots":{"index":"index","follow":"follow","max-snippet":"max-snippet:-1","max-image-preview":"max-image-preview:large","max-video-preview":"max-video-preview:-1"},"canonical":"https:\/\/www.christiegrey.com\/de\/produkt\/traegheitsgussrahmen\/","og_locale":"de_DE","og_type":"article","og_title":"Tr\u00e4gheitsgussrahmen (Typ IPF) zur Hochvibrationsisolation","og_description":"Tr\u00e4gheitsgussrahmen verwenden betongef\u00fcllten Stahl, um eine hohe Schwingungsisolierung f\u00fcr Maschinen mit hoher Vibration oder instabilen Montagebedingungen zu gew\u00e4hrleisten.","og_url":"https:\/\/www.christiegrey.com\/de\/produkt\/traegheitsgussrahmen\/","article_publisher":"https:\/\/www.facebook.com\/christieandgreylimited","article_modified_time":"2026-01-30T21:53:20+00:00","og_image":[{"width":365,"height":365,"url":"https:\/\/www.christiegrey.com\/wp-content\/uploads\/2025\/12\/ipf_365_365.jpg","type":"image\/jpeg"}],"twitter_card":"summary_large_image","twitter_site":"@christiegreyltd","schema":{"@context":"https:\/\/schema.org","@graph":[{"@type":"WebPage","@id":"https:\/\/www.christiegrey.com\/de\/produkt\/traegheitsgussrahmen\/","url":"https:\/\/www.christiegrey.com\/de\/produkt\/traegheitsgussrahmen\/","name":"Tr\u00e4gheitsgussrahmen (Typ IPF) zur Hochvibrationsisolation","isPartOf":{"@id":"https:\/\/www.christiegrey.com\/#website"},"primaryImageOfPage":{"@id":"https:\/\/www.christiegrey.com\/de\/produkt\/traegheitsgussrahmen\/#primaryimage"},"image":{"@id":"https:\/\/www.christiegrey.com\/de\/produkt\/traegheitsgussrahmen\/#primaryimage"},"thumbnailUrl":"https:\/\/www.christiegrey.com\/wp-content\/uploads\/2025\/12\/ipf_365_365.jpg","datePublished":"2025-12-25T13:54:59+00:00","dateModified":"2026-01-30T21:53:20+00:00","description":"Tr\u00e4gheitsgussrahmen verwenden betongef\u00fcllten Stahl, um eine hohe Schwingungsisolierung f\u00fcr Maschinen mit hoher Vibration oder instabilen Montagebedingungen zu gew\u00e4hrleisten.","breadcrumb":{"@id":"https:\/\/www.christiegrey.com\/de\/produkt\/traegheitsgussrahmen\/#breadcrumb"},"inLanguage":"de","potentialAction":[{"@type":"ReadAction","target":["https:\/\/www.christiegrey.com\/de\/produkt\/traegheitsgussrahmen\/"]}]},{"@type":"ImageObject","inLanguage":"de","@id":"https:\/\/www.christiegrey.com\/de\/produkt\/traegheitsgussrahmen\/#primaryimage","url":"https:\/\/www.christiegrey.com\/wp-content\/uploads\/2025\/12\/ipf_365_365.jpg","contentUrl":"https:\/\/www.christiegrey.com\/wp-content\/uploads\/2025\/12\/ipf_365_365.jpg","width":365,"height":365,"caption":"Type IPF concrete pouring frames"},{"@type":"BreadcrumbList","@id":"https:\/\/www.christiegrey.com\/de\/produkt\/traegheitsgussrahmen\/#breadcrumb","itemListElement":[{"@type":"ListItem","position":1,"name":"Zuhause","item":"https:\/\/www.christiegrey.com\/"},{"@type":"ListItem","position":2,"name":"Unsere Produkte","item":"https:\/\/www.christiegrey.com\/products\/"},{"@type":"ListItem","position":3,"name":"Tr\u00e4gheitsgussrahmen"}]},{"@type":"WebSite","@id":"https:\/\/www.christiegrey.com\/#website","url":"https:\/\/www.christiegrey.com\/","name":"Christie & Grey","description":"","publisher":{"@id":"https:\/\/www.christiegrey.com\/#organization"},"potentialAction":[{"@type":"SearchAction","target":{"@type":"EntryPoint","urlTemplate":"https:\/\/www.christiegrey.com\/?s={search_term_string}"},"query-input":{"@type":"PropertyValueSpecification","valueRequired":true,"valueName":"search_term_string"}}],"inLanguage":"de"},{"@type":"Organization","@id":"https:\/\/www.christiegrey.com\/#organization","name":"Christie & Grey","url":"https:\/\/www.christiegrey.com\/","logo":{"@type":"ImageObject","inLanguage":"de","@id":"https:\/\/www.christiegrey.com\/#\/schema\/logo\/image\/","url":"https:\/\/www.christiegrey.com\/wp-content\/uploads\/2026\/02\/cropped-logo-scaled-1.png","contentUrl":"https:\/\/www.christiegrey.com\/wp-content\/uploads\/2026\/02\/cropped-logo-scaled-1.png","width":250,"height":90,"caption":"Christie & Grey"},"image":{"@id":"https:\/\/www.christiegrey.com\/#\/schema\/logo\/image\/"},"sameAs":["https:\/\/www.facebook.com\/christieandgreylimited","https:\/\/x.com\/christiegreyltd"]}]}},"_links":{"self":[{"href":"https:\/\/www.christiegrey.com\/de\/wp-json\/wp\/v2\/product\/4430","targetHints":{"allow":["GET"]}}],"collection":[{"href":"https:\/\/www.christiegrey.com\/de\/wp-json\/wp\/v2\/product"}],"about":[{"href":"https:\/\/www.christiegrey.com\/de\/wp-json\/wp\/v2\/types\/product"}],"replies":[{"embeddable":true,"href":"https:\/\/www.christiegrey.com\/de\/wp-json\/wp\/v2\/comments?post=4430"}],"wp:featuredmedia":[{"embeddable":true,"href":"https:\/\/www.christiegrey.com\/de\/wp-json\/wp\/v2\/media\/1040"}],"wp:attachment":[{"href":"https:\/\/www.christiegrey.com\/de\/wp-json\/wp\/v2\/media?parent=4430"}],"wp:term":[{"taxonomy":"product_brand","embeddable":true,"href":"https:\/\/www.christiegrey.com\/de\/wp-json\/wp\/v2\/product_brand?post=4430"},{"taxonomy":"product_cat","embeddable":true,"href":"https:\/\/www.christiegrey.com\/de\/wp-json\/wp\/v2\/product_cat?post=4430"},{"taxonomy":"product_tag","embeddable":true,"href":"https:\/\/www.christiegrey.com\/de\/wp-json\/wp\/v2\/product_tag?post=4430"}],"curies":[{"name":"wp","href":"https:\/\/api.w.org\/{rel}","templated":true}]}}