{"id":4410,"date":"2025-12-25T13:58:49","date_gmt":"2025-12-25T13:58:49","guid":{"rendered":"https:\/\/www.christiegrey.com\/product\/offene-zurueckgehaltene-federn\/"},"modified":"2026-01-30T21:53:08","modified_gmt":"2026-01-30T21:53:08","slug":"offene-zurueckgehaltene-federn","status":"publish","type":"product","link":"https:\/\/www.christiegrey.com\/de\/produkt\/offene-zurueckgehaltene-federn\/","title":{"rendered":"Offene Zur\u00fcckgehaltene Federn"},"content":{"rendered":"<p>Die ORS-Montage wurde speziell f\u00fcr Anwendungen entwickelt, bei denen die \u00dcbertragung von niederfrequenten Maschinenvibrationen auf eine Geb\u00e4udestruktur reduziert werden muss, um physische Sch\u00e4den oder Bel\u00e4stigungen f\u00fcr die Bewohner zu vermeiden.<\/p>\n<p>Es handelt sich um eine Niederfrequenzhalterung, die speziell entwickelt wurde, um vertikale Bewegungen an Ger\u00e4ten wie K\u00fchlt\u00fcrmen und K\u00fchlern zu begrenzen. Dies k\u00f6nnte sonst aufgrund der niedrigen Steifigkeitsfedern \u00fcbertrieben sein, die zur Isolierung niederfrequenter Schwingungen erforderlich sind. <\/p>\n<p>Anwendungen auf Dachh\u00f6he k\u00f6nnen erfolgreich auf ORS-Einheiten montiert werden, da jegliche Bewegung durch hohe Windlasten begrenzt wird. Ger\u00e4te mit gro\u00dfen Fl\u00fcssigkeitsmengen profitieren von einer Installation an ORS-Halterungen, da beim &#8222;Ablaufen&#8220; die Aufw\u00e4rtsbewegung eingeschr\u00e4nkt wird und so Sch\u00e4den an Rohrleitungen und elektrischen Verbindungen vermieden werden. <\/p>\n","protected":false},"excerpt":{"rendered":"<p>Typ ORS25 und ORS50<\/p>\n","protected":false},"featured_media":1042,"comment_status":"open","ping_status":"closed","template":"","meta":{"_acf_changed":false},"product_brand":[],"product_cat":[121,122],"product_tag":[],"class_list":{"0":"post-4410","1":"product","2":"type-product","3":"status-publish","4":"has-post-thumbnail","6":"product_cat-industrielle-losungen","7":"product_cat-ventilatoren-und-luftbehandlungseinheiten","9":"first","10":"instock","11":"shipping-taxable","12":"purchasable","13":"product-type-simple"},"acf":[],"yoast_head":"<!-- This site is optimized with the Yoast SEO plugin v27.0 - https:\/\/yoast.com\/product\/yoast-seo-wordpress\/ -->\n<title>Offene Federhalterungen f\u00fcr niederfrequente Schwingungen<\/title>\n<meta name=\"description\" content=\"Offene Federn reduzieren Niederfrequenzvibrationen und begrenzen gleichzeitig die vertikale Bewegung, ideal f\u00fcr K\u00fchler, K\u00fchlt\u00fcrme und Installationen von Dachinstallationen.\" \/>\n<meta name=\"robots\" content=\"index, follow, max-snippet:-1, max-image-preview:large, max-video-preview:-1\" \/>\n<link rel=\"canonical\" href=\"https:\/\/www.christiegrey.com\/de\/produkt\/offene-zurueckgehaltene-federn\/\" \/>\n<meta property=\"og:locale\" content=\"de_DE\" \/>\n<meta property=\"og:type\" content=\"article\" \/>\n<meta property=\"og:title\" content=\"Offene Federhalterungen f\u00fcr niederfrequente Schwingungen\" \/>\n<meta property=\"og:description\" content=\"Offene Federn reduzieren Niederfrequenzvibrationen und begrenzen gleichzeitig die vertikale Bewegung, ideal f\u00fcr K\u00fchler, K\u00fchlt\u00fcrme und Installationen von Dachinstallationen.\" \/>\n<meta property=\"og:url\" content=\"https:\/\/www.christiegrey.com\/de\/produkt\/offene-zurueckgehaltene-federn\/\" \/>\n<meta property=\"article:publisher\" content=\"https:\/\/www.facebook.com\/christieandgreylimited\" \/>\n<meta property=\"article:modified_time\" content=\"2026-01-30T21:53:08+00:00\" \/>\n<meta property=\"og:image\" content=\"https:\/\/www.christiegrey.com\/wp-content\/uploads\/2025\/12\/new_ors3_blue_365_365.jpg\" \/>\n\t<meta property=\"og:image:width\" content=\"365\" \/>\n\t<meta property=\"og:image:height\" content=\"365\" \/>\n\t<meta property=\"og:image:type\" content=\"image\/jpeg\" \/>\n<meta name=\"twitter:card\" content=\"summary_large_image\" \/>\n<meta name=\"twitter:site\" content=\"@christiegreyltd\" \/>\n<meta name=\"twitter:label1\" content=\"Gesch\u00e4tzte Lesezeit\" \/>\n\t<meta name=\"twitter:data1\" content=\"1\u00a0Minute\" \/>\n<script type=\"application\/ld+json\" class=\"yoast-schema-graph\">{\"@context\":\"https:\/\/schema.org\",\"@graph\":[{\"@type\":\"WebPage\",\"@id\":\"https:\/\/www.christiegrey.com\/de\/produkt\/offene-zurueckgehaltene-federn\/\",\"url\":\"https:\/\/www.christiegrey.com\/de\/produkt\/offene-zurueckgehaltene-federn\/\",\"name\":\"Offene Federhalterungen f\u00fcr niederfrequente Schwingungen\",\"isPartOf\":{\"@id\":\"https:\/\/www.christiegrey.com\/#website\"},\"primaryImageOfPage\":{\"@id\":\"https:\/\/www.christiegrey.com\/de\/produkt\/offene-zurueckgehaltene-federn\/#primaryimage\"},\"image\":{\"@id\":\"https:\/\/www.christiegrey.com\/de\/produkt\/offene-zurueckgehaltene-federn\/#primaryimage\"},\"thumbnailUrl\":\"https:\/\/www.christiegrey.com\/wp-content\/uploads\/2025\/12\/new_ors3_blue_365_365.jpg\",\"datePublished\":\"2025-12-25T13:58:49+00:00\",\"dateModified\":\"2026-01-30T21:53:08+00:00\",\"description\":\"Offene Federn reduzieren Niederfrequenzvibrationen und begrenzen gleichzeitig die vertikale Bewegung, ideal f\u00fcr K\u00fchler, K\u00fchlt\u00fcrme und Installationen von Dachinstallationen.\",\"breadcrumb\":{\"@id\":\"https:\/\/www.christiegrey.com\/de\/produkt\/offene-zurueckgehaltene-federn\/#breadcrumb\"},\"inLanguage\":\"de\",\"potentialAction\":[{\"@type\":\"ReadAction\",\"target\":[\"https:\/\/www.christiegrey.com\/de\/produkt\/offene-zurueckgehaltene-federn\/\"]}]},{\"@type\":\"ImageObject\",\"inLanguage\":\"de\",\"@id\":\"https:\/\/www.christiegrey.com\/de\/produkt\/offene-zurueckgehaltene-federn\/#primaryimage\",\"url\":\"https:\/\/www.christiegrey.com\/wp-content\/uploads\/2025\/12\/new_ors3_blue_365_365.jpg\",\"contentUrl\":\"https:\/\/www.christiegrey.com\/wp-content\/uploads\/2025\/12\/new_ors3_blue_365_365.jpg\",\"width\":365,\"height\":365,\"caption\":\"ORS25\/ORS50 open restrained spring mountings\"},{\"@type\":\"BreadcrumbList\",\"@id\":\"https:\/\/www.christiegrey.com\/de\/produkt\/offene-zurueckgehaltene-federn\/#breadcrumb\",\"itemListElement\":[{\"@type\":\"ListItem\",\"position\":1,\"name\":\"Zuhause\",\"item\":\"https:\/\/www.christiegrey.com\/\"},{\"@type\":\"ListItem\",\"position\":2,\"name\":\"Unsere Produkte\",\"item\":\"https:\/\/www.christiegrey.com\/products\/\"},{\"@type\":\"ListItem\",\"position\":3,\"name\":\"Offene Zur\u00fcckgehaltene Federn\"}]},{\"@type\":\"WebSite\",\"@id\":\"https:\/\/www.christiegrey.com\/#website\",\"url\":\"https:\/\/www.christiegrey.com\/\",\"name\":\"Christie & Grey\",\"description\":\"\",\"publisher\":{\"@id\":\"https:\/\/www.christiegrey.com\/#organization\"},\"potentialAction\":[{\"@type\":\"SearchAction\",\"target\":{\"@type\":\"EntryPoint\",\"urlTemplate\":\"https:\/\/www.christiegrey.com\/?s={search_term_string}\"},\"query-input\":{\"@type\":\"PropertyValueSpecification\",\"valueRequired\":true,\"valueName\":\"search_term_string\"}}],\"inLanguage\":\"de\"},{\"@type\":\"Organization\",\"@id\":\"https:\/\/www.christiegrey.com\/#organization\",\"name\":\"Christie & Grey\",\"url\":\"https:\/\/www.christiegrey.com\/\",\"logo\":{\"@type\":\"ImageObject\",\"inLanguage\":\"de\",\"@id\":\"https:\/\/www.christiegrey.com\/#\/schema\/logo\/image\/\",\"url\":\"https:\/\/www.christiegrey.com\/wp-content\/uploads\/2026\/02\/cropped-logo-scaled-1.png\",\"contentUrl\":\"https:\/\/www.christiegrey.com\/wp-content\/uploads\/2026\/02\/cropped-logo-scaled-1.png\",\"width\":250,\"height\":90,\"caption\":\"Christie & Grey\"},\"image\":{\"@id\":\"https:\/\/www.christiegrey.com\/#\/schema\/logo\/image\/\"},\"sameAs\":[\"https:\/\/www.facebook.com\/christieandgreylimited\",\"https:\/\/x.com\/christiegreyltd\"]}]}<\/script>\n<!-- \/ Yoast SEO plugin. -->","yoast_head_json":{"title":"Offene Federhalterungen f\u00fcr niederfrequente Schwingungen","description":"Offene Federn reduzieren Niederfrequenzvibrationen und begrenzen gleichzeitig die vertikale Bewegung, ideal f\u00fcr K\u00fchler, K\u00fchlt\u00fcrme und Installationen von Dachinstallationen.","robots":{"index":"index","follow":"follow","max-snippet":"max-snippet:-1","max-image-preview":"max-image-preview:large","max-video-preview":"max-video-preview:-1"},"canonical":"https:\/\/www.christiegrey.com\/de\/produkt\/offene-zurueckgehaltene-federn\/","og_locale":"de_DE","og_type":"article","og_title":"Offene Federhalterungen f\u00fcr niederfrequente Schwingungen","og_description":"Offene Federn reduzieren Niederfrequenzvibrationen und begrenzen gleichzeitig die vertikale Bewegung, ideal f\u00fcr K\u00fchler, K\u00fchlt\u00fcrme und Installationen von Dachinstallationen.","og_url":"https:\/\/www.christiegrey.com\/de\/produkt\/offene-zurueckgehaltene-federn\/","article_publisher":"https:\/\/www.facebook.com\/christieandgreylimited","article_modified_time":"2026-01-30T21:53:08+00:00","og_image":[{"width":365,"height":365,"url":"https:\/\/www.christiegrey.com\/wp-content\/uploads\/2025\/12\/new_ors3_blue_365_365.jpg","type":"image\/jpeg"}],"twitter_card":"summary_large_image","twitter_site":"@christiegreyltd","twitter_misc":{"Gesch\u00e4tzte Lesezeit":"1\u00a0Minute"},"schema":{"@context":"https:\/\/schema.org","@graph":[{"@type":"WebPage","@id":"https:\/\/www.christiegrey.com\/de\/produkt\/offene-zurueckgehaltene-federn\/","url":"https:\/\/www.christiegrey.com\/de\/produkt\/offene-zurueckgehaltene-federn\/","name":"Offene Federhalterungen f\u00fcr niederfrequente Schwingungen","isPartOf":{"@id":"https:\/\/www.christiegrey.com\/#website"},"primaryImageOfPage":{"@id":"https:\/\/www.christiegrey.com\/de\/produkt\/offene-zurueckgehaltene-federn\/#primaryimage"},"image":{"@id":"https:\/\/www.christiegrey.com\/de\/produkt\/offene-zurueckgehaltene-federn\/#primaryimage"},"thumbnailUrl":"https:\/\/www.christiegrey.com\/wp-content\/uploads\/2025\/12\/new_ors3_blue_365_365.jpg","datePublished":"2025-12-25T13:58:49+00:00","dateModified":"2026-01-30T21:53:08+00:00","description":"Offene Federn reduzieren Niederfrequenzvibrationen und begrenzen gleichzeitig die vertikale Bewegung, ideal f\u00fcr K\u00fchler, K\u00fchlt\u00fcrme und Installationen von Dachinstallationen.","breadcrumb":{"@id":"https:\/\/www.christiegrey.com\/de\/produkt\/offene-zurueckgehaltene-federn\/#breadcrumb"},"inLanguage":"de","potentialAction":[{"@type":"ReadAction","target":["https:\/\/www.christiegrey.com\/de\/produkt\/offene-zurueckgehaltene-federn\/"]}]},{"@type":"ImageObject","inLanguage":"de","@id":"https:\/\/www.christiegrey.com\/de\/produkt\/offene-zurueckgehaltene-federn\/#primaryimage","url":"https:\/\/www.christiegrey.com\/wp-content\/uploads\/2025\/12\/new_ors3_blue_365_365.jpg","contentUrl":"https:\/\/www.christiegrey.com\/wp-content\/uploads\/2025\/12\/new_ors3_blue_365_365.jpg","width":365,"height":365,"caption":"ORS25\/ORS50 open restrained spring mountings"},{"@type":"BreadcrumbList","@id":"https:\/\/www.christiegrey.com\/de\/produkt\/offene-zurueckgehaltene-federn\/#breadcrumb","itemListElement":[{"@type":"ListItem","position":1,"name":"Zuhause","item":"https:\/\/www.christiegrey.com\/"},{"@type":"ListItem","position":2,"name":"Unsere Produkte","item":"https:\/\/www.christiegrey.com\/products\/"},{"@type":"ListItem","position":3,"name":"Offene Zur\u00fcckgehaltene Federn"}]},{"@type":"WebSite","@id":"https:\/\/www.christiegrey.com\/#website","url":"https:\/\/www.christiegrey.com\/","name":"Christie & Grey","description":"","publisher":{"@id":"https:\/\/www.christiegrey.com\/#organization"},"potentialAction":[{"@type":"SearchAction","target":{"@type":"EntryPoint","urlTemplate":"https:\/\/www.christiegrey.com\/?s={search_term_string}"},"query-input":{"@type":"PropertyValueSpecification","valueRequired":true,"valueName":"search_term_string"}}],"inLanguage":"de"},{"@type":"Organization","@id":"https:\/\/www.christiegrey.com\/#organization","name":"Christie & Grey","url":"https:\/\/www.christiegrey.com\/","logo":{"@type":"ImageObject","inLanguage":"de","@id":"https:\/\/www.christiegrey.com\/#\/schema\/logo\/image\/","url":"https:\/\/www.christiegrey.com\/wp-content\/uploads\/2026\/02\/cropped-logo-scaled-1.png","contentUrl":"https:\/\/www.christiegrey.com\/wp-content\/uploads\/2026\/02\/cropped-logo-scaled-1.png","width":250,"height":90,"caption":"Christie & Grey"},"image":{"@id":"https:\/\/www.christiegrey.com\/#\/schema\/logo\/image\/"},"sameAs":["https:\/\/www.facebook.com\/christieandgreylimited","https:\/\/x.com\/christiegreyltd"]}]}},"_links":{"self":[{"href":"https:\/\/www.christiegrey.com\/de\/wp-json\/wp\/v2\/product\/4410","targetHints":{"allow":["GET"]}}],"collection":[{"href":"https:\/\/www.christiegrey.com\/de\/wp-json\/wp\/v2\/product"}],"about":[{"href":"https:\/\/www.christiegrey.com\/de\/wp-json\/wp\/v2\/types\/product"}],"replies":[{"embeddable":true,"href":"https:\/\/www.christiegrey.com\/de\/wp-json\/wp\/v2\/comments?post=4410"}],"wp:featuredmedia":[{"embeddable":true,"href":"https:\/\/www.christiegrey.com\/de\/wp-json\/wp\/v2\/media\/1042"}],"wp:attachment":[{"href":"https:\/\/www.christiegrey.com\/de\/wp-json\/wp\/v2\/media?parent=4410"}],"wp:term":[{"taxonomy":"product_brand","embeddable":true,"href":"https:\/\/www.christiegrey.com\/de\/wp-json\/wp\/v2\/product_brand?post=4410"},{"taxonomy":"product_cat","embeddable":true,"href":"https:\/\/www.christiegrey.com\/de\/wp-json\/wp\/v2\/product_cat?post=4410"},{"taxonomy":"product_tag","embeddable":true,"href":"https:\/\/www.christiegrey.com\/de\/wp-json\/wp\/v2\/product_tag?post=4410"}],"curies":[{"name":"wp","href":"https:\/\/api.w.org\/{rel}","templated":true}]}}