{"id":4405,"date":"2025-12-25T14:01:24","date_gmt":"2025-12-25T14:01:24","guid":{"rendered":"https:\/\/www.christiegrey.com\/product\/silione-fluessigkeitsdaempfer\/"},"modified":"2025-12-25T14:01:24","modified_gmt":"2025-12-25T14:01:24","slug":"silione-fluessigkeitsdaempfer","status":"publish","type":"product","link":"https:\/\/www.christiegrey.com\/de\/produkt\/silione-fluessigkeitsdaempfer\/","title":{"rendered":"Silione-Fl\u00fcssigkeitsd\u00e4mpfer"},"content":{"rendered":"<p>Unsere Standardreihe von Silizium-Fl\u00fcssigkeitsd\u00e4mpfern des Typs MD3 ist haupts\u00e4chlich daf\u00fcr ausgelegt, in Verbindung mit unseren Open-Feder-Montagen des Typs OS verwendet zu werden.<\/p>\n<p>Gelegentlich k\u00f6nnen sie mit unseren Type ES &amp; ECS geschlossenen Federmontagen verwendet werden.<\/p>\n<p>Viele Anwendungen funktionieren zufriedenstellend mit einer unged\u00e4mpften Helical-Stahlfeder, aber wenn Systemresonanzen aufgrund der unterschiedlichen Geschwindigkeiten der Maschine oder transienter Bedingungen zu unzul\u00e4ssigen Amplituden angeregt werden k\u00f6nnen, muss eine D\u00e4mpfung integriert werden.<\/p>\n<p>Der Typ MD\/3 bietet eine gute Bewegungssteuerung bei Resonanz, w\u00e4hrend die bei h\u00f6heren Frequenzen erzeugten Kr\u00e4fte gering sind, was zu einer geringen Zunahme der wahrgenommenen Rausch\u00fcbertragung f\u00fchrt.<\/p>\n","protected":false},"excerpt":{"rendered":"<p>Typ MD\/3<\/p>\n","protected":false},"featured_media":1044,"comment_status":"open","ping_status":"closed","template":"","meta":{"_acf_changed":false},"product_brand":[],"product_cat":[121,122],"product_tag":[],"class_list":{"0":"post-4405","1":"product","2":"type-product","3":"status-publish","4":"has-post-thumbnail","6":"product_cat-industrielle-losungen","7":"product_cat-ventilatoren-und-luftbehandlungseinheiten","9":"first","10":"instock","11":"shipping-taxable","12":"purchasable","13":"product-type-simple"},"acf":[],"yoast_head":"<!-- This site is optimized with the Yoast SEO plugin v27.0 - https:\/\/yoast.com\/product\/yoast-seo-wordpress\/ -->\n<title>Silikon-Fl\u00fcssigkeits-D\u00e4mpfer Typ MD\/3 \u2013 Christie &amp; Grey<\/title>\n<meta name=\"description\" content=\"Christie &amp; Grey Silicone Fluid D\u00e4mpfer (Typ MD\/3) steuern Resonanzbewegung und Vibration, wenn sie mit Federhalterungen f\u00fcr K\u00fchler, L\u00fcfter und AHUs verwendet werden.\" \/>\n<meta name=\"robots\" content=\"index, follow, max-snippet:-1, max-image-preview:large, max-video-preview:-1\" \/>\n<link rel=\"canonical\" href=\"https:\/\/www.christiegrey.com\/de\/produkt\/silione-fluessigkeitsdaempfer\/\" \/>\n<meta property=\"og:locale\" content=\"de_DE\" \/>\n<meta property=\"og:type\" content=\"article\" \/>\n<meta property=\"og:title\" content=\"Silikon-Fl\u00fcssigkeits-D\u00e4mpfer Typ MD\/3 \u2013 Christie &amp; Grey\" \/>\n<meta property=\"og:description\" content=\"Christie &amp; Grey Silicone Fluid D\u00e4mpfer (Typ MD\/3) steuern Resonanzbewegung und Vibration, wenn sie mit Federhalterungen f\u00fcr K\u00fchler, L\u00fcfter und AHUs verwendet werden.\" \/>\n<meta property=\"og:url\" content=\"https:\/\/www.christiegrey.com\/de\/produkt\/silione-fluessigkeitsdaempfer\/\" \/>\n<meta property=\"article:publisher\" content=\"https:\/\/www.facebook.com\/christieandgreylimited\" \/>\n<meta property=\"og:image\" content=\"https:\/\/www.christiegrey.com\/wp-content\/uploads\/2025\/12\/md3-dampers_365_365.jpg\" \/>\n\t<meta property=\"og:image:width\" content=\"365\" \/>\n\t<meta property=\"og:image:height\" content=\"365\" \/>\n\t<meta property=\"og:image:type\" content=\"image\/jpeg\" \/>\n<meta name=\"twitter:card\" content=\"summary_large_image\" \/>\n<meta name=\"twitter:site\" content=\"@christiegreyltd\" \/>\n<meta name=\"twitter:label1\" content=\"Gesch\u00e4tzte Lesezeit\" \/>\n\t<meta name=\"twitter:data1\" content=\"1\u00a0Minute\" \/>\n<script type=\"application\/ld+json\" class=\"yoast-schema-graph\">{\"@context\":\"https:\/\/schema.org\",\"@graph\":[{\"@type\":\"WebPage\",\"@id\":\"https:\/\/www.christiegrey.com\/de\/produkt\/silione-fluessigkeitsdaempfer\/\",\"url\":\"https:\/\/www.christiegrey.com\/de\/produkt\/silione-fluessigkeitsdaempfer\/\",\"name\":\"Silikon-Fl\u00fcssigkeits-D\u00e4mpfer Typ MD\/3 \u2013 Christie & Grey\",\"isPartOf\":{\"@id\":\"https:\/\/www.christiegrey.com\/#website\"},\"primaryImageOfPage\":{\"@id\":\"https:\/\/www.christiegrey.com\/de\/produkt\/silione-fluessigkeitsdaempfer\/#primaryimage\"},\"image\":{\"@id\":\"https:\/\/www.christiegrey.com\/de\/produkt\/silione-fluessigkeitsdaempfer\/#primaryimage\"},\"thumbnailUrl\":\"https:\/\/www.christiegrey.com\/wp-content\/uploads\/2025\/12\/md3-dampers_365_365.jpg\",\"datePublished\":\"2025-12-25T14:01:24+00:00\",\"description\":\"Christie & Grey Silicone Fluid D\u00e4mpfer (Typ MD\/3) steuern Resonanzbewegung und Vibration, wenn sie mit Federhalterungen f\u00fcr K\u00fchler, L\u00fcfter und AHUs verwendet werden.\",\"breadcrumb\":{\"@id\":\"https:\/\/www.christiegrey.com\/de\/produkt\/silione-fluessigkeitsdaempfer\/#breadcrumb\"},\"inLanguage\":\"de\",\"potentialAction\":[{\"@type\":\"ReadAction\",\"target\":[\"https:\/\/www.christiegrey.com\/de\/produkt\/silione-fluessigkeitsdaempfer\/\"]}]},{\"@type\":\"ImageObject\",\"inLanguage\":\"de\",\"@id\":\"https:\/\/www.christiegrey.com\/de\/produkt\/silione-fluessigkeitsdaempfer\/#primaryimage\",\"url\":\"https:\/\/www.christiegrey.com\/wp-content\/uploads\/2025\/12\/md3-dampers_365_365.jpg\",\"contentUrl\":\"https:\/\/www.christiegrey.com\/wp-content\/uploads\/2025\/12\/md3-dampers_365_365.jpg\",\"width\":365,\"height\":365,\"caption\":\"MD\/3 vibration control fluid dampers\"},{\"@type\":\"BreadcrumbList\",\"@id\":\"https:\/\/www.christiegrey.com\/de\/produkt\/silione-fluessigkeitsdaempfer\/#breadcrumb\",\"itemListElement\":[{\"@type\":\"ListItem\",\"position\":1,\"name\":\"Zuhause\",\"item\":\"https:\/\/www.christiegrey.com\/\"},{\"@type\":\"ListItem\",\"position\":2,\"name\":\"Unsere Produkte\",\"item\":\"https:\/\/www.christiegrey.com\/products\/\"},{\"@type\":\"ListItem\",\"position\":3,\"name\":\"Silione-Fl\u00fcssigkeitsd\u00e4mpfer\"}]},{\"@type\":\"WebSite\",\"@id\":\"https:\/\/www.christiegrey.com\/#website\",\"url\":\"https:\/\/www.christiegrey.com\/\",\"name\":\"Christie & Grey\",\"description\":\"\",\"publisher\":{\"@id\":\"https:\/\/www.christiegrey.com\/#organization\"},\"potentialAction\":[{\"@type\":\"SearchAction\",\"target\":{\"@type\":\"EntryPoint\",\"urlTemplate\":\"https:\/\/www.christiegrey.com\/?s={search_term_string}\"},\"query-input\":{\"@type\":\"PropertyValueSpecification\",\"valueRequired\":true,\"valueName\":\"search_term_string\"}}],\"inLanguage\":\"de\"},{\"@type\":\"Organization\",\"@id\":\"https:\/\/www.christiegrey.com\/#organization\",\"name\":\"Christie & Grey\",\"url\":\"https:\/\/www.christiegrey.com\/\",\"logo\":{\"@type\":\"ImageObject\",\"inLanguage\":\"de\",\"@id\":\"https:\/\/www.christiegrey.com\/#\/schema\/logo\/image\/\",\"url\":\"https:\/\/www.christiegrey.com\/wp-content\/uploads\/2026\/02\/cropped-logo-scaled-1.png\",\"contentUrl\":\"https:\/\/www.christiegrey.com\/wp-content\/uploads\/2026\/02\/cropped-logo-scaled-1.png\",\"width\":250,\"height\":90,\"caption\":\"Christie & Grey\"},\"image\":{\"@id\":\"https:\/\/www.christiegrey.com\/#\/schema\/logo\/image\/\"},\"sameAs\":[\"https:\/\/www.facebook.com\/christieandgreylimited\",\"https:\/\/x.com\/christiegreyltd\"]}]}<\/script>\n<!-- \/ Yoast SEO plugin. -->","yoast_head_json":{"title":"Silikon-Fl\u00fcssigkeits-D\u00e4mpfer Typ MD\/3 \u2013 Christie & Grey","description":"Christie & Grey Silicone Fluid D\u00e4mpfer (Typ MD\/3) steuern Resonanzbewegung und Vibration, wenn sie mit Federhalterungen f\u00fcr K\u00fchler, L\u00fcfter und AHUs verwendet werden.","robots":{"index":"index","follow":"follow","max-snippet":"max-snippet:-1","max-image-preview":"max-image-preview:large","max-video-preview":"max-video-preview:-1"},"canonical":"https:\/\/www.christiegrey.com\/de\/produkt\/silione-fluessigkeitsdaempfer\/","og_locale":"de_DE","og_type":"article","og_title":"Silikon-Fl\u00fcssigkeits-D\u00e4mpfer Typ MD\/3 \u2013 Christie & Grey","og_description":"Christie & Grey Silicone Fluid D\u00e4mpfer (Typ MD\/3) steuern Resonanzbewegung und Vibration, wenn sie mit Federhalterungen f\u00fcr K\u00fchler, L\u00fcfter und AHUs verwendet werden.","og_url":"https:\/\/www.christiegrey.com\/de\/produkt\/silione-fluessigkeitsdaempfer\/","article_publisher":"https:\/\/www.facebook.com\/christieandgreylimited","og_image":[{"width":365,"height":365,"url":"https:\/\/www.christiegrey.com\/wp-content\/uploads\/2025\/12\/md3-dampers_365_365.jpg","type":"image\/jpeg"}],"twitter_card":"summary_large_image","twitter_site":"@christiegreyltd","twitter_misc":{"Gesch\u00e4tzte Lesezeit":"1\u00a0Minute"},"schema":{"@context":"https:\/\/schema.org","@graph":[{"@type":"WebPage","@id":"https:\/\/www.christiegrey.com\/de\/produkt\/silione-fluessigkeitsdaempfer\/","url":"https:\/\/www.christiegrey.com\/de\/produkt\/silione-fluessigkeitsdaempfer\/","name":"Silikon-Fl\u00fcssigkeits-D\u00e4mpfer Typ MD\/3 \u2013 Christie & Grey","isPartOf":{"@id":"https:\/\/www.christiegrey.com\/#website"},"primaryImageOfPage":{"@id":"https:\/\/www.christiegrey.com\/de\/produkt\/silione-fluessigkeitsdaempfer\/#primaryimage"},"image":{"@id":"https:\/\/www.christiegrey.com\/de\/produkt\/silione-fluessigkeitsdaempfer\/#primaryimage"},"thumbnailUrl":"https:\/\/www.christiegrey.com\/wp-content\/uploads\/2025\/12\/md3-dampers_365_365.jpg","datePublished":"2025-12-25T14:01:24+00:00","description":"Christie & Grey Silicone Fluid D\u00e4mpfer (Typ MD\/3) steuern Resonanzbewegung und Vibration, wenn sie mit Federhalterungen f\u00fcr K\u00fchler, L\u00fcfter und AHUs verwendet werden.","breadcrumb":{"@id":"https:\/\/www.christiegrey.com\/de\/produkt\/silione-fluessigkeitsdaempfer\/#breadcrumb"},"inLanguage":"de","potentialAction":[{"@type":"ReadAction","target":["https:\/\/www.christiegrey.com\/de\/produkt\/silione-fluessigkeitsdaempfer\/"]}]},{"@type":"ImageObject","inLanguage":"de","@id":"https:\/\/www.christiegrey.com\/de\/produkt\/silione-fluessigkeitsdaempfer\/#primaryimage","url":"https:\/\/www.christiegrey.com\/wp-content\/uploads\/2025\/12\/md3-dampers_365_365.jpg","contentUrl":"https:\/\/www.christiegrey.com\/wp-content\/uploads\/2025\/12\/md3-dampers_365_365.jpg","width":365,"height":365,"caption":"MD\/3 vibration control fluid dampers"},{"@type":"BreadcrumbList","@id":"https:\/\/www.christiegrey.com\/de\/produkt\/silione-fluessigkeitsdaempfer\/#breadcrumb","itemListElement":[{"@type":"ListItem","position":1,"name":"Zuhause","item":"https:\/\/www.christiegrey.com\/"},{"@type":"ListItem","position":2,"name":"Unsere Produkte","item":"https:\/\/www.christiegrey.com\/products\/"},{"@type":"ListItem","position":3,"name":"Silione-Fl\u00fcssigkeitsd\u00e4mpfer"}]},{"@type":"WebSite","@id":"https:\/\/www.christiegrey.com\/#website","url":"https:\/\/www.christiegrey.com\/","name":"Christie & Grey","description":"","publisher":{"@id":"https:\/\/www.christiegrey.com\/#organization"},"potentialAction":[{"@type":"SearchAction","target":{"@type":"EntryPoint","urlTemplate":"https:\/\/www.christiegrey.com\/?s={search_term_string}"},"query-input":{"@type":"PropertyValueSpecification","valueRequired":true,"valueName":"search_term_string"}}],"inLanguage":"de"},{"@type":"Organization","@id":"https:\/\/www.christiegrey.com\/#organization","name":"Christie & Grey","url":"https:\/\/www.christiegrey.com\/","logo":{"@type":"ImageObject","inLanguage":"de","@id":"https:\/\/www.christiegrey.com\/#\/schema\/logo\/image\/","url":"https:\/\/www.christiegrey.com\/wp-content\/uploads\/2026\/02\/cropped-logo-scaled-1.png","contentUrl":"https:\/\/www.christiegrey.com\/wp-content\/uploads\/2026\/02\/cropped-logo-scaled-1.png","width":250,"height":90,"caption":"Christie & Grey"},"image":{"@id":"https:\/\/www.christiegrey.com\/#\/schema\/logo\/image\/"},"sameAs":["https:\/\/www.facebook.com\/christieandgreylimited","https:\/\/x.com\/christiegreyltd"]}]}},"_links":{"self":[{"href":"https:\/\/www.christiegrey.com\/de\/wp-json\/wp\/v2\/product\/4405","targetHints":{"allow":["GET"]}}],"collection":[{"href":"https:\/\/www.christiegrey.com\/de\/wp-json\/wp\/v2\/product"}],"about":[{"href":"https:\/\/www.christiegrey.com\/de\/wp-json\/wp\/v2\/types\/product"}],"replies":[{"embeddable":true,"href":"https:\/\/www.christiegrey.com\/de\/wp-json\/wp\/v2\/comments?post=4405"}],"wp:featuredmedia":[{"embeddable":true,"href":"https:\/\/www.christiegrey.com\/de\/wp-json\/wp\/v2\/media\/1044"}],"wp:attachment":[{"href":"https:\/\/www.christiegrey.com\/de\/wp-json\/wp\/v2\/media?parent=4405"}],"wp:term":[{"taxonomy":"product_brand","embeddable":true,"href":"https:\/\/www.christiegrey.com\/de\/wp-json\/wp\/v2\/product_brand?post=4405"},{"taxonomy":"product_cat","embeddable":true,"href":"https:\/\/www.christiegrey.com\/de\/wp-json\/wp\/v2\/product_cat?post=4405"},{"taxonomy":"product_tag","embeddable":true,"href":"https:\/\/www.christiegrey.com\/de\/wp-json\/wp\/v2\/product_tag?post=4405"}],"curies":[{"name":"wp","href":"https:\/\/api.w.org\/{rel}","templated":true}]}}