{"id":4366,"date":"2025-12-25T11:23:04","date_gmt":"2025-12-25T11:23:04","guid":{"rendered":"https:\/\/www.christiegrey.com\/product\/marine-turmmontagen\/"},"modified":"2025-12-25T11:23:04","modified_gmt":"2025-12-25T11:23:04","slug":"marine-turmmontagen","status":"publish","type":"product","link":"https:\/\/www.christiegrey.com\/de\/produkt\/marine-turmmontagen\/","title":{"rendered":"Marine-Turmmontagen"},"content":{"rendered":"<p>Die Halterungen der Typ MRM Marine Rubber Turret sind so konstruiert, dass sie eine \u00fcberlegene Abschw\u00e4chung von mittel- bis hochfrequenten Vibrationen und Ger\u00e4uschen bieten, die von einer Vielzahl von motorgetriebenen Maschinen ausgehen, insbesondere axialen und zentrifugalen L\u00fcftern.<\/p>\n","protected":false},"excerpt":{"rendered":"<p>Die Halterungen der Typ MRM Marine Rubber Turret sind so konstruiert, dass sie eine \u00fcberlegene Abschw\u00e4chung von mittel- bis hochfrequenten Vibrationen und Ger\u00e4uschen bieten, die von einer Vielzahl von motorgetriebenen Maschinen ausgehen, insbesondere axialen und zentrifugalen L\u00fcftern.<\/p>\n","protected":false},"featured_media":983,"comment_status":"open","ping_status":"closed","template":"","meta":{"_acf_changed":false},"product_brand":[],"product_cat":[140,139],"product_tag":[],"class_list":{"0":"post-4366","1":"product","2":"type-product","3":"status-publish","4":"has-post-thumbnail","6":"product_cat-marine-nebenfunktionen","7":"product_cat-marine-und-offshore-losungen","9":"first","10":"instock","11":"shipping-taxable","12":"purchasable","13":"product-type-simple"},"acf":[],"yoast_head":"<!-- This site is optimized with the Yoast SEO plugin v27.3 - https:\/\/yoast.com\/product\/yoast-seo-wordpress\/ -->\n<title>MRM Marine Rubber Turret Lafetten \u2013 Christie Grey<\/title>\n<meta name=\"description\" content=\"MRM Marine Rubber Turret Montagen reduzieren mittel- bis hochfrequente Schwingungen und Ger\u00e4usche von motorgetriebenen Maschinen, einschlie\u00dflich axialer und Zentrifugalventilatoren.\" \/>\n<meta name=\"robots\" content=\"index, follow, max-snippet:-1, max-image-preview:large, max-video-preview:-1\" \/>\n<link rel=\"canonical\" href=\"https:\/\/www.christiegrey.com\/de\/produkt\/marine-turmmontagen\/\" \/>\n<meta property=\"og:locale\" content=\"de_DE\" \/>\n<meta property=\"og:type\" content=\"article\" \/>\n<meta property=\"og:title\" content=\"MRM Marine Rubber Turret Lafetten \u2013 Christie Grey\" \/>\n<meta property=\"og:description\" content=\"MRM Marine Rubber Turret Montagen reduzieren mittel- bis hochfrequente Schwingungen und Ger\u00e4usche von motorgetriebenen Maschinen, einschlie\u00dflich axialer und Zentrifugalventilatoren.\" \/>\n<meta property=\"og:url\" content=\"https:\/\/www.christiegrey.com\/de\/produkt\/marine-turmmontagen\/\" \/>\n<meta property=\"article:publisher\" content=\"https:\/\/www.facebook.com\/christieandgreylimited\" \/>\n<meta property=\"og:image\" content=\"https:\/\/www.christiegrey.com\/wp-content\/uploads\/2025\/12\/marine_rubber_turret_365_x_365.jpg\" \/>\n\t<meta property=\"og:image:width\" content=\"365\" \/>\n\t<meta property=\"og:image:height\" content=\"365\" \/>\n\t<meta property=\"og:image:type\" content=\"image\/jpeg\" \/>\n<meta name=\"twitter:card\" content=\"summary_large_image\" \/>\n<meta name=\"twitter:site\" content=\"@christiegreyltd\" \/>\n<script type=\"application\/ld+json\" class=\"yoast-schema-graph\">{\"@context\":\"https:\\\/\\\/schema.org\",\"@graph\":[{\"@type\":\"WebPage\",\"@id\":\"https:\\\/\\\/www.christiegrey.com\\\/de\\\/produkt\\\/marine-turmmontagen\\\/\",\"url\":\"https:\\\/\\\/www.christiegrey.com\\\/de\\\/produkt\\\/marine-turmmontagen\\\/\",\"name\":\"MRM Marine Rubber Turret Lafetten \u2013 Christie Grey\",\"isPartOf\":{\"@id\":\"https:\\\/\\\/www.christiegrey.com\\\/#website\"},\"primaryImageOfPage\":{\"@id\":\"https:\\\/\\\/www.christiegrey.com\\\/de\\\/produkt\\\/marine-turmmontagen\\\/#primaryimage\"},\"image\":{\"@id\":\"https:\\\/\\\/www.christiegrey.com\\\/de\\\/produkt\\\/marine-turmmontagen\\\/#primaryimage\"},\"thumbnailUrl\":\"https:\\\/\\\/www.christiegrey.com\\\/wp-content\\\/uploads\\\/2025\\\/12\\\/marine_rubber_turret_365_x_365.jpg\",\"datePublished\":\"2025-12-25T11:23:04+00:00\",\"description\":\"MRM Marine Rubber Turret Montagen reduzieren mittel- bis hochfrequente Schwingungen und Ger\u00e4usche von motorgetriebenen Maschinen, einschlie\u00dflich axialer und Zentrifugalventilatoren.\",\"breadcrumb\":{\"@id\":\"https:\\\/\\\/www.christiegrey.com\\\/de\\\/produkt\\\/marine-turmmontagen\\\/#breadcrumb\"},\"inLanguage\":\"de\",\"potentialAction\":[{\"@type\":\"ReadAction\",\"target\":[\"https:\\\/\\\/www.christiegrey.com\\\/de\\\/produkt\\\/marine-turmmontagen\\\/\"]}]},{\"@type\":\"ImageObject\",\"inLanguage\":\"de\",\"@id\":\"https:\\\/\\\/www.christiegrey.com\\\/de\\\/produkt\\\/marine-turmmontagen\\\/#primaryimage\",\"url\":\"https:\\\/\\\/www.christiegrey.com\\\/wp-content\\\/uploads\\\/2025\\\/12\\\/marine_rubber_turret_365_x_365.jpg\",\"contentUrl\":\"https:\\\/\\\/www.christiegrey.com\\\/wp-content\\\/uploads\\\/2025\\\/12\\\/marine_rubber_turret_365_x_365.jpg\",\"width\":365,\"height\":365,\"caption\":\"\u00f8;\"},{\"@type\":\"BreadcrumbList\",\"@id\":\"https:\\\/\\\/www.christiegrey.com\\\/de\\\/produkt\\\/marine-turmmontagen\\\/#breadcrumb\",\"itemListElement\":[{\"@type\":\"ListItem\",\"position\":1,\"name\":\"Zuhause\",\"item\":\"https:\\\/\\\/www.christiegrey.com\\\/\"},{\"@type\":\"ListItem\",\"position\":2,\"name\":\"Unsere Produkte\",\"item\":\"https:\\\/\\\/www.christiegrey.com\\\/products\\\/\"},{\"@type\":\"ListItem\",\"position\":3,\"name\":\"Marine-Turmmontagen\"}]},{\"@type\":\"WebSite\",\"@id\":\"https:\\\/\\\/www.christiegrey.com\\\/#website\",\"url\":\"https:\\\/\\\/www.christiegrey.com\\\/\",\"name\":\"Christie & Grey\",\"description\":\"\",\"publisher\":{\"@id\":\"https:\\\/\\\/www.christiegrey.com\\\/#organization\"},\"potentialAction\":[{\"@type\":\"SearchAction\",\"target\":{\"@type\":\"EntryPoint\",\"urlTemplate\":\"https:\\\/\\\/www.christiegrey.com\\\/?s={search_term_string}\"},\"query-input\":{\"@type\":\"PropertyValueSpecification\",\"valueRequired\":true,\"valueName\":\"search_term_string\"}}],\"inLanguage\":\"de\"},{\"@type\":\"Organization\",\"@id\":\"https:\\\/\\\/www.christiegrey.com\\\/#organization\",\"name\":\"Christie & Grey\",\"url\":\"https:\\\/\\\/www.christiegrey.com\\\/\",\"logo\":{\"@type\":\"ImageObject\",\"inLanguage\":\"de\",\"@id\":\"https:\\\/\\\/www.christiegrey.com\\\/#\\\/schema\\\/logo\\\/image\\\/\",\"url\":\"https:\\\/\\\/www.christiegrey.com\\\/wp-content\\\/uploads\\\/2026\\\/02\\\/cropped-logo-scaled-1.png\",\"contentUrl\":\"https:\\\/\\\/www.christiegrey.com\\\/wp-content\\\/uploads\\\/2026\\\/02\\\/cropped-logo-scaled-1.png\",\"width\":250,\"height\":90,\"caption\":\"Christie & Grey\"},\"image\":{\"@id\":\"https:\\\/\\\/www.christiegrey.com\\\/#\\\/schema\\\/logo\\\/image\\\/\"},\"sameAs\":[\"https:\\\/\\\/www.facebook.com\\\/christieandgreylimited\",\"https:\\\/\\\/x.com\\\/christiegreyltd\"]}]}<\/script>\n<!-- \/ Yoast SEO plugin. -->","yoast_head_json":{"title":"MRM Marine Rubber Turret Lafetten \u2013 Christie Grey","description":"MRM Marine Rubber Turret Montagen reduzieren mittel- bis hochfrequente Schwingungen und Ger\u00e4usche von motorgetriebenen Maschinen, einschlie\u00dflich axialer und Zentrifugalventilatoren.","robots":{"index":"index","follow":"follow","max-snippet":"max-snippet:-1","max-image-preview":"max-image-preview:large","max-video-preview":"max-video-preview:-1"},"canonical":"https:\/\/www.christiegrey.com\/de\/produkt\/marine-turmmontagen\/","og_locale":"de_DE","og_type":"article","og_title":"MRM Marine Rubber Turret Lafetten \u2013 Christie Grey","og_description":"MRM Marine Rubber Turret Montagen reduzieren mittel- bis hochfrequente Schwingungen und Ger\u00e4usche von motorgetriebenen Maschinen, einschlie\u00dflich axialer und Zentrifugalventilatoren.","og_url":"https:\/\/www.christiegrey.com\/de\/produkt\/marine-turmmontagen\/","article_publisher":"https:\/\/www.facebook.com\/christieandgreylimited","og_image":[{"width":365,"height":365,"url":"https:\/\/www.christiegrey.com\/wp-content\/uploads\/2025\/12\/marine_rubber_turret_365_x_365.jpg","type":"image\/jpeg"}],"twitter_card":"summary_large_image","twitter_site":"@christiegreyltd","schema":{"@context":"https:\/\/schema.org","@graph":[{"@type":"WebPage","@id":"https:\/\/www.christiegrey.com\/de\/produkt\/marine-turmmontagen\/","url":"https:\/\/www.christiegrey.com\/de\/produkt\/marine-turmmontagen\/","name":"MRM Marine Rubber Turret Lafetten \u2013 Christie Grey","isPartOf":{"@id":"https:\/\/www.christiegrey.com\/#website"},"primaryImageOfPage":{"@id":"https:\/\/www.christiegrey.com\/de\/produkt\/marine-turmmontagen\/#primaryimage"},"image":{"@id":"https:\/\/www.christiegrey.com\/de\/produkt\/marine-turmmontagen\/#primaryimage"},"thumbnailUrl":"https:\/\/www.christiegrey.com\/wp-content\/uploads\/2025\/12\/marine_rubber_turret_365_x_365.jpg","datePublished":"2025-12-25T11:23:04+00:00","description":"MRM Marine Rubber Turret Montagen reduzieren mittel- bis hochfrequente Schwingungen und Ger\u00e4usche von motorgetriebenen Maschinen, einschlie\u00dflich axialer und Zentrifugalventilatoren.","breadcrumb":{"@id":"https:\/\/www.christiegrey.com\/de\/produkt\/marine-turmmontagen\/#breadcrumb"},"inLanguage":"de","potentialAction":[{"@type":"ReadAction","target":["https:\/\/www.christiegrey.com\/de\/produkt\/marine-turmmontagen\/"]}]},{"@type":"ImageObject","inLanguage":"de","@id":"https:\/\/www.christiegrey.com\/de\/produkt\/marine-turmmontagen\/#primaryimage","url":"https:\/\/www.christiegrey.com\/wp-content\/uploads\/2025\/12\/marine_rubber_turret_365_x_365.jpg","contentUrl":"https:\/\/www.christiegrey.com\/wp-content\/uploads\/2025\/12\/marine_rubber_turret_365_x_365.jpg","width":365,"height":365,"caption":"\u00f8;"},{"@type":"BreadcrumbList","@id":"https:\/\/www.christiegrey.com\/de\/produkt\/marine-turmmontagen\/#breadcrumb","itemListElement":[{"@type":"ListItem","position":1,"name":"Zuhause","item":"https:\/\/www.christiegrey.com\/"},{"@type":"ListItem","position":2,"name":"Unsere Produkte","item":"https:\/\/www.christiegrey.com\/products\/"},{"@type":"ListItem","position":3,"name":"Marine-Turmmontagen"}]},{"@type":"WebSite","@id":"https:\/\/www.christiegrey.com\/#website","url":"https:\/\/www.christiegrey.com\/","name":"Christie & Grey","description":"","publisher":{"@id":"https:\/\/www.christiegrey.com\/#organization"},"potentialAction":[{"@type":"SearchAction","target":{"@type":"EntryPoint","urlTemplate":"https:\/\/www.christiegrey.com\/?s={search_term_string}"},"query-input":{"@type":"PropertyValueSpecification","valueRequired":true,"valueName":"search_term_string"}}],"inLanguage":"de"},{"@type":"Organization","@id":"https:\/\/www.christiegrey.com\/#organization","name":"Christie & Grey","url":"https:\/\/www.christiegrey.com\/","logo":{"@type":"ImageObject","inLanguage":"de","@id":"https:\/\/www.christiegrey.com\/#\/schema\/logo\/image\/","url":"https:\/\/www.christiegrey.com\/wp-content\/uploads\/2026\/02\/cropped-logo-scaled-1.png","contentUrl":"https:\/\/www.christiegrey.com\/wp-content\/uploads\/2026\/02\/cropped-logo-scaled-1.png","width":250,"height":90,"caption":"Christie & Grey"},"image":{"@id":"https:\/\/www.christiegrey.com\/#\/schema\/logo\/image\/"},"sameAs":["https:\/\/www.facebook.com\/christieandgreylimited","https:\/\/x.com\/christiegreyltd"]}]}},"_links":{"self":[{"href":"https:\/\/www.christiegrey.com\/de\/wp-json\/wp\/v2\/product\/4366","targetHints":{"allow":["GET"]}}],"collection":[{"href":"https:\/\/www.christiegrey.com\/de\/wp-json\/wp\/v2\/product"}],"about":[{"href":"https:\/\/www.christiegrey.com\/de\/wp-json\/wp\/v2\/types\/product"}],"replies":[{"embeddable":true,"href":"https:\/\/www.christiegrey.com\/de\/wp-json\/wp\/v2\/comments?post=4366"}],"wp:featuredmedia":[{"embeddable":true,"href":"https:\/\/www.christiegrey.com\/de\/wp-json\/wp\/v2\/media\/983"}],"wp:attachment":[{"href":"https:\/\/www.christiegrey.com\/de\/wp-json\/wp\/v2\/media?parent=4366"}],"wp:term":[{"taxonomy":"product_brand","embeddable":true,"href":"https:\/\/www.christiegrey.com\/de\/wp-json\/wp\/v2\/product_brand?post=4366"},{"taxonomy":"product_cat","embeddable":true,"href":"https:\/\/www.christiegrey.com\/de\/wp-json\/wp\/v2\/product_cat?post=4366"},{"taxonomy":"product_tag","embeddable":true,"href":"https:\/\/www.christiegrey.com\/de\/wp-json\/wp\/v2\/product_tag?post=4366"}],"curies":[{"name":"wp","href":"https:\/\/api.w.org\/{rel}","templated":true}]}}