{"id":4363,"date":"2025-12-25T11:26:44","date_gmt":"2025-12-25T11:26:44","guid":{"rendered":"https:\/\/www.christiegrey.com\/product\/rechteckige-sandwich-montierungen\/"},"modified":"2026-01-30T21:52:28","modified_gmt":"2026-01-30T21:52:28","slug":"rechteckige-sandwich-montierungen","status":"publish","type":"product","link":"https:\/\/www.christiegrey.com\/de\/produkt\/rechteckige-sandwich-montierungen\/","title":{"rendered":"Rechteckige Sandwich-Montierungen"},"content":{"rendered":"<p>Rechteckige Halterungen, auch als Sandwich-Halterungen bekannt, werden h\u00e4ufig zur Montage von Motoren in Stra\u00dfenfahrzeugen und mobilen Bauwerken verwendet. In den gr\u00f6\u00dferen Gr\u00f6\u00dfen werden sie als Fahrwerksfedern f\u00fcr Fahrzeuge sowie als Halterungen f\u00fcr Akustikkammern, Trichter und verschiedene Arten von schweren Anlageninstallationen verwendet. <\/p>\n<p>Der Gummi in den Befestigungen ist zwischen zwei Metallplatten mit L\u00f6chern an jedem Ende f\u00fcr die Montage verbunden. Einige Entw\u00fcrfe integrieren Stahlverkleidungen f\u00fcr eine erh\u00f6hte Tragf\u00e4higkeit. Die Befestigungen eignen sich am besten bei Scherung und Kompression, k\u00f6nnen aber direkt in Scher- oder Kompressionsposition belastet werden.  <\/p>\n","protected":false},"excerpt":{"rendered":"<p>F\u00fcr industrielle, maritime und mobile Anwendungen<\/p>\n","protected":false},"featured_media":992,"comment_status":"open","ping_status":"closed","template":"","meta":{"_acf_changed":false},"product_brand":[],"product_cat":[121,140,139,141],"product_tag":[],"class_list":{"0":"post-4363","1":"product","2":"type-product","3":"status-publish","4":"has-post-thumbnail","6":"product_cat-industrielle-losungen","7":"product_cat-marine-nebenfunktionen","8":"product_cat-marine-und-offshore-losungen","9":"product_cat-weitere-industrieausrustung","11":"first","12":"instock","13":"shipping-taxable","14":"purchasable","15":"product-type-simple"},"acf":[],"yoast_head":"<!-- This site is optimized with the Yoast SEO plugin v27.0 - https:\/\/yoast.com\/product\/yoast-seo-wordpress\/ -->\n<title>Rechteckige Sandwich-Halterungen \u2013 Mobile Schwingungsisolierung<\/title>\n<meta name=\"description\" content=\"Rechteckige Sandwich-Montagen isolieren Schwingungen in Motoren, Schweranlagen und Akustikkammern mit verklebten Gummi- und Metallplatten f\u00fcr den industriellen und maritimen Einsatz.\" \/>\n<meta name=\"robots\" content=\"index, follow, max-snippet:-1, max-image-preview:large, max-video-preview:-1\" \/>\n<link rel=\"canonical\" href=\"https:\/\/www.christiegrey.com\/de\/produkt\/rechteckige-sandwich-montierungen\/\" \/>\n<meta property=\"og:locale\" content=\"de_DE\" \/>\n<meta property=\"og:type\" content=\"article\" \/>\n<meta property=\"og:title\" content=\"Rechteckige Sandwich-Halterungen \u2013 Mobile Schwingungsisolierung\" \/>\n<meta property=\"og:description\" content=\"Rechteckige Sandwich-Montagen isolieren Schwingungen in Motoren, Schweranlagen und Akustikkammern mit verklebten Gummi- und Metallplatten f\u00fcr den industriellen und maritimen Einsatz.\" \/>\n<meta property=\"og:url\" content=\"https:\/\/www.christiegrey.com\/de\/produkt\/rechteckige-sandwich-montierungen\/\" \/>\n<meta property=\"article:publisher\" content=\"https:\/\/www.facebook.com\/christieandgreylimited\" \/>\n<meta property=\"article:modified_time\" content=\"2026-01-30T21:52:28+00:00\" \/>\n<meta property=\"og:image\" content=\"https:\/\/www.christiegrey.com\/wp-content\/uploads\/2025\/12\/rectangular_sandwich.png\" \/>\n\t<meta property=\"og:image:width\" content=\"300\" \/>\n\t<meta property=\"og:image:height\" content=\"300\" \/>\n\t<meta property=\"og:image:type\" content=\"image\/png\" \/>\n<meta name=\"twitter:card\" content=\"summary_large_image\" \/>\n<meta name=\"twitter:site\" content=\"@christiegreyltd\" \/>\n<script type=\"application\/ld+json\" class=\"yoast-schema-graph\">{\"@context\":\"https:\/\/schema.org\",\"@graph\":[{\"@type\":\"WebPage\",\"@id\":\"https:\/\/www.christiegrey.com\/de\/produkt\/rechteckige-sandwich-montierungen\/\",\"url\":\"https:\/\/www.christiegrey.com\/de\/produkt\/rechteckige-sandwich-montierungen\/\",\"name\":\"Rechteckige Sandwich-Halterungen \u2013 Mobile Schwingungsisolierung\",\"isPartOf\":{\"@id\":\"https:\/\/www.christiegrey.com\/#website\"},\"primaryImageOfPage\":{\"@id\":\"https:\/\/www.christiegrey.com\/de\/produkt\/rechteckige-sandwich-montierungen\/#primaryimage\"},\"image\":{\"@id\":\"https:\/\/www.christiegrey.com\/de\/produkt\/rechteckige-sandwich-montierungen\/#primaryimage\"},\"thumbnailUrl\":\"https:\/\/www.christiegrey.com\/wp-content\/uploads\/2025\/12\/rectangular_sandwich.png\",\"datePublished\":\"2025-12-25T11:26:44+00:00\",\"dateModified\":\"2026-01-30T21:52:28+00:00\",\"description\":\"Rechteckige Sandwich-Montagen isolieren Schwingungen in Motoren, Schweranlagen und Akustikkammern mit verklebten Gummi- und Metallplatten f\u00fcr den industriellen und maritimen Einsatz.\",\"breadcrumb\":{\"@id\":\"https:\/\/www.christiegrey.com\/de\/produkt\/rechteckige-sandwich-montierungen\/#breadcrumb\"},\"inLanguage\":\"de\",\"potentialAction\":[{\"@type\":\"ReadAction\",\"target\":[\"https:\/\/www.christiegrey.com\/de\/produkt\/rechteckige-sandwich-montierungen\/\"]}]},{\"@type\":\"ImageObject\",\"inLanguage\":\"de\",\"@id\":\"https:\/\/www.christiegrey.com\/de\/produkt\/rechteckige-sandwich-montierungen\/#primaryimage\",\"url\":\"https:\/\/www.christiegrey.com\/wp-content\/uploads\/2025\/12\/rectangular_sandwich.png\",\"contentUrl\":\"https:\/\/www.christiegrey.com\/wp-content\/uploads\/2025\/12\/rectangular_sandwich.png\",\"width\":300,\"height\":300,\"caption\":\"rectangular-sandwich-mounts\"},{\"@type\":\"BreadcrumbList\",\"@id\":\"https:\/\/www.christiegrey.com\/de\/produkt\/rechteckige-sandwich-montierungen\/#breadcrumb\",\"itemListElement\":[{\"@type\":\"ListItem\",\"position\":1,\"name\":\"Zuhause\",\"item\":\"https:\/\/www.christiegrey.com\/\"},{\"@type\":\"ListItem\",\"position\":2,\"name\":\"Unsere Produkte\",\"item\":\"https:\/\/www.christiegrey.com\/products\/\"},{\"@type\":\"ListItem\",\"position\":3,\"name\":\"Rechteckige Sandwich-Montierungen\"}]},{\"@type\":\"WebSite\",\"@id\":\"https:\/\/www.christiegrey.com\/#website\",\"url\":\"https:\/\/www.christiegrey.com\/\",\"name\":\"Christie & Grey\",\"description\":\"\",\"publisher\":{\"@id\":\"https:\/\/www.christiegrey.com\/#organization\"},\"potentialAction\":[{\"@type\":\"SearchAction\",\"target\":{\"@type\":\"EntryPoint\",\"urlTemplate\":\"https:\/\/www.christiegrey.com\/?s={search_term_string}\"},\"query-input\":{\"@type\":\"PropertyValueSpecification\",\"valueRequired\":true,\"valueName\":\"search_term_string\"}}],\"inLanguage\":\"de\"},{\"@type\":\"Organization\",\"@id\":\"https:\/\/www.christiegrey.com\/#organization\",\"name\":\"Christie & Grey\",\"url\":\"https:\/\/www.christiegrey.com\/\",\"logo\":{\"@type\":\"ImageObject\",\"inLanguage\":\"de\",\"@id\":\"https:\/\/www.christiegrey.com\/#\/schema\/logo\/image\/\",\"url\":\"https:\/\/www.christiegrey.com\/wp-content\/uploads\/2026\/02\/cropped-logo-scaled-1.png\",\"contentUrl\":\"https:\/\/www.christiegrey.com\/wp-content\/uploads\/2026\/02\/cropped-logo-scaled-1.png\",\"width\":250,\"height\":90,\"caption\":\"Christie & Grey\"},\"image\":{\"@id\":\"https:\/\/www.christiegrey.com\/#\/schema\/logo\/image\/\"},\"sameAs\":[\"https:\/\/www.facebook.com\/christieandgreylimited\",\"https:\/\/x.com\/christiegreyltd\"]}]}<\/script>\n<!-- \/ Yoast SEO plugin. -->","yoast_head_json":{"title":"Rechteckige Sandwich-Halterungen \u2013 Mobile Schwingungsisolierung","description":"Rechteckige Sandwich-Montagen isolieren Schwingungen in Motoren, Schweranlagen und Akustikkammern mit verklebten Gummi- und Metallplatten f\u00fcr den industriellen und maritimen Einsatz.","robots":{"index":"index","follow":"follow","max-snippet":"max-snippet:-1","max-image-preview":"max-image-preview:large","max-video-preview":"max-video-preview:-1"},"canonical":"https:\/\/www.christiegrey.com\/de\/produkt\/rechteckige-sandwich-montierungen\/","og_locale":"de_DE","og_type":"article","og_title":"Rechteckige Sandwich-Halterungen \u2013 Mobile Schwingungsisolierung","og_description":"Rechteckige Sandwich-Montagen isolieren Schwingungen in Motoren, Schweranlagen und Akustikkammern mit verklebten Gummi- und Metallplatten f\u00fcr den industriellen und maritimen Einsatz.","og_url":"https:\/\/www.christiegrey.com\/de\/produkt\/rechteckige-sandwich-montierungen\/","article_publisher":"https:\/\/www.facebook.com\/christieandgreylimited","article_modified_time":"2026-01-30T21:52:28+00:00","og_image":[{"width":300,"height":300,"url":"https:\/\/www.christiegrey.com\/wp-content\/uploads\/2025\/12\/rectangular_sandwich.png","type":"image\/png"}],"twitter_card":"summary_large_image","twitter_site":"@christiegreyltd","schema":{"@context":"https:\/\/schema.org","@graph":[{"@type":"WebPage","@id":"https:\/\/www.christiegrey.com\/de\/produkt\/rechteckige-sandwich-montierungen\/","url":"https:\/\/www.christiegrey.com\/de\/produkt\/rechteckige-sandwich-montierungen\/","name":"Rechteckige Sandwich-Halterungen \u2013 Mobile Schwingungsisolierung","isPartOf":{"@id":"https:\/\/www.christiegrey.com\/#website"},"primaryImageOfPage":{"@id":"https:\/\/www.christiegrey.com\/de\/produkt\/rechteckige-sandwich-montierungen\/#primaryimage"},"image":{"@id":"https:\/\/www.christiegrey.com\/de\/produkt\/rechteckige-sandwich-montierungen\/#primaryimage"},"thumbnailUrl":"https:\/\/www.christiegrey.com\/wp-content\/uploads\/2025\/12\/rectangular_sandwich.png","datePublished":"2025-12-25T11:26:44+00:00","dateModified":"2026-01-30T21:52:28+00:00","description":"Rechteckige Sandwich-Montagen isolieren Schwingungen in Motoren, Schweranlagen und Akustikkammern mit verklebten Gummi- und Metallplatten f\u00fcr den industriellen und maritimen Einsatz.","breadcrumb":{"@id":"https:\/\/www.christiegrey.com\/de\/produkt\/rechteckige-sandwich-montierungen\/#breadcrumb"},"inLanguage":"de","potentialAction":[{"@type":"ReadAction","target":["https:\/\/www.christiegrey.com\/de\/produkt\/rechteckige-sandwich-montierungen\/"]}]},{"@type":"ImageObject","inLanguage":"de","@id":"https:\/\/www.christiegrey.com\/de\/produkt\/rechteckige-sandwich-montierungen\/#primaryimage","url":"https:\/\/www.christiegrey.com\/wp-content\/uploads\/2025\/12\/rectangular_sandwich.png","contentUrl":"https:\/\/www.christiegrey.com\/wp-content\/uploads\/2025\/12\/rectangular_sandwich.png","width":300,"height":300,"caption":"rectangular-sandwich-mounts"},{"@type":"BreadcrumbList","@id":"https:\/\/www.christiegrey.com\/de\/produkt\/rechteckige-sandwich-montierungen\/#breadcrumb","itemListElement":[{"@type":"ListItem","position":1,"name":"Zuhause","item":"https:\/\/www.christiegrey.com\/"},{"@type":"ListItem","position":2,"name":"Unsere Produkte","item":"https:\/\/www.christiegrey.com\/products\/"},{"@type":"ListItem","position":3,"name":"Rechteckige Sandwich-Montierungen"}]},{"@type":"WebSite","@id":"https:\/\/www.christiegrey.com\/#website","url":"https:\/\/www.christiegrey.com\/","name":"Christie & Grey","description":"","publisher":{"@id":"https:\/\/www.christiegrey.com\/#organization"},"potentialAction":[{"@type":"SearchAction","target":{"@type":"EntryPoint","urlTemplate":"https:\/\/www.christiegrey.com\/?s={search_term_string}"},"query-input":{"@type":"PropertyValueSpecification","valueRequired":true,"valueName":"search_term_string"}}],"inLanguage":"de"},{"@type":"Organization","@id":"https:\/\/www.christiegrey.com\/#organization","name":"Christie & Grey","url":"https:\/\/www.christiegrey.com\/","logo":{"@type":"ImageObject","inLanguage":"de","@id":"https:\/\/www.christiegrey.com\/#\/schema\/logo\/image\/","url":"https:\/\/www.christiegrey.com\/wp-content\/uploads\/2026\/02\/cropped-logo-scaled-1.png","contentUrl":"https:\/\/www.christiegrey.com\/wp-content\/uploads\/2026\/02\/cropped-logo-scaled-1.png","width":250,"height":90,"caption":"Christie & Grey"},"image":{"@id":"https:\/\/www.christiegrey.com\/#\/schema\/logo\/image\/"},"sameAs":["https:\/\/www.facebook.com\/christieandgreylimited","https:\/\/x.com\/christiegreyltd"]}]}},"_links":{"self":[{"href":"https:\/\/www.christiegrey.com\/de\/wp-json\/wp\/v2\/product\/4363","targetHints":{"allow":["GET"]}}],"collection":[{"href":"https:\/\/www.christiegrey.com\/de\/wp-json\/wp\/v2\/product"}],"about":[{"href":"https:\/\/www.christiegrey.com\/de\/wp-json\/wp\/v2\/types\/product"}],"replies":[{"embeddable":true,"href":"https:\/\/www.christiegrey.com\/de\/wp-json\/wp\/v2\/comments?post=4363"}],"wp:featuredmedia":[{"embeddable":true,"href":"https:\/\/www.christiegrey.com\/de\/wp-json\/wp\/v2\/media\/992"}],"wp:attachment":[{"href":"https:\/\/www.christiegrey.com\/de\/wp-json\/wp\/v2\/media?parent=4363"}],"wp:term":[{"taxonomy":"product_brand","embeddable":true,"href":"https:\/\/www.christiegrey.com\/de\/wp-json\/wp\/v2\/product_brand?post=4363"},{"taxonomy":"product_cat","embeddable":true,"href":"https:\/\/www.christiegrey.com\/de\/wp-json\/wp\/v2\/product_cat?post=4363"},{"taxonomy":"product_tag","embeddable":true,"href":"https:\/\/www.christiegrey.com\/de\/wp-json\/wp\/v2\/product_tag?post=4363"}],"curies":[{"name":"wp","href":"https:\/\/api.w.org\/{rel}","templated":true}]}}