{"id":4355,"date":"2025-12-25T14:19:35","date_gmt":"2025-12-25T14:19:35","guid":{"rendered":"https:\/\/www.christiegrey.com\/product\/akustik-wandbindungen\/"},"modified":"2025-12-25T14:19:35","modified_gmt":"2025-12-25T14:19:35","slug":"akustik-wandbindungen","status":"publish","type":"product","link":"https:\/\/www.christiegrey.com\/de\/produkt\/akustik-wandbindungen\/","title":{"rendered":"Akustik-Wandbindungen"},"content":{"rendered":"<p>Akustische Mauerwerke und innere Trennwandverb\u00e4nde sind so konzipiert, dass sie strukturelle Stabilit\u00e4t bieten und gleichzeitig Ger\u00e4usche und Vibrationen zwischen Hohlw\u00e4nden d\u00e4mpfen.<\/p>\n","protected":false},"excerpt":{"rendered":"<p>Typ AWT<\/p>\n","protected":false},"featured_media":1422,"comment_status":"open","ping_status":"closed","template":"","meta":{"_acf_changed":false},"product_brand":[],"product_cat":[137,109],"product_tag":[],"class_list":{"0":"post-4355","1":"product","2":"type-product","3":"status-publish","4":"has-post-thumbnail","6":"product_cat-akustikwandprodukte","7":"product_cat-baulosungen","9":"first","10":"instock","11":"shipping-taxable","12":"purchasable","13":"product-type-simple"},"acf":[],"yoast_head":"<!-- This site is optimized with the Yoast SEO plugin v27.0 - https:\/\/yoast.com\/product\/yoast-seo-wordpress\/ -->\n<title>AWT Akustik-Wandbinder | Schwingungs- und Schallisolierung<\/title>\n<meta name=\"description\" content=\"AWT Akustische Wandbinder verwenden mit Naturkautschuk auf Metall verbundene Elemente, um Schall- und Vibrations\u00fcbertragungen zu verhindern. Lastgepr\u00fcft, BS EN 845-konform.\" \/>\n<meta name=\"robots\" content=\"index, follow, max-snippet:-1, max-image-preview:large, max-video-preview:-1\" \/>\n<link rel=\"canonical\" href=\"https:\/\/www.christiegrey.com\/de\/produkt\/akustik-wandbindungen\/\" \/>\n<meta property=\"og:locale\" content=\"de_DE\" \/>\n<meta property=\"og:type\" content=\"article\" \/>\n<meta property=\"og:title\" content=\"AWT Akustik-Wandbinder | Schwingungs- und Schallisolierung\" \/>\n<meta property=\"og:description\" content=\"AWT Akustische Wandbinder verwenden mit Naturkautschuk auf Metall verbundene Elemente, um Schall- und Vibrations\u00fcbertragungen zu verhindern. Lastgepr\u00fcft, BS EN 845-konform.\" \/>\n<meta property=\"og:url\" content=\"https:\/\/www.christiegrey.com\/de\/produkt\/akustik-wandbindungen\/\" \/>\n<meta property=\"article:publisher\" content=\"https:\/\/www.facebook.com\/christieandgreylimited\" \/>\n<meta property=\"og:image\" content=\"https:\/\/www.christiegrey.com\/wp-content\/uploads\/2025\/12\/christie-grey.1copy-scaled.jpg\" \/>\n\t<meta property=\"og:image:width\" content=\"2560\" \/>\n\t<meta property=\"og:image:height\" content=\"1829\" \/>\n\t<meta property=\"og:image:type\" content=\"image\/jpeg\" \/>\n<meta name=\"twitter:card\" content=\"summary_large_image\" \/>\n<meta name=\"twitter:site\" content=\"@christiegreyltd\" \/>\n<script type=\"application\/ld+json\" class=\"yoast-schema-graph\">{\"@context\":\"https:\/\/schema.org\",\"@graph\":[{\"@type\":\"WebPage\",\"@id\":\"https:\/\/www.christiegrey.com\/de\/produkt\/akustik-wandbindungen\/\",\"url\":\"https:\/\/www.christiegrey.com\/de\/produkt\/akustik-wandbindungen\/\",\"name\":\"AWT Akustik-Wandbinder | Schwingungs- und Schallisolierung\",\"isPartOf\":{\"@id\":\"https:\/\/www.christiegrey.com\/#website\"},\"primaryImageOfPage\":{\"@id\":\"https:\/\/www.christiegrey.com\/de\/produkt\/akustik-wandbindungen\/#primaryimage\"},\"image\":{\"@id\":\"https:\/\/www.christiegrey.com\/de\/produkt\/akustik-wandbindungen\/#primaryimage\"},\"thumbnailUrl\":\"https:\/\/www.christiegrey.com\/wp-content\/uploads\/2025\/12\/christie-grey.1copy-scaled.jpg\",\"datePublished\":\"2025-12-25T14:19:35+00:00\",\"description\":\"AWT Akustische Wandbinder verwenden mit Naturkautschuk auf Metall verbundene Elemente, um Schall- und Vibrations\u00fcbertragungen zu verhindern. Lastgepr\u00fcft, BS EN 845-konform.\",\"breadcrumb\":{\"@id\":\"https:\/\/www.christiegrey.com\/de\/produkt\/akustik-wandbindungen\/#breadcrumb\"},\"inLanguage\":\"de\",\"potentialAction\":[{\"@type\":\"ReadAction\",\"target\":[\"https:\/\/www.christiegrey.com\/de\/produkt\/akustik-wandbindungen\/\"]}]},{\"@type\":\"ImageObject\",\"inLanguage\":\"de\",\"@id\":\"https:\/\/www.christiegrey.com\/de\/produkt\/akustik-wandbindungen\/#primaryimage\",\"url\":\"https:\/\/www.christiegrey.com\/wp-content\/uploads\/2025\/12\/christie-grey.1copy-scaled.jpg\",\"contentUrl\":\"https:\/\/www.christiegrey.com\/wp-content\/uploads\/2025\/12\/christie-grey.1copy-scaled.jpg\",\"width\":2560,\"height\":1829,\"caption\":\"Gestapelt aus 8 Bildern. Method=B (R=7,S=1)\"},{\"@type\":\"BreadcrumbList\",\"@id\":\"https:\/\/www.christiegrey.com\/de\/produkt\/akustik-wandbindungen\/#breadcrumb\",\"itemListElement\":[{\"@type\":\"ListItem\",\"position\":1,\"name\":\"Zuhause\",\"item\":\"https:\/\/www.christiegrey.com\/\"},{\"@type\":\"ListItem\",\"position\":2,\"name\":\"Unsere Produkte\",\"item\":\"https:\/\/www.christiegrey.com\/products\/\"},{\"@type\":\"ListItem\",\"position\":3,\"name\":\"Akustik-Wandbindungen\"}]},{\"@type\":\"WebSite\",\"@id\":\"https:\/\/www.christiegrey.com\/#website\",\"url\":\"https:\/\/www.christiegrey.com\/\",\"name\":\"Christie & Grey\",\"description\":\"\",\"publisher\":{\"@id\":\"https:\/\/www.christiegrey.com\/#organization\"},\"potentialAction\":[{\"@type\":\"SearchAction\",\"target\":{\"@type\":\"EntryPoint\",\"urlTemplate\":\"https:\/\/www.christiegrey.com\/?s={search_term_string}\"},\"query-input\":{\"@type\":\"PropertyValueSpecification\",\"valueRequired\":true,\"valueName\":\"search_term_string\"}}],\"inLanguage\":\"de\"},{\"@type\":\"Organization\",\"@id\":\"https:\/\/www.christiegrey.com\/#organization\",\"name\":\"Christie & Grey\",\"url\":\"https:\/\/www.christiegrey.com\/\",\"logo\":{\"@type\":\"ImageObject\",\"inLanguage\":\"de\",\"@id\":\"https:\/\/www.christiegrey.com\/#\/schema\/logo\/image\/\",\"url\":\"https:\/\/www.christiegrey.com\/wp-content\/uploads\/2026\/02\/cropped-logo-scaled-1.png\",\"contentUrl\":\"https:\/\/www.christiegrey.com\/wp-content\/uploads\/2026\/02\/cropped-logo-scaled-1.png\",\"width\":250,\"height\":90,\"caption\":\"Christie & Grey\"},\"image\":{\"@id\":\"https:\/\/www.christiegrey.com\/#\/schema\/logo\/image\/\"},\"sameAs\":[\"https:\/\/www.facebook.com\/christieandgreylimited\",\"https:\/\/x.com\/christiegreyltd\"]}]}<\/script>\n<!-- \/ Yoast SEO plugin. -->","yoast_head_json":{"title":"AWT Akustik-Wandbinder | Schwingungs- und Schallisolierung","description":"AWT Akustische Wandbinder verwenden mit Naturkautschuk auf Metall verbundene Elemente, um Schall- und Vibrations\u00fcbertragungen zu verhindern. Lastgepr\u00fcft, BS EN 845-konform.","robots":{"index":"index","follow":"follow","max-snippet":"max-snippet:-1","max-image-preview":"max-image-preview:large","max-video-preview":"max-video-preview:-1"},"canonical":"https:\/\/www.christiegrey.com\/de\/produkt\/akustik-wandbindungen\/","og_locale":"de_DE","og_type":"article","og_title":"AWT Akustik-Wandbinder | Schwingungs- und Schallisolierung","og_description":"AWT Akustische Wandbinder verwenden mit Naturkautschuk auf Metall verbundene Elemente, um Schall- und Vibrations\u00fcbertragungen zu verhindern. Lastgepr\u00fcft, BS EN 845-konform.","og_url":"https:\/\/www.christiegrey.com\/de\/produkt\/akustik-wandbindungen\/","article_publisher":"https:\/\/www.facebook.com\/christieandgreylimited","og_image":[{"width":2560,"height":1829,"url":"https:\/\/www.christiegrey.com\/wp-content\/uploads\/2025\/12\/christie-grey.1copy-scaled.jpg","type":"image\/jpeg"}],"twitter_card":"summary_large_image","twitter_site":"@christiegreyltd","schema":{"@context":"https:\/\/schema.org","@graph":[{"@type":"WebPage","@id":"https:\/\/www.christiegrey.com\/de\/produkt\/akustik-wandbindungen\/","url":"https:\/\/www.christiegrey.com\/de\/produkt\/akustik-wandbindungen\/","name":"AWT Akustik-Wandbinder | Schwingungs- und Schallisolierung","isPartOf":{"@id":"https:\/\/www.christiegrey.com\/#website"},"primaryImageOfPage":{"@id":"https:\/\/www.christiegrey.com\/de\/produkt\/akustik-wandbindungen\/#primaryimage"},"image":{"@id":"https:\/\/www.christiegrey.com\/de\/produkt\/akustik-wandbindungen\/#primaryimage"},"thumbnailUrl":"https:\/\/www.christiegrey.com\/wp-content\/uploads\/2025\/12\/christie-grey.1copy-scaled.jpg","datePublished":"2025-12-25T14:19:35+00:00","description":"AWT Akustische Wandbinder verwenden mit Naturkautschuk auf Metall verbundene Elemente, um Schall- und Vibrations\u00fcbertragungen zu verhindern. Lastgepr\u00fcft, BS EN 845-konform.","breadcrumb":{"@id":"https:\/\/www.christiegrey.com\/de\/produkt\/akustik-wandbindungen\/#breadcrumb"},"inLanguage":"de","potentialAction":[{"@type":"ReadAction","target":["https:\/\/www.christiegrey.com\/de\/produkt\/akustik-wandbindungen\/"]}]},{"@type":"ImageObject","inLanguage":"de","@id":"https:\/\/www.christiegrey.com\/de\/produkt\/akustik-wandbindungen\/#primaryimage","url":"https:\/\/www.christiegrey.com\/wp-content\/uploads\/2025\/12\/christie-grey.1copy-scaled.jpg","contentUrl":"https:\/\/www.christiegrey.com\/wp-content\/uploads\/2025\/12\/christie-grey.1copy-scaled.jpg","width":2560,"height":1829,"caption":"Gestapelt aus 8 Bildern. Method=B (R=7,S=1)"},{"@type":"BreadcrumbList","@id":"https:\/\/www.christiegrey.com\/de\/produkt\/akustik-wandbindungen\/#breadcrumb","itemListElement":[{"@type":"ListItem","position":1,"name":"Zuhause","item":"https:\/\/www.christiegrey.com\/"},{"@type":"ListItem","position":2,"name":"Unsere Produkte","item":"https:\/\/www.christiegrey.com\/products\/"},{"@type":"ListItem","position":3,"name":"Akustik-Wandbindungen"}]},{"@type":"WebSite","@id":"https:\/\/www.christiegrey.com\/#website","url":"https:\/\/www.christiegrey.com\/","name":"Christie & Grey","description":"","publisher":{"@id":"https:\/\/www.christiegrey.com\/#organization"},"potentialAction":[{"@type":"SearchAction","target":{"@type":"EntryPoint","urlTemplate":"https:\/\/www.christiegrey.com\/?s={search_term_string}"},"query-input":{"@type":"PropertyValueSpecification","valueRequired":true,"valueName":"search_term_string"}}],"inLanguage":"de"},{"@type":"Organization","@id":"https:\/\/www.christiegrey.com\/#organization","name":"Christie & Grey","url":"https:\/\/www.christiegrey.com\/","logo":{"@type":"ImageObject","inLanguage":"de","@id":"https:\/\/www.christiegrey.com\/#\/schema\/logo\/image\/","url":"https:\/\/www.christiegrey.com\/wp-content\/uploads\/2026\/02\/cropped-logo-scaled-1.png","contentUrl":"https:\/\/www.christiegrey.com\/wp-content\/uploads\/2026\/02\/cropped-logo-scaled-1.png","width":250,"height":90,"caption":"Christie & Grey"},"image":{"@id":"https:\/\/www.christiegrey.com\/#\/schema\/logo\/image\/"},"sameAs":["https:\/\/www.facebook.com\/christieandgreylimited","https:\/\/x.com\/christiegreyltd"]}]}},"_links":{"self":[{"href":"https:\/\/www.christiegrey.com\/de\/wp-json\/wp\/v2\/product\/4355","targetHints":{"allow":["GET"]}}],"collection":[{"href":"https:\/\/www.christiegrey.com\/de\/wp-json\/wp\/v2\/product"}],"about":[{"href":"https:\/\/www.christiegrey.com\/de\/wp-json\/wp\/v2\/types\/product"}],"replies":[{"embeddable":true,"href":"https:\/\/www.christiegrey.com\/de\/wp-json\/wp\/v2\/comments?post=4355"}],"wp:featuredmedia":[{"embeddable":true,"href":"https:\/\/www.christiegrey.com\/de\/wp-json\/wp\/v2\/media\/1422"}],"wp:attachment":[{"href":"https:\/\/www.christiegrey.com\/de\/wp-json\/wp\/v2\/media?parent=4355"}],"wp:term":[{"taxonomy":"product_brand","embeddable":true,"href":"https:\/\/www.christiegrey.com\/de\/wp-json\/wp\/v2\/product_brand?post=4355"},{"taxonomy":"product_cat","embeddable":true,"href":"https:\/\/www.christiegrey.com\/de\/wp-json\/wp\/v2\/product_cat?post=4355"},{"taxonomy":"product_tag","embeddable":true,"href":"https:\/\/www.christiegrey.com\/de\/wp-json\/wp\/v2\/product_tag?post=4355"}],"curies":[{"name":"wp","href":"https:\/\/api.w.org\/{rel}","templated":true}]}}