{"id":4339,"date":"2025-12-25T14:23:40","date_gmt":"2025-12-25T14:23:40","guid":{"rendered":"https:\/\/www.christiegrey.com\/product\/akustik-deckenaufhaenger\/"},"modified":"2026-01-30T21:52:12","modified_gmt":"2026-01-30T21:52:12","slug":"akustik-deckenaufhaenger","status":"publish","type":"product","link":"https:\/\/www.christiegrey.com\/de\/produkt\/akustik-deckenaufhaenger\/","title":{"rendered":"Akustik-Deckenaufh\u00e4nger"},"content":{"rendered":"<p>Speziell f\u00fcr Anwendungen entwickelt, bei denen h\u00f6rbare Ger\u00e4uschd\u00e4mpfung am wichtigsten ist, bietet der ACH eine kosteng\u00fcnstige Alternative zu gr\u00f6\u00dferen, traditionelleren Feder- und Gummiaufh\u00e4ngern. Wird haupts\u00e4chlich verwendet, um massiv akustische Decken effektiv von der tragenden Geb\u00e4udestruktur zu entkoppeln \u2013 und so L\u00e4rmausbruch oder Einbruch zu verhindern. Der ACH kann auch verwendet werden, um die Ger\u00e4usch\u00fcbertragung von Klimaanlagen, die im Deckenraum aufgeh\u00e4ngt sind, zu reduzieren.  <\/p>\n","protected":false},"excerpt":{"rendered":"<p>Typ ACH<\/p>\n","protected":false},"featured_media":1075,"comment_status":"open","ping_status":"closed","template":"","meta":{"_acf_changed":false},"product_brand":[],"product_cat":[110,109],"product_tag":[],"class_list":{"0":"post-4339","1":"product","2":"type-product","3":"status-publish","4":"has-post-thumbnail","6":"product_cat-akustikdeckenprodukte","7":"product_cat-baulosungen","9":"first","10":"instock","11":"shipping-taxable","12":"purchasable","13":"product-type-simple"},"acf":[],"yoast_head":"<!-- This site is optimized with the Yoast SEO plugin v27.0 - https:\/\/yoast.com\/product\/yoast-seo-wordpress\/ -->\n<title>Akustik-Deckenaufh\u00e4nger \u2013 Feder- und Gummib\u00fcgel<\/title>\n<meta name=\"description\" content=\"Akustische Deckenaufh\u00e4nger (ACH) entkoppeln Decken von Geb\u00e4udestrukturen und reduzieren so den L\u00e4rmausbruch und die \u00dcbertragung von Decken oder aufgeh\u00e4ngten HLK-Ger\u00e4ten.\" \/>\n<meta name=\"robots\" content=\"index, follow, max-snippet:-1, max-image-preview:large, max-video-preview:-1\" \/>\n<link rel=\"canonical\" href=\"https:\/\/www.christiegrey.com\/de\/produkt\/akustik-deckenaufhaenger\/\" \/>\n<meta property=\"og:locale\" content=\"de_DE\" \/>\n<meta property=\"og:type\" content=\"article\" \/>\n<meta property=\"og:title\" content=\"Akustik-Deckenaufh\u00e4nger \u2013 Feder- und Gummib\u00fcgel\" \/>\n<meta property=\"og:description\" content=\"Akustische Deckenaufh\u00e4nger (ACH) entkoppeln Decken von Geb\u00e4udestrukturen und reduzieren so den L\u00e4rmausbruch und die \u00dcbertragung von Decken oder aufgeh\u00e4ngten HLK-Ger\u00e4ten.\" \/>\n<meta property=\"og:url\" content=\"https:\/\/www.christiegrey.com\/de\/produkt\/akustik-deckenaufhaenger\/\" \/>\n<meta property=\"article:publisher\" content=\"https:\/\/www.facebook.com\/christieandgreylimited\" \/>\n<meta property=\"article:modified_time\" content=\"2026-01-30T21:52:12+00:00\" \/>\n<meta property=\"og:image\" content=\"https:\/\/www.christiegrey.com\/wp-content\/uploads\/2025\/12\/ach.png\" \/>\n\t<meta property=\"og:image:width\" content=\"365\" \/>\n\t<meta property=\"og:image:height\" content=\"365\" \/>\n\t<meta property=\"og:image:type\" content=\"image\/png\" \/>\n<meta name=\"twitter:card\" content=\"summary_large_image\" \/>\n<meta name=\"twitter:site\" content=\"@christiegreyltd\" \/>\n<script type=\"application\/ld+json\" class=\"yoast-schema-graph\">{\"@context\":\"https:\/\/schema.org\",\"@graph\":[{\"@type\":\"WebPage\",\"@id\":\"https:\/\/www.christiegrey.com\/de\/produkt\/akustik-deckenaufhaenger\/\",\"url\":\"https:\/\/www.christiegrey.com\/de\/produkt\/akustik-deckenaufhaenger\/\",\"name\":\"Akustik-Deckenaufh\u00e4nger \u2013 Feder- und Gummib\u00fcgel\",\"isPartOf\":{\"@id\":\"https:\/\/www.christiegrey.com\/#website\"},\"primaryImageOfPage\":{\"@id\":\"https:\/\/www.christiegrey.com\/de\/produkt\/akustik-deckenaufhaenger\/#primaryimage\"},\"image\":{\"@id\":\"https:\/\/www.christiegrey.com\/de\/produkt\/akustik-deckenaufhaenger\/#primaryimage\"},\"thumbnailUrl\":\"https:\/\/www.christiegrey.com\/wp-content\/uploads\/2025\/12\/ach.png\",\"datePublished\":\"2025-12-25T14:23:40+00:00\",\"dateModified\":\"2026-01-30T21:52:12+00:00\",\"description\":\"Akustische Deckenaufh\u00e4nger (ACH) entkoppeln Decken von Geb\u00e4udestrukturen und reduzieren so den L\u00e4rmausbruch und die \u00dcbertragung von Decken oder aufgeh\u00e4ngten HLK-Ger\u00e4ten.\",\"breadcrumb\":{\"@id\":\"https:\/\/www.christiegrey.com\/de\/produkt\/akustik-deckenaufhaenger\/#breadcrumb\"},\"inLanguage\":\"de\",\"potentialAction\":[{\"@type\":\"ReadAction\",\"target\":[\"https:\/\/www.christiegrey.com\/de\/produkt\/akustik-deckenaufhaenger\/\"]}]},{\"@type\":\"ImageObject\",\"inLanguage\":\"de\",\"@id\":\"https:\/\/www.christiegrey.com\/de\/produkt\/akustik-deckenaufhaenger\/#primaryimage\",\"url\":\"https:\/\/www.christiegrey.com\/wp-content\/uploads\/2025\/12\/ach.png\",\"contentUrl\":\"https:\/\/www.christiegrey.com\/wp-content\/uploads\/2025\/12\/ach.png\",\"width\":365,\"height\":365,\"caption\":\"Acoustic ceiling hangers for sound isolation\"},{\"@type\":\"BreadcrumbList\",\"@id\":\"https:\/\/www.christiegrey.com\/de\/produkt\/akustik-deckenaufhaenger\/#breadcrumb\",\"itemListElement\":[{\"@type\":\"ListItem\",\"position\":1,\"name\":\"Zuhause\",\"item\":\"https:\/\/www.christiegrey.com\/\"},{\"@type\":\"ListItem\",\"position\":2,\"name\":\"Unsere Produkte\",\"item\":\"https:\/\/www.christiegrey.com\/products\/\"},{\"@type\":\"ListItem\",\"position\":3,\"name\":\"Akustik-Deckenaufh\u00e4nger\"}]},{\"@type\":\"WebSite\",\"@id\":\"https:\/\/www.christiegrey.com\/#website\",\"url\":\"https:\/\/www.christiegrey.com\/\",\"name\":\"Christie & Grey\",\"description\":\"\",\"publisher\":{\"@id\":\"https:\/\/www.christiegrey.com\/#organization\"},\"potentialAction\":[{\"@type\":\"SearchAction\",\"target\":{\"@type\":\"EntryPoint\",\"urlTemplate\":\"https:\/\/www.christiegrey.com\/?s={search_term_string}\"},\"query-input\":{\"@type\":\"PropertyValueSpecification\",\"valueRequired\":true,\"valueName\":\"search_term_string\"}}],\"inLanguage\":\"de\"},{\"@type\":\"Organization\",\"@id\":\"https:\/\/www.christiegrey.com\/#organization\",\"name\":\"Christie & Grey\",\"url\":\"https:\/\/www.christiegrey.com\/\",\"logo\":{\"@type\":\"ImageObject\",\"inLanguage\":\"de\",\"@id\":\"https:\/\/www.christiegrey.com\/#\/schema\/logo\/image\/\",\"url\":\"https:\/\/www.christiegrey.com\/wp-content\/uploads\/2026\/02\/cropped-logo-scaled-1.png\",\"contentUrl\":\"https:\/\/www.christiegrey.com\/wp-content\/uploads\/2026\/02\/cropped-logo-scaled-1.png\",\"width\":250,\"height\":90,\"caption\":\"Christie & Grey\"},\"image\":{\"@id\":\"https:\/\/www.christiegrey.com\/#\/schema\/logo\/image\/\"},\"sameAs\":[\"https:\/\/www.facebook.com\/christieandgreylimited\",\"https:\/\/x.com\/christiegreyltd\"]}]}<\/script>\n<!-- \/ Yoast SEO plugin. -->","yoast_head_json":{"title":"Akustik-Deckenaufh\u00e4nger \u2013 Feder- und Gummib\u00fcgel","description":"Akustische Deckenaufh\u00e4nger (ACH) entkoppeln Decken von Geb\u00e4udestrukturen und reduzieren so den L\u00e4rmausbruch und die \u00dcbertragung von Decken oder aufgeh\u00e4ngten HLK-Ger\u00e4ten.","robots":{"index":"index","follow":"follow","max-snippet":"max-snippet:-1","max-image-preview":"max-image-preview:large","max-video-preview":"max-video-preview:-1"},"canonical":"https:\/\/www.christiegrey.com\/de\/produkt\/akustik-deckenaufhaenger\/","og_locale":"de_DE","og_type":"article","og_title":"Akustik-Deckenaufh\u00e4nger \u2013 Feder- und Gummib\u00fcgel","og_description":"Akustische Deckenaufh\u00e4nger (ACH) entkoppeln Decken von Geb\u00e4udestrukturen und reduzieren so den L\u00e4rmausbruch und die \u00dcbertragung von Decken oder aufgeh\u00e4ngten HLK-Ger\u00e4ten.","og_url":"https:\/\/www.christiegrey.com\/de\/produkt\/akustik-deckenaufhaenger\/","article_publisher":"https:\/\/www.facebook.com\/christieandgreylimited","article_modified_time":"2026-01-30T21:52:12+00:00","og_image":[{"width":365,"height":365,"url":"https:\/\/www.christiegrey.com\/wp-content\/uploads\/2025\/12\/ach.png","type":"image\/png"}],"twitter_card":"summary_large_image","twitter_site":"@christiegreyltd","schema":{"@context":"https:\/\/schema.org","@graph":[{"@type":"WebPage","@id":"https:\/\/www.christiegrey.com\/de\/produkt\/akustik-deckenaufhaenger\/","url":"https:\/\/www.christiegrey.com\/de\/produkt\/akustik-deckenaufhaenger\/","name":"Akustik-Deckenaufh\u00e4nger \u2013 Feder- und Gummib\u00fcgel","isPartOf":{"@id":"https:\/\/www.christiegrey.com\/#website"},"primaryImageOfPage":{"@id":"https:\/\/www.christiegrey.com\/de\/produkt\/akustik-deckenaufhaenger\/#primaryimage"},"image":{"@id":"https:\/\/www.christiegrey.com\/de\/produkt\/akustik-deckenaufhaenger\/#primaryimage"},"thumbnailUrl":"https:\/\/www.christiegrey.com\/wp-content\/uploads\/2025\/12\/ach.png","datePublished":"2025-12-25T14:23:40+00:00","dateModified":"2026-01-30T21:52:12+00:00","description":"Akustische Deckenaufh\u00e4nger (ACH) entkoppeln Decken von Geb\u00e4udestrukturen und reduzieren so den L\u00e4rmausbruch und die \u00dcbertragung von Decken oder aufgeh\u00e4ngten HLK-Ger\u00e4ten.","breadcrumb":{"@id":"https:\/\/www.christiegrey.com\/de\/produkt\/akustik-deckenaufhaenger\/#breadcrumb"},"inLanguage":"de","potentialAction":[{"@type":"ReadAction","target":["https:\/\/www.christiegrey.com\/de\/produkt\/akustik-deckenaufhaenger\/"]}]},{"@type":"ImageObject","inLanguage":"de","@id":"https:\/\/www.christiegrey.com\/de\/produkt\/akustik-deckenaufhaenger\/#primaryimage","url":"https:\/\/www.christiegrey.com\/wp-content\/uploads\/2025\/12\/ach.png","contentUrl":"https:\/\/www.christiegrey.com\/wp-content\/uploads\/2025\/12\/ach.png","width":365,"height":365,"caption":"Acoustic ceiling hangers for sound isolation"},{"@type":"BreadcrumbList","@id":"https:\/\/www.christiegrey.com\/de\/produkt\/akustik-deckenaufhaenger\/#breadcrumb","itemListElement":[{"@type":"ListItem","position":1,"name":"Zuhause","item":"https:\/\/www.christiegrey.com\/"},{"@type":"ListItem","position":2,"name":"Unsere Produkte","item":"https:\/\/www.christiegrey.com\/products\/"},{"@type":"ListItem","position":3,"name":"Akustik-Deckenaufh\u00e4nger"}]},{"@type":"WebSite","@id":"https:\/\/www.christiegrey.com\/#website","url":"https:\/\/www.christiegrey.com\/","name":"Christie & Grey","description":"","publisher":{"@id":"https:\/\/www.christiegrey.com\/#organization"},"potentialAction":[{"@type":"SearchAction","target":{"@type":"EntryPoint","urlTemplate":"https:\/\/www.christiegrey.com\/?s={search_term_string}"},"query-input":{"@type":"PropertyValueSpecification","valueRequired":true,"valueName":"search_term_string"}}],"inLanguage":"de"},{"@type":"Organization","@id":"https:\/\/www.christiegrey.com\/#organization","name":"Christie & Grey","url":"https:\/\/www.christiegrey.com\/","logo":{"@type":"ImageObject","inLanguage":"de","@id":"https:\/\/www.christiegrey.com\/#\/schema\/logo\/image\/","url":"https:\/\/www.christiegrey.com\/wp-content\/uploads\/2026\/02\/cropped-logo-scaled-1.png","contentUrl":"https:\/\/www.christiegrey.com\/wp-content\/uploads\/2026\/02\/cropped-logo-scaled-1.png","width":250,"height":90,"caption":"Christie & Grey"},"image":{"@id":"https:\/\/www.christiegrey.com\/#\/schema\/logo\/image\/"},"sameAs":["https:\/\/www.facebook.com\/christieandgreylimited","https:\/\/x.com\/christiegreyltd"]}]}},"_links":{"self":[{"href":"https:\/\/www.christiegrey.com\/de\/wp-json\/wp\/v2\/product\/4339","targetHints":{"allow":["GET"]}}],"collection":[{"href":"https:\/\/www.christiegrey.com\/de\/wp-json\/wp\/v2\/product"}],"about":[{"href":"https:\/\/www.christiegrey.com\/de\/wp-json\/wp\/v2\/types\/product"}],"replies":[{"embeddable":true,"href":"https:\/\/www.christiegrey.com\/de\/wp-json\/wp\/v2\/comments?post=4339"}],"wp:featuredmedia":[{"embeddable":true,"href":"https:\/\/www.christiegrey.com\/de\/wp-json\/wp\/v2\/media\/1075"}],"wp:attachment":[{"href":"https:\/\/www.christiegrey.com\/de\/wp-json\/wp\/v2\/media?parent=4339"}],"wp:term":[{"taxonomy":"product_brand","embeddable":true,"href":"https:\/\/www.christiegrey.com\/de\/wp-json\/wp\/v2\/product_brand?post=4339"},{"taxonomy":"product_cat","embeddable":true,"href":"https:\/\/www.christiegrey.com\/de\/wp-json\/wp\/v2\/product_cat?post=4339"},{"taxonomy":"product_tag","embeddable":true,"href":"https:\/\/www.christiegrey.com\/de\/wp-json\/wp\/v2\/product_tag?post=4339"}],"curies":[{"name":"wp","href":"https:\/\/api.w.org\/{rel}","templated":true}]}}