{"id":4287,"date":"2025-12-25T13:51:10","date_gmt":"2025-12-25T13:51:10","guid":{"rendered":"https:\/\/www.christiegrey.com\/product\/gummi-turm-lafetten\/"},"modified":"2026-01-30T21:51:49","modified_gmt":"2026-01-30T21:51:49","slug":"gummi-turm-lafetten","status":"publish","type":"product","link":"https:\/\/www.christiegrey.com\/de\/produkt\/gummi-turm-lafetten\/","title":{"rendered":"Gummi-Turm-Lafetten"},"content":{"rendered":"<p>Die Gummiturmbefestigungen des Typs RM sind so konstruiert, dass sie eine \u00fcberlegene Abschw\u00e4chung von mittel- bis hochfrequenten Vibrationen und Ger\u00e4uschen bieten, die von einer Vielzahl von motorgetriebenen Maschinen ausgehen, insbesondere axialen und Zentrifugalventilatoren.<\/p>\n<p>Hochwiderstandsf\u00e4higer Gummi mit geringem dynamischen zu statischen Steifigkeitsverh\u00e4ltnis gew\u00e4hrleistet maximale Effizienz, gute Kriechleistung und eine lange Lebensdauer des Widerstands.<\/p>\n","protected":false},"excerpt":{"rendered":"<p>Typ RM<\/p>\n","protected":false},"featured_media":1038,"comment_status":"open","ping_status":"closed","template":"","meta":{"_acf_changed":false},"product_brand":[],"product_cat":[109,121,115,134],"product_tag":[],"class_list":{"0":"post-4287","1":"product","2":"type-product","3":"status-publish","4":"has-post-thumbnail","6":"product_cat-baulosungen","7":"product_cat-industrielle-losungen","8":"product_cat-schwimmende-boden","9":"product_cat-stromerzeugung","11":"first","12":"instock","13":"shipping-taxable","14":"purchasable","15":"product-type-simple"},"acf":[],"yoast_head":"<!-- This site is optimized with the Yoast SEO plugin v27.0 - https:\/\/yoast.com\/product\/yoast-seo-wordpress\/ -->\n<title>RM-Gummi-Turmhalterungen zur Schwingungskontrolle<\/title>\n<meta name=\"description\" content=\"RM-Gummiturmbefestigungen reduzieren mittel- bis hochfrequente Vibrationen und Ger\u00e4usche von motorgetriebenen Maschinen und bieten Langlebigkeit sowie eine lange Lebensdauer auf.\" \/>\n<meta name=\"robots\" content=\"index, follow, max-snippet:-1, max-image-preview:large, max-video-preview:-1\" \/>\n<link rel=\"canonical\" href=\"https:\/\/www.christiegrey.com\/de\/produkt\/gummi-turm-lafetten\/\" \/>\n<meta property=\"og:locale\" content=\"de_DE\" \/>\n<meta property=\"og:type\" content=\"article\" \/>\n<meta property=\"og:title\" content=\"RM-Gummi-Turmhalterungen zur Schwingungskontrolle\" \/>\n<meta property=\"og:description\" content=\"RM-Gummiturmbefestigungen reduzieren mittel- bis hochfrequente Vibrationen und Ger\u00e4usche von motorgetriebenen Maschinen und bieten Langlebigkeit sowie eine lange Lebensdauer auf.\" \/>\n<meta property=\"og:url\" content=\"https:\/\/www.christiegrey.com\/de\/produkt\/gummi-turm-lafetten\/\" \/>\n<meta property=\"article:publisher\" content=\"https:\/\/www.facebook.com\/christieandgreylimited\" \/>\n<meta property=\"article:modified_time\" content=\"2026-01-30T21:51:49+00:00\" \/>\n<meta property=\"og:image\" content=\"https:\/\/www.christiegrey.com\/wp-content\/uploads\/2025\/12\/turret_group.png\" \/>\n\t<meta property=\"og:image:width\" content=\"625\" \/>\n\t<meta property=\"og:image:height\" content=\"625\" \/>\n\t<meta property=\"og:image:type\" content=\"image\/png\" \/>\n<meta name=\"twitter:card\" content=\"summary_large_image\" \/>\n<meta name=\"twitter:site\" content=\"@christiegreyltd\" \/>\n<script type=\"application\/ld+json\" class=\"yoast-schema-graph\">{\"@context\":\"https:\/\/schema.org\",\"@graph\":[{\"@type\":\"WebPage\",\"@id\":\"https:\/\/www.christiegrey.com\/de\/produkt\/gummi-turm-lafetten\/\",\"url\":\"https:\/\/www.christiegrey.com\/de\/produkt\/gummi-turm-lafetten\/\",\"name\":\"RM-Gummi-Turmhalterungen zur Schwingungskontrolle\",\"isPartOf\":{\"@id\":\"https:\/\/www.christiegrey.com\/#website\"},\"primaryImageOfPage\":{\"@id\":\"https:\/\/www.christiegrey.com\/de\/produkt\/gummi-turm-lafetten\/#primaryimage\"},\"image\":{\"@id\":\"https:\/\/www.christiegrey.com\/de\/produkt\/gummi-turm-lafetten\/#primaryimage\"},\"thumbnailUrl\":\"https:\/\/www.christiegrey.com\/wp-content\/uploads\/2025\/12\/turret_group.png\",\"datePublished\":\"2025-12-25T13:51:10+00:00\",\"dateModified\":\"2026-01-30T21:51:49+00:00\",\"description\":\"RM-Gummiturmbefestigungen reduzieren mittel- bis hochfrequente Vibrationen und Ger\u00e4usche von motorgetriebenen Maschinen und bieten Langlebigkeit sowie eine lange Lebensdauer auf.\",\"breadcrumb\":{\"@id\":\"https:\/\/www.christiegrey.com\/de\/produkt\/gummi-turm-lafetten\/#breadcrumb\"},\"inLanguage\":\"de\",\"potentialAction\":[{\"@type\":\"ReadAction\",\"target\":[\"https:\/\/www.christiegrey.com\/de\/produkt\/gummi-turm-lafetten\/\"]}]},{\"@type\":\"ImageObject\",\"inLanguage\":\"de\",\"@id\":\"https:\/\/www.christiegrey.com\/de\/produkt\/gummi-turm-lafetten\/#primaryimage\",\"url\":\"https:\/\/www.christiegrey.com\/wp-content\/uploads\/2025\/12\/turret_group.png\",\"contentUrl\":\"https:\/\/www.christiegrey.com\/wp-content\/uploads\/2025\/12\/turret_group.png\",\"width\":625,\"height\":625,\"caption\":\"Rubber Turret Mountings\"},{\"@type\":\"BreadcrumbList\",\"@id\":\"https:\/\/www.christiegrey.com\/de\/produkt\/gummi-turm-lafetten\/#breadcrumb\",\"itemListElement\":[{\"@type\":\"ListItem\",\"position\":1,\"name\":\"Zuhause\",\"item\":\"https:\/\/www.christiegrey.com\/\"},{\"@type\":\"ListItem\",\"position\":2,\"name\":\"Unsere Produkte\",\"item\":\"https:\/\/www.christiegrey.com\/products\/\"},{\"@type\":\"ListItem\",\"position\":3,\"name\":\"Gummi-Turm-Lafetten\"}]},{\"@type\":\"WebSite\",\"@id\":\"https:\/\/www.christiegrey.com\/#website\",\"url\":\"https:\/\/www.christiegrey.com\/\",\"name\":\"Christie & Grey\",\"description\":\"\",\"publisher\":{\"@id\":\"https:\/\/www.christiegrey.com\/#organization\"},\"potentialAction\":[{\"@type\":\"SearchAction\",\"target\":{\"@type\":\"EntryPoint\",\"urlTemplate\":\"https:\/\/www.christiegrey.com\/?s={search_term_string}\"},\"query-input\":{\"@type\":\"PropertyValueSpecification\",\"valueRequired\":true,\"valueName\":\"search_term_string\"}}],\"inLanguage\":\"de\"},{\"@type\":\"Organization\",\"@id\":\"https:\/\/www.christiegrey.com\/#organization\",\"name\":\"Christie & Grey\",\"url\":\"https:\/\/www.christiegrey.com\/\",\"logo\":{\"@type\":\"ImageObject\",\"inLanguage\":\"de\",\"@id\":\"https:\/\/www.christiegrey.com\/#\/schema\/logo\/image\/\",\"url\":\"https:\/\/www.christiegrey.com\/wp-content\/uploads\/2026\/02\/cropped-logo-scaled-1.png\",\"contentUrl\":\"https:\/\/www.christiegrey.com\/wp-content\/uploads\/2026\/02\/cropped-logo-scaled-1.png\",\"width\":250,\"height\":90,\"caption\":\"Christie & Grey\"},\"image\":{\"@id\":\"https:\/\/www.christiegrey.com\/#\/schema\/logo\/image\/\"},\"sameAs\":[\"https:\/\/www.facebook.com\/christieandgreylimited\",\"https:\/\/x.com\/christiegreyltd\"]}]}<\/script>\n<!-- \/ Yoast SEO plugin. -->","yoast_head_json":{"title":"RM-Gummi-Turmhalterungen zur Schwingungskontrolle","description":"RM-Gummiturmbefestigungen reduzieren mittel- bis hochfrequente Vibrationen und Ger\u00e4usche von motorgetriebenen Maschinen und bieten Langlebigkeit sowie eine lange Lebensdauer auf.","robots":{"index":"index","follow":"follow","max-snippet":"max-snippet:-1","max-image-preview":"max-image-preview:large","max-video-preview":"max-video-preview:-1"},"canonical":"https:\/\/www.christiegrey.com\/de\/produkt\/gummi-turm-lafetten\/","og_locale":"de_DE","og_type":"article","og_title":"RM-Gummi-Turmhalterungen zur Schwingungskontrolle","og_description":"RM-Gummiturmbefestigungen reduzieren mittel- bis hochfrequente Vibrationen und Ger\u00e4usche von motorgetriebenen Maschinen und bieten Langlebigkeit sowie eine lange Lebensdauer auf.","og_url":"https:\/\/www.christiegrey.com\/de\/produkt\/gummi-turm-lafetten\/","article_publisher":"https:\/\/www.facebook.com\/christieandgreylimited","article_modified_time":"2026-01-30T21:51:49+00:00","og_image":[{"width":625,"height":625,"url":"https:\/\/www.christiegrey.com\/wp-content\/uploads\/2025\/12\/turret_group.png","type":"image\/png"}],"twitter_card":"summary_large_image","twitter_site":"@christiegreyltd","schema":{"@context":"https:\/\/schema.org","@graph":[{"@type":"WebPage","@id":"https:\/\/www.christiegrey.com\/de\/produkt\/gummi-turm-lafetten\/","url":"https:\/\/www.christiegrey.com\/de\/produkt\/gummi-turm-lafetten\/","name":"RM-Gummi-Turmhalterungen zur Schwingungskontrolle","isPartOf":{"@id":"https:\/\/www.christiegrey.com\/#website"},"primaryImageOfPage":{"@id":"https:\/\/www.christiegrey.com\/de\/produkt\/gummi-turm-lafetten\/#primaryimage"},"image":{"@id":"https:\/\/www.christiegrey.com\/de\/produkt\/gummi-turm-lafetten\/#primaryimage"},"thumbnailUrl":"https:\/\/www.christiegrey.com\/wp-content\/uploads\/2025\/12\/turret_group.png","datePublished":"2025-12-25T13:51:10+00:00","dateModified":"2026-01-30T21:51:49+00:00","description":"RM-Gummiturmbefestigungen reduzieren mittel- bis hochfrequente Vibrationen und Ger\u00e4usche von motorgetriebenen Maschinen und bieten Langlebigkeit sowie eine lange Lebensdauer auf.","breadcrumb":{"@id":"https:\/\/www.christiegrey.com\/de\/produkt\/gummi-turm-lafetten\/#breadcrumb"},"inLanguage":"de","potentialAction":[{"@type":"ReadAction","target":["https:\/\/www.christiegrey.com\/de\/produkt\/gummi-turm-lafetten\/"]}]},{"@type":"ImageObject","inLanguage":"de","@id":"https:\/\/www.christiegrey.com\/de\/produkt\/gummi-turm-lafetten\/#primaryimage","url":"https:\/\/www.christiegrey.com\/wp-content\/uploads\/2025\/12\/turret_group.png","contentUrl":"https:\/\/www.christiegrey.com\/wp-content\/uploads\/2025\/12\/turret_group.png","width":625,"height":625,"caption":"Rubber Turret Mountings"},{"@type":"BreadcrumbList","@id":"https:\/\/www.christiegrey.com\/de\/produkt\/gummi-turm-lafetten\/#breadcrumb","itemListElement":[{"@type":"ListItem","position":1,"name":"Zuhause","item":"https:\/\/www.christiegrey.com\/"},{"@type":"ListItem","position":2,"name":"Unsere Produkte","item":"https:\/\/www.christiegrey.com\/products\/"},{"@type":"ListItem","position":3,"name":"Gummi-Turm-Lafetten"}]},{"@type":"WebSite","@id":"https:\/\/www.christiegrey.com\/#website","url":"https:\/\/www.christiegrey.com\/","name":"Christie & Grey","description":"","publisher":{"@id":"https:\/\/www.christiegrey.com\/#organization"},"potentialAction":[{"@type":"SearchAction","target":{"@type":"EntryPoint","urlTemplate":"https:\/\/www.christiegrey.com\/?s={search_term_string}"},"query-input":{"@type":"PropertyValueSpecification","valueRequired":true,"valueName":"search_term_string"}}],"inLanguage":"de"},{"@type":"Organization","@id":"https:\/\/www.christiegrey.com\/#organization","name":"Christie & Grey","url":"https:\/\/www.christiegrey.com\/","logo":{"@type":"ImageObject","inLanguage":"de","@id":"https:\/\/www.christiegrey.com\/#\/schema\/logo\/image\/","url":"https:\/\/www.christiegrey.com\/wp-content\/uploads\/2026\/02\/cropped-logo-scaled-1.png","contentUrl":"https:\/\/www.christiegrey.com\/wp-content\/uploads\/2026\/02\/cropped-logo-scaled-1.png","width":250,"height":90,"caption":"Christie & Grey"},"image":{"@id":"https:\/\/www.christiegrey.com\/#\/schema\/logo\/image\/"},"sameAs":["https:\/\/www.facebook.com\/christieandgreylimited","https:\/\/x.com\/christiegreyltd"]}]}},"_links":{"self":[{"href":"https:\/\/www.christiegrey.com\/de\/wp-json\/wp\/v2\/product\/4287","targetHints":{"allow":["GET"]}}],"collection":[{"href":"https:\/\/www.christiegrey.com\/de\/wp-json\/wp\/v2\/product"}],"about":[{"href":"https:\/\/www.christiegrey.com\/de\/wp-json\/wp\/v2\/types\/product"}],"replies":[{"embeddable":true,"href":"https:\/\/www.christiegrey.com\/de\/wp-json\/wp\/v2\/comments?post=4287"}],"wp:featuredmedia":[{"embeddable":true,"href":"https:\/\/www.christiegrey.com\/de\/wp-json\/wp\/v2\/media\/1038"}],"wp:attachment":[{"href":"https:\/\/www.christiegrey.com\/de\/wp-json\/wp\/v2\/media?parent=4287"}],"wp:term":[{"taxonomy":"product_brand","embeddable":true,"href":"https:\/\/www.christiegrey.com\/de\/wp-json\/wp\/v2\/product_brand?post=4287"},{"taxonomy":"product_cat","embeddable":true,"href":"https:\/\/www.christiegrey.com\/de\/wp-json\/wp\/v2\/product_cat?post=4287"},{"taxonomy":"product_tag","embeddable":true,"href":"https:\/\/www.christiegrey.com\/de\/wp-json\/wp\/v2\/product_tag?post=4287"}],"curies":[{"name":"wp","href":"https:\/\/api.w.org\/{rel}","templated":true}]}}