{"id":4277,"date":"2025-12-25T13:46:48","date_gmt":"2025-12-25T13:46:48","guid":{"rendered":"https:\/\/www.christiegrey.com\/product\/offene-federmontagen\/"},"modified":"2026-01-30T21:51:37","modified_gmt":"2026-01-30T21:51:37","slug":"offene-federmontagen","status":"publish","type":"product","link":"https:\/\/www.christiegrey.com\/de\/produkt\/offene-federmontagen\/","title":{"rendered":"Offene Federmontagen"},"content":{"rendered":"<p>Urspr\u00fcnglich f\u00fcr den Einsatz mit IPF-Tr\u00e4gheitsgussrahmen des Typs IPF entwickelt, werden die OS-Montagen heute weit verbreitet eingesetzt, um Schwingungen von jeder erdenklichen Art von rotierender und hin- und hersinkender Maschine zu isolieren. Wo eine Steuerung der transienten Bewegung erforderlich ist, k\u00f6nnen offene Federhalterungen zusammen mit unseren viskosen D\u00e4mpfern Typ MD\/3 verwendet werden. <\/p>\n<p>F\u00fcr Anwendungen, die ein Festanschrauben erfordern, sorgen das Gummi-Sitzkissen und die \u00d6sen daf\u00fcr, dass kein direkter Metallweg zwischen Maschine und Sitz besteht, was die Hochfrequenz-Ger\u00e4uschd\u00e4mmung verbessert.<\/p>\n","protected":false},"excerpt":{"rendered":"<p>Typ OSB, OSS und OS<\/p>\n","protected":false},"featured_media":1036,"comment_status":"open","ping_status":"closed","template":"","meta":{"_acf_changed":false},"product_brand":[],"product_cat":[121,124,134,122],"product_tag":[],"class_list":{"0":"post-4277","1":"product","2":"type-product","3":"status-publish","4":"has-post-thumbnail","6":"product_cat-industrielle-losungen","7":"product_cat-pumpen-kompressoren-und-kuhler","8":"product_cat-stromerzeugung","9":"product_cat-ventilatoren-und-luftbehandlungseinheiten","11":"first","12":"instock","13":"shipping-taxable","14":"purchasable","15":"product-type-simple"},"acf":[],"yoast_head":"<!-- This site is optimized with the Yoast SEO plugin v27.3 - https:\/\/yoast.com\/product\/yoast-seo-wordpress\/ -->\n<title>Offene Federhalterungen f\u00fcr Schwingungs- und Schalld\u00e4mmung<\/title>\n<meta name=\"description\" content=\"Offene Federmontagen sind darauf ausgelegt, Vibrationen von rotierenden und hin- und hersinkenden Maschinen zu isolieren. Ideal f\u00fcr transiente Bewegungssteuerung bei hohem Rauschen\" \/>\n<meta name=\"robots\" content=\"index, follow, max-snippet:-1, max-image-preview:large, max-video-preview:-1\" \/>\n<link rel=\"canonical\" href=\"https:\/\/www.christiegrey.com\/de\/produkt\/offene-federmontagen\/\" \/>\n<meta property=\"og:locale\" content=\"de_DE\" \/>\n<meta property=\"og:type\" content=\"article\" \/>\n<meta property=\"og:title\" content=\"Offene Federhalterungen f\u00fcr Schwingungs- und Schalld\u00e4mmung\" \/>\n<meta property=\"og:description\" content=\"Offene Federmontagen sind darauf ausgelegt, Vibrationen von rotierenden und hin- und hersinkenden Maschinen zu isolieren. Ideal f\u00fcr transiente Bewegungssteuerung bei hohem Rauschen\" \/>\n<meta property=\"og:url\" content=\"https:\/\/www.christiegrey.com\/de\/produkt\/offene-federmontagen\/\" \/>\n<meta property=\"article:publisher\" content=\"https:\/\/www.facebook.com\/christieandgreylimited\" \/>\n<meta property=\"article:modified_time\" content=\"2026-01-30T21:51:37+00:00\" \/>\n<meta property=\"og:image\" content=\"https:\/\/www.christiegrey.com\/wp-content\/uploads\/2025\/12\/os_group_small_365_365.jpg\" \/>\n\t<meta property=\"og:image:width\" content=\"365\" \/>\n\t<meta property=\"og:image:height\" content=\"365\" \/>\n\t<meta property=\"og:image:type\" content=\"image\/jpeg\" \/>\n<meta name=\"twitter:card\" content=\"summary_large_image\" \/>\n<meta name=\"twitter:site\" content=\"@christiegreyltd\" \/>\n<script type=\"application\/ld+json\" class=\"yoast-schema-graph\">{\"@context\":\"https:\\\/\\\/schema.org\",\"@graph\":[{\"@type\":\"WebPage\",\"@id\":\"https:\\\/\\\/www.christiegrey.com\\\/de\\\/produkt\\\/offene-federmontagen\\\/\",\"url\":\"https:\\\/\\\/www.christiegrey.com\\\/de\\\/produkt\\\/offene-federmontagen\\\/\",\"name\":\"Offene Federhalterungen f\u00fcr Schwingungs- und Schalld\u00e4mmung\",\"isPartOf\":{\"@id\":\"https:\\\/\\\/www.christiegrey.com\\\/#website\"},\"primaryImageOfPage\":{\"@id\":\"https:\\\/\\\/www.christiegrey.com\\\/de\\\/produkt\\\/offene-federmontagen\\\/#primaryimage\"},\"image\":{\"@id\":\"https:\\\/\\\/www.christiegrey.com\\\/de\\\/produkt\\\/offene-federmontagen\\\/#primaryimage\"},\"thumbnailUrl\":\"https:\\\/\\\/www.christiegrey.com\\\/wp-content\\\/uploads\\\/2025\\\/12\\\/os_group_small_365_365.jpg\",\"datePublished\":\"2025-12-25T13:46:48+00:00\",\"dateModified\":\"2026-01-30T21:51:37+00:00\",\"description\":\"Offene Federmontagen sind darauf ausgelegt, Vibrationen von rotierenden und hin- und hersinkenden Maschinen zu isolieren. Ideal f\u00fcr transiente Bewegungssteuerung bei hohem Rauschen\",\"breadcrumb\":{\"@id\":\"https:\\\/\\\/www.christiegrey.com\\\/de\\\/produkt\\\/offene-federmontagen\\\/#breadcrumb\"},\"inLanguage\":\"de\",\"potentialAction\":[{\"@type\":\"ReadAction\",\"target\":[\"https:\\\/\\\/www.christiegrey.com\\\/de\\\/produkt\\\/offene-federmontagen\\\/\"]}]},{\"@type\":\"ImageObject\",\"inLanguage\":\"de\",\"@id\":\"https:\\\/\\\/www.christiegrey.com\\\/de\\\/produkt\\\/offene-federmontagen\\\/#primaryimage\",\"url\":\"https:\\\/\\\/www.christiegrey.com\\\/wp-content\\\/uploads\\\/2025\\\/12\\\/os_group_small_365_365.jpg\",\"contentUrl\":\"https:\\\/\\\/www.christiegrey.com\\\/wp-content\\\/uploads\\\/2025\\\/12\\\/os_group_small_365_365.jpg\",\"width\":365,\"height\":365,\"caption\":\"Open Spring Mountings\"},{\"@type\":\"BreadcrumbList\",\"@id\":\"https:\\\/\\\/www.christiegrey.com\\\/de\\\/produkt\\\/offene-federmontagen\\\/#breadcrumb\",\"itemListElement\":[{\"@type\":\"ListItem\",\"position\":1,\"name\":\"Zuhause\",\"item\":\"https:\\\/\\\/www.christiegrey.com\\\/\"},{\"@type\":\"ListItem\",\"position\":2,\"name\":\"Unsere Produkte\",\"item\":\"https:\\\/\\\/www.christiegrey.com\\\/products\\\/\"},{\"@type\":\"ListItem\",\"position\":3,\"name\":\"Offene Federmontagen\"}]},{\"@type\":\"WebSite\",\"@id\":\"https:\\\/\\\/www.christiegrey.com\\\/#website\",\"url\":\"https:\\\/\\\/www.christiegrey.com\\\/\",\"name\":\"Christie & Grey\",\"description\":\"\",\"publisher\":{\"@id\":\"https:\\\/\\\/www.christiegrey.com\\\/#organization\"},\"potentialAction\":[{\"@type\":\"SearchAction\",\"target\":{\"@type\":\"EntryPoint\",\"urlTemplate\":\"https:\\\/\\\/www.christiegrey.com\\\/?s={search_term_string}\"},\"query-input\":{\"@type\":\"PropertyValueSpecification\",\"valueRequired\":true,\"valueName\":\"search_term_string\"}}],\"inLanguage\":\"de\"},{\"@type\":\"Organization\",\"@id\":\"https:\\\/\\\/www.christiegrey.com\\\/#organization\",\"name\":\"Christie & Grey\",\"url\":\"https:\\\/\\\/www.christiegrey.com\\\/\",\"logo\":{\"@type\":\"ImageObject\",\"inLanguage\":\"de\",\"@id\":\"https:\\\/\\\/www.christiegrey.com\\\/#\\\/schema\\\/logo\\\/image\\\/\",\"url\":\"https:\\\/\\\/www.christiegrey.com\\\/wp-content\\\/uploads\\\/2026\\\/02\\\/cropped-logo-scaled-1.png\",\"contentUrl\":\"https:\\\/\\\/www.christiegrey.com\\\/wp-content\\\/uploads\\\/2026\\\/02\\\/cropped-logo-scaled-1.png\",\"width\":250,\"height\":90,\"caption\":\"Christie & Grey\"},\"image\":{\"@id\":\"https:\\\/\\\/www.christiegrey.com\\\/#\\\/schema\\\/logo\\\/image\\\/\"},\"sameAs\":[\"https:\\\/\\\/www.facebook.com\\\/christieandgreylimited\",\"https:\\\/\\\/x.com\\\/christiegreyltd\"]}]}<\/script>\n<!-- \/ Yoast SEO plugin. -->","yoast_head_json":{"title":"Offene Federhalterungen f\u00fcr Schwingungs- und Schalld\u00e4mmung","description":"Offene Federmontagen sind darauf ausgelegt, Vibrationen von rotierenden und hin- und hersinkenden Maschinen zu isolieren. Ideal f\u00fcr transiente Bewegungssteuerung bei hohem Rauschen","robots":{"index":"index","follow":"follow","max-snippet":"max-snippet:-1","max-image-preview":"max-image-preview:large","max-video-preview":"max-video-preview:-1"},"canonical":"https:\/\/www.christiegrey.com\/de\/produkt\/offene-federmontagen\/","og_locale":"de_DE","og_type":"article","og_title":"Offene Federhalterungen f\u00fcr Schwingungs- und Schalld\u00e4mmung","og_description":"Offene Federmontagen sind darauf ausgelegt, Vibrationen von rotierenden und hin- und hersinkenden Maschinen zu isolieren. Ideal f\u00fcr transiente Bewegungssteuerung bei hohem Rauschen","og_url":"https:\/\/www.christiegrey.com\/de\/produkt\/offene-federmontagen\/","article_publisher":"https:\/\/www.facebook.com\/christieandgreylimited","article_modified_time":"2026-01-30T21:51:37+00:00","og_image":[{"width":365,"height":365,"url":"https:\/\/www.christiegrey.com\/wp-content\/uploads\/2025\/12\/os_group_small_365_365.jpg","type":"image\/jpeg"}],"twitter_card":"summary_large_image","twitter_site":"@christiegreyltd","schema":{"@context":"https:\/\/schema.org","@graph":[{"@type":"WebPage","@id":"https:\/\/www.christiegrey.com\/de\/produkt\/offene-federmontagen\/","url":"https:\/\/www.christiegrey.com\/de\/produkt\/offene-federmontagen\/","name":"Offene Federhalterungen f\u00fcr Schwingungs- und Schalld\u00e4mmung","isPartOf":{"@id":"https:\/\/www.christiegrey.com\/#website"},"primaryImageOfPage":{"@id":"https:\/\/www.christiegrey.com\/de\/produkt\/offene-federmontagen\/#primaryimage"},"image":{"@id":"https:\/\/www.christiegrey.com\/de\/produkt\/offene-federmontagen\/#primaryimage"},"thumbnailUrl":"https:\/\/www.christiegrey.com\/wp-content\/uploads\/2025\/12\/os_group_small_365_365.jpg","datePublished":"2025-12-25T13:46:48+00:00","dateModified":"2026-01-30T21:51:37+00:00","description":"Offene Federmontagen sind darauf ausgelegt, Vibrationen von rotierenden und hin- und hersinkenden Maschinen zu isolieren. Ideal f\u00fcr transiente Bewegungssteuerung bei hohem Rauschen","breadcrumb":{"@id":"https:\/\/www.christiegrey.com\/de\/produkt\/offene-federmontagen\/#breadcrumb"},"inLanguage":"de","potentialAction":[{"@type":"ReadAction","target":["https:\/\/www.christiegrey.com\/de\/produkt\/offene-federmontagen\/"]}]},{"@type":"ImageObject","inLanguage":"de","@id":"https:\/\/www.christiegrey.com\/de\/produkt\/offene-federmontagen\/#primaryimage","url":"https:\/\/www.christiegrey.com\/wp-content\/uploads\/2025\/12\/os_group_small_365_365.jpg","contentUrl":"https:\/\/www.christiegrey.com\/wp-content\/uploads\/2025\/12\/os_group_small_365_365.jpg","width":365,"height":365,"caption":"Open Spring Mountings"},{"@type":"BreadcrumbList","@id":"https:\/\/www.christiegrey.com\/de\/produkt\/offene-federmontagen\/#breadcrumb","itemListElement":[{"@type":"ListItem","position":1,"name":"Zuhause","item":"https:\/\/www.christiegrey.com\/"},{"@type":"ListItem","position":2,"name":"Unsere Produkte","item":"https:\/\/www.christiegrey.com\/products\/"},{"@type":"ListItem","position":3,"name":"Offene Federmontagen"}]},{"@type":"WebSite","@id":"https:\/\/www.christiegrey.com\/#website","url":"https:\/\/www.christiegrey.com\/","name":"Christie & Grey","description":"","publisher":{"@id":"https:\/\/www.christiegrey.com\/#organization"},"potentialAction":[{"@type":"SearchAction","target":{"@type":"EntryPoint","urlTemplate":"https:\/\/www.christiegrey.com\/?s={search_term_string}"},"query-input":{"@type":"PropertyValueSpecification","valueRequired":true,"valueName":"search_term_string"}}],"inLanguage":"de"},{"@type":"Organization","@id":"https:\/\/www.christiegrey.com\/#organization","name":"Christie & Grey","url":"https:\/\/www.christiegrey.com\/","logo":{"@type":"ImageObject","inLanguage":"de","@id":"https:\/\/www.christiegrey.com\/#\/schema\/logo\/image\/","url":"https:\/\/www.christiegrey.com\/wp-content\/uploads\/2026\/02\/cropped-logo-scaled-1.png","contentUrl":"https:\/\/www.christiegrey.com\/wp-content\/uploads\/2026\/02\/cropped-logo-scaled-1.png","width":250,"height":90,"caption":"Christie & Grey"},"image":{"@id":"https:\/\/www.christiegrey.com\/#\/schema\/logo\/image\/"},"sameAs":["https:\/\/www.facebook.com\/christieandgreylimited","https:\/\/x.com\/christiegreyltd"]}]}},"_links":{"self":[{"href":"https:\/\/www.christiegrey.com\/de\/wp-json\/wp\/v2\/product\/4277","targetHints":{"allow":["GET"]}}],"collection":[{"href":"https:\/\/www.christiegrey.com\/de\/wp-json\/wp\/v2\/product"}],"about":[{"href":"https:\/\/www.christiegrey.com\/de\/wp-json\/wp\/v2\/types\/product"}],"replies":[{"embeddable":true,"href":"https:\/\/www.christiegrey.com\/de\/wp-json\/wp\/v2\/comments?post=4277"}],"wp:featuredmedia":[{"embeddable":true,"href":"https:\/\/www.christiegrey.com\/de\/wp-json\/wp\/v2\/media\/1036"}],"wp:attachment":[{"href":"https:\/\/www.christiegrey.com\/de\/wp-json\/wp\/v2\/media?parent=4277"}],"wp:term":[{"taxonomy":"product_brand","embeddable":true,"href":"https:\/\/www.christiegrey.com\/de\/wp-json\/wp\/v2\/product_brand?post=4277"},{"taxonomy":"product_cat","embeddable":true,"href":"https:\/\/www.christiegrey.com\/de\/wp-json\/wp\/v2\/product_cat?post=4277"},{"taxonomy":"product_tag","embeddable":true,"href":"https:\/\/www.christiegrey.com\/de\/wp-json\/wp\/v2\/product_tag?post=4277"}],"curies":[{"name":"wp","href":"https:\/\/api.w.org\/{rel}","templated":true}]}}