{"id":4265,"date":"2025-12-25T14:04:33","date_gmt":"2025-12-25T14:04:33","guid":{"rendered":"https:\/\/www.christiegrey.com\/product\/kleine-gummihalterung\/"},"modified":"2025-12-25T14:04:33","modified_gmt":"2025-12-25T14:04:33","slug":"kleine-gummihalterung","status":"publish","type":"product","link":"https:\/\/www.christiegrey.com\/de\/produkt\/kleine-gummihalterung\/","title":{"rendered":"Kleine Gummihalterung"},"content":{"rendered":"<p>SRM-Halterungen sind f\u00fcr leichte Anwendungen konzipiert, die bei mittleren bis niedrigen Frequenzen dennoch einen hohen Grad an Schwingung und Rauschd\u00e4mpfung erfordern.<\/p>\n<p>Hochwiderstandsf\u00e4higer Gummi mit geringem dynamischen zu statischen Steifigkeitsverh\u00e4ltnis gew\u00e4hrleistet maximale Effizienz, gute Kriechleistung und eine lange Lebensdauer des Widerstands.<\/p>\n<p>Diese Halterungen haben ein sehr niedriges Profil, das f\u00fcr Anwendungen mit eingeschr\u00e4nkter H\u00f6he geeignet ist.<\/p>\n<p>Auch geeignet f\u00fcr die Schockisolation. Zum Beispiel zum Schutz von Instrumenten, Messger\u00e4ten, Waagen und anderer sensibler Ausr\u00fcstung. <\/p>\n","protected":false},"excerpt":{"rendered":"<p>Typ SRM<\/p>\n","protected":false},"featured_media":1046,"comment_status":"open","ping_status":"closed","template":"","meta":{"_acf_changed":false},"product_brand":[],"product_cat":[121,124,122],"product_tag":[],"class_list":{"0":"post-4265","1":"product","2":"type-product","3":"status-publish","4":"has-post-thumbnail","6":"product_cat-industrielle-losungen","7":"product_cat-pumpen-kompressoren-und-kuhler","8":"product_cat-ventilatoren-und-luftbehandlungseinheiten","10":"first","11":"instock","12":"shipping-taxable","13":"purchasable","14":"product-type-simple"},"acf":[],"yoast_head":"<!-- This site is optimized with the Yoast SEO plugin v27.0 - https:\/\/yoast.com\/product\/yoast-seo-wordpress\/ -->\n<title>Kleine Gummihalterungen (SRM) zur Schwingungskontrolle<\/title>\n<meta name=\"description\" content=\"Christie &amp; Grey SRM Small Rubber Halterungen bieten eine effektive Vibrations-, L\u00e4rm- und Sto\u00dfd\u00e4mpfung mittlerer bis niedriger Frequenz f\u00fcr leichte Eins\u00e4tze.\" \/>\n<meta name=\"robots\" content=\"index, follow, max-snippet:-1, max-image-preview:large, max-video-preview:-1\" \/>\n<link rel=\"canonical\" href=\"https:\/\/www.christiegrey.com\/de\/produkt\/kleine-gummihalterung\/\" \/>\n<meta property=\"og:locale\" content=\"de_DE\" \/>\n<meta property=\"og:type\" content=\"article\" \/>\n<meta property=\"og:title\" content=\"Kleine Gummihalterungen (SRM) zur Schwingungskontrolle\" \/>\n<meta property=\"og:description\" content=\"Christie &amp; Grey SRM Small Rubber Halterungen bieten eine effektive Vibrations-, L\u00e4rm- und Sto\u00dfd\u00e4mpfung mittlerer bis niedriger Frequenz f\u00fcr leichte Eins\u00e4tze.\" \/>\n<meta property=\"og:url\" content=\"https:\/\/www.christiegrey.com\/de\/produkt\/kleine-gummihalterung\/\" \/>\n<meta property=\"article:publisher\" content=\"https:\/\/www.facebook.com\/christieandgreylimited\" \/>\n<meta property=\"og:image\" content=\"https:\/\/www.christiegrey.com\/wp-content\/uploads\/2025\/12\/swerub_365_365.jpg\" \/>\n\t<meta property=\"og:image:width\" content=\"365\" \/>\n\t<meta property=\"og:image:height\" content=\"365\" \/>\n\t<meta property=\"og:image:type\" content=\"image\/jpeg\" \/>\n<meta name=\"twitter:card\" content=\"summary_large_image\" \/>\n<meta name=\"twitter:site\" content=\"@christiegreyltd\" \/>\n<script type=\"application\/ld+json\" class=\"yoast-schema-graph\">{\"@context\":\"https:\/\/schema.org\",\"@graph\":[{\"@type\":\"WebPage\",\"@id\":\"https:\/\/www.christiegrey.com\/de\/produkt\/kleine-gummihalterung\/\",\"url\":\"https:\/\/www.christiegrey.com\/de\/produkt\/kleine-gummihalterung\/\",\"name\":\"Kleine Gummihalterungen (SRM) zur Schwingungskontrolle\",\"isPartOf\":{\"@id\":\"https:\/\/www.christiegrey.com\/#website\"},\"primaryImageOfPage\":{\"@id\":\"https:\/\/www.christiegrey.com\/de\/produkt\/kleine-gummihalterung\/#primaryimage\"},\"image\":{\"@id\":\"https:\/\/www.christiegrey.com\/de\/produkt\/kleine-gummihalterung\/#primaryimage\"},\"thumbnailUrl\":\"https:\/\/www.christiegrey.com\/wp-content\/uploads\/2025\/12\/swerub_365_365.jpg\",\"datePublished\":\"2025-12-25T14:04:33+00:00\",\"description\":\"Christie & Grey SRM Small Rubber Halterungen bieten eine effektive Vibrations-, L\u00e4rm- und Sto\u00dfd\u00e4mpfung mittlerer bis niedriger Frequenz f\u00fcr leichte Eins\u00e4tze.\",\"breadcrumb\":{\"@id\":\"https:\/\/www.christiegrey.com\/de\/produkt\/kleine-gummihalterung\/#breadcrumb\"},\"inLanguage\":\"de\",\"potentialAction\":[{\"@type\":\"ReadAction\",\"target\":[\"https:\/\/www.christiegrey.com\/de\/produkt\/kleine-gummihalterung\/\"]}]},{\"@type\":\"ImageObject\",\"inLanguage\":\"de\",\"@id\":\"https:\/\/www.christiegrey.com\/de\/produkt\/kleine-gummihalterung\/#primaryimage\",\"url\":\"https:\/\/www.christiegrey.com\/wp-content\/uploads\/2025\/12\/swerub_365_365.jpg\",\"contentUrl\":\"https:\/\/www.christiegrey.com\/wp-content\/uploads\/2025\/12\/swerub_365_365.jpg\",\"width\":365,\"height\":365,\"caption\":\"SRM small rubber mounting\"},{\"@type\":\"BreadcrumbList\",\"@id\":\"https:\/\/www.christiegrey.com\/de\/produkt\/kleine-gummihalterung\/#breadcrumb\",\"itemListElement\":[{\"@type\":\"ListItem\",\"position\":1,\"name\":\"Zuhause\",\"item\":\"https:\/\/www.christiegrey.com\/\"},{\"@type\":\"ListItem\",\"position\":2,\"name\":\"Unsere Produkte\",\"item\":\"https:\/\/www.christiegrey.com\/products\/\"},{\"@type\":\"ListItem\",\"position\":3,\"name\":\"Kleine Gummihalterung\"}]},{\"@type\":\"WebSite\",\"@id\":\"https:\/\/www.christiegrey.com\/#website\",\"url\":\"https:\/\/www.christiegrey.com\/\",\"name\":\"Christie & Grey\",\"description\":\"\",\"publisher\":{\"@id\":\"https:\/\/www.christiegrey.com\/#organization\"},\"potentialAction\":[{\"@type\":\"SearchAction\",\"target\":{\"@type\":\"EntryPoint\",\"urlTemplate\":\"https:\/\/www.christiegrey.com\/?s={search_term_string}\"},\"query-input\":{\"@type\":\"PropertyValueSpecification\",\"valueRequired\":true,\"valueName\":\"search_term_string\"}}],\"inLanguage\":\"de\"},{\"@type\":\"Organization\",\"@id\":\"https:\/\/www.christiegrey.com\/#organization\",\"name\":\"Christie & Grey\",\"url\":\"https:\/\/www.christiegrey.com\/\",\"logo\":{\"@type\":\"ImageObject\",\"inLanguage\":\"de\",\"@id\":\"https:\/\/www.christiegrey.com\/#\/schema\/logo\/image\/\",\"url\":\"https:\/\/www.christiegrey.com\/wp-content\/uploads\/2026\/02\/cropped-logo-scaled-1.png\",\"contentUrl\":\"https:\/\/www.christiegrey.com\/wp-content\/uploads\/2026\/02\/cropped-logo-scaled-1.png\",\"width\":250,\"height\":90,\"caption\":\"Christie & Grey\"},\"image\":{\"@id\":\"https:\/\/www.christiegrey.com\/#\/schema\/logo\/image\/\"},\"sameAs\":[\"https:\/\/www.facebook.com\/christieandgreylimited\",\"https:\/\/x.com\/christiegreyltd\"]}]}<\/script>\n<!-- \/ Yoast SEO plugin. -->","yoast_head_json":{"title":"Kleine Gummihalterungen (SRM) zur Schwingungskontrolle","description":"Christie & Grey SRM Small Rubber Halterungen bieten eine effektive Vibrations-, L\u00e4rm- und Sto\u00dfd\u00e4mpfung mittlerer bis niedriger Frequenz f\u00fcr leichte Eins\u00e4tze.","robots":{"index":"index","follow":"follow","max-snippet":"max-snippet:-1","max-image-preview":"max-image-preview:large","max-video-preview":"max-video-preview:-1"},"canonical":"https:\/\/www.christiegrey.com\/de\/produkt\/kleine-gummihalterung\/","og_locale":"de_DE","og_type":"article","og_title":"Kleine Gummihalterungen (SRM) zur Schwingungskontrolle","og_description":"Christie & Grey SRM Small Rubber Halterungen bieten eine effektive Vibrations-, L\u00e4rm- und Sto\u00dfd\u00e4mpfung mittlerer bis niedriger Frequenz f\u00fcr leichte Eins\u00e4tze.","og_url":"https:\/\/www.christiegrey.com\/de\/produkt\/kleine-gummihalterung\/","article_publisher":"https:\/\/www.facebook.com\/christieandgreylimited","og_image":[{"width":365,"height":365,"url":"https:\/\/www.christiegrey.com\/wp-content\/uploads\/2025\/12\/swerub_365_365.jpg","type":"image\/jpeg"}],"twitter_card":"summary_large_image","twitter_site":"@christiegreyltd","schema":{"@context":"https:\/\/schema.org","@graph":[{"@type":"WebPage","@id":"https:\/\/www.christiegrey.com\/de\/produkt\/kleine-gummihalterung\/","url":"https:\/\/www.christiegrey.com\/de\/produkt\/kleine-gummihalterung\/","name":"Kleine Gummihalterungen (SRM) zur Schwingungskontrolle","isPartOf":{"@id":"https:\/\/www.christiegrey.com\/#website"},"primaryImageOfPage":{"@id":"https:\/\/www.christiegrey.com\/de\/produkt\/kleine-gummihalterung\/#primaryimage"},"image":{"@id":"https:\/\/www.christiegrey.com\/de\/produkt\/kleine-gummihalterung\/#primaryimage"},"thumbnailUrl":"https:\/\/www.christiegrey.com\/wp-content\/uploads\/2025\/12\/swerub_365_365.jpg","datePublished":"2025-12-25T14:04:33+00:00","description":"Christie & Grey SRM Small Rubber Halterungen bieten eine effektive Vibrations-, L\u00e4rm- und Sto\u00dfd\u00e4mpfung mittlerer bis niedriger Frequenz f\u00fcr leichte Eins\u00e4tze.","breadcrumb":{"@id":"https:\/\/www.christiegrey.com\/de\/produkt\/kleine-gummihalterung\/#breadcrumb"},"inLanguage":"de","potentialAction":[{"@type":"ReadAction","target":["https:\/\/www.christiegrey.com\/de\/produkt\/kleine-gummihalterung\/"]}]},{"@type":"ImageObject","inLanguage":"de","@id":"https:\/\/www.christiegrey.com\/de\/produkt\/kleine-gummihalterung\/#primaryimage","url":"https:\/\/www.christiegrey.com\/wp-content\/uploads\/2025\/12\/swerub_365_365.jpg","contentUrl":"https:\/\/www.christiegrey.com\/wp-content\/uploads\/2025\/12\/swerub_365_365.jpg","width":365,"height":365,"caption":"SRM small rubber mounting"},{"@type":"BreadcrumbList","@id":"https:\/\/www.christiegrey.com\/de\/produkt\/kleine-gummihalterung\/#breadcrumb","itemListElement":[{"@type":"ListItem","position":1,"name":"Zuhause","item":"https:\/\/www.christiegrey.com\/"},{"@type":"ListItem","position":2,"name":"Unsere Produkte","item":"https:\/\/www.christiegrey.com\/products\/"},{"@type":"ListItem","position":3,"name":"Kleine Gummihalterung"}]},{"@type":"WebSite","@id":"https:\/\/www.christiegrey.com\/#website","url":"https:\/\/www.christiegrey.com\/","name":"Christie & Grey","description":"","publisher":{"@id":"https:\/\/www.christiegrey.com\/#organization"},"potentialAction":[{"@type":"SearchAction","target":{"@type":"EntryPoint","urlTemplate":"https:\/\/www.christiegrey.com\/?s={search_term_string}"},"query-input":{"@type":"PropertyValueSpecification","valueRequired":true,"valueName":"search_term_string"}}],"inLanguage":"de"},{"@type":"Organization","@id":"https:\/\/www.christiegrey.com\/#organization","name":"Christie & Grey","url":"https:\/\/www.christiegrey.com\/","logo":{"@type":"ImageObject","inLanguage":"de","@id":"https:\/\/www.christiegrey.com\/#\/schema\/logo\/image\/","url":"https:\/\/www.christiegrey.com\/wp-content\/uploads\/2026\/02\/cropped-logo-scaled-1.png","contentUrl":"https:\/\/www.christiegrey.com\/wp-content\/uploads\/2026\/02\/cropped-logo-scaled-1.png","width":250,"height":90,"caption":"Christie & Grey"},"image":{"@id":"https:\/\/www.christiegrey.com\/#\/schema\/logo\/image\/"},"sameAs":["https:\/\/www.facebook.com\/christieandgreylimited","https:\/\/x.com\/christiegreyltd"]}]}},"_links":{"self":[{"href":"https:\/\/www.christiegrey.com\/de\/wp-json\/wp\/v2\/product\/4265","targetHints":{"allow":["GET"]}}],"collection":[{"href":"https:\/\/www.christiegrey.com\/de\/wp-json\/wp\/v2\/product"}],"about":[{"href":"https:\/\/www.christiegrey.com\/de\/wp-json\/wp\/v2\/types\/product"}],"replies":[{"embeddable":true,"href":"https:\/\/www.christiegrey.com\/de\/wp-json\/wp\/v2\/comments?post=4265"}],"wp:featuredmedia":[{"embeddable":true,"href":"https:\/\/www.christiegrey.com\/de\/wp-json\/wp\/v2\/media\/1046"}],"wp:attachment":[{"href":"https:\/\/www.christiegrey.com\/de\/wp-json\/wp\/v2\/media?parent=4265"}],"wp:term":[{"taxonomy":"product_brand","embeddable":true,"href":"https:\/\/www.christiegrey.com\/de\/wp-json\/wp\/v2\/product_brand?post=4265"},{"taxonomy":"product_cat","embeddable":true,"href":"https:\/\/www.christiegrey.com\/de\/wp-json\/wp\/v2\/product_cat?post=4265"},{"taxonomy":"product_tag","embeddable":true,"href":"https:\/\/www.christiegrey.com\/de\/wp-json\/wp\/v2\/product_tag?post=4265"}],"curies":[{"name":"wp","href":"https:\/\/api.w.org\/{rel}","templated":true}]}}