{"id":4231,"date":"2025-12-25T14:11:34","date_gmt":"2025-12-25T14:11:34","guid":{"rendered":"https:\/\/www.christiegrey.com\/product\/akustischer-schwimmboden-bolzenschienensystem\/"},"modified":"2025-12-25T14:11:34","modified_gmt":"2025-12-25T14:11:34","slug":"akustischer-schwimmboden-bolzenschienensystem","status":"publish","type":"product","link":"https:\/\/www.christiegrey.com\/de\/produkt\/akustischer-schwimmboden-bolzenschienensystem\/","title":{"rendered":"Akustischer Schwimmboden \u2013 Bolzenschienensystem"},"content":{"rendered":"<p>Das Prinzip, zwei getrennte Massen zu unterst\u00fctzen, um die Standardleistung des akustischen Massengesetzes signifikant zu verbessern, ist gut verstanden.<\/p>\n<p>Der Begriff &#8222;Schwimmender Boden&#8220; ist ein relativ neuer Ausdruck, der in den letzten Jahren an Beliebtheit gewonnen hat, aber die Methode, eine Bodenstruktur auf widerstandsf\u00e4higen Lagern von einer Tr\u00e4gerplatte zu st\u00fctzen, wurde von Christie und Grey \u00fcber weite Teile seiner 100-j\u00e4hrigen Geschichte angewandt und weiterentwickelt. Beispiele dieser noch existierenden Arbeiten stammen aus den fr\u00fchen 1960er Jahren. <\/p>\n<p>Die Entwicklung von Tragwerksmaterialien hat es Architekten und Ingenieuren erm\u00f6glicht, in modernen Baupl\u00e4nen immer st\u00e4rker leichte Bauwerke zu verwenden. Dies hat die Notwendigkeit hervorgehoben, die Eigenschaften der Ger\u00e4usch-, Sto\u00df- und Vibrations\u00fcbertragungsverluste dieser Bauwerke sorgf\u00e4ltig zu ber\u00fccksichtigen. <\/p>\n<p>Insbesondere bei Hochh\u00e4usern erh\u00f6ht die N\u00e4he von &#8222;lauten oder starken&#8220; und &#8222;ruhigen oder kritischen&#8220; Bereichen das Potenzial f\u00fcr den Einsatz von akustischen und vibrationsf\u00f6rdernden D\u00e4mmmaterialien, einschlie\u00dflich schwimmender B\u00f6den, erheblich.<\/p>\n<p>Beispielsweise kann es notwendig sein, einen Anlagenraum von den darunterliegenden B\u00fcror\u00e4umen zu isolieren, externe L\u00e4rm, wie etwa niedrig fliegende Flugzeuge, die das Geb\u00e4udedach durchdringen, zu reduzieren oder die \u00dcbertragung von Fu\u00dffallger\u00e4uschen von einer Wohnung zur anderen darunterliegenden zu verringern.<\/p>\n<p>SRS Akustische Schwimmbodensysteme wurden erfolgreich in Anwendungen wie Anlagenr\u00e4umen, B\u00fcros, prestigetr\u00e4chtigen Wohnblocks, TV-, Radio- und Tonstudios, Kinos, Konzerts\u00e4len und Audiometrier\u00e4umen eingesetzt.<\/p>\n","protected":false},"excerpt":{"rendered":"<p>Typ SRS<\/p>\n","protected":false},"featured_media":1053,"comment_status":"open","ping_status":"closed","template":"","meta":{"_acf_changed":false},"product_brand":[],"product_cat":[109,115],"product_tag":[],"class_list":{"0":"post-4231","1":"product","2":"type-product","3":"status-publish","4":"has-post-thumbnail","6":"product_cat-baulosungen","7":"product_cat-schwimmende-boden","9":"first","10":"instock","11":"shipping-taxable","12":"purchasable","13":"product-type-simple"},"acf":[],"yoast_head":"<!-- This site is optimized with the Yoast SEO plugin v27.0 - https:\/\/yoast.com\/product\/yoast-seo-wordpress\/ -->\n<title>Akustischer Schwimmender Boden \u2013 Bolzenschienensystem | Christie Grey<\/title>\n<meta name=\"description\" content=\"Das akustische Schwimmende Boden-Stud-Rail System (Typ SRS) ist so konstruiert, dass es die Schalld\u00e4mmung erheblich verbessert, indem getrennte Strukturmassen getragen werden.\" \/>\n<meta name=\"robots\" content=\"index, follow, max-snippet:-1, max-image-preview:large, max-video-preview:-1\" \/>\n<link rel=\"canonical\" href=\"https:\/\/www.christiegrey.com\/de\/produkt\/akustischer-schwimmboden-bolzenschienensystem\/\" \/>\n<meta property=\"og:locale\" content=\"de_DE\" \/>\n<meta property=\"og:type\" content=\"article\" \/>\n<meta property=\"og:title\" content=\"Akustischer Schwimmender Boden \u2013 Bolzenschienensystem | Christie Grey\" \/>\n<meta property=\"og:description\" content=\"Das akustische Schwimmende Boden-Stud-Rail System (Typ SRS) ist so konstruiert, dass es die Schalld\u00e4mmung erheblich verbessert, indem getrennte Strukturmassen getragen werden.\" \/>\n<meta property=\"og:url\" content=\"https:\/\/www.christiegrey.com\/de\/produkt\/akustischer-schwimmboden-bolzenschienensystem\/\" \/>\n<meta property=\"article:publisher\" content=\"https:\/\/www.facebook.com\/christieandgreylimited\" \/>\n<meta property=\"og:image\" content=\"https:\/\/www.christiegrey.com\/wp-content\/uploads\/2025\/12\/srs-floor_365_365.jpg\" \/>\n\t<meta property=\"og:image:width\" content=\"365\" \/>\n\t<meta property=\"og:image:height\" content=\"365\" \/>\n\t<meta property=\"og:image:type\" content=\"image\/jpeg\" \/>\n<meta name=\"twitter:card\" content=\"summary_large_image\" \/>\n<meta name=\"twitter:site\" content=\"@christiegreyltd\" \/>\n<meta name=\"twitter:label1\" content=\"Gesch\u00e4tzte Lesezeit\" \/>\n\t<meta name=\"twitter:data1\" content=\"1\u00a0Minute\" \/>\n<script type=\"application\/ld+json\" class=\"yoast-schema-graph\">{\"@context\":\"https:\/\/schema.org\",\"@graph\":[{\"@type\":\"WebPage\",\"@id\":\"https:\/\/www.christiegrey.com\/de\/produkt\/akustischer-schwimmboden-bolzenschienensystem\/\",\"url\":\"https:\/\/www.christiegrey.com\/de\/produkt\/akustischer-schwimmboden-bolzenschienensystem\/\",\"name\":\"Akustischer Schwimmender Boden \u2013 Bolzenschienensystem | Christie Grey\",\"isPartOf\":{\"@id\":\"https:\/\/www.christiegrey.com\/#website\"},\"primaryImageOfPage\":{\"@id\":\"https:\/\/www.christiegrey.com\/de\/produkt\/akustischer-schwimmboden-bolzenschienensystem\/#primaryimage\"},\"image\":{\"@id\":\"https:\/\/www.christiegrey.com\/de\/produkt\/akustischer-schwimmboden-bolzenschienensystem\/#primaryimage\"},\"thumbnailUrl\":\"https:\/\/www.christiegrey.com\/wp-content\/uploads\/2025\/12\/srs-floor_365_365.jpg\",\"datePublished\":\"2025-12-25T14:11:34+00:00\",\"description\":\"Das akustische Schwimmende Boden-Stud-Rail System (Typ SRS) ist so konstruiert, dass es die Schalld\u00e4mmung erheblich verbessert, indem getrennte Strukturmassen getragen werden.\",\"breadcrumb\":{\"@id\":\"https:\/\/www.christiegrey.com\/de\/produkt\/akustischer-schwimmboden-bolzenschienensystem\/#breadcrumb\"},\"inLanguage\":\"de\",\"potentialAction\":[{\"@type\":\"ReadAction\",\"target\":[\"https:\/\/www.christiegrey.com\/de\/produkt\/akustischer-schwimmboden-bolzenschienensystem\/\"]}]},{\"@type\":\"ImageObject\",\"inLanguage\":\"de\",\"@id\":\"https:\/\/www.christiegrey.com\/de\/produkt\/akustischer-schwimmboden-bolzenschienensystem\/#primaryimage\",\"url\":\"https:\/\/www.christiegrey.com\/wp-content\/uploads\/2025\/12\/srs-floor_365_365.jpg\",\"contentUrl\":\"https:\/\/www.christiegrey.com\/wp-content\/uploads\/2025\/12\/srs-floor_365_365.jpg\",\"width\":365,\"height\":365,\"caption\":\"Acoustic Floating Floor - Stud Rail System\"},{\"@type\":\"BreadcrumbList\",\"@id\":\"https:\/\/www.christiegrey.com\/de\/produkt\/akustischer-schwimmboden-bolzenschienensystem\/#breadcrumb\",\"itemListElement\":[{\"@type\":\"ListItem\",\"position\":1,\"name\":\"Zuhause\",\"item\":\"https:\/\/www.christiegrey.com\/\"},{\"@type\":\"ListItem\",\"position\":2,\"name\":\"Unsere Produkte\",\"item\":\"https:\/\/www.christiegrey.com\/products\/\"},{\"@type\":\"ListItem\",\"position\":3,\"name\":\"Akustischer Schwimmboden \u2013 Bolzenschienensystem\"}]},{\"@type\":\"WebSite\",\"@id\":\"https:\/\/www.christiegrey.com\/#website\",\"url\":\"https:\/\/www.christiegrey.com\/\",\"name\":\"Christie & Grey\",\"description\":\"\",\"publisher\":{\"@id\":\"https:\/\/www.christiegrey.com\/#organization\"},\"potentialAction\":[{\"@type\":\"SearchAction\",\"target\":{\"@type\":\"EntryPoint\",\"urlTemplate\":\"https:\/\/www.christiegrey.com\/?s={search_term_string}\"},\"query-input\":{\"@type\":\"PropertyValueSpecification\",\"valueRequired\":true,\"valueName\":\"search_term_string\"}}],\"inLanguage\":\"de\"},{\"@type\":\"Organization\",\"@id\":\"https:\/\/www.christiegrey.com\/#organization\",\"name\":\"Christie & Grey\",\"url\":\"https:\/\/www.christiegrey.com\/\",\"logo\":{\"@type\":\"ImageObject\",\"inLanguage\":\"de\",\"@id\":\"https:\/\/www.christiegrey.com\/#\/schema\/logo\/image\/\",\"url\":\"https:\/\/www.christiegrey.com\/wp-content\/uploads\/2026\/02\/cropped-logo-scaled-1.png\",\"contentUrl\":\"https:\/\/www.christiegrey.com\/wp-content\/uploads\/2026\/02\/cropped-logo-scaled-1.png\",\"width\":250,\"height\":90,\"caption\":\"Christie & Grey\"},\"image\":{\"@id\":\"https:\/\/www.christiegrey.com\/#\/schema\/logo\/image\/\"},\"sameAs\":[\"https:\/\/www.facebook.com\/christieandgreylimited\",\"https:\/\/x.com\/christiegreyltd\"]}]}<\/script>\n<!-- \/ Yoast SEO plugin. -->","yoast_head_json":{"title":"Akustischer Schwimmender Boden \u2013 Bolzenschienensystem | Christie Grey","description":"Das akustische Schwimmende Boden-Stud-Rail System (Typ SRS) ist so konstruiert, dass es die Schalld\u00e4mmung erheblich verbessert, indem getrennte Strukturmassen getragen werden.","robots":{"index":"index","follow":"follow","max-snippet":"max-snippet:-1","max-image-preview":"max-image-preview:large","max-video-preview":"max-video-preview:-1"},"canonical":"https:\/\/www.christiegrey.com\/de\/produkt\/akustischer-schwimmboden-bolzenschienensystem\/","og_locale":"de_DE","og_type":"article","og_title":"Akustischer Schwimmender Boden \u2013 Bolzenschienensystem | Christie Grey","og_description":"Das akustische Schwimmende Boden-Stud-Rail System (Typ SRS) ist so konstruiert, dass es die Schalld\u00e4mmung erheblich verbessert, indem getrennte Strukturmassen getragen werden.","og_url":"https:\/\/www.christiegrey.com\/de\/produkt\/akustischer-schwimmboden-bolzenschienensystem\/","article_publisher":"https:\/\/www.facebook.com\/christieandgreylimited","og_image":[{"width":365,"height":365,"url":"https:\/\/www.christiegrey.com\/wp-content\/uploads\/2025\/12\/srs-floor_365_365.jpg","type":"image\/jpeg"}],"twitter_card":"summary_large_image","twitter_site":"@christiegreyltd","twitter_misc":{"Gesch\u00e4tzte Lesezeit":"1\u00a0Minute"},"schema":{"@context":"https:\/\/schema.org","@graph":[{"@type":"WebPage","@id":"https:\/\/www.christiegrey.com\/de\/produkt\/akustischer-schwimmboden-bolzenschienensystem\/","url":"https:\/\/www.christiegrey.com\/de\/produkt\/akustischer-schwimmboden-bolzenschienensystem\/","name":"Akustischer Schwimmender Boden \u2013 Bolzenschienensystem | Christie Grey","isPartOf":{"@id":"https:\/\/www.christiegrey.com\/#website"},"primaryImageOfPage":{"@id":"https:\/\/www.christiegrey.com\/de\/produkt\/akustischer-schwimmboden-bolzenschienensystem\/#primaryimage"},"image":{"@id":"https:\/\/www.christiegrey.com\/de\/produkt\/akustischer-schwimmboden-bolzenschienensystem\/#primaryimage"},"thumbnailUrl":"https:\/\/www.christiegrey.com\/wp-content\/uploads\/2025\/12\/srs-floor_365_365.jpg","datePublished":"2025-12-25T14:11:34+00:00","description":"Das akustische Schwimmende Boden-Stud-Rail System (Typ SRS) ist so konstruiert, dass es die Schalld\u00e4mmung erheblich verbessert, indem getrennte Strukturmassen getragen werden.","breadcrumb":{"@id":"https:\/\/www.christiegrey.com\/de\/produkt\/akustischer-schwimmboden-bolzenschienensystem\/#breadcrumb"},"inLanguage":"de","potentialAction":[{"@type":"ReadAction","target":["https:\/\/www.christiegrey.com\/de\/produkt\/akustischer-schwimmboden-bolzenschienensystem\/"]}]},{"@type":"ImageObject","inLanguage":"de","@id":"https:\/\/www.christiegrey.com\/de\/produkt\/akustischer-schwimmboden-bolzenschienensystem\/#primaryimage","url":"https:\/\/www.christiegrey.com\/wp-content\/uploads\/2025\/12\/srs-floor_365_365.jpg","contentUrl":"https:\/\/www.christiegrey.com\/wp-content\/uploads\/2025\/12\/srs-floor_365_365.jpg","width":365,"height":365,"caption":"Acoustic Floating Floor - Stud Rail System"},{"@type":"BreadcrumbList","@id":"https:\/\/www.christiegrey.com\/de\/produkt\/akustischer-schwimmboden-bolzenschienensystem\/#breadcrumb","itemListElement":[{"@type":"ListItem","position":1,"name":"Zuhause","item":"https:\/\/www.christiegrey.com\/"},{"@type":"ListItem","position":2,"name":"Unsere Produkte","item":"https:\/\/www.christiegrey.com\/products\/"},{"@type":"ListItem","position":3,"name":"Akustischer Schwimmboden \u2013 Bolzenschienensystem"}]},{"@type":"WebSite","@id":"https:\/\/www.christiegrey.com\/#website","url":"https:\/\/www.christiegrey.com\/","name":"Christie & Grey","description":"","publisher":{"@id":"https:\/\/www.christiegrey.com\/#organization"},"potentialAction":[{"@type":"SearchAction","target":{"@type":"EntryPoint","urlTemplate":"https:\/\/www.christiegrey.com\/?s={search_term_string}"},"query-input":{"@type":"PropertyValueSpecification","valueRequired":true,"valueName":"search_term_string"}}],"inLanguage":"de"},{"@type":"Organization","@id":"https:\/\/www.christiegrey.com\/#organization","name":"Christie & Grey","url":"https:\/\/www.christiegrey.com\/","logo":{"@type":"ImageObject","inLanguage":"de","@id":"https:\/\/www.christiegrey.com\/#\/schema\/logo\/image\/","url":"https:\/\/www.christiegrey.com\/wp-content\/uploads\/2026\/02\/cropped-logo-scaled-1.png","contentUrl":"https:\/\/www.christiegrey.com\/wp-content\/uploads\/2026\/02\/cropped-logo-scaled-1.png","width":250,"height":90,"caption":"Christie & Grey"},"image":{"@id":"https:\/\/www.christiegrey.com\/#\/schema\/logo\/image\/"},"sameAs":["https:\/\/www.facebook.com\/christieandgreylimited","https:\/\/x.com\/christiegreyltd"]}]}},"_links":{"self":[{"href":"https:\/\/www.christiegrey.com\/de\/wp-json\/wp\/v2\/product\/4231","targetHints":{"allow":["GET"]}}],"collection":[{"href":"https:\/\/www.christiegrey.com\/de\/wp-json\/wp\/v2\/product"}],"about":[{"href":"https:\/\/www.christiegrey.com\/de\/wp-json\/wp\/v2\/types\/product"}],"replies":[{"embeddable":true,"href":"https:\/\/www.christiegrey.com\/de\/wp-json\/wp\/v2\/comments?post=4231"}],"wp:featuredmedia":[{"embeddable":true,"href":"https:\/\/www.christiegrey.com\/de\/wp-json\/wp\/v2\/media\/1053"}],"wp:attachment":[{"href":"https:\/\/www.christiegrey.com\/de\/wp-json\/wp\/v2\/media?parent=4231"}],"wp:term":[{"taxonomy":"product_brand","embeddable":true,"href":"https:\/\/www.christiegrey.com\/de\/wp-json\/wp\/v2\/product_brand?post=4231"},{"taxonomy":"product_cat","embeddable":true,"href":"https:\/\/www.christiegrey.com\/de\/wp-json\/wp\/v2\/product_cat?post=4231"},{"taxonomy":"product_tag","embeddable":true,"href":"https:\/\/www.christiegrey.com\/de\/wp-json\/wp\/v2\/product_tag?post=4231"}],"curies":[{"name":"wp","href":"https:\/\/api.w.org\/{rel}","templated":true}]}}