{"id":4215,"date":"2025-12-25T14:15:49","date_gmt":"2025-12-25T14:15:49","guid":{"rendered":"https:\/\/www.christiegrey.com\/product\/studflex-matten-und-polster\/"},"modified":"2025-12-25T14:15:49","modified_gmt":"2025-12-25T14:15:49","slug":"studflex-matten-und-polster","status":"publish","type":"product","link":"https:\/\/www.christiegrey.com\/de\/produkt\/studflex-matten-und-polster\/","title":{"rendered":"Studflex-Matten und Polster"},"content":{"rendered":"<p>Dieses marktf\u00fchrende Design ist das anpassungsf\u00e4higste und effektivste Produkt zur Fl\u00e4chenisolation.<\/p>\n<p>Es kann ganze Geb\u00e4ude vor Bahnvibrationen sch\u00fctzen, w\u00e4hrend kleinere Abschnittsplatten zur Isolierung von Klimaanlagen verwendet werden k\u00f6nnen.<\/p>\n<p>Studflex-Isoliermatten werden mit einer Reihe von Naturkautschukmischungen erster Qualit\u00e4t bis BS5176 hergestellt und sind entweder als massives oder hohles Steckerdesign erh\u00e4ltlich, um eine breite Palette von aufgelegten Lasten abzudecken.<\/p>\n<p>Ein einzigartiges Merkmal des Studflex-Designs sind die geformten Segmente, die es erm\u00f6glichen, die Matte von Hand in einzelne Polster zu schneiden, ideal f\u00fcr die Positionierung direkt unter Maschinenf\u00fc\u00dfen oder Basisrahmen.<\/p>\n","protected":false},"excerpt":{"rendered":"<p>Dieses marktf\u00fchrende Design ist das anpassungsf\u00e4higste und effektivste Produkt zur Fl\u00e4chenisolation. Es kann ganze Geb\u00e4ude vor Bahnvibrationen sch\u00fctzen, w\u00e4hrend kleinere Abschnittsplatten zur Isolierung von Klimaanlagen verwendet werden k\u00f6nnen. Studflex-Isoliermatten werden mit einer Reihe von Naturkautschukmischungen erster Qualit\u00e4t bis BS5176 hergestellt und sind entweder als massives oder hohles Steckerdesign erh\u00e4ltlich, um eine breite Palette von aufgelegten&hellip;<\/p>\n","protected":false},"featured_media":1069,"comment_status":"open","ping_status":"closed","template":"","meta":{"_acf_changed":false},"product_brand":[],"product_cat":[109,115],"product_tag":[],"class_list":{"0":"post-4215","1":"product","2":"type-product","3":"status-publish","4":"has-post-thumbnail","6":"product_cat-baulosungen","7":"product_cat-schwimmende-boden","9":"first","10":"instock","11":"shipping-taxable","12":"purchasable","13":"product-type-simple"},"acf":[],"yoast_head":"<!-- This site is optimized with the Yoast SEO plugin v27.0 - https:\/\/yoast.com\/product\/yoast-seo-wordpress\/ -->\n<title>Studflex-Matten &amp; Polster | Fortschrittliche Schwingungsisolationsl\u00f6sungen<\/title>\n<meta name=\"description\" content=\"Studflex-Matten und -Pads bieten eine zuverl\u00e4ssige Vibrationsisolierung f\u00fcr Geb\u00e4ude und Maschinen und verwenden hochwertigen Naturkautschuk, um die Eisenbahnbelastung zu reduzieren\" \/>\n<meta name=\"robots\" content=\"index, follow, max-snippet:-1, max-image-preview:large, max-video-preview:-1\" \/>\n<link rel=\"canonical\" href=\"https:\/\/www.christiegrey.com\/de\/produkt\/studflex-matten-und-polster\/\" \/>\n<meta property=\"og:locale\" content=\"de_DE\" \/>\n<meta property=\"og:type\" content=\"article\" \/>\n<meta property=\"og:title\" content=\"Studflex-Matten &amp; Polster | Fortschrittliche Schwingungsisolationsl\u00f6sungen\" \/>\n<meta property=\"og:description\" content=\"Studflex-Matten und -Pads bieten eine zuverl\u00e4ssige Vibrationsisolierung f\u00fcr Geb\u00e4ude und Maschinen und verwenden hochwertigen Naturkautschuk, um die Eisenbahnbelastung zu reduzieren\" \/>\n<meta property=\"og:url\" content=\"https:\/\/www.christiegrey.com\/de\/produkt\/studflex-matten-und-polster\/\" \/>\n<meta property=\"article:publisher\" content=\"https:\/\/www.facebook.com\/christieandgreylimited\" \/>\n<meta property=\"og:image\" content=\"https:\/\/www.christiegrey.com\/wp-content\/uploads\/2025\/12\/studflex_mat.png\" \/>\n\t<meta property=\"og:image:width\" content=\"300\" \/>\n\t<meta property=\"og:image:height\" content=\"300\" \/>\n\t<meta property=\"og:image:type\" content=\"image\/png\" \/>\n<meta name=\"twitter:card\" content=\"summary_large_image\" \/>\n<meta name=\"twitter:site\" content=\"@christiegreyltd\" \/>\n<script type=\"application\/ld+json\" class=\"yoast-schema-graph\">{\"@context\":\"https:\/\/schema.org\",\"@graph\":[{\"@type\":\"WebPage\",\"@id\":\"https:\/\/www.christiegrey.com\/de\/produkt\/studflex-matten-und-polster\/\",\"url\":\"https:\/\/www.christiegrey.com\/de\/produkt\/studflex-matten-und-polster\/\",\"name\":\"Studflex-Matten & Polster | Fortschrittliche Schwingungsisolationsl\u00f6sungen\",\"isPartOf\":{\"@id\":\"https:\/\/www.christiegrey.com\/#website\"},\"primaryImageOfPage\":{\"@id\":\"https:\/\/www.christiegrey.com\/de\/produkt\/studflex-matten-und-polster\/#primaryimage\"},\"image\":{\"@id\":\"https:\/\/www.christiegrey.com\/de\/produkt\/studflex-matten-und-polster\/#primaryimage\"},\"thumbnailUrl\":\"https:\/\/www.christiegrey.com\/wp-content\/uploads\/2025\/12\/studflex_mat.png\",\"datePublished\":\"2025-12-25T14:15:49+00:00\",\"description\":\"Studflex-Matten und -Pads bieten eine zuverl\u00e4ssige Vibrationsisolierung f\u00fcr Geb\u00e4ude und Maschinen und verwenden hochwertigen Naturkautschuk, um die Eisenbahnbelastung zu reduzieren\",\"breadcrumb\":{\"@id\":\"https:\/\/www.christiegrey.com\/de\/produkt\/studflex-matten-und-polster\/#breadcrumb\"},\"inLanguage\":\"de\",\"potentialAction\":[{\"@type\":\"ReadAction\",\"target\":[\"https:\/\/www.christiegrey.com\/de\/produkt\/studflex-matten-und-polster\/\"]}]},{\"@type\":\"ImageObject\",\"inLanguage\":\"de\",\"@id\":\"https:\/\/www.christiegrey.com\/de\/produkt\/studflex-matten-und-polster\/#primaryimage\",\"url\":\"https:\/\/www.christiegrey.com\/wp-content\/uploads\/2025\/12\/studflex_mat.png\",\"contentUrl\":\"https:\/\/www.christiegrey.com\/wp-content\/uploads\/2025\/12\/studflex_mat.png\",\"width\":300,\"height\":300,\"caption\":\"Studflex anti-vibration pads\"},{\"@type\":\"BreadcrumbList\",\"@id\":\"https:\/\/www.christiegrey.com\/de\/produkt\/studflex-matten-und-polster\/#breadcrumb\",\"itemListElement\":[{\"@type\":\"ListItem\",\"position\":1,\"name\":\"Zuhause\",\"item\":\"https:\/\/www.christiegrey.com\/\"},{\"@type\":\"ListItem\",\"position\":2,\"name\":\"Unsere Produkte\",\"item\":\"https:\/\/www.christiegrey.com\/products\/\"},{\"@type\":\"ListItem\",\"position\":3,\"name\":\"Studflex-Matten und Polster\"}]},{\"@type\":\"WebSite\",\"@id\":\"https:\/\/www.christiegrey.com\/#website\",\"url\":\"https:\/\/www.christiegrey.com\/\",\"name\":\"Christie & Grey\",\"description\":\"\",\"publisher\":{\"@id\":\"https:\/\/www.christiegrey.com\/#organization\"},\"potentialAction\":[{\"@type\":\"SearchAction\",\"target\":{\"@type\":\"EntryPoint\",\"urlTemplate\":\"https:\/\/www.christiegrey.com\/?s={search_term_string}\"},\"query-input\":{\"@type\":\"PropertyValueSpecification\",\"valueRequired\":true,\"valueName\":\"search_term_string\"}}],\"inLanguage\":\"de\"},{\"@type\":\"Organization\",\"@id\":\"https:\/\/www.christiegrey.com\/#organization\",\"name\":\"Christie & Grey\",\"url\":\"https:\/\/www.christiegrey.com\/\",\"logo\":{\"@type\":\"ImageObject\",\"inLanguage\":\"de\",\"@id\":\"https:\/\/www.christiegrey.com\/#\/schema\/logo\/image\/\",\"url\":\"https:\/\/www.christiegrey.com\/wp-content\/uploads\/2026\/02\/cropped-logo-scaled-1.png\",\"contentUrl\":\"https:\/\/www.christiegrey.com\/wp-content\/uploads\/2026\/02\/cropped-logo-scaled-1.png\",\"width\":250,\"height\":90,\"caption\":\"Christie & Grey\"},\"image\":{\"@id\":\"https:\/\/www.christiegrey.com\/#\/schema\/logo\/image\/\"},\"sameAs\":[\"https:\/\/www.facebook.com\/christieandgreylimited\",\"https:\/\/x.com\/christiegreyltd\"]}]}<\/script>\n<!-- \/ Yoast SEO plugin. -->","yoast_head_json":{"title":"Studflex-Matten & Polster | Fortschrittliche Schwingungsisolationsl\u00f6sungen","description":"Studflex-Matten und -Pads bieten eine zuverl\u00e4ssige Vibrationsisolierung f\u00fcr Geb\u00e4ude und Maschinen und verwenden hochwertigen Naturkautschuk, um die Eisenbahnbelastung zu reduzieren","robots":{"index":"index","follow":"follow","max-snippet":"max-snippet:-1","max-image-preview":"max-image-preview:large","max-video-preview":"max-video-preview:-1"},"canonical":"https:\/\/www.christiegrey.com\/de\/produkt\/studflex-matten-und-polster\/","og_locale":"de_DE","og_type":"article","og_title":"Studflex-Matten & Polster | Fortschrittliche Schwingungsisolationsl\u00f6sungen","og_description":"Studflex-Matten und -Pads bieten eine zuverl\u00e4ssige Vibrationsisolierung f\u00fcr Geb\u00e4ude und Maschinen und verwenden hochwertigen Naturkautschuk, um die Eisenbahnbelastung zu reduzieren","og_url":"https:\/\/www.christiegrey.com\/de\/produkt\/studflex-matten-und-polster\/","article_publisher":"https:\/\/www.facebook.com\/christieandgreylimited","og_image":[{"width":300,"height":300,"url":"https:\/\/www.christiegrey.com\/wp-content\/uploads\/2025\/12\/studflex_mat.png","type":"image\/png"}],"twitter_card":"summary_large_image","twitter_site":"@christiegreyltd","schema":{"@context":"https:\/\/schema.org","@graph":[{"@type":"WebPage","@id":"https:\/\/www.christiegrey.com\/de\/produkt\/studflex-matten-und-polster\/","url":"https:\/\/www.christiegrey.com\/de\/produkt\/studflex-matten-und-polster\/","name":"Studflex-Matten & Polster | Fortschrittliche Schwingungsisolationsl\u00f6sungen","isPartOf":{"@id":"https:\/\/www.christiegrey.com\/#website"},"primaryImageOfPage":{"@id":"https:\/\/www.christiegrey.com\/de\/produkt\/studflex-matten-und-polster\/#primaryimage"},"image":{"@id":"https:\/\/www.christiegrey.com\/de\/produkt\/studflex-matten-und-polster\/#primaryimage"},"thumbnailUrl":"https:\/\/www.christiegrey.com\/wp-content\/uploads\/2025\/12\/studflex_mat.png","datePublished":"2025-12-25T14:15:49+00:00","description":"Studflex-Matten und -Pads bieten eine zuverl\u00e4ssige Vibrationsisolierung f\u00fcr Geb\u00e4ude und Maschinen und verwenden hochwertigen Naturkautschuk, um die Eisenbahnbelastung zu reduzieren","breadcrumb":{"@id":"https:\/\/www.christiegrey.com\/de\/produkt\/studflex-matten-und-polster\/#breadcrumb"},"inLanguage":"de","potentialAction":[{"@type":"ReadAction","target":["https:\/\/www.christiegrey.com\/de\/produkt\/studflex-matten-und-polster\/"]}]},{"@type":"ImageObject","inLanguage":"de","@id":"https:\/\/www.christiegrey.com\/de\/produkt\/studflex-matten-und-polster\/#primaryimage","url":"https:\/\/www.christiegrey.com\/wp-content\/uploads\/2025\/12\/studflex_mat.png","contentUrl":"https:\/\/www.christiegrey.com\/wp-content\/uploads\/2025\/12\/studflex_mat.png","width":300,"height":300,"caption":"Studflex anti-vibration pads"},{"@type":"BreadcrumbList","@id":"https:\/\/www.christiegrey.com\/de\/produkt\/studflex-matten-und-polster\/#breadcrumb","itemListElement":[{"@type":"ListItem","position":1,"name":"Zuhause","item":"https:\/\/www.christiegrey.com\/"},{"@type":"ListItem","position":2,"name":"Unsere Produkte","item":"https:\/\/www.christiegrey.com\/products\/"},{"@type":"ListItem","position":3,"name":"Studflex-Matten und Polster"}]},{"@type":"WebSite","@id":"https:\/\/www.christiegrey.com\/#website","url":"https:\/\/www.christiegrey.com\/","name":"Christie & Grey","description":"","publisher":{"@id":"https:\/\/www.christiegrey.com\/#organization"},"potentialAction":[{"@type":"SearchAction","target":{"@type":"EntryPoint","urlTemplate":"https:\/\/www.christiegrey.com\/?s={search_term_string}"},"query-input":{"@type":"PropertyValueSpecification","valueRequired":true,"valueName":"search_term_string"}}],"inLanguage":"de"},{"@type":"Organization","@id":"https:\/\/www.christiegrey.com\/#organization","name":"Christie & Grey","url":"https:\/\/www.christiegrey.com\/","logo":{"@type":"ImageObject","inLanguage":"de","@id":"https:\/\/www.christiegrey.com\/#\/schema\/logo\/image\/","url":"https:\/\/www.christiegrey.com\/wp-content\/uploads\/2026\/02\/cropped-logo-scaled-1.png","contentUrl":"https:\/\/www.christiegrey.com\/wp-content\/uploads\/2026\/02\/cropped-logo-scaled-1.png","width":250,"height":90,"caption":"Christie & Grey"},"image":{"@id":"https:\/\/www.christiegrey.com\/#\/schema\/logo\/image\/"},"sameAs":["https:\/\/www.facebook.com\/christieandgreylimited","https:\/\/x.com\/christiegreyltd"]}]}},"_links":{"self":[{"href":"https:\/\/www.christiegrey.com\/de\/wp-json\/wp\/v2\/product\/4215","targetHints":{"allow":["GET"]}}],"collection":[{"href":"https:\/\/www.christiegrey.com\/de\/wp-json\/wp\/v2\/product"}],"about":[{"href":"https:\/\/www.christiegrey.com\/de\/wp-json\/wp\/v2\/types\/product"}],"replies":[{"embeddable":true,"href":"https:\/\/www.christiegrey.com\/de\/wp-json\/wp\/v2\/comments?post=4215"}],"wp:featuredmedia":[{"embeddable":true,"href":"https:\/\/www.christiegrey.com\/de\/wp-json\/wp\/v2\/media\/1069"}],"wp:attachment":[{"href":"https:\/\/www.christiegrey.com\/de\/wp-json\/wp\/v2\/media?parent=4215"}],"wp:term":[{"taxonomy":"product_brand","embeddable":true,"href":"https:\/\/www.christiegrey.com\/de\/wp-json\/wp\/v2\/product_brand?post=4215"},{"taxonomy":"product_cat","embeddable":true,"href":"https:\/\/www.christiegrey.com\/de\/wp-json\/wp\/v2\/product_cat?post=4215"},{"taxonomy":"product_tag","embeddable":true,"href":"https:\/\/www.christiegrey.com\/de\/wp-json\/wp\/v2\/product_tag?post=4215"}],"curies":[{"name":"wp","href":"https:\/\/api.w.org\/{rel}","templated":true}]}}